{"id":1838808,"date":"2023-08-29T16:30:31","date_gmt":"2023-08-29T13:30:31","guid":{"rendered":"http:\/\/ruuby.ee\/?post_type=product&#038;p=1838808"},"modified":"2026-04-05T01:25:33","modified_gmt":"2026-04-04T22:25:33","slug":"sticky-lemon-telefonikotid","status":"publish","type":"product","link":"https:\/\/ruuby.ee\/en\/pood\/aksessuaarid\/kotid\/sticky-lemon-telefonikotid\/","title":{"rendered":"Sticky Lemon &#8211; telefonikotid"},"content":{"rendered":"<p>Sticky Lemoni laste telefonikotid &#8211; V\u00e4rvikirevad ja Unikaalsed!<\/p>\n<p>Kas otsid midagi erilist, et kaitsta oma lapse telefoni ning lisada samas stiili ja v\u00e4rvi? Sticky Lemoni laste telefonikotid on loodud selleks, et pakkuda teie lapse telefonile praktilist kaitset ja unikaalset v\u00e4ljan\u00e4gemist. Need telefonikotid ei ole lihtsalt tarvikud, vaid t\u00f5elised kunstiteosed, mis j\u00e4\u00e4vad silma ja toovad naeratuse n\u00e4ole.<\/p>\n<p>Ning need ei pea olema vaid lastele, mis mitte ka meile endile!<\/p>\n<p>Miks valida Sticky Lemon telefonikotid:<\/p>\n<ul>\n<li>Telefonikotid on saadaval laias valikus erksaid ja ilusaid v\u00e4rve. Iga telefonikott on nagu v\u00e4ike v\u00e4rvipalett, mis annab isikup\u00e4ra ja r\u00f5\u00f5mu igale p\u00e4evale.<\/li>\n<li>Sticky Lemoni disainerid on loonud telefonikotid, mille mustrid ja elemendid r\u00e4\u00e4givad oma lugu ning aitavad teie lapsel eristuda.<\/li>\n<li>Valmistatud kvaliteetsest ja vastupidavast materjalist, mis kaitseb telefoni igap\u00e4evaste kriimustuste ja kahjustuste eest.<\/li>\n<li>Saad tagak\u00fcljele lisada veel pangakaardi v\u00f5i \u00f5pilaskaardi ja v\u00f5tmed v\u00f5i sularaha mahub kenasti ette n\u00f6\u00f6bida taskusse.<\/li>\n<li>Laske oma lapsel v\u00e4ljendada oma stiili ja isikup\u00e4ra. Sticky Lemoni telefonikotid sobivad ideaalselt neile, kes hindavad individuaalsust ja omap\u00e4ra.<\/li>\n<\/ul>\n<p>Valige Sticky Lemoni laste telefonikott ning andke oma lapsele midagi erilist. Lisage see ostukorvi ja laske neil kogeda kvaliteeti, ilu ja isikup\u00e4ra \u00fches tootes!<\/p>\n<p><em>Kirglikult loodud laste ja vanemate r\u00f5\u00f5muks, Sticky Lemon.<\/em><\/p>\n<p>Suurus: telefonikott &#8211; 10 x 16,5\u00a0cm, \u00f5lapael\u00a0&#8211; 120 cm<\/p>\n<p>Materjal: v\u00e4ljast &#8211; mikrofiiber PU, \u00f5lapael &#8211;\u00a0puuvillane.<\/p>","protected":false},"excerpt":{"rendered":"<p>Sticky Lemoni laste telefonikotid &#8211; V\u00e4rvikirevad ja Unikaalsed! Kas otsid midagi erilist, et kaitsta oma lapse telefoni ning lisada samas stiili ja v\u00e4rvi? Sticky Lemoni laste telefonikotid on loodud selleks, et pakkuda teie lapse telefonile praktilist kaitset ja unikaalset v\u00e4ljan\u00e4gemist. Need telefonikotid ei ole lihtsalt tarvikud, vaid t\u00f5elised kunstiteosed, mis j\u00e4\u00e4vad silma ja toovad naeratuse [&hellip;]<\/p>\n","protected":false},"featured_media":1838810,"comment_status":"open","ping_status":"closed","template":"","meta":[],"product_brand":[],"product_cat":[33,679,671],"product_tag":[],"class_list":{"0":"post-1838808","1":"product","2":"type-product","3":"status-publish","4":"has-post-thumbnail","6":"product_cat-kotid","7":"product_cat-laste-kotid","8":"product_cat-telefonikott","10":"first","11":"instock","12":"taxable","13":"shipping-taxable","14":"purchasable","15":"product-type-variable","16":"rtwpvs-product"},"yoast_head":"<!-- This site is optimized with the Yoast SEO plugin v27.2 - https:\/\/yoast.com\/product\/yoast-seo-wordpress\/ -->\n<title>Sticky Lemon - telefonikotid - RUUBY<\/title>\n<meta name=\"robots\" content=\"index, follow, max-snippet:-1, max-image-preview:large, max-video-preview:-1\" \/>\n<link rel=\"canonical\" href=\"https:\/\/ruuby.ee\/en\/pood\/aksessuaarid\/kotid\/sticky-lemon-telefonikotid\/\" \/>\n<meta property=\"og:locale\" content=\"en_GB\" \/>\n<meta property=\"og:type\" content=\"article\" \/>\n<meta property=\"og:title\" content=\"Sticky Lemon - telefonikotid - RUUBY\" \/>\n<meta property=\"og:description\" content=\"Sticky Lemoni laste telefonikotid &#8211; V\u00e4rvikirevad ja Unikaalsed! Kas otsid midagi erilist, et kaitsta oma lapse telefoni ning lisada samas stiili ja v\u00e4rvi? Sticky Lemoni laste telefonikotid on loodud selleks, et pakkuda teie lapse telefonile praktilist kaitset ja unikaalset v\u00e4ljan\u00e4gemist. Need telefonikotid ei ole lihtsalt tarvikud, vaid t\u00f5elised kunstiteosed, mis j\u00e4\u00e4vad silma ja toovad naeratuse [&hellip;]\" \/>\n<meta property=\"og:url\" content=\"https:\/\/ruuby.ee\/en\/pood\/aksessuaarid\/kotid\/sticky-lemon-telefonikotid\/\" \/>\n<meta property=\"og:site_name\" content=\"RUUBY\" \/>\n<meta property=\"article:publisher\" content=\"https:\/\/www.facebook.com\/ruubyconcept\" \/>\n<meta property=\"article:modified_time\" content=\"2026-04-04T22:25:33+00:00\" \/>\n<meta property=\"og:image\" content=\"https:\/\/ruuby.ee\/wp-content\/uploads\/2023\/08\/Screenshot-2023-08-29-at-16.21.15.png\" \/>\n\t<meta property=\"og:image:width\" content=\"986\" \/>\n\t<meta property=\"og:image:height\" content=\"992\" \/>\n\t<meta property=\"og:image:type\" content=\"image\/png\" \/>\n<meta name=\"twitter:card\" content=\"summary_large_image\" \/>\n<meta name=\"twitter:label1\" content=\"Estimated reading time\" \/>\n\t<meta name=\"twitter:data1\" content=\"2 minutes\" \/>\n<script type=\"application\/ld+json\" class=\"yoast-schema-graph\">{\"@context\":\"https:\/\/schema.org\",\"@graph\":[{\"@type\":[\"WebPage\",\"ItemPage\"],\"@id\":\"https:\/\/ruuby.ee\/en\/pood\/aksessuaarid\/kotid\/sticky-lemon-telefonikotid\/\",\"url\":\"https:\/\/ruuby.ee\/en\/pood\/aksessuaarid\/kotid\/sticky-lemon-telefonikotid\/\",\"name\":\"Sticky Lemon - telefonikotid - RUUBY\",\"isPartOf\":{\"@id\":\"http:\/\/ruuby.ee\/#website\"},\"primaryImageOfPage\":{\"@id\":\"https:\/\/ruuby.ee\/en\/pood\/aksessuaarid\/kotid\/sticky-lemon-telefonikotid\/#primaryimage\"},\"image\":{\"@id\":\"https:\/\/ruuby.ee\/en\/pood\/aksessuaarid\/kotid\/sticky-lemon-telefonikotid\/#primaryimage\"},\"thumbnailUrl\":\"https:\/\/ruuby.ee\/wp-content\/uploads\/2023\/08\/Screenshot-2023-08-29-at-16.21.15.png\",\"datePublished\":\"2023-08-29T13:30:31+00:00\",\"dateModified\":\"2026-04-04T22:25:33+00:00\",\"breadcrumb\":{\"@id\":\"https:\/\/ruuby.ee\/en\/pood\/aksessuaarid\/kotid\/sticky-lemon-telefonikotid\/#breadcrumb\"},\"inLanguage\":\"en-GB\",\"potentialAction\":[{\"@type\":\"ReadAction\",\"target\":[\"https:\/\/ruuby.ee\/en\/pood\/aksessuaarid\/kotid\/sticky-lemon-telefonikotid\/\"]}]},{\"@type\":\"ImageObject\",\"inLanguage\":\"en-GB\",\"@id\":\"https:\/\/ruuby.ee\/en\/pood\/aksessuaarid\/kotid\/sticky-lemon-telefonikotid\/#primaryimage\",\"url\":\"https:\/\/ruuby.ee\/wp-content\/uploads\/2023\/08\/Screenshot-2023-08-29-at-16.21.15.png\",\"contentUrl\":\"https:\/\/ruuby.ee\/wp-content\/uploads\/2023\/08\/Screenshot-2023-08-29-at-16.21.15.png\",\"width\":986,\"height\":992},{\"@type\":\"BreadcrumbList\",\"@id\":\"https:\/\/ruuby.ee\/en\/pood\/aksessuaarid\/kotid\/sticky-lemon-telefonikotid\/#breadcrumb\",\"itemListElement\":[{\"@type\":\"ListItem\",\"position\":1,\"name\":\"Kdu\",\"item\":\"http:\/\/ruuby.ee\/\"},{\"@type\":\"ListItem\",\"position\":2,\"name\":\"Pood\",\"item\":\"https:\/\/ruuby.ee\/en\/pood\/\"},{\"@type\":\"ListItem\",\"position\":3,\"name\":\"Sticky Lemon &#8211; telefonikotid\"}]},{\"@type\":\"WebSite\",\"@id\":\"http:\/\/ruuby.ee\/#website\",\"url\":\"http:\/\/ruuby.ee\/\",\"name\":\"RUUBY\",\"description\":\"Ruubys on \u00fchendatud elustiil ja disain\",\"publisher\":{\"@id\":\"http:\/\/ruuby.ee\/#organization\"},\"alternateName\":\"Ruuby Disain\",\"potentialAction\":[{\"@type\":\"SearchAction\",\"target\":{\"@type\":\"EntryPoint\",\"urlTemplate\":\"http:\/\/ruuby.ee\/?s={search_term_string}\"},\"query-input\":{\"@type\":\"PropertyValueSpecification\",\"valueRequired\":true,\"valueName\":\"search_term_string\"}}],\"inLanguage\":\"en-GB\"},{\"@type\":\"Organization\",\"@id\":\"http:\/\/ruuby.ee\/#organization\",\"name\":\"Ruuby Disain O\u00dc\",\"alternateName\":\"Ruuby\",\"url\":\"http:\/\/ruuby.ee\/\",\"logo\":{\"@type\":\"ImageObject\",\"inLanguage\":\"en-GB\",\"@id\":\"http:\/\/ruuby.ee\/#\/schema\/logo\/image\/\",\"url\":\"https:\/\/ruuby.ee\/wp-content\/uploads\/2023\/06\/cropped-Black-White-Elegant-Circle-Signature-Fashion-Logo-12_large.png\",\"contentUrl\":\"https:\/\/ruuby.ee\/wp-content\/uploads\/2023\/06\/cropped-Black-White-Elegant-Circle-Signature-Fashion-Logo-12_large.png\",\"width\":1280,\"height\":747,\"caption\":\"Ruuby Disain O\u00dc\"},\"image\":{\"@id\":\"http:\/\/ruuby.ee\/#\/schema\/logo\/image\/\"},\"sameAs\":[\"https:\/\/www.facebook.com\/ruubyconcept\",\"https:\/\/www.instagram.com\/ruuby_concept\/\"]}]}<\/script>\n<!-- \/ Yoast SEO plugin. -->","yoast_head_json":{"title":"Sticky Lemon - telefonikotid - RUUBY","robots":{"index":"index","follow":"follow","max-snippet":"max-snippet:-1","max-image-preview":"max-image-preview:large","max-video-preview":"max-video-preview:-1"},"canonical":"https:\/\/ruuby.ee\/en\/pood\/aksessuaarid\/kotid\/sticky-lemon-telefonikotid\/","og_locale":"en_GB","og_type":"article","og_title":"Sticky Lemon - telefonikotid - RUUBY","og_description":"Sticky Lemoni laste telefonikotid &#8211; V\u00e4rvikirevad ja Unikaalsed! Kas otsid midagi erilist, et kaitsta oma lapse telefoni ning lisada samas stiili ja v\u00e4rvi? Sticky Lemoni laste telefonikotid on loodud selleks, et pakkuda teie lapse telefonile praktilist kaitset ja unikaalset v\u00e4ljan\u00e4gemist. Need telefonikotid ei ole lihtsalt tarvikud, vaid t\u00f5elised kunstiteosed, mis j\u00e4\u00e4vad silma ja toovad naeratuse [&hellip;]","og_url":"https:\/\/ruuby.ee\/en\/pood\/aksessuaarid\/kotid\/sticky-lemon-telefonikotid\/","og_site_name":"RUUBY","article_publisher":"https:\/\/www.facebook.com\/ruubyconcept","article_modified_time":"2026-04-04T22:25:33+00:00","og_image":[{"width":986,"height":992,"url":"https:\/\/ruuby.ee\/wp-content\/uploads\/2023\/08\/Screenshot-2023-08-29-at-16.21.15.png","type":"image\/png"}],"twitter_card":"summary_large_image","twitter_misc":{"Estimated reading time":"2 minutes"},"schema":{"@context":"https:\/\/schema.org","@graph":[{"@type":["WebPage","ItemPage"],"@id":"https:\/\/ruuby.ee\/en\/pood\/aksessuaarid\/kotid\/sticky-lemon-telefonikotid\/","url":"https:\/\/ruuby.ee\/en\/pood\/aksessuaarid\/kotid\/sticky-lemon-telefonikotid\/","name":"Sticky Lemon - telefonikotid - RUUBY","isPartOf":{"@id":"http:\/\/ruuby.ee\/#website"},"primaryImageOfPage":{"@id":"https:\/\/ruuby.ee\/en\/pood\/aksessuaarid\/kotid\/sticky-lemon-telefonikotid\/#primaryimage"},"image":{"@id":"https:\/\/ruuby.ee\/en\/pood\/aksessuaarid\/kotid\/sticky-lemon-telefonikotid\/#primaryimage"},"thumbnailUrl":"https:\/\/ruuby.ee\/wp-content\/uploads\/2023\/08\/Screenshot-2023-08-29-at-16.21.15.png","datePublished":"2023-08-29T13:30:31+00:00","dateModified":"2026-04-04T22:25:33+00:00","breadcrumb":{"@id":"https:\/\/ruuby.ee\/en\/pood\/aksessuaarid\/kotid\/sticky-lemon-telefonikotid\/#breadcrumb"},"inLanguage":"en-GB","potentialAction":[{"@type":"ReadAction","target":["https:\/\/ruuby.ee\/en\/pood\/aksessuaarid\/kotid\/sticky-lemon-telefonikotid\/"]}]},{"@type":"ImageObject","inLanguage":"en-GB","@id":"https:\/\/ruuby.ee\/en\/pood\/aksessuaarid\/kotid\/sticky-lemon-telefonikotid\/#primaryimage","url":"https:\/\/ruuby.ee\/wp-content\/uploads\/2023\/08\/Screenshot-2023-08-29-at-16.21.15.png","contentUrl":"https:\/\/ruuby.ee\/wp-content\/uploads\/2023\/08\/Screenshot-2023-08-29-at-16.21.15.png","width":986,"height":992},{"@type":"BreadcrumbList","@id":"https:\/\/ruuby.ee\/en\/pood\/aksessuaarid\/kotid\/sticky-lemon-telefonikotid\/#breadcrumb","itemListElement":[{"@type":"ListItem","position":1,"name":"Kdu","item":"http:\/\/ruuby.ee\/"},{"@type":"ListItem","position":2,"name":"Pood","item":"https:\/\/ruuby.ee\/en\/pood\/"},{"@type":"ListItem","position":3,"name":"Sticky Lemon &#8211; telefonikotid"}]},{"@type":"WebSite","@id":"http:\/\/ruuby.ee\/#website","url":"http:\/\/ruuby.ee\/","name":"RUUBY","description":"Ruubys on \u00fchendatud elustiil ja disain","publisher":{"@id":"http:\/\/ruuby.ee\/#organization"},"alternateName":"Ruuby Disain","potentialAction":[{"@type":"SearchAction","target":{"@type":"EntryPoint","urlTemplate":"http:\/\/ruuby.ee\/?s={search_term_string}"},"query-input":{"@type":"PropertyValueSpecification","valueRequired":true,"valueName":"search_term_string"}}],"inLanguage":"en-GB"},{"@type":"Organization","@id":"http:\/\/ruuby.ee\/#organization","name":"Ruuby Disain O\u00dc","alternateName":"Ruuby","url":"http:\/\/ruuby.ee\/","logo":{"@type":"ImageObject","inLanguage":"en-GB","@id":"http:\/\/ruuby.ee\/#\/schema\/logo\/image\/","url":"https:\/\/ruuby.ee\/wp-content\/uploads\/2023\/06\/cropped-Black-White-Elegant-Circle-Signature-Fashion-Logo-12_large.png","contentUrl":"https:\/\/ruuby.ee\/wp-content\/uploads\/2023\/06\/cropped-Black-White-Elegant-Circle-Signature-Fashion-Logo-12_large.png","width":1280,"height":747,"caption":"Ruuby Disain O\u00dc"},"image":{"@id":"http:\/\/ruuby.ee\/#\/schema\/logo\/image\/"},"sameAs":["https:\/\/www.facebook.com\/ruubyconcept","https:\/\/www.instagram.com\/ruuby_concept\/"]}]}},"jetpack_sharing_enabled":true,"_links":{"self":[{"href":"https:\/\/ruuby.ee\/en\/wp-json\/wp\/v2\/product\/1838808","targetHints":{"allow":["GET"]}}],"collection":[{"href":"https:\/\/ruuby.ee\/en\/wp-json\/wp\/v2\/product"}],"about":[{"href":"https:\/\/ruuby.ee\/en\/wp-json\/wp\/v2\/types\/product"}],"replies":[{"embeddable":true,"href":"https:\/\/ruuby.ee\/en\/wp-json\/wp\/v2\/comments?post=1838808"}],"wp:featuredmedia":[{"embeddable":true,"href":"https:\/\/ruuby.ee\/en\/wp-json\/wp\/v2\/media\/1838810"}],"wp:attachment":[{"href":"https:\/\/ruuby.ee\/en\/wp-json\/wp\/v2\/media?parent=1838808"}],"wp:term":[{"taxonomy":"product_brand","embeddable":true,"href":"https:\/\/ruuby.ee\/en\/wp-json\/wp\/v2\/product_brand?post=1838808"},{"taxonomy":"product_cat","embeddable":true,"href":"https:\/\/ruuby.ee\/en\/wp-json\/wp\/v2\/product_cat?post=1838808"},{"taxonomy":"product_tag","embeddable":true,"href":"https:\/\/ruuby.ee\/en\/wp-json\/wp\/v2\/product_tag?post=1838808"}],"curies":[{"name":"wp","href":"https:\/\/api.w.org\/{rel}","templated":true}]}}