{"id":1838791,"date":"2023-08-29T15:54:25","date_gmt":"2023-08-29T12:54:25","guid":{"rendered":"http:\/\/ruuby.ee\/?post_type=product&#038;p=1838791"},"modified":"2026-04-05T01:25:33","modified_gmt":"2026-04-04T22:25:33","slug":"the-sticky-sis-club-korvarongad-roosa","status":"publish","type":"product","link":"https:\/\/ruuby.ee\/en\/pood\/aksessuaarid\/korvarongad\/the-sticky-sis-club-korvarongad-roosa\/","title":{"rendered":"THE STICKY SIS CLUB &#8211; k\u00f5rvar\u00f5ngad, roosa"},"content":{"rendered":"<p>Kuna Sticky Lemon osutus armastatuks ka t\u00e4iskasvanutele,\u00a0arvasime, et peaksime v\u00e4lja t\u00f6\u00f6tama spetsiaalse Sticky Sisi kollektsiooni.\u00a0K\u00f5igile, kellele meeldib riietuda v\u00e4rvikalt, omap\u00e4raselt ja julgelt.<\/p>\n<p>Inspireeritud \u00f5nnelikest p\u00e4evadest, kus p\u00e4ike paistab eredalt ja ainult armastus valitseb seda maailma. Sticky Sis Club on loonud v\u00e4iksed ja armsad k\u00f5rvar\u00f5ngad, mis sobivad nii lastele kui ka t\u00e4iskasvanutele.<\/p>\n<p>V\u00f5imaldage oma lapsel v\u00e4ljendada oma isikup\u00e4ra ja stiilitunnet v\u00f5i tuua v\u00e4lja endas oma isikup\u00e4ra.<\/p>\n<p>Suurep\u00e4rane idee kingituseks, sest millisele printessile ja naisele ei meeldiks saada kingituseks ehteid!<\/p>\n<p>Suurus:\u00a0 \u00d8\u00a07,5 mm<\/p>\n<p>Materjal: pehme puudutusega materjal,\u00a0h\u00f5ben\u00f5el.<\/p>","protected":false},"excerpt":{"rendered":"<p>Kuna Sticky Lemon osutus armastatuks ka t\u00e4iskasvanutele,\u00a0arvasime, et peaksime v\u00e4lja t\u00f6\u00f6tama spetsiaalse Sticky Sisi kollektsiooni.\u00a0K\u00f5igile, kellele meeldib riietuda v\u00e4rvikalt, omap\u00e4raselt ja julgelt. Inspireeritud \u00f5nnelikest p\u00e4evadest, kus p\u00e4ike paistab eredalt ja ainult armastus valitseb seda maailma. Sticky Sis Club on loonud v\u00e4iksed ja armsad k\u00f5rvar\u00f5ngad, mis sobivad nii lastele kui ka t\u00e4iskasvanutele. V\u00f5imaldage oma lapsel v\u00e4ljendada [&hellip;]<\/p>\n","protected":false},"featured_media":1838792,"comment_status":"open","ping_status":"closed","template":"","meta":[],"product_brand":[],"product_cat":[55,433],"product_tag":[],"class_list":{"0":"post-1838791","1":"product","2":"type-product","3":"status-publish","4":"has-post-thumbnail","6":"product_cat-korvarongad","7":"product_cat-ehted","9":"first","10":"instock","11":"taxable","12":"shipping-taxable","13":"purchasable","14":"product-type-simple"},"yoast_head":"<!-- This site is optimized with the Yoast SEO plugin v27.2 - https:\/\/yoast.com\/product\/yoast-seo-wordpress\/ -->\n<title>THE STICKY SIS CLUB - k\u00f5rvar\u00f5ngad, roosa - RUUBY<\/title>\n<meta name=\"robots\" content=\"index, follow, max-snippet:-1, max-image-preview:large, max-video-preview:-1\" \/>\n<link rel=\"canonical\" href=\"https:\/\/ruuby.ee\/en\/pood\/aksessuaarid\/korvarongad\/the-sticky-sis-club-korvarongad-roosa\/\" \/>\n<meta property=\"og:locale\" content=\"en_GB\" \/>\n<meta property=\"og:type\" content=\"article\" \/>\n<meta property=\"og:title\" content=\"THE STICKY SIS CLUB - k\u00f5rvar\u00f5ngad, roosa - RUUBY\" \/>\n<meta property=\"og:description\" content=\"Kuna Sticky Lemon osutus armastatuks ka t\u00e4iskasvanutele,\u00a0arvasime, et peaksime v\u00e4lja t\u00f6\u00f6tama spetsiaalse Sticky Sisi kollektsiooni.\u00a0K\u00f5igile, kellele meeldib riietuda v\u00e4rvikalt, omap\u00e4raselt ja julgelt. Inspireeritud \u00f5nnelikest p\u00e4evadest, kus p\u00e4ike paistab eredalt ja ainult armastus valitseb seda maailma. Sticky Sis Club on loonud v\u00e4iksed ja armsad k\u00f5rvar\u00f5ngad, mis sobivad nii lastele kui ka t\u00e4iskasvanutele. V\u00f5imaldage oma lapsel v\u00e4ljendada [&hellip;]\" \/>\n<meta property=\"og:url\" content=\"https:\/\/ruuby.ee\/en\/pood\/aksessuaarid\/korvarongad\/the-sticky-sis-club-korvarongad-roosa\/\" \/>\n<meta property=\"og:site_name\" content=\"RUUBY\" \/>\n<meta property=\"article:publisher\" content=\"https:\/\/www.facebook.com\/ruubyconcept\" \/>\n<meta property=\"article:modified_time\" content=\"2026-04-04T22:25:33+00:00\" \/>\n<meta property=\"og:image\" content=\"https:\/\/ruuby.ee\/wp-content\/uploads\/2023\/08\/Screenshot-2023-08-29-at-15.50.48.png\" \/>\n\t<meta property=\"og:image:width\" content=\"612\" \/>\n\t<meta property=\"og:image:height\" content=\"548\" \/>\n\t<meta property=\"og:image:type\" content=\"image\/png\" \/>\n<meta name=\"twitter:card\" content=\"summary_large_image\" \/>\n<meta name=\"twitter:label1\" content=\"Estimated reading time\" \/>\n\t<meta name=\"twitter:data1\" content=\"1 minute\" \/>\n<script type=\"application\/ld+json\" class=\"yoast-schema-graph\">{\"@context\":\"https:\/\/schema.org\",\"@graph\":[{\"@type\":[\"WebPage\",\"ItemPage\"],\"@id\":\"https:\/\/ruuby.ee\/en\/pood\/aksessuaarid\/korvarongad\/the-sticky-sis-club-korvarongad-roosa\/\",\"url\":\"https:\/\/ruuby.ee\/en\/pood\/aksessuaarid\/korvarongad\/the-sticky-sis-club-korvarongad-roosa\/\",\"name\":\"THE STICKY SIS CLUB - k\u00f5rvar\u00f5ngad, roosa - RUUBY\",\"isPartOf\":{\"@id\":\"http:\/\/ruuby.ee\/#website\"},\"primaryImageOfPage\":{\"@id\":\"https:\/\/ruuby.ee\/en\/pood\/aksessuaarid\/korvarongad\/the-sticky-sis-club-korvarongad-roosa\/#primaryimage\"},\"image\":{\"@id\":\"https:\/\/ruuby.ee\/en\/pood\/aksessuaarid\/korvarongad\/the-sticky-sis-club-korvarongad-roosa\/#primaryimage\"},\"thumbnailUrl\":\"https:\/\/ruuby.ee\/wp-content\/uploads\/2023\/08\/Screenshot-2023-08-29-at-15.50.48.png\",\"datePublished\":\"2023-08-29T12:54:25+00:00\",\"dateModified\":\"2026-04-04T22:25:33+00:00\",\"breadcrumb\":{\"@id\":\"https:\/\/ruuby.ee\/en\/pood\/aksessuaarid\/korvarongad\/the-sticky-sis-club-korvarongad-roosa\/#breadcrumb\"},\"inLanguage\":\"en-GB\",\"potentialAction\":[{\"@type\":\"ReadAction\",\"target\":[\"https:\/\/ruuby.ee\/en\/pood\/aksessuaarid\/korvarongad\/the-sticky-sis-club-korvarongad-roosa\/\"]}]},{\"@type\":\"ImageObject\",\"inLanguage\":\"en-GB\",\"@id\":\"https:\/\/ruuby.ee\/en\/pood\/aksessuaarid\/korvarongad\/the-sticky-sis-club-korvarongad-roosa\/#primaryimage\",\"url\":\"https:\/\/ruuby.ee\/wp-content\/uploads\/2023\/08\/Screenshot-2023-08-29-at-15.50.48.png\",\"contentUrl\":\"https:\/\/ruuby.ee\/wp-content\/uploads\/2023\/08\/Screenshot-2023-08-29-at-15.50.48.png\",\"width\":612,\"height\":548},{\"@type\":\"BreadcrumbList\",\"@id\":\"https:\/\/ruuby.ee\/en\/pood\/aksessuaarid\/korvarongad\/the-sticky-sis-club-korvarongad-roosa\/#breadcrumb\",\"itemListElement\":[{\"@type\":\"ListItem\",\"position\":1,\"name\":\"Kdu\",\"item\":\"http:\/\/ruuby.ee\/\"},{\"@type\":\"ListItem\",\"position\":2,\"name\":\"Pood\",\"item\":\"https:\/\/ruuby.ee\/en\/pood\/\"},{\"@type\":\"ListItem\",\"position\":3,\"name\":\"THE STICKY SIS CLUB &#8211; k\u00f5rvar\u00f5ngad, roosa\"}]},{\"@type\":\"WebSite\",\"@id\":\"http:\/\/ruuby.ee\/#website\",\"url\":\"http:\/\/ruuby.ee\/\",\"name\":\"RUUBY\",\"description\":\"Ruubys on \u00fchendatud elustiil ja disain\",\"publisher\":{\"@id\":\"http:\/\/ruuby.ee\/#organization\"},\"alternateName\":\"Ruuby Disain\",\"potentialAction\":[{\"@type\":\"SearchAction\",\"target\":{\"@type\":\"EntryPoint\",\"urlTemplate\":\"http:\/\/ruuby.ee\/?s={search_term_string}\"},\"query-input\":{\"@type\":\"PropertyValueSpecification\",\"valueRequired\":true,\"valueName\":\"search_term_string\"}}],\"inLanguage\":\"en-GB\"},{\"@type\":\"Organization\",\"@id\":\"http:\/\/ruuby.ee\/#organization\",\"name\":\"Ruuby Disain O\u00dc\",\"alternateName\":\"Ruuby\",\"url\":\"http:\/\/ruuby.ee\/\",\"logo\":{\"@type\":\"ImageObject\",\"inLanguage\":\"en-GB\",\"@id\":\"http:\/\/ruuby.ee\/#\/schema\/logo\/image\/\",\"url\":\"https:\/\/ruuby.ee\/wp-content\/uploads\/2023\/06\/cropped-Black-White-Elegant-Circle-Signature-Fashion-Logo-12_large.png\",\"contentUrl\":\"https:\/\/ruuby.ee\/wp-content\/uploads\/2023\/06\/cropped-Black-White-Elegant-Circle-Signature-Fashion-Logo-12_large.png\",\"width\":1280,\"height\":747,\"caption\":\"Ruuby Disain O\u00dc\"},\"image\":{\"@id\":\"http:\/\/ruuby.ee\/#\/schema\/logo\/image\/\"},\"sameAs\":[\"https:\/\/www.facebook.com\/ruubyconcept\",\"https:\/\/www.instagram.com\/ruuby_concept\/\"]}]}<\/script>\n<!-- \/ Yoast SEO plugin. -->","yoast_head_json":{"title":"THE STICKY SIS CLUB - k\u00f5rvar\u00f5ngad, roosa - RUUBY","robots":{"index":"index","follow":"follow","max-snippet":"max-snippet:-1","max-image-preview":"max-image-preview:large","max-video-preview":"max-video-preview:-1"},"canonical":"https:\/\/ruuby.ee\/en\/pood\/aksessuaarid\/korvarongad\/the-sticky-sis-club-korvarongad-roosa\/","og_locale":"en_GB","og_type":"article","og_title":"THE STICKY SIS CLUB - k\u00f5rvar\u00f5ngad, roosa - RUUBY","og_description":"Kuna Sticky Lemon osutus armastatuks ka t\u00e4iskasvanutele,\u00a0arvasime, et peaksime v\u00e4lja t\u00f6\u00f6tama spetsiaalse Sticky Sisi kollektsiooni.\u00a0K\u00f5igile, kellele meeldib riietuda v\u00e4rvikalt, omap\u00e4raselt ja julgelt. Inspireeritud \u00f5nnelikest p\u00e4evadest, kus p\u00e4ike paistab eredalt ja ainult armastus valitseb seda maailma. Sticky Sis Club on loonud v\u00e4iksed ja armsad k\u00f5rvar\u00f5ngad, mis sobivad nii lastele kui ka t\u00e4iskasvanutele. V\u00f5imaldage oma lapsel v\u00e4ljendada [&hellip;]","og_url":"https:\/\/ruuby.ee\/en\/pood\/aksessuaarid\/korvarongad\/the-sticky-sis-club-korvarongad-roosa\/","og_site_name":"RUUBY","article_publisher":"https:\/\/www.facebook.com\/ruubyconcept","article_modified_time":"2026-04-04T22:25:33+00:00","og_image":[{"width":612,"height":548,"url":"https:\/\/ruuby.ee\/wp-content\/uploads\/2023\/08\/Screenshot-2023-08-29-at-15.50.48.png","type":"image\/png"}],"twitter_card":"summary_large_image","twitter_misc":{"Estimated reading time":"1 minute"},"schema":{"@context":"https:\/\/schema.org","@graph":[{"@type":["WebPage","ItemPage"],"@id":"https:\/\/ruuby.ee\/en\/pood\/aksessuaarid\/korvarongad\/the-sticky-sis-club-korvarongad-roosa\/","url":"https:\/\/ruuby.ee\/en\/pood\/aksessuaarid\/korvarongad\/the-sticky-sis-club-korvarongad-roosa\/","name":"THE STICKY SIS CLUB - k\u00f5rvar\u00f5ngad, roosa - RUUBY","isPartOf":{"@id":"http:\/\/ruuby.ee\/#website"},"primaryImageOfPage":{"@id":"https:\/\/ruuby.ee\/en\/pood\/aksessuaarid\/korvarongad\/the-sticky-sis-club-korvarongad-roosa\/#primaryimage"},"image":{"@id":"https:\/\/ruuby.ee\/en\/pood\/aksessuaarid\/korvarongad\/the-sticky-sis-club-korvarongad-roosa\/#primaryimage"},"thumbnailUrl":"https:\/\/ruuby.ee\/wp-content\/uploads\/2023\/08\/Screenshot-2023-08-29-at-15.50.48.png","datePublished":"2023-08-29T12:54:25+00:00","dateModified":"2026-04-04T22:25:33+00:00","breadcrumb":{"@id":"https:\/\/ruuby.ee\/en\/pood\/aksessuaarid\/korvarongad\/the-sticky-sis-club-korvarongad-roosa\/#breadcrumb"},"inLanguage":"en-GB","potentialAction":[{"@type":"ReadAction","target":["https:\/\/ruuby.ee\/en\/pood\/aksessuaarid\/korvarongad\/the-sticky-sis-club-korvarongad-roosa\/"]}]},{"@type":"ImageObject","inLanguage":"en-GB","@id":"https:\/\/ruuby.ee\/en\/pood\/aksessuaarid\/korvarongad\/the-sticky-sis-club-korvarongad-roosa\/#primaryimage","url":"https:\/\/ruuby.ee\/wp-content\/uploads\/2023\/08\/Screenshot-2023-08-29-at-15.50.48.png","contentUrl":"https:\/\/ruuby.ee\/wp-content\/uploads\/2023\/08\/Screenshot-2023-08-29-at-15.50.48.png","width":612,"height":548},{"@type":"BreadcrumbList","@id":"https:\/\/ruuby.ee\/en\/pood\/aksessuaarid\/korvarongad\/the-sticky-sis-club-korvarongad-roosa\/#breadcrumb","itemListElement":[{"@type":"ListItem","position":1,"name":"Kdu","item":"http:\/\/ruuby.ee\/"},{"@type":"ListItem","position":2,"name":"Pood","item":"https:\/\/ruuby.ee\/en\/pood\/"},{"@type":"ListItem","position":3,"name":"THE STICKY SIS CLUB &#8211; k\u00f5rvar\u00f5ngad, roosa"}]},{"@type":"WebSite","@id":"http:\/\/ruuby.ee\/#website","url":"http:\/\/ruuby.ee\/","name":"RUUBY","description":"Ruubys on \u00fchendatud elustiil ja disain","publisher":{"@id":"http:\/\/ruuby.ee\/#organization"},"alternateName":"Ruuby Disain","potentialAction":[{"@type":"SearchAction","target":{"@type":"EntryPoint","urlTemplate":"http:\/\/ruuby.ee\/?s={search_term_string}"},"query-input":{"@type":"PropertyValueSpecification","valueRequired":true,"valueName":"search_term_string"}}],"inLanguage":"en-GB"},{"@type":"Organization","@id":"http:\/\/ruuby.ee\/#organization","name":"Ruuby Disain O\u00dc","alternateName":"Ruuby","url":"http:\/\/ruuby.ee\/","logo":{"@type":"ImageObject","inLanguage":"en-GB","@id":"http:\/\/ruuby.ee\/#\/schema\/logo\/image\/","url":"https:\/\/ruuby.ee\/wp-content\/uploads\/2023\/06\/cropped-Black-White-Elegant-Circle-Signature-Fashion-Logo-12_large.png","contentUrl":"https:\/\/ruuby.ee\/wp-content\/uploads\/2023\/06\/cropped-Black-White-Elegant-Circle-Signature-Fashion-Logo-12_large.png","width":1280,"height":747,"caption":"Ruuby Disain O\u00dc"},"image":{"@id":"http:\/\/ruuby.ee\/#\/schema\/logo\/image\/"},"sameAs":["https:\/\/www.facebook.com\/ruubyconcept","https:\/\/www.instagram.com\/ruuby_concept\/"]}]}},"jetpack_sharing_enabled":true,"_links":{"self":[{"href":"https:\/\/ruuby.ee\/en\/wp-json\/wp\/v2\/product\/1838791","targetHints":{"allow":["GET"]}}],"collection":[{"href":"https:\/\/ruuby.ee\/en\/wp-json\/wp\/v2\/product"}],"about":[{"href":"https:\/\/ruuby.ee\/en\/wp-json\/wp\/v2\/types\/product"}],"replies":[{"embeddable":true,"href":"https:\/\/ruuby.ee\/en\/wp-json\/wp\/v2\/comments?post=1838791"}],"wp:featuredmedia":[{"embeddable":true,"href":"https:\/\/ruuby.ee\/en\/wp-json\/wp\/v2\/media\/1838792"}],"wp:attachment":[{"href":"https:\/\/ruuby.ee\/en\/wp-json\/wp\/v2\/media?parent=1838791"}],"wp:term":[{"taxonomy":"product_brand","embeddable":true,"href":"https:\/\/ruuby.ee\/en\/wp-json\/wp\/v2\/product_brand?post=1838791"},{"taxonomy":"product_cat","embeddable":true,"href":"https:\/\/ruuby.ee\/en\/wp-json\/wp\/v2\/product_cat?post=1838791"},{"taxonomy":"product_tag","embeddable":true,"href":"https:\/\/ruuby.ee\/en\/wp-json\/wp\/v2\/product_tag?post=1838791"}],"curies":[{"name":"wp","href":"https:\/\/api.w.org\/{rel}","templated":true}]}}