{"id":1838401,"date":"2023-08-15T23:19:58","date_gmt":"2023-08-15T20:19:58","guid":{"rendered":"http:\/\/ruuby.ee\/?post_type=product&#038;p=1838401"},"modified":"2026-04-08T01:28:41","modified_gmt":"2026-04-07T22:28:41","slug":"rainkiss-back-to-black-laste-vihmakeep-120-160cm","status":"publish","type":"product","link":"https:\/\/ruuby.ee\/en\/pood\/lapsed\/riided\/vihmakeebid-riided\/rainkiss-back-to-black-laste-vihmakeep-120-160cm\/","title":{"rendered":"RAINKISS &#8211; Back to Black, laste vihmakeep (120-160cm)"},"content":{"rendered":"<p>Rainkiss Back to Black mudelil on toon-toonis abstraktne muster, mis on selgete vormidega ja n\u00e4eb alati super kena v\u00e4lja.<\/p>\n<p>S\u00fcgav kapuuts peas, v\u00f5id selle keebiga j\u00e4\u00e4dasaladuslikuks, kuid eelk\u00f5ige kuivaks! Niisked ja vihmased p\u00e4evad saavad selleRainkiss keebiga hoopis teise t\u00e4henduse!<\/p>\n<p style=\"font-weight: 400;\">&#8211; Mini me stiil<\/p>\n<p style=\"font-weight: 400;\">&#8211; 7000 mm veekindel sammas, hoiab teid t\u00f5siselt kuivana<\/p>\n<p style=\"font-weight: 400;\">&#8211; T\u00e4pselt l\u00f5igatud<\/p>\n<p style=\"font-weight: 400;\">&#8211; Sertifitseeritud 100% taaskasutatud pol\u00fcester<\/p>\n<p style=\"font-weight: 400;\">&#8211; Lihtne kokku panna &#8211; Sisseehitatud hoiukott<\/p>\n<p style=\"font-weight: 400;\">&#8211; Esmaklassiline takjakinnisega mansett<\/p>\n<p style=\"font-weight: 400;\">&#8211; Reguleeritav kapuuts<\/p>\n<p style=\"font-weight: 400;\">&#8211; Kahe nupu k\u00fcljepaneeli reguleerimine \u2013 sobib ideaalselt jalgrattaga s\u00f5itmiseks ja sobib seljakoti peale.<\/p>\n<p style=\"font-weight: 400;\">&#8211; Kaal: 175 g &#8211; M\u00f5\u00f5dud kotis: 25,5 x 26,6 x 2 cm<\/p>","protected":false},"excerpt":{"rendered":"<p>Rainkiss Back to Black mudelil on toon-toonis abstraktne muster, mis on selgete vormidega ja n\u00e4eb alati super kena v\u00e4lja. S\u00fcgav kapuuts peas, v\u00f5id selle keebiga j\u00e4\u00e4dasaladuslikuks, kuid eelk\u00f5ige kuivaks! Niisked ja vihmased p\u00e4evad saavad selleRainkiss keebiga hoopis teise t\u00e4henduse! &#8211; Mini me stiil &#8211; 7000 mm veekindel sammas, hoiab teid t\u00f5siselt kuivana &#8211; T\u00e4pselt l\u00f5igatud [&hellip;]<\/p>\n","protected":false},"featured_media":1838363,"comment_status":"open","ping_status":"closed","template":"","meta":[],"product_brand":[],"product_cat":[649,244,24,627],"product_tag":[],"class_list":{"0":"post-1838401","1":"product","2":"type-product","3":"status-publish","4":"has-post-thumbnail","6":"product_cat-vihmakeebid-riided","7":"product_cat-riided","8":"product_cat-roivakaubad","9":"product_cat-vihmakeebid","11":"first","12":"outofstock","13":"taxable","14":"shipping-taxable","15":"purchasable","16":"product-type-simple"},"yoast_head":"<!-- This site is optimized with the Yoast SEO plugin v27.3 - https:\/\/yoast.com\/product\/yoast-seo-wordpress\/ -->\n<title>RAINKISS - Back to Black, laste vihmakeep (120-160cm) - RUUBY<\/title>\n<meta name=\"robots\" content=\"index, follow, max-snippet:-1, max-image-preview:large, max-video-preview:-1\" \/>\n<link rel=\"canonical\" href=\"https:\/\/ruuby.ee\/en\/pood\/lapsed\/riided\/vihmakeebid-riided\/rainkiss-back-to-black-laste-vihmakeep-120-160cm\/\" \/>\n<meta property=\"og:locale\" content=\"en_GB\" \/>\n<meta property=\"og:type\" content=\"article\" \/>\n<meta property=\"og:title\" content=\"RAINKISS - Back to Black, laste vihmakeep (120-160cm) - RUUBY\" \/>\n<meta property=\"og:description\" content=\"Rainkiss Back to Black mudelil on toon-toonis abstraktne muster, mis on selgete vormidega ja n\u00e4eb alati super kena v\u00e4lja. S\u00fcgav kapuuts peas, v\u00f5id selle keebiga j\u00e4\u00e4dasaladuslikuks, kuid eelk\u00f5ige kuivaks! Niisked ja vihmased p\u00e4evad saavad selleRainkiss keebiga hoopis teise t\u00e4henduse! &#8211; Mini me stiil &#8211; 7000 mm veekindel sammas, hoiab teid t\u00f5siselt kuivana &#8211; T\u00e4pselt l\u00f5igatud [&hellip;]\" \/>\n<meta property=\"og:url\" content=\"https:\/\/ruuby.ee\/en\/pood\/lapsed\/riided\/vihmakeebid-riided\/rainkiss-back-to-black-laste-vihmakeep-120-160cm\/\" \/>\n<meta property=\"og:site_name\" content=\"RUUBY\" \/>\n<meta property=\"article:publisher\" content=\"https:\/\/www.facebook.com\/ruubyconcept\" \/>\n<meta property=\"article:modified_time\" content=\"2026-04-07T22:28:41+00:00\" \/>\n<meta property=\"og:image\" content=\"http:\/\/ruuby.ee\/wp-content\/uploads\/2023\/08\/IMG_6220.webp\" \/>\n\t<meta property=\"og:image:width\" content=\"830\" \/>\n\t<meta property=\"og:image:height\" content=\"1250\" \/>\n\t<meta property=\"og:image:type\" content=\"image\/webp\" \/>\n<meta name=\"twitter:card\" content=\"summary_large_image\" \/>\n<meta name=\"twitter:label1\" content=\"Estimated reading time\" \/>\n\t<meta name=\"twitter:data1\" content=\"1 minute\" \/>\n<script type=\"application\/ld+json\" class=\"yoast-schema-graph\">{\"@context\":\"https:\\\/\\\/schema.org\",\"@graph\":[{\"@type\":[\"WebPage\",\"ItemPage\"],\"@id\":\"https:\\\/\\\/ruuby.ee\\\/pood\\\/lapsed\\\/riided\\\/vihmakeebid-riided\\\/rainkiss-back-to-black-laste-vihmakeep-120-160cm\\\/\",\"url\":\"https:\\\/\\\/ruuby.ee\\\/pood\\\/lapsed\\\/riided\\\/vihmakeebid-riided\\\/rainkiss-back-to-black-laste-vihmakeep-120-160cm\\\/\",\"name\":\"RAINKISS - Back to Black, laste vihmakeep (120-160cm) - RUUBY\",\"isPartOf\":{\"@id\":\"http:\\\/\\\/ruuby.ee\\\/en\\\/#website\"},\"primaryImageOfPage\":{\"@id\":\"https:\\\/\\\/ruuby.ee\\\/pood\\\/lapsed\\\/riided\\\/vihmakeebid-riided\\\/rainkiss-back-to-black-laste-vihmakeep-120-160cm\\\/#primaryimage\"},\"image\":{\"@id\":\"https:\\\/\\\/ruuby.ee\\\/pood\\\/lapsed\\\/riided\\\/vihmakeebid-riided\\\/rainkiss-back-to-black-laste-vihmakeep-120-160cm\\\/#primaryimage\"},\"thumbnailUrl\":\"https:\\\/\\\/ruuby.ee\\\/wp-content\\\/uploads\\\/2023\\\/08\\\/IMG_6220.webp\",\"datePublished\":\"2023-08-15T20:19:58+00:00\",\"dateModified\":\"2026-04-07T22:28:41+00:00\",\"breadcrumb\":{\"@id\":\"https:\\\/\\\/ruuby.ee\\\/pood\\\/lapsed\\\/riided\\\/vihmakeebid-riided\\\/rainkiss-back-to-black-laste-vihmakeep-120-160cm\\\/#breadcrumb\"},\"inLanguage\":\"en-GB\",\"potentialAction\":[{\"@type\":\"ReadAction\",\"target\":[\"https:\\\/\\\/ruuby.ee\\\/pood\\\/lapsed\\\/riided\\\/vihmakeebid-riided\\\/rainkiss-back-to-black-laste-vihmakeep-120-160cm\\\/\"]}]},{\"@type\":\"ImageObject\",\"inLanguage\":\"en-GB\",\"@id\":\"https:\\\/\\\/ruuby.ee\\\/pood\\\/lapsed\\\/riided\\\/vihmakeebid-riided\\\/rainkiss-back-to-black-laste-vihmakeep-120-160cm\\\/#primaryimage\",\"url\":\"https:\\\/\\\/ruuby.ee\\\/wp-content\\\/uploads\\\/2023\\\/08\\\/IMG_6220.webp\",\"contentUrl\":\"https:\\\/\\\/ruuby.ee\\\/wp-content\\\/uploads\\\/2023\\\/08\\\/IMG_6220.webp\",\"width\":830,\"height\":1250},{\"@type\":\"BreadcrumbList\",\"@id\":\"https:\\\/\\\/ruuby.ee\\\/pood\\\/lapsed\\\/riided\\\/vihmakeebid-riided\\\/rainkiss-back-to-black-laste-vihmakeep-120-160cm\\\/#breadcrumb\",\"itemListElement\":[{\"@type\":\"ListItem\",\"position\":1,\"name\":\"Kdu\",\"item\":\"http:\\\/\\\/ruuby.ee\\\/en\\\/\"},{\"@type\":\"ListItem\",\"position\":2,\"name\":\"Pood\",\"item\":\"http:\\\/\\\/ruuby.ee\\\/en\\\/pood\\\/\"},{\"@type\":\"ListItem\",\"position\":3,\"name\":\"RAINKISS &#8211; Back to Black, laste vihmakeep (120-160cm)\"}]},{\"@type\":\"WebSite\",\"@id\":\"http:\\\/\\\/ruuby.ee\\\/en\\\/#website\",\"url\":\"http:\\\/\\\/ruuby.ee\\\/en\\\/\",\"name\":\"RUUBY\",\"description\":\"Ruubys on \u00fchendatud elustiil ja disain\",\"publisher\":{\"@id\":\"http:\\\/\\\/ruuby.ee\\\/en\\\/#organization\"},\"alternateName\":\"Ruuby Disain\",\"potentialAction\":[{\"@type\":\"SearchAction\",\"target\":{\"@type\":\"EntryPoint\",\"urlTemplate\":\"http:\\\/\\\/ruuby.ee\\\/en\\\/?s={search_term_string}\"},\"query-input\":{\"@type\":\"PropertyValueSpecification\",\"valueRequired\":true,\"valueName\":\"search_term_string\"}}],\"inLanguage\":\"en-GB\"},{\"@type\":\"Organization\",\"@id\":\"http:\\\/\\\/ruuby.ee\\\/en\\\/#organization\",\"name\":\"Ruuby Disain O\u00dc\",\"alternateName\":\"Ruuby\",\"url\":\"http:\\\/\\\/ruuby.ee\\\/en\\\/\",\"logo\":{\"@type\":\"ImageObject\",\"inLanguage\":\"en-GB\",\"@id\":\"http:\\\/\\\/ruuby.ee\\\/en\\\/#\\\/schema\\\/logo\\\/image\\\/\",\"url\":\"https:\\\/\\\/ruuby.ee\\\/wp-content\\\/uploads\\\/2023\\\/06\\\/cropped-Black-White-Elegant-Circle-Signature-Fashion-Logo-12_large.png\",\"contentUrl\":\"https:\\\/\\\/ruuby.ee\\\/wp-content\\\/uploads\\\/2023\\\/06\\\/cropped-Black-White-Elegant-Circle-Signature-Fashion-Logo-12_large.png\",\"width\":1280,\"height\":747,\"caption\":\"Ruuby Disain O\u00dc\"},\"image\":{\"@id\":\"http:\\\/\\\/ruuby.ee\\\/en\\\/#\\\/schema\\\/logo\\\/image\\\/\"},\"sameAs\":[\"https:\\\/\\\/www.facebook.com\\\/ruubyconcept\",\"https:\\\/\\\/www.instagram.com\\\/ruuby_concept\\\/\"]}]}<\/script>\n<!-- \/ Yoast SEO plugin. -->","yoast_head_json":{"title":"RAINKISS - Back to Black, laste vihmakeep (120-160cm) - RUUBY","robots":{"index":"index","follow":"follow","max-snippet":"max-snippet:-1","max-image-preview":"max-image-preview:large","max-video-preview":"max-video-preview:-1"},"canonical":"https:\/\/ruuby.ee\/en\/pood\/lapsed\/riided\/vihmakeebid-riided\/rainkiss-back-to-black-laste-vihmakeep-120-160cm\/","og_locale":"en_GB","og_type":"article","og_title":"RAINKISS - Back to Black, laste vihmakeep (120-160cm) - RUUBY","og_description":"Rainkiss Back to Black mudelil on toon-toonis abstraktne muster, mis on selgete vormidega ja n\u00e4eb alati super kena v\u00e4lja. S\u00fcgav kapuuts peas, v\u00f5id selle keebiga j\u00e4\u00e4dasaladuslikuks, kuid eelk\u00f5ige kuivaks! Niisked ja vihmased p\u00e4evad saavad selleRainkiss keebiga hoopis teise t\u00e4henduse! &#8211; Mini me stiil &#8211; 7000 mm veekindel sammas, hoiab teid t\u00f5siselt kuivana &#8211; T\u00e4pselt l\u00f5igatud [&hellip;]","og_url":"https:\/\/ruuby.ee\/en\/pood\/lapsed\/riided\/vihmakeebid-riided\/rainkiss-back-to-black-laste-vihmakeep-120-160cm\/","og_site_name":"RUUBY","article_publisher":"https:\/\/www.facebook.com\/ruubyconcept","article_modified_time":"2026-04-07T22:28:41+00:00","og_image":[{"width":830,"height":1250,"url":"http:\/\/ruuby.ee\/wp-content\/uploads\/2023\/08\/IMG_6220.webp","type":"image\/webp"}],"twitter_card":"summary_large_image","twitter_misc":{"Estimated reading time":"1 minute"},"schema":{"@context":"https:\/\/schema.org","@graph":[{"@type":["WebPage","ItemPage"],"@id":"https:\/\/ruuby.ee\/pood\/lapsed\/riided\/vihmakeebid-riided\/rainkiss-back-to-black-laste-vihmakeep-120-160cm\/","url":"https:\/\/ruuby.ee\/pood\/lapsed\/riided\/vihmakeebid-riided\/rainkiss-back-to-black-laste-vihmakeep-120-160cm\/","name":"RAINKISS - Back to Black, laste vihmakeep (120-160cm) - RUUBY","isPartOf":{"@id":"http:\/\/ruuby.ee\/en\/#website"},"primaryImageOfPage":{"@id":"https:\/\/ruuby.ee\/pood\/lapsed\/riided\/vihmakeebid-riided\/rainkiss-back-to-black-laste-vihmakeep-120-160cm\/#primaryimage"},"image":{"@id":"https:\/\/ruuby.ee\/pood\/lapsed\/riided\/vihmakeebid-riided\/rainkiss-back-to-black-laste-vihmakeep-120-160cm\/#primaryimage"},"thumbnailUrl":"https:\/\/ruuby.ee\/wp-content\/uploads\/2023\/08\/IMG_6220.webp","datePublished":"2023-08-15T20:19:58+00:00","dateModified":"2026-04-07T22:28:41+00:00","breadcrumb":{"@id":"https:\/\/ruuby.ee\/pood\/lapsed\/riided\/vihmakeebid-riided\/rainkiss-back-to-black-laste-vihmakeep-120-160cm\/#breadcrumb"},"inLanguage":"en-GB","potentialAction":[{"@type":"ReadAction","target":["https:\/\/ruuby.ee\/pood\/lapsed\/riided\/vihmakeebid-riided\/rainkiss-back-to-black-laste-vihmakeep-120-160cm\/"]}]},{"@type":"ImageObject","inLanguage":"en-GB","@id":"https:\/\/ruuby.ee\/pood\/lapsed\/riided\/vihmakeebid-riided\/rainkiss-back-to-black-laste-vihmakeep-120-160cm\/#primaryimage","url":"https:\/\/ruuby.ee\/wp-content\/uploads\/2023\/08\/IMG_6220.webp","contentUrl":"https:\/\/ruuby.ee\/wp-content\/uploads\/2023\/08\/IMG_6220.webp","width":830,"height":1250},{"@type":"BreadcrumbList","@id":"https:\/\/ruuby.ee\/pood\/lapsed\/riided\/vihmakeebid-riided\/rainkiss-back-to-black-laste-vihmakeep-120-160cm\/#breadcrumb","itemListElement":[{"@type":"ListItem","position":1,"name":"Kdu","item":"http:\/\/ruuby.ee\/en\/"},{"@type":"ListItem","position":2,"name":"Pood","item":"http:\/\/ruuby.ee\/en\/pood\/"},{"@type":"ListItem","position":3,"name":"RAINKISS &#8211; Back to Black, laste vihmakeep (120-160cm)"}]},{"@type":"WebSite","@id":"http:\/\/ruuby.ee\/en\/#website","url":"http:\/\/ruuby.ee\/en\/","name":"RUUBY","description":"Ruubys on \u00fchendatud elustiil ja disain","publisher":{"@id":"http:\/\/ruuby.ee\/en\/#organization"},"alternateName":"Ruuby Disain","potentialAction":[{"@type":"SearchAction","target":{"@type":"EntryPoint","urlTemplate":"http:\/\/ruuby.ee\/en\/?s={search_term_string}"},"query-input":{"@type":"PropertyValueSpecification","valueRequired":true,"valueName":"search_term_string"}}],"inLanguage":"en-GB"},{"@type":"Organization","@id":"http:\/\/ruuby.ee\/en\/#organization","name":"Ruuby Disain O\u00dc","alternateName":"Ruuby","url":"http:\/\/ruuby.ee\/en\/","logo":{"@type":"ImageObject","inLanguage":"en-GB","@id":"http:\/\/ruuby.ee\/en\/#\/schema\/logo\/image\/","url":"https:\/\/ruuby.ee\/wp-content\/uploads\/2023\/06\/cropped-Black-White-Elegant-Circle-Signature-Fashion-Logo-12_large.png","contentUrl":"https:\/\/ruuby.ee\/wp-content\/uploads\/2023\/06\/cropped-Black-White-Elegant-Circle-Signature-Fashion-Logo-12_large.png","width":1280,"height":747,"caption":"Ruuby Disain O\u00dc"},"image":{"@id":"http:\/\/ruuby.ee\/en\/#\/schema\/logo\/image\/"},"sameAs":["https:\/\/www.facebook.com\/ruubyconcept","https:\/\/www.instagram.com\/ruuby_concept\/"]}]}},"jetpack_sharing_enabled":true,"_links":{"self":[{"href":"https:\/\/ruuby.ee\/en\/wp-json\/wp\/v2\/product\/1838401","targetHints":{"allow":["GET"]}}],"collection":[{"href":"https:\/\/ruuby.ee\/en\/wp-json\/wp\/v2\/product"}],"about":[{"href":"https:\/\/ruuby.ee\/en\/wp-json\/wp\/v2\/types\/product"}],"replies":[{"embeddable":true,"href":"https:\/\/ruuby.ee\/en\/wp-json\/wp\/v2\/comments?post=1838401"}],"wp:featuredmedia":[{"embeddable":true,"href":"https:\/\/ruuby.ee\/en\/wp-json\/wp\/v2\/media\/1838363"}],"wp:attachment":[{"href":"https:\/\/ruuby.ee\/en\/wp-json\/wp\/v2\/media?parent=1838401"}],"wp:term":[{"taxonomy":"product_brand","embeddable":true,"href":"https:\/\/ruuby.ee\/en\/wp-json\/wp\/v2\/product_brand?post=1838401"},{"taxonomy":"product_cat","embeddable":true,"href":"https:\/\/ruuby.ee\/en\/wp-json\/wp\/v2\/product_cat?post=1838401"},{"taxonomy":"product_tag","embeddable":true,"href":"https:\/\/ruuby.ee\/en\/wp-json\/wp\/v2\/product_tag?post=1838401"}],"curies":[{"name":"wp","href":"https:\/\/api.w.org\/{rel}","templated":true}]}}