{"id":1838400,"date":"2023-08-15T23:17:03","date_gmt":"2023-08-15T20:17:03","guid":{"rendered":"http:\/\/ruuby.ee\/?post_type=product&#038;p=1838400"},"modified":"2026-04-06T01:26:29","modified_gmt":"2026-04-05T22:26:29","slug":"rainkiss-digi-spring-camo-laste-vihmakeep-120-160cm","status":"publish","type":"product","link":"https:\/\/ruuby.ee\/en\/pood\/lapsed\/riided\/vihmakeebid-riided\/rainkiss-digi-spring-camo-laste-vihmakeep-120-160cm\/","title":{"rendered":"RAINKISS &#8211; Digi Spring Camo, laste vihmakeep (120-160cm)"},"content":{"rendered":"<p>Andke oma lastele vihmastel p\u00e4evadel energiat s\u00e4rava ja kauni Digi Spring Camo vihmapont\u0161oga.<\/p>\n<p>See detailne disain v\u00e4rskendab igal vihmasel p\u00e4eval fuksia, lilla, rohelise ja s\u00fcgavlilla v\u00e4rvidega. S\u00e4rav disain, mis h\u00f5lmab kevade ilu l\u00e4bi digitaalse maastiku.<\/p>\n<p>Meie pont\u0161od on t\u00e4iuslikult l\u00f5igatud teibitud \u00f5mblustega ja on 100% veekindlad. Meie jaoks on v\u00e4ga oluline t\u00f6\u00f6tada ainult j\u00e4tkusuutlike materjalidega, nagu ringlussev\u00f5etud pol\u00fcester. M\u00f5ned valikud elus on seda v\u00e4\u00e4rt.<\/p>\n<p style=\"font-weight: 400;\">&#8211; Mini me stiil<\/p>\n<p style=\"font-weight: 400;\">&#8211; 7000 mm veekindel sammas, hoiab teid t\u00f5siselt kuivana<\/p>\n<p style=\"font-weight: 400;\">&#8211; T\u00e4pselt l\u00f5igatud<\/p>\n<p style=\"font-weight: 400;\">&#8211; Sertifitseeritud 100% taaskasutatud pol\u00fcester<\/p>\n<p style=\"font-weight: 400;\">&#8211; Lihtne kokku panna &#8211; Sisseehitatud hoiukott<\/p>\n<p style=\"font-weight: 400;\">&#8211; Esmaklassiline takjakinnisega mansett<\/p>\n<p style=\"font-weight: 400;\">&#8211; Reguleeritav kapuuts<\/p>\n<p style=\"font-weight: 400;\">&#8211; Kahe nupu k\u00fcljepaneeli reguleerimine \u2013 sobib ideaalselt jalgrattaga s\u00f5itmiseks ja sobib seljakoti peale.<\/p>\n<p style=\"font-weight: 400;\">&#8211; Kaal: 175 g &#8211; M\u00f5\u00f5dud kotis: 25,5 x 26,6 x 2 cm<\/p>","protected":false},"excerpt":{"rendered":"<p>Andke oma lastele vihmastel p\u00e4evadel energiat s\u00e4rava ja kauni Digi Spring Camo vihmapont\u0161oga. See detailne disain v\u00e4rskendab igal vihmasel p\u00e4eval fuksia, lilla, rohelise ja s\u00fcgavlilla v\u00e4rvidega. S\u00e4rav disain, mis h\u00f5lmab kevade ilu l\u00e4bi digitaalse maastiku. Meie pont\u0161od on t\u00e4iuslikult l\u00f5igatud teibitud \u00f5mblustega ja on 100% veekindlad. Meie jaoks on v\u00e4ga oluline t\u00f6\u00f6tada ainult j\u00e4tkusuutlike materjalidega, [&hellip;]<\/p>\n","protected":false},"featured_media":1838359,"comment_status":"open","ping_status":"closed","template":"","meta":[],"product_brand":[],"product_cat":[649,244,24,627],"product_tag":[],"class_list":{"0":"post-1838400","1":"product","2":"type-product","3":"status-publish","4":"has-post-thumbnail","6":"product_cat-vihmakeebid-riided","7":"product_cat-riided","8":"product_cat-roivakaubad","9":"product_cat-vihmakeebid","11":"first","12":"outofstock","13":"taxable","14":"shipping-taxable","15":"purchasable","16":"product-type-simple"},"yoast_head":"<!-- This site is optimized with the Yoast SEO plugin v27.2 - https:\/\/yoast.com\/product\/yoast-seo-wordpress\/ -->\n<title>RAINKISS - Digi Spring Camo, laste vihmakeep (120-160cm) - RUUBY<\/title>\n<meta name=\"robots\" content=\"index, follow, max-snippet:-1, max-image-preview:large, max-video-preview:-1\" \/>\n<link rel=\"canonical\" href=\"https:\/\/ruuby.ee\/en\/pood\/lapsed\/riided\/vihmakeebid-riided\/rainkiss-digi-spring-camo-laste-vihmakeep-120-160cm\/\" \/>\n<meta property=\"og:locale\" content=\"en_GB\" \/>\n<meta property=\"og:type\" content=\"article\" \/>\n<meta property=\"og:title\" content=\"RAINKISS - Digi Spring Camo, laste vihmakeep (120-160cm) - RUUBY\" \/>\n<meta property=\"og:description\" content=\"Andke oma lastele vihmastel p\u00e4evadel energiat s\u00e4rava ja kauni Digi Spring Camo vihmapont\u0161oga. See detailne disain v\u00e4rskendab igal vihmasel p\u00e4eval fuksia, lilla, rohelise ja s\u00fcgavlilla v\u00e4rvidega. S\u00e4rav disain, mis h\u00f5lmab kevade ilu l\u00e4bi digitaalse maastiku. Meie pont\u0161od on t\u00e4iuslikult l\u00f5igatud teibitud \u00f5mblustega ja on 100% veekindlad. Meie jaoks on v\u00e4ga oluline t\u00f6\u00f6tada ainult j\u00e4tkusuutlike materjalidega, [&hellip;]\" \/>\n<meta property=\"og:url\" content=\"https:\/\/ruuby.ee\/en\/pood\/lapsed\/riided\/vihmakeebid-riided\/rainkiss-digi-spring-camo-laste-vihmakeep-120-160cm\/\" \/>\n<meta property=\"og:site_name\" content=\"RUUBY\" \/>\n<meta property=\"article:publisher\" content=\"https:\/\/www.facebook.com\/ruubyconcept\" \/>\n<meta property=\"article:modified_time\" content=\"2026-04-05T22:26:29+00:00\" \/>\n<meta property=\"og:image\" content=\"https:\/\/ruuby.ee\/wp-content\/uploads\/2023\/08\/IMG_6602.webp\" \/>\n\t<meta property=\"og:image:width\" content=\"1500\" \/>\n\t<meta property=\"og:image:height\" content=\"2254\" \/>\n\t<meta property=\"og:image:type\" content=\"image\/webp\" \/>\n<meta name=\"twitter:card\" content=\"summary_large_image\" \/>\n<meta name=\"twitter:label1\" content=\"Estimated reading time\" \/>\n\t<meta name=\"twitter:data1\" content=\"1 minute\" \/>\n<script type=\"application\/ld+json\" class=\"yoast-schema-graph\">{\"@context\":\"https:\/\/schema.org\",\"@graph\":[{\"@type\":[\"WebPage\",\"ItemPage\"],\"@id\":\"https:\/\/ruuby.ee\/en\/pood\/lapsed\/riided\/vihmakeebid-riided\/rainkiss-digi-spring-camo-laste-vihmakeep-120-160cm\/\",\"url\":\"https:\/\/ruuby.ee\/en\/pood\/lapsed\/riided\/vihmakeebid-riided\/rainkiss-digi-spring-camo-laste-vihmakeep-120-160cm\/\",\"name\":\"RAINKISS - Digi Spring Camo, laste vihmakeep (120-160cm) - RUUBY\",\"isPartOf\":{\"@id\":\"http:\/\/ruuby.ee\/#website\"},\"primaryImageOfPage\":{\"@id\":\"https:\/\/ruuby.ee\/en\/pood\/lapsed\/riided\/vihmakeebid-riided\/rainkiss-digi-spring-camo-laste-vihmakeep-120-160cm\/#primaryimage\"},\"image\":{\"@id\":\"https:\/\/ruuby.ee\/en\/pood\/lapsed\/riided\/vihmakeebid-riided\/rainkiss-digi-spring-camo-laste-vihmakeep-120-160cm\/#primaryimage\"},\"thumbnailUrl\":\"https:\/\/ruuby.ee\/wp-content\/uploads\/2023\/08\/IMG_6602.webp\",\"datePublished\":\"2023-08-15T20:17:03+00:00\",\"dateModified\":\"2026-04-05T22:26:29+00:00\",\"breadcrumb\":{\"@id\":\"https:\/\/ruuby.ee\/en\/pood\/lapsed\/riided\/vihmakeebid-riided\/rainkiss-digi-spring-camo-laste-vihmakeep-120-160cm\/#breadcrumb\"},\"inLanguage\":\"en-GB\",\"potentialAction\":[{\"@type\":\"ReadAction\",\"target\":[\"https:\/\/ruuby.ee\/en\/pood\/lapsed\/riided\/vihmakeebid-riided\/rainkiss-digi-spring-camo-laste-vihmakeep-120-160cm\/\"]}]},{\"@type\":\"ImageObject\",\"inLanguage\":\"en-GB\",\"@id\":\"https:\/\/ruuby.ee\/en\/pood\/lapsed\/riided\/vihmakeebid-riided\/rainkiss-digi-spring-camo-laste-vihmakeep-120-160cm\/#primaryimage\",\"url\":\"https:\/\/ruuby.ee\/wp-content\/uploads\/2023\/08\/IMG_6602.webp\",\"contentUrl\":\"https:\/\/ruuby.ee\/wp-content\/uploads\/2023\/08\/IMG_6602.webp\",\"width\":1500,\"height\":2254},{\"@type\":\"BreadcrumbList\",\"@id\":\"https:\/\/ruuby.ee\/en\/pood\/lapsed\/riided\/vihmakeebid-riided\/rainkiss-digi-spring-camo-laste-vihmakeep-120-160cm\/#breadcrumb\",\"itemListElement\":[{\"@type\":\"ListItem\",\"position\":1,\"name\":\"Kdu\",\"item\":\"http:\/\/ruuby.ee\/\"},{\"@type\":\"ListItem\",\"position\":2,\"name\":\"Pood\",\"item\":\"https:\/\/ruuby.ee\/en\/pood\/\"},{\"@type\":\"ListItem\",\"position\":3,\"name\":\"RAINKISS &#8211; Digi Spring Camo, laste vihmakeep (120-160cm)\"}]},{\"@type\":\"WebSite\",\"@id\":\"http:\/\/ruuby.ee\/#website\",\"url\":\"http:\/\/ruuby.ee\/\",\"name\":\"RUUBY\",\"description\":\"Ruubys on \u00fchendatud elustiil ja disain\",\"publisher\":{\"@id\":\"http:\/\/ruuby.ee\/#organization\"},\"alternateName\":\"Ruuby Disain\",\"potentialAction\":[{\"@type\":\"SearchAction\",\"target\":{\"@type\":\"EntryPoint\",\"urlTemplate\":\"http:\/\/ruuby.ee\/?s={search_term_string}\"},\"query-input\":{\"@type\":\"PropertyValueSpecification\",\"valueRequired\":true,\"valueName\":\"search_term_string\"}}],\"inLanguage\":\"en-GB\"},{\"@type\":\"Organization\",\"@id\":\"http:\/\/ruuby.ee\/#organization\",\"name\":\"Ruuby Disain O\u00dc\",\"alternateName\":\"Ruuby\",\"url\":\"http:\/\/ruuby.ee\/\",\"logo\":{\"@type\":\"ImageObject\",\"inLanguage\":\"en-GB\",\"@id\":\"http:\/\/ruuby.ee\/#\/schema\/logo\/image\/\",\"url\":\"https:\/\/ruuby.ee\/wp-content\/uploads\/2023\/06\/cropped-Black-White-Elegant-Circle-Signature-Fashion-Logo-12_large.png\",\"contentUrl\":\"https:\/\/ruuby.ee\/wp-content\/uploads\/2023\/06\/cropped-Black-White-Elegant-Circle-Signature-Fashion-Logo-12_large.png\",\"width\":1280,\"height\":747,\"caption\":\"Ruuby Disain O\u00dc\"},\"image\":{\"@id\":\"http:\/\/ruuby.ee\/#\/schema\/logo\/image\/\"},\"sameAs\":[\"https:\/\/www.facebook.com\/ruubyconcept\",\"https:\/\/www.instagram.com\/ruuby_concept\/\"]}]}<\/script>\n<!-- \/ Yoast SEO plugin. -->","yoast_head_json":{"title":"RAINKISS - Digi Spring Camo, laste vihmakeep (120-160cm) - RUUBY","robots":{"index":"index","follow":"follow","max-snippet":"max-snippet:-1","max-image-preview":"max-image-preview:large","max-video-preview":"max-video-preview:-1"},"canonical":"https:\/\/ruuby.ee\/en\/pood\/lapsed\/riided\/vihmakeebid-riided\/rainkiss-digi-spring-camo-laste-vihmakeep-120-160cm\/","og_locale":"en_GB","og_type":"article","og_title":"RAINKISS - Digi Spring Camo, laste vihmakeep (120-160cm) - RUUBY","og_description":"Andke oma lastele vihmastel p\u00e4evadel energiat s\u00e4rava ja kauni Digi Spring Camo vihmapont\u0161oga. See detailne disain v\u00e4rskendab igal vihmasel p\u00e4eval fuksia, lilla, rohelise ja s\u00fcgavlilla v\u00e4rvidega. S\u00e4rav disain, mis h\u00f5lmab kevade ilu l\u00e4bi digitaalse maastiku. Meie pont\u0161od on t\u00e4iuslikult l\u00f5igatud teibitud \u00f5mblustega ja on 100% veekindlad. Meie jaoks on v\u00e4ga oluline t\u00f6\u00f6tada ainult j\u00e4tkusuutlike materjalidega, [&hellip;]","og_url":"https:\/\/ruuby.ee\/en\/pood\/lapsed\/riided\/vihmakeebid-riided\/rainkiss-digi-spring-camo-laste-vihmakeep-120-160cm\/","og_site_name":"RUUBY","article_publisher":"https:\/\/www.facebook.com\/ruubyconcept","article_modified_time":"2026-04-05T22:26:29+00:00","og_image":[{"width":1500,"height":2254,"url":"https:\/\/ruuby.ee\/wp-content\/uploads\/2023\/08\/IMG_6602.webp","type":"image\/webp"}],"twitter_card":"summary_large_image","twitter_misc":{"Estimated reading time":"1 minute"},"schema":{"@context":"https:\/\/schema.org","@graph":[{"@type":["WebPage","ItemPage"],"@id":"https:\/\/ruuby.ee\/en\/pood\/lapsed\/riided\/vihmakeebid-riided\/rainkiss-digi-spring-camo-laste-vihmakeep-120-160cm\/","url":"https:\/\/ruuby.ee\/en\/pood\/lapsed\/riided\/vihmakeebid-riided\/rainkiss-digi-spring-camo-laste-vihmakeep-120-160cm\/","name":"RAINKISS - Digi Spring Camo, laste vihmakeep (120-160cm) - RUUBY","isPartOf":{"@id":"http:\/\/ruuby.ee\/#website"},"primaryImageOfPage":{"@id":"https:\/\/ruuby.ee\/en\/pood\/lapsed\/riided\/vihmakeebid-riided\/rainkiss-digi-spring-camo-laste-vihmakeep-120-160cm\/#primaryimage"},"image":{"@id":"https:\/\/ruuby.ee\/en\/pood\/lapsed\/riided\/vihmakeebid-riided\/rainkiss-digi-spring-camo-laste-vihmakeep-120-160cm\/#primaryimage"},"thumbnailUrl":"https:\/\/ruuby.ee\/wp-content\/uploads\/2023\/08\/IMG_6602.webp","datePublished":"2023-08-15T20:17:03+00:00","dateModified":"2026-04-05T22:26:29+00:00","breadcrumb":{"@id":"https:\/\/ruuby.ee\/en\/pood\/lapsed\/riided\/vihmakeebid-riided\/rainkiss-digi-spring-camo-laste-vihmakeep-120-160cm\/#breadcrumb"},"inLanguage":"en-GB","potentialAction":[{"@type":"ReadAction","target":["https:\/\/ruuby.ee\/en\/pood\/lapsed\/riided\/vihmakeebid-riided\/rainkiss-digi-spring-camo-laste-vihmakeep-120-160cm\/"]}]},{"@type":"ImageObject","inLanguage":"en-GB","@id":"https:\/\/ruuby.ee\/en\/pood\/lapsed\/riided\/vihmakeebid-riided\/rainkiss-digi-spring-camo-laste-vihmakeep-120-160cm\/#primaryimage","url":"https:\/\/ruuby.ee\/wp-content\/uploads\/2023\/08\/IMG_6602.webp","contentUrl":"https:\/\/ruuby.ee\/wp-content\/uploads\/2023\/08\/IMG_6602.webp","width":1500,"height":2254},{"@type":"BreadcrumbList","@id":"https:\/\/ruuby.ee\/en\/pood\/lapsed\/riided\/vihmakeebid-riided\/rainkiss-digi-spring-camo-laste-vihmakeep-120-160cm\/#breadcrumb","itemListElement":[{"@type":"ListItem","position":1,"name":"Kdu","item":"http:\/\/ruuby.ee\/"},{"@type":"ListItem","position":2,"name":"Pood","item":"https:\/\/ruuby.ee\/en\/pood\/"},{"@type":"ListItem","position":3,"name":"RAINKISS &#8211; Digi Spring Camo, laste vihmakeep (120-160cm)"}]},{"@type":"WebSite","@id":"http:\/\/ruuby.ee\/#website","url":"http:\/\/ruuby.ee\/","name":"RUUBY","description":"Ruubys on \u00fchendatud elustiil ja disain","publisher":{"@id":"http:\/\/ruuby.ee\/#organization"},"alternateName":"Ruuby Disain","potentialAction":[{"@type":"SearchAction","target":{"@type":"EntryPoint","urlTemplate":"http:\/\/ruuby.ee\/?s={search_term_string}"},"query-input":{"@type":"PropertyValueSpecification","valueRequired":true,"valueName":"search_term_string"}}],"inLanguage":"en-GB"},{"@type":"Organization","@id":"http:\/\/ruuby.ee\/#organization","name":"Ruuby Disain O\u00dc","alternateName":"Ruuby","url":"http:\/\/ruuby.ee\/","logo":{"@type":"ImageObject","inLanguage":"en-GB","@id":"http:\/\/ruuby.ee\/#\/schema\/logo\/image\/","url":"https:\/\/ruuby.ee\/wp-content\/uploads\/2023\/06\/cropped-Black-White-Elegant-Circle-Signature-Fashion-Logo-12_large.png","contentUrl":"https:\/\/ruuby.ee\/wp-content\/uploads\/2023\/06\/cropped-Black-White-Elegant-Circle-Signature-Fashion-Logo-12_large.png","width":1280,"height":747,"caption":"Ruuby Disain O\u00dc"},"image":{"@id":"http:\/\/ruuby.ee\/#\/schema\/logo\/image\/"},"sameAs":["https:\/\/www.facebook.com\/ruubyconcept","https:\/\/www.instagram.com\/ruuby_concept\/"]}]}},"jetpack_sharing_enabled":true,"_links":{"self":[{"href":"https:\/\/ruuby.ee\/en\/wp-json\/wp\/v2\/product\/1838400","targetHints":{"allow":["GET"]}}],"collection":[{"href":"https:\/\/ruuby.ee\/en\/wp-json\/wp\/v2\/product"}],"about":[{"href":"https:\/\/ruuby.ee\/en\/wp-json\/wp\/v2\/types\/product"}],"replies":[{"embeddable":true,"href":"https:\/\/ruuby.ee\/en\/wp-json\/wp\/v2\/comments?post=1838400"}],"wp:featuredmedia":[{"embeddable":true,"href":"https:\/\/ruuby.ee\/en\/wp-json\/wp\/v2\/media\/1838359"}],"wp:attachment":[{"href":"https:\/\/ruuby.ee\/en\/wp-json\/wp\/v2\/media?parent=1838400"}],"wp:term":[{"taxonomy":"product_brand","embeddable":true,"href":"https:\/\/ruuby.ee\/en\/wp-json\/wp\/v2\/product_brand?post=1838400"},{"taxonomy":"product_cat","embeddable":true,"href":"https:\/\/ruuby.ee\/en\/wp-json\/wp\/v2\/product_cat?post=1838400"},{"taxonomy":"product_tag","embeddable":true,"href":"https:\/\/ruuby.ee\/en\/wp-json\/wp\/v2\/product_tag?post=1838400"}],"curies":[{"name":"wp","href":"https:\/\/api.w.org\/{rel}","templated":true}]}}