{"id":1838394,"date":"2023-08-15T22:57:58","date_gmt":"2023-08-15T19:57:58","guid":{"rendered":"http:\/\/ruuby.ee\/?post_type=product&#038;p=1838394"},"modified":"2026-04-05T01:25:33","modified_gmt":"2026-04-04T22:25:33","slug":"rainkiss-digi-forest-camo-rain-poncho","status":"publish","type":"product","link":"https:\/\/ruuby.ee\/en\/pood\/roivakaubad\/rainkiss-digi-forest-camo-rain-poncho\/","title":{"rendered":"RAINKISS &#8211; Digi Forest Camo, vihmakeep"},"content":{"rendered":"<p>Tehke igast vihmasest p\u00e4evast pikk jalutusk\u00e4ik metsas.<\/p>\n<p>P\u00f5letatud oran\u017e, kahvatukollased ja jahedad sinakaspruunid segunevad rahustavate maatoonidega. Digi Forest Camo vihmapont\u0161ol on julge 7-v\u00e4rviline tr\u00fckk ja otsekohene v\u00e4limus, mis hoiab teid kuivana ja meele rahulikuna. Futuristlik disain, mis h\u00f5lmab metsa rahulikkust l\u00e4bi digitaalse maastiku.<\/p>\n<p>Meie pont\u0161od on t\u00e4iuslikult l\u00f5igatud teibitud \u00f5mblustega ja on 100% veekindlad. Meie jaoks on v\u00e4ga oluline t\u00f6\u00f6tada ainult j\u00e4tkusuutlike materjalidega, nagu ringlussev\u00f5etud pol\u00fcester. M\u00f5ned valikud elus on seda v\u00e4\u00e4rt.<\/p>\n<div>\n<p>&#8211; \u00dcks suurus sobib k\u00f5igile<br \/>\n&#8211; 7000 mm veekindel sammas, hoiab teid t\u00f5siselt kuivana<br \/>\n&#8211; T\u00e4pselt l\u00f5igatud<br \/>\n&#8211; Sertifitseeritud 100% taaskasutatud pol\u00fcester<br \/>\n&#8211; Lihtne kokku panna &#8211; Sisseehitatud hoiukott<br \/>\n&#8211; Esmaklassiline takjakinnitusega mansettsulgur QR-koodidega Weather Appi ja Spotify esitusloendite jaoks<br \/>\n&#8211; Reguleeritav kapuuts<br \/>\n&#8211; Kahe nupu k\u00fcljepaneeli reguleerimine &#8211; ideaalne jalgrattaga s\u00f5itmiseks<br \/>\n&#8211; Lihtne kaasas kanda &#8211; Kaal: 250 g &#8211; M\u00f5\u00f5dud kotis: 31 x 33 x 2 cm<\/p>\n<\/div>\n<div>\n<p>Pikkusele: 160-195cm<\/p>\n<\/div>","protected":false},"excerpt":{"rendered":"<p>Tehke igast vihmasest p\u00e4evast pikk jalutusk\u00e4ik metsas. P\u00f5letatud oran\u017e, kahvatukollased ja jahedad sinakaspruunid segunevad rahustavate maatoonidega. Digi Forest Camo vihmapont\u0161ol on julge 7-v\u00e4rviline tr\u00fckk ja otsekohene v\u00e4limus, mis hoiab teid kuivana ja meele rahulikuna. Futuristlik disain, mis h\u00f5lmab metsa rahulikkust l\u00e4bi digitaalse maastiku. Meie pont\u0161od on t\u00e4iuslikult l\u00f5igatud teibitud \u00f5mblustega ja on 100% veekindlad. Meie [&hellip;]<\/p>\n","protected":false},"featured_media":1838375,"comment_status":"open","ping_status":"closed","template":"","meta":[],"product_brand":[],"product_cat":[24,627],"product_tag":[],"class_list":{"0":"post-1838394","1":"product","2":"type-product","3":"status-publish","4":"has-post-thumbnail","6":"product_cat-roivakaubad","7":"product_cat-vihmakeebid","9":"first","10":"outofstock","11":"taxable","12":"shipping-taxable","13":"purchasable","14":"product-type-simple"},"yoast_head":"<!-- This site is optimized with the Yoast SEO plugin v27.2 - https:\/\/yoast.com\/product\/yoast-seo-wordpress\/ -->\n<title>RAINKISS - Digi Forest Camo, vihmakeep - RUUBY<\/title>\n<meta name=\"robots\" content=\"index, follow, max-snippet:-1, max-image-preview:large, max-video-preview:-1\" \/>\n<link rel=\"canonical\" href=\"http:\/\/ruuby.ee\/en\/pood\/roivakaubad\/rainkiss-digi-forest-camo-rain-poncho\/\" \/>\n<meta property=\"og:locale\" content=\"en_GB\" \/>\n<meta property=\"og:type\" content=\"article\" \/>\n<meta property=\"og:title\" content=\"RAINKISS - Digi Forest Camo, vihmakeep - RUUBY\" \/>\n<meta property=\"og:description\" content=\"Tehke igast vihmasest p\u00e4evast pikk jalutusk\u00e4ik metsas. P\u00f5letatud oran\u017e, kahvatukollased ja jahedad sinakaspruunid segunevad rahustavate maatoonidega. Digi Forest Camo vihmapont\u0161ol on julge 7-v\u00e4rviline tr\u00fckk ja otsekohene v\u00e4limus, mis hoiab teid kuivana ja meele rahulikuna. Futuristlik disain, mis h\u00f5lmab metsa rahulikkust l\u00e4bi digitaalse maastiku. Meie pont\u0161od on t\u00e4iuslikult l\u00f5igatud teibitud \u00f5mblustega ja on 100% veekindlad. Meie [&hellip;]\" \/>\n<meta property=\"og:url\" content=\"http:\/\/ruuby.ee\/en\/pood\/roivakaubad\/rainkiss-digi-forest-camo-rain-poncho\/\" \/>\n<meta property=\"og:site_name\" content=\"RUUBY\" \/>\n<meta property=\"article:publisher\" content=\"https:\/\/www.facebook.com\/ruubyconcept\" \/>\n<meta property=\"article:modified_time\" content=\"2026-04-04T22:25:33+00:00\" \/>\n<meta property=\"og:image\" content=\"http:\/\/ruuby.ee\/wp-content\/uploads\/2023\/08\/IMG_6218-scaled.webp\" \/>\n\t<meta property=\"og:image:width\" content=\"1703\" \/>\n\t<meta property=\"og:image:height\" content=\"2560\" \/>\n\t<meta property=\"og:image:type\" content=\"image\/webp\" \/>\n<meta name=\"twitter:card\" content=\"summary_large_image\" \/>\n<meta name=\"twitter:label1\" content=\"Estimated reading time\" \/>\n\t<meta name=\"twitter:data1\" content=\"1 minute\" \/>\n<script type=\"application\/ld+json\" class=\"yoast-schema-graph\">{\"@context\":\"https:\/\/schema.org\",\"@graph\":[{\"@type\":[\"WebPage\",\"ItemPage\"],\"@id\":\"http:\/\/ruuby.ee\/pood\/roivakaubad\/rainkiss-digi-forest-camo-rain-poncho\/\",\"url\":\"http:\/\/ruuby.ee\/pood\/roivakaubad\/rainkiss-digi-forest-camo-rain-poncho\/\",\"name\":\"RAINKISS - Digi Forest Camo, vihmakeep - RUUBY\",\"isPartOf\":{\"@id\":\"http:\/\/ruuby.ee\/#website\"},\"primaryImageOfPage\":{\"@id\":\"http:\/\/ruuby.ee\/pood\/roivakaubad\/rainkiss-digi-forest-camo-rain-poncho\/#primaryimage\"},\"image\":{\"@id\":\"http:\/\/ruuby.ee\/pood\/roivakaubad\/rainkiss-digi-forest-camo-rain-poncho\/#primaryimage\"},\"thumbnailUrl\":\"https:\/\/ruuby.ee\/wp-content\/uploads\/2023\/08\/IMG_6218-scaled.webp\",\"datePublished\":\"2023-08-15T19:57:58+00:00\",\"dateModified\":\"2026-04-04T22:25:33+00:00\",\"breadcrumb\":{\"@id\":\"http:\/\/ruuby.ee\/pood\/roivakaubad\/rainkiss-digi-forest-camo-rain-poncho\/#breadcrumb\"},\"inLanguage\":\"en-GB\",\"potentialAction\":[{\"@type\":\"ReadAction\",\"target\":[\"http:\/\/ruuby.ee\/pood\/roivakaubad\/rainkiss-digi-forest-camo-rain-poncho\/\"]}]},{\"@type\":\"ImageObject\",\"inLanguage\":\"en-GB\",\"@id\":\"http:\/\/ruuby.ee\/pood\/roivakaubad\/rainkiss-digi-forest-camo-rain-poncho\/#primaryimage\",\"url\":\"https:\/\/ruuby.ee\/wp-content\/uploads\/2023\/08\/IMG_6218-scaled.webp\",\"contentUrl\":\"https:\/\/ruuby.ee\/wp-content\/uploads\/2023\/08\/IMG_6218-scaled.webp\",\"width\":1703,\"height\":2560},{\"@type\":\"BreadcrumbList\",\"@id\":\"http:\/\/ruuby.ee\/pood\/roivakaubad\/rainkiss-digi-forest-camo-rain-poncho\/#breadcrumb\",\"itemListElement\":[{\"@type\":\"ListItem\",\"position\":1,\"name\":\"Kdu\",\"item\":\"http:\/\/ruuby.ee\/\"},{\"@type\":\"ListItem\",\"position\":2,\"name\":\"Pood\",\"item\":\"https:\/\/ruuby.ee\/en\/pood\/\"},{\"@type\":\"ListItem\",\"position\":3,\"name\":\"RAINKISS &#8211; Digi Forest Camo, vihmakeep\"}]},{\"@type\":\"WebSite\",\"@id\":\"http:\/\/ruuby.ee\/#website\",\"url\":\"http:\/\/ruuby.ee\/\",\"name\":\"RUUBY\",\"description\":\"Ruubys on \u00fchendatud elustiil ja disain\",\"publisher\":{\"@id\":\"http:\/\/ruuby.ee\/#organization\"},\"alternateName\":\"Ruuby Disain\",\"potentialAction\":[{\"@type\":\"SearchAction\",\"target\":{\"@type\":\"EntryPoint\",\"urlTemplate\":\"http:\/\/ruuby.ee\/?s={search_term_string}\"},\"query-input\":{\"@type\":\"PropertyValueSpecification\",\"valueRequired\":true,\"valueName\":\"search_term_string\"}}],\"inLanguage\":\"en-GB\"},{\"@type\":\"Organization\",\"@id\":\"http:\/\/ruuby.ee\/#organization\",\"name\":\"Ruuby Disain O\u00dc\",\"alternateName\":\"Ruuby\",\"url\":\"http:\/\/ruuby.ee\/\",\"logo\":{\"@type\":\"ImageObject\",\"inLanguage\":\"en-GB\",\"@id\":\"http:\/\/ruuby.ee\/#\/schema\/logo\/image\/\",\"url\":\"https:\/\/ruuby.ee\/wp-content\/uploads\/2023\/06\/cropped-Black-White-Elegant-Circle-Signature-Fashion-Logo-12_large.png\",\"contentUrl\":\"https:\/\/ruuby.ee\/wp-content\/uploads\/2023\/06\/cropped-Black-White-Elegant-Circle-Signature-Fashion-Logo-12_large.png\",\"width\":1280,\"height\":747,\"caption\":\"Ruuby Disain O\u00dc\"},\"image\":{\"@id\":\"http:\/\/ruuby.ee\/#\/schema\/logo\/image\/\"},\"sameAs\":[\"https:\/\/www.facebook.com\/ruubyconcept\",\"https:\/\/www.instagram.com\/ruuby_concept\/\"]}]}<\/script>\n<!-- \/ Yoast SEO plugin. -->","yoast_head_json":{"title":"RAINKISS - Digi Forest Camo, vihmakeep - RUUBY","robots":{"index":"index","follow":"follow","max-snippet":"max-snippet:-1","max-image-preview":"max-image-preview:large","max-video-preview":"max-video-preview:-1"},"canonical":"http:\/\/ruuby.ee\/en\/pood\/roivakaubad\/rainkiss-digi-forest-camo-rain-poncho\/","og_locale":"en_GB","og_type":"article","og_title":"RAINKISS - Digi Forest Camo, vihmakeep - RUUBY","og_description":"Tehke igast vihmasest p\u00e4evast pikk jalutusk\u00e4ik metsas. P\u00f5letatud oran\u017e, kahvatukollased ja jahedad sinakaspruunid segunevad rahustavate maatoonidega. Digi Forest Camo vihmapont\u0161ol on julge 7-v\u00e4rviline tr\u00fckk ja otsekohene v\u00e4limus, mis hoiab teid kuivana ja meele rahulikuna. Futuristlik disain, mis h\u00f5lmab metsa rahulikkust l\u00e4bi digitaalse maastiku. Meie pont\u0161od on t\u00e4iuslikult l\u00f5igatud teibitud \u00f5mblustega ja on 100% veekindlad. Meie [&hellip;]","og_url":"http:\/\/ruuby.ee\/en\/pood\/roivakaubad\/rainkiss-digi-forest-camo-rain-poncho\/","og_site_name":"RUUBY","article_publisher":"https:\/\/www.facebook.com\/ruubyconcept","article_modified_time":"2026-04-04T22:25:33+00:00","og_image":[{"width":1703,"height":2560,"url":"http:\/\/ruuby.ee\/wp-content\/uploads\/2023\/08\/IMG_6218-scaled.webp","type":"image\/webp"}],"twitter_card":"summary_large_image","twitter_misc":{"Estimated reading time":"1 minute"},"schema":{"@context":"https:\/\/schema.org","@graph":[{"@type":["WebPage","ItemPage"],"@id":"http:\/\/ruuby.ee\/pood\/roivakaubad\/rainkiss-digi-forest-camo-rain-poncho\/","url":"http:\/\/ruuby.ee\/pood\/roivakaubad\/rainkiss-digi-forest-camo-rain-poncho\/","name":"RAINKISS - Digi Forest Camo, vihmakeep - RUUBY","isPartOf":{"@id":"http:\/\/ruuby.ee\/#website"},"primaryImageOfPage":{"@id":"http:\/\/ruuby.ee\/pood\/roivakaubad\/rainkiss-digi-forest-camo-rain-poncho\/#primaryimage"},"image":{"@id":"http:\/\/ruuby.ee\/pood\/roivakaubad\/rainkiss-digi-forest-camo-rain-poncho\/#primaryimage"},"thumbnailUrl":"https:\/\/ruuby.ee\/wp-content\/uploads\/2023\/08\/IMG_6218-scaled.webp","datePublished":"2023-08-15T19:57:58+00:00","dateModified":"2026-04-04T22:25:33+00:00","breadcrumb":{"@id":"http:\/\/ruuby.ee\/pood\/roivakaubad\/rainkiss-digi-forest-camo-rain-poncho\/#breadcrumb"},"inLanguage":"en-GB","potentialAction":[{"@type":"ReadAction","target":["http:\/\/ruuby.ee\/pood\/roivakaubad\/rainkiss-digi-forest-camo-rain-poncho\/"]}]},{"@type":"ImageObject","inLanguage":"en-GB","@id":"http:\/\/ruuby.ee\/pood\/roivakaubad\/rainkiss-digi-forest-camo-rain-poncho\/#primaryimage","url":"https:\/\/ruuby.ee\/wp-content\/uploads\/2023\/08\/IMG_6218-scaled.webp","contentUrl":"https:\/\/ruuby.ee\/wp-content\/uploads\/2023\/08\/IMG_6218-scaled.webp","width":1703,"height":2560},{"@type":"BreadcrumbList","@id":"http:\/\/ruuby.ee\/pood\/roivakaubad\/rainkiss-digi-forest-camo-rain-poncho\/#breadcrumb","itemListElement":[{"@type":"ListItem","position":1,"name":"Kdu","item":"http:\/\/ruuby.ee\/"},{"@type":"ListItem","position":2,"name":"Pood","item":"https:\/\/ruuby.ee\/en\/pood\/"},{"@type":"ListItem","position":3,"name":"RAINKISS &#8211; Digi Forest Camo, vihmakeep"}]},{"@type":"WebSite","@id":"http:\/\/ruuby.ee\/#website","url":"http:\/\/ruuby.ee\/","name":"RUUBY","description":"Ruubys on \u00fchendatud elustiil ja disain","publisher":{"@id":"http:\/\/ruuby.ee\/#organization"},"alternateName":"Ruuby Disain","potentialAction":[{"@type":"SearchAction","target":{"@type":"EntryPoint","urlTemplate":"http:\/\/ruuby.ee\/?s={search_term_string}"},"query-input":{"@type":"PropertyValueSpecification","valueRequired":true,"valueName":"search_term_string"}}],"inLanguage":"en-GB"},{"@type":"Organization","@id":"http:\/\/ruuby.ee\/#organization","name":"Ruuby Disain O\u00dc","alternateName":"Ruuby","url":"http:\/\/ruuby.ee\/","logo":{"@type":"ImageObject","inLanguage":"en-GB","@id":"http:\/\/ruuby.ee\/#\/schema\/logo\/image\/","url":"https:\/\/ruuby.ee\/wp-content\/uploads\/2023\/06\/cropped-Black-White-Elegant-Circle-Signature-Fashion-Logo-12_large.png","contentUrl":"https:\/\/ruuby.ee\/wp-content\/uploads\/2023\/06\/cropped-Black-White-Elegant-Circle-Signature-Fashion-Logo-12_large.png","width":1280,"height":747,"caption":"Ruuby Disain O\u00dc"},"image":{"@id":"http:\/\/ruuby.ee\/#\/schema\/logo\/image\/"},"sameAs":["https:\/\/www.facebook.com\/ruubyconcept","https:\/\/www.instagram.com\/ruuby_concept\/"]}]}},"jetpack_sharing_enabled":true,"_links":{"self":[{"href":"https:\/\/ruuby.ee\/en\/wp-json\/wp\/v2\/product\/1838394","targetHints":{"allow":["GET"]}}],"collection":[{"href":"https:\/\/ruuby.ee\/en\/wp-json\/wp\/v2\/product"}],"about":[{"href":"https:\/\/ruuby.ee\/en\/wp-json\/wp\/v2\/types\/product"}],"replies":[{"embeddable":true,"href":"https:\/\/ruuby.ee\/en\/wp-json\/wp\/v2\/comments?post=1838394"}],"wp:featuredmedia":[{"embeddable":true,"href":"https:\/\/ruuby.ee\/en\/wp-json\/wp\/v2\/media\/1838375"}],"wp:attachment":[{"href":"https:\/\/ruuby.ee\/en\/wp-json\/wp\/v2\/media?parent=1838394"}],"wp:term":[{"taxonomy":"product_brand","embeddable":true,"href":"https:\/\/ruuby.ee\/en\/wp-json\/wp\/v2\/product_brand?post=1838394"},{"taxonomy":"product_cat","embeddable":true,"href":"https:\/\/ruuby.ee\/en\/wp-json\/wp\/v2\/product_cat?post=1838394"},{"taxonomy":"product_tag","embeddable":true,"href":"https:\/\/ruuby.ee\/en\/wp-json\/wp\/v2\/product_tag?post=1838394"}],"curies":[{"name":"wp","href":"https:\/\/api.w.org\/{rel}","templated":true}]}}