{"id":1837194,"date":"2023-07-19T17:30:04","date_gmt":"2023-07-19T14:30:04","guid":{"rendered":"http:\/\/ruuby.ee\/?post_type=product&#038;p=1837194"},"modified":"2026-04-08T01:28:41","modified_gmt":"2026-04-07T22:28:41","slug":"izipizi-junior-navy-blue-d","status":"publish","type":"product","link":"https:\/\/ruuby.ee\/en\/pood\/aksessuaarid\/prillid\/izipizi-sun-5-10a\/izipizi-junior-navy-blue-d\/","title":{"rendered":"IZIPIZI JUNIOR SUN #D p\u00e4ikeseprillid (5-10.a) \u2013 Navy Blue"},"content":{"rendered":"<p>IZIPIZI hoolitseb teie laste silmade eest kollektsiooniga JUNIOR SUN. 5-10-aastased t\u00fcdrukud ja poisid saavad n\u00fc\u00fcd kanda stiilseid kvaliteetseid v\u00e4rvilisi p\u00e4ikeseprille, mis pakuvad optimaalset kaitset t\u00e4nu meie 100% UV-ga 3. kategooria l\u00e4\u00e4tsedele.<\/p>\n<p>Moehoiatus! Otseselt kohandatud t\u00e4iskasvanutele m\u00f5eldud #SUN kollektsioonist. Kaitse, mugavus ja disain, suurep\u00e4rane mudel p\u00e4ikesepaistelisteks p\u00e4evadeks!<\/p>\n<p>Paindlikud ja mugavad vedruhingedega sangad, mis kohanduvad iga n\u00e4okuju ja suurusega.<\/p>\n<p>P\u00e4ikese l\u00e4\u00e4tsed klass. 3<\/p>\n<p>UV-kiirgus kahjustab silmarakke. Aja m\u00f6\u00f6dudes l\u00e4heb uuendamine j\u00e4rjest kehvemini. SUN-prillid pakuvad kohandatud kaitset 100% UV-kategooria 3 l\u00e4\u00e4tsedega, mis kaitsevad pimestamise eest ja filtreerivad 100% ultraviolettkiirte (UV) kiirte eest.<\/p>","protected":false},"excerpt":{"rendered":"<p>IZIPIZI hoolitseb teie laste silmade eest kollektsiooniga JUNIOR SUN. 5-10-aastased t\u00fcdrukud ja poisid saavad n\u00fc\u00fcd kanda stiilseid kvaliteetseid v\u00e4rvilisi p\u00e4ikeseprille, mis pakuvad optimaalset kaitset t\u00e4nu meie 100% UV-ga 3. kategooria l\u00e4\u00e4tsedele. Moehoiatus! Otseselt kohandatud t\u00e4iskasvanutele m\u00f5eldud #SUN kollektsioonist. Kaitse, mugavus ja disain, suurep\u00e4rane mudel p\u00e4ikesepaistelisteks p\u00e4evadeks! Paindlikud ja mugavad vedruhingedega sangad, mis kohanduvad iga n\u00e4okuju [&hellip;]<\/p>\n","protected":false},"featured_media":1837195,"comment_status":"open","ping_status":"closed","template":"","meta":[],"product_brand":[],"product_cat":[1026,1021,319,61],"product_tag":[],"class_list":{"0":"post-1837194","1":"product","2":"type-product","3":"status-publish","4":"has-post-thumbnail","6":"product_cat-izipizi","7":"product_cat-izipizi-sun-5-10a","8":"product_cat-paikeseprillid","9":"product_cat-prillid","11":"first","12":"outofstock","13":"taxable","14":"shipping-taxable","15":"purchasable","16":"product-type-simple"},"yoast_head":"<!-- This site is optimized with the Yoast SEO plugin v27.3 - https:\/\/yoast.com\/product\/yoast-seo-wordpress\/ -->\n<title>IZIPIZI JUNIOR SUN #D p\u00e4ikeseprillid (5-10.a) \u2013 Navy Blue - RUUBY<\/title>\n<meta name=\"robots\" content=\"index, follow, max-snippet:-1, max-image-preview:large, max-video-preview:-1\" \/>\n<link rel=\"canonical\" href=\"http:\/\/ruuby.ee\/en\/pood\/aksessuaarid\/prillid\/izipizi-sun-5-10a\/izipizi-junior-navy-blue-d\/\" \/>\n<meta property=\"og:locale\" content=\"en_GB\" \/>\n<meta property=\"og:type\" content=\"article\" \/>\n<meta property=\"og:title\" content=\"IZIPIZI JUNIOR SUN #D p\u00e4ikeseprillid (5-10.a) \u2013 Navy Blue - RUUBY\" \/>\n<meta property=\"og:description\" content=\"IZIPIZI hoolitseb teie laste silmade eest kollektsiooniga JUNIOR SUN. 5-10-aastased t\u00fcdrukud ja poisid saavad n\u00fc\u00fcd kanda stiilseid kvaliteetseid v\u00e4rvilisi p\u00e4ikeseprille, mis pakuvad optimaalset kaitset t\u00e4nu meie 100% UV-ga 3. kategooria l\u00e4\u00e4tsedele. Moehoiatus! Otseselt kohandatud t\u00e4iskasvanutele m\u00f5eldud #SUN kollektsioonist. Kaitse, mugavus ja disain, suurep\u00e4rane mudel p\u00e4ikesepaistelisteks p\u00e4evadeks! Paindlikud ja mugavad vedruhingedega sangad, mis kohanduvad iga n\u00e4okuju [&hellip;]\" \/>\n<meta property=\"og:url\" content=\"http:\/\/ruuby.ee\/en\/pood\/aksessuaarid\/prillid\/izipizi-sun-5-10a\/izipizi-junior-navy-blue-d\/\" \/>\n<meta property=\"og:site_name\" content=\"RUUBY\" \/>\n<meta property=\"article:publisher\" content=\"https:\/\/www.facebook.com\/ruubyconcept\" \/>\n<meta property=\"article:modified_time\" content=\"2026-04-07T22:28:41+00:00\" \/>\n<meta property=\"og:image\" content=\"http:\/\/ruuby.ee\/wp-content\/uploads\/2023\/07\/Screenshot-2023-07-19-at-17.27.32.png\" \/>\n\t<meta property=\"og:image:width\" content=\"1516\" \/>\n\t<meta property=\"og:image:height\" content=\"1236\" \/>\n\t<meta property=\"og:image:type\" content=\"image\/png\" \/>\n<meta name=\"twitter:card\" content=\"summary_large_image\" \/>\n<meta name=\"twitter:label1\" content=\"Estimated reading time\" \/>\n\t<meta name=\"twitter:data1\" content=\"1 minute\" \/>\n<script type=\"application\/ld+json\" class=\"yoast-schema-graph\">{\"@context\":\"https:\\\/\\\/schema.org\",\"@graph\":[{\"@type\":[\"WebPage\",\"ItemPage\"],\"@id\":\"http:\\\/\\\/ruuby.ee\\\/pood\\\/aksessuaarid\\\/prillid\\\/izipizi-sun-5-10a\\\/izipizi-junior-navy-blue-d\\\/\",\"url\":\"http:\\\/\\\/ruuby.ee\\\/pood\\\/aksessuaarid\\\/prillid\\\/izipizi-sun-5-10a\\\/izipizi-junior-navy-blue-d\\\/\",\"name\":\"IZIPIZI JUNIOR SUN #D p\u00e4ikeseprillid (5-10.a) \u2013 Navy Blue - RUUBY\",\"isPartOf\":{\"@id\":\"http:\\\/\\\/ruuby.ee\\\/en\\\/#website\"},\"primaryImageOfPage\":{\"@id\":\"http:\\\/\\\/ruuby.ee\\\/pood\\\/aksessuaarid\\\/prillid\\\/izipizi-sun-5-10a\\\/izipizi-junior-navy-blue-d\\\/#primaryimage\"},\"image\":{\"@id\":\"http:\\\/\\\/ruuby.ee\\\/pood\\\/aksessuaarid\\\/prillid\\\/izipizi-sun-5-10a\\\/izipizi-junior-navy-blue-d\\\/#primaryimage\"},\"thumbnailUrl\":\"https:\\\/\\\/ruuby.ee\\\/wp-content\\\/uploads\\\/2023\\\/07\\\/Screenshot-2023-07-19-at-17.27.32.png\",\"datePublished\":\"2023-07-19T14:30:04+00:00\",\"dateModified\":\"2026-04-07T22:28:41+00:00\",\"breadcrumb\":{\"@id\":\"http:\\\/\\\/ruuby.ee\\\/pood\\\/aksessuaarid\\\/prillid\\\/izipizi-sun-5-10a\\\/izipizi-junior-navy-blue-d\\\/#breadcrumb\"},\"inLanguage\":\"en-GB\",\"potentialAction\":[{\"@type\":\"ReadAction\",\"target\":[\"http:\\\/\\\/ruuby.ee\\\/pood\\\/aksessuaarid\\\/prillid\\\/izipizi-sun-5-10a\\\/izipizi-junior-navy-blue-d\\\/\"]}]},{\"@type\":\"ImageObject\",\"inLanguage\":\"en-GB\",\"@id\":\"http:\\\/\\\/ruuby.ee\\\/pood\\\/aksessuaarid\\\/prillid\\\/izipizi-sun-5-10a\\\/izipizi-junior-navy-blue-d\\\/#primaryimage\",\"url\":\"https:\\\/\\\/ruuby.ee\\\/wp-content\\\/uploads\\\/2023\\\/07\\\/Screenshot-2023-07-19-at-17.27.32.png\",\"contentUrl\":\"https:\\\/\\\/ruuby.ee\\\/wp-content\\\/uploads\\\/2023\\\/07\\\/Screenshot-2023-07-19-at-17.27.32.png\",\"width\":1516,\"height\":1236},{\"@type\":\"BreadcrumbList\",\"@id\":\"http:\\\/\\\/ruuby.ee\\\/pood\\\/aksessuaarid\\\/prillid\\\/izipizi-sun-5-10a\\\/izipizi-junior-navy-blue-d\\\/#breadcrumb\",\"itemListElement\":[{\"@type\":\"ListItem\",\"position\":1,\"name\":\"Kdu\",\"item\":\"http:\\\/\\\/ruuby.ee\\\/en\\\/\"},{\"@type\":\"ListItem\",\"position\":2,\"name\":\"Pood\",\"item\":\"http:\\\/\\\/ruuby.ee\\\/en\\\/pood\\\/\"},{\"@type\":\"ListItem\",\"position\":3,\"name\":\"IZIPIZI JUNIOR SUN #D p\u00e4ikeseprillid (5-10.a) \u2013 Navy Blue\"}]},{\"@type\":\"WebSite\",\"@id\":\"http:\\\/\\\/ruuby.ee\\\/en\\\/#website\",\"url\":\"http:\\\/\\\/ruuby.ee\\\/en\\\/\",\"name\":\"RUUBY\",\"description\":\"Ruubys on \u00fchendatud elustiil ja disain\",\"publisher\":{\"@id\":\"http:\\\/\\\/ruuby.ee\\\/en\\\/#organization\"},\"alternateName\":\"Ruuby Disain\",\"potentialAction\":[{\"@type\":\"SearchAction\",\"target\":{\"@type\":\"EntryPoint\",\"urlTemplate\":\"http:\\\/\\\/ruuby.ee\\\/en\\\/?s={search_term_string}\"},\"query-input\":{\"@type\":\"PropertyValueSpecification\",\"valueRequired\":true,\"valueName\":\"search_term_string\"}}],\"inLanguage\":\"en-GB\"},{\"@type\":\"Organization\",\"@id\":\"http:\\\/\\\/ruuby.ee\\\/en\\\/#organization\",\"name\":\"Ruuby Disain O\u00dc\",\"alternateName\":\"Ruuby\",\"url\":\"http:\\\/\\\/ruuby.ee\\\/en\\\/\",\"logo\":{\"@type\":\"ImageObject\",\"inLanguage\":\"en-GB\",\"@id\":\"http:\\\/\\\/ruuby.ee\\\/en\\\/#\\\/schema\\\/logo\\\/image\\\/\",\"url\":\"https:\\\/\\\/ruuby.ee\\\/wp-content\\\/uploads\\\/2023\\\/06\\\/cropped-Black-White-Elegant-Circle-Signature-Fashion-Logo-12_large.png\",\"contentUrl\":\"https:\\\/\\\/ruuby.ee\\\/wp-content\\\/uploads\\\/2023\\\/06\\\/cropped-Black-White-Elegant-Circle-Signature-Fashion-Logo-12_large.png\",\"width\":1280,\"height\":747,\"caption\":\"Ruuby Disain O\u00dc\"},\"image\":{\"@id\":\"http:\\\/\\\/ruuby.ee\\\/en\\\/#\\\/schema\\\/logo\\\/image\\\/\"},\"sameAs\":[\"https:\\\/\\\/www.facebook.com\\\/ruubyconcept\",\"https:\\\/\\\/www.instagram.com\\\/ruuby_concept\\\/\"]}]}<\/script>\n<!-- \/ Yoast SEO plugin. -->","yoast_head_json":{"title":"IZIPIZI JUNIOR SUN #D p\u00e4ikeseprillid (5-10.a) \u2013 Navy Blue - RUUBY","robots":{"index":"index","follow":"follow","max-snippet":"max-snippet:-1","max-image-preview":"max-image-preview:large","max-video-preview":"max-video-preview:-1"},"canonical":"http:\/\/ruuby.ee\/en\/pood\/aksessuaarid\/prillid\/izipizi-sun-5-10a\/izipizi-junior-navy-blue-d\/","og_locale":"en_GB","og_type":"article","og_title":"IZIPIZI JUNIOR SUN #D p\u00e4ikeseprillid (5-10.a) \u2013 Navy Blue - RUUBY","og_description":"IZIPIZI hoolitseb teie laste silmade eest kollektsiooniga JUNIOR SUN. 5-10-aastased t\u00fcdrukud ja poisid saavad n\u00fc\u00fcd kanda stiilseid kvaliteetseid v\u00e4rvilisi p\u00e4ikeseprille, mis pakuvad optimaalset kaitset t\u00e4nu meie 100% UV-ga 3. kategooria l\u00e4\u00e4tsedele. Moehoiatus! Otseselt kohandatud t\u00e4iskasvanutele m\u00f5eldud #SUN kollektsioonist. Kaitse, mugavus ja disain, suurep\u00e4rane mudel p\u00e4ikesepaistelisteks p\u00e4evadeks! Paindlikud ja mugavad vedruhingedega sangad, mis kohanduvad iga n\u00e4okuju [&hellip;]","og_url":"http:\/\/ruuby.ee\/en\/pood\/aksessuaarid\/prillid\/izipizi-sun-5-10a\/izipizi-junior-navy-blue-d\/","og_site_name":"RUUBY","article_publisher":"https:\/\/www.facebook.com\/ruubyconcept","article_modified_time":"2026-04-07T22:28:41+00:00","og_image":[{"width":1516,"height":1236,"url":"http:\/\/ruuby.ee\/wp-content\/uploads\/2023\/07\/Screenshot-2023-07-19-at-17.27.32.png","type":"image\/png"}],"twitter_card":"summary_large_image","twitter_misc":{"Estimated reading time":"1 minute"},"schema":{"@context":"https:\/\/schema.org","@graph":[{"@type":["WebPage","ItemPage"],"@id":"http:\/\/ruuby.ee\/pood\/aksessuaarid\/prillid\/izipizi-sun-5-10a\/izipizi-junior-navy-blue-d\/","url":"http:\/\/ruuby.ee\/pood\/aksessuaarid\/prillid\/izipizi-sun-5-10a\/izipizi-junior-navy-blue-d\/","name":"IZIPIZI JUNIOR SUN #D p\u00e4ikeseprillid (5-10.a) \u2013 Navy Blue - RUUBY","isPartOf":{"@id":"http:\/\/ruuby.ee\/en\/#website"},"primaryImageOfPage":{"@id":"http:\/\/ruuby.ee\/pood\/aksessuaarid\/prillid\/izipizi-sun-5-10a\/izipizi-junior-navy-blue-d\/#primaryimage"},"image":{"@id":"http:\/\/ruuby.ee\/pood\/aksessuaarid\/prillid\/izipizi-sun-5-10a\/izipizi-junior-navy-blue-d\/#primaryimage"},"thumbnailUrl":"https:\/\/ruuby.ee\/wp-content\/uploads\/2023\/07\/Screenshot-2023-07-19-at-17.27.32.png","datePublished":"2023-07-19T14:30:04+00:00","dateModified":"2026-04-07T22:28:41+00:00","breadcrumb":{"@id":"http:\/\/ruuby.ee\/pood\/aksessuaarid\/prillid\/izipizi-sun-5-10a\/izipizi-junior-navy-blue-d\/#breadcrumb"},"inLanguage":"en-GB","potentialAction":[{"@type":"ReadAction","target":["http:\/\/ruuby.ee\/pood\/aksessuaarid\/prillid\/izipizi-sun-5-10a\/izipizi-junior-navy-blue-d\/"]}]},{"@type":"ImageObject","inLanguage":"en-GB","@id":"http:\/\/ruuby.ee\/pood\/aksessuaarid\/prillid\/izipizi-sun-5-10a\/izipizi-junior-navy-blue-d\/#primaryimage","url":"https:\/\/ruuby.ee\/wp-content\/uploads\/2023\/07\/Screenshot-2023-07-19-at-17.27.32.png","contentUrl":"https:\/\/ruuby.ee\/wp-content\/uploads\/2023\/07\/Screenshot-2023-07-19-at-17.27.32.png","width":1516,"height":1236},{"@type":"BreadcrumbList","@id":"http:\/\/ruuby.ee\/pood\/aksessuaarid\/prillid\/izipizi-sun-5-10a\/izipizi-junior-navy-blue-d\/#breadcrumb","itemListElement":[{"@type":"ListItem","position":1,"name":"Kdu","item":"http:\/\/ruuby.ee\/en\/"},{"@type":"ListItem","position":2,"name":"Pood","item":"http:\/\/ruuby.ee\/en\/pood\/"},{"@type":"ListItem","position":3,"name":"IZIPIZI JUNIOR SUN #D p\u00e4ikeseprillid (5-10.a) \u2013 Navy Blue"}]},{"@type":"WebSite","@id":"http:\/\/ruuby.ee\/en\/#website","url":"http:\/\/ruuby.ee\/en\/","name":"RUUBY","description":"Ruubys on \u00fchendatud elustiil ja disain","publisher":{"@id":"http:\/\/ruuby.ee\/en\/#organization"},"alternateName":"Ruuby Disain","potentialAction":[{"@type":"SearchAction","target":{"@type":"EntryPoint","urlTemplate":"http:\/\/ruuby.ee\/en\/?s={search_term_string}"},"query-input":{"@type":"PropertyValueSpecification","valueRequired":true,"valueName":"search_term_string"}}],"inLanguage":"en-GB"},{"@type":"Organization","@id":"http:\/\/ruuby.ee\/en\/#organization","name":"Ruuby Disain O\u00dc","alternateName":"Ruuby","url":"http:\/\/ruuby.ee\/en\/","logo":{"@type":"ImageObject","inLanguage":"en-GB","@id":"http:\/\/ruuby.ee\/en\/#\/schema\/logo\/image\/","url":"https:\/\/ruuby.ee\/wp-content\/uploads\/2023\/06\/cropped-Black-White-Elegant-Circle-Signature-Fashion-Logo-12_large.png","contentUrl":"https:\/\/ruuby.ee\/wp-content\/uploads\/2023\/06\/cropped-Black-White-Elegant-Circle-Signature-Fashion-Logo-12_large.png","width":1280,"height":747,"caption":"Ruuby Disain O\u00dc"},"image":{"@id":"http:\/\/ruuby.ee\/en\/#\/schema\/logo\/image\/"},"sameAs":["https:\/\/www.facebook.com\/ruubyconcept","https:\/\/www.instagram.com\/ruuby_concept\/"]}]}},"jetpack_sharing_enabled":true,"_links":{"self":[{"href":"https:\/\/ruuby.ee\/en\/wp-json\/wp\/v2\/product\/1837194","targetHints":{"allow":["GET"]}}],"collection":[{"href":"https:\/\/ruuby.ee\/en\/wp-json\/wp\/v2\/product"}],"about":[{"href":"https:\/\/ruuby.ee\/en\/wp-json\/wp\/v2\/types\/product"}],"replies":[{"embeddable":true,"href":"https:\/\/ruuby.ee\/en\/wp-json\/wp\/v2\/comments?post=1837194"}],"wp:featuredmedia":[{"embeddable":true,"href":"https:\/\/ruuby.ee\/en\/wp-json\/wp\/v2\/media\/1837195"}],"wp:attachment":[{"href":"https:\/\/ruuby.ee\/en\/wp-json\/wp\/v2\/media?parent=1837194"}],"wp:term":[{"taxonomy":"product_brand","embeddable":true,"href":"https:\/\/ruuby.ee\/en\/wp-json\/wp\/v2\/product_brand?post=1837194"},{"taxonomy":"product_cat","embeddable":true,"href":"https:\/\/ruuby.ee\/en\/wp-json\/wp\/v2\/product_cat?post=1837194"},{"taxonomy":"product_tag","embeddable":true,"href":"https:\/\/ruuby.ee\/en\/wp-json\/wp\/v2\/product_tag?post=1837194"}],"curies":[{"name":"wp","href":"https:\/\/api.w.org\/{rel}","templated":true}]}}