{"id":1837043,"date":"2023-07-14T20:59:29","date_gmt":"2023-07-14T17:59:29","guid":{"rendered":"http:\/\/ruuby.ee\/?post_type=product&#038;p=1837043"},"modified":"2026-04-08T01:28:42","modified_gmt":"2026-04-07T22:28:42","slug":"omy-varvikarp-pop","status":"publish","type":"product","link":"https:\/\/ruuby.ee\/en\/pood\/lapsed\/meisterdamine\/varvikarp\/omy-varvikarp-pop\/","title":{"rendered":"OMY &#8211; v\u00e4rvikarp, POP"},"content":{"rendered":"<p>M\u00e4ngige, v\u00e4rvige ja kaunistage!<\/p>\n<p>Populaarsed ja l\u00f5busad illustratsioonid, mis sobivad ideaalselt v\u00e4rvikaks eluks.<\/p>\n<p>Komplektis on k\u00f5ik: 1 pintsel, 6 akr\u00fc\u00fclv\u00e4rvi konteinerit, 2 neoonv\u00e4rvi, 6 dekoratiivset ripatsit ja 1 n\u00f6\u00f6r. \u00d5igete v\u00e4rvidega v\u00e4rvimiseks j\u00e4rgige joonisel olevaid numbreid. Kui teie kunstiteos on valmis, riputage oma v\u00e4ike dekoratiivne ripats v\u00f5i kinkige see.<\/p>\n<p>Sisu:\u00a06 rippuvat kujundust,\u00a01 pintsel,\u00a06 v\u00e4ikest potti akr\u00fc\u00fclv\u00e4rvi ja 1 n\u00f6\u00f6r riputamiseks<br \/>\nFormaat: 2 pappi suurusega 9,4 x 9,4 tolli<br \/>\nKoostis: 100% paber ja akr\u00fc\u00fclv\u00e4rv<br \/>\nM\u00f5eldud huumoriga meie Pariisi stuudios<\/p>","protected":false},"excerpt":{"rendered":"<p>M\u00e4ngige, v\u00e4rvige ja kaunistage! Populaarsed ja l\u00f5busad illustratsioonid, mis sobivad ideaalselt v\u00e4rvikaks eluks. Komplektis on k\u00f5ik: 1 pintsel, 6 akr\u00fc\u00fclv\u00e4rvi konteinerit, 2 neoonv\u00e4rvi, 6 dekoratiivset ripatsit ja 1 n\u00f6\u00f6r. \u00d5igete v\u00e4rvidega v\u00e4rvimiseks j\u00e4rgige joonisel olevaid numbreid. Kui teie kunstiteos on valmis, riputage oma v\u00e4ike dekoratiivne ripats v\u00f5i kinkige see. Sisu:\u00a06 rippuvat kujundust,\u00a01 pintsel,\u00a06 v\u00e4ikest potti [&hellip;]<\/p>\n","protected":false},"featured_media":1836573,"comment_status":"open","ping_status":"closed","template":"","meta":[],"product_brand":[],"product_cat":[67,664],"product_tag":[],"class_list":{"0":"post-1837043","1":"product","2":"type-product","3":"status-publish","4":"has-post-thumbnail","6":"product_cat-meisterdamine","7":"product_cat-varvikarp","9":"first","10":"instock","11":"taxable","12":"shipping-taxable","13":"purchasable","14":"product-type-simple"},"yoast_head":"<!-- This site is optimized with the Yoast SEO plugin v27.3 - https:\/\/yoast.com\/product\/yoast-seo-wordpress\/ -->\n<title>OMY - v\u00e4rvikarp, POP - RUUBY<\/title>\n<meta name=\"robots\" content=\"index, follow, max-snippet:-1, max-image-preview:large, max-video-preview:-1\" \/>\n<link rel=\"canonical\" href=\"http:\/\/ruuby.ee\/en\/pood\/lapsed\/meisterdamine\/varvikarp\/omy-varvikarp-pop\/\" \/>\n<meta property=\"og:locale\" content=\"en_GB\" \/>\n<meta property=\"og:type\" content=\"article\" \/>\n<meta property=\"og:title\" content=\"OMY - v\u00e4rvikarp, POP - RUUBY\" \/>\n<meta property=\"og:description\" content=\"M\u00e4ngige, v\u00e4rvige ja kaunistage! Populaarsed ja l\u00f5busad illustratsioonid, mis sobivad ideaalselt v\u00e4rvikaks eluks. Komplektis on k\u00f5ik: 1 pintsel, 6 akr\u00fc\u00fclv\u00e4rvi konteinerit, 2 neoonv\u00e4rvi, 6 dekoratiivset ripatsit ja 1 n\u00f6\u00f6r. \u00d5igete v\u00e4rvidega v\u00e4rvimiseks j\u00e4rgige joonisel olevaid numbreid. Kui teie kunstiteos on valmis, riputage oma v\u00e4ike dekoratiivne ripats v\u00f5i kinkige see. Sisu:\u00a06 rippuvat kujundust,\u00a01 pintsel,\u00a06 v\u00e4ikest potti [&hellip;]\" \/>\n<meta property=\"og:url\" content=\"http:\/\/ruuby.ee\/en\/pood\/lapsed\/meisterdamine\/varvikarp\/omy-varvikarp-pop\/\" \/>\n<meta property=\"og:site_name\" content=\"RUUBY\" \/>\n<meta property=\"article:publisher\" content=\"https:\/\/www.facebook.com\/ruubyconcept\" \/>\n<meta property=\"article:modified_time\" content=\"2026-04-07T22:28:42+00:00\" \/>\n<meta property=\"og:image\" content=\"http:\/\/ruuby.ee\/wp-content\/uploads\/2023\/07\/Screenshot-2023-07-07-at-18.01.10.png\" \/>\n\t<meta property=\"og:image:width\" content=\"1292\" \/>\n\t<meta property=\"og:image:height\" content=\"1176\" \/>\n\t<meta property=\"og:image:type\" content=\"image\/png\" \/>\n<meta name=\"twitter:card\" content=\"summary_large_image\" \/>\n<meta name=\"twitter:label1\" content=\"Estimated reading time\" \/>\n\t<meta name=\"twitter:data1\" content=\"1 minute\" \/>\n<script type=\"application\/ld+json\" class=\"yoast-schema-graph\">{\"@context\":\"https:\\\/\\\/schema.org\",\"@graph\":[{\"@type\":[\"WebPage\",\"ItemPage\"],\"@id\":\"http:\\\/\\\/ruuby.ee\\\/pood\\\/lapsed\\\/meisterdamine\\\/varvikarp\\\/omy-varvikarp-pop\\\/\",\"url\":\"http:\\\/\\\/ruuby.ee\\\/pood\\\/lapsed\\\/meisterdamine\\\/varvikarp\\\/omy-varvikarp-pop\\\/\",\"name\":\"OMY - v\u00e4rvikarp, POP - RUUBY\",\"isPartOf\":{\"@id\":\"http:\\\/\\\/ruuby.ee\\\/en\\\/#website\"},\"primaryImageOfPage\":{\"@id\":\"http:\\\/\\\/ruuby.ee\\\/pood\\\/lapsed\\\/meisterdamine\\\/varvikarp\\\/omy-varvikarp-pop\\\/#primaryimage\"},\"image\":{\"@id\":\"http:\\\/\\\/ruuby.ee\\\/pood\\\/lapsed\\\/meisterdamine\\\/varvikarp\\\/omy-varvikarp-pop\\\/#primaryimage\"},\"thumbnailUrl\":\"https:\\\/\\\/ruuby.ee\\\/wp-content\\\/uploads\\\/2023\\\/07\\\/Screenshot-2023-07-07-at-18.01.10.png\",\"datePublished\":\"2023-07-14T17:59:29+00:00\",\"dateModified\":\"2026-04-07T22:28:42+00:00\",\"breadcrumb\":{\"@id\":\"http:\\\/\\\/ruuby.ee\\\/pood\\\/lapsed\\\/meisterdamine\\\/varvikarp\\\/omy-varvikarp-pop\\\/#breadcrumb\"},\"inLanguage\":\"en-GB\",\"potentialAction\":[{\"@type\":\"ReadAction\",\"target\":[\"http:\\\/\\\/ruuby.ee\\\/pood\\\/lapsed\\\/meisterdamine\\\/varvikarp\\\/omy-varvikarp-pop\\\/\"]}]},{\"@type\":\"ImageObject\",\"inLanguage\":\"en-GB\",\"@id\":\"http:\\\/\\\/ruuby.ee\\\/pood\\\/lapsed\\\/meisterdamine\\\/varvikarp\\\/omy-varvikarp-pop\\\/#primaryimage\",\"url\":\"https:\\\/\\\/ruuby.ee\\\/wp-content\\\/uploads\\\/2023\\\/07\\\/Screenshot-2023-07-07-at-18.01.10.png\",\"contentUrl\":\"https:\\\/\\\/ruuby.ee\\\/wp-content\\\/uploads\\\/2023\\\/07\\\/Screenshot-2023-07-07-at-18.01.10.png\",\"width\":1292,\"height\":1176},{\"@type\":\"BreadcrumbList\",\"@id\":\"http:\\\/\\\/ruuby.ee\\\/pood\\\/lapsed\\\/meisterdamine\\\/varvikarp\\\/omy-varvikarp-pop\\\/#breadcrumb\",\"itemListElement\":[{\"@type\":\"ListItem\",\"position\":1,\"name\":\"Kdu\",\"item\":\"http:\\\/\\\/ruuby.ee\\\/en\\\/\"},{\"@type\":\"ListItem\",\"position\":2,\"name\":\"Pood\",\"item\":\"http:\\\/\\\/ruuby.ee\\\/en\\\/pood\\\/\"},{\"@type\":\"ListItem\",\"position\":3,\"name\":\"OMY &#8211; v\u00e4rvikarp, POP\"}]},{\"@type\":\"WebSite\",\"@id\":\"http:\\\/\\\/ruuby.ee\\\/en\\\/#website\",\"url\":\"http:\\\/\\\/ruuby.ee\\\/en\\\/\",\"name\":\"RUUBY\",\"description\":\"Ruubys on \u00fchendatud elustiil ja disain\",\"publisher\":{\"@id\":\"http:\\\/\\\/ruuby.ee\\\/en\\\/#organization\"},\"alternateName\":\"Ruuby Disain\",\"potentialAction\":[{\"@type\":\"SearchAction\",\"target\":{\"@type\":\"EntryPoint\",\"urlTemplate\":\"http:\\\/\\\/ruuby.ee\\\/en\\\/?s={search_term_string}\"},\"query-input\":{\"@type\":\"PropertyValueSpecification\",\"valueRequired\":true,\"valueName\":\"search_term_string\"}}],\"inLanguage\":\"en-GB\"},{\"@type\":\"Organization\",\"@id\":\"http:\\\/\\\/ruuby.ee\\\/en\\\/#organization\",\"name\":\"Ruuby Disain O\u00dc\",\"alternateName\":\"Ruuby\",\"url\":\"http:\\\/\\\/ruuby.ee\\\/en\\\/\",\"logo\":{\"@type\":\"ImageObject\",\"inLanguage\":\"en-GB\",\"@id\":\"http:\\\/\\\/ruuby.ee\\\/en\\\/#\\\/schema\\\/logo\\\/image\\\/\",\"url\":\"https:\\\/\\\/ruuby.ee\\\/wp-content\\\/uploads\\\/2023\\\/06\\\/cropped-Black-White-Elegant-Circle-Signature-Fashion-Logo-12_large.png\",\"contentUrl\":\"https:\\\/\\\/ruuby.ee\\\/wp-content\\\/uploads\\\/2023\\\/06\\\/cropped-Black-White-Elegant-Circle-Signature-Fashion-Logo-12_large.png\",\"width\":1280,\"height\":747,\"caption\":\"Ruuby Disain O\u00dc\"},\"image\":{\"@id\":\"http:\\\/\\\/ruuby.ee\\\/en\\\/#\\\/schema\\\/logo\\\/image\\\/\"},\"sameAs\":[\"https:\\\/\\\/www.facebook.com\\\/ruubyconcept\",\"https:\\\/\\\/www.instagram.com\\\/ruuby_concept\\\/\"]}]}<\/script>\n<!-- \/ Yoast SEO plugin. -->","yoast_head_json":{"title":"OMY - v\u00e4rvikarp, POP - RUUBY","robots":{"index":"index","follow":"follow","max-snippet":"max-snippet:-1","max-image-preview":"max-image-preview:large","max-video-preview":"max-video-preview:-1"},"canonical":"http:\/\/ruuby.ee\/en\/pood\/lapsed\/meisterdamine\/varvikarp\/omy-varvikarp-pop\/","og_locale":"en_GB","og_type":"article","og_title":"OMY - v\u00e4rvikarp, POP - RUUBY","og_description":"M\u00e4ngige, v\u00e4rvige ja kaunistage! Populaarsed ja l\u00f5busad illustratsioonid, mis sobivad ideaalselt v\u00e4rvikaks eluks. Komplektis on k\u00f5ik: 1 pintsel, 6 akr\u00fc\u00fclv\u00e4rvi konteinerit, 2 neoonv\u00e4rvi, 6 dekoratiivset ripatsit ja 1 n\u00f6\u00f6r. \u00d5igete v\u00e4rvidega v\u00e4rvimiseks j\u00e4rgige joonisel olevaid numbreid. Kui teie kunstiteos on valmis, riputage oma v\u00e4ike dekoratiivne ripats v\u00f5i kinkige see. Sisu:\u00a06 rippuvat kujundust,\u00a01 pintsel,\u00a06 v\u00e4ikest potti [&hellip;]","og_url":"http:\/\/ruuby.ee\/en\/pood\/lapsed\/meisterdamine\/varvikarp\/omy-varvikarp-pop\/","og_site_name":"RUUBY","article_publisher":"https:\/\/www.facebook.com\/ruubyconcept","article_modified_time":"2026-04-07T22:28:42+00:00","og_image":[{"width":1292,"height":1176,"url":"http:\/\/ruuby.ee\/wp-content\/uploads\/2023\/07\/Screenshot-2023-07-07-at-18.01.10.png","type":"image\/png"}],"twitter_card":"summary_large_image","twitter_misc":{"Estimated reading time":"1 minute"},"schema":{"@context":"https:\/\/schema.org","@graph":[{"@type":["WebPage","ItemPage"],"@id":"http:\/\/ruuby.ee\/pood\/lapsed\/meisterdamine\/varvikarp\/omy-varvikarp-pop\/","url":"http:\/\/ruuby.ee\/pood\/lapsed\/meisterdamine\/varvikarp\/omy-varvikarp-pop\/","name":"OMY - v\u00e4rvikarp, POP - RUUBY","isPartOf":{"@id":"http:\/\/ruuby.ee\/en\/#website"},"primaryImageOfPage":{"@id":"http:\/\/ruuby.ee\/pood\/lapsed\/meisterdamine\/varvikarp\/omy-varvikarp-pop\/#primaryimage"},"image":{"@id":"http:\/\/ruuby.ee\/pood\/lapsed\/meisterdamine\/varvikarp\/omy-varvikarp-pop\/#primaryimage"},"thumbnailUrl":"https:\/\/ruuby.ee\/wp-content\/uploads\/2023\/07\/Screenshot-2023-07-07-at-18.01.10.png","datePublished":"2023-07-14T17:59:29+00:00","dateModified":"2026-04-07T22:28:42+00:00","breadcrumb":{"@id":"http:\/\/ruuby.ee\/pood\/lapsed\/meisterdamine\/varvikarp\/omy-varvikarp-pop\/#breadcrumb"},"inLanguage":"en-GB","potentialAction":[{"@type":"ReadAction","target":["http:\/\/ruuby.ee\/pood\/lapsed\/meisterdamine\/varvikarp\/omy-varvikarp-pop\/"]}]},{"@type":"ImageObject","inLanguage":"en-GB","@id":"http:\/\/ruuby.ee\/pood\/lapsed\/meisterdamine\/varvikarp\/omy-varvikarp-pop\/#primaryimage","url":"https:\/\/ruuby.ee\/wp-content\/uploads\/2023\/07\/Screenshot-2023-07-07-at-18.01.10.png","contentUrl":"https:\/\/ruuby.ee\/wp-content\/uploads\/2023\/07\/Screenshot-2023-07-07-at-18.01.10.png","width":1292,"height":1176},{"@type":"BreadcrumbList","@id":"http:\/\/ruuby.ee\/pood\/lapsed\/meisterdamine\/varvikarp\/omy-varvikarp-pop\/#breadcrumb","itemListElement":[{"@type":"ListItem","position":1,"name":"Kdu","item":"http:\/\/ruuby.ee\/en\/"},{"@type":"ListItem","position":2,"name":"Pood","item":"http:\/\/ruuby.ee\/en\/pood\/"},{"@type":"ListItem","position":3,"name":"OMY &#8211; v\u00e4rvikarp, POP"}]},{"@type":"WebSite","@id":"http:\/\/ruuby.ee\/en\/#website","url":"http:\/\/ruuby.ee\/en\/","name":"RUUBY","description":"Ruubys on \u00fchendatud elustiil ja disain","publisher":{"@id":"http:\/\/ruuby.ee\/en\/#organization"},"alternateName":"Ruuby Disain","potentialAction":[{"@type":"SearchAction","target":{"@type":"EntryPoint","urlTemplate":"http:\/\/ruuby.ee\/en\/?s={search_term_string}"},"query-input":{"@type":"PropertyValueSpecification","valueRequired":true,"valueName":"search_term_string"}}],"inLanguage":"en-GB"},{"@type":"Organization","@id":"http:\/\/ruuby.ee\/en\/#organization","name":"Ruuby Disain O\u00dc","alternateName":"Ruuby","url":"http:\/\/ruuby.ee\/en\/","logo":{"@type":"ImageObject","inLanguage":"en-GB","@id":"http:\/\/ruuby.ee\/en\/#\/schema\/logo\/image\/","url":"https:\/\/ruuby.ee\/wp-content\/uploads\/2023\/06\/cropped-Black-White-Elegant-Circle-Signature-Fashion-Logo-12_large.png","contentUrl":"https:\/\/ruuby.ee\/wp-content\/uploads\/2023\/06\/cropped-Black-White-Elegant-Circle-Signature-Fashion-Logo-12_large.png","width":1280,"height":747,"caption":"Ruuby Disain O\u00dc"},"image":{"@id":"http:\/\/ruuby.ee\/en\/#\/schema\/logo\/image\/"},"sameAs":["https:\/\/www.facebook.com\/ruubyconcept","https:\/\/www.instagram.com\/ruuby_concept\/"]}]}},"jetpack_sharing_enabled":true,"_links":{"self":[{"href":"https:\/\/ruuby.ee\/en\/wp-json\/wp\/v2\/product\/1837043","targetHints":{"allow":["GET"]}}],"collection":[{"href":"https:\/\/ruuby.ee\/en\/wp-json\/wp\/v2\/product"}],"about":[{"href":"https:\/\/ruuby.ee\/en\/wp-json\/wp\/v2\/types\/product"}],"replies":[{"embeddable":true,"href":"https:\/\/ruuby.ee\/en\/wp-json\/wp\/v2\/comments?post=1837043"}],"wp:featuredmedia":[{"embeddable":true,"href":"https:\/\/ruuby.ee\/en\/wp-json\/wp\/v2\/media\/1836573"}],"wp:attachment":[{"href":"https:\/\/ruuby.ee\/en\/wp-json\/wp\/v2\/media?parent=1837043"}],"wp:term":[{"taxonomy":"product_brand","embeddable":true,"href":"https:\/\/ruuby.ee\/en\/wp-json\/wp\/v2\/product_brand?post=1837043"},{"taxonomy":"product_cat","embeddable":true,"href":"https:\/\/ruuby.ee\/en\/wp-json\/wp\/v2\/product_cat?post=1837043"},{"taxonomy":"product_tag","embeddable":true,"href":"https:\/\/ruuby.ee\/en\/wp-json\/wp\/v2\/product_tag?post=1837043"}],"curies":[{"name":"wp","href":"https:\/\/api.w.org\/{rel}","templated":true}]}}