{"id":1836535,"date":"2023-07-07T17:14:51","date_gmt":"2023-07-07T14:14:51","guid":{"rendered":"http:\/\/ruuby.ee\/?post_type=product&#038;p=1836535"},"modified":"2026-04-07T01:27:24","modified_gmt":"2026-04-06T22:27:24","slug":"omy-mini-puzzle-london","status":"publish","type":"product","link":"https:\/\/ruuby.ee\/en\/pood\/lapsed\/meisterdamine\/puzze\/omy-mini-puzzle-london\/","title":{"rendered":"OMY &#8211; mini puzzle, London"},"content":{"rendered":"<p>Avastage Inglismaa elavat pealinna Londonit!<\/p>\n<p>See fluorestseeruvate v\u00e4rvidega minipusle on t\u00e4is huumorit ja palju detaile.<\/p>\n<p>V\u00e4ikeses karbis on 54 detaili, mis tuleb selle kenasti illustreeritud pusle realiseerimiseks kokku panna.<\/p>\n<p>MINI PUZZLE tootevalikust on loobutud 12 teemat, taskuvormingus, mis on m\u00f5eldud k\u00f5ikidele p\u00f5lvkondadele, et neid koguda ja k\u00f5ikjale kaasa v\u00f5tta!<\/p>\n<p>Sisu 54 tk<br \/>\nFormaat 19,7 x 13,1 cm<br \/>\nKoostis 100% paber<br \/>\nDisainitud OMY poolt ja valmistatud Euroopas<br \/>\n\u200b<\/p>","protected":false},"excerpt":{"rendered":"<p>Avastage Inglismaa elavat pealinna Londonit! See fluorestseeruvate v\u00e4rvidega minipusle on t\u00e4is huumorit ja palju detaile. V\u00e4ikeses karbis on 54 detaili, mis tuleb selle kenasti illustreeritud pusle realiseerimiseks kokku panna. MINI PUZZLE tootevalikust on loobutud 12 teemat, taskuvormingus, mis on m\u00f5eldud k\u00f5ikidele p\u00f5lvkondadele, et neid koguda ja k\u00f5ikjale kaasa v\u00f5tta! Sisu 54 tk Formaat 19,7 x [&hellip;]<\/p>\n","protected":false},"featured_media":1836536,"comment_status":"open","ping_status":"closed","template":"","meta":[],"product_brand":[],"product_cat":[67,662],"product_tag":[],"class_list":{"0":"post-1836535","1":"product","2":"type-product","3":"status-publish","4":"has-post-thumbnail","6":"product_cat-meisterdamine","7":"product_cat-puzze","9":"first","10":"instock","11":"taxable","12":"shipping-taxable","13":"purchasable","14":"product-type-simple"},"yoast_head":"<!-- This site is optimized with the Yoast SEO plugin v27.3 - https:\/\/yoast.com\/product\/yoast-seo-wordpress\/ -->\n<title>OMY - mini puzzle, London - RUUBY<\/title>\n<meta name=\"robots\" content=\"index, follow, max-snippet:-1, max-image-preview:large, max-video-preview:-1\" \/>\n<link rel=\"canonical\" href=\"https:\/\/ruuby.ee\/en\/pood\/lapsed\/meisterdamine\/puzze\/omy-mini-puzzle-london\/\" \/>\n<meta property=\"og:locale\" content=\"en_GB\" \/>\n<meta property=\"og:type\" content=\"article\" \/>\n<meta property=\"og:title\" content=\"OMY - mini puzzle, London - RUUBY\" \/>\n<meta property=\"og:description\" content=\"Avastage Inglismaa elavat pealinna Londonit! See fluorestseeruvate v\u00e4rvidega minipusle on t\u00e4is huumorit ja palju detaile. V\u00e4ikeses karbis on 54 detaili, mis tuleb selle kenasti illustreeritud pusle realiseerimiseks kokku panna. MINI PUZZLE tootevalikust on loobutud 12 teemat, taskuvormingus, mis on m\u00f5eldud k\u00f5ikidele p\u00f5lvkondadele, et neid koguda ja k\u00f5ikjale kaasa v\u00f5tta! Sisu 54 tk Formaat 19,7 x [&hellip;]\" \/>\n<meta property=\"og:url\" content=\"https:\/\/ruuby.ee\/en\/pood\/lapsed\/meisterdamine\/puzze\/omy-mini-puzzle-london\/\" \/>\n<meta property=\"og:site_name\" content=\"RUUBY\" \/>\n<meta property=\"article:publisher\" content=\"https:\/\/www.facebook.com\/ruubyconcept\" \/>\n<meta property=\"article:modified_time\" content=\"2026-04-06T22:27:24+00:00\" \/>\n<meta property=\"og:image\" content=\"https:\/\/ruuby.ee\/wp-content\/uploads\/2023\/07\/Screenshot-2023-07-07-at-17.12.24.png\" \/>\n\t<meta property=\"og:image:width\" content=\"1166\" \/>\n\t<meta property=\"og:image:height\" content=\"1170\" \/>\n\t<meta property=\"og:image:type\" content=\"image\/png\" \/>\n<meta name=\"twitter:card\" content=\"summary_large_image\" \/>\n<meta name=\"twitter:label1\" content=\"Estimated reading time\" \/>\n\t<meta name=\"twitter:data1\" content=\"1 minute\" \/>\n<script type=\"application\/ld+json\" class=\"yoast-schema-graph\">{\"@context\":\"https:\\\/\\\/schema.org\",\"@graph\":[{\"@type\":[\"WebPage\",\"ItemPage\"],\"@id\":\"https:\\\/\\\/ruuby.ee\\\/en\\\/pood\\\/lapsed\\\/meisterdamine\\\/puzze\\\/omy-mini-puzzle-london\\\/\",\"url\":\"https:\\\/\\\/ruuby.ee\\\/en\\\/pood\\\/lapsed\\\/meisterdamine\\\/puzze\\\/omy-mini-puzzle-london\\\/\",\"name\":\"OMY - mini puzzle, London - RUUBY\",\"isPartOf\":{\"@id\":\"https:\\\/\\\/ruuby.ee\\\/en\\\/#website\"},\"primaryImageOfPage\":{\"@id\":\"https:\\\/\\\/ruuby.ee\\\/en\\\/pood\\\/lapsed\\\/meisterdamine\\\/puzze\\\/omy-mini-puzzle-london\\\/#primaryimage\"},\"image\":{\"@id\":\"https:\\\/\\\/ruuby.ee\\\/en\\\/pood\\\/lapsed\\\/meisterdamine\\\/puzze\\\/omy-mini-puzzle-london\\\/#primaryimage\"},\"thumbnailUrl\":\"https:\\\/\\\/ruuby.ee\\\/wp-content\\\/uploads\\\/2023\\\/07\\\/Screenshot-2023-07-07-at-17.12.24.png\",\"datePublished\":\"2023-07-07T14:14:51+00:00\",\"dateModified\":\"2026-04-06T22:27:24+00:00\",\"breadcrumb\":{\"@id\":\"https:\\\/\\\/ruuby.ee\\\/en\\\/pood\\\/lapsed\\\/meisterdamine\\\/puzze\\\/omy-mini-puzzle-london\\\/#breadcrumb\"},\"inLanguage\":\"en-GB\",\"potentialAction\":[{\"@type\":\"ReadAction\",\"target\":[\"https:\\\/\\\/ruuby.ee\\\/en\\\/pood\\\/lapsed\\\/meisterdamine\\\/puzze\\\/omy-mini-puzzle-london\\\/\"]}]},{\"@type\":\"ImageObject\",\"inLanguage\":\"en-GB\",\"@id\":\"https:\\\/\\\/ruuby.ee\\\/en\\\/pood\\\/lapsed\\\/meisterdamine\\\/puzze\\\/omy-mini-puzzle-london\\\/#primaryimage\",\"url\":\"https:\\\/\\\/ruuby.ee\\\/wp-content\\\/uploads\\\/2023\\\/07\\\/Screenshot-2023-07-07-at-17.12.24.png\",\"contentUrl\":\"https:\\\/\\\/ruuby.ee\\\/wp-content\\\/uploads\\\/2023\\\/07\\\/Screenshot-2023-07-07-at-17.12.24.png\",\"width\":1166,\"height\":1170},{\"@type\":\"BreadcrumbList\",\"@id\":\"https:\\\/\\\/ruuby.ee\\\/en\\\/pood\\\/lapsed\\\/meisterdamine\\\/puzze\\\/omy-mini-puzzle-london\\\/#breadcrumb\",\"itemListElement\":[{\"@type\":\"ListItem\",\"position\":1,\"name\":\"Kdu\",\"item\":\"https:\\\/\\\/ruuby.ee\\\/en\\\/\"},{\"@type\":\"ListItem\",\"position\":2,\"name\":\"Pood\",\"item\":\"https:\\\/\\\/ruuby.ee\\\/en\\\/pood\\\/\"},{\"@type\":\"ListItem\",\"position\":3,\"name\":\"OMY &#8211; mini puzzle, London\"}]},{\"@type\":\"WebSite\",\"@id\":\"https:\\\/\\\/ruuby.ee\\\/en\\\/#website\",\"url\":\"https:\\\/\\\/ruuby.ee\\\/en\\\/\",\"name\":\"RUUBY\",\"description\":\"Ruubys on \u00fchendatud elustiil ja disain\",\"publisher\":{\"@id\":\"https:\\\/\\\/ruuby.ee\\\/en\\\/#organization\"},\"alternateName\":\"Ruuby Disain\",\"potentialAction\":[{\"@type\":\"SearchAction\",\"target\":{\"@type\":\"EntryPoint\",\"urlTemplate\":\"https:\\\/\\\/ruuby.ee\\\/en\\\/?s={search_term_string}\"},\"query-input\":{\"@type\":\"PropertyValueSpecification\",\"valueRequired\":true,\"valueName\":\"search_term_string\"}}],\"inLanguage\":\"en-GB\"},{\"@type\":\"Organization\",\"@id\":\"https:\\\/\\\/ruuby.ee\\\/en\\\/#organization\",\"name\":\"Ruuby Disain O\u00dc\",\"alternateName\":\"Ruuby\",\"url\":\"https:\\\/\\\/ruuby.ee\\\/en\\\/\",\"logo\":{\"@type\":\"ImageObject\",\"inLanguage\":\"en-GB\",\"@id\":\"https:\\\/\\\/ruuby.ee\\\/en\\\/#\\\/schema\\\/logo\\\/image\\\/\",\"url\":\"https:\\\/\\\/ruuby.ee\\\/wp-content\\\/uploads\\\/2023\\\/06\\\/cropped-Black-White-Elegant-Circle-Signature-Fashion-Logo-12_large.png\",\"contentUrl\":\"https:\\\/\\\/ruuby.ee\\\/wp-content\\\/uploads\\\/2023\\\/06\\\/cropped-Black-White-Elegant-Circle-Signature-Fashion-Logo-12_large.png\",\"width\":1280,\"height\":747,\"caption\":\"Ruuby Disain O\u00dc\"},\"image\":{\"@id\":\"https:\\\/\\\/ruuby.ee\\\/en\\\/#\\\/schema\\\/logo\\\/image\\\/\"},\"sameAs\":[\"https:\\\/\\\/www.facebook.com\\\/ruubyconcept\",\"https:\\\/\\\/www.instagram.com\\\/ruuby_concept\\\/\"]}]}<\/script>\n<!-- \/ Yoast SEO plugin. -->","yoast_head_json":{"title":"OMY - mini puzzle, London - RUUBY","robots":{"index":"index","follow":"follow","max-snippet":"max-snippet:-1","max-image-preview":"max-image-preview:large","max-video-preview":"max-video-preview:-1"},"canonical":"https:\/\/ruuby.ee\/en\/pood\/lapsed\/meisterdamine\/puzze\/omy-mini-puzzle-london\/","og_locale":"en_GB","og_type":"article","og_title":"OMY - mini puzzle, London - RUUBY","og_description":"Avastage Inglismaa elavat pealinna Londonit! See fluorestseeruvate v\u00e4rvidega minipusle on t\u00e4is huumorit ja palju detaile. V\u00e4ikeses karbis on 54 detaili, mis tuleb selle kenasti illustreeritud pusle realiseerimiseks kokku panna. MINI PUZZLE tootevalikust on loobutud 12 teemat, taskuvormingus, mis on m\u00f5eldud k\u00f5ikidele p\u00f5lvkondadele, et neid koguda ja k\u00f5ikjale kaasa v\u00f5tta! Sisu 54 tk Formaat 19,7 x [&hellip;]","og_url":"https:\/\/ruuby.ee\/en\/pood\/lapsed\/meisterdamine\/puzze\/omy-mini-puzzle-london\/","og_site_name":"RUUBY","article_publisher":"https:\/\/www.facebook.com\/ruubyconcept","article_modified_time":"2026-04-06T22:27:24+00:00","og_image":[{"width":1166,"height":1170,"url":"https:\/\/ruuby.ee\/wp-content\/uploads\/2023\/07\/Screenshot-2023-07-07-at-17.12.24.png","type":"image\/png"}],"twitter_card":"summary_large_image","twitter_misc":{"Estimated reading time":"1 minute"},"schema":{"@context":"https:\/\/schema.org","@graph":[{"@type":["WebPage","ItemPage"],"@id":"https:\/\/ruuby.ee\/en\/pood\/lapsed\/meisterdamine\/puzze\/omy-mini-puzzle-london\/","url":"https:\/\/ruuby.ee\/en\/pood\/lapsed\/meisterdamine\/puzze\/omy-mini-puzzle-london\/","name":"OMY - mini puzzle, London - RUUBY","isPartOf":{"@id":"https:\/\/ruuby.ee\/en\/#website"},"primaryImageOfPage":{"@id":"https:\/\/ruuby.ee\/en\/pood\/lapsed\/meisterdamine\/puzze\/omy-mini-puzzle-london\/#primaryimage"},"image":{"@id":"https:\/\/ruuby.ee\/en\/pood\/lapsed\/meisterdamine\/puzze\/omy-mini-puzzle-london\/#primaryimage"},"thumbnailUrl":"https:\/\/ruuby.ee\/wp-content\/uploads\/2023\/07\/Screenshot-2023-07-07-at-17.12.24.png","datePublished":"2023-07-07T14:14:51+00:00","dateModified":"2026-04-06T22:27:24+00:00","breadcrumb":{"@id":"https:\/\/ruuby.ee\/en\/pood\/lapsed\/meisterdamine\/puzze\/omy-mini-puzzle-london\/#breadcrumb"},"inLanguage":"en-GB","potentialAction":[{"@type":"ReadAction","target":["https:\/\/ruuby.ee\/en\/pood\/lapsed\/meisterdamine\/puzze\/omy-mini-puzzle-london\/"]}]},{"@type":"ImageObject","inLanguage":"en-GB","@id":"https:\/\/ruuby.ee\/en\/pood\/lapsed\/meisterdamine\/puzze\/omy-mini-puzzle-london\/#primaryimage","url":"https:\/\/ruuby.ee\/wp-content\/uploads\/2023\/07\/Screenshot-2023-07-07-at-17.12.24.png","contentUrl":"https:\/\/ruuby.ee\/wp-content\/uploads\/2023\/07\/Screenshot-2023-07-07-at-17.12.24.png","width":1166,"height":1170},{"@type":"BreadcrumbList","@id":"https:\/\/ruuby.ee\/en\/pood\/lapsed\/meisterdamine\/puzze\/omy-mini-puzzle-london\/#breadcrumb","itemListElement":[{"@type":"ListItem","position":1,"name":"Kdu","item":"https:\/\/ruuby.ee\/en\/"},{"@type":"ListItem","position":2,"name":"Pood","item":"https:\/\/ruuby.ee\/en\/pood\/"},{"@type":"ListItem","position":3,"name":"OMY &#8211; mini puzzle, London"}]},{"@type":"WebSite","@id":"https:\/\/ruuby.ee\/en\/#website","url":"https:\/\/ruuby.ee\/en\/","name":"RUUBY","description":"Ruubys on \u00fchendatud elustiil ja disain","publisher":{"@id":"https:\/\/ruuby.ee\/en\/#organization"},"alternateName":"Ruuby Disain","potentialAction":[{"@type":"SearchAction","target":{"@type":"EntryPoint","urlTemplate":"https:\/\/ruuby.ee\/en\/?s={search_term_string}"},"query-input":{"@type":"PropertyValueSpecification","valueRequired":true,"valueName":"search_term_string"}}],"inLanguage":"en-GB"},{"@type":"Organization","@id":"https:\/\/ruuby.ee\/en\/#organization","name":"Ruuby Disain O\u00dc","alternateName":"Ruuby","url":"https:\/\/ruuby.ee\/en\/","logo":{"@type":"ImageObject","inLanguage":"en-GB","@id":"https:\/\/ruuby.ee\/en\/#\/schema\/logo\/image\/","url":"https:\/\/ruuby.ee\/wp-content\/uploads\/2023\/06\/cropped-Black-White-Elegant-Circle-Signature-Fashion-Logo-12_large.png","contentUrl":"https:\/\/ruuby.ee\/wp-content\/uploads\/2023\/06\/cropped-Black-White-Elegant-Circle-Signature-Fashion-Logo-12_large.png","width":1280,"height":747,"caption":"Ruuby Disain O\u00dc"},"image":{"@id":"https:\/\/ruuby.ee\/en\/#\/schema\/logo\/image\/"},"sameAs":["https:\/\/www.facebook.com\/ruubyconcept","https:\/\/www.instagram.com\/ruuby_concept\/"]}]}},"jetpack_sharing_enabled":true,"_links":{"self":[{"href":"https:\/\/ruuby.ee\/en\/wp-json\/wp\/v2\/product\/1836535","targetHints":{"allow":["GET"]}}],"collection":[{"href":"https:\/\/ruuby.ee\/en\/wp-json\/wp\/v2\/product"}],"about":[{"href":"https:\/\/ruuby.ee\/en\/wp-json\/wp\/v2\/types\/product"}],"replies":[{"embeddable":true,"href":"https:\/\/ruuby.ee\/en\/wp-json\/wp\/v2\/comments?post=1836535"}],"wp:featuredmedia":[{"embeddable":true,"href":"https:\/\/ruuby.ee\/en\/wp-json\/wp\/v2\/media\/1836536"}],"wp:attachment":[{"href":"https:\/\/ruuby.ee\/en\/wp-json\/wp\/v2\/media?parent=1836535"}],"wp:term":[{"taxonomy":"product_brand","embeddable":true,"href":"https:\/\/ruuby.ee\/en\/wp-json\/wp\/v2\/product_brand?post=1836535"},{"taxonomy":"product_cat","embeddable":true,"href":"https:\/\/ruuby.ee\/en\/wp-json\/wp\/v2\/product_cat?post=1836535"},{"taxonomy":"product_tag","embeddable":true,"href":"https:\/\/ruuby.ee\/en\/wp-json\/wp\/v2\/product_tag?post=1836535"}],"curies":[{"name":"wp","href":"https:\/\/api.w.org\/{rel}","templated":true}]}}