{"id":1836295,"date":"2023-07-03T16:32:27","date_gmt":"2023-07-03T16:32:27","guid":{"rendered":"http:\/\/ruuby.ee\/?post_type=product&#038;p=1836295"},"modified":"2026-04-08T01:28:43","modified_gmt":"2026-04-07T22:28:43","slug":"kinkekaart-250","status":"publish","type":"product","link":"https:\/\/ruuby.ee\/en\/pood\/kinkekaardid\/kinkekaart-250\/","title":{"rendered":"Kinkekaart"},"content":{"rendered":"<p>Soovid teha kingitust, kuid vahel tekib olukord, kus pole kindel, mis see olla v\u00f5iks ? Vali Ruuby kinkekaart!<\/p>\n<p>Kinkekaardi \u00fcle on \u00fchtemoodi r\u00f5\u00f5msad k\u00f5ik. Lapsed saavad endale soetada l\u00f5busat meisterdamist v\u00f5i preilid s\u00e4delevaid k\u00fc\u00fcnelakke, poisid l\u00f5busaid tattoosid ja juba suuremad endale m\u00f5ne uue kotikese v\u00f5i kehahooldustoote. Loomulikult kulub see \u00e4ra ka kodusisustajale, kes t\u00e4nu kinkekaardile saab m\u00f5ne hinnalisema eseme n\u00fc\u00fcd soodsamalt soetada. V\u00f5imalik, et m\u00f5ni sinu tuttav otsib sisekujunduse teenuse abi, siis kinkekaardiga saab ka sisekujundaja teenuse valikul soodustust rakendada. Seega ideaalne kingitus kodusisustajale, emale, s\u00f5brannale, kogu perele ja tegelikult iga\u00fchele.<\/p>\n<p>&nbsp;<\/p>\n<p>Kui soovid personaalset tervitusteksti kinkekaardile, siis lisa palun tellides M\u00c4RKUSTE lahtrisse soovitud tekst ning lisame selle kinkekaardile.<\/p>\n<p>&nbsp;<\/p>","protected":false},"excerpt":{"rendered":"<p>Kinkekaarte on v\u00f5imalik osta ka Ruuby poest kohapealt.<\/p>\n<p>Digitaalse kinkekaardiga edastame sulle personaalse koodi, millega saad ostu sooritada e-poe lehelt.<\/p>\n<p>Kinkekaart saabub e-mailile 24H jooksul PDF formaadis ja seda on v\u00f5imalik ka ise v\u00e4lja printida.<\/p>\n<p>KINKEKAART KEHTIB OSTMISEST ALATES 6 KUUD.<\/p>\n<p>&nbsp;<\/p>\n<p>NB! Kes on ostnud kinkekaardi meie Tabasalu keskuse showroomist, siis need kehtivad edasi samamoodi kinkekaardil oleva t\u00e4htajani ka meie uues showroomis ja muidugi ka e-poes!<\/p>","protected":false},"featured_media":1850796,"comment_status":"open","ping_status":"closed","template":"","meta":[],"product_brand":[],"product_cat":[66],"product_tag":[],"class_list":{"0":"post-1836295","1":"product","2":"type-product","3":"status-publish","4":"has-post-thumbnail","6":"product_cat-kinkekaardid","8":"first","9":"instock","10":"taxable","11":"shipping-taxable","12":"purchasable","13":"product-type-variable","14":"rtwpvs-product"},"yoast_head":"<!-- This site is optimized with the Yoast SEO plugin v27.3 - https:\/\/yoast.com\/product\/yoast-seo-wordpress\/ -->\n<title>Kinkekaart - RUUBY<\/title>\n<meta name=\"robots\" content=\"index, follow, max-snippet:-1, max-image-preview:large, max-video-preview:-1\" \/>\n<link rel=\"canonical\" href=\"http:\/\/ruuby.ee\/en\/pood\/kinkekaardid\/kinkekaart-250\/\" \/>\n<meta property=\"og:locale\" content=\"en_GB\" \/>\n<meta property=\"og:type\" content=\"article\" \/>\n<meta property=\"og:title\" content=\"Kinkekaart - RUUBY\" \/>\n<meta property=\"og:description\" content=\"Kinkekaarte on v\u00f5imalik osta ka Ruuby poest kohapealt.  Digitaalse kinkekaardiga edastame sulle personaalse koodi, millega saad ostu sooritada e-poe lehelt.  Kinkekaart saabub e-mailile 24H jooksul PDF formaadis ja seda on v\u00f5imalik ka ise v\u00e4lja printida.  KINKEKAART KEHTIB OSTMISEST ALATES 6 KUUD.  &nbsp;  NB! Kes on ostnud kinkekaardi meie Tabasalu keskuse showroomist, siis need kehtivad edasi samamoodi kinkekaardil oleva t\u00e4htajani ka meie uues showroomis ja muidugi ka e-poes!\" \/>\n<meta property=\"og:url\" content=\"http:\/\/ruuby.ee\/en\/pood\/kinkekaardid\/kinkekaart-250\/\" \/>\n<meta property=\"og:site_name\" content=\"RUUBY\" \/>\n<meta property=\"article:publisher\" content=\"https:\/\/www.facebook.com\/ruubyconcept\" \/>\n<meta property=\"article:modified_time\" content=\"2026-04-07T22:28:43+00:00\" \/>\n<meta property=\"og:image\" content=\"http:\/\/ruuby.ee\/wp-content\/uploads\/2023\/07\/1.png\" \/>\n\t<meta property=\"og:image:width\" content=\"1748\" \/>\n\t<meta property=\"og:image:height\" content=\"1240\" \/>\n\t<meta property=\"og:image:type\" content=\"image\/png\" \/>\n<meta name=\"twitter:card\" content=\"summary_large_image\" \/>\n<meta name=\"twitter:label1\" content=\"Estimated reading time\" \/>\n\t<meta name=\"twitter:data1\" content=\"1 minute\" \/>\n<script type=\"application\/ld+json\" class=\"yoast-schema-graph\">{\"@context\":\"https:\\\/\\\/schema.org\",\"@graph\":[{\"@type\":[\"WebPage\",\"ItemPage\"],\"@id\":\"http:\\\/\\\/ruuby.ee\\\/pood\\\/kinkekaardid\\\/kinkekaart-250\\\/\",\"url\":\"http:\\\/\\\/ruuby.ee\\\/pood\\\/kinkekaardid\\\/kinkekaart-250\\\/\",\"name\":\"Kinkekaart - RUUBY\",\"isPartOf\":{\"@id\":\"http:\\\/\\\/ruuby.ee\\\/en\\\/#website\"},\"primaryImageOfPage\":{\"@id\":\"http:\\\/\\\/ruuby.ee\\\/pood\\\/kinkekaardid\\\/kinkekaart-250\\\/#primaryimage\"},\"image\":{\"@id\":\"http:\\\/\\\/ruuby.ee\\\/pood\\\/kinkekaardid\\\/kinkekaart-250\\\/#primaryimage\"},\"thumbnailUrl\":\"https:\\\/\\\/ruuby.ee\\\/wp-content\\\/uploads\\\/2023\\\/07\\\/1.png\",\"datePublished\":\"2023-07-03T16:32:27+00:00\",\"dateModified\":\"2026-04-07T22:28:43+00:00\",\"breadcrumb\":{\"@id\":\"http:\\\/\\\/ruuby.ee\\\/pood\\\/kinkekaardid\\\/kinkekaart-250\\\/#breadcrumb\"},\"inLanguage\":\"en-GB\",\"potentialAction\":[{\"@type\":\"ReadAction\",\"target\":[\"http:\\\/\\\/ruuby.ee\\\/pood\\\/kinkekaardid\\\/kinkekaart-250\\\/\"]}]},{\"@type\":\"ImageObject\",\"inLanguage\":\"en-GB\",\"@id\":\"http:\\\/\\\/ruuby.ee\\\/pood\\\/kinkekaardid\\\/kinkekaart-250\\\/#primaryimage\",\"url\":\"https:\\\/\\\/ruuby.ee\\\/wp-content\\\/uploads\\\/2023\\\/07\\\/1.png\",\"contentUrl\":\"https:\\\/\\\/ruuby.ee\\\/wp-content\\\/uploads\\\/2023\\\/07\\\/1.png\",\"width\":1748,\"height\":1240},{\"@type\":\"BreadcrumbList\",\"@id\":\"http:\\\/\\\/ruuby.ee\\\/pood\\\/kinkekaardid\\\/kinkekaart-250\\\/#breadcrumb\",\"itemListElement\":[{\"@type\":\"ListItem\",\"position\":1,\"name\":\"Kdu\",\"item\":\"http:\\\/\\\/ruuby.ee\\\/en\\\/\"},{\"@type\":\"ListItem\",\"position\":2,\"name\":\"Pood\",\"item\":\"http:\\\/\\\/ruuby.ee\\\/en\\\/pood\\\/\"},{\"@type\":\"ListItem\",\"position\":3,\"name\":\"Kinkekaart\"}]},{\"@type\":\"WebSite\",\"@id\":\"http:\\\/\\\/ruuby.ee\\\/en\\\/#website\",\"url\":\"http:\\\/\\\/ruuby.ee\\\/en\\\/\",\"name\":\"RUUBY\",\"description\":\"Ruubys on \u00fchendatud elustiil ja disain\",\"publisher\":{\"@id\":\"http:\\\/\\\/ruuby.ee\\\/en\\\/#organization\"},\"alternateName\":\"Ruuby Disain\",\"potentialAction\":[{\"@type\":\"SearchAction\",\"target\":{\"@type\":\"EntryPoint\",\"urlTemplate\":\"http:\\\/\\\/ruuby.ee\\\/en\\\/?s={search_term_string}\"},\"query-input\":{\"@type\":\"PropertyValueSpecification\",\"valueRequired\":true,\"valueName\":\"search_term_string\"}}],\"inLanguage\":\"en-GB\"},{\"@type\":\"Organization\",\"@id\":\"http:\\\/\\\/ruuby.ee\\\/en\\\/#organization\",\"name\":\"Ruuby Disain O\u00dc\",\"alternateName\":\"Ruuby\",\"url\":\"http:\\\/\\\/ruuby.ee\\\/en\\\/\",\"logo\":{\"@type\":\"ImageObject\",\"inLanguage\":\"en-GB\",\"@id\":\"http:\\\/\\\/ruuby.ee\\\/en\\\/#\\\/schema\\\/logo\\\/image\\\/\",\"url\":\"https:\\\/\\\/ruuby.ee\\\/wp-content\\\/uploads\\\/2023\\\/06\\\/cropped-Black-White-Elegant-Circle-Signature-Fashion-Logo-12_large.png\",\"contentUrl\":\"https:\\\/\\\/ruuby.ee\\\/wp-content\\\/uploads\\\/2023\\\/06\\\/cropped-Black-White-Elegant-Circle-Signature-Fashion-Logo-12_large.png\",\"width\":1280,\"height\":747,\"caption\":\"Ruuby Disain O\u00dc\"},\"image\":{\"@id\":\"http:\\\/\\\/ruuby.ee\\\/en\\\/#\\\/schema\\\/logo\\\/image\\\/\"},\"sameAs\":[\"https:\\\/\\\/www.facebook.com\\\/ruubyconcept\",\"https:\\\/\\\/www.instagram.com\\\/ruuby_concept\\\/\"]}]}<\/script>\n<!-- \/ Yoast SEO plugin. -->","yoast_head_json":{"title":"Kinkekaart - RUUBY","robots":{"index":"index","follow":"follow","max-snippet":"max-snippet:-1","max-image-preview":"max-image-preview:large","max-video-preview":"max-video-preview:-1"},"canonical":"http:\/\/ruuby.ee\/en\/pood\/kinkekaardid\/kinkekaart-250\/","og_locale":"en_GB","og_type":"article","og_title":"Kinkekaart - RUUBY","og_description":"Kinkekaarte on v\u00f5imalik osta ka Ruuby poest kohapealt.  Digitaalse kinkekaardiga edastame sulle personaalse koodi, millega saad ostu sooritada e-poe lehelt.  Kinkekaart saabub e-mailile 24H jooksul PDF formaadis ja seda on v\u00f5imalik ka ise v\u00e4lja printida.  KINKEKAART KEHTIB OSTMISEST ALATES 6 KUUD.  &nbsp;  NB! Kes on ostnud kinkekaardi meie Tabasalu keskuse showroomist, siis need kehtivad edasi samamoodi kinkekaardil oleva t\u00e4htajani ka meie uues showroomis ja muidugi ka e-poes!","og_url":"http:\/\/ruuby.ee\/en\/pood\/kinkekaardid\/kinkekaart-250\/","og_site_name":"RUUBY","article_publisher":"https:\/\/www.facebook.com\/ruubyconcept","article_modified_time":"2026-04-07T22:28:43+00:00","og_image":[{"width":1748,"height":1240,"url":"http:\/\/ruuby.ee\/wp-content\/uploads\/2023\/07\/1.png","type":"image\/png"}],"twitter_card":"summary_large_image","twitter_misc":{"Estimated reading time":"1 minute"},"schema":{"@context":"https:\/\/schema.org","@graph":[{"@type":["WebPage","ItemPage"],"@id":"http:\/\/ruuby.ee\/pood\/kinkekaardid\/kinkekaart-250\/","url":"http:\/\/ruuby.ee\/pood\/kinkekaardid\/kinkekaart-250\/","name":"Kinkekaart - RUUBY","isPartOf":{"@id":"http:\/\/ruuby.ee\/en\/#website"},"primaryImageOfPage":{"@id":"http:\/\/ruuby.ee\/pood\/kinkekaardid\/kinkekaart-250\/#primaryimage"},"image":{"@id":"http:\/\/ruuby.ee\/pood\/kinkekaardid\/kinkekaart-250\/#primaryimage"},"thumbnailUrl":"https:\/\/ruuby.ee\/wp-content\/uploads\/2023\/07\/1.png","datePublished":"2023-07-03T16:32:27+00:00","dateModified":"2026-04-07T22:28:43+00:00","breadcrumb":{"@id":"http:\/\/ruuby.ee\/pood\/kinkekaardid\/kinkekaart-250\/#breadcrumb"},"inLanguage":"en-GB","potentialAction":[{"@type":"ReadAction","target":["http:\/\/ruuby.ee\/pood\/kinkekaardid\/kinkekaart-250\/"]}]},{"@type":"ImageObject","inLanguage":"en-GB","@id":"http:\/\/ruuby.ee\/pood\/kinkekaardid\/kinkekaart-250\/#primaryimage","url":"https:\/\/ruuby.ee\/wp-content\/uploads\/2023\/07\/1.png","contentUrl":"https:\/\/ruuby.ee\/wp-content\/uploads\/2023\/07\/1.png","width":1748,"height":1240},{"@type":"BreadcrumbList","@id":"http:\/\/ruuby.ee\/pood\/kinkekaardid\/kinkekaart-250\/#breadcrumb","itemListElement":[{"@type":"ListItem","position":1,"name":"Kdu","item":"http:\/\/ruuby.ee\/en\/"},{"@type":"ListItem","position":2,"name":"Pood","item":"http:\/\/ruuby.ee\/en\/pood\/"},{"@type":"ListItem","position":3,"name":"Kinkekaart"}]},{"@type":"WebSite","@id":"http:\/\/ruuby.ee\/en\/#website","url":"http:\/\/ruuby.ee\/en\/","name":"RUUBY","description":"Ruubys on \u00fchendatud elustiil ja disain","publisher":{"@id":"http:\/\/ruuby.ee\/en\/#organization"},"alternateName":"Ruuby Disain","potentialAction":[{"@type":"SearchAction","target":{"@type":"EntryPoint","urlTemplate":"http:\/\/ruuby.ee\/en\/?s={search_term_string}"},"query-input":{"@type":"PropertyValueSpecification","valueRequired":true,"valueName":"search_term_string"}}],"inLanguage":"en-GB"},{"@type":"Organization","@id":"http:\/\/ruuby.ee\/en\/#organization","name":"Ruuby Disain O\u00dc","alternateName":"Ruuby","url":"http:\/\/ruuby.ee\/en\/","logo":{"@type":"ImageObject","inLanguage":"en-GB","@id":"http:\/\/ruuby.ee\/en\/#\/schema\/logo\/image\/","url":"https:\/\/ruuby.ee\/wp-content\/uploads\/2023\/06\/cropped-Black-White-Elegant-Circle-Signature-Fashion-Logo-12_large.png","contentUrl":"https:\/\/ruuby.ee\/wp-content\/uploads\/2023\/06\/cropped-Black-White-Elegant-Circle-Signature-Fashion-Logo-12_large.png","width":1280,"height":747,"caption":"Ruuby Disain O\u00dc"},"image":{"@id":"http:\/\/ruuby.ee\/en\/#\/schema\/logo\/image\/"},"sameAs":["https:\/\/www.facebook.com\/ruubyconcept","https:\/\/www.instagram.com\/ruuby_concept\/"]}]}},"jetpack_sharing_enabled":true,"_links":{"self":[{"href":"https:\/\/ruuby.ee\/en\/wp-json\/wp\/v2\/product\/1836295","targetHints":{"allow":["GET"]}}],"collection":[{"href":"https:\/\/ruuby.ee\/en\/wp-json\/wp\/v2\/product"}],"about":[{"href":"https:\/\/ruuby.ee\/en\/wp-json\/wp\/v2\/types\/product"}],"replies":[{"embeddable":true,"href":"https:\/\/ruuby.ee\/en\/wp-json\/wp\/v2\/comments?post=1836295"}],"wp:featuredmedia":[{"embeddable":true,"href":"https:\/\/ruuby.ee\/en\/wp-json\/wp\/v2\/media\/1850796"}],"wp:attachment":[{"href":"https:\/\/ruuby.ee\/en\/wp-json\/wp\/v2\/media?parent=1836295"}],"wp:term":[{"taxonomy":"product_brand","embeddable":true,"href":"https:\/\/ruuby.ee\/en\/wp-json\/wp\/v2\/product_brand?post=1836295"},{"taxonomy":"product_cat","embeddable":true,"href":"https:\/\/ruuby.ee\/en\/wp-json\/wp\/v2\/product_cat?post=1836295"},{"taxonomy":"product_tag","embeddable":true,"href":"https:\/\/ruuby.ee\/en\/wp-json\/wp\/v2\/product_tag?post=1836295"}],"curies":[{"name":"wp","href":"https:\/\/api.w.org\/{rel}","templated":true}]}}