{"id":1834235,"date":"2023-06-14T21:01:49","date_gmt":"2023-06-14T18:01:49","guid":{"rendered":"http:\/\/ruuby.ee\/?post_type=product&#038;p=1834235"},"modified":"2026-04-08T01:28:44","modified_gmt":"2026-04-07T22:28:44","slug":"nore-kuunal-iiris-viigimari-kirss","status":"publish","type":"product","link":"https:\/\/ruuby.ee\/en\/pood\/kodusisustus\/kuunlad\/lohnakuunlad\/nore-kuunal-iiris-viigimari-kirss\/","title":{"rendered":"NORE k\u00fc\u00fcnal, Iiris-viigimari-kirss 150g"},"content":{"rendered":"<p>K\u00fclluslik l\u00f5hnakombinatsioon, milles p\u00f5imuvad magus viigimari, mahlane kirss ning mahe iiris. L\u00f5hnanoote t\u00e4iustavad mustad s\u00f5strad, vaarikad ja sandlipuu.<\/p>\n<p>Nore k\u00fc\u00fcnlad valmivad k\u00e4sit\u00f6\u00f6na k\u00f5rgekvaliteedilistest aroomi\u00f5lidest ning 100% taimsest kookos-rapsivahast, mis ei sisalda parafiini ega s\u00fcnteetilisi lisandeid. K\u00f5rge kookose sisaldus k\u00fc\u00fcnlavahas pikendab p\u00f5lemisaega ning tagab k\u00fc\u00fcnla puhta p\u00f5lemise.<\/p>","protected":false},"excerpt":{"rendered":"<p>K\u00fclluslik l\u00f5hnakombinatsioon, milles p\u00f5imuvad magus viigimari, mahlane kirss ning mahe iiris. L\u00f5hnanoote t\u00e4iustavad mustad s\u00f5strad, vaarikad ja sandlipuu. Nore k\u00fc\u00fcnlad valmivad k\u00e4sit\u00f6\u00f6na k\u00f5rgekvaliteedilistest aroomi\u00f5lidest ning 100% taimsest kookos-rapsivahast, mis ei sisalda parafiini ega s\u00fcnteetilisi lisandeid. K\u00f5rge kookose sisaldus k\u00fc\u00fcnlavahas pikendab p\u00f5lemisaega ning tagab k\u00fc\u00fcnla puhta p\u00f5lemise.<\/p>","protected":false},"featured_media":1597188,"comment_status":"open","ping_status":"closed","template":"","meta":[],"product_brand":[],"product_cat":[54,739],"product_tag":[],"class_list":{"0":"post-1834235","1":"product","2":"type-product","3":"status-publish","4":"has-post-thumbnail","6":"product_cat-kuunlad","7":"product_cat-lohnakuunlad","9":"first","10":"outofstock","11":"taxable","12":"shipping-taxable","13":"purchasable","14":"product-type-simple"},"yoast_head":"<!-- This site is optimized with the Yoast SEO plugin v27.3 - https:\/\/yoast.com\/product\/yoast-seo-wordpress\/ -->\n<title>NORE k\u00fc\u00fcnal, Iiris-viigimari-kirss 150g - RUUBY<\/title>\n<meta name=\"robots\" content=\"index, follow, max-snippet:-1, max-image-preview:large, max-video-preview:-1\" \/>\n<link rel=\"canonical\" href=\"http:\/\/ruuby.ee\/en\/pood\/kodusisustus\/kuunlad\/lohnakuunlad\/nore-kuunal-iiris-viigimari-kirss\/\" \/>\n<meta property=\"og:locale\" content=\"en_GB\" \/>\n<meta property=\"og:type\" content=\"article\" \/>\n<meta property=\"og:title\" content=\"NORE k\u00fc\u00fcnal, Iiris-viigimari-kirss 150g - RUUBY\" \/>\n<meta property=\"og:description\" content=\"K\u00fclluslik l\u00f5hnakombinatsioon, milles p\u00f5imuvad magus viigimari, mahlane kirss ning mahe iiris. L\u00f5hnanoote t\u00e4iustavad mustad s\u00f5strad, vaarikad ja sandlipuu. Nore k\u00fc\u00fcnlad valmivad k\u00e4sit\u00f6\u00f6na k\u00f5rgekvaliteedilistest aroomi\u00f5lidest ning 100% taimsest kookos-rapsivahast, mis ei sisalda parafiini ega s\u00fcnteetilisi lisandeid. K\u00f5rge kookose sisaldus k\u00fc\u00fcnlavahas pikendab p\u00f5lemisaega ning tagab k\u00fc\u00fcnla puhta p\u00f5lemise.\" \/>\n<meta property=\"og:url\" content=\"http:\/\/ruuby.ee\/en\/pood\/kodusisustus\/kuunlad\/lohnakuunlad\/nore-kuunal-iiris-viigimari-kirss\/\" \/>\n<meta property=\"og:site_name\" content=\"RUUBY\" \/>\n<meta property=\"article:publisher\" content=\"https:\/\/www.facebook.com\/ruubyconcept\" \/>\n<meta property=\"article:modified_time\" content=\"2026-04-07T22:28:44+00:00\" \/>\n<meta property=\"og:image\" content=\"http:\/\/ruuby.ee\/wp-content\/uploads\/2023\/06\/kC3BCC3BCnal-viigimari-kirss.jpg\" \/>\n\t<meta property=\"og:image:width\" content=\"1612\" \/>\n\t<meta property=\"og:image:height\" content=\"2015\" \/>\n\t<meta property=\"og:image:type\" content=\"image\/jpeg\" \/>\n<meta name=\"twitter:card\" content=\"summary_large_image\" \/>\n<meta name=\"twitter:label1\" content=\"Estimated reading time\" \/>\n\t<meta name=\"twitter:data1\" content=\"1 minute\" \/>\n<script type=\"application\/ld+json\" class=\"yoast-schema-graph\">{\"@context\":\"https:\\\/\\\/schema.org\",\"@graph\":[{\"@type\":[\"WebPage\",\"ItemPage\"],\"@id\":\"http:\\\/\\\/ruuby.ee\\\/pood\\\/kodusisustus\\\/kuunlad\\\/lohnakuunlad\\\/nore-kuunal-iiris-viigimari-kirss\\\/\",\"url\":\"http:\\\/\\\/ruuby.ee\\\/pood\\\/kodusisustus\\\/kuunlad\\\/lohnakuunlad\\\/nore-kuunal-iiris-viigimari-kirss\\\/\",\"name\":\"NORE k\u00fc\u00fcnal, Iiris-viigimari-kirss 150g - RUUBY\",\"isPartOf\":{\"@id\":\"http:\\\/\\\/ruuby.ee\\\/en\\\/#website\"},\"primaryImageOfPage\":{\"@id\":\"http:\\\/\\\/ruuby.ee\\\/pood\\\/kodusisustus\\\/kuunlad\\\/lohnakuunlad\\\/nore-kuunal-iiris-viigimari-kirss\\\/#primaryimage\"},\"image\":{\"@id\":\"http:\\\/\\\/ruuby.ee\\\/pood\\\/kodusisustus\\\/kuunlad\\\/lohnakuunlad\\\/nore-kuunal-iiris-viigimari-kirss\\\/#primaryimage\"},\"thumbnailUrl\":\"https:\\\/\\\/ruuby.ee\\\/wp-content\\\/uploads\\\/2023\\\/06\\\/kC3BCC3BCnal-viigimari-kirss.jpg\",\"datePublished\":\"2023-06-14T18:01:49+00:00\",\"dateModified\":\"2026-04-07T22:28:44+00:00\",\"breadcrumb\":{\"@id\":\"http:\\\/\\\/ruuby.ee\\\/pood\\\/kodusisustus\\\/kuunlad\\\/lohnakuunlad\\\/nore-kuunal-iiris-viigimari-kirss\\\/#breadcrumb\"},\"inLanguage\":\"en-GB\",\"potentialAction\":[{\"@type\":\"ReadAction\",\"target\":[\"http:\\\/\\\/ruuby.ee\\\/pood\\\/kodusisustus\\\/kuunlad\\\/lohnakuunlad\\\/nore-kuunal-iiris-viigimari-kirss\\\/\"]}]},{\"@type\":\"ImageObject\",\"inLanguage\":\"en-GB\",\"@id\":\"http:\\\/\\\/ruuby.ee\\\/pood\\\/kodusisustus\\\/kuunlad\\\/lohnakuunlad\\\/nore-kuunal-iiris-viigimari-kirss\\\/#primaryimage\",\"url\":\"https:\\\/\\\/ruuby.ee\\\/wp-content\\\/uploads\\\/2023\\\/06\\\/kC3BCC3BCnal-viigimari-kirss.jpg\",\"contentUrl\":\"https:\\\/\\\/ruuby.ee\\\/wp-content\\\/uploads\\\/2023\\\/06\\\/kC3BCC3BCnal-viigimari-kirss.jpg\",\"width\":1612,\"height\":2015},{\"@type\":\"BreadcrumbList\",\"@id\":\"http:\\\/\\\/ruuby.ee\\\/pood\\\/kodusisustus\\\/kuunlad\\\/lohnakuunlad\\\/nore-kuunal-iiris-viigimari-kirss\\\/#breadcrumb\",\"itemListElement\":[{\"@type\":\"ListItem\",\"position\":1,\"name\":\"Kdu\",\"item\":\"http:\\\/\\\/ruuby.ee\\\/en\\\/\"},{\"@type\":\"ListItem\",\"position\":2,\"name\":\"Pood\",\"item\":\"http:\\\/\\\/ruuby.ee\\\/en\\\/pood\\\/\"},{\"@type\":\"ListItem\",\"position\":3,\"name\":\"NORE k\u00fc\u00fcnal, Iiris-viigimari-kirss 150g\"}]},{\"@type\":\"WebSite\",\"@id\":\"http:\\\/\\\/ruuby.ee\\\/en\\\/#website\",\"url\":\"http:\\\/\\\/ruuby.ee\\\/en\\\/\",\"name\":\"RUUBY\",\"description\":\"Ruubys on \u00fchendatud elustiil ja disain\",\"publisher\":{\"@id\":\"http:\\\/\\\/ruuby.ee\\\/en\\\/#organization\"},\"alternateName\":\"Ruuby Disain\",\"potentialAction\":[{\"@type\":\"SearchAction\",\"target\":{\"@type\":\"EntryPoint\",\"urlTemplate\":\"http:\\\/\\\/ruuby.ee\\\/en\\\/?s={search_term_string}\"},\"query-input\":{\"@type\":\"PropertyValueSpecification\",\"valueRequired\":true,\"valueName\":\"search_term_string\"}}],\"inLanguage\":\"en-GB\"},{\"@type\":\"Organization\",\"@id\":\"http:\\\/\\\/ruuby.ee\\\/en\\\/#organization\",\"name\":\"Ruuby Disain O\u00dc\",\"alternateName\":\"Ruuby\",\"url\":\"http:\\\/\\\/ruuby.ee\\\/en\\\/\",\"logo\":{\"@type\":\"ImageObject\",\"inLanguage\":\"en-GB\",\"@id\":\"http:\\\/\\\/ruuby.ee\\\/en\\\/#\\\/schema\\\/logo\\\/image\\\/\",\"url\":\"https:\\\/\\\/ruuby.ee\\\/wp-content\\\/uploads\\\/2023\\\/06\\\/cropped-Black-White-Elegant-Circle-Signature-Fashion-Logo-12_large.png\",\"contentUrl\":\"https:\\\/\\\/ruuby.ee\\\/wp-content\\\/uploads\\\/2023\\\/06\\\/cropped-Black-White-Elegant-Circle-Signature-Fashion-Logo-12_large.png\",\"width\":1280,\"height\":747,\"caption\":\"Ruuby Disain O\u00dc\"},\"image\":{\"@id\":\"http:\\\/\\\/ruuby.ee\\\/en\\\/#\\\/schema\\\/logo\\\/image\\\/\"},\"sameAs\":[\"https:\\\/\\\/www.facebook.com\\\/ruubyconcept\",\"https:\\\/\\\/www.instagram.com\\\/ruuby_concept\\\/\"]}]}<\/script>\n<!-- \/ Yoast SEO plugin. -->","yoast_head_json":{"title":"NORE k\u00fc\u00fcnal, Iiris-viigimari-kirss 150g - RUUBY","robots":{"index":"index","follow":"follow","max-snippet":"max-snippet:-1","max-image-preview":"max-image-preview:large","max-video-preview":"max-video-preview:-1"},"canonical":"http:\/\/ruuby.ee\/en\/pood\/kodusisustus\/kuunlad\/lohnakuunlad\/nore-kuunal-iiris-viigimari-kirss\/","og_locale":"en_GB","og_type":"article","og_title":"NORE k\u00fc\u00fcnal, Iiris-viigimari-kirss 150g - RUUBY","og_description":"K\u00fclluslik l\u00f5hnakombinatsioon, milles p\u00f5imuvad magus viigimari, mahlane kirss ning mahe iiris. L\u00f5hnanoote t\u00e4iustavad mustad s\u00f5strad, vaarikad ja sandlipuu. Nore k\u00fc\u00fcnlad valmivad k\u00e4sit\u00f6\u00f6na k\u00f5rgekvaliteedilistest aroomi\u00f5lidest ning 100% taimsest kookos-rapsivahast, mis ei sisalda parafiini ega s\u00fcnteetilisi lisandeid. K\u00f5rge kookose sisaldus k\u00fc\u00fcnlavahas pikendab p\u00f5lemisaega ning tagab k\u00fc\u00fcnla puhta p\u00f5lemise.","og_url":"http:\/\/ruuby.ee\/en\/pood\/kodusisustus\/kuunlad\/lohnakuunlad\/nore-kuunal-iiris-viigimari-kirss\/","og_site_name":"RUUBY","article_publisher":"https:\/\/www.facebook.com\/ruubyconcept","article_modified_time":"2026-04-07T22:28:44+00:00","og_image":[{"width":1612,"height":2015,"url":"http:\/\/ruuby.ee\/wp-content\/uploads\/2023\/06\/kC3BCC3BCnal-viigimari-kirss.jpg","type":"image\/jpeg"}],"twitter_card":"summary_large_image","twitter_misc":{"Estimated reading time":"1 minute"},"schema":{"@context":"https:\/\/schema.org","@graph":[{"@type":["WebPage","ItemPage"],"@id":"http:\/\/ruuby.ee\/pood\/kodusisustus\/kuunlad\/lohnakuunlad\/nore-kuunal-iiris-viigimari-kirss\/","url":"http:\/\/ruuby.ee\/pood\/kodusisustus\/kuunlad\/lohnakuunlad\/nore-kuunal-iiris-viigimari-kirss\/","name":"NORE k\u00fc\u00fcnal, Iiris-viigimari-kirss 150g - RUUBY","isPartOf":{"@id":"http:\/\/ruuby.ee\/en\/#website"},"primaryImageOfPage":{"@id":"http:\/\/ruuby.ee\/pood\/kodusisustus\/kuunlad\/lohnakuunlad\/nore-kuunal-iiris-viigimari-kirss\/#primaryimage"},"image":{"@id":"http:\/\/ruuby.ee\/pood\/kodusisustus\/kuunlad\/lohnakuunlad\/nore-kuunal-iiris-viigimari-kirss\/#primaryimage"},"thumbnailUrl":"https:\/\/ruuby.ee\/wp-content\/uploads\/2023\/06\/kC3BCC3BCnal-viigimari-kirss.jpg","datePublished":"2023-06-14T18:01:49+00:00","dateModified":"2026-04-07T22:28:44+00:00","breadcrumb":{"@id":"http:\/\/ruuby.ee\/pood\/kodusisustus\/kuunlad\/lohnakuunlad\/nore-kuunal-iiris-viigimari-kirss\/#breadcrumb"},"inLanguage":"en-GB","potentialAction":[{"@type":"ReadAction","target":["http:\/\/ruuby.ee\/pood\/kodusisustus\/kuunlad\/lohnakuunlad\/nore-kuunal-iiris-viigimari-kirss\/"]}]},{"@type":"ImageObject","inLanguage":"en-GB","@id":"http:\/\/ruuby.ee\/pood\/kodusisustus\/kuunlad\/lohnakuunlad\/nore-kuunal-iiris-viigimari-kirss\/#primaryimage","url":"https:\/\/ruuby.ee\/wp-content\/uploads\/2023\/06\/kC3BCC3BCnal-viigimari-kirss.jpg","contentUrl":"https:\/\/ruuby.ee\/wp-content\/uploads\/2023\/06\/kC3BCC3BCnal-viigimari-kirss.jpg","width":1612,"height":2015},{"@type":"BreadcrumbList","@id":"http:\/\/ruuby.ee\/pood\/kodusisustus\/kuunlad\/lohnakuunlad\/nore-kuunal-iiris-viigimari-kirss\/#breadcrumb","itemListElement":[{"@type":"ListItem","position":1,"name":"Kdu","item":"http:\/\/ruuby.ee\/en\/"},{"@type":"ListItem","position":2,"name":"Pood","item":"http:\/\/ruuby.ee\/en\/pood\/"},{"@type":"ListItem","position":3,"name":"NORE k\u00fc\u00fcnal, Iiris-viigimari-kirss 150g"}]},{"@type":"WebSite","@id":"http:\/\/ruuby.ee\/en\/#website","url":"http:\/\/ruuby.ee\/en\/","name":"RUUBY","description":"Ruubys on \u00fchendatud elustiil ja disain","publisher":{"@id":"http:\/\/ruuby.ee\/en\/#organization"},"alternateName":"Ruuby Disain","potentialAction":[{"@type":"SearchAction","target":{"@type":"EntryPoint","urlTemplate":"http:\/\/ruuby.ee\/en\/?s={search_term_string}"},"query-input":{"@type":"PropertyValueSpecification","valueRequired":true,"valueName":"search_term_string"}}],"inLanguage":"en-GB"},{"@type":"Organization","@id":"http:\/\/ruuby.ee\/en\/#organization","name":"Ruuby Disain O\u00dc","alternateName":"Ruuby","url":"http:\/\/ruuby.ee\/en\/","logo":{"@type":"ImageObject","inLanguage":"en-GB","@id":"http:\/\/ruuby.ee\/en\/#\/schema\/logo\/image\/","url":"https:\/\/ruuby.ee\/wp-content\/uploads\/2023\/06\/cropped-Black-White-Elegant-Circle-Signature-Fashion-Logo-12_large.png","contentUrl":"https:\/\/ruuby.ee\/wp-content\/uploads\/2023\/06\/cropped-Black-White-Elegant-Circle-Signature-Fashion-Logo-12_large.png","width":1280,"height":747,"caption":"Ruuby Disain O\u00dc"},"image":{"@id":"http:\/\/ruuby.ee\/en\/#\/schema\/logo\/image\/"},"sameAs":["https:\/\/www.facebook.com\/ruubyconcept","https:\/\/www.instagram.com\/ruuby_concept\/"]}]}},"jetpack_sharing_enabled":true,"_links":{"self":[{"href":"https:\/\/ruuby.ee\/en\/wp-json\/wp\/v2\/product\/1834235","targetHints":{"allow":["GET"]}}],"collection":[{"href":"https:\/\/ruuby.ee\/en\/wp-json\/wp\/v2\/product"}],"about":[{"href":"https:\/\/ruuby.ee\/en\/wp-json\/wp\/v2\/types\/product"}],"replies":[{"embeddable":true,"href":"https:\/\/ruuby.ee\/en\/wp-json\/wp\/v2\/comments?post=1834235"}],"wp:featuredmedia":[{"embeddable":true,"href":"https:\/\/ruuby.ee\/en\/wp-json\/wp\/v2\/media\/1597188"}],"wp:attachment":[{"href":"https:\/\/ruuby.ee\/en\/wp-json\/wp\/v2\/media?parent=1834235"}],"wp:term":[{"taxonomy":"product_brand","embeddable":true,"href":"https:\/\/ruuby.ee\/en\/wp-json\/wp\/v2\/product_brand?post=1834235"},{"taxonomy":"product_cat","embeddable":true,"href":"https:\/\/ruuby.ee\/en\/wp-json\/wp\/v2\/product_cat?post=1834235"},{"taxonomy":"product_tag","embeddable":true,"href":"https:\/\/ruuby.ee\/en\/wp-json\/wp\/v2\/product_tag?post=1834235"}],"curies":[{"name":"wp","href":"https:\/\/api.w.org\/{rel}","templated":true}]}}