{"id":1816844,"date":"2023-06-14T21:02:05","date_gmt":"2023-06-14T18:02:05","guid":{"rendered":"http:\/\/ruuby.ee\/?post_type=product&#038;p=1816844"},"modified":"2026-04-08T01:28:44","modified_gmt":"2026-04-07T22:28:44","slug":"salt-stone-naturaalne-deodorantgeel-santal-vetiver","status":"publish","type":"product","link":"https:\/\/ruuby.ee\/en\/pood\/kosmeetika\/deodorandid\/salt-stone-naturaalne-deodorantgeel-santal-vetiver\/","title":{"rendered":"SALT &amp; STONE natural deodorant, SANTAL &amp; VETIVER"},"content":{"rendered":"<p>Eriti tugev looduslik deodorant, mis on loodud 24-tunniseks kaitseks. Merevetikaekstraktid ja h\u00fcaluroonhape niisutavad nahka, probiootikumid aga aitavad l\u00f5hna neutraliseerida. Valmistatud ilma alumiiniumi, alkoholi, parabeenide ja ftalaatideta.<\/p>\n<p>L\u00f5hn: Violetsed lehed, kardemon, Orris, Ambrox, Seeder, Austraalia sandlipuu, merevaik, kristall.<\/p>\n<p>Peamised koostisosad:<br \/>\nProbiootikumid \u2013 looduslikud fermentid, mis tasakaalustavad naha mikrobioomi terve bakterite taseme saavutamiseks, mida sageli ei tasakaalusta liigne higistamine ja aktiivsus.<\/p>\n<p>Spirulina \u2013 antioks\u00fcdantide rikas koostisosa, mis rahustab ja taastab \u00e4rritunud nahka, mis puutub kokku elementidega.<\/p>\n<p>H\u00fcaluroonhape \u2013 niisutav, vett armastav molekul, mis on tuntud oma v\u00f5ime poolest meelitada ligi ja hoida endal 1000 korda suuremat niiskust.<\/p>\n<p>Niisutav \u00f5lisegu \u2014 kookos\u00f5li, sheav\u00f5i ja p\u00e4evalilleseemne\u00f5li pehmendavad kaenlaaluste nahka.<\/p>","protected":false},"excerpt":{"rendered":"<p>Auhinnatud deodorant, mis on loodud 48-tunniseks kaitseks. Merevetikaekstraktid ja h\u00fcaluroonhape niisutavad nahka, samal ajal kui probiootikumid aitavad neutraliseerida ebameeldivat l\u00f5hna. Valmistatud ilma alumiiniumi, parabeenide ja ftalaatideta.<\/p>\n<p>&nbsp;<\/p>","protected":false},"featured_media":1834248,"comment_status":"open","ping_status":"closed","template":"","meta":[],"product_brand":[],"product_cat":[686,25],"product_tag":[],"class_list":{"0":"post-1816844","1":"product","2":"type-product","3":"status-publish","4":"has-post-thumbnail","6":"product_cat-deodorandid","7":"product_cat-kosmeetika","9":"first","10":"outofstock","11":"taxable","12":"shipping-taxable","13":"purchasable","14":"product-type-simple"},"yoast_head":"<!-- This site is optimized with the Yoast SEO plugin v27.3 - https:\/\/yoast.com\/product\/yoast-seo-wordpress\/ -->\n<title>SALT &amp; STONE naturaalne deodorant, SANTAL &amp; VETIVER - RUUBY<\/title>\n<meta name=\"robots\" content=\"index, follow, max-snippet:-1, max-image-preview:large, max-video-preview:-1\" \/>\n<link rel=\"canonical\" href=\"https:\/\/ruuby.ee\/en\/pood\/kosmeetika\/deodorandid\/salt-stone-naturaalne-deodorantgeel-santal-vetiver\/\" \/>\n<meta property=\"og:locale\" content=\"en_GB\" \/>\n<meta property=\"og:type\" content=\"article\" \/>\n<meta property=\"og:title\" content=\"SALT &amp; STONE naturaalne deodorant, SANTAL &amp; VETIVER - RUUBY\" \/>\n<meta property=\"og:description\" content=\"Auhinnatud deodorant, mis on loodud 48-tunniseks kaitseks. Merevetikaekstraktid ja h\u00fcaluroonhape niisutavad nahka, samal ajal kui probiootikumid aitavad neutraliseerida ebameeldivat l\u00f5hna. Valmistatud ilma alumiiniumi, parabeenide ja ftalaatideta.  &nbsp;\" \/>\n<meta property=\"og:url\" content=\"https:\/\/ruuby.ee\/en\/pood\/kosmeetika\/deodorandid\/salt-stone-naturaalne-deodorantgeel-santal-vetiver\/\" \/>\n<meta property=\"og:site_name\" content=\"RUUBY\" \/>\n<meta property=\"article:publisher\" content=\"https:\/\/www.facebook.com\/ruubyconcept\" \/>\n<meta property=\"article:modified_time\" content=\"2026-04-07T22:28:44+00:00\" \/>\n<meta property=\"og:image\" content=\"https:\/\/ruuby.ee\/wp-content\/uploads\/2023\/06\/Screenshot202023-05-2520at2015.18.44.png\" \/>\n\t<meta property=\"og:image:width\" content=\"848\" \/>\n\t<meta property=\"og:image:height\" content=\"1046\" \/>\n\t<meta property=\"og:image:type\" content=\"image\/png\" \/>\n<meta name=\"twitter:card\" content=\"summary_large_image\" \/>\n<meta name=\"twitter:label1\" content=\"Estimated reading time\" \/>\n\t<meta name=\"twitter:data1\" content=\"1 minute\" \/>\n<script type=\"application\/ld+json\" class=\"yoast-schema-graph\">{\"@context\":\"https:\\\/\\\/schema.org\",\"@graph\":[{\"@type\":[\"WebPage\",\"ItemPage\"],\"@id\":\"https:\\\/\\\/ruuby.ee\\\/en\\\/pood\\\/kosmeetika\\\/deodorandid\\\/salt-stone-naturaalne-deodorantgeel-santal-vetiver\\\/\",\"url\":\"https:\\\/\\\/ruuby.ee\\\/en\\\/pood\\\/kosmeetika\\\/deodorandid\\\/salt-stone-naturaalne-deodorantgeel-santal-vetiver\\\/\",\"name\":\"SALT &amp; STONE naturaalne deodorant, SANTAL &amp; VETIVER - RUUBY\",\"isPartOf\":{\"@id\":\"http:\\\/\\\/ruuby.ee\\\/en\\\/#website\"},\"primaryImageOfPage\":{\"@id\":\"https:\\\/\\\/ruuby.ee\\\/en\\\/pood\\\/kosmeetika\\\/deodorandid\\\/salt-stone-naturaalne-deodorantgeel-santal-vetiver\\\/#primaryimage\"},\"image\":{\"@id\":\"https:\\\/\\\/ruuby.ee\\\/en\\\/pood\\\/kosmeetika\\\/deodorandid\\\/salt-stone-naturaalne-deodorantgeel-santal-vetiver\\\/#primaryimage\"},\"thumbnailUrl\":\"https:\\\/\\\/ruuby.ee\\\/wp-content\\\/uploads\\\/2023\\\/06\\\/Screenshot202023-05-2520at2015.18.44.png\",\"datePublished\":\"2023-06-14T18:02:05+00:00\",\"dateModified\":\"2026-04-07T22:28:44+00:00\",\"breadcrumb\":{\"@id\":\"https:\\\/\\\/ruuby.ee\\\/en\\\/pood\\\/kosmeetika\\\/deodorandid\\\/salt-stone-naturaalne-deodorantgeel-santal-vetiver\\\/#breadcrumb\"},\"inLanguage\":\"en-GB\",\"potentialAction\":[{\"@type\":\"ReadAction\",\"target\":[\"https:\\\/\\\/ruuby.ee\\\/en\\\/pood\\\/kosmeetika\\\/deodorandid\\\/salt-stone-naturaalne-deodorantgeel-santal-vetiver\\\/\"]}]},{\"@type\":\"ImageObject\",\"inLanguage\":\"en-GB\",\"@id\":\"https:\\\/\\\/ruuby.ee\\\/en\\\/pood\\\/kosmeetika\\\/deodorandid\\\/salt-stone-naturaalne-deodorantgeel-santal-vetiver\\\/#primaryimage\",\"url\":\"https:\\\/\\\/ruuby.ee\\\/wp-content\\\/uploads\\\/2023\\\/06\\\/Screenshot202023-05-2520at2015.18.44.png\",\"contentUrl\":\"https:\\\/\\\/ruuby.ee\\\/wp-content\\\/uploads\\\/2023\\\/06\\\/Screenshot202023-05-2520at2015.18.44.png\",\"width\":848,\"height\":1046},{\"@type\":\"BreadcrumbList\",\"@id\":\"https:\\\/\\\/ruuby.ee\\\/en\\\/pood\\\/kosmeetika\\\/deodorandid\\\/salt-stone-naturaalne-deodorantgeel-santal-vetiver\\\/#breadcrumb\",\"itemListElement\":[{\"@type\":\"ListItem\",\"position\":1,\"name\":\"Kdu\",\"item\":\"http:\\\/\\\/ruuby.ee\\\/en\\\/\"},{\"@type\":\"ListItem\",\"position\":2,\"name\":\"Pood\",\"item\":\"http:\\\/\\\/ruuby.ee\\\/en\\\/pood\\\/\"},{\"@type\":\"ListItem\",\"position\":3,\"name\":\"SALT &amp; STONE naturaalne deodorant, SANTAL &amp; VETIVER\"}]},{\"@type\":\"WebSite\",\"@id\":\"http:\\\/\\\/ruuby.ee\\\/en\\\/#website\",\"url\":\"http:\\\/\\\/ruuby.ee\\\/en\\\/\",\"name\":\"RUUBY\",\"description\":\"Ruubys on \u00fchendatud elustiil ja disain\",\"publisher\":{\"@id\":\"http:\\\/\\\/ruuby.ee\\\/en\\\/#organization\"},\"alternateName\":\"Ruuby Disain\",\"potentialAction\":[{\"@type\":\"SearchAction\",\"target\":{\"@type\":\"EntryPoint\",\"urlTemplate\":\"http:\\\/\\\/ruuby.ee\\\/en\\\/?s={search_term_string}\"},\"query-input\":{\"@type\":\"PropertyValueSpecification\",\"valueRequired\":true,\"valueName\":\"search_term_string\"}}],\"inLanguage\":\"en-GB\"},{\"@type\":\"Organization\",\"@id\":\"http:\\\/\\\/ruuby.ee\\\/en\\\/#organization\",\"name\":\"Ruuby Disain O\u00dc\",\"alternateName\":\"Ruuby\",\"url\":\"http:\\\/\\\/ruuby.ee\\\/en\\\/\",\"logo\":{\"@type\":\"ImageObject\",\"inLanguage\":\"en-GB\",\"@id\":\"http:\\\/\\\/ruuby.ee\\\/en\\\/#\\\/schema\\\/logo\\\/image\\\/\",\"url\":\"https:\\\/\\\/ruuby.ee\\\/wp-content\\\/uploads\\\/2023\\\/06\\\/cropped-Black-White-Elegant-Circle-Signature-Fashion-Logo-12_large.png\",\"contentUrl\":\"https:\\\/\\\/ruuby.ee\\\/wp-content\\\/uploads\\\/2023\\\/06\\\/cropped-Black-White-Elegant-Circle-Signature-Fashion-Logo-12_large.png\",\"width\":1280,\"height\":747,\"caption\":\"Ruuby Disain O\u00dc\"},\"image\":{\"@id\":\"http:\\\/\\\/ruuby.ee\\\/en\\\/#\\\/schema\\\/logo\\\/image\\\/\"},\"sameAs\":[\"https:\\\/\\\/www.facebook.com\\\/ruubyconcept\",\"https:\\\/\\\/www.instagram.com\\\/ruuby_concept\\\/\"]}]}<\/script>\n<!-- \/ Yoast SEO plugin. -->","yoast_head_json":{"title":"SALT &amp; STONE naturaalne deodorant, SANTAL &amp; VETIVER - RUUBY","robots":{"index":"index","follow":"follow","max-snippet":"max-snippet:-1","max-image-preview":"max-image-preview:large","max-video-preview":"max-video-preview:-1"},"canonical":"https:\/\/ruuby.ee\/en\/pood\/kosmeetika\/deodorandid\/salt-stone-naturaalne-deodorantgeel-santal-vetiver\/","og_locale":"en_GB","og_type":"article","og_title":"SALT &amp; STONE naturaalne deodorant, SANTAL &amp; VETIVER - RUUBY","og_description":"Auhinnatud deodorant, mis on loodud 48-tunniseks kaitseks. Merevetikaekstraktid ja h\u00fcaluroonhape niisutavad nahka, samal ajal kui probiootikumid aitavad neutraliseerida ebameeldivat l\u00f5hna. Valmistatud ilma alumiiniumi, parabeenide ja ftalaatideta.  &nbsp;","og_url":"https:\/\/ruuby.ee\/en\/pood\/kosmeetika\/deodorandid\/salt-stone-naturaalne-deodorantgeel-santal-vetiver\/","og_site_name":"RUUBY","article_publisher":"https:\/\/www.facebook.com\/ruubyconcept","article_modified_time":"2026-04-07T22:28:44+00:00","og_image":[{"width":848,"height":1046,"url":"https:\/\/ruuby.ee\/wp-content\/uploads\/2023\/06\/Screenshot202023-05-2520at2015.18.44.png","type":"image\/png"}],"twitter_card":"summary_large_image","twitter_misc":{"Estimated reading time":"1 minute"},"schema":{"@context":"https:\/\/schema.org","@graph":[{"@type":["WebPage","ItemPage"],"@id":"https:\/\/ruuby.ee\/en\/pood\/kosmeetika\/deodorandid\/salt-stone-naturaalne-deodorantgeel-santal-vetiver\/","url":"https:\/\/ruuby.ee\/en\/pood\/kosmeetika\/deodorandid\/salt-stone-naturaalne-deodorantgeel-santal-vetiver\/","name":"SALT &amp; STONE naturaalne deodorant, SANTAL &amp; VETIVER - RUUBY","isPartOf":{"@id":"http:\/\/ruuby.ee\/en\/#website"},"primaryImageOfPage":{"@id":"https:\/\/ruuby.ee\/en\/pood\/kosmeetika\/deodorandid\/salt-stone-naturaalne-deodorantgeel-santal-vetiver\/#primaryimage"},"image":{"@id":"https:\/\/ruuby.ee\/en\/pood\/kosmeetika\/deodorandid\/salt-stone-naturaalne-deodorantgeel-santal-vetiver\/#primaryimage"},"thumbnailUrl":"https:\/\/ruuby.ee\/wp-content\/uploads\/2023\/06\/Screenshot202023-05-2520at2015.18.44.png","datePublished":"2023-06-14T18:02:05+00:00","dateModified":"2026-04-07T22:28:44+00:00","breadcrumb":{"@id":"https:\/\/ruuby.ee\/en\/pood\/kosmeetika\/deodorandid\/salt-stone-naturaalne-deodorantgeel-santal-vetiver\/#breadcrumb"},"inLanguage":"en-GB","potentialAction":[{"@type":"ReadAction","target":["https:\/\/ruuby.ee\/en\/pood\/kosmeetika\/deodorandid\/salt-stone-naturaalne-deodorantgeel-santal-vetiver\/"]}]},{"@type":"ImageObject","inLanguage":"en-GB","@id":"https:\/\/ruuby.ee\/en\/pood\/kosmeetika\/deodorandid\/salt-stone-naturaalne-deodorantgeel-santal-vetiver\/#primaryimage","url":"https:\/\/ruuby.ee\/wp-content\/uploads\/2023\/06\/Screenshot202023-05-2520at2015.18.44.png","contentUrl":"https:\/\/ruuby.ee\/wp-content\/uploads\/2023\/06\/Screenshot202023-05-2520at2015.18.44.png","width":848,"height":1046},{"@type":"BreadcrumbList","@id":"https:\/\/ruuby.ee\/en\/pood\/kosmeetika\/deodorandid\/salt-stone-naturaalne-deodorantgeel-santal-vetiver\/#breadcrumb","itemListElement":[{"@type":"ListItem","position":1,"name":"Kdu","item":"http:\/\/ruuby.ee\/en\/"},{"@type":"ListItem","position":2,"name":"Pood","item":"http:\/\/ruuby.ee\/en\/pood\/"},{"@type":"ListItem","position":3,"name":"SALT &amp; STONE naturaalne deodorant, SANTAL &amp; VETIVER"}]},{"@type":"WebSite","@id":"http:\/\/ruuby.ee\/en\/#website","url":"http:\/\/ruuby.ee\/en\/","name":"RUUBY","description":"Ruubys on \u00fchendatud elustiil ja disain","publisher":{"@id":"http:\/\/ruuby.ee\/en\/#organization"},"alternateName":"Ruuby Disain","potentialAction":[{"@type":"SearchAction","target":{"@type":"EntryPoint","urlTemplate":"http:\/\/ruuby.ee\/en\/?s={search_term_string}"},"query-input":{"@type":"PropertyValueSpecification","valueRequired":true,"valueName":"search_term_string"}}],"inLanguage":"en-GB"},{"@type":"Organization","@id":"http:\/\/ruuby.ee\/en\/#organization","name":"Ruuby Disain O\u00dc","alternateName":"Ruuby","url":"http:\/\/ruuby.ee\/en\/","logo":{"@type":"ImageObject","inLanguage":"en-GB","@id":"http:\/\/ruuby.ee\/en\/#\/schema\/logo\/image\/","url":"https:\/\/ruuby.ee\/wp-content\/uploads\/2023\/06\/cropped-Black-White-Elegant-Circle-Signature-Fashion-Logo-12_large.png","contentUrl":"https:\/\/ruuby.ee\/wp-content\/uploads\/2023\/06\/cropped-Black-White-Elegant-Circle-Signature-Fashion-Logo-12_large.png","width":1280,"height":747,"caption":"Ruuby Disain O\u00dc"},"image":{"@id":"http:\/\/ruuby.ee\/en\/#\/schema\/logo\/image\/"},"sameAs":["https:\/\/www.facebook.com\/ruubyconcept","https:\/\/www.instagram.com\/ruuby_concept\/"]}]}},"jetpack_sharing_enabled":true,"_links":{"self":[{"href":"https:\/\/ruuby.ee\/en\/wp-json\/wp\/v2\/product\/1816844","targetHints":{"allow":["GET"]}}],"collection":[{"href":"https:\/\/ruuby.ee\/en\/wp-json\/wp\/v2\/product"}],"about":[{"href":"https:\/\/ruuby.ee\/en\/wp-json\/wp\/v2\/types\/product"}],"replies":[{"embeddable":true,"href":"https:\/\/ruuby.ee\/en\/wp-json\/wp\/v2\/comments?post=1816844"}],"wp:featuredmedia":[{"embeddable":true,"href":"https:\/\/ruuby.ee\/en\/wp-json\/wp\/v2\/media\/1834248"}],"wp:attachment":[{"href":"https:\/\/ruuby.ee\/en\/wp-json\/wp\/v2\/media?parent=1816844"}],"wp:term":[{"taxonomy":"product_brand","embeddable":true,"href":"https:\/\/ruuby.ee\/en\/wp-json\/wp\/v2\/product_brand?post=1816844"},{"taxonomy":"product_cat","embeddable":true,"href":"https:\/\/ruuby.ee\/en\/wp-json\/wp\/v2\/product_cat?post=1816844"},{"taxonomy":"product_tag","embeddable":true,"href":"https:\/\/ruuby.ee\/en\/wp-json\/wp\/v2\/product_tag?post=1816844"}],"curies":[{"name":"wp","href":"https:\/\/api.w.org\/{rel}","templated":true}]}}