{"id":1816611,"date":"2023-06-14T21:02:09","date_gmt":"2023-06-14T18:02:09","guid":{"rendered":"http:\/\/ruuby.ee\/?post_type=product&#038;p=1816611"},"modified":"2026-05-13T09:33:35","modified_gmt":"2026-05-13T06:33:35","slug":"salt-stone-naturaalne-deodorantgeel-eriti-tundlikule-nahale","status":"publish","type":"product","link":"https:\/\/ruuby.ee\/en\/pood\/kosmeetika\/deodorandid\/salt-stone-naturaalne-deodorantgeel-eriti-tundlikule-nahale\/","title":{"rendered":"SALT &amp; STONE deodorantgeel, eriti tundlikule nahale, BERGAMOT &amp; HINOKI"},"content":{"rendered":"<p>V\u00f5imas, kuid \u00f5rn looduslik deodorantgeel, mis on valmistatud ilma s\u00f6\u00f6gisoodata tundliku nahaga inimestele. Libiseb n\u00e4htamatult nahale ning ei j\u00e4ta j\u00e4lgi riietele. Merevetikaekstraktid ja h\u00fcaluroonhape niisutavad nahka, probiootikumid aga aitavad l\u00f5hna neutraliseerida.<\/p>\n<p>L\u00f5hn: Itaalia bergamott, greip, hinoki, vetiver, eukal\u00fcpt, merevaik, apelsini\u00f5is.<\/p>\n<p><strong>Peamised koostisosad:<\/strong><br \/>\nMerevetikaekstraktid \u2013 antioks\u00fcdantiderikas pruunvetikas rahustab ja taastab \u00e4rritunud nahka, mis puutub kokku elementidega.<\/p>\n<p>Probiootikumid \u2013 looduslikud fermentid, mis tasakaalustavad naha mikrobioomi terve bakterite taseme saavutamiseks, mida sageli ei tasakaalusta liigne higistamine ja aktiivsus.<\/p>\n<p>H\u00fcaluroonhape \u2013 niisutav, vett armastav molekul, mis on tuntud oma v\u00f5ime poolest meelitada ligi ja hoida endal 1000 korda suuremat niiskust.<\/p>\n<p>Niisutav \u00f5lisegu \u2014 kookos\u00f5li, sheav\u00f5i ja p\u00e4evalilleseemne\u00f5li pehmendavad kaenlaaluste nahka.<\/p>\n<p>Koostisosad: Prop\u00fcleengl\u00fckool, vesi (Aqua), naatriumstearaat, pol\u00fcgl\u00fctser\u00fc\u00fcl-10 kapr\u00fclaat\/kapraat, propaandiool, Saccharomyces ferment, l\u00f5hnaaine (Parfum), gl\u00fctseriin, gl\u00fctser\u00fc\u00fclkapr\u00fclaat, Maranta Arundinacea juurepulber, Zea Mays (mais) t\u00e4rklis, gl\u00fctser\u00fc\u00fclundets\u00fclenaat, Aloe Barbadensis lehemahl, kaaliumsorbaat, naatriumbensoaat, Macrocystis Pyrifera (pruunvetika) ekstrakt, Saccharina Longicruris ekstrakt, Leuconostoc\/redise juure ferment, h\u00fcaluroonhape, sidrunhape, bens\u00fc\u00fclbensoaat, tsitraal, limoneen, linalool.<\/p>","protected":false},"excerpt":{"rendered":"<p>\u00d5rn, kuid v\u00f5imas, n\u00e4htamatu geeldeodorant, mis on valmistatud merevetikaekstraktidega ja ilma s\u00f6\u00f6gisoodata tundlikule nahale.<\/p>","protected":false},"featured_media":1859774,"comment_status":"open","ping_status":"closed","template":"","meta":[],"product_brand":[],"product_cat":[686,25],"product_tag":[1235,125],"class_list":{"0":"post-1816611","1":"product","2":"type-product","3":"status-publish","4":"has-post-thumbnail","6":"product_cat-deodorandid","7":"product_cat-kosmeetika","8":"product_tag-bergamot","9":"product_tag-deodorant","11":"first","12":"instock","13":"taxable","14":"shipping-taxable","15":"purchasable","16":"product-type-simple"},"yoast_head":"<!-- This site is optimized with the Yoast SEO plugin v27.5 - https:\/\/yoast.com\/product\/yoast-seo-wordpress\/ -->\n<title>SALT &amp; STONE deodorantgeel, eriti tundlikule nahale, BERGAMOT &amp; HINOKI - RUUBY<\/title>\n<meta name=\"robots\" content=\"index, follow, max-snippet:-1, max-image-preview:large, max-video-preview:-1\" \/>\n<link rel=\"canonical\" href=\"https:\/\/ruuby.ee\/en\/pood\/kosmeetika\/deodorandid\/salt-stone-naturaalne-deodorantgeel-eriti-tundlikule-nahale\/\" \/>\n<meta property=\"og:locale\" content=\"en_GB\" \/>\n<meta property=\"og:type\" content=\"article\" \/>\n<meta property=\"og:title\" content=\"SALT &amp; STONE deodorantgeel, eriti tundlikule nahale, BERGAMOT &amp; HINOKI - RUUBY\" \/>\n<meta property=\"og:description\" content=\"\u00d5rn, kuid v\u00f5imas, n\u00e4htamatu geeldeodorant, mis on valmistatud merevetikaekstraktidega ja ilma s\u00f6\u00f6gisoodata tundlikule nahale.\" \/>\n<meta property=\"og:url\" content=\"https:\/\/ruuby.ee\/en\/pood\/kosmeetika\/deodorandid\/salt-stone-naturaalne-deodorantgeel-eriti-tundlikule-nahale\/\" \/>\n<meta property=\"og:site_name\" content=\"RUUBY\" \/>\n<meta property=\"article:publisher\" content=\"https:\/\/www.facebook.com\/ruubyconcept\" \/>\n<meta property=\"article:modified_time\" content=\"2026-05-13T06:33:35+00:00\" \/>\n<meta property=\"og:image\" content=\"http:\/\/ruuby.ee\/wp-content\/uploads\/2023\/06\/Screenshot-2026-04-23-at-11.23.10.png\" \/>\n\t<meta property=\"og:image:width\" content=\"780\" \/>\n\t<meta property=\"og:image:height\" content=\"708\" \/>\n\t<meta property=\"og:image:type\" content=\"image\/png\" \/>\n<meta name=\"twitter:card\" content=\"summary_large_image\" \/>\n<meta name=\"twitter:label1\" content=\"Estimated reading time\" \/>\n\t<meta name=\"twitter:data1\" content=\"1 minute\" \/>\n<script type=\"application\/ld+json\" class=\"yoast-schema-graph\">{\"@context\":\"https:\\\/\\\/schema.org\",\"@graph\":[{\"@type\":[\"WebPage\",\"ItemPage\"],\"@id\":\"https:\\\/\\\/ruuby.ee\\\/pood\\\/kosmeetika\\\/deodorandid\\\/salt-stone-naturaalne-deodorantgeel-eriti-tundlikule-nahale\\\/\",\"url\":\"https:\\\/\\\/ruuby.ee\\\/pood\\\/kosmeetika\\\/deodorandid\\\/salt-stone-naturaalne-deodorantgeel-eriti-tundlikule-nahale\\\/\",\"name\":\"SALT &amp; STONE deodorantgeel, eriti tundlikule nahale, BERGAMOT &amp; HINOKI - RUUBY\",\"isPartOf\":{\"@id\":\"https:\\\/\\\/ruuby.ee\\\/#website\"},\"primaryImageOfPage\":{\"@id\":\"https:\\\/\\\/ruuby.ee\\\/pood\\\/kosmeetika\\\/deodorandid\\\/salt-stone-naturaalne-deodorantgeel-eriti-tundlikule-nahale\\\/#primaryimage\"},\"image\":{\"@id\":\"https:\\\/\\\/ruuby.ee\\\/pood\\\/kosmeetika\\\/deodorandid\\\/salt-stone-naturaalne-deodorantgeel-eriti-tundlikule-nahale\\\/#primaryimage\"},\"thumbnailUrl\":\"https:\\\/\\\/ruuby.ee\\\/wp-content\\\/uploads\\\/2023\\\/06\\\/Screenshot-2026-04-23-at-11.23.10.png\",\"datePublished\":\"2023-06-14T18:02:09+00:00\",\"dateModified\":\"2026-05-13T06:33:35+00:00\",\"breadcrumb\":{\"@id\":\"https:\\\/\\\/ruuby.ee\\\/pood\\\/kosmeetika\\\/deodorandid\\\/salt-stone-naturaalne-deodorantgeel-eriti-tundlikule-nahale\\\/#breadcrumb\"},\"inLanguage\":\"en-GB\",\"potentialAction\":[{\"@type\":\"ReadAction\",\"target\":[\"https:\\\/\\\/ruuby.ee\\\/pood\\\/kosmeetika\\\/deodorandid\\\/salt-stone-naturaalne-deodorantgeel-eriti-tundlikule-nahale\\\/\"]}]},{\"@type\":\"ImageObject\",\"inLanguage\":\"en-GB\",\"@id\":\"https:\\\/\\\/ruuby.ee\\\/pood\\\/kosmeetika\\\/deodorandid\\\/salt-stone-naturaalne-deodorantgeel-eriti-tundlikule-nahale\\\/#primaryimage\",\"url\":\"https:\\\/\\\/ruuby.ee\\\/wp-content\\\/uploads\\\/2023\\\/06\\\/Screenshot-2026-04-23-at-11.23.10.png\",\"contentUrl\":\"https:\\\/\\\/ruuby.ee\\\/wp-content\\\/uploads\\\/2023\\\/06\\\/Screenshot-2026-04-23-at-11.23.10.png\",\"width\":780,\"height\":708},{\"@type\":\"BreadcrumbList\",\"@id\":\"https:\\\/\\\/ruuby.ee\\\/pood\\\/kosmeetika\\\/deodorandid\\\/salt-stone-naturaalne-deodorantgeel-eriti-tundlikule-nahale\\\/#breadcrumb\",\"itemListElement\":[{\"@type\":\"ListItem\",\"position\":1,\"name\":\"Kdu\",\"item\":\"https:\\\/\\\/ruuby.ee\\\/\"},{\"@type\":\"ListItem\",\"position\":2,\"name\":\"Pood\",\"item\":\"https:\\\/\\\/ruuby.ee\\\/pood\\\/\"},{\"@type\":\"ListItem\",\"position\":3,\"name\":\"SALT &amp; STONE deodorantgeel, eriti tundlikule nahale, BERGAMOT &amp; HINOKI\"}]},{\"@type\":\"WebSite\",\"@id\":\"https:\\\/\\\/ruuby.ee\\\/#website\",\"url\":\"https:\\\/\\\/ruuby.ee\\\/\",\"name\":\"RUUBY\",\"description\":\"Ruubys on \u00fchendatud elustiil ja disain\",\"publisher\":{\"@id\":\"https:\\\/\\\/ruuby.ee\\\/#organization\"},\"alternateName\":\"Ruuby Disain\",\"potentialAction\":[{\"@type\":\"SearchAction\",\"target\":{\"@type\":\"EntryPoint\",\"urlTemplate\":\"https:\\\/\\\/ruuby.ee\\\/?s={search_term_string}\"},\"query-input\":{\"@type\":\"PropertyValueSpecification\",\"valueRequired\":true,\"valueName\":\"search_term_string\"}}],\"inLanguage\":\"en-GB\"},{\"@type\":\"Organization\",\"@id\":\"https:\\\/\\\/ruuby.ee\\\/#organization\",\"name\":\"Ruuby Disain O\u00dc\",\"alternateName\":\"Ruuby\",\"url\":\"https:\\\/\\\/ruuby.ee\\\/\",\"logo\":{\"@type\":\"ImageObject\",\"inLanguage\":\"en-GB\",\"@id\":\"https:\\\/\\\/ruuby.ee\\\/#\\\/schema\\\/logo\\\/image\\\/\",\"url\":\"https:\\\/\\\/ruuby.ee\\\/wp-content\\\/uploads\\\/2023\\\/06\\\/cropped-Black-White-Elegant-Circle-Signature-Fashion-Logo-12_large.png\",\"contentUrl\":\"https:\\\/\\\/ruuby.ee\\\/wp-content\\\/uploads\\\/2023\\\/06\\\/cropped-Black-White-Elegant-Circle-Signature-Fashion-Logo-12_large.png\",\"width\":1280,\"height\":747,\"caption\":\"Ruuby Disain O\u00dc\"},\"image\":{\"@id\":\"https:\\\/\\\/ruuby.ee\\\/#\\\/schema\\\/logo\\\/image\\\/\"},\"sameAs\":[\"https:\\\/\\\/www.facebook.com\\\/ruubyconcept\",\"https:\\\/\\\/www.instagram.com\\\/ruuby_concept\\\/\"]}]}<\/script>\n<!-- \/ Yoast SEO plugin. -->","yoast_head_json":{"title":"SALT &amp; STONE deodorantgeel, eriti tundlikule nahale, BERGAMOT &amp; HINOKI - RUUBY","robots":{"index":"index","follow":"follow","max-snippet":"max-snippet:-1","max-image-preview":"max-image-preview:large","max-video-preview":"max-video-preview:-1"},"canonical":"https:\/\/ruuby.ee\/en\/pood\/kosmeetika\/deodorandid\/salt-stone-naturaalne-deodorantgeel-eriti-tundlikule-nahale\/","og_locale":"en_GB","og_type":"article","og_title":"SALT &amp; STONE deodorantgeel, eriti tundlikule nahale, BERGAMOT &amp; HINOKI - RUUBY","og_description":"\u00d5rn, kuid v\u00f5imas, n\u00e4htamatu geeldeodorant, mis on valmistatud merevetikaekstraktidega ja ilma s\u00f6\u00f6gisoodata tundlikule nahale.","og_url":"https:\/\/ruuby.ee\/en\/pood\/kosmeetika\/deodorandid\/salt-stone-naturaalne-deodorantgeel-eriti-tundlikule-nahale\/","og_site_name":"RUUBY","article_publisher":"https:\/\/www.facebook.com\/ruubyconcept","article_modified_time":"2026-05-13T06:33:35+00:00","og_image":[{"width":780,"height":708,"url":"http:\/\/ruuby.ee\/wp-content\/uploads\/2023\/06\/Screenshot-2026-04-23-at-11.23.10.png","type":"image\/png"}],"twitter_card":"summary_large_image","twitter_misc":{"Estimated reading time":"1 minute"},"schema":{"@context":"https:\/\/schema.org","@graph":[{"@type":["WebPage","ItemPage"],"@id":"https:\/\/ruuby.ee\/pood\/kosmeetika\/deodorandid\/salt-stone-naturaalne-deodorantgeel-eriti-tundlikule-nahale\/","url":"https:\/\/ruuby.ee\/pood\/kosmeetika\/deodorandid\/salt-stone-naturaalne-deodorantgeel-eriti-tundlikule-nahale\/","name":"SALT &amp; STONE deodorantgeel, eriti tundlikule nahale, BERGAMOT &amp; HINOKI - RUUBY","isPartOf":{"@id":"https:\/\/ruuby.ee\/#website"},"primaryImageOfPage":{"@id":"https:\/\/ruuby.ee\/pood\/kosmeetika\/deodorandid\/salt-stone-naturaalne-deodorantgeel-eriti-tundlikule-nahale\/#primaryimage"},"image":{"@id":"https:\/\/ruuby.ee\/pood\/kosmeetika\/deodorandid\/salt-stone-naturaalne-deodorantgeel-eriti-tundlikule-nahale\/#primaryimage"},"thumbnailUrl":"https:\/\/ruuby.ee\/wp-content\/uploads\/2023\/06\/Screenshot-2026-04-23-at-11.23.10.png","datePublished":"2023-06-14T18:02:09+00:00","dateModified":"2026-05-13T06:33:35+00:00","breadcrumb":{"@id":"https:\/\/ruuby.ee\/pood\/kosmeetika\/deodorandid\/salt-stone-naturaalne-deodorantgeel-eriti-tundlikule-nahale\/#breadcrumb"},"inLanguage":"en-GB","potentialAction":[{"@type":"ReadAction","target":["https:\/\/ruuby.ee\/pood\/kosmeetika\/deodorandid\/salt-stone-naturaalne-deodorantgeel-eriti-tundlikule-nahale\/"]}]},{"@type":"ImageObject","inLanguage":"en-GB","@id":"https:\/\/ruuby.ee\/pood\/kosmeetika\/deodorandid\/salt-stone-naturaalne-deodorantgeel-eriti-tundlikule-nahale\/#primaryimage","url":"https:\/\/ruuby.ee\/wp-content\/uploads\/2023\/06\/Screenshot-2026-04-23-at-11.23.10.png","contentUrl":"https:\/\/ruuby.ee\/wp-content\/uploads\/2023\/06\/Screenshot-2026-04-23-at-11.23.10.png","width":780,"height":708},{"@type":"BreadcrumbList","@id":"https:\/\/ruuby.ee\/pood\/kosmeetika\/deodorandid\/salt-stone-naturaalne-deodorantgeel-eriti-tundlikule-nahale\/#breadcrumb","itemListElement":[{"@type":"ListItem","position":1,"name":"Kdu","item":"https:\/\/ruuby.ee\/"},{"@type":"ListItem","position":2,"name":"Pood","item":"https:\/\/ruuby.ee\/pood\/"},{"@type":"ListItem","position":3,"name":"SALT &amp; STONE deodorantgeel, eriti tundlikule nahale, BERGAMOT &amp; HINOKI"}]},{"@type":"WebSite","@id":"https:\/\/ruuby.ee\/#website","url":"https:\/\/ruuby.ee\/","name":"RUUBY","description":"Ruubys on \u00fchendatud elustiil ja disain","publisher":{"@id":"https:\/\/ruuby.ee\/#organization"},"alternateName":"Ruuby Disain","potentialAction":[{"@type":"SearchAction","target":{"@type":"EntryPoint","urlTemplate":"https:\/\/ruuby.ee\/?s={search_term_string}"},"query-input":{"@type":"PropertyValueSpecification","valueRequired":true,"valueName":"search_term_string"}}],"inLanguage":"en-GB"},{"@type":"Organization","@id":"https:\/\/ruuby.ee\/#organization","name":"Ruuby Disain O\u00dc","alternateName":"Ruuby","url":"https:\/\/ruuby.ee\/","logo":{"@type":"ImageObject","inLanguage":"en-GB","@id":"https:\/\/ruuby.ee\/#\/schema\/logo\/image\/","url":"https:\/\/ruuby.ee\/wp-content\/uploads\/2023\/06\/cropped-Black-White-Elegant-Circle-Signature-Fashion-Logo-12_large.png","contentUrl":"https:\/\/ruuby.ee\/wp-content\/uploads\/2023\/06\/cropped-Black-White-Elegant-Circle-Signature-Fashion-Logo-12_large.png","width":1280,"height":747,"caption":"Ruuby Disain O\u00dc"},"image":{"@id":"https:\/\/ruuby.ee\/#\/schema\/logo\/image\/"},"sameAs":["https:\/\/www.facebook.com\/ruubyconcept","https:\/\/www.instagram.com\/ruuby_concept\/"]}]}},"jetpack_sharing_enabled":true,"_links":{"self":[{"href":"https:\/\/ruuby.ee\/en\/wp-json\/wp\/v2\/product\/1816611","targetHints":{"allow":["GET"]}}],"collection":[{"href":"https:\/\/ruuby.ee\/en\/wp-json\/wp\/v2\/product"}],"about":[{"href":"https:\/\/ruuby.ee\/en\/wp-json\/wp\/v2\/types\/product"}],"replies":[{"embeddable":true,"href":"https:\/\/ruuby.ee\/en\/wp-json\/wp\/v2\/comments?post=1816611"}],"wp:featuredmedia":[{"embeddable":true,"href":"https:\/\/ruuby.ee\/en\/wp-json\/wp\/v2\/media\/1859774"}],"wp:attachment":[{"href":"https:\/\/ruuby.ee\/en\/wp-json\/wp\/v2\/media?parent=1816611"}],"wp:term":[{"taxonomy":"product_brand","embeddable":true,"href":"https:\/\/ruuby.ee\/en\/wp-json\/wp\/v2\/product_brand?post=1816611"},{"taxonomy":"product_cat","embeddable":true,"href":"https:\/\/ruuby.ee\/en\/wp-json\/wp\/v2\/product_cat?post=1816611"},{"taxonomy":"product_tag","embeddable":true,"href":"https:\/\/ruuby.ee\/en\/wp-json\/wp\/v2\/product_tag?post=1816611"}],"curies":[{"name":"wp","href":"https:\/\/api.w.org\/{rel}","templated":true}]}}