{"id":1816592,"date":"2023-06-14T21:02:05","date_gmt":"2023-06-14T18:02:05","guid":{"rendered":"http:\/\/ruuby.ee\/?post_type=product&#038;p=1816592"},"modified":"2026-04-08T01:28:44","modified_gmt":"2026-04-07T22:28:44","slug":"salt-stone-kehapesugeel-bergamot-hinoki","status":"publish","type":"product","link":"https:\/\/ruuby.ee\/en\/pood\/kosmeetika\/kehahooldus\/salt-stone-kehapesugeel-bergamot-hinoki\/","title":{"rendered":"SALT &amp; STONE kehapesugeel, BERGAMOT &amp; HINOKI"},"content":{"rendered":"<p>Mitmek\u00fclgne, v\u00e4rskendav geeljas kehapuhastusvahend ookeanitaimede, antioks\u00fcdantide ja looduslike niisutavate koostisainetega, mis on loodud elementidega kokkupuutuva naha taastamiseks.<\/p>\n<p>Pehmendades ja rahustades samal ajal ka puhastades, et taastada tuule, p\u00e4ikese ja veest tingitud kahjustused.<\/p>\n<p>Kogus: 450ml<\/p>\n<p>L\u00f5hna noodid: Itaalia bergamott, greip, hinoki, vetiver, eukal\u00fcpt, merevaik, apelsini\u00f5is.<\/p>\n<p>Peamised koostisosad:<\/p>\n<p>Merevetikaekstraktid ja spirulina \u2013 antioks\u00fcdantiderikkad ookeanitaimed, mis rahustavad ja taastavad \u00e4rritunud nahka, mis puutub kokku elementidega.<\/p>\n<p>Mustikaekstrakt ja C-vitamiin \u2013 antioks\u00fcdandid, mis teadaolevalt v\u00f5itlevad p\u00e4ikese k\u00e4es nahka sattuvate vabade radikaalidega, tugevdavad naha kollageeni tootmist ja kaitsevad vananemisilmingute eest.<\/p>\n<p>Niatsiinamiid \u2013 tuntud ka kui B3-vitamiin, mis on t\u00f5hus tugevama ja terve nahabarj\u00e4\u00e4ri loomisel, parandades samal ajal naha tekstuuri.<\/p>\n<p>H\u00fcaluroonhape \u2013 vett armastav molekul, mis on tuntud oma v\u00f5ime poolest meelitada ligi ja hoida niiskust 1000 korda suurema kaaluga. Niisutage puhastamise ajal nahka, mis on p\u00e4rast loputamist pehme.<\/p>\n<p>Probiootikumid \u2013 looduslikud fermentid, mis tasakaalustavad naha mikrobioomi, et saavutada terve bakterite tase, tugevdades naha barj\u00e4\u00e4ri liigse higistamise ja aktiivsuse eest.<\/p>","protected":false},"excerpt":{"rendered":"<p>Mitmek\u00fclgselt v\u00e4rskendav geeljas kehapuhastusgeel antioks\u00fcdantide, ookeanitaimede ja looduslikult niisutavate koostisosadega. Pehmendab ja rahustab puhastamise ajal, aidates taastada \u00f5ues viibimise, tuule, p\u00e4ikese ja mere kuivatavat m\u00f5ju.<\/p>","protected":false},"featured_media":1853297,"comment_status":"open","ping_status":"closed","template":"","meta":[],"product_brand":[],"product_cat":[690,25],"product_tag":[],"class_list":{"0":"post-1816592","1":"product","2":"type-product","3":"status-publish","4":"has-post-thumbnail","6":"product_cat-kehahooldus","7":"product_cat-kosmeetika","9":"first","10":"outofstock","11":"taxable","12":"shipping-taxable","13":"purchasable","14":"product-type-simple"},"yoast_head":"<!-- This site is optimized with the Yoast SEO plugin v27.3 - https:\/\/yoast.com\/product\/yoast-seo-wordpress\/ -->\n<title>SALT &amp; STONE kehapesugeel, BERGAMOT &amp; HINOKI - RUUBY<\/title>\n<meta name=\"robots\" content=\"index, follow, max-snippet:-1, max-image-preview:large, max-video-preview:-1\" \/>\n<link rel=\"canonical\" href=\"https:\/\/ruuby.ee\/en\/pood\/kosmeetika\/kehahooldus\/salt-stone-kehapesugeel-bergamot-hinoki\/\" \/>\n<meta property=\"og:locale\" content=\"en_GB\" \/>\n<meta property=\"og:type\" content=\"article\" \/>\n<meta property=\"og:title\" content=\"SALT &amp; STONE kehapesugeel, BERGAMOT &amp; HINOKI - RUUBY\" \/>\n<meta property=\"og:description\" content=\"Mitmek\u00fclgselt v\u00e4rskendav geeljas kehapuhastusgeel antioks\u00fcdantide, ookeanitaimede ja looduslikult niisutavate koostisosadega. Pehmendab ja rahustab puhastamise ajal, aidates taastada \u00f5ues viibimise, tuule, p\u00e4ikese ja mere kuivatavat m\u00f5ju.\" \/>\n<meta property=\"og:url\" content=\"https:\/\/ruuby.ee\/en\/pood\/kosmeetika\/kehahooldus\/salt-stone-kehapesugeel-bergamot-hinoki\/\" \/>\n<meta property=\"og:site_name\" content=\"RUUBY\" \/>\n<meta property=\"article:publisher\" content=\"https:\/\/www.facebook.com\/ruubyconcept\" \/>\n<meta property=\"article:modified_time\" content=\"2026-04-07T22:28:44+00:00\" \/>\n<meta property=\"og:image\" content=\"https:\/\/ruuby.ee\/wp-content\/uploads\/2023\/06\/Screenshot-2025-05-15-at-09.38.01.png\" \/>\n\t<meta property=\"og:image:width\" content=\"1064\" \/>\n\t<meta property=\"og:image:height\" content=\"1050\" \/>\n\t<meta property=\"og:image:type\" content=\"image\/png\" \/>\n<meta name=\"twitter:card\" content=\"summary_large_image\" \/>\n<meta name=\"twitter:label1\" content=\"Estimated reading time\" \/>\n\t<meta name=\"twitter:data1\" content=\"2 minutes\" \/>\n<script type=\"application\/ld+json\" class=\"yoast-schema-graph\">{\"@context\":\"https:\\\/\\\/schema.org\",\"@graph\":[{\"@type\":[\"WebPage\",\"ItemPage\"],\"@id\":\"https:\\\/\\\/ruuby.ee\\\/en\\\/pood\\\/kosmeetika\\\/kehahooldus\\\/salt-stone-kehapesugeel-bergamot-hinoki\\\/\",\"url\":\"https:\\\/\\\/ruuby.ee\\\/en\\\/pood\\\/kosmeetika\\\/kehahooldus\\\/salt-stone-kehapesugeel-bergamot-hinoki\\\/\",\"name\":\"SALT &amp; STONE kehapesugeel, BERGAMOT &amp; HINOKI - RUUBY\",\"isPartOf\":{\"@id\":\"http:\\\/\\\/ruuby.ee\\\/en\\\/#website\"},\"primaryImageOfPage\":{\"@id\":\"https:\\\/\\\/ruuby.ee\\\/en\\\/pood\\\/kosmeetika\\\/kehahooldus\\\/salt-stone-kehapesugeel-bergamot-hinoki\\\/#primaryimage\"},\"image\":{\"@id\":\"https:\\\/\\\/ruuby.ee\\\/en\\\/pood\\\/kosmeetika\\\/kehahooldus\\\/salt-stone-kehapesugeel-bergamot-hinoki\\\/#primaryimage\"},\"thumbnailUrl\":\"https:\\\/\\\/ruuby.ee\\\/wp-content\\\/uploads\\\/2023\\\/06\\\/Screenshot-2025-05-15-at-09.38.01.png\",\"datePublished\":\"2023-06-14T18:02:05+00:00\",\"dateModified\":\"2026-04-07T22:28:44+00:00\",\"breadcrumb\":{\"@id\":\"https:\\\/\\\/ruuby.ee\\\/en\\\/pood\\\/kosmeetika\\\/kehahooldus\\\/salt-stone-kehapesugeel-bergamot-hinoki\\\/#breadcrumb\"},\"inLanguage\":\"en-GB\",\"potentialAction\":[{\"@type\":\"ReadAction\",\"target\":[\"https:\\\/\\\/ruuby.ee\\\/en\\\/pood\\\/kosmeetika\\\/kehahooldus\\\/salt-stone-kehapesugeel-bergamot-hinoki\\\/\"]}]},{\"@type\":\"ImageObject\",\"inLanguage\":\"en-GB\",\"@id\":\"https:\\\/\\\/ruuby.ee\\\/en\\\/pood\\\/kosmeetika\\\/kehahooldus\\\/salt-stone-kehapesugeel-bergamot-hinoki\\\/#primaryimage\",\"url\":\"https:\\\/\\\/ruuby.ee\\\/wp-content\\\/uploads\\\/2023\\\/06\\\/Screenshot-2025-05-15-at-09.38.01.png\",\"contentUrl\":\"https:\\\/\\\/ruuby.ee\\\/wp-content\\\/uploads\\\/2023\\\/06\\\/Screenshot-2025-05-15-at-09.38.01.png\",\"width\":1064,\"height\":1050},{\"@type\":\"BreadcrumbList\",\"@id\":\"https:\\\/\\\/ruuby.ee\\\/en\\\/pood\\\/kosmeetika\\\/kehahooldus\\\/salt-stone-kehapesugeel-bergamot-hinoki\\\/#breadcrumb\",\"itemListElement\":[{\"@type\":\"ListItem\",\"position\":1,\"name\":\"Kdu\",\"item\":\"http:\\\/\\\/ruuby.ee\\\/en\\\/\"},{\"@type\":\"ListItem\",\"position\":2,\"name\":\"Pood\",\"item\":\"http:\\\/\\\/ruuby.ee\\\/en\\\/pood\\\/\"},{\"@type\":\"ListItem\",\"position\":3,\"name\":\"SALT &amp; STONE kehapesugeel, BERGAMOT &amp; HINOKI\"}]},{\"@type\":\"WebSite\",\"@id\":\"http:\\\/\\\/ruuby.ee\\\/en\\\/#website\",\"url\":\"http:\\\/\\\/ruuby.ee\\\/en\\\/\",\"name\":\"RUUBY\",\"description\":\"Ruubys on \u00fchendatud elustiil ja disain\",\"publisher\":{\"@id\":\"http:\\\/\\\/ruuby.ee\\\/en\\\/#organization\"},\"alternateName\":\"Ruuby Disain\",\"potentialAction\":[{\"@type\":\"SearchAction\",\"target\":{\"@type\":\"EntryPoint\",\"urlTemplate\":\"http:\\\/\\\/ruuby.ee\\\/en\\\/?s={search_term_string}\"},\"query-input\":{\"@type\":\"PropertyValueSpecification\",\"valueRequired\":true,\"valueName\":\"search_term_string\"}}],\"inLanguage\":\"en-GB\"},{\"@type\":\"Organization\",\"@id\":\"http:\\\/\\\/ruuby.ee\\\/en\\\/#organization\",\"name\":\"Ruuby Disain O\u00dc\",\"alternateName\":\"Ruuby\",\"url\":\"http:\\\/\\\/ruuby.ee\\\/en\\\/\",\"logo\":{\"@type\":\"ImageObject\",\"inLanguage\":\"en-GB\",\"@id\":\"http:\\\/\\\/ruuby.ee\\\/en\\\/#\\\/schema\\\/logo\\\/image\\\/\",\"url\":\"https:\\\/\\\/ruuby.ee\\\/wp-content\\\/uploads\\\/2023\\\/06\\\/cropped-Black-White-Elegant-Circle-Signature-Fashion-Logo-12_large.png\",\"contentUrl\":\"https:\\\/\\\/ruuby.ee\\\/wp-content\\\/uploads\\\/2023\\\/06\\\/cropped-Black-White-Elegant-Circle-Signature-Fashion-Logo-12_large.png\",\"width\":1280,\"height\":747,\"caption\":\"Ruuby Disain O\u00dc\"},\"image\":{\"@id\":\"http:\\\/\\\/ruuby.ee\\\/en\\\/#\\\/schema\\\/logo\\\/image\\\/\"},\"sameAs\":[\"https:\\\/\\\/www.facebook.com\\\/ruubyconcept\",\"https:\\\/\\\/www.instagram.com\\\/ruuby_concept\\\/\"]}]}<\/script>\n<!-- \/ Yoast SEO plugin. -->","yoast_head_json":{"title":"SALT &amp; STONE kehapesugeel, BERGAMOT &amp; HINOKI - RUUBY","robots":{"index":"index","follow":"follow","max-snippet":"max-snippet:-1","max-image-preview":"max-image-preview:large","max-video-preview":"max-video-preview:-1"},"canonical":"https:\/\/ruuby.ee\/en\/pood\/kosmeetika\/kehahooldus\/salt-stone-kehapesugeel-bergamot-hinoki\/","og_locale":"en_GB","og_type":"article","og_title":"SALT &amp; STONE kehapesugeel, BERGAMOT &amp; HINOKI - RUUBY","og_description":"Mitmek\u00fclgselt v\u00e4rskendav geeljas kehapuhastusgeel antioks\u00fcdantide, ookeanitaimede ja looduslikult niisutavate koostisosadega. Pehmendab ja rahustab puhastamise ajal, aidates taastada \u00f5ues viibimise, tuule, p\u00e4ikese ja mere kuivatavat m\u00f5ju.","og_url":"https:\/\/ruuby.ee\/en\/pood\/kosmeetika\/kehahooldus\/salt-stone-kehapesugeel-bergamot-hinoki\/","og_site_name":"RUUBY","article_publisher":"https:\/\/www.facebook.com\/ruubyconcept","article_modified_time":"2026-04-07T22:28:44+00:00","og_image":[{"width":1064,"height":1050,"url":"https:\/\/ruuby.ee\/wp-content\/uploads\/2023\/06\/Screenshot-2025-05-15-at-09.38.01.png","type":"image\/png"}],"twitter_card":"summary_large_image","twitter_misc":{"Estimated reading time":"2 minutes"},"schema":{"@context":"https:\/\/schema.org","@graph":[{"@type":["WebPage","ItemPage"],"@id":"https:\/\/ruuby.ee\/en\/pood\/kosmeetika\/kehahooldus\/salt-stone-kehapesugeel-bergamot-hinoki\/","url":"https:\/\/ruuby.ee\/en\/pood\/kosmeetika\/kehahooldus\/salt-stone-kehapesugeel-bergamot-hinoki\/","name":"SALT &amp; STONE kehapesugeel, BERGAMOT &amp; HINOKI - RUUBY","isPartOf":{"@id":"http:\/\/ruuby.ee\/en\/#website"},"primaryImageOfPage":{"@id":"https:\/\/ruuby.ee\/en\/pood\/kosmeetika\/kehahooldus\/salt-stone-kehapesugeel-bergamot-hinoki\/#primaryimage"},"image":{"@id":"https:\/\/ruuby.ee\/en\/pood\/kosmeetika\/kehahooldus\/salt-stone-kehapesugeel-bergamot-hinoki\/#primaryimage"},"thumbnailUrl":"https:\/\/ruuby.ee\/wp-content\/uploads\/2023\/06\/Screenshot-2025-05-15-at-09.38.01.png","datePublished":"2023-06-14T18:02:05+00:00","dateModified":"2026-04-07T22:28:44+00:00","breadcrumb":{"@id":"https:\/\/ruuby.ee\/en\/pood\/kosmeetika\/kehahooldus\/salt-stone-kehapesugeel-bergamot-hinoki\/#breadcrumb"},"inLanguage":"en-GB","potentialAction":[{"@type":"ReadAction","target":["https:\/\/ruuby.ee\/en\/pood\/kosmeetika\/kehahooldus\/salt-stone-kehapesugeel-bergamot-hinoki\/"]}]},{"@type":"ImageObject","inLanguage":"en-GB","@id":"https:\/\/ruuby.ee\/en\/pood\/kosmeetika\/kehahooldus\/salt-stone-kehapesugeel-bergamot-hinoki\/#primaryimage","url":"https:\/\/ruuby.ee\/wp-content\/uploads\/2023\/06\/Screenshot-2025-05-15-at-09.38.01.png","contentUrl":"https:\/\/ruuby.ee\/wp-content\/uploads\/2023\/06\/Screenshot-2025-05-15-at-09.38.01.png","width":1064,"height":1050},{"@type":"BreadcrumbList","@id":"https:\/\/ruuby.ee\/en\/pood\/kosmeetika\/kehahooldus\/salt-stone-kehapesugeel-bergamot-hinoki\/#breadcrumb","itemListElement":[{"@type":"ListItem","position":1,"name":"Kdu","item":"http:\/\/ruuby.ee\/en\/"},{"@type":"ListItem","position":2,"name":"Pood","item":"http:\/\/ruuby.ee\/en\/pood\/"},{"@type":"ListItem","position":3,"name":"SALT &amp; STONE kehapesugeel, BERGAMOT &amp; HINOKI"}]},{"@type":"WebSite","@id":"http:\/\/ruuby.ee\/en\/#website","url":"http:\/\/ruuby.ee\/en\/","name":"RUUBY","description":"Ruubys on \u00fchendatud elustiil ja disain","publisher":{"@id":"http:\/\/ruuby.ee\/en\/#organization"},"alternateName":"Ruuby Disain","potentialAction":[{"@type":"SearchAction","target":{"@type":"EntryPoint","urlTemplate":"http:\/\/ruuby.ee\/en\/?s={search_term_string}"},"query-input":{"@type":"PropertyValueSpecification","valueRequired":true,"valueName":"search_term_string"}}],"inLanguage":"en-GB"},{"@type":"Organization","@id":"http:\/\/ruuby.ee\/en\/#organization","name":"Ruuby Disain O\u00dc","alternateName":"Ruuby","url":"http:\/\/ruuby.ee\/en\/","logo":{"@type":"ImageObject","inLanguage":"en-GB","@id":"http:\/\/ruuby.ee\/en\/#\/schema\/logo\/image\/","url":"https:\/\/ruuby.ee\/wp-content\/uploads\/2023\/06\/cropped-Black-White-Elegant-Circle-Signature-Fashion-Logo-12_large.png","contentUrl":"https:\/\/ruuby.ee\/wp-content\/uploads\/2023\/06\/cropped-Black-White-Elegant-Circle-Signature-Fashion-Logo-12_large.png","width":1280,"height":747,"caption":"Ruuby Disain O\u00dc"},"image":{"@id":"http:\/\/ruuby.ee\/en\/#\/schema\/logo\/image\/"},"sameAs":["https:\/\/www.facebook.com\/ruubyconcept","https:\/\/www.instagram.com\/ruuby_concept\/"]}]}},"jetpack_sharing_enabled":true,"_links":{"self":[{"href":"https:\/\/ruuby.ee\/en\/wp-json\/wp\/v2\/product\/1816592","targetHints":{"allow":["GET"]}}],"collection":[{"href":"https:\/\/ruuby.ee\/en\/wp-json\/wp\/v2\/product"}],"about":[{"href":"https:\/\/ruuby.ee\/en\/wp-json\/wp\/v2\/types\/product"}],"replies":[{"embeddable":true,"href":"https:\/\/ruuby.ee\/en\/wp-json\/wp\/v2\/comments?post=1816592"}],"wp:featuredmedia":[{"embeddable":true,"href":"https:\/\/ruuby.ee\/en\/wp-json\/wp\/v2\/media\/1853297"}],"wp:attachment":[{"href":"https:\/\/ruuby.ee\/en\/wp-json\/wp\/v2\/media?parent=1816592"}],"wp:term":[{"taxonomy":"product_brand","embeddable":true,"href":"https:\/\/ruuby.ee\/en\/wp-json\/wp\/v2\/product_brand?post=1816592"},{"taxonomy":"product_cat","embeddable":true,"href":"https:\/\/ruuby.ee\/en\/wp-json\/wp\/v2\/product_cat?post=1816592"},{"taxonomy":"product_tag","embeddable":true,"href":"https:\/\/ruuby.ee\/en\/wp-json\/wp\/v2\/product_tag?post=1816592"}],"curies":[{"name":"wp","href":"https:\/\/api.w.org\/{rel}","templated":true}]}}