{"id":1816589,"date":"2023-06-14T21:02:05","date_gmt":"2023-06-14T18:02:05","guid":{"rendered":"http:\/\/ruuby.ee\/?post_type=product&#038;p=1816589"},"modified":"2026-04-08T01:28:44","modified_gmt":"2026-04-07T22:28:44","slug":"salt-stone-katekreem-bergamot-hinoki","status":"publish","type":"product","link":"https:\/\/ruuby.ee\/en\/pood\/kosmeetika\/katehooldus\/salt-stone-katekreem-bergamot-hinoki\/","title":{"rendered":"SALT &amp; STONE k\u00e4tekreem, BERGAMOT &amp; HINOKI"},"content":{"rendered":"<p>Kiiresti imenduv igap\u00e4evane k\u00e4teniisutaja, mis on rikastatud ookeanitaimede, antioks\u00fcdantide ja looduslikult niisutavate koostisainetega, mis on loodud pehmendama ja taastama kuivi k\u00e4si sagedase pesemise ja keskkonnam\u00f5juritega kokkupuute t\u00f5ttu.<\/p>\n<p>See s\u00fcgavniisutav kreem toidab nahka koheselt ning saavutab siidiselt pehme tulemuse. Taastades samal ajal tuule, p\u00e4ikese ja vee tekitatud kuivuse.<\/p>\n<p>Peamised koostisosad:<br \/>\nSkvalaan \u2013 oliivist saadud \u00f5li, mis sarnaneb looduslikult nahas toodetavale \u00f5lile, see pehmendav \u00f5li tihendab niiskust ja toidab nahka.<\/p>\n<p>Lumeseen \u2013 pol\u00fcsahhariidide ja rasvhapete rikkad seened, molekulid, mis teadaolevalt aitavad nahal vett s\u00e4ilitada ja pikendavad niisutust.<\/p>\n<p>Merevetikaekstraktid \u2013 antioks\u00fcdantiderikkad ookeanitaimed rahustavad ja taastavad \u00e4rritunud nahka, mis puutub kokku elementidega.<\/p>\n<p>Niatsiinamiid \u2013 tuntud ka kui B3-vitamiin, mis on t\u00f5hus tugevama ja terve nahabarj\u00e4\u00e4ri loomisel, parandades samal ajal naha tekstuuri.<\/p>","protected":false},"excerpt":{"rendered":"<p>Kiiresti imenduv igap\u00e4evane k\u00e4teniisutaja, mis on rikastatud ookeanitaimede, antioks\u00fcdantide ja looduslikult niisutavate koostisainetega, mis on loodud pehmendama ja taastama kuivi k\u00e4si sagedase pesemise ja keskkonnam\u00f5juritega kokkupuute t\u00f5ttu. See s\u00fcgavniisutav kreem toidab nahka koheselt ning saavutab siidiselt pehme tulemuse. Taastades samal ajal tuule, p\u00e4ikese ja vee tekitatud kuivuse. Peamised koostisosad: Skvalaan \u2013 oliivist saadud \u00f5li, mis [&hellip;]<\/p>\n","protected":false},"featured_media":1829647,"comment_status":"open","ping_status":"closed","template":"","meta":[],"product_brand":[],"product_cat":[692,25],"product_tag":[],"class_list":{"0":"post-1816589","1":"product","2":"type-product","3":"status-publish","4":"has-post-thumbnail","6":"product_cat-katehooldus","7":"product_cat-kosmeetika","9":"first","10":"outofstock","11":"taxable","12":"shipping-taxable","13":"purchasable","14":"product-type-simple"},"yoast_head":"<!-- This site is optimized with the Yoast SEO plugin v27.3 - https:\/\/yoast.com\/product\/yoast-seo-wordpress\/ -->\n<title>SALT &amp; STONE k\u00e4tekreem, BERGAMOT &amp; HINOKI - RUUBY<\/title>\n<meta name=\"robots\" content=\"index, follow, max-snippet:-1, max-image-preview:large, max-video-preview:-1\" \/>\n<link rel=\"canonical\" href=\"http:\/\/ruuby.ee\/en\/pood\/kosmeetika\/katehooldus\/salt-stone-katekreem-bergamot-hinoki\/\" \/>\n<meta property=\"og:locale\" content=\"en_GB\" \/>\n<meta property=\"og:type\" content=\"article\" \/>\n<meta property=\"og:title\" content=\"SALT &amp; STONE k\u00e4tekreem, BERGAMOT &amp; HINOKI - RUUBY\" \/>\n<meta property=\"og:description\" content=\"Kiiresti imenduv igap\u00e4evane k\u00e4teniisutaja, mis on rikastatud ookeanitaimede, antioks\u00fcdantide ja looduslikult niisutavate koostisainetega, mis on loodud pehmendama ja taastama kuivi k\u00e4si sagedase pesemise ja keskkonnam\u00f5juritega kokkupuute t\u00f5ttu. See s\u00fcgavniisutav kreem toidab nahka koheselt ning saavutab siidiselt pehme tulemuse. Taastades samal ajal tuule, p\u00e4ikese ja vee tekitatud kuivuse. Peamised koostisosad: Skvalaan \u2013 oliivist saadud \u00f5li, mis [&hellip;]\" \/>\n<meta property=\"og:url\" content=\"http:\/\/ruuby.ee\/en\/pood\/kosmeetika\/katehooldus\/salt-stone-katekreem-bergamot-hinoki\/\" \/>\n<meta property=\"og:site_name\" content=\"RUUBY\" \/>\n<meta property=\"article:publisher\" content=\"https:\/\/www.facebook.com\/ruubyconcept\" \/>\n<meta property=\"article:modified_time\" content=\"2026-04-07T22:28:44+00:00\" \/>\n<meta property=\"og:image\" content=\"http:\/\/ruuby.ee\/wp-content\/uploads\/2023\/06\/Screenshot202023-05-2520at2015.05.36.png\" \/>\n\t<meta property=\"og:image:width\" content=\"912\" \/>\n\t<meta property=\"og:image:height\" content=\"1060\" \/>\n\t<meta property=\"og:image:type\" content=\"image\/png\" \/>\n<meta name=\"twitter:card\" content=\"summary_large_image\" \/>\n<meta name=\"twitter:label1\" content=\"Estimated reading time\" \/>\n\t<meta name=\"twitter:data1\" content=\"1 minute\" \/>\n<script type=\"application\/ld+json\" class=\"yoast-schema-graph\">{\"@context\":\"https:\\\/\\\/schema.org\",\"@graph\":[{\"@type\":[\"WebPage\",\"ItemPage\"],\"@id\":\"http:\\\/\\\/ruuby.ee\\\/pood\\\/kosmeetika\\\/katehooldus\\\/salt-stone-katekreem-bergamot-hinoki\\\/\",\"url\":\"http:\\\/\\\/ruuby.ee\\\/pood\\\/kosmeetika\\\/katehooldus\\\/salt-stone-katekreem-bergamot-hinoki\\\/\",\"name\":\"SALT &amp; STONE k\u00e4tekreem, BERGAMOT &amp; HINOKI - RUUBY\",\"isPartOf\":{\"@id\":\"http:\\\/\\\/ruuby.ee\\\/en\\\/#website\"},\"primaryImageOfPage\":{\"@id\":\"http:\\\/\\\/ruuby.ee\\\/pood\\\/kosmeetika\\\/katehooldus\\\/salt-stone-katekreem-bergamot-hinoki\\\/#primaryimage\"},\"image\":{\"@id\":\"http:\\\/\\\/ruuby.ee\\\/pood\\\/kosmeetika\\\/katehooldus\\\/salt-stone-katekreem-bergamot-hinoki\\\/#primaryimage\"},\"thumbnailUrl\":\"https:\\\/\\\/ruuby.ee\\\/wp-content\\\/uploads\\\/2023\\\/06\\\/Screenshot202023-05-2520at2015.05.36.png\",\"datePublished\":\"2023-06-14T18:02:05+00:00\",\"dateModified\":\"2026-04-07T22:28:44+00:00\",\"breadcrumb\":{\"@id\":\"http:\\\/\\\/ruuby.ee\\\/pood\\\/kosmeetika\\\/katehooldus\\\/salt-stone-katekreem-bergamot-hinoki\\\/#breadcrumb\"},\"inLanguage\":\"en-GB\",\"potentialAction\":[{\"@type\":\"ReadAction\",\"target\":[\"http:\\\/\\\/ruuby.ee\\\/pood\\\/kosmeetika\\\/katehooldus\\\/salt-stone-katekreem-bergamot-hinoki\\\/\"]}]},{\"@type\":\"ImageObject\",\"inLanguage\":\"en-GB\",\"@id\":\"http:\\\/\\\/ruuby.ee\\\/pood\\\/kosmeetika\\\/katehooldus\\\/salt-stone-katekreem-bergamot-hinoki\\\/#primaryimage\",\"url\":\"https:\\\/\\\/ruuby.ee\\\/wp-content\\\/uploads\\\/2023\\\/06\\\/Screenshot202023-05-2520at2015.05.36.png\",\"contentUrl\":\"https:\\\/\\\/ruuby.ee\\\/wp-content\\\/uploads\\\/2023\\\/06\\\/Screenshot202023-05-2520at2015.05.36.png\",\"width\":912,\"height\":1060},{\"@type\":\"BreadcrumbList\",\"@id\":\"http:\\\/\\\/ruuby.ee\\\/pood\\\/kosmeetika\\\/katehooldus\\\/salt-stone-katekreem-bergamot-hinoki\\\/#breadcrumb\",\"itemListElement\":[{\"@type\":\"ListItem\",\"position\":1,\"name\":\"Kdu\",\"item\":\"http:\\\/\\\/ruuby.ee\\\/en\\\/\"},{\"@type\":\"ListItem\",\"position\":2,\"name\":\"Pood\",\"item\":\"http:\\\/\\\/ruuby.ee\\\/en\\\/pood\\\/\"},{\"@type\":\"ListItem\",\"position\":3,\"name\":\"SALT &amp; STONE k\u00e4tekreem, BERGAMOT &amp; HINOKI\"}]},{\"@type\":\"WebSite\",\"@id\":\"http:\\\/\\\/ruuby.ee\\\/en\\\/#website\",\"url\":\"http:\\\/\\\/ruuby.ee\\\/en\\\/\",\"name\":\"RUUBY\",\"description\":\"Ruubys on \u00fchendatud elustiil ja disain\",\"publisher\":{\"@id\":\"http:\\\/\\\/ruuby.ee\\\/en\\\/#organization\"},\"alternateName\":\"Ruuby Disain\",\"potentialAction\":[{\"@type\":\"SearchAction\",\"target\":{\"@type\":\"EntryPoint\",\"urlTemplate\":\"http:\\\/\\\/ruuby.ee\\\/en\\\/?s={search_term_string}\"},\"query-input\":{\"@type\":\"PropertyValueSpecification\",\"valueRequired\":true,\"valueName\":\"search_term_string\"}}],\"inLanguage\":\"en-GB\"},{\"@type\":\"Organization\",\"@id\":\"http:\\\/\\\/ruuby.ee\\\/en\\\/#organization\",\"name\":\"Ruuby Disain O\u00dc\",\"alternateName\":\"Ruuby\",\"url\":\"http:\\\/\\\/ruuby.ee\\\/en\\\/\",\"logo\":{\"@type\":\"ImageObject\",\"inLanguage\":\"en-GB\",\"@id\":\"http:\\\/\\\/ruuby.ee\\\/en\\\/#\\\/schema\\\/logo\\\/image\\\/\",\"url\":\"https:\\\/\\\/ruuby.ee\\\/wp-content\\\/uploads\\\/2023\\\/06\\\/cropped-Black-White-Elegant-Circle-Signature-Fashion-Logo-12_large.png\",\"contentUrl\":\"https:\\\/\\\/ruuby.ee\\\/wp-content\\\/uploads\\\/2023\\\/06\\\/cropped-Black-White-Elegant-Circle-Signature-Fashion-Logo-12_large.png\",\"width\":1280,\"height\":747,\"caption\":\"Ruuby Disain O\u00dc\"},\"image\":{\"@id\":\"http:\\\/\\\/ruuby.ee\\\/en\\\/#\\\/schema\\\/logo\\\/image\\\/\"},\"sameAs\":[\"https:\\\/\\\/www.facebook.com\\\/ruubyconcept\",\"https:\\\/\\\/www.instagram.com\\\/ruuby_concept\\\/\"]}]}<\/script>\n<!-- \/ Yoast SEO plugin. -->","yoast_head_json":{"title":"SALT &amp; STONE k\u00e4tekreem, BERGAMOT &amp; HINOKI - RUUBY","robots":{"index":"index","follow":"follow","max-snippet":"max-snippet:-1","max-image-preview":"max-image-preview:large","max-video-preview":"max-video-preview:-1"},"canonical":"http:\/\/ruuby.ee\/en\/pood\/kosmeetika\/katehooldus\/salt-stone-katekreem-bergamot-hinoki\/","og_locale":"en_GB","og_type":"article","og_title":"SALT &amp; STONE k\u00e4tekreem, BERGAMOT &amp; HINOKI - RUUBY","og_description":"Kiiresti imenduv igap\u00e4evane k\u00e4teniisutaja, mis on rikastatud ookeanitaimede, antioks\u00fcdantide ja looduslikult niisutavate koostisainetega, mis on loodud pehmendama ja taastama kuivi k\u00e4si sagedase pesemise ja keskkonnam\u00f5juritega kokkupuute t\u00f5ttu. See s\u00fcgavniisutav kreem toidab nahka koheselt ning saavutab siidiselt pehme tulemuse. Taastades samal ajal tuule, p\u00e4ikese ja vee tekitatud kuivuse. Peamised koostisosad: Skvalaan \u2013 oliivist saadud \u00f5li, mis [&hellip;]","og_url":"http:\/\/ruuby.ee\/en\/pood\/kosmeetika\/katehooldus\/salt-stone-katekreem-bergamot-hinoki\/","og_site_name":"RUUBY","article_publisher":"https:\/\/www.facebook.com\/ruubyconcept","article_modified_time":"2026-04-07T22:28:44+00:00","og_image":[{"width":912,"height":1060,"url":"http:\/\/ruuby.ee\/wp-content\/uploads\/2023\/06\/Screenshot202023-05-2520at2015.05.36.png","type":"image\/png"}],"twitter_card":"summary_large_image","twitter_misc":{"Estimated reading time":"1 minute"},"schema":{"@context":"https:\/\/schema.org","@graph":[{"@type":["WebPage","ItemPage"],"@id":"http:\/\/ruuby.ee\/pood\/kosmeetika\/katehooldus\/salt-stone-katekreem-bergamot-hinoki\/","url":"http:\/\/ruuby.ee\/pood\/kosmeetika\/katehooldus\/salt-stone-katekreem-bergamot-hinoki\/","name":"SALT &amp; STONE k\u00e4tekreem, BERGAMOT &amp; HINOKI - RUUBY","isPartOf":{"@id":"http:\/\/ruuby.ee\/en\/#website"},"primaryImageOfPage":{"@id":"http:\/\/ruuby.ee\/pood\/kosmeetika\/katehooldus\/salt-stone-katekreem-bergamot-hinoki\/#primaryimage"},"image":{"@id":"http:\/\/ruuby.ee\/pood\/kosmeetika\/katehooldus\/salt-stone-katekreem-bergamot-hinoki\/#primaryimage"},"thumbnailUrl":"https:\/\/ruuby.ee\/wp-content\/uploads\/2023\/06\/Screenshot202023-05-2520at2015.05.36.png","datePublished":"2023-06-14T18:02:05+00:00","dateModified":"2026-04-07T22:28:44+00:00","breadcrumb":{"@id":"http:\/\/ruuby.ee\/pood\/kosmeetika\/katehooldus\/salt-stone-katekreem-bergamot-hinoki\/#breadcrumb"},"inLanguage":"en-GB","potentialAction":[{"@type":"ReadAction","target":["http:\/\/ruuby.ee\/pood\/kosmeetika\/katehooldus\/salt-stone-katekreem-bergamot-hinoki\/"]}]},{"@type":"ImageObject","inLanguage":"en-GB","@id":"http:\/\/ruuby.ee\/pood\/kosmeetika\/katehooldus\/salt-stone-katekreem-bergamot-hinoki\/#primaryimage","url":"https:\/\/ruuby.ee\/wp-content\/uploads\/2023\/06\/Screenshot202023-05-2520at2015.05.36.png","contentUrl":"https:\/\/ruuby.ee\/wp-content\/uploads\/2023\/06\/Screenshot202023-05-2520at2015.05.36.png","width":912,"height":1060},{"@type":"BreadcrumbList","@id":"http:\/\/ruuby.ee\/pood\/kosmeetika\/katehooldus\/salt-stone-katekreem-bergamot-hinoki\/#breadcrumb","itemListElement":[{"@type":"ListItem","position":1,"name":"Kdu","item":"http:\/\/ruuby.ee\/en\/"},{"@type":"ListItem","position":2,"name":"Pood","item":"http:\/\/ruuby.ee\/en\/pood\/"},{"@type":"ListItem","position":3,"name":"SALT &amp; STONE k\u00e4tekreem, BERGAMOT &amp; HINOKI"}]},{"@type":"WebSite","@id":"http:\/\/ruuby.ee\/en\/#website","url":"http:\/\/ruuby.ee\/en\/","name":"RUUBY","description":"Ruubys on \u00fchendatud elustiil ja disain","publisher":{"@id":"http:\/\/ruuby.ee\/en\/#organization"},"alternateName":"Ruuby Disain","potentialAction":[{"@type":"SearchAction","target":{"@type":"EntryPoint","urlTemplate":"http:\/\/ruuby.ee\/en\/?s={search_term_string}"},"query-input":{"@type":"PropertyValueSpecification","valueRequired":true,"valueName":"search_term_string"}}],"inLanguage":"en-GB"},{"@type":"Organization","@id":"http:\/\/ruuby.ee\/en\/#organization","name":"Ruuby Disain O\u00dc","alternateName":"Ruuby","url":"http:\/\/ruuby.ee\/en\/","logo":{"@type":"ImageObject","inLanguage":"en-GB","@id":"http:\/\/ruuby.ee\/en\/#\/schema\/logo\/image\/","url":"https:\/\/ruuby.ee\/wp-content\/uploads\/2023\/06\/cropped-Black-White-Elegant-Circle-Signature-Fashion-Logo-12_large.png","contentUrl":"https:\/\/ruuby.ee\/wp-content\/uploads\/2023\/06\/cropped-Black-White-Elegant-Circle-Signature-Fashion-Logo-12_large.png","width":1280,"height":747,"caption":"Ruuby Disain O\u00dc"},"image":{"@id":"http:\/\/ruuby.ee\/en\/#\/schema\/logo\/image\/"},"sameAs":["https:\/\/www.facebook.com\/ruubyconcept","https:\/\/www.instagram.com\/ruuby_concept\/"]}]}},"jetpack_sharing_enabled":true,"_links":{"self":[{"href":"https:\/\/ruuby.ee\/en\/wp-json\/wp\/v2\/product\/1816589","targetHints":{"allow":["GET"]}}],"collection":[{"href":"https:\/\/ruuby.ee\/en\/wp-json\/wp\/v2\/product"}],"about":[{"href":"https:\/\/ruuby.ee\/en\/wp-json\/wp\/v2\/types\/product"}],"replies":[{"embeddable":true,"href":"https:\/\/ruuby.ee\/en\/wp-json\/wp\/v2\/comments?post=1816589"}],"wp:featuredmedia":[{"embeddable":true,"href":"https:\/\/ruuby.ee\/en\/wp-json\/wp\/v2\/media\/1829647"}],"wp:attachment":[{"href":"https:\/\/ruuby.ee\/en\/wp-json\/wp\/v2\/media?parent=1816589"}],"wp:term":[{"taxonomy":"product_brand","embeddable":true,"href":"https:\/\/ruuby.ee\/en\/wp-json\/wp\/v2\/product_brand?post=1816589"},{"taxonomy":"product_cat","embeddable":true,"href":"https:\/\/ruuby.ee\/en\/wp-json\/wp\/v2\/product_cat?post=1816589"},{"taxonomy":"product_tag","embeddable":true,"href":"https:\/\/ruuby.ee\/en\/wp-json\/wp\/v2\/product_tag?post=1816589"}],"curies":[{"name":"wp","href":"https:\/\/api.w.org\/{rel}","templated":true}]}}