{"id":1791123,"date":"2023-06-14T21:02:16","date_gmt":"2023-06-14T18:02:16","guid":{"rendered":"http:\/\/ruuby.ee\/?post_type=product&#038;p=1791123"},"modified":"2026-04-06T01:26:31","modified_gmt":"2026-04-05T22:26:31","slug":"baby-lemonade","status":"publish","type":"product","link":"https:\/\/ruuby.ee\/en\/pood\/aksessuaarid\/prillid\/izipizi-sun-baby\/baby-lemonade\/","title":{"rendered":"IZIPIZI BABY p\u00e4ikeseprillid &#8211; Lemonade"},"content":{"rendered":"<p>IZIPIZI hoolitseb teie pisikeste eest oma BABY p\u00e4ikeseprillidega, mis on m\u00f5eldud beebidele vanuses 0-9 kuud (pea\u00fcmberm\u00f5\u00f5t 34-41 cm).<\/p>\n<p>Meie mudelid kaitsevad beebide silmi igas olukorras, linnast maal seikluste ja \u00f5uetegevusteni, nii suvel kui talvel! Meie 100% UV-kategooria 3 (UV 400) polariseeritud hallid l\u00e4\u00e4tsed pakuvad maksimaalset kaitset, austades samas looduslikke v\u00e4rve. Need v\u00e4hendavad valguse intensiivsust ja kaitsevad teie beebisid pimestamise eest. \u00dclipaindlikud bisfenool-A ja h\u00fcpoallergeensed raamid sobivad ideaalselt beebi igap\u00e4evaellu. Sirged sangad t\u00e4hendavad, et need kohanduvad ka teie lapse kasvuga. Neil on eemaldatav silikoonriba maksimaalseks hoidmiseks.<\/p>\n<p>Armsus ja kaitse on garanteeritud \u2013 meie BABY mudelid on uued must-have teie pisikese p\u00e4evade jaoks! Imikute l\u00e4\u00e4tsed on UVA-kiirgust l\u00e4bilaskvad ja muutuvad mittel\u00e4bilaskvaks alles t\u00e4iskasvanueas. Seet\u00f5ttu on vaja kaitsta imikute v\u00f5rkkesta p\u00e4ikesefiltrite abil.<\/p>\n<p>See mudel vastab rahvusvahelistele p\u00e4ikeseprillide standarditele.<\/p>","protected":false},"excerpt":{"rendered":"<p>IZIPIZI hoolitseb teie pisikeste eest oma BABY p\u00e4ikeseprillidega, mis on m\u00f5eldud beebidele vanuses 0-9 kuud (pea\u00fcmberm\u00f5\u00f5t 34-41 cm). Meie mudelid kaitsevad beebide silmi igas olukorras, linnast maal seikluste ja \u00f5uetegevusteni, nii suvel kui talvel! Meie 100% UV-kategooria 3 (UV 400) polariseeritud hallid l\u00e4\u00e4tsed pakuvad maksimaalset kaitset, austades samas looduslikke v\u00e4rve. Need v\u00e4hendavad valguse intensiivsust ja [&hellip;]<\/p>\n","protected":false},"featured_media":1834128,"comment_status":"open","ping_status":"closed","template":"","meta":[],"product_brand":[],"product_cat":[1026,1025,319,61],"product_tag":[],"class_list":{"0":"post-1791123","1":"product","2":"type-product","3":"status-publish","4":"has-post-thumbnail","6":"product_cat-izipizi","7":"product_cat-izipizi-sun-baby","8":"product_cat-paikeseprillid","9":"product_cat-prillid","11":"first","12":"instock","13":"taxable","14":"shipping-taxable","15":"purchasable","16":"product-type-simple"},"yoast_head":"<!-- This site is optimized with the Yoast SEO plugin v27.2 - https:\/\/yoast.com\/product\/yoast-seo-wordpress\/ -->\n<title>IZIPIZI BABY p\u00e4ikeseprillid - Lemonade - RUUBY<\/title>\n<meta name=\"robots\" content=\"index, follow, max-snippet:-1, max-image-preview:large, max-video-preview:-1\" \/>\n<link rel=\"canonical\" href=\"https:\/\/ruuby.ee\/en\/pood\/aksessuaarid\/prillid\/izipizi-sun-baby\/baby-lemonade\/\" \/>\n<meta property=\"og:locale\" content=\"en_GB\" \/>\n<meta property=\"og:type\" content=\"article\" \/>\n<meta property=\"og:title\" content=\"IZIPIZI BABY p\u00e4ikeseprillid - Lemonade - RUUBY\" \/>\n<meta property=\"og:description\" content=\"IZIPIZI hoolitseb teie pisikeste eest oma BABY p\u00e4ikeseprillidega, mis on m\u00f5eldud beebidele vanuses 0-9 kuud (pea\u00fcmberm\u00f5\u00f5t 34-41 cm). Meie mudelid kaitsevad beebide silmi igas olukorras, linnast maal seikluste ja \u00f5uetegevusteni, nii suvel kui talvel! Meie 100% UV-kategooria 3 (UV 400) polariseeritud hallid l\u00e4\u00e4tsed pakuvad maksimaalset kaitset, austades samas looduslikke v\u00e4rve. Need v\u00e4hendavad valguse intensiivsust ja [&hellip;]\" \/>\n<meta property=\"og:url\" content=\"https:\/\/ruuby.ee\/en\/pood\/aksessuaarid\/prillid\/izipizi-sun-baby\/baby-lemonade\/\" \/>\n<meta property=\"og:site_name\" content=\"RUUBY\" \/>\n<meta property=\"article:publisher\" content=\"https:\/\/www.facebook.com\/ruubyconcept\" \/>\n<meta property=\"article:modified_time\" content=\"2026-04-05T22:26:31+00:00\" \/>\n<meta property=\"og:image\" content=\"https:\/\/ruuby.ee\/wp-content\/uploads\/2023\/06\/EF_BABYCC74_2-IZI_c_BABY_LEMONADE_VUE2.jpg\" \/>\n\t<meta property=\"og:image:width\" content=\"1080\" \/>\n\t<meta property=\"og:image:height\" content=\"1350\" \/>\n\t<meta property=\"og:image:type\" content=\"image\/jpeg\" \/>\n<meta name=\"twitter:card\" content=\"summary_large_image\" \/>\n<meta name=\"twitter:label1\" content=\"Estimated reading time\" \/>\n\t<meta name=\"twitter:data1\" content=\"1 minute\" \/>\n<script type=\"application\/ld+json\" class=\"yoast-schema-graph\">{\"@context\":\"https:\/\/schema.org\",\"@graph\":[{\"@type\":[\"WebPage\",\"ItemPage\"],\"@id\":\"https:\/\/ruuby.ee\/en\/pood\/aksessuaarid\/prillid\/izipizi-sun-baby\/baby-lemonade\/\",\"url\":\"https:\/\/ruuby.ee\/en\/pood\/aksessuaarid\/prillid\/izipizi-sun-baby\/baby-lemonade\/\",\"name\":\"IZIPIZI BABY p\u00e4ikeseprillid - Lemonade - RUUBY\",\"isPartOf\":{\"@id\":\"http:\/\/ruuby.ee\/#website\"},\"primaryImageOfPage\":{\"@id\":\"https:\/\/ruuby.ee\/en\/pood\/aksessuaarid\/prillid\/izipizi-sun-baby\/baby-lemonade\/#primaryimage\"},\"image\":{\"@id\":\"https:\/\/ruuby.ee\/en\/pood\/aksessuaarid\/prillid\/izipizi-sun-baby\/baby-lemonade\/#primaryimage\"},\"thumbnailUrl\":\"https:\/\/ruuby.ee\/wp-content\/uploads\/2023\/06\/EF_BABYCC74_2-IZI_c_BABY_LEMONADE_VUE2.jpg\",\"datePublished\":\"2023-06-14T18:02:16+00:00\",\"dateModified\":\"2026-04-05T22:26:31+00:00\",\"breadcrumb\":{\"@id\":\"https:\/\/ruuby.ee\/en\/pood\/aksessuaarid\/prillid\/izipizi-sun-baby\/baby-lemonade\/#breadcrumb\"},\"inLanguage\":\"en-GB\",\"potentialAction\":[{\"@type\":\"ReadAction\",\"target\":[\"https:\/\/ruuby.ee\/en\/pood\/aksessuaarid\/prillid\/izipizi-sun-baby\/baby-lemonade\/\"]}]},{\"@type\":\"ImageObject\",\"inLanguage\":\"en-GB\",\"@id\":\"https:\/\/ruuby.ee\/en\/pood\/aksessuaarid\/prillid\/izipizi-sun-baby\/baby-lemonade\/#primaryimage\",\"url\":\"https:\/\/ruuby.ee\/wp-content\/uploads\/2023\/06\/EF_BABYCC74_2-IZI_c_BABY_LEMONADE_VUE2.jpg\",\"contentUrl\":\"https:\/\/ruuby.ee\/wp-content\/uploads\/2023\/06\/EF_BABYCC74_2-IZI_c_BABY_LEMONADE_VUE2.jpg\",\"width\":1080,\"height\":1350},{\"@type\":\"BreadcrumbList\",\"@id\":\"https:\/\/ruuby.ee\/en\/pood\/aksessuaarid\/prillid\/izipizi-sun-baby\/baby-lemonade\/#breadcrumb\",\"itemListElement\":[{\"@type\":\"ListItem\",\"position\":1,\"name\":\"Kdu\",\"item\":\"http:\/\/ruuby.ee\/\"},{\"@type\":\"ListItem\",\"position\":2,\"name\":\"Pood\",\"item\":\"https:\/\/ruuby.ee\/en\/pood\/\"},{\"@type\":\"ListItem\",\"position\":3,\"name\":\"IZIPIZI BABY p\u00e4ikeseprillid &#8211; Lemonade\"}]},{\"@type\":\"WebSite\",\"@id\":\"http:\/\/ruuby.ee\/#website\",\"url\":\"http:\/\/ruuby.ee\/\",\"name\":\"RUUBY\",\"description\":\"Ruubys on \u00fchendatud elustiil ja disain\",\"publisher\":{\"@id\":\"http:\/\/ruuby.ee\/#organization\"},\"alternateName\":\"Ruuby Disain\",\"potentialAction\":[{\"@type\":\"SearchAction\",\"target\":{\"@type\":\"EntryPoint\",\"urlTemplate\":\"http:\/\/ruuby.ee\/?s={search_term_string}\"},\"query-input\":{\"@type\":\"PropertyValueSpecification\",\"valueRequired\":true,\"valueName\":\"search_term_string\"}}],\"inLanguage\":\"en-GB\"},{\"@type\":\"Organization\",\"@id\":\"http:\/\/ruuby.ee\/#organization\",\"name\":\"Ruuby Disain O\u00dc\",\"alternateName\":\"Ruuby\",\"url\":\"http:\/\/ruuby.ee\/\",\"logo\":{\"@type\":\"ImageObject\",\"inLanguage\":\"en-GB\",\"@id\":\"http:\/\/ruuby.ee\/#\/schema\/logo\/image\/\",\"url\":\"https:\/\/ruuby.ee\/wp-content\/uploads\/2023\/06\/cropped-Black-White-Elegant-Circle-Signature-Fashion-Logo-12_large.png\",\"contentUrl\":\"https:\/\/ruuby.ee\/wp-content\/uploads\/2023\/06\/cropped-Black-White-Elegant-Circle-Signature-Fashion-Logo-12_large.png\",\"width\":1280,\"height\":747,\"caption\":\"Ruuby Disain O\u00dc\"},\"image\":{\"@id\":\"http:\/\/ruuby.ee\/#\/schema\/logo\/image\/\"},\"sameAs\":[\"https:\/\/www.facebook.com\/ruubyconcept\",\"https:\/\/www.instagram.com\/ruuby_concept\/\"]}]}<\/script>\n<!-- \/ Yoast SEO plugin. -->","yoast_head_json":{"title":"IZIPIZI BABY p\u00e4ikeseprillid - Lemonade - RUUBY","robots":{"index":"index","follow":"follow","max-snippet":"max-snippet:-1","max-image-preview":"max-image-preview:large","max-video-preview":"max-video-preview:-1"},"canonical":"https:\/\/ruuby.ee\/en\/pood\/aksessuaarid\/prillid\/izipizi-sun-baby\/baby-lemonade\/","og_locale":"en_GB","og_type":"article","og_title":"IZIPIZI BABY p\u00e4ikeseprillid - Lemonade - RUUBY","og_description":"IZIPIZI hoolitseb teie pisikeste eest oma BABY p\u00e4ikeseprillidega, mis on m\u00f5eldud beebidele vanuses 0-9 kuud (pea\u00fcmberm\u00f5\u00f5t 34-41 cm). Meie mudelid kaitsevad beebide silmi igas olukorras, linnast maal seikluste ja \u00f5uetegevusteni, nii suvel kui talvel! Meie 100% UV-kategooria 3 (UV 400) polariseeritud hallid l\u00e4\u00e4tsed pakuvad maksimaalset kaitset, austades samas looduslikke v\u00e4rve. Need v\u00e4hendavad valguse intensiivsust ja [&hellip;]","og_url":"https:\/\/ruuby.ee\/en\/pood\/aksessuaarid\/prillid\/izipizi-sun-baby\/baby-lemonade\/","og_site_name":"RUUBY","article_publisher":"https:\/\/www.facebook.com\/ruubyconcept","article_modified_time":"2026-04-05T22:26:31+00:00","og_image":[{"width":1080,"height":1350,"url":"https:\/\/ruuby.ee\/wp-content\/uploads\/2023\/06\/EF_BABYCC74_2-IZI_c_BABY_LEMONADE_VUE2.jpg","type":"image\/jpeg"}],"twitter_card":"summary_large_image","twitter_misc":{"Estimated reading time":"1 minute"},"schema":{"@context":"https:\/\/schema.org","@graph":[{"@type":["WebPage","ItemPage"],"@id":"https:\/\/ruuby.ee\/en\/pood\/aksessuaarid\/prillid\/izipizi-sun-baby\/baby-lemonade\/","url":"https:\/\/ruuby.ee\/en\/pood\/aksessuaarid\/prillid\/izipizi-sun-baby\/baby-lemonade\/","name":"IZIPIZI BABY p\u00e4ikeseprillid - Lemonade - RUUBY","isPartOf":{"@id":"http:\/\/ruuby.ee\/#website"},"primaryImageOfPage":{"@id":"https:\/\/ruuby.ee\/en\/pood\/aksessuaarid\/prillid\/izipizi-sun-baby\/baby-lemonade\/#primaryimage"},"image":{"@id":"https:\/\/ruuby.ee\/en\/pood\/aksessuaarid\/prillid\/izipizi-sun-baby\/baby-lemonade\/#primaryimage"},"thumbnailUrl":"https:\/\/ruuby.ee\/wp-content\/uploads\/2023\/06\/EF_BABYCC74_2-IZI_c_BABY_LEMONADE_VUE2.jpg","datePublished":"2023-06-14T18:02:16+00:00","dateModified":"2026-04-05T22:26:31+00:00","breadcrumb":{"@id":"https:\/\/ruuby.ee\/en\/pood\/aksessuaarid\/prillid\/izipizi-sun-baby\/baby-lemonade\/#breadcrumb"},"inLanguage":"en-GB","potentialAction":[{"@type":"ReadAction","target":["https:\/\/ruuby.ee\/en\/pood\/aksessuaarid\/prillid\/izipizi-sun-baby\/baby-lemonade\/"]}]},{"@type":"ImageObject","inLanguage":"en-GB","@id":"https:\/\/ruuby.ee\/en\/pood\/aksessuaarid\/prillid\/izipizi-sun-baby\/baby-lemonade\/#primaryimage","url":"https:\/\/ruuby.ee\/wp-content\/uploads\/2023\/06\/EF_BABYCC74_2-IZI_c_BABY_LEMONADE_VUE2.jpg","contentUrl":"https:\/\/ruuby.ee\/wp-content\/uploads\/2023\/06\/EF_BABYCC74_2-IZI_c_BABY_LEMONADE_VUE2.jpg","width":1080,"height":1350},{"@type":"BreadcrumbList","@id":"https:\/\/ruuby.ee\/en\/pood\/aksessuaarid\/prillid\/izipizi-sun-baby\/baby-lemonade\/#breadcrumb","itemListElement":[{"@type":"ListItem","position":1,"name":"Kdu","item":"http:\/\/ruuby.ee\/"},{"@type":"ListItem","position":2,"name":"Pood","item":"https:\/\/ruuby.ee\/en\/pood\/"},{"@type":"ListItem","position":3,"name":"IZIPIZI BABY p\u00e4ikeseprillid &#8211; Lemonade"}]},{"@type":"WebSite","@id":"http:\/\/ruuby.ee\/#website","url":"http:\/\/ruuby.ee\/","name":"RUUBY","description":"Ruubys on \u00fchendatud elustiil ja disain","publisher":{"@id":"http:\/\/ruuby.ee\/#organization"},"alternateName":"Ruuby Disain","potentialAction":[{"@type":"SearchAction","target":{"@type":"EntryPoint","urlTemplate":"http:\/\/ruuby.ee\/?s={search_term_string}"},"query-input":{"@type":"PropertyValueSpecification","valueRequired":true,"valueName":"search_term_string"}}],"inLanguage":"en-GB"},{"@type":"Organization","@id":"http:\/\/ruuby.ee\/#organization","name":"Ruuby Disain O\u00dc","alternateName":"Ruuby","url":"http:\/\/ruuby.ee\/","logo":{"@type":"ImageObject","inLanguage":"en-GB","@id":"http:\/\/ruuby.ee\/#\/schema\/logo\/image\/","url":"https:\/\/ruuby.ee\/wp-content\/uploads\/2023\/06\/cropped-Black-White-Elegant-Circle-Signature-Fashion-Logo-12_large.png","contentUrl":"https:\/\/ruuby.ee\/wp-content\/uploads\/2023\/06\/cropped-Black-White-Elegant-Circle-Signature-Fashion-Logo-12_large.png","width":1280,"height":747,"caption":"Ruuby Disain O\u00dc"},"image":{"@id":"http:\/\/ruuby.ee\/#\/schema\/logo\/image\/"},"sameAs":["https:\/\/www.facebook.com\/ruubyconcept","https:\/\/www.instagram.com\/ruuby_concept\/"]}]}},"jetpack_sharing_enabled":true,"_links":{"self":[{"href":"https:\/\/ruuby.ee\/en\/wp-json\/wp\/v2\/product\/1791123","targetHints":{"allow":["GET"]}}],"collection":[{"href":"https:\/\/ruuby.ee\/en\/wp-json\/wp\/v2\/product"}],"about":[{"href":"https:\/\/ruuby.ee\/en\/wp-json\/wp\/v2\/types\/product"}],"replies":[{"embeddable":true,"href":"https:\/\/ruuby.ee\/en\/wp-json\/wp\/v2\/comments?post=1791123"}],"wp:featuredmedia":[{"embeddable":true,"href":"https:\/\/ruuby.ee\/en\/wp-json\/wp\/v2\/media\/1834128"}],"wp:attachment":[{"href":"https:\/\/ruuby.ee\/en\/wp-json\/wp\/v2\/media?parent=1791123"}],"wp:term":[{"taxonomy":"product_brand","embeddable":true,"href":"https:\/\/ruuby.ee\/en\/wp-json\/wp\/v2\/product_brand?post=1791123"},{"taxonomy":"product_cat","embeddable":true,"href":"https:\/\/ruuby.ee\/en\/wp-json\/wp\/v2\/product_cat?post=1791123"},{"taxonomy":"product_tag","embeddable":true,"href":"https:\/\/ruuby.ee\/en\/wp-json\/wp\/v2\/product_tag?post=1791123"}],"curies":[{"name":"wp","href":"https:\/\/api.w.org\/{rel}","templated":true}]}}