{"id":1690139,"date":"2023-06-14T18:02:21","date_gmt":"2023-06-14T18:02:21","guid":{"rendered":"http:\/\/ruuby.ee\/?post_type=product&#038;p=1690139"},"modified":"2026-04-06T01:26:31","modified_gmt":"2026-04-05T22:26:31","slug":"mysense-hommikumantel-7","status":"publish","type":"product","link":"https:\/\/ruuby.ee\/en\/pood\/roivakaubad\/mysense-hommikumantel-7\/","title":{"rendered":"MySense hommikumantel"},"content":{"rendered":"<p>MySense Hommikumantel, hall.<\/p>\n<p>Kergest kangast elegantne hommikumantel, mida kaunistavad kaks taskut ja v\u00f6\u00f6. Tehtud nahas\u00f5bralikust puuvillast, mis on nahal m\u00f5nus, imab niisukast h\u00e4sti ja kuivab kiirelt, pakkudes m\u00f5nusat sooja peale vanni v\u00f5i du\u0161\u0161i.<\/p>\n<p>Suurep\u00e4rane kingiidee ja miks mitte ost endale, et m\u00f5nusalt hommikust kohvi diivanil nautida.<\/p>","protected":false},"excerpt":{"rendered":"<p>MySense Hommikumantel, hall. Kergest kangast elegantne hommikumantel, mida kaunistavad kaks taskut ja v\u00f6\u00f6. Tehtud nahas\u00f5bralikust puuvillast, mis on nahal m\u00f5nus, imab niisukast h\u00e4sti ja kuivab kiirelt, pakkudes m\u00f5nusat sooja peale vanni v\u00f5i du\u0161\u0161i. Suurep\u00e4rane kingiidee ja miks mitte ost endale, et m\u00f5nusalt hommikust kohvi diivanil nautida.<\/p>","protected":false},"featured_media":1859239,"comment_status":"open","ping_status":"closed","template":"","meta":[],"product_brand":[],"product_cat":[626,24],"product_tag":[540],"class_list":{"0":"post-1690139","1":"product","2":"type-product","3":"status-publish","4":"has-post-thumbnail","6":"product_cat-ooriided","7":"product_cat-roivakaubad","8":"product_tag-hommikumantel","10":"first","11":"outofstock","12":"taxable","13":"shipping-taxable","14":"purchasable","15":"product-type-variable","16":"rtwpvs-product"},"yoast_head":"<!-- This site is optimized with the Yoast SEO plugin v27.2 - https:\/\/yoast.com\/product\/yoast-seo-wordpress\/ -->\n<title>MySense hommikumantel - RUUBY<\/title>\n<meta name=\"robots\" content=\"index, follow, max-snippet:-1, max-image-preview:large, max-video-preview:-1\" \/>\n<link rel=\"canonical\" href=\"https:\/\/ruuby.ee\/en\/pood\/roivakaubad\/mysense-hommikumantel-7\/\" \/>\n<meta property=\"og:locale\" content=\"en_GB\" \/>\n<meta property=\"og:type\" content=\"article\" \/>\n<meta property=\"og:title\" content=\"MySense hommikumantel - RUUBY\" \/>\n<meta property=\"og:description\" content=\"MySense Hommikumantel, hall. Kergest kangast elegantne hommikumantel, mida kaunistavad kaks taskut ja v\u00f6\u00f6. Tehtud nahas\u00f5bralikust puuvillast, mis on nahal m\u00f5nus, imab niisukast h\u00e4sti ja kuivab kiirelt, pakkudes m\u00f5nusat sooja peale vanni v\u00f5i du\u0161\u0161i. Suurep\u00e4rane kingiidee ja miks mitte ost endale, et m\u00f5nusalt hommikust kohvi diivanil nautida.\" \/>\n<meta property=\"og:url\" content=\"https:\/\/ruuby.ee\/en\/pood\/roivakaubad\/mysense-hommikumantel-7\/\" \/>\n<meta property=\"og:site_name\" content=\"RUUBY\" \/>\n<meta property=\"article:publisher\" content=\"https:\/\/www.facebook.com\/ruubyconcept\" \/>\n<meta property=\"article:modified_time\" content=\"2026-04-05T22:26:31+00:00\" \/>\n<meta property=\"og:image\" content=\"https:\/\/ruuby.ee\/wp-content\/uploads\/2023\/06\/Screenshot-2026-03-12-at-11.20.12.png\" \/>\n\t<meta property=\"og:image:width\" content=\"646\" \/>\n\t<meta property=\"og:image:height\" content=\"770\" \/>\n\t<meta property=\"og:image:type\" content=\"image\/png\" \/>\n<meta name=\"twitter:card\" content=\"summary_large_image\" \/>\n<meta name=\"twitter:label1\" content=\"Estimated reading time\" \/>\n\t<meta name=\"twitter:data1\" content=\"1 minute\" \/>\n<script type=\"application\/ld+json\" class=\"yoast-schema-graph\">{\"@context\":\"https:\/\/schema.org\",\"@graph\":[{\"@type\":[\"WebPage\",\"ItemPage\"],\"@id\":\"https:\/\/ruuby.ee\/en\/pood\/roivakaubad\/mysense-hommikumantel-7\/\",\"url\":\"https:\/\/ruuby.ee\/en\/pood\/roivakaubad\/mysense-hommikumantel-7\/\",\"name\":\"MySense hommikumantel - RUUBY\",\"isPartOf\":{\"@id\":\"http:\/\/ruuby.ee\/#website\"},\"primaryImageOfPage\":{\"@id\":\"https:\/\/ruuby.ee\/en\/pood\/roivakaubad\/mysense-hommikumantel-7\/#primaryimage\"},\"image\":{\"@id\":\"https:\/\/ruuby.ee\/en\/pood\/roivakaubad\/mysense-hommikumantel-7\/#primaryimage\"},\"thumbnailUrl\":\"https:\/\/ruuby.ee\/wp-content\/uploads\/2023\/06\/Screenshot-2026-03-12-at-11.20.12.png\",\"datePublished\":\"2023-06-14T18:02:21+00:00\",\"dateModified\":\"2026-04-05T22:26:31+00:00\",\"breadcrumb\":{\"@id\":\"https:\/\/ruuby.ee\/en\/pood\/roivakaubad\/mysense-hommikumantel-7\/#breadcrumb\"},\"inLanguage\":\"en-GB\",\"potentialAction\":[{\"@type\":\"ReadAction\",\"target\":[\"https:\/\/ruuby.ee\/en\/pood\/roivakaubad\/mysense-hommikumantel-7\/\"]}]},{\"@type\":\"ImageObject\",\"inLanguage\":\"en-GB\",\"@id\":\"https:\/\/ruuby.ee\/en\/pood\/roivakaubad\/mysense-hommikumantel-7\/#primaryimage\",\"url\":\"https:\/\/ruuby.ee\/wp-content\/uploads\/2023\/06\/Screenshot-2026-03-12-at-11.20.12.png\",\"contentUrl\":\"https:\/\/ruuby.ee\/wp-content\/uploads\/2023\/06\/Screenshot-2026-03-12-at-11.20.12.png\",\"width\":646,\"height\":770},{\"@type\":\"BreadcrumbList\",\"@id\":\"https:\/\/ruuby.ee\/en\/pood\/roivakaubad\/mysense-hommikumantel-7\/#breadcrumb\",\"itemListElement\":[{\"@type\":\"ListItem\",\"position\":1,\"name\":\"Kdu\",\"item\":\"http:\/\/ruuby.ee\/\"},{\"@type\":\"ListItem\",\"position\":2,\"name\":\"Pood\",\"item\":\"https:\/\/ruuby.ee\/en\/pood\/\"},{\"@type\":\"ListItem\",\"position\":3,\"name\":\"MySense hommikumantel\"}]},{\"@type\":\"WebSite\",\"@id\":\"http:\/\/ruuby.ee\/#website\",\"url\":\"http:\/\/ruuby.ee\/\",\"name\":\"RUUBY\",\"description\":\"Ruubys on \u00fchendatud elustiil ja disain\",\"publisher\":{\"@id\":\"http:\/\/ruuby.ee\/#organization\"},\"alternateName\":\"Ruuby Disain\",\"potentialAction\":[{\"@type\":\"SearchAction\",\"target\":{\"@type\":\"EntryPoint\",\"urlTemplate\":\"http:\/\/ruuby.ee\/?s={search_term_string}\"},\"query-input\":{\"@type\":\"PropertyValueSpecification\",\"valueRequired\":true,\"valueName\":\"search_term_string\"}}],\"inLanguage\":\"en-GB\"},{\"@type\":\"Organization\",\"@id\":\"http:\/\/ruuby.ee\/#organization\",\"name\":\"Ruuby Disain O\u00dc\",\"alternateName\":\"Ruuby\",\"url\":\"http:\/\/ruuby.ee\/\",\"logo\":{\"@type\":\"ImageObject\",\"inLanguage\":\"en-GB\",\"@id\":\"http:\/\/ruuby.ee\/#\/schema\/logo\/image\/\",\"url\":\"https:\/\/ruuby.ee\/wp-content\/uploads\/2023\/06\/cropped-Black-White-Elegant-Circle-Signature-Fashion-Logo-12_large.png\",\"contentUrl\":\"https:\/\/ruuby.ee\/wp-content\/uploads\/2023\/06\/cropped-Black-White-Elegant-Circle-Signature-Fashion-Logo-12_large.png\",\"width\":1280,\"height\":747,\"caption\":\"Ruuby Disain O\u00dc\"},\"image\":{\"@id\":\"http:\/\/ruuby.ee\/#\/schema\/logo\/image\/\"},\"sameAs\":[\"https:\/\/www.facebook.com\/ruubyconcept\",\"https:\/\/www.instagram.com\/ruuby_concept\/\"]}]}<\/script>\n<!-- \/ Yoast SEO plugin. -->","yoast_head_json":{"title":"MySense hommikumantel - RUUBY","robots":{"index":"index","follow":"follow","max-snippet":"max-snippet:-1","max-image-preview":"max-image-preview:large","max-video-preview":"max-video-preview:-1"},"canonical":"https:\/\/ruuby.ee\/en\/pood\/roivakaubad\/mysense-hommikumantel-7\/","og_locale":"en_GB","og_type":"article","og_title":"MySense hommikumantel - RUUBY","og_description":"MySense Hommikumantel, hall. Kergest kangast elegantne hommikumantel, mida kaunistavad kaks taskut ja v\u00f6\u00f6. Tehtud nahas\u00f5bralikust puuvillast, mis on nahal m\u00f5nus, imab niisukast h\u00e4sti ja kuivab kiirelt, pakkudes m\u00f5nusat sooja peale vanni v\u00f5i du\u0161\u0161i. Suurep\u00e4rane kingiidee ja miks mitte ost endale, et m\u00f5nusalt hommikust kohvi diivanil nautida.","og_url":"https:\/\/ruuby.ee\/en\/pood\/roivakaubad\/mysense-hommikumantel-7\/","og_site_name":"RUUBY","article_publisher":"https:\/\/www.facebook.com\/ruubyconcept","article_modified_time":"2026-04-05T22:26:31+00:00","og_image":[{"width":646,"height":770,"url":"https:\/\/ruuby.ee\/wp-content\/uploads\/2023\/06\/Screenshot-2026-03-12-at-11.20.12.png","type":"image\/png"}],"twitter_card":"summary_large_image","twitter_misc":{"Estimated reading time":"1 minute"},"schema":{"@context":"https:\/\/schema.org","@graph":[{"@type":["WebPage","ItemPage"],"@id":"https:\/\/ruuby.ee\/en\/pood\/roivakaubad\/mysense-hommikumantel-7\/","url":"https:\/\/ruuby.ee\/en\/pood\/roivakaubad\/mysense-hommikumantel-7\/","name":"MySense hommikumantel - RUUBY","isPartOf":{"@id":"http:\/\/ruuby.ee\/#website"},"primaryImageOfPage":{"@id":"https:\/\/ruuby.ee\/en\/pood\/roivakaubad\/mysense-hommikumantel-7\/#primaryimage"},"image":{"@id":"https:\/\/ruuby.ee\/en\/pood\/roivakaubad\/mysense-hommikumantel-7\/#primaryimage"},"thumbnailUrl":"https:\/\/ruuby.ee\/wp-content\/uploads\/2023\/06\/Screenshot-2026-03-12-at-11.20.12.png","datePublished":"2023-06-14T18:02:21+00:00","dateModified":"2026-04-05T22:26:31+00:00","breadcrumb":{"@id":"https:\/\/ruuby.ee\/en\/pood\/roivakaubad\/mysense-hommikumantel-7\/#breadcrumb"},"inLanguage":"en-GB","potentialAction":[{"@type":"ReadAction","target":["https:\/\/ruuby.ee\/en\/pood\/roivakaubad\/mysense-hommikumantel-7\/"]}]},{"@type":"ImageObject","inLanguage":"en-GB","@id":"https:\/\/ruuby.ee\/en\/pood\/roivakaubad\/mysense-hommikumantel-7\/#primaryimage","url":"https:\/\/ruuby.ee\/wp-content\/uploads\/2023\/06\/Screenshot-2026-03-12-at-11.20.12.png","contentUrl":"https:\/\/ruuby.ee\/wp-content\/uploads\/2023\/06\/Screenshot-2026-03-12-at-11.20.12.png","width":646,"height":770},{"@type":"BreadcrumbList","@id":"https:\/\/ruuby.ee\/en\/pood\/roivakaubad\/mysense-hommikumantel-7\/#breadcrumb","itemListElement":[{"@type":"ListItem","position":1,"name":"Kdu","item":"http:\/\/ruuby.ee\/"},{"@type":"ListItem","position":2,"name":"Pood","item":"https:\/\/ruuby.ee\/en\/pood\/"},{"@type":"ListItem","position":3,"name":"MySense hommikumantel"}]},{"@type":"WebSite","@id":"http:\/\/ruuby.ee\/#website","url":"http:\/\/ruuby.ee\/","name":"RUUBY","description":"Ruubys on \u00fchendatud elustiil ja disain","publisher":{"@id":"http:\/\/ruuby.ee\/#organization"},"alternateName":"Ruuby Disain","potentialAction":[{"@type":"SearchAction","target":{"@type":"EntryPoint","urlTemplate":"http:\/\/ruuby.ee\/?s={search_term_string}"},"query-input":{"@type":"PropertyValueSpecification","valueRequired":true,"valueName":"search_term_string"}}],"inLanguage":"en-GB"},{"@type":"Organization","@id":"http:\/\/ruuby.ee\/#organization","name":"Ruuby Disain O\u00dc","alternateName":"Ruuby","url":"http:\/\/ruuby.ee\/","logo":{"@type":"ImageObject","inLanguage":"en-GB","@id":"http:\/\/ruuby.ee\/#\/schema\/logo\/image\/","url":"https:\/\/ruuby.ee\/wp-content\/uploads\/2023\/06\/cropped-Black-White-Elegant-Circle-Signature-Fashion-Logo-12_large.png","contentUrl":"https:\/\/ruuby.ee\/wp-content\/uploads\/2023\/06\/cropped-Black-White-Elegant-Circle-Signature-Fashion-Logo-12_large.png","width":1280,"height":747,"caption":"Ruuby Disain O\u00dc"},"image":{"@id":"http:\/\/ruuby.ee\/#\/schema\/logo\/image\/"},"sameAs":["https:\/\/www.facebook.com\/ruubyconcept","https:\/\/www.instagram.com\/ruuby_concept\/"]}]}},"jetpack_sharing_enabled":true,"_links":{"self":[{"href":"https:\/\/ruuby.ee\/en\/wp-json\/wp\/v2\/product\/1690139","targetHints":{"allow":["GET"]}}],"collection":[{"href":"https:\/\/ruuby.ee\/en\/wp-json\/wp\/v2\/product"}],"about":[{"href":"https:\/\/ruuby.ee\/en\/wp-json\/wp\/v2\/types\/product"}],"replies":[{"embeddable":true,"href":"https:\/\/ruuby.ee\/en\/wp-json\/wp\/v2\/comments?post=1690139"}],"wp:featuredmedia":[{"embeddable":true,"href":"https:\/\/ruuby.ee\/en\/wp-json\/wp\/v2\/media\/1859239"}],"wp:attachment":[{"href":"https:\/\/ruuby.ee\/en\/wp-json\/wp\/v2\/media?parent=1690139"}],"wp:term":[{"taxonomy":"product_brand","embeddable":true,"href":"https:\/\/ruuby.ee\/en\/wp-json\/wp\/v2\/product_brand?post=1690139"},{"taxonomy":"product_cat","embeddable":true,"href":"https:\/\/ruuby.ee\/en\/wp-json\/wp\/v2\/product_cat?post=1690139"},{"taxonomy":"product_tag","embeddable":true,"href":"https:\/\/ruuby.ee\/en\/wp-json\/wp\/v2\/product_tag?post=1690139"}],"curies":[{"name":"wp","href":"https:\/\/api.w.org\/{rel}","templated":true}]}}