{"id":1634460,"date":"2023-06-14T21:02:17","date_gmt":"2023-06-14T18:02:17","guid":{"rendered":"http:\/\/ruuby.ee\/?post_type=product&#038;p=1634460"},"modified":"2026-04-06T01:26:31","modified_gmt":"2026-04-05T22:26:31","slug":"muubs-kapp-wing","status":"publish","type":"product","link":"https:\/\/ruuby.ee\/en\/pood\/kodusisustus\/moobel\/kapid\/muubs-kapp-wing\/","title":{"rendered":"MUUBS Kapp Wing"},"content":{"rendered":"<p>Majesteetlik oma disaini ja ilme poolest on Wing kapp on ideaalne m\u00f6\u00f6bliese rahuliku stilistilise interj\u00f6\u00f6ri loomiseks.<\/p>\n<p>Kapp teeb puhta v\u00e4limuse tagamiseks lihtsaks esemete hoidmise, mida te ei soovi silmaga n\u00e4ha. Iga ukse taga on riiul, mida saab reguleerida ja asetada soovitud k\u00f5rgusele. Wing k\u00f5rglaud on valmistatud Euroopas t\u00e4istammest. Tahketest materjalidest m\u00f6\u00f6bel peab ajale vastu ja saab olla teie interj\u00f6\u00f6ri osaks veel paljudeks aastateks.<\/p>\n<p>P\u00e4ritolumaa: Taani.<\/p>\n<p>M\u00f5\u00f5dud: W85XD45XH155 CM<\/p>\n<p>Enne esmakordset kasutamist soovitame tamme \u00f5litada. Palun j\u00e4rgige pudelil olevaid juhiseid. Oluline on k\u00f5ik tammepuidust pinnad ja toote k\u00fcljed esimesel korral \u00f5litada \u2013 et puit oleks k\u00fcllastunud ja v\u00e4lditaks k\u00f5verdumist. Tootmise k\u00e4igus on puitu \u00f5litatud, kuid sellest ei piisa, et pinda vastavalt vajadusele k\u00fcllastada.<\/p>\n<p>\u00d5litamise m\u00f5ju v\u00e4heneb pidevalt ja seet\u00f5ttu soovitame puitu \u00f5litada mitu korda aastas &#8211; ca 3-4 korda. Esimese kuue kuu jooksul p\u00e4rast ostmist soovitame \u00f5liga t\u00f6\u00f6delda kord kuus.<\/p>\n<p>T\u00e4ispuit on elav materjal. Niiskuse k\u00f5ikumised, temperatuuride erinevused ja puupliitide kuiv kuumus v\u00f5ivad p\u00f5hjustada puidu karedaks muutumist ja kergesti k\u00f5veraks muutumist. \u00d5ige hoolduse ja hoolduse korral viivad \u00fclaltoodud muudatused siiski miinimumini. Suve soojematel kuudel puu laieneb ja puitu saab kergesti kaarduda. Talvel puu t\u00f5mbub kokku ja suvel k\u00f5verdunud puit taandub.<\/p>\n<p>&nbsp;<\/p>\n<p>&nbsp;<\/p>","protected":false},"excerpt":{"rendered":"<p>Majesteetlik oma disaini ja ilme poolest on Wing kapp on ideaalne m\u00f6\u00f6bliese rahuliku stilistilise interj\u00f6\u00f6ri loomiseks.<\/p>","protected":false},"featured_media":1834135,"comment_status":"open","ping_status":"closed","template":"","meta":[],"product_brand":[],"product_cat":[56],"product_tag":[],"class_list":{"0":"post-1634460","1":"product","2":"type-product","3":"status-publish","4":"has-post-thumbnail","6":"product_cat-kapid","8":"first","9":"onbackorder","10":"taxable","11":"shipping-taxable","12":"purchasable","13":"product-type-simple"},"yoast_head":"<!-- This site is optimized with the Yoast SEO plugin v27.2 - https:\/\/yoast.com\/product\/yoast-seo-wordpress\/ -->\n<title>MUUBS Kapp Wing - RUUBY<\/title>\n<meta name=\"robots\" content=\"index, follow, max-snippet:-1, max-image-preview:large, max-video-preview:-1\" \/>\n<link rel=\"canonical\" href=\"http:\/\/ruuby.ee\/en\/pood\/kodusisustus\/moobel\/kapid\/muubs-kapp-wing\/\" \/>\n<meta property=\"og:locale\" content=\"en_GB\" \/>\n<meta property=\"og:type\" content=\"article\" \/>\n<meta property=\"og:title\" content=\"MUUBS Kapp Wing - RUUBY\" \/>\n<meta property=\"og:description\" content=\"Majesteetlik oma disaini ja ilme poolest on Wing kapp on ideaalne m\u00f6\u00f6bliese rahuliku stilistilise interj\u00f6\u00f6ri loomiseks.\" \/>\n<meta property=\"og:url\" content=\"http:\/\/ruuby.ee\/en\/pood\/kodusisustus\/moobel\/kapid\/muubs-kapp-wing\/\" \/>\n<meta property=\"og:site_name\" content=\"RUUBY\" \/>\n<meta property=\"article:publisher\" content=\"https:\/\/www.facebook.com\/ruubyconcept\" \/>\n<meta property=\"article:modified_time\" content=\"2026-04-05T22:26:31+00:00\" \/>\n<meta property=\"og:image\" content=\"http:\/\/ruuby.ee\/wp-content\/uploads\/2023\/06\/Screenshot202023-01-1620at2018.30.42.png\" \/>\n\t<meta property=\"og:image:width\" content=\"874\" \/>\n\t<meta property=\"og:image:height\" content=\"1024\" \/>\n\t<meta property=\"og:image:type\" content=\"image\/png\" \/>\n<meta name=\"twitter:card\" content=\"summary_large_image\" \/>\n<meta name=\"twitter:label1\" content=\"Estimated reading time\" \/>\n\t<meta name=\"twitter:data1\" content=\"2 minutes\" \/>\n<script type=\"application\/ld+json\" class=\"yoast-schema-graph\">{\"@context\":\"https:\/\/schema.org\",\"@graph\":[{\"@type\":[\"WebPage\",\"ItemPage\"],\"@id\":\"http:\/\/ruuby.ee\/pood\/kodusisustus\/moobel\/kapid\/muubs-kapp-wing\/\",\"url\":\"http:\/\/ruuby.ee\/pood\/kodusisustus\/moobel\/kapid\/muubs-kapp-wing\/\",\"name\":\"MUUBS Kapp Wing - RUUBY\",\"isPartOf\":{\"@id\":\"http:\/\/ruuby.ee\/#website\"},\"primaryImageOfPage\":{\"@id\":\"http:\/\/ruuby.ee\/pood\/kodusisustus\/moobel\/kapid\/muubs-kapp-wing\/#primaryimage\"},\"image\":{\"@id\":\"http:\/\/ruuby.ee\/pood\/kodusisustus\/moobel\/kapid\/muubs-kapp-wing\/#primaryimage\"},\"thumbnailUrl\":\"https:\/\/ruuby.ee\/wp-content\/uploads\/2023\/06\/Screenshot202023-01-1620at2018.30.42.png\",\"datePublished\":\"2023-06-14T18:02:17+00:00\",\"dateModified\":\"2026-04-05T22:26:31+00:00\",\"breadcrumb\":{\"@id\":\"http:\/\/ruuby.ee\/pood\/kodusisustus\/moobel\/kapid\/muubs-kapp-wing\/#breadcrumb\"},\"inLanguage\":\"en-GB\",\"potentialAction\":[{\"@type\":\"ReadAction\",\"target\":[\"http:\/\/ruuby.ee\/pood\/kodusisustus\/moobel\/kapid\/muubs-kapp-wing\/\"]}]},{\"@type\":\"ImageObject\",\"inLanguage\":\"en-GB\",\"@id\":\"http:\/\/ruuby.ee\/pood\/kodusisustus\/moobel\/kapid\/muubs-kapp-wing\/#primaryimage\",\"url\":\"https:\/\/ruuby.ee\/wp-content\/uploads\/2023\/06\/Screenshot202023-01-1620at2018.30.42.png\",\"contentUrl\":\"https:\/\/ruuby.ee\/wp-content\/uploads\/2023\/06\/Screenshot202023-01-1620at2018.30.42.png\",\"width\":1062,\"height\":1244},{\"@type\":\"BreadcrumbList\",\"@id\":\"http:\/\/ruuby.ee\/pood\/kodusisustus\/moobel\/kapid\/muubs-kapp-wing\/#breadcrumb\",\"itemListElement\":[{\"@type\":\"ListItem\",\"position\":1,\"name\":\"Kdu\",\"item\":\"http:\/\/ruuby.ee\/\"},{\"@type\":\"ListItem\",\"position\":2,\"name\":\"Pood\",\"item\":\"https:\/\/ruuby.ee\/en\/pood\/\"},{\"@type\":\"ListItem\",\"position\":3,\"name\":\"MUUBS Kapp Wing\"}]},{\"@type\":\"WebSite\",\"@id\":\"http:\/\/ruuby.ee\/#website\",\"url\":\"http:\/\/ruuby.ee\/\",\"name\":\"RUUBY\",\"description\":\"Ruubys on \u00fchendatud elustiil ja disain\",\"publisher\":{\"@id\":\"http:\/\/ruuby.ee\/#organization\"},\"alternateName\":\"Ruuby Disain\",\"potentialAction\":[{\"@type\":\"SearchAction\",\"target\":{\"@type\":\"EntryPoint\",\"urlTemplate\":\"http:\/\/ruuby.ee\/?s={search_term_string}\"},\"query-input\":{\"@type\":\"PropertyValueSpecification\",\"valueRequired\":true,\"valueName\":\"search_term_string\"}}],\"inLanguage\":\"en-GB\"},{\"@type\":\"Organization\",\"@id\":\"http:\/\/ruuby.ee\/#organization\",\"name\":\"Ruuby Disain O\u00dc\",\"alternateName\":\"Ruuby\",\"url\":\"http:\/\/ruuby.ee\/\",\"logo\":{\"@type\":\"ImageObject\",\"inLanguage\":\"en-GB\",\"@id\":\"http:\/\/ruuby.ee\/#\/schema\/logo\/image\/\",\"url\":\"https:\/\/ruuby.ee\/wp-content\/uploads\/2023\/06\/cropped-Black-White-Elegant-Circle-Signature-Fashion-Logo-12_large.png\",\"contentUrl\":\"https:\/\/ruuby.ee\/wp-content\/uploads\/2023\/06\/cropped-Black-White-Elegant-Circle-Signature-Fashion-Logo-12_large.png\",\"width\":1280,\"height\":747,\"caption\":\"Ruuby Disain O\u00dc\"},\"image\":{\"@id\":\"http:\/\/ruuby.ee\/#\/schema\/logo\/image\/\"},\"sameAs\":[\"https:\/\/www.facebook.com\/ruubyconcept\",\"https:\/\/www.instagram.com\/ruuby_concept\/\"]}]}<\/script>\n<!-- \/ Yoast SEO plugin. -->","yoast_head_json":{"title":"MUUBS Kapp Wing - RUUBY","robots":{"index":"index","follow":"follow","max-snippet":"max-snippet:-1","max-image-preview":"max-image-preview:large","max-video-preview":"max-video-preview:-1"},"canonical":"http:\/\/ruuby.ee\/en\/pood\/kodusisustus\/moobel\/kapid\/muubs-kapp-wing\/","og_locale":"en_GB","og_type":"article","og_title":"MUUBS Kapp Wing - RUUBY","og_description":"Majesteetlik oma disaini ja ilme poolest on Wing kapp on ideaalne m\u00f6\u00f6bliese rahuliku stilistilise interj\u00f6\u00f6ri loomiseks.","og_url":"http:\/\/ruuby.ee\/en\/pood\/kodusisustus\/moobel\/kapid\/muubs-kapp-wing\/","og_site_name":"RUUBY","article_publisher":"https:\/\/www.facebook.com\/ruubyconcept","article_modified_time":"2026-04-05T22:26:31+00:00","og_image":[{"url":"http:\/\/ruuby.ee\/wp-content\/uploads\/2023\/06\/Screenshot202023-01-1620at2018.30.42.png","width":874,"height":1024,"type":"image\/png"}],"twitter_card":"summary_large_image","twitter_misc":{"Estimated reading time":"2 minutes"},"schema":{"@context":"https:\/\/schema.org","@graph":[{"@type":["WebPage","ItemPage"],"@id":"http:\/\/ruuby.ee\/pood\/kodusisustus\/moobel\/kapid\/muubs-kapp-wing\/","url":"http:\/\/ruuby.ee\/pood\/kodusisustus\/moobel\/kapid\/muubs-kapp-wing\/","name":"MUUBS Kapp Wing - RUUBY","isPartOf":{"@id":"http:\/\/ruuby.ee\/#website"},"primaryImageOfPage":{"@id":"http:\/\/ruuby.ee\/pood\/kodusisustus\/moobel\/kapid\/muubs-kapp-wing\/#primaryimage"},"image":{"@id":"http:\/\/ruuby.ee\/pood\/kodusisustus\/moobel\/kapid\/muubs-kapp-wing\/#primaryimage"},"thumbnailUrl":"https:\/\/ruuby.ee\/wp-content\/uploads\/2023\/06\/Screenshot202023-01-1620at2018.30.42.png","datePublished":"2023-06-14T18:02:17+00:00","dateModified":"2026-04-05T22:26:31+00:00","breadcrumb":{"@id":"http:\/\/ruuby.ee\/pood\/kodusisustus\/moobel\/kapid\/muubs-kapp-wing\/#breadcrumb"},"inLanguage":"en-GB","potentialAction":[{"@type":"ReadAction","target":["http:\/\/ruuby.ee\/pood\/kodusisustus\/moobel\/kapid\/muubs-kapp-wing\/"]}]},{"@type":"ImageObject","inLanguage":"en-GB","@id":"http:\/\/ruuby.ee\/pood\/kodusisustus\/moobel\/kapid\/muubs-kapp-wing\/#primaryimage","url":"https:\/\/ruuby.ee\/wp-content\/uploads\/2023\/06\/Screenshot202023-01-1620at2018.30.42.png","contentUrl":"https:\/\/ruuby.ee\/wp-content\/uploads\/2023\/06\/Screenshot202023-01-1620at2018.30.42.png","width":1062,"height":1244},{"@type":"BreadcrumbList","@id":"http:\/\/ruuby.ee\/pood\/kodusisustus\/moobel\/kapid\/muubs-kapp-wing\/#breadcrumb","itemListElement":[{"@type":"ListItem","position":1,"name":"Kdu","item":"http:\/\/ruuby.ee\/"},{"@type":"ListItem","position":2,"name":"Pood","item":"https:\/\/ruuby.ee\/en\/pood\/"},{"@type":"ListItem","position":3,"name":"MUUBS Kapp Wing"}]},{"@type":"WebSite","@id":"http:\/\/ruuby.ee\/#website","url":"http:\/\/ruuby.ee\/","name":"RUUBY","description":"Ruubys on \u00fchendatud elustiil ja disain","publisher":{"@id":"http:\/\/ruuby.ee\/#organization"},"alternateName":"Ruuby Disain","potentialAction":[{"@type":"SearchAction","target":{"@type":"EntryPoint","urlTemplate":"http:\/\/ruuby.ee\/?s={search_term_string}"},"query-input":{"@type":"PropertyValueSpecification","valueRequired":true,"valueName":"search_term_string"}}],"inLanguage":"en-GB"},{"@type":"Organization","@id":"http:\/\/ruuby.ee\/#organization","name":"Ruuby Disain O\u00dc","alternateName":"Ruuby","url":"http:\/\/ruuby.ee\/","logo":{"@type":"ImageObject","inLanguage":"en-GB","@id":"http:\/\/ruuby.ee\/#\/schema\/logo\/image\/","url":"https:\/\/ruuby.ee\/wp-content\/uploads\/2023\/06\/cropped-Black-White-Elegant-Circle-Signature-Fashion-Logo-12_large.png","contentUrl":"https:\/\/ruuby.ee\/wp-content\/uploads\/2023\/06\/cropped-Black-White-Elegant-Circle-Signature-Fashion-Logo-12_large.png","width":1280,"height":747,"caption":"Ruuby Disain O\u00dc"},"image":{"@id":"http:\/\/ruuby.ee\/#\/schema\/logo\/image\/"},"sameAs":["https:\/\/www.facebook.com\/ruubyconcept","https:\/\/www.instagram.com\/ruuby_concept\/"]}]}},"jetpack_sharing_enabled":true,"_links":{"self":[{"href":"https:\/\/ruuby.ee\/en\/wp-json\/wp\/v2\/product\/1634460","targetHints":{"allow":["GET"]}}],"collection":[{"href":"https:\/\/ruuby.ee\/en\/wp-json\/wp\/v2\/product"}],"about":[{"href":"https:\/\/ruuby.ee\/en\/wp-json\/wp\/v2\/types\/product"}],"replies":[{"embeddable":true,"href":"https:\/\/ruuby.ee\/en\/wp-json\/wp\/v2\/comments?post=1634460"}],"wp:featuredmedia":[{"embeddable":true,"href":"https:\/\/ruuby.ee\/en\/wp-json\/wp\/v2\/media\/1834135"}],"wp:attachment":[{"href":"https:\/\/ruuby.ee\/en\/wp-json\/wp\/v2\/media?parent=1634460"}],"wp:term":[{"taxonomy":"product_brand","embeddable":true,"href":"https:\/\/ruuby.ee\/en\/wp-json\/wp\/v2\/product_brand?post=1634460"},{"taxonomy":"product_cat","embeddable":true,"href":"https:\/\/ruuby.ee\/en\/wp-json\/wp\/v2\/product_cat?post=1634460"},{"taxonomy":"product_tag","embeddable":true,"href":"https:\/\/ruuby.ee\/en\/wp-json\/wp\/v2\/product_tag?post=1634460"}],"curies":[{"name":"wp","href":"https:\/\/api.w.org\/{rel}","templated":true}]}}