{"id":1590122,"date":"2023-06-14T21:02:13","date_gmt":"2023-06-14T18:02:13","guid":{"rendered":"http:\/\/ruuby.ee\/?post_type=product&#038;p=1590122"},"modified":"2026-04-08T01:28:44","modified_gmt":"2026-04-07T22:28:44","slug":"o-cactuu-soogitaldrik-25-cm-2","status":"publish","type":"product","link":"https:\/\/ruuby.ee\/en\/pood\/kodusisustus\/soogituba\/o-cactuu-soogitaldrik-25-cm-2\/","title":{"rendered":"O cactuu s\u00f6\u00f6gitaldrik 25 cm, pruun"},"content":{"rendered":"<p>Portugali k\u00e4sit\u00f6\u00f6: k\u00e4sitsi valmistatud madal keraamiline plaat, mis on valmistatud kivikeraamikast, seest glasuuritud viimistlusega.<\/p>\n<p>Disain ja funktsionaalsus: meie \u00f5htus\u00f6\u00f6giteenuste kollektsioon paistab silma sellega, et \u00fchendab pehme ja \u00f5rna kaasaegse disaini tugevate, vastupidavate taldrikute ja kausside funktsionaalsusega.<\/p>\n<p>Toote \u00fcksikasjad:<\/p>\n<p>Suurus: \u00f8 25 cm<br \/>\nV\u00e4rvus: v\u00e4lispind naturaalsest kreemjas kivikeraamikast, sisemus pruuni glasuuriga.<\/p>\n<p>Juhised ja hooldus: Meie keraamilised taldrikud ja kausid on vastupidavad ning neid saab panna mikrolaineahju, ahju, k\u00fclmkappi ja pesumasinasse. Mattglasuuri omaduste t\u00f5ttu v\u00f5ivad t\u00fckid esineda v\u00e4ikeseid v\u00e4rvimuutusi.<\/p>\n<p>Iga toode on k\u00e4sitsi valmistatud ja v\u00f5ib sisaldada v\u00e4ikseid variatsioone (v\u00e4rv, suurus jne), mis muudab selle ainulaadseks. Me ei saa garanteerida, et see on t\u00e4pselt selline nagu fotodel. Erinevused v\u00f5ivad tekkida kasutatud materjalide loomulike omaduste v\u00f5i t\u00fckkides juba olemasolevate puuduste t\u00f5ttu.<\/p>","protected":false},"excerpt":{"rendered":"<p>Portugali k\u00e4sit\u00f6\u00f6: k\u00e4sitsi valmistatud madal keraamiline plaat, mis on valmistatud kivikeraamikast, seest glasuuritud viimistlusega. Disain ja funktsionaalsus: meie \u00f5htus\u00f6\u00f6giteenuste kollektsioon paistab silma sellega, et \u00fchendab pehme ja \u00f5rna kaasaegse disaini tugevate, vastupidavate taldrikute ja kausside funktsionaalsusega. Toote \u00fcksikasjad: Suurus: \u00f8 25 cm V\u00e4rvus: v\u00e4lispind naturaalsest kreemjas kivikeraamikast, sisemus pruuni glasuuriga. Juhised ja hooldus: Meie keraamilised [&hellip;]<\/p>\n","protected":false},"featured_media":1834091,"comment_status":"open","ping_status":"closed","template":"","meta":[],"product_brand":[],"product_cat":[60],"product_tag":[],"class_list":{"0":"post-1590122","1":"product","2":"type-product","3":"status-publish","4":"has-post-thumbnail","6":"product_cat-soogituba","8":"first","9":"instock","10":"taxable","11":"shipping-taxable","12":"purchasable","13":"product-type-simple"},"yoast_head":"<!-- This site is optimized with the Yoast SEO plugin v27.3 - https:\/\/yoast.com\/product\/yoast-seo-wordpress\/ -->\n<title>O cactuu s\u00f6\u00f6gitaldrik 25 cm, pruun - RUUBY<\/title>\n<meta name=\"robots\" content=\"index, follow, max-snippet:-1, max-image-preview:large, max-video-preview:-1\" \/>\n<link rel=\"canonical\" href=\"https:\/\/ruuby.ee\/en\/pood\/kodusisustus\/soogituba\/o-cactuu-soogitaldrik-25-cm-2\/\" \/>\n<meta property=\"og:locale\" content=\"en_GB\" \/>\n<meta property=\"og:type\" content=\"article\" \/>\n<meta property=\"og:title\" content=\"O cactuu s\u00f6\u00f6gitaldrik 25 cm, pruun - RUUBY\" \/>\n<meta property=\"og:description\" content=\"Portugali k\u00e4sit\u00f6\u00f6: k\u00e4sitsi valmistatud madal keraamiline plaat, mis on valmistatud kivikeraamikast, seest glasuuritud viimistlusega. Disain ja funktsionaalsus: meie \u00f5htus\u00f6\u00f6giteenuste kollektsioon paistab silma sellega, et \u00fchendab pehme ja \u00f5rna kaasaegse disaini tugevate, vastupidavate taldrikute ja kausside funktsionaalsusega. Toote \u00fcksikasjad: Suurus: \u00f8 25 cm V\u00e4rvus: v\u00e4lispind naturaalsest kreemjas kivikeraamikast, sisemus pruuni glasuuriga. Juhised ja hooldus: Meie keraamilised [&hellip;]\" \/>\n<meta property=\"og:url\" content=\"https:\/\/ruuby.ee\/en\/pood\/kodusisustus\/soogituba\/o-cactuu-soogitaldrik-25-cm-2\/\" \/>\n<meta property=\"og:site_name\" content=\"RUUBY\" \/>\n<meta property=\"article:publisher\" content=\"https:\/\/www.facebook.com\/ruubyconcept\" \/>\n<meta property=\"article:modified_time\" content=\"2026-04-07T22:28:44+00:00\" \/>\n<meta property=\"og:image\" content=\"https:\/\/ruuby.ee\/wp-content\/uploads\/2023\/06\/Screenshot202022-12-1120at2015.14.44.png\" \/>\n\t<meta property=\"og:image:width\" content=\"822\" \/>\n\t<meta property=\"og:image:height\" content=\"872\" \/>\n\t<meta property=\"og:image:type\" content=\"image\/png\" \/>\n<meta name=\"twitter:card\" content=\"summary_large_image\" \/>\n<meta name=\"twitter:label1\" content=\"Estimated reading time\" \/>\n\t<meta name=\"twitter:data1\" content=\"1 minute\" \/>\n<script type=\"application\/ld+json\" class=\"yoast-schema-graph\">{\"@context\":\"https:\\\/\\\/schema.org\",\"@graph\":[{\"@type\":[\"WebPage\",\"ItemPage\"],\"@id\":\"https:\\\/\\\/ruuby.ee\\\/en\\\/pood\\\/kodusisustus\\\/soogituba\\\/o-cactuu-soogitaldrik-25-cm-2\\\/\",\"url\":\"https:\\\/\\\/ruuby.ee\\\/en\\\/pood\\\/kodusisustus\\\/soogituba\\\/o-cactuu-soogitaldrik-25-cm-2\\\/\",\"name\":\"O cactuu s\u00f6\u00f6gitaldrik 25 cm, pruun - RUUBY\",\"isPartOf\":{\"@id\":\"http:\\\/\\\/ruuby.ee\\\/#website\"},\"primaryImageOfPage\":{\"@id\":\"https:\\\/\\\/ruuby.ee\\\/en\\\/pood\\\/kodusisustus\\\/soogituba\\\/o-cactuu-soogitaldrik-25-cm-2\\\/#primaryimage\"},\"image\":{\"@id\":\"https:\\\/\\\/ruuby.ee\\\/en\\\/pood\\\/kodusisustus\\\/soogituba\\\/o-cactuu-soogitaldrik-25-cm-2\\\/#primaryimage\"},\"thumbnailUrl\":\"https:\\\/\\\/ruuby.ee\\\/wp-content\\\/uploads\\\/2023\\\/06\\\/Screenshot202022-12-1120at2015.14.44.png\",\"datePublished\":\"2023-06-14T18:02:13+00:00\",\"dateModified\":\"2026-04-07T22:28:44+00:00\",\"breadcrumb\":{\"@id\":\"https:\\\/\\\/ruuby.ee\\\/en\\\/pood\\\/kodusisustus\\\/soogituba\\\/o-cactuu-soogitaldrik-25-cm-2\\\/#breadcrumb\"},\"inLanguage\":\"en-GB\",\"potentialAction\":[{\"@type\":\"ReadAction\",\"target\":[\"https:\\\/\\\/ruuby.ee\\\/en\\\/pood\\\/kodusisustus\\\/soogituba\\\/o-cactuu-soogitaldrik-25-cm-2\\\/\"]}]},{\"@type\":\"ImageObject\",\"inLanguage\":\"en-GB\",\"@id\":\"https:\\\/\\\/ruuby.ee\\\/en\\\/pood\\\/kodusisustus\\\/soogituba\\\/o-cactuu-soogitaldrik-25-cm-2\\\/#primaryimage\",\"url\":\"https:\\\/\\\/ruuby.ee\\\/wp-content\\\/uploads\\\/2023\\\/06\\\/Screenshot202022-12-1120at2015.14.44.png\",\"contentUrl\":\"https:\\\/\\\/ruuby.ee\\\/wp-content\\\/uploads\\\/2023\\\/06\\\/Screenshot202022-12-1120at2015.14.44.png\",\"width\":822,\"height\":872},{\"@type\":\"BreadcrumbList\",\"@id\":\"https:\\\/\\\/ruuby.ee\\\/en\\\/pood\\\/kodusisustus\\\/soogituba\\\/o-cactuu-soogitaldrik-25-cm-2\\\/#breadcrumb\",\"itemListElement\":[{\"@type\":\"ListItem\",\"position\":1,\"name\":\"Kdu\",\"item\":\"http:\\\/\\\/ruuby.ee\\\/\"},{\"@type\":\"ListItem\",\"position\":2,\"name\":\"Pood\",\"item\":\"http:\\\/\\\/ruuby.ee\\\/pood\\\/\"},{\"@type\":\"ListItem\",\"position\":3,\"name\":\"O cactuu s\u00f6\u00f6gitaldrik 25 cm, pruun\"}]},{\"@type\":\"WebSite\",\"@id\":\"http:\\\/\\\/ruuby.ee\\\/#website\",\"url\":\"http:\\\/\\\/ruuby.ee\\\/\",\"name\":\"RUUBY\",\"description\":\"Ruubys on \u00fchendatud elustiil ja disain\",\"publisher\":{\"@id\":\"http:\\\/\\\/ruuby.ee\\\/#organization\"},\"alternateName\":\"Ruuby Disain\",\"potentialAction\":[{\"@type\":\"SearchAction\",\"target\":{\"@type\":\"EntryPoint\",\"urlTemplate\":\"http:\\\/\\\/ruuby.ee\\\/?s={search_term_string}\"},\"query-input\":{\"@type\":\"PropertyValueSpecification\",\"valueRequired\":true,\"valueName\":\"search_term_string\"}}],\"inLanguage\":\"en-GB\"},{\"@type\":\"Organization\",\"@id\":\"http:\\\/\\\/ruuby.ee\\\/#organization\",\"name\":\"Ruuby Disain O\u00dc\",\"alternateName\":\"Ruuby\",\"url\":\"http:\\\/\\\/ruuby.ee\\\/\",\"logo\":{\"@type\":\"ImageObject\",\"inLanguage\":\"en-GB\",\"@id\":\"http:\\\/\\\/ruuby.ee\\\/#\\\/schema\\\/logo\\\/image\\\/\",\"url\":\"https:\\\/\\\/ruuby.ee\\\/wp-content\\\/uploads\\\/2023\\\/06\\\/cropped-Black-White-Elegant-Circle-Signature-Fashion-Logo-12_large.png\",\"contentUrl\":\"https:\\\/\\\/ruuby.ee\\\/wp-content\\\/uploads\\\/2023\\\/06\\\/cropped-Black-White-Elegant-Circle-Signature-Fashion-Logo-12_large.png\",\"width\":1280,\"height\":747,\"caption\":\"Ruuby Disain O\u00dc\"},\"image\":{\"@id\":\"http:\\\/\\\/ruuby.ee\\\/#\\\/schema\\\/logo\\\/image\\\/\"},\"sameAs\":[\"https:\\\/\\\/www.facebook.com\\\/ruubyconcept\",\"https:\\\/\\\/www.instagram.com\\\/ruuby_concept\\\/\"]}]}<\/script>\n<!-- \/ Yoast SEO plugin. -->","yoast_head_json":{"title":"O cactuu s\u00f6\u00f6gitaldrik 25 cm, pruun - RUUBY","robots":{"index":"index","follow":"follow","max-snippet":"max-snippet:-1","max-image-preview":"max-image-preview:large","max-video-preview":"max-video-preview:-1"},"canonical":"https:\/\/ruuby.ee\/en\/pood\/kodusisustus\/soogituba\/o-cactuu-soogitaldrik-25-cm-2\/","og_locale":"en_GB","og_type":"article","og_title":"O cactuu s\u00f6\u00f6gitaldrik 25 cm, pruun - RUUBY","og_description":"Portugali k\u00e4sit\u00f6\u00f6: k\u00e4sitsi valmistatud madal keraamiline plaat, mis on valmistatud kivikeraamikast, seest glasuuritud viimistlusega. Disain ja funktsionaalsus: meie \u00f5htus\u00f6\u00f6giteenuste kollektsioon paistab silma sellega, et \u00fchendab pehme ja \u00f5rna kaasaegse disaini tugevate, vastupidavate taldrikute ja kausside funktsionaalsusega. Toote \u00fcksikasjad: Suurus: \u00f8 25 cm V\u00e4rvus: v\u00e4lispind naturaalsest kreemjas kivikeraamikast, sisemus pruuni glasuuriga. Juhised ja hooldus: Meie keraamilised [&hellip;]","og_url":"https:\/\/ruuby.ee\/en\/pood\/kodusisustus\/soogituba\/o-cactuu-soogitaldrik-25-cm-2\/","og_site_name":"RUUBY","article_publisher":"https:\/\/www.facebook.com\/ruubyconcept","article_modified_time":"2026-04-07T22:28:44+00:00","og_image":[{"width":822,"height":872,"url":"https:\/\/ruuby.ee\/wp-content\/uploads\/2023\/06\/Screenshot202022-12-1120at2015.14.44.png","type":"image\/png"}],"twitter_card":"summary_large_image","twitter_misc":{"Estimated reading time":"1 minute"},"schema":{"@context":"https:\/\/schema.org","@graph":[{"@type":["WebPage","ItemPage"],"@id":"https:\/\/ruuby.ee\/en\/pood\/kodusisustus\/soogituba\/o-cactuu-soogitaldrik-25-cm-2\/","url":"https:\/\/ruuby.ee\/en\/pood\/kodusisustus\/soogituba\/o-cactuu-soogitaldrik-25-cm-2\/","name":"O cactuu s\u00f6\u00f6gitaldrik 25 cm, pruun - RUUBY","isPartOf":{"@id":"http:\/\/ruuby.ee\/#website"},"primaryImageOfPage":{"@id":"https:\/\/ruuby.ee\/en\/pood\/kodusisustus\/soogituba\/o-cactuu-soogitaldrik-25-cm-2\/#primaryimage"},"image":{"@id":"https:\/\/ruuby.ee\/en\/pood\/kodusisustus\/soogituba\/o-cactuu-soogitaldrik-25-cm-2\/#primaryimage"},"thumbnailUrl":"https:\/\/ruuby.ee\/wp-content\/uploads\/2023\/06\/Screenshot202022-12-1120at2015.14.44.png","datePublished":"2023-06-14T18:02:13+00:00","dateModified":"2026-04-07T22:28:44+00:00","breadcrumb":{"@id":"https:\/\/ruuby.ee\/en\/pood\/kodusisustus\/soogituba\/o-cactuu-soogitaldrik-25-cm-2\/#breadcrumb"},"inLanguage":"en-GB","potentialAction":[{"@type":"ReadAction","target":["https:\/\/ruuby.ee\/en\/pood\/kodusisustus\/soogituba\/o-cactuu-soogitaldrik-25-cm-2\/"]}]},{"@type":"ImageObject","inLanguage":"en-GB","@id":"https:\/\/ruuby.ee\/en\/pood\/kodusisustus\/soogituba\/o-cactuu-soogitaldrik-25-cm-2\/#primaryimage","url":"https:\/\/ruuby.ee\/wp-content\/uploads\/2023\/06\/Screenshot202022-12-1120at2015.14.44.png","contentUrl":"https:\/\/ruuby.ee\/wp-content\/uploads\/2023\/06\/Screenshot202022-12-1120at2015.14.44.png","width":822,"height":872},{"@type":"BreadcrumbList","@id":"https:\/\/ruuby.ee\/en\/pood\/kodusisustus\/soogituba\/o-cactuu-soogitaldrik-25-cm-2\/#breadcrumb","itemListElement":[{"@type":"ListItem","position":1,"name":"Kdu","item":"http:\/\/ruuby.ee\/"},{"@type":"ListItem","position":2,"name":"Pood","item":"http:\/\/ruuby.ee\/pood\/"},{"@type":"ListItem","position":3,"name":"O cactuu s\u00f6\u00f6gitaldrik 25 cm, pruun"}]},{"@type":"WebSite","@id":"http:\/\/ruuby.ee\/#website","url":"http:\/\/ruuby.ee\/","name":"RUUBY","description":"Ruubys on \u00fchendatud elustiil ja disain","publisher":{"@id":"http:\/\/ruuby.ee\/#organization"},"alternateName":"Ruuby Disain","potentialAction":[{"@type":"SearchAction","target":{"@type":"EntryPoint","urlTemplate":"http:\/\/ruuby.ee\/?s={search_term_string}"},"query-input":{"@type":"PropertyValueSpecification","valueRequired":true,"valueName":"search_term_string"}}],"inLanguage":"en-GB"},{"@type":"Organization","@id":"http:\/\/ruuby.ee\/#organization","name":"Ruuby Disain O\u00dc","alternateName":"Ruuby","url":"http:\/\/ruuby.ee\/","logo":{"@type":"ImageObject","inLanguage":"en-GB","@id":"http:\/\/ruuby.ee\/#\/schema\/logo\/image\/","url":"https:\/\/ruuby.ee\/wp-content\/uploads\/2023\/06\/cropped-Black-White-Elegant-Circle-Signature-Fashion-Logo-12_large.png","contentUrl":"https:\/\/ruuby.ee\/wp-content\/uploads\/2023\/06\/cropped-Black-White-Elegant-Circle-Signature-Fashion-Logo-12_large.png","width":1280,"height":747,"caption":"Ruuby Disain O\u00dc"},"image":{"@id":"http:\/\/ruuby.ee\/#\/schema\/logo\/image\/"},"sameAs":["https:\/\/www.facebook.com\/ruubyconcept","https:\/\/www.instagram.com\/ruuby_concept\/"]}]}},"jetpack_sharing_enabled":true,"_links":{"self":[{"href":"https:\/\/ruuby.ee\/en\/wp-json\/wp\/v2\/product\/1590122","targetHints":{"allow":["GET"]}}],"collection":[{"href":"https:\/\/ruuby.ee\/en\/wp-json\/wp\/v2\/product"}],"about":[{"href":"https:\/\/ruuby.ee\/en\/wp-json\/wp\/v2\/types\/product"}],"replies":[{"embeddable":true,"href":"https:\/\/ruuby.ee\/en\/wp-json\/wp\/v2\/comments?post=1590122"}],"wp:featuredmedia":[{"embeddable":true,"href":"https:\/\/ruuby.ee\/en\/wp-json\/wp\/v2\/media\/1834091"}],"wp:attachment":[{"href":"https:\/\/ruuby.ee\/en\/wp-json\/wp\/v2\/media?parent=1590122"}],"wp:term":[{"taxonomy":"product_brand","embeddable":true,"href":"https:\/\/ruuby.ee\/en\/wp-json\/wp\/v2\/product_brand?post=1590122"},{"taxonomy":"product_cat","embeddable":true,"href":"https:\/\/ruuby.ee\/en\/wp-json\/wp\/v2\/product_cat?post=1590122"},{"taxonomy":"product_tag","embeddable":true,"href":"https:\/\/ruuby.ee\/en\/wp-json\/wp\/v2\/product_tag?post=1590122"}],"curies":[{"name":"wp","href":"https:\/\/api.w.org\/{rel}","templated":true}]}}