{"id":1586117,"date":"2023-06-14T18:02:19","date_gmt":"2023-06-14T18:02:19","guid":{"rendered":"http:\/\/ruuby.ee\/?post_type=product&#038;p=1586117"},"modified":"2026-04-06T01:26:31","modified_gmt":"2026-04-05T22:26:31","slug":"sametine-pruun-bellody-scrunchie-1tk","status":"publish","type":"product","link":"https:\/\/ruuby.ee\/en\/pood\/patsikummid\/sametine-pruun-bellody-scrunchie-1tk\/","title":{"rendered":"Bellody sametine Leopard Scrunchie, 1tk"},"content":{"rendered":"<p>Sametisest patsikummi sees on p\u00f5imitud Bellody originaal kumm, t\u00e4nu mille p\u00f5imitud, lainelisele struktuurile kohanduvad need erinevate juukset\u00fc\u00fcpidega ja tagavad tugeva hoidmise ilma survetundeta. Kvaliteetse veluuriga kaetud on need juustele eriti \u00f5rnad ja lisavad igale v\u00e4limusele t\u00e4iusliku aktsendi.<\/p>\n<p>Pakis 1tk.<\/p>","protected":false},"excerpt":{"rendered":"<p>Sametine leopard mustriga patsikummid.<\/p>","protected":false},"featured_media":1852426,"comment_status":"open","ping_status":"closed","template":"","meta":[],"product_brand":[],"product_cat":[624],"product_tag":[],"class_list":{"0":"post-1586117","1":"product","2":"type-product","3":"status-publish","4":"has-post-thumbnail","6":"product_cat-patsikummid","8":"first","9":"instock","10":"taxable","11":"shipping-taxable","12":"purchasable","13":"product-type-simple"},"yoast_head":"<!-- This site is optimized with the Yoast SEO plugin v27.2 - https:\/\/yoast.com\/product\/yoast-seo-wordpress\/ -->\n<title>Bellody sametine Leopard Scrunchie, 1tk - RUUBY<\/title>\n<meta name=\"robots\" content=\"index, follow, max-snippet:-1, max-image-preview:large, max-video-preview:-1\" \/>\n<link rel=\"canonical\" href=\"https:\/\/ruuby.ee\/en\/pood\/patsikummid\/sametine-pruun-bellody-scrunchie-1tk\/\" \/>\n<meta property=\"og:locale\" content=\"en_GB\" \/>\n<meta property=\"og:type\" content=\"article\" \/>\n<meta property=\"og:title\" content=\"Bellody sametine Leopard Scrunchie, 1tk - RUUBY\" \/>\n<meta property=\"og:description\" content=\"Sametine leopard mustriga patsikummid.\" \/>\n<meta property=\"og:url\" content=\"https:\/\/ruuby.ee\/en\/pood\/patsikummid\/sametine-pruun-bellody-scrunchie-1tk\/\" \/>\n<meta property=\"og:site_name\" content=\"RUUBY\" \/>\n<meta property=\"article:publisher\" content=\"https:\/\/www.facebook.com\/ruubyconcept\" \/>\n<meta property=\"article:modified_time\" content=\"2026-04-05T22:26:31+00:00\" \/>\n<meta property=\"og:image\" content=\"https:\/\/ruuby.ee\/wp-content\/uploads\/2023\/06\/Screenshot-2025-03-31-at-21.34.53.png\" \/>\n\t<meta property=\"og:image:width\" content=\"1614\" \/>\n\t<meta property=\"og:image:height\" content=\"1232\" \/>\n\t<meta property=\"og:image:type\" content=\"image\/png\" \/>\n<meta name=\"twitter:card\" content=\"summary_large_image\" \/>\n<meta name=\"twitter:label1\" content=\"Estimated reading time\" \/>\n\t<meta name=\"twitter:data1\" content=\"1 minute\" \/>\n<script type=\"application\/ld+json\" class=\"yoast-schema-graph\">{\"@context\":\"https:\/\/schema.org\",\"@graph\":[{\"@type\":[\"WebPage\",\"ItemPage\"],\"@id\":\"https:\/\/ruuby.ee\/en\/pood\/patsikummid\/sametine-pruun-bellody-scrunchie-1tk\/\",\"url\":\"https:\/\/ruuby.ee\/en\/pood\/patsikummid\/sametine-pruun-bellody-scrunchie-1tk\/\",\"name\":\"Bellody sametine Leopard Scrunchie, 1tk - RUUBY\",\"isPartOf\":{\"@id\":\"http:\/\/ruuby.ee\/#website\"},\"primaryImageOfPage\":{\"@id\":\"https:\/\/ruuby.ee\/en\/pood\/patsikummid\/sametine-pruun-bellody-scrunchie-1tk\/#primaryimage\"},\"image\":{\"@id\":\"https:\/\/ruuby.ee\/en\/pood\/patsikummid\/sametine-pruun-bellody-scrunchie-1tk\/#primaryimage\"},\"thumbnailUrl\":\"https:\/\/ruuby.ee\/wp-content\/uploads\/2023\/06\/Screenshot-2025-03-31-at-21.34.53.png\",\"datePublished\":\"2023-06-14T18:02:19+00:00\",\"dateModified\":\"2026-04-05T22:26:31+00:00\",\"breadcrumb\":{\"@id\":\"https:\/\/ruuby.ee\/en\/pood\/patsikummid\/sametine-pruun-bellody-scrunchie-1tk\/#breadcrumb\"},\"inLanguage\":\"en-GB\",\"potentialAction\":[{\"@type\":\"ReadAction\",\"target\":[\"https:\/\/ruuby.ee\/en\/pood\/patsikummid\/sametine-pruun-bellody-scrunchie-1tk\/\"]}]},{\"@type\":\"ImageObject\",\"inLanguage\":\"en-GB\",\"@id\":\"https:\/\/ruuby.ee\/en\/pood\/patsikummid\/sametine-pruun-bellody-scrunchie-1tk\/#primaryimage\",\"url\":\"https:\/\/ruuby.ee\/wp-content\/uploads\/2023\/06\/Screenshot-2025-03-31-at-21.34.53.png\",\"contentUrl\":\"https:\/\/ruuby.ee\/wp-content\/uploads\/2023\/06\/Screenshot-2025-03-31-at-21.34.53.png\",\"width\":1614,\"height\":1232},{\"@type\":\"BreadcrumbList\",\"@id\":\"https:\/\/ruuby.ee\/en\/pood\/patsikummid\/sametine-pruun-bellody-scrunchie-1tk\/#breadcrumb\",\"itemListElement\":[{\"@type\":\"ListItem\",\"position\":1,\"name\":\"Kdu\",\"item\":\"http:\/\/ruuby.ee\/\"},{\"@type\":\"ListItem\",\"position\":2,\"name\":\"Pood\",\"item\":\"https:\/\/ruuby.ee\/en\/pood\/\"},{\"@type\":\"ListItem\",\"position\":3,\"name\":\"Bellody sametine Leopard Scrunchie, 1tk\"}]},{\"@type\":\"WebSite\",\"@id\":\"http:\/\/ruuby.ee\/#website\",\"url\":\"http:\/\/ruuby.ee\/\",\"name\":\"RUUBY\",\"description\":\"Ruubys on \u00fchendatud elustiil ja disain\",\"publisher\":{\"@id\":\"http:\/\/ruuby.ee\/#organization\"},\"alternateName\":\"Ruuby Disain\",\"potentialAction\":[{\"@type\":\"SearchAction\",\"target\":{\"@type\":\"EntryPoint\",\"urlTemplate\":\"http:\/\/ruuby.ee\/?s={search_term_string}\"},\"query-input\":{\"@type\":\"PropertyValueSpecification\",\"valueRequired\":true,\"valueName\":\"search_term_string\"}}],\"inLanguage\":\"en-GB\"},{\"@type\":\"Organization\",\"@id\":\"http:\/\/ruuby.ee\/#organization\",\"name\":\"Ruuby Disain O\u00dc\",\"alternateName\":\"Ruuby\",\"url\":\"http:\/\/ruuby.ee\/\",\"logo\":{\"@type\":\"ImageObject\",\"inLanguage\":\"en-GB\",\"@id\":\"http:\/\/ruuby.ee\/#\/schema\/logo\/image\/\",\"url\":\"https:\/\/ruuby.ee\/wp-content\/uploads\/2023\/06\/cropped-Black-White-Elegant-Circle-Signature-Fashion-Logo-12_large.png\",\"contentUrl\":\"https:\/\/ruuby.ee\/wp-content\/uploads\/2023\/06\/cropped-Black-White-Elegant-Circle-Signature-Fashion-Logo-12_large.png\",\"width\":1280,\"height\":747,\"caption\":\"Ruuby Disain O\u00dc\"},\"image\":{\"@id\":\"http:\/\/ruuby.ee\/#\/schema\/logo\/image\/\"},\"sameAs\":[\"https:\/\/www.facebook.com\/ruubyconcept\",\"https:\/\/www.instagram.com\/ruuby_concept\/\"]}]}<\/script>\n<!-- \/ Yoast SEO plugin. -->","yoast_head_json":{"title":"Bellody sametine Leopard Scrunchie, 1tk - RUUBY","robots":{"index":"index","follow":"follow","max-snippet":"max-snippet:-1","max-image-preview":"max-image-preview:large","max-video-preview":"max-video-preview:-1"},"canonical":"https:\/\/ruuby.ee\/en\/pood\/patsikummid\/sametine-pruun-bellody-scrunchie-1tk\/","og_locale":"en_GB","og_type":"article","og_title":"Bellody sametine Leopard Scrunchie, 1tk - RUUBY","og_description":"Sametine leopard mustriga patsikummid.","og_url":"https:\/\/ruuby.ee\/en\/pood\/patsikummid\/sametine-pruun-bellody-scrunchie-1tk\/","og_site_name":"RUUBY","article_publisher":"https:\/\/www.facebook.com\/ruubyconcept","article_modified_time":"2026-04-05T22:26:31+00:00","og_image":[{"width":1614,"height":1232,"url":"https:\/\/ruuby.ee\/wp-content\/uploads\/2023\/06\/Screenshot-2025-03-31-at-21.34.53.png","type":"image\/png"}],"twitter_card":"summary_large_image","twitter_misc":{"Estimated reading time":"1 minute"},"schema":{"@context":"https:\/\/schema.org","@graph":[{"@type":["WebPage","ItemPage"],"@id":"https:\/\/ruuby.ee\/en\/pood\/patsikummid\/sametine-pruun-bellody-scrunchie-1tk\/","url":"https:\/\/ruuby.ee\/en\/pood\/patsikummid\/sametine-pruun-bellody-scrunchie-1tk\/","name":"Bellody sametine Leopard Scrunchie, 1tk - RUUBY","isPartOf":{"@id":"http:\/\/ruuby.ee\/#website"},"primaryImageOfPage":{"@id":"https:\/\/ruuby.ee\/en\/pood\/patsikummid\/sametine-pruun-bellody-scrunchie-1tk\/#primaryimage"},"image":{"@id":"https:\/\/ruuby.ee\/en\/pood\/patsikummid\/sametine-pruun-bellody-scrunchie-1tk\/#primaryimage"},"thumbnailUrl":"https:\/\/ruuby.ee\/wp-content\/uploads\/2023\/06\/Screenshot-2025-03-31-at-21.34.53.png","datePublished":"2023-06-14T18:02:19+00:00","dateModified":"2026-04-05T22:26:31+00:00","breadcrumb":{"@id":"https:\/\/ruuby.ee\/en\/pood\/patsikummid\/sametine-pruun-bellody-scrunchie-1tk\/#breadcrumb"},"inLanguage":"en-GB","potentialAction":[{"@type":"ReadAction","target":["https:\/\/ruuby.ee\/en\/pood\/patsikummid\/sametine-pruun-bellody-scrunchie-1tk\/"]}]},{"@type":"ImageObject","inLanguage":"en-GB","@id":"https:\/\/ruuby.ee\/en\/pood\/patsikummid\/sametine-pruun-bellody-scrunchie-1tk\/#primaryimage","url":"https:\/\/ruuby.ee\/wp-content\/uploads\/2023\/06\/Screenshot-2025-03-31-at-21.34.53.png","contentUrl":"https:\/\/ruuby.ee\/wp-content\/uploads\/2023\/06\/Screenshot-2025-03-31-at-21.34.53.png","width":1614,"height":1232},{"@type":"BreadcrumbList","@id":"https:\/\/ruuby.ee\/en\/pood\/patsikummid\/sametine-pruun-bellody-scrunchie-1tk\/#breadcrumb","itemListElement":[{"@type":"ListItem","position":1,"name":"Kdu","item":"http:\/\/ruuby.ee\/"},{"@type":"ListItem","position":2,"name":"Pood","item":"https:\/\/ruuby.ee\/en\/pood\/"},{"@type":"ListItem","position":3,"name":"Bellody sametine Leopard Scrunchie, 1tk"}]},{"@type":"WebSite","@id":"http:\/\/ruuby.ee\/#website","url":"http:\/\/ruuby.ee\/","name":"RUUBY","description":"Ruubys on \u00fchendatud elustiil ja disain","publisher":{"@id":"http:\/\/ruuby.ee\/#organization"},"alternateName":"Ruuby Disain","potentialAction":[{"@type":"SearchAction","target":{"@type":"EntryPoint","urlTemplate":"http:\/\/ruuby.ee\/?s={search_term_string}"},"query-input":{"@type":"PropertyValueSpecification","valueRequired":true,"valueName":"search_term_string"}}],"inLanguage":"en-GB"},{"@type":"Organization","@id":"http:\/\/ruuby.ee\/#organization","name":"Ruuby Disain O\u00dc","alternateName":"Ruuby","url":"http:\/\/ruuby.ee\/","logo":{"@type":"ImageObject","inLanguage":"en-GB","@id":"http:\/\/ruuby.ee\/#\/schema\/logo\/image\/","url":"https:\/\/ruuby.ee\/wp-content\/uploads\/2023\/06\/cropped-Black-White-Elegant-Circle-Signature-Fashion-Logo-12_large.png","contentUrl":"https:\/\/ruuby.ee\/wp-content\/uploads\/2023\/06\/cropped-Black-White-Elegant-Circle-Signature-Fashion-Logo-12_large.png","width":1280,"height":747,"caption":"Ruuby Disain O\u00dc"},"image":{"@id":"http:\/\/ruuby.ee\/#\/schema\/logo\/image\/"},"sameAs":["https:\/\/www.facebook.com\/ruubyconcept","https:\/\/www.instagram.com\/ruuby_concept\/"]}]}},"jetpack_sharing_enabled":true,"_links":{"self":[{"href":"https:\/\/ruuby.ee\/en\/wp-json\/wp\/v2\/product\/1586117","targetHints":{"allow":["GET"]}}],"collection":[{"href":"https:\/\/ruuby.ee\/en\/wp-json\/wp\/v2\/product"}],"about":[{"href":"https:\/\/ruuby.ee\/en\/wp-json\/wp\/v2\/types\/product"}],"replies":[{"embeddable":true,"href":"https:\/\/ruuby.ee\/en\/wp-json\/wp\/v2\/comments?post=1586117"}],"wp:featuredmedia":[{"embeddable":true,"href":"https:\/\/ruuby.ee\/en\/wp-json\/wp\/v2\/media\/1852426"}],"wp:attachment":[{"href":"https:\/\/ruuby.ee\/en\/wp-json\/wp\/v2\/media?parent=1586117"}],"wp:term":[{"taxonomy":"product_brand","embeddable":true,"href":"https:\/\/ruuby.ee\/en\/wp-json\/wp\/v2\/product_brand?post=1586117"},{"taxonomy":"product_cat","embeddable":true,"href":"https:\/\/ruuby.ee\/en\/wp-json\/wp\/v2\/product_cat?post=1586117"},{"taxonomy":"product_tag","embeddable":true,"href":"https:\/\/ruuby.ee\/en\/wp-json\/wp\/v2\/product_tag?post=1586117"}],"curies":[{"name":"wp","href":"https:\/\/api.w.org\/{rel}","templated":true}]}}