{"id":1585985,"date":"2023-06-14T18:02:12","date_gmt":"2023-06-14T18:02:12","guid":{"rendered":"http:\/\/ruuby.ee\/?post_type=product&#038;p=1585985"},"modified":"2026-04-06T01:26:31","modified_gmt":"2026-04-05T22:26:31","slug":"bellody-patsikummid-pruuni-varvi-4tk","status":"publish","type":"product","link":"https:\/\/ruuby.ee\/en\/pood\/patsikummid\/bellody-patsikummid-pruuni-varvi-4tk\/","title":{"rendered":"Bellody patsikummid pruuni v\u00e4rvi, 4tk"},"content":{"rendered":"<div>\n<p>Bellody patsikummid pruuni v\u00e4rvi!<\/p>\n<\/div>\n<div>\n<p>-tugev hoidmine ilma survetundeta<br \/>\n&#8211; stiilne ka k\u00e4ev\u00f5runa<br \/>\n&#8211; \u00f5rn juustele<br \/>\n&#8211; taaskasutatud paberist pakend<\/p>\n<\/div>\n<div>\n<p>Hoolikalt valitud v\u00e4rvivariatsioon teeb Bellody juukselipsudest stiilse aksessuaari igas olukorras. T\u00e4nu punutud struktuurile kohanduvad need \u00fcksikute juukset\u00fc\u00fcpidega ja tagavad maksimaalse p\u00fcsivuse \u2013 ilma pead avaldamata. Need annavad igale v\u00e4limusele \u00f5ige aktsendi, olgu siis juukselipsu v\u00f5i k\u00e4ev\u00f5runa. See t\u00e4hendab l\u00f5puks juuksesidemeid kvaliteedis ja disainis j\u00e4releandmisi tegemata.<\/p>\n<\/div>","protected":false},"excerpt":{"rendered":"<p style=\"font-weight: 400;\">Bellody juukselipsud hoiavad sinu juukseid tugevalt, ilma karva kahjustamata!<\/p>","protected":false},"featured_media":1852406,"comment_status":"open","ping_status":"closed","template":"","meta":[],"product_brand":[],"product_cat":[624],"product_tag":[],"class_list":{"0":"post-1585985","1":"product","2":"type-product","3":"status-publish","4":"has-post-thumbnail","6":"product_cat-patsikummid","8":"first","9":"outofstock","10":"taxable","11":"shipping-taxable","12":"purchasable","13":"product-type-simple"},"yoast_head":"<!-- This site is optimized with the Yoast SEO plugin v27.2 - https:\/\/yoast.com\/product\/yoast-seo-wordpress\/ -->\n<title>Bellody patsikummid pruuni v\u00e4rvi, 4tk - RUUBY<\/title>\n<meta name=\"robots\" content=\"index, follow, max-snippet:-1, max-image-preview:large, max-video-preview:-1\" \/>\n<link rel=\"canonical\" href=\"https:\/\/ruuby.ee\/en\/pood\/patsikummid\/bellody-patsikummid-pruuni-varvi-4tk\/\" \/>\n<meta property=\"og:locale\" content=\"en_GB\" \/>\n<meta property=\"og:type\" content=\"article\" \/>\n<meta property=\"og:title\" content=\"Bellody patsikummid pruuni v\u00e4rvi, 4tk - RUUBY\" \/>\n<meta property=\"og:description\" content=\"Bellody juukselipsud hoiavad sinu juukseid tugevalt, ilma karva kahjustamata!\" \/>\n<meta property=\"og:url\" content=\"https:\/\/ruuby.ee\/en\/pood\/patsikummid\/bellody-patsikummid-pruuni-varvi-4tk\/\" \/>\n<meta property=\"og:site_name\" content=\"RUUBY\" \/>\n<meta property=\"article:publisher\" content=\"https:\/\/www.facebook.com\/ruubyconcept\" \/>\n<meta property=\"article:modified_time\" content=\"2026-04-05T22:26:31+00:00\" \/>\n<meta property=\"og:image\" content=\"https:\/\/ruuby.ee\/wp-content\/uploads\/2023\/06\/Screenshot-2025-03-31-at-21.18.14.png\" \/>\n\t<meta property=\"og:image:width\" content=\"1538\" \/>\n\t<meta property=\"og:image:height\" content=\"1268\" \/>\n\t<meta property=\"og:image:type\" content=\"image\/png\" \/>\n<meta name=\"twitter:card\" content=\"summary_large_image\" \/>\n<meta name=\"twitter:label1\" content=\"Estimated reading time\" \/>\n\t<meta name=\"twitter:data1\" content=\"1 minute\" \/>\n<script type=\"application\/ld+json\" class=\"yoast-schema-graph\">{\"@context\":\"https:\/\/schema.org\",\"@graph\":[{\"@type\":[\"WebPage\",\"ItemPage\"],\"@id\":\"https:\/\/ruuby.ee\/pood\/patsikummid\/bellody-patsikummid-pruuni-varvi-4tk\/\",\"url\":\"https:\/\/ruuby.ee\/pood\/patsikummid\/bellody-patsikummid-pruuni-varvi-4tk\/\",\"name\":\"Bellody patsikummid pruuni v\u00e4rvi, 4tk - RUUBY\",\"isPartOf\":{\"@id\":\"http:\/\/ruuby.ee\/#website\"},\"primaryImageOfPage\":{\"@id\":\"https:\/\/ruuby.ee\/pood\/patsikummid\/bellody-patsikummid-pruuni-varvi-4tk\/#primaryimage\"},\"image\":{\"@id\":\"https:\/\/ruuby.ee\/pood\/patsikummid\/bellody-patsikummid-pruuni-varvi-4tk\/#primaryimage\"},\"thumbnailUrl\":\"https:\/\/ruuby.ee\/wp-content\/uploads\/2023\/06\/Screenshot-2025-03-31-at-21.18.14.png\",\"datePublished\":\"2023-06-14T18:02:12+00:00\",\"dateModified\":\"2026-04-05T22:26:31+00:00\",\"breadcrumb\":{\"@id\":\"https:\/\/ruuby.ee\/pood\/patsikummid\/bellody-patsikummid-pruuni-varvi-4tk\/#breadcrumb\"},\"inLanguage\":\"en-GB\",\"potentialAction\":[{\"@type\":\"ReadAction\",\"target\":[\"https:\/\/ruuby.ee\/pood\/patsikummid\/bellody-patsikummid-pruuni-varvi-4tk\/\"]}]},{\"@type\":\"ImageObject\",\"inLanguage\":\"en-GB\",\"@id\":\"https:\/\/ruuby.ee\/pood\/patsikummid\/bellody-patsikummid-pruuni-varvi-4tk\/#primaryimage\",\"url\":\"https:\/\/ruuby.ee\/wp-content\/uploads\/2023\/06\/Screenshot-2025-03-31-at-21.18.14.png\",\"contentUrl\":\"https:\/\/ruuby.ee\/wp-content\/uploads\/2023\/06\/Screenshot-2025-03-31-at-21.18.14.png\",\"width\":1538,\"height\":1268},{\"@type\":\"BreadcrumbList\",\"@id\":\"https:\/\/ruuby.ee\/pood\/patsikummid\/bellody-patsikummid-pruuni-varvi-4tk\/#breadcrumb\",\"itemListElement\":[{\"@type\":\"ListItem\",\"position\":1,\"name\":\"Kdu\",\"item\":\"http:\/\/ruuby.ee\/\"},{\"@type\":\"ListItem\",\"position\":2,\"name\":\"Pood\",\"item\":\"https:\/\/ruuby.ee\/en\/pood\/\"},{\"@type\":\"ListItem\",\"position\":3,\"name\":\"Bellody patsikummid pruuni v\u00e4rvi, 4tk\"}]},{\"@type\":\"WebSite\",\"@id\":\"http:\/\/ruuby.ee\/#website\",\"url\":\"http:\/\/ruuby.ee\/\",\"name\":\"RUUBY\",\"description\":\"Ruubys on \u00fchendatud elustiil ja disain\",\"publisher\":{\"@id\":\"http:\/\/ruuby.ee\/#organization\"},\"alternateName\":\"Ruuby Disain\",\"potentialAction\":[{\"@type\":\"SearchAction\",\"target\":{\"@type\":\"EntryPoint\",\"urlTemplate\":\"http:\/\/ruuby.ee\/?s={search_term_string}\"},\"query-input\":{\"@type\":\"PropertyValueSpecification\",\"valueRequired\":true,\"valueName\":\"search_term_string\"}}],\"inLanguage\":\"en-GB\"},{\"@type\":\"Organization\",\"@id\":\"http:\/\/ruuby.ee\/#organization\",\"name\":\"Ruuby Disain O\u00dc\",\"alternateName\":\"Ruuby\",\"url\":\"http:\/\/ruuby.ee\/\",\"logo\":{\"@type\":\"ImageObject\",\"inLanguage\":\"en-GB\",\"@id\":\"http:\/\/ruuby.ee\/#\/schema\/logo\/image\/\",\"url\":\"https:\/\/ruuby.ee\/wp-content\/uploads\/2023\/06\/cropped-Black-White-Elegant-Circle-Signature-Fashion-Logo-12_large.png\",\"contentUrl\":\"https:\/\/ruuby.ee\/wp-content\/uploads\/2023\/06\/cropped-Black-White-Elegant-Circle-Signature-Fashion-Logo-12_large.png\",\"width\":1280,\"height\":747,\"caption\":\"Ruuby Disain O\u00dc\"},\"image\":{\"@id\":\"http:\/\/ruuby.ee\/#\/schema\/logo\/image\/\"},\"sameAs\":[\"https:\/\/www.facebook.com\/ruubyconcept\",\"https:\/\/www.instagram.com\/ruuby_concept\/\"]}]}<\/script>\n<!-- \/ Yoast SEO plugin. -->","yoast_head_json":{"title":"Bellody patsikummid pruuni v\u00e4rvi, 4tk - RUUBY","robots":{"index":"index","follow":"follow","max-snippet":"max-snippet:-1","max-image-preview":"max-image-preview:large","max-video-preview":"max-video-preview:-1"},"canonical":"https:\/\/ruuby.ee\/en\/pood\/patsikummid\/bellody-patsikummid-pruuni-varvi-4tk\/","og_locale":"en_GB","og_type":"article","og_title":"Bellody patsikummid pruuni v\u00e4rvi, 4tk - RUUBY","og_description":"Bellody juukselipsud hoiavad sinu juukseid tugevalt, ilma karva kahjustamata!","og_url":"https:\/\/ruuby.ee\/en\/pood\/patsikummid\/bellody-patsikummid-pruuni-varvi-4tk\/","og_site_name":"RUUBY","article_publisher":"https:\/\/www.facebook.com\/ruubyconcept","article_modified_time":"2026-04-05T22:26:31+00:00","og_image":[{"width":1538,"height":1268,"url":"https:\/\/ruuby.ee\/wp-content\/uploads\/2023\/06\/Screenshot-2025-03-31-at-21.18.14.png","type":"image\/png"}],"twitter_card":"summary_large_image","twitter_misc":{"Estimated reading time":"1 minute"},"schema":{"@context":"https:\/\/schema.org","@graph":[{"@type":["WebPage","ItemPage"],"@id":"https:\/\/ruuby.ee\/pood\/patsikummid\/bellody-patsikummid-pruuni-varvi-4tk\/","url":"https:\/\/ruuby.ee\/pood\/patsikummid\/bellody-patsikummid-pruuni-varvi-4tk\/","name":"Bellody patsikummid pruuni v\u00e4rvi, 4tk - RUUBY","isPartOf":{"@id":"http:\/\/ruuby.ee\/#website"},"primaryImageOfPage":{"@id":"https:\/\/ruuby.ee\/pood\/patsikummid\/bellody-patsikummid-pruuni-varvi-4tk\/#primaryimage"},"image":{"@id":"https:\/\/ruuby.ee\/pood\/patsikummid\/bellody-patsikummid-pruuni-varvi-4tk\/#primaryimage"},"thumbnailUrl":"https:\/\/ruuby.ee\/wp-content\/uploads\/2023\/06\/Screenshot-2025-03-31-at-21.18.14.png","datePublished":"2023-06-14T18:02:12+00:00","dateModified":"2026-04-05T22:26:31+00:00","breadcrumb":{"@id":"https:\/\/ruuby.ee\/pood\/patsikummid\/bellody-patsikummid-pruuni-varvi-4tk\/#breadcrumb"},"inLanguage":"en-GB","potentialAction":[{"@type":"ReadAction","target":["https:\/\/ruuby.ee\/pood\/patsikummid\/bellody-patsikummid-pruuni-varvi-4tk\/"]}]},{"@type":"ImageObject","inLanguage":"en-GB","@id":"https:\/\/ruuby.ee\/pood\/patsikummid\/bellody-patsikummid-pruuni-varvi-4tk\/#primaryimage","url":"https:\/\/ruuby.ee\/wp-content\/uploads\/2023\/06\/Screenshot-2025-03-31-at-21.18.14.png","contentUrl":"https:\/\/ruuby.ee\/wp-content\/uploads\/2023\/06\/Screenshot-2025-03-31-at-21.18.14.png","width":1538,"height":1268},{"@type":"BreadcrumbList","@id":"https:\/\/ruuby.ee\/pood\/patsikummid\/bellody-patsikummid-pruuni-varvi-4tk\/#breadcrumb","itemListElement":[{"@type":"ListItem","position":1,"name":"Kdu","item":"http:\/\/ruuby.ee\/"},{"@type":"ListItem","position":2,"name":"Pood","item":"https:\/\/ruuby.ee\/en\/pood\/"},{"@type":"ListItem","position":3,"name":"Bellody patsikummid pruuni v\u00e4rvi, 4tk"}]},{"@type":"WebSite","@id":"http:\/\/ruuby.ee\/#website","url":"http:\/\/ruuby.ee\/","name":"RUUBY","description":"Ruubys on \u00fchendatud elustiil ja disain","publisher":{"@id":"http:\/\/ruuby.ee\/#organization"},"alternateName":"Ruuby Disain","potentialAction":[{"@type":"SearchAction","target":{"@type":"EntryPoint","urlTemplate":"http:\/\/ruuby.ee\/?s={search_term_string}"},"query-input":{"@type":"PropertyValueSpecification","valueRequired":true,"valueName":"search_term_string"}}],"inLanguage":"en-GB"},{"@type":"Organization","@id":"http:\/\/ruuby.ee\/#organization","name":"Ruuby Disain O\u00dc","alternateName":"Ruuby","url":"http:\/\/ruuby.ee\/","logo":{"@type":"ImageObject","inLanguage":"en-GB","@id":"http:\/\/ruuby.ee\/#\/schema\/logo\/image\/","url":"https:\/\/ruuby.ee\/wp-content\/uploads\/2023\/06\/cropped-Black-White-Elegant-Circle-Signature-Fashion-Logo-12_large.png","contentUrl":"https:\/\/ruuby.ee\/wp-content\/uploads\/2023\/06\/cropped-Black-White-Elegant-Circle-Signature-Fashion-Logo-12_large.png","width":1280,"height":747,"caption":"Ruuby Disain O\u00dc"},"image":{"@id":"http:\/\/ruuby.ee\/#\/schema\/logo\/image\/"},"sameAs":["https:\/\/www.facebook.com\/ruubyconcept","https:\/\/www.instagram.com\/ruuby_concept\/"]}]}},"jetpack_sharing_enabled":true,"_links":{"self":[{"href":"https:\/\/ruuby.ee\/en\/wp-json\/wp\/v2\/product\/1585985","targetHints":{"allow":["GET"]}}],"collection":[{"href":"https:\/\/ruuby.ee\/en\/wp-json\/wp\/v2\/product"}],"about":[{"href":"https:\/\/ruuby.ee\/en\/wp-json\/wp\/v2\/types\/product"}],"replies":[{"embeddable":true,"href":"https:\/\/ruuby.ee\/en\/wp-json\/wp\/v2\/comments?post=1585985"}],"wp:featuredmedia":[{"embeddable":true,"href":"https:\/\/ruuby.ee\/en\/wp-json\/wp\/v2\/media\/1852406"}],"wp:attachment":[{"href":"https:\/\/ruuby.ee\/en\/wp-json\/wp\/v2\/media?parent=1585985"}],"wp:term":[{"taxonomy":"product_brand","embeddable":true,"href":"https:\/\/ruuby.ee\/en\/wp-json\/wp\/v2\/product_brand?post=1585985"},{"taxonomy":"product_cat","embeddable":true,"href":"https:\/\/ruuby.ee\/en\/wp-json\/wp\/v2\/product_cat?post=1585985"},{"taxonomy":"product_tag","embeddable":true,"href":"https:\/\/ruuby.ee\/en\/wp-json\/wp\/v2\/product_tag?post=1585985"}],"curies":[{"name":"wp","href":"https:\/\/api.w.org\/{rel}","templated":true}]}}