{"id":1859041,"date":"2026-02-25T16:31:11","date_gmt":"2026-02-25T14:31:11","guid":{"rendered":"https:\/\/ruuby.ee\/?page_id=1859041"},"modified":"2026-02-25T16:33:01","modified_gmt":"2026-02-25T14:33:01","slug":"kohaletoimetamine-ja-tagastamine","status":"publish","type":"page","link":"https:\/\/ruuby.ee\/en\/kohaletoimetamine-ja-tagastamine\/","title":{"rendered":"Kohaletoimetamine ja tagastamine"},"content":{"rendered":"<p>Laos olevate toodete tarne on 1-3 t\u00f6\u00f6p\u00e4eva.<\/p>\n\n\n\n<p>Kui olete valinud, et tulete tellimusele ise j\u00e4rgi, siis peale meie poolset tellimuse t\u00e4itmist tuleb teile meilile kinnitus, et teie tellimuse k\u00e4itlemisega on l\u00f5pule j\u00f5utud. See t\u00e4hendab \u00fchtlasti, et saate oma kaubale soovitud asukohta j\u00e4rgi tulla.<\/p>\n\n\n\n<p>Palume arvestada, et kampaaniate ajal v\u00f5ib tarneaeg pikeneda.<\/p>\n\n\n\n<p>Kui teie tehtud tellimus on j\u00e4reltellimusega, siis saadame sulle eeldatava tarneaja meilile.<\/p>\n\n\n\n<p>\u00dcMBERVAHETAMINE JA TAGASTAMINE Toodete tagastamiseks\/vahetamiseks tuleb M\u00fc\u00fcjale esitada taganemisavaldus 14 p\u00e4eva jooksul alates kauba k\u00e4ttesaamisest. Taganemisavaldust v\u00f5i toote \u00fcmbervahetamise sooviga saab esitada j\u00e4rgnevalt:<\/p>\n\n\n\n<p>\u00b7 Saates vabas vormis e-kirja aadressile <strong><a href=\"mailto:info@ruuby.ee\">info@ruuby.ee<\/a><\/strong>. Lisa kirjale juurde tagastamise\/vahetamise p\u00f5hjus.<\/p>\n\n\n\n<p>Palun j\u00e4tke paki tagastamisel alles ka oma kontaktinfo, et teaksime,kelle poolt on tagastus tehtud.<\/p>\n\n\n\n<p>Tooted peavad olema originaalpakendis ja tootesiltidega ning ei tohi olla kahjustada saanud. Tagastamiseks k\u00e4itu nii:<\/p>\n\n\n\n<p>Kliendi jaoks on esimene tagastus\/vahetus tasuta, st et tagasi saadetud kaup vahetatakse \u00fcmber ning uus toode saadetakse v\u00e4lja meie oma kuludega. Kui peale esimest vahetust on soov taas toode v\u00e4lja vahetada, siis klient tasub uue tarnekulu.<\/p>\n\n\n\n<p><\/p>\n\n\n\n<p><\/p>\n\n\n\n<p><strong>1. OMNIVA tagastamine<\/strong><\/p>\n\n\n\n<p>Peale paki k\u00e4ttesaamist automaadist tuleb teile meili peale kinnitus ja lisaks ka info uksekoodiga, millega saate paki meile tagastada.<\/p>\n\n\n\n<p><\/p>\n\n\n\n<p><\/p>\n\n\n\n<p><strong>2. SmartPosti tagastamine<\/strong><\/p>\n\n\n\n<p>Kui pakk saabus sinisesse pakiautomaati, saab paki tagastada sama uksekoodiga, millega pakk k\u00e4tte saadi, mis iganes Smartposti sinisest pakiautomaadist \u00fcle Eesti.<\/p>\n\n\n\n<p>Sinisesse pakiautomaati saabunud pakki saab tagastada ka valgest pakiautomaadist vormistades tagastuse my.smartpost.ee iseteeninduskeskkonnas saadetise numbri (triipkoodi) alusel.<\/p>\n\n\n\n<p>Kui pakk saabus Smartposti valgesse pakiautomaati v\u00f5i pakipunkti, siis saab tagastuse vormistada vaid my.smartpost.ee iseteeninduskeskkonnas saadetise numbri (triipkoodi) alusel, valida saab tagastamise nii valgest kui sinisest pakiautomaadist. Vormistamise tulemusena saab klient uksekoodi tagastatava kauba sisestamiseks soovitud pakiautomaati.<\/p>\n\n\n\n<p>Pakile j\u00e4tke peale algne pakikaart. Kui see pole v\u00f5imalik, siis v\u00f5iks pakile kirjutada saatja ja saaja andmed ning pakinumbri.<\/p>\n\n\n\n<p><\/p>\n\n\n\n<p><\/p>\n\n\n\n<p><strong>3. DPD tagastamine<\/strong><\/p>\n\n\n\n<p>Peale paki k\u00e4ttesaamist automaadist tuleb teile meili peale kinnitus ja lisaks ka info uksekoodiga, millega saate paki meile tagastada.<\/p>\n\n\n\n<p>K\u00f5ik tagasimaksed tehakse pangakontole, millelt algselt tellimuse eest tasuti. Arvestage v\u00e4hemalt 10-14 t\u00f6\u00f6p\u00e4evaga, et tooted j\u00f5uaksid tagasi meie k\u00e4tte ja saaksid kontrollitud.<\/p>\n\n\n\n<p>K\u00fcsimuste korral kirjuta meile: <strong><a href=\"mailto:info@ruuby.ee\">info@ruuby.ee<\/a><\/strong><\/p>","protected":false},"excerpt":{"rendered":"<p>Laos olevate toodete tarne on 1-3 t\u00f6\u00f6p\u00e4eva. Kui olete valinud, et tulete tellimusele ise j\u00e4rgi, siis peale meie poolset tellimuse t\u00e4itmist tuleb teile meilile kinnitus, et teie tellimuse k\u00e4itlemisega on l\u00f5pule j\u00f5utud. See t\u00e4hendab \u00fchtlasti, et saate oma kaubale soovitud asukohta j\u00e4rgi tulla. Palume arvestada, et kampaaniate ajal v\u00f5ib tarneaeg pikeneda. Kui teie tehtud tellimus [&hellip;]<\/p>\n","protected":false},"author":2,"featured_media":0,"parent":0,"menu_order":0,"comment_status":"closed","ping_status":"closed","template":"","meta":{"footnotes":""},"class_list":["post-1859041","page","type-page","status-publish","hentry"],"yoast_head":"<!-- This site is optimized with the Yoast SEO plugin v27.3 - https:\/\/yoast.com\/product\/yoast-seo-wordpress\/ -->\n<title>Kohaletoimetamine ja tagastamine - RUUBY<\/title>\n<meta name=\"robots\" content=\"index, follow, max-snippet:-1, max-image-preview:large, max-video-preview:-1\" \/>\n<link rel=\"canonical\" href=\"https:\/\/ruuby.ee\/en\/kohaletoimetamine-ja-tagastamine\/\" \/>\n<meta property=\"og:locale\" content=\"en_GB\" \/>\n<meta property=\"og:type\" content=\"article\" \/>\n<meta property=\"og:title\" content=\"Kohaletoimetamine ja tagastamine - RUUBY\" \/>\n<meta property=\"og:description\" content=\"Laos olevate toodete tarne on 1-3 t\u00f6\u00f6p\u00e4eva. Kui olete valinud, et tulete tellimusele ise j\u00e4rgi, siis peale meie poolset tellimuse t\u00e4itmist tuleb teile meilile kinnitus, et teie tellimuse k\u00e4itlemisega on l\u00f5pule j\u00f5utud. See t\u00e4hendab \u00fchtlasti, et saate oma kaubale soovitud asukohta j\u00e4rgi tulla. Palume arvestada, et kampaaniate ajal v\u00f5ib tarneaeg pikeneda. Kui teie tehtud tellimus [&hellip;]\" \/>\n<meta property=\"og:url\" content=\"https:\/\/ruuby.ee\/en\/kohaletoimetamine-ja-tagastamine\/\" \/>\n<meta property=\"og:site_name\" content=\"RUUBY\" \/>\n<meta property=\"article:publisher\" content=\"https:\/\/www.facebook.com\/ruubyconcept\" \/>\n<meta property=\"article:modified_time\" content=\"2026-02-25T14:33:01+00:00\" \/>\n<meta property=\"og:image\" content=\"https:\/\/ruuby.ee\/wp-content\/uploads\/2023\/06\/cropped-Black-White-Elegant-Circle-Signature-Fashion-Logo-12_large.png\" \/>\n\t<meta property=\"og:image:width\" content=\"1280\" \/>\n\t<meta property=\"og:image:height\" content=\"747\" \/>\n\t<meta property=\"og:image:type\" content=\"image\/png\" \/>\n<meta name=\"twitter:card\" content=\"summary_large_image\" \/>\n<meta name=\"twitter:label1\" content=\"Estimated reading time\" \/>\n\t<meta name=\"twitter:data1\" content=\"2 minutes\" \/>\n<script type=\"application\/ld+json\" class=\"yoast-schema-graph\">{\"@context\":\"https:\\\/\\\/schema.org\",\"@graph\":[{\"@type\":\"WebPage\",\"@id\":\"https:\\\/\\\/ruuby.ee\\\/kohaletoimetamine-ja-tagastamine\\\/\",\"url\":\"https:\\\/\\\/ruuby.ee\\\/kohaletoimetamine-ja-tagastamine\\\/\",\"name\":\"Kohaletoimetamine ja tagastamine - RUUBY\",\"isPartOf\":{\"@id\":\"https:\\\/\\\/ruuby.ee\\\/en\\\/#website\"},\"datePublished\":\"2026-02-25T14:31:11+00:00\",\"dateModified\":\"2026-02-25T14:33:01+00:00\",\"breadcrumb\":{\"@id\":\"https:\\\/\\\/ruuby.ee\\\/kohaletoimetamine-ja-tagastamine\\\/#breadcrumb\"},\"inLanguage\":\"en-GB\",\"potentialAction\":[{\"@type\":\"ReadAction\",\"target\":[\"https:\\\/\\\/ruuby.ee\\\/kohaletoimetamine-ja-tagastamine\\\/\"]}]},{\"@type\":\"BreadcrumbList\",\"@id\":\"https:\\\/\\\/ruuby.ee\\\/kohaletoimetamine-ja-tagastamine\\\/#breadcrumb\",\"itemListElement\":[{\"@type\":\"ListItem\",\"position\":1,\"name\":\"Kdu\",\"item\":\"https:\\\/\\\/ruuby.ee\\\/\"},{\"@type\":\"ListItem\",\"position\":2,\"name\":\"Kohaletoimetamine ja tagastamine\"}]},{\"@type\":\"WebSite\",\"@id\":\"https:\\\/\\\/ruuby.ee\\\/en\\\/#website\",\"url\":\"https:\\\/\\\/ruuby.ee\\\/en\\\/\",\"name\":\"RUUBY\",\"description\":\"Ruubys on \u00fchendatud elustiil ja disain\",\"publisher\":{\"@id\":\"https:\\\/\\\/ruuby.ee\\\/en\\\/#organization\"},\"alternateName\":\"Ruuby Disain\",\"potentialAction\":[{\"@type\":\"SearchAction\",\"target\":{\"@type\":\"EntryPoint\",\"urlTemplate\":\"https:\\\/\\\/ruuby.ee\\\/en\\\/?s={search_term_string}\"},\"query-input\":{\"@type\":\"PropertyValueSpecification\",\"valueRequired\":true,\"valueName\":\"search_term_string\"}}],\"inLanguage\":\"en-GB\"},{\"@type\":\"Organization\",\"@id\":\"https:\\\/\\\/ruuby.ee\\\/en\\\/#organization\",\"name\":\"Ruuby Disain O\u00dc\",\"alternateName\":\"Ruuby\",\"url\":\"https:\\\/\\\/ruuby.ee\\\/en\\\/\",\"logo\":{\"@type\":\"ImageObject\",\"inLanguage\":\"en-GB\",\"@id\":\"https:\\\/\\\/ruuby.ee\\\/en\\\/#\\\/schema\\\/logo\\\/image\\\/\",\"url\":\"https:\\\/\\\/ruuby.ee\\\/wp-content\\\/uploads\\\/2023\\\/06\\\/cropped-Black-White-Elegant-Circle-Signature-Fashion-Logo-12_large.png\",\"contentUrl\":\"https:\\\/\\\/ruuby.ee\\\/wp-content\\\/uploads\\\/2023\\\/06\\\/cropped-Black-White-Elegant-Circle-Signature-Fashion-Logo-12_large.png\",\"width\":1280,\"height\":747,\"caption\":\"Ruuby Disain O\u00dc\"},\"image\":{\"@id\":\"https:\\\/\\\/ruuby.ee\\\/en\\\/#\\\/schema\\\/logo\\\/image\\\/\"},\"sameAs\":[\"https:\\\/\\\/www.facebook.com\\\/ruubyconcept\",\"https:\\\/\\\/www.instagram.com\\\/ruuby_concept\\\/\"]}]}<\/script>\n<!-- \/ Yoast SEO plugin. -->","yoast_head_json":{"title":"Kohaletoimetamine ja tagastamine - RUUBY","robots":{"index":"index","follow":"follow","max-snippet":"max-snippet:-1","max-image-preview":"max-image-preview:large","max-video-preview":"max-video-preview:-1"},"canonical":"https:\/\/ruuby.ee\/en\/kohaletoimetamine-ja-tagastamine\/","og_locale":"en_GB","og_type":"article","og_title":"Kohaletoimetamine ja tagastamine - RUUBY","og_description":"Laos olevate toodete tarne on 1-3 t\u00f6\u00f6p\u00e4eva. Kui olete valinud, et tulete tellimusele ise j\u00e4rgi, siis peale meie poolset tellimuse t\u00e4itmist tuleb teile meilile kinnitus, et teie tellimuse k\u00e4itlemisega on l\u00f5pule j\u00f5utud. See t\u00e4hendab \u00fchtlasti, et saate oma kaubale soovitud asukohta j\u00e4rgi tulla. Palume arvestada, et kampaaniate ajal v\u00f5ib tarneaeg pikeneda. Kui teie tehtud tellimus [&hellip;]","og_url":"https:\/\/ruuby.ee\/en\/kohaletoimetamine-ja-tagastamine\/","og_site_name":"RUUBY","article_publisher":"https:\/\/www.facebook.com\/ruubyconcept","article_modified_time":"2026-02-25T14:33:01+00:00","og_image":[{"width":1280,"height":747,"url":"https:\/\/ruuby.ee\/wp-content\/uploads\/2023\/06\/cropped-Black-White-Elegant-Circle-Signature-Fashion-Logo-12_large.png","type":"image\/png"}],"twitter_card":"summary_large_image","twitter_misc":{"Estimated reading time":"2 minutes"},"schema":{"@context":"https:\/\/schema.org","@graph":[{"@type":"WebPage","@id":"https:\/\/ruuby.ee\/kohaletoimetamine-ja-tagastamine\/","url":"https:\/\/ruuby.ee\/kohaletoimetamine-ja-tagastamine\/","name":"Kohaletoimetamine ja tagastamine - RUUBY","isPartOf":{"@id":"https:\/\/ruuby.ee\/en\/#website"},"datePublished":"2026-02-25T14:31:11+00:00","dateModified":"2026-02-25T14:33:01+00:00","breadcrumb":{"@id":"https:\/\/ruuby.ee\/kohaletoimetamine-ja-tagastamine\/#breadcrumb"},"inLanguage":"en-GB","potentialAction":[{"@type":"ReadAction","target":["https:\/\/ruuby.ee\/kohaletoimetamine-ja-tagastamine\/"]}]},{"@type":"BreadcrumbList","@id":"https:\/\/ruuby.ee\/kohaletoimetamine-ja-tagastamine\/#breadcrumb","itemListElement":[{"@type":"ListItem","position":1,"name":"Kdu","item":"https:\/\/ruuby.ee\/"},{"@type":"ListItem","position":2,"name":"Kohaletoimetamine ja tagastamine"}]},{"@type":"WebSite","@id":"https:\/\/ruuby.ee\/en\/#website","url":"https:\/\/ruuby.ee\/en\/","name":"RUUBY","description":"Ruubys on \u00fchendatud elustiil ja disain","publisher":{"@id":"https:\/\/ruuby.ee\/en\/#organization"},"alternateName":"Ruuby Disain","potentialAction":[{"@type":"SearchAction","target":{"@type":"EntryPoint","urlTemplate":"https:\/\/ruuby.ee\/en\/?s={search_term_string}"},"query-input":{"@type":"PropertyValueSpecification","valueRequired":true,"valueName":"search_term_string"}}],"inLanguage":"en-GB"},{"@type":"Organization","@id":"https:\/\/ruuby.ee\/en\/#organization","name":"Ruuby Disain O\u00dc","alternateName":"Ruuby","url":"https:\/\/ruuby.ee\/en\/","logo":{"@type":"ImageObject","inLanguage":"en-GB","@id":"https:\/\/ruuby.ee\/en\/#\/schema\/logo\/image\/","url":"https:\/\/ruuby.ee\/wp-content\/uploads\/2023\/06\/cropped-Black-White-Elegant-Circle-Signature-Fashion-Logo-12_large.png","contentUrl":"https:\/\/ruuby.ee\/wp-content\/uploads\/2023\/06\/cropped-Black-White-Elegant-Circle-Signature-Fashion-Logo-12_large.png","width":1280,"height":747,"caption":"Ruuby Disain O\u00dc"},"image":{"@id":"https:\/\/ruuby.ee\/en\/#\/schema\/logo\/image\/"},"sameAs":["https:\/\/www.facebook.com\/ruubyconcept","https:\/\/www.instagram.com\/ruuby_concept\/"]}]}},"jetpack_sharing_enabled":true,"_links":{"self":[{"href":"https:\/\/ruuby.ee\/en\/wp-json\/wp\/v2\/pages\/1859041","targetHints":{"allow":["GET"]}}],"collection":[{"href":"https:\/\/ruuby.ee\/en\/wp-json\/wp\/v2\/pages"}],"about":[{"href":"https:\/\/ruuby.ee\/en\/wp-json\/wp\/v2\/types\/page"}],"author":[{"embeddable":true,"href":"https:\/\/ruuby.ee\/en\/wp-json\/wp\/v2\/users\/2"}],"replies":[{"embeddable":true,"href":"https:\/\/ruuby.ee\/en\/wp-json\/wp\/v2\/comments?post=1859041"}],"version-history":[{"count":5,"href":"https:\/\/ruuby.ee\/en\/wp-json\/wp\/v2\/pages\/1859041\/revisions"}],"predecessor-version":[{"id":1859047,"href":"https:\/\/ruuby.ee\/en\/wp-json\/wp\/v2\/pages\/1859041\/revisions\/1859047"}],"wp:attachment":[{"href":"https:\/\/ruuby.ee\/en\/wp-json\/wp\/v2\/media?parent=1859041"}],"curies":[{"name":"wp","href":"https:\/\/api.w.org\/{rel}","templated":true}]}}