{"id":1859916,"date":"2026-05-06T09:27:01","date_gmt":"2026-05-06T06:27:01","guid":{"rendered":"https:\/\/ruuby.ee\/?post_type=product&#038;p=1859916"},"modified":"2026-05-06T09:27:41","modified_gmt":"2026-05-06T06:27:41","slug":"sticky-lemon-kaekell-mini-kyomo","status":"publish","type":"product","link":"http:\/\/ruuby.ee\/en\/pood\/aksessuaarid\/ehted-aksessuaarid\/kaekell\/sticky-lemon-kaekell-mini-kyomo\/","title":{"rendered":"Sticky Lemon k\u00e4ekell, Mini Kyomo"},"content":{"rendered":"<p>Tutvustame koost\u00f6\u00f6d Mini Kyomoga!<\/p>\n<p>Rihmadel on lillemuster ja kellal ruudumuster. See kell on ideaalne aksessuaar teie pisikesele. Olenemata sellest, kas nad l\u00e4hevad kooli v\u00f5i m\u00e4nguv\u00e4ljakule, hoiab see kell nad \u00f5igel ajal ja stiilselt!<\/p>\n<p>Mini Kyomo kellad pole m\u00f5eldud ainult lastele! Rihmade suurus sobib lastele alates 4. eluaastast ja t\u00e4iskasvanutele (randme \u00fcmberm\u00f5\u00f5t kuni 18 cm).<\/p>\n<p>Mini Kyomo kellad on varustatud sihverplaadiga, mis aitab \u00f5ppida aega lugema, ja erinevat v\u00e4rvi osutitega, mis aitavad pisimat juhendada.<\/p>\n<p>M\u00f5\u00f5dud:<br \/>\n\u2014 kell \u2022 32 x 31 x 5 mm<br \/>\n\u2014 kogupikkus \u2022 23 cm<br \/>\n\u2014 rihm \u2022 laius 18 mm<\/p>\n<p>Materjalid:<br \/>\n\u2014 rihm \u2022 nailonist valmistatud NATO rihm<br \/>\n\u2014 pannal \u2022 tugev teras<br \/>\n\u2014 kott \u2022 puuvill<\/p>","protected":false},"excerpt":{"rendered":"<p>K\u00f5ige erilisem k\u00e4ekell ootab sind siin! Suurep\u00e4rane kingitus, kui otsid seda miskit!<\/p>\n<p>Eeltellimine 06-10.05<\/p>\n<p>Tarne 14-16.05<\/p>","protected":false},"featured_media":1859928,"comment_status":"closed","ping_status":"closed","template":"","meta":[],"product_brand":[],"product_cat":[43,1248,637,982,657,22,433,682],"product_tag":[1249,70,438],"class_list":{"0":"post-1859916","1":"product","2":"type-product","3":"status-publish","4":"has-post-thumbnail","6":"product_cat-aksessuaarid","7":"product_cat-kaekell","8":"product_cat-kaevorud","9":"product_cat-kellad","10":"product_cat-kinkekomplektid","11":"product_cat-lapsed","12":"product_cat-ehted","13":"product_cat-manguaeg","14":"product_tag-kaekell","15":"product_tag-lapsed","16":"product_tag-sticky-lemon","18":"first","19":"onbackorder","20":"sale","21":"taxable","22":"shipping-taxable","23":"purchasable","24":"product-type-variable","25":"rtwpvs-product"},"yoast_head":"<!-- This site is optimized with the Yoast SEO plugin v27.5 - https:\/\/yoast.com\/product\/yoast-seo-wordpress\/ -->\n<title>Sticky Lemon k\u00e4ekell, Mini Kyomo - RUUBY<\/title>\n<meta name=\"robots\" content=\"index, follow, max-snippet:-1, max-image-preview:large, max-video-preview:-1\" \/>\n<link rel=\"canonical\" href=\"https:\/\/ruuby.ee\/en\/pood\/aksessuaarid\/ehted-aksessuaarid\/kaekell\/sticky-lemon-kaekell-mini-kyomo\/\" \/>\n<meta property=\"og:locale\" content=\"en_GB\" \/>\n<meta property=\"og:type\" content=\"article\" \/>\n<meta property=\"og:title\" content=\"Sticky Lemon k\u00e4ekell, Mini Kyomo - RUUBY\" \/>\n<meta property=\"og:description\" content=\"K\u00f5ige erilisem k\u00e4ekell ootab sind siin! Suurep\u00e4rane kingitus, kui otsid seda miskit!  Eeltellimine 06-10.05  Tarne 14-16.05\" \/>\n<meta property=\"og:url\" content=\"https:\/\/ruuby.ee\/en\/pood\/aksessuaarid\/ehted-aksessuaarid\/kaekell\/sticky-lemon-kaekell-mini-kyomo\/\" \/>\n<meta property=\"og:site_name\" content=\"RUUBY\" \/>\n<meta property=\"article:publisher\" content=\"https:\/\/www.facebook.com\/ruubyconcept\" \/>\n<meta property=\"article:modified_time\" content=\"2026-05-06T06:27:41+00:00\" \/>\n<meta property=\"og:image\" content=\"http:\/\/ruuby.ee\/wp-content\/uploads\/2026\/05\/IMG_7628.jpeg\" \/>\n\t<meta property=\"og:image:width\" content=\"480\" \/>\n\t<meta property=\"og:image:height\" content=\"480\" \/>\n\t<meta property=\"og:image:type\" content=\"image\/jpeg\" \/>\n<meta name=\"twitter:card\" content=\"summary_large_image\" \/>\n<meta name=\"twitter:label1\" content=\"Estimated reading time\" \/>\n\t<meta name=\"twitter:data1\" content=\"1 minute\" \/>\n<script type=\"application\/ld+json\" class=\"yoast-schema-graph\">{\"@context\":\"https:\\\/\\\/schema.org\",\"@graph\":[{\"@type\":[\"WebPage\",\"ItemPage\"],\"@id\":\"https:\\\/\\\/ruuby.ee\\\/pood\\\/aksessuaarid\\\/ehted-aksessuaarid\\\/kaekell\\\/sticky-lemon-kaekell-mini-kyomo\\\/\",\"url\":\"https:\\\/\\\/ruuby.ee\\\/pood\\\/aksessuaarid\\\/ehted-aksessuaarid\\\/kaekell\\\/sticky-lemon-kaekell-mini-kyomo\\\/\",\"name\":\"Sticky Lemon k\u00e4ekell, Mini Kyomo - RUUBY\",\"isPartOf\":{\"@id\":\"https:\\\/\\\/ruuby.ee\\\/#website\"},\"primaryImageOfPage\":{\"@id\":\"https:\\\/\\\/ruuby.ee\\\/pood\\\/aksessuaarid\\\/ehted-aksessuaarid\\\/kaekell\\\/sticky-lemon-kaekell-mini-kyomo\\\/#primaryimage\"},\"image\":{\"@id\":\"https:\\\/\\\/ruuby.ee\\\/pood\\\/aksessuaarid\\\/ehted-aksessuaarid\\\/kaekell\\\/sticky-lemon-kaekell-mini-kyomo\\\/#primaryimage\"},\"thumbnailUrl\":\"http:\\\/\\\/ruuby.ee\\\/wp-content\\\/uploads\\\/2026\\\/05\\\/IMG_7628.jpeg\",\"datePublished\":\"2026-05-06T06:27:01+00:00\",\"dateModified\":\"2026-05-06T06:27:41+00:00\",\"breadcrumb\":{\"@id\":\"https:\\\/\\\/ruuby.ee\\\/pood\\\/aksessuaarid\\\/ehted-aksessuaarid\\\/kaekell\\\/sticky-lemon-kaekell-mini-kyomo\\\/#breadcrumb\"},\"inLanguage\":\"en-GB\",\"potentialAction\":[{\"@type\":\"ReadAction\",\"target\":[\"https:\\\/\\\/ruuby.ee\\\/pood\\\/aksessuaarid\\\/ehted-aksessuaarid\\\/kaekell\\\/sticky-lemon-kaekell-mini-kyomo\\\/\"]}]},{\"@type\":\"ImageObject\",\"inLanguage\":\"en-GB\",\"@id\":\"https:\\\/\\\/ruuby.ee\\\/pood\\\/aksessuaarid\\\/ehted-aksessuaarid\\\/kaekell\\\/sticky-lemon-kaekell-mini-kyomo\\\/#primaryimage\",\"url\":\"http:\\\/\\\/ruuby.ee\\\/wp-content\\\/uploads\\\/2026\\\/05\\\/IMG_7628.jpeg\",\"contentUrl\":\"http:\\\/\\\/ruuby.ee\\\/wp-content\\\/uploads\\\/2026\\\/05\\\/IMG_7628.jpeg\",\"width\":480,\"height\":480},{\"@type\":\"BreadcrumbList\",\"@id\":\"https:\\\/\\\/ruuby.ee\\\/pood\\\/aksessuaarid\\\/ehted-aksessuaarid\\\/kaekell\\\/sticky-lemon-kaekell-mini-kyomo\\\/#breadcrumb\",\"itemListElement\":[{\"@type\":\"ListItem\",\"position\":1,\"name\":\"Kdu\",\"item\":\"https:\\\/\\\/ruuby.ee\\\/\"},{\"@type\":\"ListItem\",\"position\":2,\"name\":\"Pood\",\"item\":\"http:\\\/\\\/ruuby.ee\\\/en\\\/pood\\\/\"},{\"@type\":\"ListItem\",\"position\":3,\"name\":\"Sticky Lemon k\u00e4ekell, Mini Kyomo\"}]},{\"@type\":\"WebSite\",\"@id\":\"https:\\\/\\\/ruuby.ee\\\/#website\",\"url\":\"https:\\\/\\\/ruuby.ee\\\/\",\"name\":\"RUUBY\",\"description\":\"Ruubys on \u00fchendatud elustiil ja disain\",\"publisher\":{\"@id\":\"https:\\\/\\\/ruuby.ee\\\/#organization\"},\"alternateName\":\"Ruuby Disain\",\"potentialAction\":[{\"@type\":\"SearchAction\",\"target\":{\"@type\":\"EntryPoint\",\"urlTemplate\":\"https:\\\/\\\/ruuby.ee\\\/?s={search_term_string}\"},\"query-input\":{\"@type\":\"PropertyValueSpecification\",\"valueRequired\":true,\"valueName\":\"search_term_string\"}}],\"inLanguage\":\"en-GB\"},{\"@type\":\"Organization\",\"@id\":\"https:\\\/\\\/ruuby.ee\\\/#organization\",\"name\":\"Ruuby Disain O\u00dc\",\"alternateName\":\"Ruuby\",\"url\":\"https:\\\/\\\/ruuby.ee\\\/\",\"logo\":{\"@type\":\"ImageObject\",\"inLanguage\":\"en-GB\",\"@id\":\"https:\\\/\\\/ruuby.ee\\\/#\\\/schema\\\/logo\\\/image\\\/\",\"url\":\"http:\\\/\\\/ruuby.ee\\\/wp-content\\\/uploads\\\/2023\\\/06\\\/cropped-Black-White-Elegant-Circle-Signature-Fashion-Logo-12_large.png\",\"contentUrl\":\"http:\\\/\\\/ruuby.ee\\\/wp-content\\\/uploads\\\/2023\\\/06\\\/cropped-Black-White-Elegant-Circle-Signature-Fashion-Logo-12_large.png\",\"width\":1280,\"height\":747,\"caption\":\"Ruuby Disain O\u00dc\"},\"image\":{\"@id\":\"https:\\\/\\\/ruuby.ee\\\/#\\\/schema\\\/logo\\\/image\\\/\"},\"sameAs\":[\"https:\\\/\\\/www.facebook.com\\\/ruubyconcept\",\"https:\\\/\\\/www.instagram.com\\\/ruuby_concept\\\/\"]}]}<\/script>\n<!-- \/ Yoast SEO plugin. -->","yoast_head_json":{"title":"Sticky Lemon k\u00e4ekell, Mini Kyomo - RUUBY","robots":{"index":"index","follow":"follow","max-snippet":"max-snippet:-1","max-image-preview":"max-image-preview:large","max-video-preview":"max-video-preview:-1"},"canonical":"https:\/\/ruuby.ee\/en\/pood\/aksessuaarid\/ehted-aksessuaarid\/kaekell\/sticky-lemon-kaekell-mini-kyomo\/","og_locale":"en_GB","og_type":"article","og_title":"Sticky Lemon k\u00e4ekell, Mini Kyomo - RUUBY","og_description":"K\u00f5ige erilisem k\u00e4ekell ootab sind siin! Suurep\u00e4rane kingitus, kui otsid seda miskit!  Eeltellimine 06-10.05  Tarne 14-16.05","og_url":"https:\/\/ruuby.ee\/en\/pood\/aksessuaarid\/ehted-aksessuaarid\/kaekell\/sticky-lemon-kaekell-mini-kyomo\/","og_site_name":"RUUBY","article_publisher":"https:\/\/www.facebook.com\/ruubyconcept","article_modified_time":"2026-05-06T06:27:41+00:00","og_image":[{"width":480,"height":480,"url":"http:\/\/ruuby.ee\/wp-content\/uploads\/2026\/05\/IMG_7628.jpeg","type":"image\/jpeg"}],"twitter_card":"summary_large_image","twitter_misc":{"Estimated reading time":"1 minute"},"schema":{"@context":"https:\/\/schema.org","@graph":[{"@type":["WebPage","ItemPage"],"@id":"https:\/\/ruuby.ee\/pood\/aksessuaarid\/ehted-aksessuaarid\/kaekell\/sticky-lemon-kaekell-mini-kyomo\/","url":"https:\/\/ruuby.ee\/pood\/aksessuaarid\/ehted-aksessuaarid\/kaekell\/sticky-lemon-kaekell-mini-kyomo\/","name":"Sticky Lemon k\u00e4ekell, Mini Kyomo - RUUBY","isPartOf":{"@id":"https:\/\/ruuby.ee\/#website"},"primaryImageOfPage":{"@id":"https:\/\/ruuby.ee\/pood\/aksessuaarid\/ehted-aksessuaarid\/kaekell\/sticky-lemon-kaekell-mini-kyomo\/#primaryimage"},"image":{"@id":"https:\/\/ruuby.ee\/pood\/aksessuaarid\/ehted-aksessuaarid\/kaekell\/sticky-lemon-kaekell-mini-kyomo\/#primaryimage"},"thumbnailUrl":"http:\/\/ruuby.ee\/wp-content\/uploads\/2026\/05\/IMG_7628.jpeg","datePublished":"2026-05-06T06:27:01+00:00","dateModified":"2026-05-06T06:27:41+00:00","breadcrumb":{"@id":"https:\/\/ruuby.ee\/pood\/aksessuaarid\/ehted-aksessuaarid\/kaekell\/sticky-lemon-kaekell-mini-kyomo\/#breadcrumb"},"inLanguage":"en-GB","potentialAction":[{"@type":"ReadAction","target":["https:\/\/ruuby.ee\/pood\/aksessuaarid\/ehted-aksessuaarid\/kaekell\/sticky-lemon-kaekell-mini-kyomo\/"]}]},{"@type":"ImageObject","inLanguage":"en-GB","@id":"https:\/\/ruuby.ee\/pood\/aksessuaarid\/ehted-aksessuaarid\/kaekell\/sticky-lemon-kaekell-mini-kyomo\/#primaryimage","url":"http:\/\/ruuby.ee\/wp-content\/uploads\/2026\/05\/IMG_7628.jpeg","contentUrl":"http:\/\/ruuby.ee\/wp-content\/uploads\/2026\/05\/IMG_7628.jpeg","width":480,"height":480},{"@type":"BreadcrumbList","@id":"https:\/\/ruuby.ee\/pood\/aksessuaarid\/ehted-aksessuaarid\/kaekell\/sticky-lemon-kaekell-mini-kyomo\/#breadcrumb","itemListElement":[{"@type":"ListItem","position":1,"name":"Kdu","item":"https:\/\/ruuby.ee\/"},{"@type":"ListItem","position":2,"name":"Pood","item":"http:\/\/ruuby.ee\/en\/pood\/"},{"@type":"ListItem","position":3,"name":"Sticky Lemon k\u00e4ekell, Mini Kyomo"}]},{"@type":"WebSite","@id":"https:\/\/ruuby.ee\/#website","url":"https:\/\/ruuby.ee\/","name":"RUUBY","description":"Ruubys on \u00fchendatud elustiil ja disain","publisher":{"@id":"https:\/\/ruuby.ee\/#organization"},"alternateName":"Ruuby Disain","potentialAction":[{"@type":"SearchAction","target":{"@type":"EntryPoint","urlTemplate":"https:\/\/ruuby.ee\/?s={search_term_string}"},"query-input":{"@type":"PropertyValueSpecification","valueRequired":true,"valueName":"search_term_string"}}],"inLanguage":"en-GB"},{"@type":"Organization","@id":"https:\/\/ruuby.ee\/#organization","name":"Ruuby Disain O\u00dc","alternateName":"Ruuby","url":"https:\/\/ruuby.ee\/","logo":{"@type":"ImageObject","inLanguage":"en-GB","@id":"https:\/\/ruuby.ee\/#\/schema\/logo\/image\/","url":"http:\/\/ruuby.ee\/wp-content\/uploads\/2023\/06\/cropped-Black-White-Elegant-Circle-Signature-Fashion-Logo-12_large.png","contentUrl":"http:\/\/ruuby.ee\/wp-content\/uploads\/2023\/06\/cropped-Black-White-Elegant-Circle-Signature-Fashion-Logo-12_large.png","width":1280,"height":747,"caption":"Ruuby Disain O\u00dc"},"image":{"@id":"https:\/\/ruuby.ee\/#\/schema\/logo\/image\/"},"sameAs":["https:\/\/www.facebook.com\/ruubyconcept","https:\/\/www.instagram.com\/ruuby_concept\/"]}]}},"jetpack_sharing_enabled":true,"_links":{"self":[{"href":"http:\/\/ruuby.ee\/en\/wp-json\/wp\/v2\/product\/1859916","targetHints":{"allow":["GET"]}}],"collection":[{"href":"http:\/\/ruuby.ee\/en\/wp-json\/wp\/v2\/product"}],"about":[{"href":"http:\/\/ruuby.ee\/en\/wp-json\/wp\/v2\/types\/product"}],"replies":[{"embeddable":true,"href":"http:\/\/ruuby.ee\/en\/wp-json\/wp\/v2\/comments?post=1859916"}],"wp:featuredmedia":[{"embeddable":true,"href":"http:\/\/ruuby.ee\/en\/wp-json\/wp\/v2\/media\/1859928"}],"wp:attachment":[{"href":"http:\/\/ruuby.ee\/en\/wp-json\/wp\/v2\/media?parent=1859916"}],"wp:term":[{"taxonomy":"product_brand","embeddable":true,"href":"http:\/\/ruuby.ee\/en\/wp-json\/wp\/v2\/product_brand?post=1859916"},{"taxonomy":"product_cat","embeddable":true,"href":"http:\/\/ruuby.ee\/en\/wp-json\/wp\/v2\/product_cat?post=1859916"},{"taxonomy":"product_tag","embeddable":true,"href":"http:\/\/ruuby.ee\/en\/wp-json\/wp\/v2\/product_tag?post=1859916"}],"curies":[{"name":"wp","href":"https:\/\/api.w.org\/{rel}","templated":true}]}}