{"id":1859731,"date":"2026-04-22T13:43:39","date_gmt":"2026-04-22T10:43:39","guid":{"rendered":"https:\/\/ruuby.ee\/?post_type=product&#038;p=1859731"},"modified":"2026-04-22T15:12:14","modified_gmt":"2026-04-22T12:12:14","slug":"kikkerland-kulma-kuuma-kott-monsters","status":"publish","type":"product","link":"http:\/\/ruuby.ee\/en\/pood\/kodusisustus\/esmaabi\/kikkerland-kulma-kuuma-kott-monsters\/","title":{"rendered":"Kikkerland k\u00fclma-kuuma kott, Monsters"},"content":{"rendered":"<p>Korduvkasutatav kuuma\/k\u00fclma helmeste kott reguleeritava elastse ribaga.<\/p>\n<ul>\n<li>K\u00fclm aitab v\u00e4hendada turset, v\u00e4iksemat valu, putukahammustusi ja leevendab palavikku \u2013 aseta lihtsalt 1 tunniks s\u00fcgavk\u00fclma.<\/li>\n<li>Kuumus leevendab lihasvalusid, kasvuvalusid v\u00f5i k\u00f5huh\u00e4dasid \u2013 aseta lihtsalt 7 minutiks kuuma vette.<\/li>\n<\/ul>\n<p><strong>Materjal:<\/strong> PE, lausriie, FSC-paber, prop\u00fcleengl\u00fckool, naatriumkarboks\u00fcmet\u00fc\u00fcltselluloos, vesi (suletud)<\/p>\n<p><strong>M\u00f5\u00f5dud:<\/strong> 1,5 cm X 12,25 cm X 0,75 cm (avatud) 3,25 cm X 12,25 cm X 0,75 cm<\/p>","protected":false},"excerpt":{"rendered":"<p>Igap\u00e4evaste vaevuste jaoks! Korduvkasutatav kuuma\/k\u00fclma helmeste kott reguleeritava elastse ribaga.<\/p>","protected":false},"featured_media":1859732,"comment_status":"closed","ping_status":"closed","template":"","meta":[],"product_brand":[],"product_cat":[1212,22,1237],"product_tag":[1213],"class_list":{"0":"post-1859731","1":"product","2":"type-product","3":"status-publish","4":"has-post-thumbnail","6":"product_cat-esmaabi","7":"product_cat-lapsed","8":"product_cat-laste-esmaabi","9":"product_tag-esmaabi","11":"first","12":"instock","13":"taxable","14":"shipping-taxable","15":"purchasable","16":"product-type-variable","17":"rtwpvs-product"},"yoast_head":"<!-- This site is optimized with the Yoast SEO plugin v27.3 - https:\/\/yoast.com\/product\/yoast-seo-wordpress\/ -->\n<title>Kikkerland k\u00fclma-kuuma kott, Monsters - RUUBY<\/title>\n<meta name=\"robots\" content=\"index, follow, max-snippet:-1, max-image-preview:large, max-video-preview:-1\" \/>\n<link rel=\"canonical\" href=\"https:\/\/ruuby.ee\/en\/pood\/kodusisustus\/esmaabi\/kikkerland-kulma-kuuma-kott-monsters\/\" \/>\n<meta property=\"og:locale\" content=\"en_GB\" \/>\n<meta property=\"og:type\" content=\"article\" \/>\n<meta property=\"og:title\" content=\"Kikkerland k\u00fclma-kuuma kott, Monsters - RUUBY\" \/>\n<meta property=\"og:description\" content=\"Igap\u00e4evaste vaevuste jaoks! Korduvkasutatav kuuma\/k\u00fclma helmeste kott reguleeritava elastse ribaga.\" \/>\n<meta property=\"og:url\" content=\"https:\/\/ruuby.ee\/en\/pood\/kodusisustus\/esmaabi\/kikkerland-kulma-kuuma-kott-monsters\/\" \/>\n<meta property=\"og:site_name\" content=\"RUUBY\" \/>\n<meta property=\"article:publisher\" content=\"https:\/\/www.facebook.com\/ruubyconcept\" \/>\n<meta property=\"article:modified_time\" content=\"2026-04-22T12:12:14+00:00\" \/>\n<meta property=\"og:image\" content=\"https:\/\/ruuby.ee\/wp-content\/uploads\/2026\/04\/KID61-A.jpg\" \/>\n\t<meta property=\"og:image:width\" content=\"750\" \/>\n\t<meta property=\"og:image:height\" content=\"750\" \/>\n\t<meta property=\"og:image:type\" content=\"image\/jpeg\" \/>\n<meta name=\"twitter:card\" content=\"summary_large_image\" \/>\n<meta name=\"twitter:label1\" content=\"Estimated reading time\" \/>\n\t<meta name=\"twitter:data1\" content=\"1 minute\" \/>\n<script type=\"application\/ld+json\" class=\"yoast-schema-graph\">{\"@context\":\"https:\\\/\\\/schema.org\",\"@graph\":[{\"@type\":[\"WebPage\",\"ItemPage\"],\"@id\":\"https:\\\/\\\/ruuby.ee\\\/pood\\\/kodusisustus\\\/esmaabi\\\/kikkerland-kulma-kuuma-kott-monsters\\\/\",\"url\":\"https:\\\/\\\/ruuby.ee\\\/pood\\\/kodusisustus\\\/esmaabi\\\/kikkerland-kulma-kuuma-kott-monsters\\\/\",\"name\":\"Kikkerland k\u00fclma-kuuma kott, Monsters - RUUBY\",\"isPartOf\":{\"@id\":\"http:\\\/\\\/ruuby.ee\\\/#website\"},\"primaryImageOfPage\":{\"@id\":\"https:\\\/\\\/ruuby.ee\\\/pood\\\/kodusisustus\\\/esmaabi\\\/kikkerland-kulma-kuuma-kott-monsters\\\/#primaryimage\"},\"image\":{\"@id\":\"https:\\\/\\\/ruuby.ee\\\/pood\\\/kodusisustus\\\/esmaabi\\\/kikkerland-kulma-kuuma-kott-monsters\\\/#primaryimage\"},\"thumbnailUrl\":\"http:\\\/\\\/ruuby.ee\\\/wp-content\\\/uploads\\\/2026\\\/04\\\/KID61-A.jpg\",\"datePublished\":\"2026-04-22T10:43:39+00:00\",\"dateModified\":\"2026-04-22T12:12:14+00:00\",\"breadcrumb\":{\"@id\":\"https:\\\/\\\/ruuby.ee\\\/pood\\\/kodusisustus\\\/esmaabi\\\/kikkerland-kulma-kuuma-kott-monsters\\\/#breadcrumb\"},\"inLanguage\":\"en-GB\",\"potentialAction\":[{\"@type\":\"ReadAction\",\"target\":[\"https:\\\/\\\/ruuby.ee\\\/pood\\\/kodusisustus\\\/esmaabi\\\/kikkerland-kulma-kuuma-kott-monsters\\\/\"]}]},{\"@type\":\"ImageObject\",\"inLanguage\":\"en-GB\",\"@id\":\"https:\\\/\\\/ruuby.ee\\\/pood\\\/kodusisustus\\\/esmaabi\\\/kikkerland-kulma-kuuma-kott-monsters\\\/#primaryimage\",\"url\":\"http:\\\/\\\/ruuby.ee\\\/wp-content\\\/uploads\\\/2026\\\/04\\\/KID61-A.jpg\",\"contentUrl\":\"http:\\\/\\\/ruuby.ee\\\/wp-content\\\/uploads\\\/2026\\\/04\\\/KID61-A.jpg\",\"width\":750,\"height\":750},{\"@type\":\"BreadcrumbList\",\"@id\":\"https:\\\/\\\/ruuby.ee\\\/pood\\\/kodusisustus\\\/esmaabi\\\/kikkerland-kulma-kuuma-kott-monsters\\\/#breadcrumb\",\"itemListElement\":[{\"@type\":\"ListItem\",\"position\":1,\"name\":\"Kdu\",\"item\":\"http:\\\/\\\/ruuby.ee\\\/\"},{\"@type\":\"ListItem\",\"position\":2,\"name\":\"Pood\",\"item\":\"http:\\\/\\\/ruuby.ee\\\/pood\\\/\"},{\"@type\":\"ListItem\",\"position\":3,\"name\":\"Kikkerland k\u00fclma-kuuma kott, Monsters\"}]},{\"@type\":\"WebSite\",\"@id\":\"http:\\\/\\\/ruuby.ee\\\/#website\",\"url\":\"http:\\\/\\\/ruuby.ee\\\/\",\"name\":\"RUUBY\",\"description\":\"Ruubys on \u00fchendatud elustiil ja disain\",\"publisher\":{\"@id\":\"http:\\\/\\\/ruuby.ee\\\/#organization\"},\"alternateName\":\"Ruuby Disain\",\"potentialAction\":[{\"@type\":\"SearchAction\",\"target\":{\"@type\":\"EntryPoint\",\"urlTemplate\":\"http:\\\/\\\/ruuby.ee\\\/?s={search_term_string}\"},\"query-input\":{\"@type\":\"PropertyValueSpecification\",\"valueRequired\":true,\"valueName\":\"search_term_string\"}}],\"inLanguage\":\"en-GB\"},{\"@type\":\"Organization\",\"@id\":\"http:\\\/\\\/ruuby.ee\\\/#organization\",\"name\":\"Ruuby Disain O\u00dc\",\"alternateName\":\"Ruuby\",\"url\":\"http:\\\/\\\/ruuby.ee\\\/\",\"logo\":{\"@type\":\"ImageObject\",\"inLanguage\":\"en-GB\",\"@id\":\"http:\\\/\\\/ruuby.ee\\\/#\\\/schema\\\/logo\\\/image\\\/\",\"url\":\"http:\\\/\\\/ruuby.ee\\\/wp-content\\\/uploads\\\/2023\\\/06\\\/cropped-Black-White-Elegant-Circle-Signature-Fashion-Logo-12_large.png\",\"contentUrl\":\"http:\\\/\\\/ruuby.ee\\\/wp-content\\\/uploads\\\/2023\\\/06\\\/cropped-Black-White-Elegant-Circle-Signature-Fashion-Logo-12_large.png\",\"width\":1280,\"height\":747,\"caption\":\"Ruuby Disain O\u00dc\"},\"image\":{\"@id\":\"http:\\\/\\\/ruuby.ee\\\/#\\\/schema\\\/logo\\\/image\\\/\"},\"sameAs\":[\"https:\\\/\\\/www.facebook.com\\\/ruubyconcept\",\"https:\\\/\\\/www.instagram.com\\\/ruuby_concept\\\/\"]}]}<\/script>\n<!-- \/ Yoast SEO plugin. -->","yoast_head_json":{"title":"Kikkerland k\u00fclma-kuuma kott, Monsters - RUUBY","robots":{"index":"index","follow":"follow","max-snippet":"max-snippet:-1","max-image-preview":"max-image-preview:large","max-video-preview":"max-video-preview:-1"},"canonical":"https:\/\/ruuby.ee\/en\/pood\/kodusisustus\/esmaabi\/kikkerland-kulma-kuuma-kott-monsters\/","og_locale":"en_GB","og_type":"article","og_title":"Kikkerland k\u00fclma-kuuma kott, Monsters - RUUBY","og_description":"Igap\u00e4evaste vaevuste jaoks! Korduvkasutatav kuuma\/k\u00fclma helmeste kott reguleeritava elastse ribaga.","og_url":"https:\/\/ruuby.ee\/en\/pood\/kodusisustus\/esmaabi\/kikkerland-kulma-kuuma-kott-monsters\/","og_site_name":"RUUBY","article_publisher":"https:\/\/www.facebook.com\/ruubyconcept","article_modified_time":"2026-04-22T12:12:14+00:00","og_image":[{"width":750,"height":750,"url":"https:\/\/ruuby.ee\/wp-content\/uploads\/2026\/04\/KID61-A.jpg","type":"image\/jpeg"}],"twitter_card":"summary_large_image","twitter_misc":{"Estimated reading time":"1 minute"},"schema":{"@context":"https:\/\/schema.org","@graph":[{"@type":["WebPage","ItemPage"],"@id":"https:\/\/ruuby.ee\/pood\/kodusisustus\/esmaabi\/kikkerland-kulma-kuuma-kott-monsters\/","url":"https:\/\/ruuby.ee\/pood\/kodusisustus\/esmaabi\/kikkerland-kulma-kuuma-kott-monsters\/","name":"Kikkerland k\u00fclma-kuuma kott, Monsters - RUUBY","isPartOf":{"@id":"http:\/\/ruuby.ee\/#website"},"primaryImageOfPage":{"@id":"https:\/\/ruuby.ee\/pood\/kodusisustus\/esmaabi\/kikkerland-kulma-kuuma-kott-monsters\/#primaryimage"},"image":{"@id":"https:\/\/ruuby.ee\/pood\/kodusisustus\/esmaabi\/kikkerland-kulma-kuuma-kott-monsters\/#primaryimage"},"thumbnailUrl":"http:\/\/ruuby.ee\/wp-content\/uploads\/2026\/04\/KID61-A.jpg","datePublished":"2026-04-22T10:43:39+00:00","dateModified":"2026-04-22T12:12:14+00:00","breadcrumb":{"@id":"https:\/\/ruuby.ee\/pood\/kodusisustus\/esmaabi\/kikkerland-kulma-kuuma-kott-monsters\/#breadcrumb"},"inLanguage":"en-GB","potentialAction":[{"@type":"ReadAction","target":["https:\/\/ruuby.ee\/pood\/kodusisustus\/esmaabi\/kikkerland-kulma-kuuma-kott-monsters\/"]}]},{"@type":"ImageObject","inLanguage":"en-GB","@id":"https:\/\/ruuby.ee\/pood\/kodusisustus\/esmaabi\/kikkerland-kulma-kuuma-kott-monsters\/#primaryimage","url":"http:\/\/ruuby.ee\/wp-content\/uploads\/2026\/04\/KID61-A.jpg","contentUrl":"http:\/\/ruuby.ee\/wp-content\/uploads\/2026\/04\/KID61-A.jpg","width":750,"height":750},{"@type":"BreadcrumbList","@id":"https:\/\/ruuby.ee\/pood\/kodusisustus\/esmaabi\/kikkerland-kulma-kuuma-kott-monsters\/#breadcrumb","itemListElement":[{"@type":"ListItem","position":1,"name":"Kdu","item":"http:\/\/ruuby.ee\/"},{"@type":"ListItem","position":2,"name":"Pood","item":"http:\/\/ruuby.ee\/pood\/"},{"@type":"ListItem","position":3,"name":"Kikkerland k\u00fclma-kuuma kott, Monsters"}]},{"@type":"WebSite","@id":"http:\/\/ruuby.ee\/#website","url":"http:\/\/ruuby.ee\/","name":"RUUBY","description":"Ruubys on \u00fchendatud elustiil ja disain","publisher":{"@id":"http:\/\/ruuby.ee\/#organization"},"alternateName":"Ruuby Disain","potentialAction":[{"@type":"SearchAction","target":{"@type":"EntryPoint","urlTemplate":"http:\/\/ruuby.ee\/?s={search_term_string}"},"query-input":{"@type":"PropertyValueSpecification","valueRequired":true,"valueName":"search_term_string"}}],"inLanguage":"en-GB"},{"@type":"Organization","@id":"http:\/\/ruuby.ee\/#organization","name":"Ruuby Disain O\u00dc","alternateName":"Ruuby","url":"http:\/\/ruuby.ee\/","logo":{"@type":"ImageObject","inLanguage":"en-GB","@id":"http:\/\/ruuby.ee\/#\/schema\/logo\/image\/","url":"http:\/\/ruuby.ee\/wp-content\/uploads\/2023\/06\/cropped-Black-White-Elegant-Circle-Signature-Fashion-Logo-12_large.png","contentUrl":"http:\/\/ruuby.ee\/wp-content\/uploads\/2023\/06\/cropped-Black-White-Elegant-Circle-Signature-Fashion-Logo-12_large.png","width":1280,"height":747,"caption":"Ruuby Disain O\u00dc"},"image":{"@id":"http:\/\/ruuby.ee\/#\/schema\/logo\/image\/"},"sameAs":["https:\/\/www.facebook.com\/ruubyconcept","https:\/\/www.instagram.com\/ruuby_concept\/"]}]}},"jetpack_sharing_enabled":true,"_links":{"self":[{"href":"http:\/\/ruuby.ee\/en\/wp-json\/wp\/v2\/product\/1859731","targetHints":{"allow":["GET"]}}],"collection":[{"href":"http:\/\/ruuby.ee\/en\/wp-json\/wp\/v2\/product"}],"about":[{"href":"http:\/\/ruuby.ee\/en\/wp-json\/wp\/v2\/types\/product"}],"replies":[{"embeddable":true,"href":"http:\/\/ruuby.ee\/en\/wp-json\/wp\/v2\/comments?post=1859731"}],"wp:featuredmedia":[{"embeddable":true,"href":"http:\/\/ruuby.ee\/en\/wp-json\/wp\/v2\/media\/1859732"}],"wp:attachment":[{"href":"http:\/\/ruuby.ee\/en\/wp-json\/wp\/v2\/media?parent=1859731"}],"wp:term":[{"taxonomy":"product_brand","embeddable":true,"href":"http:\/\/ruuby.ee\/en\/wp-json\/wp\/v2\/product_brand?post=1859731"},{"taxonomy":"product_cat","embeddable":true,"href":"http:\/\/ruuby.ee\/en\/wp-json\/wp\/v2\/product_cat?post=1859731"},{"taxonomy":"product_tag","embeddable":true,"href":"http:\/\/ruuby.ee\/en\/wp-json\/wp\/v2\/product_tag?post=1859731"}],"curies":[{"name":"wp","href":"https:\/\/api.w.org\/{rel}","templated":true}]}}