{"id":1859577,"date":"2026-04-07T10:36:52","date_gmt":"2026-04-07T07:36:52","guid":{"rendered":"https:\/\/ruuby.ee\/?post_type=product&#038;p=1859577"},"modified":"2026-04-08T08:55:27","modified_gmt":"2026-04-08T05:55:27","slug":"rainkiss-vihmajakk-back-to-black","status":"publish","type":"product","link":"http:\/\/ruuby.ee\/en\/pood\/roivakaubad\/rainkiss-vihmajakk-back-to-black\/","title":{"rendered":"Rainkiss vihmajakk &#8211; Back to Black"},"content":{"rendered":"<p>Kui must on k\u00f5ik, siis Back to Black vihmamantel on sinu jaoks olemas. See abstraktne ton sur ton tr\u00fckis on peen, puhas ja n\u00e4eb alati hea v\u00e4lja. J\u00e4\u00e4 salap\u00e4raseks, p\u00fcsi kuivana.<\/p>\n<p>Rainkiss anorak on loodud kaitsma tuule ja vihma eest. Sportlik, kerge, hingav, reguleeritav, veekindel, taaskasutatud ja PFAS-vaba&#8230; n\u00fc\u00fcd tantsime vihmas.<\/p>\n<div>\n<p>\u2013 \u00dcks suurus sobib k\u00f5igile, (150-193cm)<br \/>\n\u2013 100% veekindel (7000 mm). P\u00fcsige tugeva vihma korral kuivana<\/p>\n<p>Materjal: K\u00f5ik Rainkissi vihmariided on valmistatud GRS-sertifikaadiga (Global Recycling Standard) taaskasutatud pol\u00fcestrist. See erineb oluliselt neitsipol\u00fcestrist. Erinevalt pol\u00fcestrist, mille tootmisel kasutatakse naftakeemiatooteid, palju vett ja mille k\u00f5rvalsaadused on \u00fcsna m\u00fcrgised, kasutab taaskasutatud pol\u00fcester toorainena taaskasutatud PET-pudeleid. See taaskasutatakse&#8230; nii ei satu see pr\u00fcgim\u00e4ele ega ookeani.<\/p>\n<p>K\u00f5ik Rainkissi vihmariided on PFAS-vaba veekindla kattega, mis t\u00e4hendab, et enam pole vaja kemikaale.<\/p>\n<\/div>","protected":false},"excerpt":{"rendered":"<p>Vihmakeepide eeltellimine <strong>SOODUSHINNAGA<\/strong> kuni 12.04<\/p>\n<p>Tarne 17-22.04.<\/p>","protected":false},"featured_media":1859581,"comment_status":"open","ping_status":"closed","template":"","meta":[],"product_brand":[],"product_cat":[24,627],"product_tag":[88],"class_list":{"0":"post-1859577","1":"product","2":"type-product","3":"status-publish","4":"has-post-thumbnail","6":"product_cat-roivakaubad","7":"product_cat-vihmakeebid","8":"product_tag-vihmajakk","10":"first","11":"onbackorder","12":"sale","13":"taxable","14":"shipping-taxable","15":"purchasable","16":"product-type-simple"},"yoast_head":"<!-- This site is optimized with the Yoast SEO plugin v27.3 - https:\/\/yoast.com\/product\/yoast-seo-wordpress\/ -->\n<title>Rainkiss vihmajakk - Back to Black - RUUBY<\/title>\n<meta name=\"robots\" content=\"index, follow, max-snippet:-1, max-image-preview:large, max-video-preview:-1\" \/>\n<link rel=\"canonical\" href=\"https:\/\/ruuby.ee\/en\/pood\/roivakaubad\/rainkiss-vihmajakk-back-to-black\/\" \/>\n<meta property=\"og:locale\" content=\"en_GB\" \/>\n<meta property=\"og:type\" content=\"article\" \/>\n<meta property=\"og:title\" content=\"Rainkiss vihmajakk - Back to Black - RUUBY\" \/>\n<meta property=\"og:description\" content=\"Vihmakeepide eeltellimine SOODUSHINNAGA kuni 12.04  Tarne 17-22.04.\" \/>\n<meta property=\"og:url\" content=\"https:\/\/ruuby.ee\/en\/pood\/roivakaubad\/rainkiss-vihmajakk-back-to-black\/\" \/>\n<meta property=\"og:site_name\" content=\"RUUBY\" \/>\n<meta property=\"article:publisher\" content=\"https:\/\/www.facebook.com\/ruubyconcept\" \/>\n<meta property=\"article:modified_time\" content=\"2026-04-08T05:55:27+00:00\" \/>\n<meta property=\"og:image\" content=\"http:\/\/ruuby.ee\/wp-content\/uploads\/2026\/04\/Screenshot-2026-04-07-at-10.40.32.png\" \/>\n\t<meta property=\"og:image:width\" content=\"590\" \/>\n\t<meta property=\"og:image:height\" content=\"664\" \/>\n\t<meta property=\"og:image:type\" content=\"image\/png\" \/>\n<meta name=\"twitter:card\" content=\"summary_large_image\" \/>\n<meta name=\"twitter:label1\" content=\"Estimated reading time\" \/>\n\t<meta name=\"twitter:data1\" content=\"1 minute\" \/>\n<script type=\"application\/ld+json\" class=\"yoast-schema-graph\">{\"@context\":\"https:\\\/\\\/schema.org\",\"@graph\":[{\"@type\":[\"WebPage\",\"ItemPage\"],\"@id\":\"https:\\\/\\\/ruuby.ee\\\/pood\\\/roivakaubad\\\/rainkiss-vihmajakk-back-to-black\\\/\",\"url\":\"https:\\\/\\\/ruuby.ee\\\/pood\\\/roivakaubad\\\/rainkiss-vihmajakk-back-to-black\\\/\",\"name\":\"Rainkiss vihmajakk - Back to Black - RUUBY\",\"isPartOf\":{\"@id\":\"https:\\\/\\\/ruuby.ee\\\/en\\\/#website\"},\"primaryImageOfPage\":{\"@id\":\"https:\\\/\\\/ruuby.ee\\\/pood\\\/roivakaubad\\\/rainkiss-vihmajakk-back-to-black\\\/#primaryimage\"},\"image\":{\"@id\":\"https:\\\/\\\/ruuby.ee\\\/pood\\\/roivakaubad\\\/rainkiss-vihmajakk-back-to-black\\\/#primaryimage\"},\"thumbnailUrl\":\"http:\\\/\\\/ruuby.ee\\\/wp-content\\\/uploads\\\/2026\\\/04\\\/Screenshot-2026-04-07-at-10.40.32.png\",\"datePublished\":\"2026-04-07T07:36:52+00:00\",\"dateModified\":\"2026-04-08T05:55:27+00:00\",\"breadcrumb\":{\"@id\":\"https:\\\/\\\/ruuby.ee\\\/pood\\\/roivakaubad\\\/rainkiss-vihmajakk-back-to-black\\\/#breadcrumb\"},\"inLanguage\":\"en-GB\",\"potentialAction\":[{\"@type\":\"ReadAction\",\"target\":[\"https:\\\/\\\/ruuby.ee\\\/pood\\\/roivakaubad\\\/rainkiss-vihmajakk-back-to-black\\\/\"]}]},{\"@type\":\"ImageObject\",\"inLanguage\":\"en-GB\",\"@id\":\"https:\\\/\\\/ruuby.ee\\\/pood\\\/roivakaubad\\\/rainkiss-vihmajakk-back-to-black\\\/#primaryimage\",\"url\":\"http:\\\/\\\/ruuby.ee\\\/wp-content\\\/uploads\\\/2026\\\/04\\\/Screenshot-2026-04-07-at-10.40.32.png\",\"contentUrl\":\"http:\\\/\\\/ruuby.ee\\\/wp-content\\\/uploads\\\/2026\\\/04\\\/Screenshot-2026-04-07-at-10.40.32.png\",\"width\":590,\"height\":664},{\"@type\":\"BreadcrumbList\",\"@id\":\"https:\\\/\\\/ruuby.ee\\\/pood\\\/roivakaubad\\\/rainkiss-vihmajakk-back-to-black\\\/#breadcrumb\",\"itemListElement\":[{\"@type\":\"ListItem\",\"position\":1,\"name\":\"Kdu\",\"item\":\"https:\\\/\\\/ruuby.ee\\\/en\\\/\"},{\"@type\":\"ListItem\",\"position\":2,\"name\":\"Pood\",\"item\":\"https:\\\/\\\/ruuby.ee\\\/en\\\/pood\\\/\"},{\"@type\":\"ListItem\",\"position\":3,\"name\":\"Rainkiss vihmajakk &#8211; Back to Black\"}]},{\"@type\":\"WebSite\",\"@id\":\"https:\\\/\\\/ruuby.ee\\\/en\\\/#website\",\"url\":\"https:\\\/\\\/ruuby.ee\\\/en\\\/\",\"name\":\"RUUBY\",\"description\":\"Ruubys on \u00fchendatud elustiil ja disain\",\"publisher\":{\"@id\":\"https:\\\/\\\/ruuby.ee\\\/en\\\/#organization\"},\"alternateName\":\"Ruuby Disain\",\"potentialAction\":[{\"@type\":\"SearchAction\",\"target\":{\"@type\":\"EntryPoint\",\"urlTemplate\":\"https:\\\/\\\/ruuby.ee\\\/en\\\/?s={search_term_string}\"},\"query-input\":{\"@type\":\"PropertyValueSpecification\",\"valueRequired\":true,\"valueName\":\"search_term_string\"}}],\"inLanguage\":\"en-GB\"},{\"@type\":\"Organization\",\"@id\":\"https:\\\/\\\/ruuby.ee\\\/en\\\/#organization\",\"name\":\"Ruuby Disain O\u00dc\",\"alternateName\":\"Ruuby\",\"url\":\"https:\\\/\\\/ruuby.ee\\\/en\\\/\",\"logo\":{\"@type\":\"ImageObject\",\"inLanguage\":\"en-GB\",\"@id\":\"https:\\\/\\\/ruuby.ee\\\/en\\\/#\\\/schema\\\/logo\\\/image\\\/\",\"url\":\"http:\\\/\\\/ruuby.ee\\\/wp-content\\\/uploads\\\/2023\\\/06\\\/cropped-Black-White-Elegant-Circle-Signature-Fashion-Logo-12_large.png\",\"contentUrl\":\"http:\\\/\\\/ruuby.ee\\\/wp-content\\\/uploads\\\/2023\\\/06\\\/cropped-Black-White-Elegant-Circle-Signature-Fashion-Logo-12_large.png\",\"width\":1280,\"height\":747,\"caption\":\"Ruuby Disain O\u00dc\"},\"image\":{\"@id\":\"https:\\\/\\\/ruuby.ee\\\/en\\\/#\\\/schema\\\/logo\\\/image\\\/\"},\"sameAs\":[\"https:\\\/\\\/www.facebook.com\\\/ruubyconcept\",\"https:\\\/\\\/www.instagram.com\\\/ruuby_concept\\\/\"]}]}<\/script>\n<!-- \/ Yoast SEO plugin. -->","yoast_head_json":{"title":"Rainkiss vihmajakk - Back to Black - RUUBY","robots":{"index":"index","follow":"follow","max-snippet":"max-snippet:-1","max-image-preview":"max-image-preview:large","max-video-preview":"max-video-preview:-1"},"canonical":"https:\/\/ruuby.ee\/en\/pood\/roivakaubad\/rainkiss-vihmajakk-back-to-black\/","og_locale":"en_GB","og_type":"article","og_title":"Rainkiss vihmajakk - Back to Black - RUUBY","og_description":"Vihmakeepide eeltellimine SOODUSHINNAGA kuni 12.04  Tarne 17-22.04.","og_url":"https:\/\/ruuby.ee\/en\/pood\/roivakaubad\/rainkiss-vihmajakk-back-to-black\/","og_site_name":"RUUBY","article_publisher":"https:\/\/www.facebook.com\/ruubyconcept","article_modified_time":"2026-04-08T05:55:27+00:00","og_image":[{"width":590,"height":664,"url":"http:\/\/ruuby.ee\/wp-content\/uploads\/2026\/04\/Screenshot-2026-04-07-at-10.40.32.png","type":"image\/png"}],"twitter_card":"summary_large_image","twitter_misc":{"Estimated reading time":"1 minute"},"schema":{"@context":"https:\/\/schema.org","@graph":[{"@type":["WebPage","ItemPage"],"@id":"https:\/\/ruuby.ee\/pood\/roivakaubad\/rainkiss-vihmajakk-back-to-black\/","url":"https:\/\/ruuby.ee\/pood\/roivakaubad\/rainkiss-vihmajakk-back-to-black\/","name":"Rainkiss vihmajakk - Back to Black - RUUBY","isPartOf":{"@id":"https:\/\/ruuby.ee\/en\/#website"},"primaryImageOfPage":{"@id":"https:\/\/ruuby.ee\/pood\/roivakaubad\/rainkiss-vihmajakk-back-to-black\/#primaryimage"},"image":{"@id":"https:\/\/ruuby.ee\/pood\/roivakaubad\/rainkiss-vihmajakk-back-to-black\/#primaryimage"},"thumbnailUrl":"http:\/\/ruuby.ee\/wp-content\/uploads\/2026\/04\/Screenshot-2026-04-07-at-10.40.32.png","datePublished":"2026-04-07T07:36:52+00:00","dateModified":"2026-04-08T05:55:27+00:00","breadcrumb":{"@id":"https:\/\/ruuby.ee\/pood\/roivakaubad\/rainkiss-vihmajakk-back-to-black\/#breadcrumb"},"inLanguage":"en-GB","potentialAction":[{"@type":"ReadAction","target":["https:\/\/ruuby.ee\/pood\/roivakaubad\/rainkiss-vihmajakk-back-to-black\/"]}]},{"@type":"ImageObject","inLanguage":"en-GB","@id":"https:\/\/ruuby.ee\/pood\/roivakaubad\/rainkiss-vihmajakk-back-to-black\/#primaryimage","url":"http:\/\/ruuby.ee\/wp-content\/uploads\/2026\/04\/Screenshot-2026-04-07-at-10.40.32.png","contentUrl":"http:\/\/ruuby.ee\/wp-content\/uploads\/2026\/04\/Screenshot-2026-04-07-at-10.40.32.png","width":590,"height":664},{"@type":"BreadcrumbList","@id":"https:\/\/ruuby.ee\/pood\/roivakaubad\/rainkiss-vihmajakk-back-to-black\/#breadcrumb","itemListElement":[{"@type":"ListItem","position":1,"name":"Kdu","item":"https:\/\/ruuby.ee\/en\/"},{"@type":"ListItem","position":2,"name":"Pood","item":"https:\/\/ruuby.ee\/en\/pood\/"},{"@type":"ListItem","position":3,"name":"Rainkiss vihmajakk &#8211; Back to Black"}]},{"@type":"WebSite","@id":"https:\/\/ruuby.ee\/en\/#website","url":"https:\/\/ruuby.ee\/en\/","name":"RUUBY","description":"Ruubys on \u00fchendatud elustiil ja disain","publisher":{"@id":"https:\/\/ruuby.ee\/en\/#organization"},"alternateName":"Ruuby Disain","potentialAction":[{"@type":"SearchAction","target":{"@type":"EntryPoint","urlTemplate":"https:\/\/ruuby.ee\/en\/?s={search_term_string}"},"query-input":{"@type":"PropertyValueSpecification","valueRequired":true,"valueName":"search_term_string"}}],"inLanguage":"en-GB"},{"@type":"Organization","@id":"https:\/\/ruuby.ee\/en\/#organization","name":"Ruuby Disain O\u00dc","alternateName":"Ruuby","url":"https:\/\/ruuby.ee\/en\/","logo":{"@type":"ImageObject","inLanguage":"en-GB","@id":"https:\/\/ruuby.ee\/en\/#\/schema\/logo\/image\/","url":"http:\/\/ruuby.ee\/wp-content\/uploads\/2023\/06\/cropped-Black-White-Elegant-Circle-Signature-Fashion-Logo-12_large.png","contentUrl":"http:\/\/ruuby.ee\/wp-content\/uploads\/2023\/06\/cropped-Black-White-Elegant-Circle-Signature-Fashion-Logo-12_large.png","width":1280,"height":747,"caption":"Ruuby Disain O\u00dc"},"image":{"@id":"https:\/\/ruuby.ee\/en\/#\/schema\/logo\/image\/"},"sameAs":["https:\/\/www.facebook.com\/ruubyconcept","https:\/\/www.instagram.com\/ruuby_concept\/"]}]}},"jetpack_sharing_enabled":true,"_links":{"self":[{"href":"http:\/\/ruuby.ee\/en\/wp-json\/wp\/v2\/product\/1859577","targetHints":{"allow":["GET"]}}],"collection":[{"href":"http:\/\/ruuby.ee\/en\/wp-json\/wp\/v2\/product"}],"about":[{"href":"http:\/\/ruuby.ee\/en\/wp-json\/wp\/v2\/types\/product"}],"replies":[{"embeddable":true,"href":"http:\/\/ruuby.ee\/en\/wp-json\/wp\/v2\/comments?post=1859577"}],"wp:featuredmedia":[{"embeddable":true,"href":"http:\/\/ruuby.ee\/en\/wp-json\/wp\/v2\/media\/1859581"}],"wp:attachment":[{"href":"http:\/\/ruuby.ee\/en\/wp-json\/wp\/v2\/media?parent=1859577"}],"wp:term":[{"taxonomy":"product_brand","embeddable":true,"href":"http:\/\/ruuby.ee\/en\/wp-json\/wp\/v2\/product_brand?post=1859577"},{"taxonomy":"product_cat","embeddable":true,"href":"http:\/\/ruuby.ee\/en\/wp-json\/wp\/v2\/product_cat?post=1859577"},{"taxonomy":"product_tag","embeddable":true,"href":"http:\/\/ruuby.ee\/en\/wp-json\/wp\/v2\/product_tag?post=1859577"}],"curies":[{"name":"wp","href":"https:\/\/api.w.org\/{rel}","templated":true}]}}