{"id":1858888,"date":"2026-02-12T16:48:48","date_gmt":"2026-02-12T14:48:48","guid":{"rendered":"https:\/\/ruuby.ee\/pood\/maaratlemata\/safly-esmaabikomplekt-valge-m\/"},"modified":"2026-04-08T01:28:18","modified_gmt":"2026-04-07T22:28:18","slug":"safly-esmaabikomplekt-valge-m","status":"publish","type":"product","link":"http:\/\/ruuby.ee\/en\/pood\/kodusisustus\/esmaabi\/safly-esmaabikomplekt-valge-m\/","title":{"rendered":"Safly first aid kit, white, M"},"content":{"rendered":"<p>Why Safly\u2019s first-aid kit is the perfect choice for your home:<\/p>\n<p><strong>Functional and modern design<\/strong>: a stylish, discreet kit that blends seamlessly into any home \u2014 safety without compromising on style.<br \/>\n<strong>Quick access in emergencies<\/strong>: equipped with a convenient strap on the back, the kit can be hung in a visible and easily accessible location, so you can act instantly when accidents happen.<br \/>\n<strong>Complete and comprehensive<\/strong>: packed with tools and supplies that go beyond the standard first-aid kit, giving you everything you need to handle minor accidents and injuries with ease.<br \/>\n<strong>Choose your favorite color<\/strong>: available in three timeless shades \u2014 green, white, and beige \u2014 so you can select the one that best fits your home d\u00e9cor and personal style.<\/p>\n<p>No matter if you have young children, live alone, or simply want to be prepared, Safly\u2019s kit provides peace of mind and security in any situation.<\/p>\n<p>What\u2019s Inside the Box:<br \/>\nElastic gauze bandage 5 x 450 cm \u2013 4 pcs<br \/>\nElastic gauze bandage 7.5 x 450 cm \u2013 2 pcs<br \/>\nElastic gauze bandage 10 x 450 cm \u2013 2 pcs<br \/>\nSafly disinfecting wipes \u2013 10 pcs<br \/>\nSafly triangular bandage \u2013 1 pc<br \/>\nSafly adhesive bandages 72 x 19 mm \u2013 20 pcs<br \/>\nSafly blue metal-free adhesive bandages for food handlers, 72 x 19 mm \u2013 20 pcs<br \/>\nSafly adhesive bandages for children, 72 x 19 mm \u2013 20 pcs<br \/>\nScissors \u2013 1 pc<br \/>\nSurgical tape \u2013 1 roll<br \/>\nTweezers \u2013 1 pc<br \/>\nCold gel packs for burn first-aid \u2013 10 pcs<br \/>\nGauze pads 5 x 5 cm \u2013 5 pcs<br \/>\nGauze pads 7,5 x 7,5 cm \u2013 3 pcs<\/p>\n<p>Packaged in a gift box.<\/p>\n<p>Kit dimensions: L19.5 x H15.5 x D7 cm<\/p>\n<p>Safly was born from the collaboration of a Swedish couple working in the first-aid industry, with the aim of creating a line of Nordic-inspired first-aid products that also serve as stylish home d\u00e9cor. For example, the fire blanket comes packaged in a book format, making it a visible design element in your home. Safly\u2019s product range also includes fire blankets and fire extinguishers. All products meet EU standards and are suitable for home use.<\/p>","protected":false},"excerpt":{"rendered":"<p>Be prepared for anything with Safly\u2019s thoughtfully designed and stylish first-aid kit. Safly has created a complete kit to ensure you always have quick and easy access to essential rescue tools \u2014 whether you\u2019re at home, in the yard, at a caravan, or on the go.<\/p>","protected":false},"featured_media":1858896,"comment_status":"open","ping_status":"closed","template":"","meta":[],"product_brand":[],"product_cat":[1212],"product_tag":[1213],"class_list":{"0":"post-1858888","1":"product","2":"type-product","3":"status-publish","4":"has-post-thumbnail","6":"product_cat-esmaabi","7":"product_tag-esmaabi","9":"first","10":"instock","11":"taxable","12":"shipping-taxable","13":"purchasable","14":"product-type-simple"},"yoast_head":"<!-- This site is optimized with the Yoast SEO plugin v27.3 - https:\/\/yoast.com\/product\/yoast-seo-wordpress\/ -->\n<title>Safly esmaabikomplekt, valge, M - RUUBY<\/title>\n<meta name=\"robots\" content=\"index, follow, max-snippet:-1, max-image-preview:large, max-video-preview:-1\" \/>\n<link rel=\"canonical\" href=\"https:\/\/ruuby.ee\/en\/pood\/kodusisustus\/esmaabi\/safly-esmaabikomplekt-valge-m\/\" \/>\n<meta property=\"og:locale\" content=\"en_GB\" \/>\n<meta property=\"og:type\" content=\"article\" \/>\n<meta property=\"og:title\" content=\"Safly esmaabikomplekt, valge, M - RUUBY\" \/>\n<meta property=\"og:description\" content=\"Olge Safly l\u00e4bim\u00f5eldud ja stiilse esmaabikomplektiga valmis igaks olukorraks. Safly on v\u00e4lja t\u00f6\u00f6tanud t\u00e4ieliku komplekti, et tagada teile alati kiire ja lihtne juurdep\u00e4\u00e4s p\u00e4\u00e4stevahenditele, olenemata sellest, kus te viibite: kodus, hoovis, haagissuvilas v\u00f5i teel.\" \/>\n<meta property=\"og:url\" content=\"https:\/\/ruuby.ee\/en\/pood\/kodusisustus\/esmaabi\/safly-esmaabikomplekt-valge-m\/\" \/>\n<meta property=\"og:site_name\" content=\"RUUBY\" \/>\n<meta property=\"article:publisher\" content=\"https:\/\/www.facebook.com\/ruubyconcept\" \/>\n<meta property=\"article:modified_time\" content=\"2026-04-07T22:28:18+00:00\" \/>\n<meta property=\"og:image\" content=\"https:\/\/ruuby.ee\/wp-content\/uploads\/2026\/02\/Screenshot-2026-02-12-at-16.49.10.png\" \/>\n\t<meta property=\"og:image:width\" content=\"664\" \/>\n\t<meta property=\"og:image:height\" content=\"636\" \/>\n\t<meta property=\"og:image:type\" content=\"image\/png\" \/>\n<meta name=\"twitter:card\" content=\"summary_large_image\" \/>\n<meta name=\"twitter:label1\" content=\"Estimated reading time\" \/>\n\t<meta name=\"twitter:data1\" content=\"2 minutes\" \/>\n<script type=\"application\/ld+json\" class=\"yoast-schema-graph\">{\"@context\":\"https:\\\/\\\/schema.org\",\"@graph\":[{\"@type\":[\"WebPage\",\"ItemPage\"],\"@id\":\"https:\\\/\\\/ruuby.ee\\\/en\\\/pood\\\/kodusisustus\\\/esmaabi\\\/safly-esmaabikomplekt-valge-m\\\/\",\"url\":\"https:\\\/\\\/ruuby.ee\\\/en\\\/pood\\\/kodusisustus\\\/esmaabi\\\/safly-esmaabikomplekt-valge-m\\\/\",\"name\":\"Safly esmaabikomplekt, valge, M - RUUBY\",\"isPartOf\":{\"@id\":\"https:\\\/\\\/ruuby.ee\\\/en\\\/#website\"},\"primaryImageOfPage\":{\"@id\":\"https:\\\/\\\/ruuby.ee\\\/en\\\/pood\\\/kodusisustus\\\/esmaabi\\\/safly-esmaabikomplekt-valge-m\\\/#primaryimage\"},\"image\":{\"@id\":\"https:\\\/\\\/ruuby.ee\\\/en\\\/pood\\\/kodusisustus\\\/esmaabi\\\/safly-esmaabikomplekt-valge-m\\\/#primaryimage\"},\"thumbnailUrl\":\"http:\\\/\\\/ruuby.ee\\\/wp-content\\\/uploads\\\/2026\\\/02\\\/Screenshot-2026-02-12-at-16.49.10.png\",\"datePublished\":\"2026-02-12T14:48:48+00:00\",\"dateModified\":\"2026-04-07T22:28:18+00:00\",\"breadcrumb\":{\"@id\":\"https:\\\/\\\/ruuby.ee\\\/en\\\/pood\\\/kodusisustus\\\/esmaabi\\\/safly-esmaabikomplekt-valge-m\\\/#breadcrumb\"},\"inLanguage\":\"en-GB\",\"potentialAction\":[{\"@type\":\"ReadAction\",\"target\":[\"https:\\\/\\\/ruuby.ee\\\/en\\\/pood\\\/kodusisustus\\\/esmaabi\\\/safly-esmaabikomplekt-valge-m\\\/\"]}]},{\"@type\":\"ImageObject\",\"inLanguage\":\"en-GB\",\"@id\":\"https:\\\/\\\/ruuby.ee\\\/en\\\/pood\\\/kodusisustus\\\/esmaabi\\\/safly-esmaabikomplekt-valge-m\\\/#primaryimage\",\"url\":\"http:\\\/\\\/ruuby.ee\\\/wp-content\\\/uploads\\\/2026\\\/02\\\/Screenshot-2026-02-12-at-16.49.10.png\",\"contentUrl\":\"http:\\\/\\\/ruuby.ee\\\/wp-content\\\/uploads\\\/2026\\\/02\\\/Screenshot-2026-02-12-at-16.49.10.png\",\"width\":664,\"height\":636},{\"@type\":\"BreadcrumbList\",\"@id\":\"https:\\\/\\\/ruuby.ee\\\/en\\\/pood\\\/kodusisustus\\\/esmaabi\\\/safly-esmaabikomplekt-valge-m\\\/#breadcrumb\",\"itemListElement\":[{\"@type\":\"ListItem\",\"position\":1,\"name\":\"Kdu\",\"item\":\"https:\\\/\\\/ruuby.ee\\\/en\\\/\"},{\"@type\":\"ListItem\",\"position\":2,\"name\":\"Pood\",\"item\":\"http:\\\/\\\/ruuby.ee\\\/en\\\/pood\\\/\"},{\"@type\":\"ListItem\",\"position\":3,\"name\":\"Safly esmaabikomplekt, valge, M\"}]},{\"@type\":\"WebSite\",\"@id\":\"https:\\\/\\\/ruuby.ee\\\/en\\\/#website\",\"url\":\"https:\\\/\\\/ruuby.ee\\\/en\\\/\",\"name\":\"RUUBY\",\"description\":\"Ruubys on \u00fchendatud elustiil ja disain\",\"publisher\":{\"@id\":\"https:\\\/\\\/ruuby.ee\\\/en\\\/#organization\"},\"alternateName\":\"Ruuby Disain\",\"potentialAction\":[{\"@type\":\"SearchAction\",\"target\":{\"@type\":\"EntryPoint\",\"urlTemplate\":\"https:\\\/\\\/ruuby.ee\\\/en\\\/?s={search_term_string}\"},\"query-input\":{\"@type\":\"PropertyValueSpecification\",\"valueRequired\":true,\"valueName\":\"search_term_string\"}}],\"inLanguage\":\"en-GB\"},{\"@type\":\"Organization\",\"@id\":\"https:\\\/\\\/ruuby.ee\\\/en\\\/#organization\",\"name\":\"Ruuby Disain O\u00dc\",\"alternateName\":\"Ruuby\",\"url\":\"https:\\\/\\\/ruuby.ee\\\/en\\\/\",\"logo\":{\"@type\":\"ImageObject\",\"inLanguage\":\"en-GB\",\"@id\":\"https:\\\/\\\/ruuby.ee\\\/en\\\/#\\\/schema\\\/logo\\\/image\\\/\",\"url\":\"http:\\\/\\\/ruuby.ee\\\/wp-content\\\/uploads\\\/2023\\\/06\\\/cropped-Black-White-Elegant-Circle-Signature-Fashion-Logo-12_large.png\",\"contentUrl\":\"http:\\\/\\\/ruuby.ee\\\/wp-content\\\/uploads\\\/2023\\\/06\\\/cropped-Black-White-Elegant-Circle-Signature-Fashion-Logo-12_large.png\",\"width\":1280,\"height\":747,\"caption\":\"Ruuby Disain O\u00dc\"},\"image\":{\"@id\":\"https:\\\/\\\/ruuby.ee\\\/en\\\/#\\\/schema\\\/logo\\\/image\\\/\"},\"sameAs\":[\"https:\\\/\\\/www.facebook.com\\\/ruubyconcept\",\"https:\\\/\\\/www.instagram.com\\\/ruuby_concept\\\/\"]}]}<\/script>\n<!-- \/ Yoast SEO plugin. -->","yoast_head_json":{"title":"Safly esmaabikomplekt, valge, M - RUUBY","robots":{"index":"index","follow":"follow","max-snippet":"max-snippet:-1","max-image-preview":"max-image-preview:large","max-video-preview":"max-video-preview:-1"},"canonical":"https:\/\/ruuby.ee\/en\/pood\/kodusisustus\/esmaabi\/safly-esmaabikomplekt-valge-m\/","og_locale":"en_GB","og_type":"article","og_title":"Safly esmaabikomplekt, valge, M - RUUBY","og_description":"Olge Safly l\u00e4bim\u00f5eldud ja stiilse esmaabikomplektiga valmis igaks olukorraks. Safly on v\u00e4lja t\u00f6\u00f6tanud t\u00e4ieliku komplekti, et tagada teile alati kiire ja lihtne juurdep\u00e4\u00e4s p\u00e4\u00e4stevahenditele, olenemata sellest, kus te viibite: kodus, hoovis, haagissuvilas v\u00f5i teel.","og_url":"https:\/\/ruuby.ee\/en\/pood\/kodusisustus\/esmaabi\/safly-esmaabikomplekt-valge-m\/","og_site_name":"RUUBY","article_publisher":"https:\/\/www.facebook.com\/ruubyconcept","article_modified_time":"2026-04-07T22:28:18+00:00","og_image":[{"width":664,"height":636,"url":"https:\/\/ruuby.ee\/wp-content\/uploads\/2026\/02\/Screenshot-2026-02-12-at-16.49.10.png","type":"image\/png"}],"twitter_card":"summary_large_image","twitter_misc":{"Estimated reading time":"2 minutes"},"schema":{"@context":"https:\/\/schema.org","@graph":[{"@type":["WebPage","ItemPage"],"@id":"https:\/\/ruuby.ee\/en\/pood\/kodusisustus\/esmaabi\/safly-esmaabikomplekt-valge-m\/","url":"https:\/\/ruuby.ee\/en\/pood\/kodusisustus\/esmaabi\/safly-esmaabikomplekt-valge-m\/","name":"Safly esmaabikomplekt, valge, M - RUUBY","isPartOf":{"@id":"https:\/\/ruuby.ee\/en\/#website"},"primaryImageOfPage":{"@id":"https:\/\/ruuby.ee\/en\/pood\/kodusisustus\/esmaabi\/safly-esmaabikomplekt-valge-m\/#primaryimage"},"image":{"@id":"https:\/\/ruuby.ee\/en\/pood\/kodusisustus\/esmaabi\/safly-esmaabikomplekt-valge-m\/#primaryimage"},"thumbnailUrl":"http:\/\/ruuby.ee\/wp-content\/uploads\/2026\/02\/Screenshot-2026-02-12-at-16.49.10.png","datePublished":"2026-02-12T14:48:48+00:00","dateModified":"2026-04-07T22:28:18+00:00","breadcrumb":{"@id":"https:\/\/ruuby.ee\/en\/pood\/kodusisustus\/esmaabi\/safly-esmaabikomplekt-valge-m\/#breadcrumb"},"inLanguage":"en-GB","potentialAction":[{"@type":"ReadAction","target":["https:\/\/ruuby.ee\/en\/pood\/kodusisustus\/esmaabi\/safly-esmaabikomplekt-valge-m\/"]}]},{"@type":"ImageObject","inLanguage":"en-GB","@id":"https:\/\/ruuby.ee\/en\/pood\/kodusisustus\/esmaabi\/safly-esmaabikomplekt-valge-m\/#primaryimage","url":"http:\/\/ruuby.ee\/wp-content\/uploads\/2026\/02\/Screenshot-2026-02-12-at-16.49.10.png","contentUrl":"http:\/\/ruuby.ee\/wp-content\/uploads\/2026\/02\/Screenshot-2026-02-12-at-16.49.10.png","width":664,"height":636},{"@type":"BreadcrumbList","@id":"https:\/\/ruuby.ee\/en\/pood\/kodusisustus\/esmaabi\/safly-esmaabikomplekt-valge-m\/#breadcrumb","itemListElement":[{"@type":"ListItem","position":1,"name":"Kdu","item":"https:\/\/ruuby.ee\/en\/"},{"@type":"ListItem","position":2,"name":"Pood","item":"http:\/\/ruuby.ee\/en\/pood\/"},{"@type":"ListItem","position":3,"name":"Safly esmaabikomplekt, valge, M"}]},{"@type":"WebSite","@id":"https:\/\/ruuby.ee\/en\/#website","url":"https:\/\/ruuby.ee\/en\/","name":"RUUBY","description":"Ruubys on \u00fchendatud elustiil ja disain","publisher":{"@id":"https:\/\/ruuby.ee\/en\/#organization"},"alternateName":"Ruuby Disain","potentialAction":[{"@type":"SearchAction","target":{"@type":"EntryPoint","urlTemplate":"https:\/\/ruuby.ee\/en\/?s={search_term_string}"},"query-input":{"@type":"PropertyValueSpecification","valueRequired":true,"valueName":"search_term_string"}}],"inLanguage":"en-GB"},{"@type":"Organization","@id":"https:\/\/ruuby.ee\/en\/#organization","name":"Ruuby Disain O\u00dc","alternateName":"Ruuby","url":"https:\/\/ruuby.ee\/en\/","logo":{"@type":"ImageObject","inLanguage":"en-GB","@id":"https:\/\/ruuby.ee\/en\/#\/schema\/logo\/image\/","url":"http:\/\/ruuby.ee\/wp-content\/uploads\/2023\/06\/cropped-Black-White-Elegant-Circle-Signature-Fashion-Logo-12_large.png","contentUrl":"http:\/\/ruuby.ee\/wp-content\/uploads\/2023\/06\/cropped-Black-White-Elegant-Circle-Signature-Fashion-Logo-12_large.png","width":1280,"height":747,"caption":"Ruuby Disain O\u00dc"},"image":{"@id":"https:\/\/ruuby.ee\/en\/#\/schema\/logo\/image\/"},"sameAs":["https:\/\/www.facebook.com\/ruubyconcept","https:\/\/www.instagram.com\/ruuby_concept\/"]}]}},"jetpack_sharing_enabled":true,"_links":{"self":[{"href":"http:\/\/ruuby.ee\/en\/wp-json\/wp\/v2\/product\/1858888","targetHints":{"allow":["GET"]}}],"collection":[{"href":"http:\/\/ruuby.ee\/en\/wp-json\/wp\/v2\/product"}],"about":[{"href":"http:\/\/ruuby.ee\/en\/wp-json\/wp\/v2\/types\/product"}],"replies":[{"embeddable":true,"href":"http:\/\/ruuby.ee\/en\/wp-json\/wp\/v2\/comments?post=1858888"}],"wp:featuredmedia":[{"embeddable":true,"href":"http:\/\/ruuby.ee\/en\/wp-json\/wp\/v2\/media\/1858896"}],"wp:attachment":[{"href":"http:\/\/ruuby.ee\/en\/wp-json\/wp\/v2\/media?parent=1858888"}],"wp:term":[{"taxonomy":"product_brand","embeddable":true,"href":"http:\/\/ruuby.ee\/en\/wp-json\/wp\/v2\/product_brand?post=1858888"},{"taxonomy":"product_cat","embeddable":true,"href":"http:\/\/ruuby.ee\/en\/wp-json\/wp\/v2\/product_cat?post=1858888"},{"taxonomy":"product_tag","embeddable":true,"href":"http:\/\/ruuby.ee\/en\/wp-json\/wp\/v2\/product_tag?post=1858888"}],"curies":[{"name":"wp","href":"https:\/\/api.w.org\/{rel}","templated":true}]}}