{"id":1858654,"date":"2026-01-13T14:44:09","date_gmt":"2026-01-13T12:44:09","guid":{"rendered":"https:\/\/ruuby.ee\/?post_type=product&#038;p=1858654"},"modified":"2026-04-08T01:28:18","modified_gmt":"2026-04-07T22:28:18","slug":"helge-kuu-viirukid","status":"publish","type":"product","link":"http:\/\/ruuby.ee\/en\/pood\/kodusisustus\/ruumilohnastajad\/helge-kuu-viirukid\/","title":{"rendered":"Helge Kuu &#8211; viirukid"},"content":{"rendered":"<p><strong>Austraalia sandlipuu<\/strong> viiruk on valmistatud <em data-start=\"47\" data-end=\"66\">Santalum spicatum<\/em> liigist, mis kasvab peamiselt L\u00e4\u00e4ne-Austraalias. See on alternatiiv India sandlipuule (<em data-start=\"169\" data-end=\"185\">Santalum album<\/em>) ning on oma kvaliteedi ja aroomi poolest v\u00e4ga hinnatud.<\/p>\n<p><strong>Must kotkapuu<\/strong> viiruk on luksuslik ja haruldane viirukit\u00fc\u00fcp, valmistatud s\u00fcgavalt vaigurikkast kotkapuust (Aquilaria), mille puit on tumenenud aastak\u00fcmnete jooksul looduslike protsesside tulemusel. Seda tuntakse ka kui k\u00f5ige v\u00e4\u00e4rtuslikumat agarwoodi vormi.<\/p>\n<p><strong>Sandlipuu (Santalum album)<\/strong> on puu, mille puidu\u00f5li on tuntud oma meeldiva ja l\u00f5\u00f5gastava aroomi poolest. Sandlipuu viirukit on traditsiooniliselt kasutatud paljudes kultuurides, sealhulgas Indias, Hiinas ja Tiibetis, ning seda peetakse v\u00e4ga rahustavaks ja meditatsioonide toetavaks.<\/p>\n<p><strong>Vietnami kotkapuu<\/strong> viiruk (agarwood) on \u00fcks maailma hinnatumaid ja haruldasemaid viirukeid. Kotkapuu (Aquilaria puu) toodab aromaatset vaiku (agarwood) vastusena seeninfektsioonile \u2013 just see vaigusisaldus annab viirukile s\u00fcgava, intensiivse ja suitsuse l\u00f5hna.<\/p>\n<p><strong>Kotkapuu<\/strong> viiruk (tuntud ka kui agarwood, oud v\u00f5i aloewood) on \u00fcks maailma hinnatumaid ja aromaatsemaid viirukeid, valmistatud <em data-start=\"142\" data-end=\"153\">Aquilaria<\/em> v\u00f5i <em data-start=\"158\" data-end=\"168\" data-is-only-node=\"\">Gyrinops<\/em> puude vaigurikkast s\u00fcdamikust.<\/p>\n<p>Viiruki kasutamine: S\u00fc\u00fcta viiruki ja oota paar sekundit, kuni see ise kustub (vajadusel puhu \u00f5rnalt) ning lase pulgal rahulikult suitseda viirukihoidjas. Aseta viiruk alati kuumakindlale pinnale, eemal s\u00fcttivatest esemetest, ja naudi l\u00f5\u00f5gastavat aroomi.<\/p>\n<p>PS: Iga viiruki tellimusega tuleb kaasa TASUTA Helge Kuu viirukihoidja, mille saad asetada kodus sobivale alusele.<\/p>","protected":false},"excerpt":{"rendered":"<p>Iga viiruki tellimusega tuleb kaasa TASUTA Helge Kuu viirukihoidja, mille saad asetada kodus sobivale alusele.<\/p>","protected":false},"featured_media":1858670,"comment_status":"open","ping_status":"closed","template":"","meta":[],"product_brand":[],"product_cat":[42,44],"product_tag":[477,1208],"class_list":{"0":"post-1858654","1":"product","2":"type-product","3":"status-publish","4":"has-post-thumbnail","6":"product_cat-kodusisustus","7":"product_cat-ruumilohnastajad","8":"product_tag-helge-kuu","9":"product_tag-viirukid","11":"first","12":"instock","13":"taxable","14":"shipping-taxable","15":"purchasable","16":"product-type-variable","17":"rtwpvs-product"},"yoast_head":"<!-- This site is optimized with the Yoast SEO plugin v27.3 - https:\/\/yoast.com\/product\/yoast-seo-wordpress\/ -->\n<title>Helge Kuu - viirukid - RUUBY<\/title>\n<meta name=\"robots\" content=\"index, follow, max-snippet:-1, max-image-preview:large, max-video-preview:-1\" \/>\n<link rel=\"canonical\" href=\"http:\/\/ruuby.ee\/en\/pood\/kodusisustus\/ruumilohnastajad\/helge-kuu-viirukid\/\" \/>\n<meta property=\"og:locale\" content=\"en_GB\" \/>\n<meta property=\"og:type\" content=\"article\" \/>\n<meta property=\"og:title\" content=\"Helge Kuu - viirukid - RUUBY\" \/>\n<meta property=\"og:description\" content=\"Iga viiruki tellimusega tuleb kaasa TASUTA Helge Kuu viirukihoidja, mille saad asetada kodus sobivale alusele.\" \/>\n<meta property=\"og:url\" content=\"http:\/\/ruuby.ee\/en\/pood\/kodusisustus\/ruumilohnastajad\/helge-kuu-viirukid\/\" \/>\n<meta property=\"og:site_name\" content=\"RUUBY\" \/>\n<meta property=\"article:publisher\" content=\"https:\/\/www.facebook.com\/ruubyconcept\" \/>\n<meta property=\"article:modified_time\" content=\"2026-04-07T22:28:18+00:00\" \/>\n<meta property=\"og:image\" content=\"http:\/\/ruuby.ee\/wp-content\/uploads\/2026\/01\/Screenshot-2026-01-13-at-14.31.54.png\" \/>\n\t<meta property=\"og:image:width\" content=\"730\" \/>\n\t<meta property=\"og:image:height\" content=\"856\" \/>\n\t<meta property=\"og:image:type\" content=\"image\/png\" \/>\n<meta name=\"twitter:card\" content=\"summary_large_image\" \/>\n<meta name=\"twitter:label1\" content=\"Estimated reading time\" \/>\n\t<meta name=\"twitter:data1\" content=\"2 minutes\" \/>\n<script type=\"application\/ld+json\" class=\"yoast-schema-graph\">{\"@context\":\"https:\\\/\\\/schema.org\",\"@graph\":[{\"@type\":[\"WebPage\",\"ItemPage\"],\"@id\":\"http:\\\/\\\/ruuby.ee\\\/en\\\/pood\\\/kodusisustus\\\/ruumilohnastajad\\\/helge-kuu-viirukid\\\/\",\"url\":\"http:\\\/\\\/ruuby.ee\\\/en\\\/pood\\\/kodusisustus\\\/ruumilohnastajad\\\/helge-kuu-viirukid\\\/\",\"name\":\"Helge Kuu - viirukid - RUUBY\",\"isPartOf\":{\"@id\":\"http:\\\/\\\/ruuby.ee\\\/en\\\/#website\"},\"primaryImageOfPage\":{\"@id\":\"http:\\\/\\\/ruuby.ee\\\/en\\\/pood\\\/kodusisustus\\\/ruumilohnastajad\\\/helge-kuu-viirukid\\\/#primaryimage\"},\"image\":{\"@id\":\"http:\\\/\\\/ruuby.ee\\\/en\\\/pood\\\/kodusisustus\\\/ruumilohnastajad\\\/helge-kuu-viirukid\\\/#primaryimage\"},\"thumbnailUrl\":\"http:\\\/\\\/ruuby.ee\\\/wp-content\\\/uploads\\\/2026\\\/01\\\/Screenshot-2026-01-13-at-14.31.54.png\",\"datePublished\":\"2026-01-13T12:44:09+00:00\",\"dateModified\":\"2026-04-07T22:28:18+00:00\",\"breadcrumb\":{\"@id\":\"http:\\\/\\\/ruuby.ee\\\/en\\\/pood\\\/kodusisustus\\\/ruumilohnastajad\\\/helge-kuu-viirukid\\\/#breadcrumb\"},\"inLanguage\":\"en-GB\",\"potentialAction\":[{\"@type\":\"ReadAction\",\"target\":[\"http:\\\/\\\/ruuby.ee\\\/en\\\/pood\\\/kodusisustus\\\/ruumilohnastajad\\\/helge-kuu-viirukid\\\/\"]}]},{\"@type\":\"ImageObject\",\"inLanguage\":\"en-GB\",\"@id\":\"http:\\\/\\\/ruuby.ee\\\/en\\\/pood\\\/kodusisustus\\\/ruumilohnastajad\\\/helge-kuu-viirukid\\\/#primaryimage\",\"url\":\"http:\\\/\\\/ruuby.ee\\\/wp-content\\\/uploads\\\/2026\\\/01\\\/Screenshot-2026-01-13-at-14.31.54.png\",\"contentUrl\":\"http:\\\/\\\/ruuby.ee\\\/wp-content\\\/uploads\\\/2026\\\/01\\\/Screenshot-2026-01-13-at-14.31.54.png\",\"width\":730,\"height\":856},{\"@type\":\"BreadcrumbList\",\"@id\":\"http:\\\/\\\/ruuby.ee\\\/en\\\/pood\\\/kodusisustus\\\/ruumilohnastajad\\\/helge-kuu-viirukid\\\/#breadcrumb\",\"itemListElement\":[{\"@type\":\"ListItem\",\"position\":1,\"name\":\"Kdu\",\"item\":\"http:\\\/\\\/ruuby.ee\\\/en\\\/\"},{\"@type\":\"ListItem\",\"position\":2,\"name\":\"Pood\",\"item\":\"http:\\\/\\\/ruuby.ee\\\/en\\\/pood\\\/\"},{\"@type\":\"ListItem\",\"position\":3,\"name\":\"Helge Kuu &#8211; viirukid\"}]},{\"@type\":\"WebSite\",\"@id\":\"http:\\\/\\\/ruuby.ee\\\/en\\\/#website\",\"url\":\"http:\\\/\\\/ruuby.ee\\\/en\\\/\",\"name\":\"RUUBY\",\"description\":\"Ruubys on \u00fchendatud elustiil ja disain\",\"publisher\":{\"@id\":\"http:\\\/\\\/ruuby.ee\\\/en\\\/#organization\"},\"alternateName\":\"Ruuby Disain\",\"potentialAction\":[{\"@type\":\"SearchAction\",\"target\":{\"@type\":\"EntryPoint\",\"urlTemplate\":\"http:\\\/\\\/ruuby.ee\\\/en\\\/?s={search_term_string}\"},\"query-input\":{\"@type\":\"PropertyValueSpecification\",\"valueRequired\":true,\"valueName\":\"search_term_string\"}}],\"inLanguage\":\"en-GB\"},{\"@type\":\"Organization\",\"@id\":\"http:\\\/\\\/ruuby.ee\\\/en\\\/#organization\",\"name\":\"Ruuby Disain O\u00dc\",\"alternateName\":\"Ruuby\",\"url\":\"http:\\\/\\\/ruuby.ee\\\/en\\\/\",\"logo\":{\"@type\":\"ImageObject\",\"inLanguage\":\"en-GB\",\"@id\":\"http:\\\/\\\/ruuby.ee\\\/en\\\/#\\\/schema\\\/logo\\\/image\\\/\",\"url\":\"http:\\\/\\\/ruuby.ee\\\/wp-content\\\/uploads\\\/2023\\\/06\\\/cropped-Black-White-Elegant-Circle-Signature-Fashion-Logo-12_large.png\",\"contentUrl\":\"http:\\\/\\\/ruuby.ee\\\/wp-content\\\/uploads\\\/2023\\\/06\\\/cropped-Black-White-Elegant-Circle-Signature-Fashion-Logo-12_large.png\",\"width\":1280,\"height\":747,\"caption\":\"Ruuby Disain O\u00dc\"},\"image\":{\"@id\":\"http:\\\/\\\/ruuby.ee\\\/en\\\/#\\\/schema\\\/logo\\\/image\\\/\"},\"sameAs\":[\"https:\\\/\\\/www.facebook.com\\\/ruubyconcept\",\"https:\\\/\\\/www.instagram.com\\\/ruuby_concept\\\/\"]}]}<\/script>\n<!-- \/ Yoast SEO plugin. -->","yoast_head_json":{"title":"Helge Kuu - viirukid - RUUBY","robots":{"index":"index","follow":"follow","max-snippet":"max-snippet:-1","max-image-preview":"max-image-preview:large","max-video-preview":"max-video-preview:-1"},"canonical":"http:\/\/ruuby.ee\/en\/pood\/kodusisustus\/ruumilohnastajad\/helge-kuu-viirukid\/","og_locale":"en_GB","og_type":"article","og_title":"Helge Kuu - viirukid - RUUBY","og_description":"Iga viiruki tellimusega tuleb kaasa TASUTA Helge Kuu viirukihoidja, mille saad asetada kodus sobivale alusele.","og_url":"http:\/\/ruuby.ee\/en\/pood\/kodusisustus\/ruumilohnastajad\/helge-kuu-viirukid\/","og_site_name":"RUUBY","article_publisher":"https:\/\/www.facebook.com\/ruubyconcept","article_modified_time":"2026-04-07T22:28:18+00:00","og_image":[{"width":730,"height":856,"url":"http:\/\/ruuby.ee\/wp-content\/uploads\/2026\/01\/Screenshot-2026-01-13-at-14.31.54.png","type":"image\/png"}],"twitter_card":"summary_large_image","twitter_misc":{"Estimated reading time":"2 minutes"},"schema":{"@context":"https:\/\/schema.org","@graph":[{"@type":["WebPage","ItemPage"],"@id":"http:\/\/ruuby.ee\/en\/pood\/kodusisustus\/ruumilohnastajad\/helge-kuu-viirukid\/","url":"http:\/\/ruuby.ee\/en\/pood\/kodusisustus\/ruumilohnastajad\/helge-kuu-viirukid\/","name":"Helge Kuu - viirukid - RUUBY","isPartOf":{"@id":"http:\/\/ruuby.ee\/en\/#website"},"primaryImageOfPage":{"@id":"http:\/\/ruuby.ee\/en\/pood\/kodusisustus\/ruumilohnastajad\/helge-kuu-viirukid\/#primaryimage"},"image":{"@id":"http:\/\/ruuby.ee\/en\/pood\/kodusisustus\/ruumilohnastajad\/helge-kuu-viirukid\/#primaryimage"},"thumbnailUrl":"http:\/\/ruuby.ee\/wp-content\/uploads\/2026\/01\/Screenshot-2026-01-13-at-14.31.54.png","datePublished":"2026-01-13T12:44:09+00:00","dateModified":"2026-04-07T22:28:18+00:00","breadcrumb":{"@id":"http:\/\/ruuby.ee\/en\/pood\/kodusisustus\/ruumilohnastajad\/helge-kuu-viirukid\/#breadcrumb"},"inLanguage":"en-GB","potentialAction":[{"@type":"ReadAction","target":["http:\/\/ruuby.ee\/en\/pood\/kodusisustus\/ruumilohnastajad\/helge-kuu-viirukid\/"]}]},{"@type":"ImageObject","inLanguage":"en-GB","@id":"http:\/\/ruuby.ee\/en\/pood\/kodusisustus\/ruumilohnastajad\/helge-kuu-viirukid\/#primaryimage","url":"http:\/\/ruuby.ee\/wp-content\/uploads\/2026\/01\/Screenshot-2026-01-13-at-14.31.54.png","contentUrl":"http:\/\/ruuby.ee\/wp-content\/uploads\/2026\/01\/Screenshot-2026-01-13-at-14.31.54.png","width":730,"height":856},{"@type":"BreadcrumbList","@id":"http:\/\/ruuby.ee\/en\/pood\/kodusisustus\/ruumilohnastajad\/helge-kuu-viirukid\/#breadcrumb","itemListElement":[{"@type":"ListItem","position":1,"name":"Kdu","item":"http:\/\/ruuby.ee\/en\/"},{"@type":"ListItem","position":2,"name":"Pood","item":"http:\/\/ruuby.ee\/en\/pood\/"},{"@type":"ListItem","position":3,"name":"Helge Kuu &#8211; viirukid"}]},{"@type":"WebSite","@id":"http:\/\/ruuby.ee\/en\/#website","url":"http:\/\/ruuby.ee\/en\/","name":"RUUBY","description":"Ruubys on \u00fchendatud elustiil ja disain","publisher":{"@id":"http:\/\/ruuby.ee\/en\/#organization"},"alternateName":"Ruuby Disain","potentialAction":[{"@type":"SearchAction","target":{"@type":"EntryPoint","urlTemplate":"http:\/\/ruuby.ee\/en\/?s={search_term_string}"},"query-input":{"@type":"PropertyValueSpecification","valueRequired":true,"valueName":"search_term_string"}}],"inLanguage":"en-GB"},{"@type":"Organization","@id":"http:\/\/ruuby.ee\/en\/#organization","name":"Ruuby Disain O\u00dc","alternateName":"Ruuby","url":"http:\/\/ruuby.ee\/en\/","logo":{"@type":"ImageObject","inLanguage":"en-GB","@id":"http:\/\/ruuby.ee\/en\/#\/schema\/logo\/image\/","url":"http:\/\/ruuby.ee\/wp-content\/uploads\/2023\/06\/cropped-Black-White-Elegant-Circle-Signature-Fashion-Logo-12_large.png","contentUrl":"http:\/\/ruuby.ee\/wp-content\/uploads\/2023\/06\/cropped-Black-White-Elegant-Circle-Signature-Fashion-Logo-12_large.png","width":1280,"height":747,"caption":"Ruuby Disain O\u00dc"},"image":{"@id":"http:\/\/ruuby.ee\/en\/#\/schema\/logo\/image\/"},"sameAs":["https:\/\/www.facebook.com\/ruubyconcept","https:\/\/www.instagram.com\/ruuby_concept\/"]}]}},"jetpack_sharing_enabled":true,"_links":{"self":[{"href":"http:\/\/ruuby.ee\/en\/wp-json\/wp\/v2\/product\/1858654","targetHints":{"allow":["GET"]}}],"collection":[{"href":"http:\/\/ruuby.ee\/en\/wp-json\/wp\/v2\/product"}],"about":[{"href":"http:\/\/ruuby.ee\/en\/wp-json\/wp\/v2\/types\/product"}],"replies":[{"embeddable":true,"href":"http:\/\/ruuby.ee\/en\/wp-json\/wp\/v2\/comments?post=1858654"}],"wp:featuredmedia":[{"embeddable":true,"href":"http:\/\/ruuby.ee\/en\/wp-json\/wp\/v2\/media\/1858670"}],"wp:attachment":[{"href":"http:\/\/ruuby.ee\/en\/wp-json\/wp\/v2\/media?parent=1858654"}],"wp:term":[{"taxonomy":"product_brand","embeddable":true,"href":"http:\/\/ruuby.ee\/en\/wp-json\/wp\/v2\/product_brand?post=1858654"},{"taxonomy":"product_cat","embeddable":true,"href":"http:\/\/ruuby.ee\/en\/wp-json\/wp\/v2\/product_cat?post=1858654"},{"taxonomy":"product_tag","embeddable":true,"href":"http:\/\/ruuby.ee\/en\/wp-json\/wp\/v2\/product_tag?post=1858654"}],"curies":[{"name":"wp","href":"https:\/\/api.w.org\/{rel}","templated":true}]}}