{"id":1858073,"date":"2025-11-25T13:27:03","date_gmt":"2025-11-25T11:27:03","guid":{"rendered":"https:\/\/ruuby.ee\/pood\/maaratlemata\/oyoy-mini-pullo-taldrik-ja-kauss-rose-apricot\/"},"modified":"2026-04-03T01:24:27","modified_gmt":"2026-04-02T22:24:27","slug":"oyoy-mini-pullo-taldrik-ja-kauss-rose-apricot","status":"publish","type":"product","link":"http:\/\/ruuby.ee\/en\/pood\/lapsed\/beebikaubad\/soogiaeg\/oyoy-mini-pullo-taldrik-ja-kauss-rose-apricot\/","title":{"rendered":"OYOY Mini Pullo taldrik ja kauss, Rose\/Apricot"},"content":{"rendered":"<p>Avastage Pullo v\u00e4rviline valik lastele m\u00f5eldud s\u00f6\u00f6gin\u00f5usid. Pullo lauan\u00f5ude seeria on valmistatud biolagunevast ja keskkonnas\u00f5bralikust materjalist, mis on kujundatud erksates, m\u00e4ngulistes v\u00e4rvides.<\/p>\n<p>Pullo taldriku ja kausi komplekt sobib suurep\u00e4raselt teie v\u00e4ikeste lemmiktoitude serveerimiseks. Sobitage lauale erinevaid v\u00e4rve, kui lapsele s\u00fc\u00fca pakute.<\/p>\n<p>V\u00f5ib pesta n\u00f5udepesumasinas.<\/p>","protected":false},"excerpt":{"rendered":"<p>Pullo taldriku ja kausi komplekt sobib suurep\u00e4raselt teie v\u00e4ikeste lemmiktoitude serveerimiseks. Sobitage lauale erinevaid v\u00e4rve, kui lapsele s\u00fc\u00fca pakute.<\/p>","protected":false},"featured_media":1858083,"comment_status":"open","ping_status":"closed","template":"","meta":[],"product_brand":[],"product_cat":[262,657,22,681],"product_tag":[70,269],"class_list":{"0":"post-1858073","1":"product","2":"type-product","3":"status-publish","4":"has-post-thumbnail","6":"product_cat-beebikaubad","7":"product_cat-kinkekomplektid","8":"product_cat-lapsed","9":"product_cat-soogiaeg","10":"product_tag-lapsed","11":"product_tag-soogikomplekt","13":"first","14":"instock","15":"taxable","16":"shipping-taxable","17":"purchasable","18":"product-type-simple"},"yoast_head":"<!-- This site is optimized with the Yoast SEO plugin v27.2 - https:\/\/yoast.com\/product\/yoast-seo-wordpress\/ -->\n<title>OYOY Mini Pullo taldrik ja kauss, Rose\/Apricot - RUUBY<\/title>\n<meta name=\"robots\" content=\"index, follow, max-snippet:-1, max-image-preview:large, max-video-preview:-1\" \/>\n<link rel=\"canonical\" href=\"https:\/\/ruuby.ee\/en\/pood\/lapsed\/beebikaubad\/soogiaeg\/oyoy-mini-pullo-taldrik-ja-kauss-rose-apricot\/\" \/>\n<meta property=\"og:locale\" content=\"en_GB\" \/>\n<meta property=\"og:type\" content=\"article\" \/>\n<meta property=\"og:title\" content=\"OYOY Mini Pullo taldrik ja kauss, Rose\/Apricot - RUUBY\" \/>\n<meta property=\"og:description\" content=\"Pullo taldriku ja kausi komplekt sobib suurep\u00e4raselt teie v\u00e4ikeste lemmiktoitude serveerimiseks. Sobitage lauale erinevaid v\u00e4rve, kui lapsele s\u00fc\u00fca pakute.\" \/>\n<meta property=\"og:url\" content=\"https:\/\/ruuby.ee\/en\/pood\/lapsed\/beebikaubad\/soogiaeg\/oyoy-mini-pullo-taldrik-ja-kauss-rose-apricot\/\" \/>\n<meta property=\"og:site_name\" content=\"RUUBY\" \/>\n<meta property=\"article:publisher\" content=\"https:\/\/www.facebook.com\/ruubyconcept\" \/>\n<meta property=\"article:modified_time\" content=\"2026-04-02T22:24:27+00:00\" \/>\n<meta property=\"og:image\" content=\"https:\/\/ruuby.ee\/wp-content\/uploads\/2025\/11\/Screenshot-2025-11-25-at-13.59.49.png\" \/>\n\t<meta property=\"og:image:width\" content=\"732\" \/>\n\t<meta property=\"og:image:height\" content=\"938\" \/>\n\t<meta property=\"og:image:type\" content=\"image\/png\" \/>\n<meta name=\"twitter:card\" content=\"summary_large_image\" \/>\n<meta name=\"twitter:label1\" content=\"Estimated reading time\" \/>\n\t<meta name=\"twitter:data1\" content=\"1 minute\" \/>\n<script type=\"application\/ld+json\" class=\"yoast-schema-graph\">{\"@context\":\"https:\/\/schema.org\",\"@graph\":[{\"@type\":[\"WebPage\",\"ItemPage\"],\"@id\":\"https:\/\/ruuby.ee\/pood\/lapsed\/beebikaubad\/soogiaeg\/oyoy-mini-pullo-taldrik-ja-kauss-rose-apricot\/\",\"url\":\"https:\/\/ruuby.ee\/pood\/lapsed\/beebikaubad\/soogiaeg\/oyoy-mini-pullo-taldrik-ja-kauss-rose-apricot\/\",\"name\":\"OYOY Mini Pullo taldrik ja kauss, Rose\/Apricot - RUUBY\",\"isPartOf\":{\"@id\":\"https:\/\/ruuby.ee\/en\/#website\"},\"primaryImageOfPage\":{\"@id\":\"https:\/\/ruuby.ee\/pood\/lapsed\/beebikaubad\/soogiaeg\/oyoy-mini-pullo-taldrik-ja-kauss-rose-apricot\/#primaryimage\"},\"image\":{\"@id\":\"https:\/\/ruuby.ee\/pood\/lapsed\/beebikaubad\/soogiaeg\/oyoy-mini-pullo-taldrik-ja-kauss-rose-apricot\/#primaryimage\"},\"thumbnailUrl\":\"http:\/\/ruuby.ee\/wp-content\/uploads\/2025\/11\/Screenshot-2025-11-25-at-13.59.49.png\",\"datePublished\":\"2025-11-25T11:27:03+00:00\",\"dateModified\":\"2026-04-02T22:24:27+00:00\",\"breadcrumb\":{\"@id\":\"https:\/\/ruuby.ee\/pood\/lapsed\/beebikaubad\/soogiaeg\/oyoy-mini-pullo-taldrik-ja-kauss-rose-apricot\/#breadcrumb\"},\"inLanguage\":\"en-GB\",\"potentialAction\":[{\"@type\":\"ReadAction\",\"target\":[\"https:\/\/ruuby.ee\/pood\/lapsed\/beebikaubad\/soogiaeg\/oyoy-mini-pullo-taldrik-ja-kauss-rose-apricot\/\"]}]},{\"@type\":\"ImageObject\",\"inLanguage\":\"en-GB\",\"@id\":\"https:\/\/ruuby.ee\/pood\/lapsed\/beebikaubad\/soogiaeg\/oyoy-mini-pullo-taldrik-ja-kauss-rose-apricot\/#primaryimage\",\"url\":\"http:\/\/ruuby.ee\/wp-content\/uploads\/2025\/11\/Screenshot-2025-11-25-at-13.59.49.png\",\"contentUrl\":\"http:\/\/ruuby.ee\/wp-content\/uploads\/2025\/11\/Screenshot-2025-11-25-at-13.59.49.png\",\"width\":732,\"height\":938},{\"@type\":\"BreadcrumbList\",\"@id\":\"https:\/\/ruuby.ee\/pood\/lapsed\/beebikaubad\/soogiaeg\/oyoy-mini-pullo-taldrik-ja-kauss-rose-apricot\/#breadcrumb\",\"itemListElement\":[{\"@type\":\"ListItem\",\"position\":1,\"name\":\"Kdu\",\"item\":\"https:\/\/ruuby.ee\/en\/\"},{\"@type\":\"ListItem\",\"position\":2,\"name\":\"Pood\",\"item\":\"https:\/\/ruuby.ee\/pood\/\"},{\"@type\":\"ListItem\",\"position\":3,\"name\":\"OYOY Mini Pullo taldrik ja kauss, Rose\/Apricot\"}]},{\"@type\":\"WebSite\",\"@id\":\"https:\/\/ruuby.ee\/en\/#website\",\"url\":\"https:\/\/ruuby.ee\/en\/\",\"name\":\"RUUBY\",\"description\":\"Ruubys on \u00fchendatud elustiil ja disain\",\"publisher\":{\"@id\":\"https:\/\/ruuby.ee\/en\/#organization\"},\"alternateName\":\"Ruuby Disain\",\"potentialAction\":[{\"@type\":\"SearchAction\",\"target\":{\"@type\":\"EntryPoint\",\"urlTemplate\":\"https:\/\/ruuby.ee\/en\/?s={search_term_string}\"},\"query-input\":{\"@type\":\"PropertyValueSpecification\",\"valueRequired\":true,\"valueName\":\"search_term_string\"}}],\"inLanguage\":\"en-GB\"},{\"@type\":\"Organization\",\"@id\":\"https:\/\/ruuby.ee\/en\/#organization\",\"name\":\"Ruuby Disain O\u00dc\",\"alternateName\":\"Ruuby\",\"url\":\"https:\/\/ruuby.ee\/en\/\",\"logo\":{\"@type\":\"ImageObject\",\"inLanguage\":\"en-GB\",\"@id\":\"https:\/\/ruuby.ee\/en\/#\/schema\/logo\/image\/\",\"url\":\"http:\/\/ruuby.ee\/wp-content\/uploads\/2023\/06\/cropped-Black-White-Elegant-Circle-Signature-Fashion-Logo-12_large.png\",\"contentUrl\":\"http:\/\/ruuby.ee\/wp-content\/uploads\/2023\/06\/cropped-Black-White-Elegant-Circle-Signature-Fashion-Logo-12_large.png\",\"width\":1280,\"height\":747,\"caption\":\"Ruuby Disain O\u00dc\"},\"image\":{\"@id\":\"https:\/\/ruuby.ee\/en\/#\/schema\/logo\/image\/\"},\"sameAs\":[\"https:\/\/www.facebook.com\/ruubyconcept\",\"https:\/\/www.instagram.com\/ruuby_concept\/\"]}]}<\/script>\n<!-- \/ Yoast SEO plugin. -->","yoast_head_json":{"title":"OYOY Mini Pullo taldrik ja kauss, Rose\/Apricot - RUUBY","robots":{"index":"index","follow":"follow","max-snippet":"max-snippet:-1","max-image-preview":"max-image-preview:large","max-video-preview":"max-video-preview:-1"},"canonical":"https:\/\/ruuby.ee\/en\/pood\/lapsed\/beebikaubad\/soogiaeg\/oyoy-mini-pullo-taldrik-ja-kauss-rose-apricot\/","og_locale":"en_GB","og_type":"article","og_title":"OYOY Mini Pullo taldrik ja kauss, Rose\/Apricot - RUUBY","og_description":"Pullo taldriku ja kausi komplekt sobib suurep\u00e4raselt teie v\u00e4ikeste lemmiktoitude serveerimiseks. Sobitage lauale erinevaid v\u00e4rve, kui lapsele s\u00fc\u00fca pakute.","og_url":"https:\/\/ruuby.ee\/en\/pood\/lapsed\/beebikaubad\/soogiaeg\/oyoy-mini-pullo-taldrik-ja-kauss-rose-apricot\/","og_site_name":"RUUBY","article_publisher":"https:\/\/www.facebook.com\/ruubyconcept","article_modified_time":"2026-04-02T22:24:27+00:00","og_image":[{"width":732,"height":938,"url":"https:\/\/ruuby.ee\/wp-content\/uploads\/2025\/11\/Screenshot-2025-11-25-at-13.59.49.png","type":"image\/png"}],"twitter_card":"summary_large_image","twitter_misc":{"Estimated reading time":"1 minute"},"schema":{"@context":"https:\/\/schema.org","@graph":[{"@type":["WebPage","ItemPage"],"@id":"https:\/\/ruuby.ee\/pood\/lapsed\/beebikaubad\/soogiaeg\/oyoy-mini-pullo-taldrik-ja-kauss-rose-apricot\/","url":"https:\/\/ruuby.ee\/pood\/lapsed\/beebikaubad\/soogiaeg\/oyoy-mini-pullo-taldrik-ja-kauss-rose-apricot\/","name":"OYOY Mini Pullo taldrik ja kauss, Rose\/Apricot - RUUBY","isPartOf":{"@id":"https:\/\/ruuby.ee\/en\/#website"},"primaryImageOfPage":{"@id":"https:\/\/ruuby.ee\/pood\/lapsed\/beebikaubad\/soogiaeg\/oyoy-mini-pullo-taldrik-ja-kauss-rose-apricot\/#primaryimage"},"image":{"@id":"https:\/\/ruuby.ee\/pood\/lapsed\/beebikaubad\/soogiaeg\/oyoy-mini-pullo-taldrik-ja-kauss-rose-apricot\/#primaryimage"},"thumbnailUrl":"http:\/\/ruuby.ee\/wp-content\/uploads\/2025\/11\/Screenshot-2025-11-25-at-13.59.49.png","datePublished":"2025-11-25T11:27:03+00:00","dateModified":"2026-04-02T22:24:27+00:00","breadcrumb":{"@id":"https:\/\/ruuby.ee\/pood\/lapsed\/beebikaubad\/soogiaeg\/oyoy-mini-pullo-taldrik-ja-kauss-rose-apricot\/#breadcrumb"},"inLanguage":"en-GB","potentialAction":[{"@type":"ReadAction","target":["https:\/\/ruuby.ee\/pood\/lapsed\/beebikaubad\/soogiaeg\/oyoy-mini-pullo-taldrik-ja-kauss-rose-apricot\/"]}]},{"@type":"ImageObject","inLanguage":"en-GB","@id":"https:\/\/ruuby.ee\/pood\/lapsed\/beebikaubad\/soogiaeg\/oyoy-mini-pullo-taldrik-ja-kauss-rose-apricot\/#primaryimage","url":"http:\/\/ruuby.ee\/wp-content\/uploads\/2025\/11\/Screenshot-2025-11-25-at-13.59.49.png","contentUrl":"http:\/\/ruuby.ee\/wp-content\/uploads\/2025\/11\/Screenshot-2025-11-25-at-13.59.49.png","width":732,"height":938},{"@type":"BreadcrumbList","@id":"https:\/\/ruuby.ee\/pood\/lapsed\/beebikaubad\/soogiaeg\/oyoy-mini-pullo-taldrik-ja-kauss-rose-apricot\/#breadcrumb","itemListElement":[{"@type":"ListItem","position":1,"name":"Kdu","item":"https:\/\/ruuby.ee\/en\/"},{"@type":"ListItem","position":2,"name":"Pood","item":"https:\/\/ruuby.ee\/pood\/"},{"@type":"ListItem","position":3,"name":"OYOY Mini Pullo taldrik ja kauss, Rose\/Apricot"}]},{"@type":"WebSite","@id":"https:\/\/ruuby.ee\/en\/#website","url":"https:\/\/ruuby.ee\/en\/","name":"RUUBY","description":"Ruubys on \u00fchendatud elustiil ja disain","publisher":{"@id":"https:\/\/ruuby.ee\/en\/#organization"},"alternateName":"Ruuby Disain","potentialAction":[{"@type":"SearchAction","target":{"@type":"EntryPoint","urlTemplate":"https:\/\/ruuby.ee\/en\/?s={search_term_string}"},"query-input":{"@type":"PropertyValueSpecification","valueRequired":true,"valueName":"search_term_string"}}],"inLanguage":"en-GB"},{"@type":"Organization","@id":"https:\/\/ruuby.ee\/en\/#organization","name":"Ruuby Disain O\u00dc","alternateName":"Ruuby","url":"https:\/\/ruuby.ee\/en\/","logo":{"@type":"ImageObject","inLanguage":"en-GB","@id":"https:\/\/ruuby.ee\/en\/#\/schema\/logo\/image\/","url":"http:\/\/ruuby.ee\/wp-content\/uploads\/2023\/06\/cropped-Black-White-Elegant-Circle-Signature-Fashion-Logo-12_large.png","contentUrl":"http:\/\/ruuby.ee\/wp-content\/uploads\/2023\/06\/cropped-Black-White-Elegant-Circle-Signature-Fashion-Logo-12_large.png","width":1280,"height":747,"caption":"Ruuby Disain O\u00dc"},"image":{"@id":"https:\/\/ruuby.ee\/en\/#\/schema\/logo\/image\/"},"sameAs":["https:\/\/www.facebook.com\/ruubyconcept","https:\/\/www.instagram.com\/ruuby_concept\/"]}]}},"jetpack_sharing_enabled":true,"_links":{"self":[{"href":"http:\/\/ruuby.ee\/en\/wp-json\/wp\/v2\/product\/1858073","targetHints":{"allow":["GET"]}}],"collection":[{"href":"http:\/\/ruuby.ee\/en\/wp-json\/wp\/v2\/product"}],"about":[{"href":"http:\/\/ruuby.ee\/en\/wp-json\/wp\/v2\/types\/product"}],"replies":[{"embeddable":true,"href":"http:\/\/ruuby.ee\/en\/wp-json\/wp\/v2\/comments?post=1858073"}],"wp:featuredmedia":[{"embeddable":true,"href":"http:\/\/ruuby.ee\/en\/wp-json\/wp\/v2\/media\/1858083"}],"wp:attachment":[{"href":"http:\/\/ruuby.ee\/en\/wp-json\/wp\/v2\/media?parent=1858073"}],"wp:term":[{"taxonomy":"product_brand","embeddable":true,"href":"http:\/\/ruuby.ee\/en\/wp-json\/wp\/v2\/product_brand?post=1858073"},{"taxonomy":"product_cat","embeddable":true,"href":"http:\/\/ruuby.ee\/en\/wp-json\/wp\/v2\/product_cat?post=1858073"},{"taxonomy":"product_tag","embeddable":true,"href":"http:\/\/ruuby.ee\/en\/wp-json\/wp\/v2\/product_tag?post=1858073"}],"curies":[{"name":"wp","href":"https:\/\/api.w.org\/{rel}","templated":true}]}}