{"id":1858023,"date":"2025-11-24T14:14:19","date_gmt":"2025-11-24T12:14:19","guid":{"rendered":"https:\/\/ruuby.ee\/?post_type=product&#038;p=1858023"},"modified":"2026-04-08T01:28:19","modified_gmt":"2026-04-07T22:28:19","slug":"hello-hossy-puzzle-8-eri-komplekti","status":"publish","type":"product","link":"http:\/\/ruuby.ee\/en\/pood\/joulueri\/joulumeisterdused-lastele\/hello-hossy-puzzle-8-eri-komplekti\/","title":{"rendered":"Hello Hossy PUZZLE, 8 eri komplekti"},"content":{"rendered":"<p>Sulle ja sinu lastele meeldib see kindlasti!<\/p>\n<p>Maksimaalne formaat, \u00fclimalt l\u00f5bus, megalahedad visuaalid. Eksklusiivne illustratsioon, raamatuformaadis pakend kogumiseks ja kaunistamiseks. Super kingiidee!<\/p>\n<p>Eksklusiivne illustratsioon, mis on saadaval kaheksas erinevas pildis ja suurused. Vali vaid oma lemmik!<\/p>\n<p>Taaskasutatud papp \u267b\ufe0f<br \/>\nPakend raamatuformaadis (ideaalne hoiustamiseks ja kaunistamiseks).<\/p>\n<p>M\u00f5\u00f5tmed: 48 x 32 cm.<br \/>\nCE-vastavusm\u00e4rgisega.<\/p>\n<p><strong>Milline valida:<\/strong><\/p>\n<ul>\n<li>Kirsisafari: 26 x 22 cm &#8211; 25 t\u00fckki,<\/li>\n<li>Click &amp; Chill: 26 x 22 cm &#8211; 36 t\u00fckki,<\/li>\n<li>Hello Hossy House: 26 x 22 cm &#8211; 48 t\u00fckki,<\/li>\n<li>J\u00e4\u00e4tisep\u00e4ev: 26 x 22 cm &#8211; 96 t\u00fckki,<\/li>\n<li>Just Enjoy: 26 x 22 cm &#8211; 4 v\u00e4ikest puslet 6, 8, 10 ja 12 t\u00fckiga,<\/li>\n<li>San Francisco: 15 x 22 cm &#8211; 16 t\u00fckki,<\/li>\n<li>Teel: 15 x 22 cm &#8211; 24 t\u00fckki,<\/li>\n<li>Miami Plage: 15 x 22 cm &#8211; 28 t\u00fckki,<\/li>\n<\/ul>\n<p>K\u00f5ik meie pusled on valmistatud taaskasutatud papist.<\/p>\n<p>Vastab CE-standarditele (m\u00e4nguasjade ohutus, sh keemiline testimine).<\/p>\n<p>V\u00e4ltida kokkupuudet veega.<\/p>\n<p>N\u00e4pun\u00e4ide: Hoida kuivas, mitte niiskuse eest kaitstult.<\/p>","protected":false},"excerpt":{"rendered":"<p>Eksklusiivne illustratsioon, raamatuformaadis pakend kogumiseks ja kaunistamiseks. Super kingiidee!<\/p>","protected":false},"featured_media":1858055,"comment_status":"open","ping_status":"closed","template":"","meta":[],"product_brand":[],"product_cat":[954,491,953,22,67,662],"product_tag":[492,279,70,73],"class_list":{"0":"post-1858023","1":"product","2":"type-product","3":"status-publish","4":"has-post-thumbnail","6":"product_cat-joulu-kinkekomplektid","7":"product_cat-joulueri","8":"product_cat-joulumeisterdused-lastele","9":"product_cat-lapsed","10":"product_cat-meisterdamine","11":"product_cat-puzze","12":"product_tag-joulud","13":"product_tag-kinkekomplekt","14":"product_tag-lapsed","15":"product_tag-puzzle","17":"first","18":"instock","19":"taxable","20":"shipping-taxable","21":"purchasable","22":"product-type-variable","23":"rtwpvs-product"},"yoast_head":"<!-- This site is optimized with the Yoast SEO plugin v27.3 - https:\/\/yoast.com\/product\/yoast-seo-wordpress\/ -->\n<title>Hello Hossy PUZZLE, 8 eri komplekti - RUUBY<\/title>\n<meta name=\"robots\" content=\"index, follow, max-snippet:-1, max-image-preview:large, max-video-preview:-1\" \/>\n<link rel=\"canonical\" href=\"http:\/\/ruuby.ee\/en\/pood\/joulueri\/joulumeisterdused-lastele\/hello-hossy-puzzle-8-eri-komplekti\/\" \/>\n<meta property=\"og:locale\" content=\"en_GB\" \/>\n<meta property=\"og:type\" content=\"article\" \/>\n<meta property=\"og:title\" content=\"Hello Hossy PUZZLE, 8 eri komplekti - RUUBY\" \/>\n<meta property=\"og:description\" content=\"Eksklusiivne illustratsioon, raamatuformaadis pakend kogumiseks ja kaunistamiseks. Super kingiidee!\" \/>\n<meta property=\"og:url\" content=\"http:\/\/ruuby.ee\/en\/pood\/joulueri\/joulumeisterdused-lastele\/hello-hossy-puzzle-8-eri-komplekti\/\" \/>\n<meta property=\"og:site_name\" content=\"RUUBY\" \/>\n<meta property=\"article:publisher\" content=\"https:\/\/www.facebook.com\/ruubyconcept\" \/>\n<meta property=\"article:modified_time\" content=\"2026-04-07T22:28:19+00:00\" \/>\n<meta property=\"og:image\" content=\"http:\/\/ruuby.ee\/wp-content\/uploads\/2025\/11\/Screenshot-2025-11-24-at-14.22.33-690x1024.png\" \/>\n\t<meta property=\"og:image:width\" content=\"690\" \/>\n\t<meta property=\"og:image:height\" content=\"1024\" \/>\n\t<meta property=\"og:image:type\" content=\"image\/png\" \/>\n<meta name=\"twitter:card\" content=\"summary_large_image\" \/>\n<meta name=\"twitter:label1\" content=\"Estimated reading time\" \/>\n\t<meta name=\"twitter:data1\" content=\"1 minute\" \/>\n<script type=\"application\/ld+json\" class=\"yoast-schema-graph\">{\"@context\":\"https:\\\/\\\/schema.org\",\"@graph\":[{\"@type\":[\"WebPage\",\"ItemPage\"],\"@id\":\"http:\\\/\\\/ruuby.ee\\\/pood\\\/joulueri\\\/joulumeisterdused-lastele\\\/hello-hossy-puzzle-8-eri-komplekti\\\/\",\"url\":\"http:\\\/\\\/ruuby.ee\\\/pood\\\/joulueri\\\/joulumeisterdused-lastele\\\/hello-hossy-puzzle-8-eri-komplekti\\\/\",\"name\":\"Hello Hossy PUZZLE, 8 eri komplekti - RUUBY\",\"isPartOf\":{\"@id\":\"http:\\\/\\\/ruuby.ee\\\/en\\\/#website\"},\"primaryImageOfPage\":{\"@id\":\"http:\\\/\\\/ruuby.ee\\\/pood\\\/joulueri\\\/joulumeisterdused-lastele\\\/hello-hossy-puzzle-8-eri-komplekti\\\/#primaryimage\"},\"image\":{\"@id\":\"http:\\\/\\\/ruuby.ee\\\/pood\\\/joulueri\\\/joulumeisterdused-lastele\\\/hello-hossy-puzzle-8-eri-komplekti\\\/#primaryimage\"},\"thumbnailUrl\":\"http:\\\/\\\/ruuby.ee\\\/wp-content\\\/uploads\\\/2025\\\/11\\\/Screenshot-2025-11-24-at-14.22.33.png\",\"datePublished\":\"2025-11-24T12:14:19+00:00\",\"dateModified\":\"2026-04-07T22:28:19+00:00\",\"breadcrumb\":{\"@id\":\"http:\\\/\\\/ruuby.ee\\\/pood\\\/joulueri\\\/joulumeisterdused-lastele\\\/hello-hossy-puzzle-8-eri-komplekti\\\/#breadcrumb\"},\"inLanguage\":\"en-GB\",\"potentialAction\":[{\"@type\":\"ReadAction\",\"target\":[\"http:\\\/\\\/ruuby.ee\\\/pood\\\/joulueri\\\/joulumeisterdused-lastele\\\/hello-hossy-puzzle-8-eri-komplekti\\\/\"]}]},{\"@type\":\"ImageObject\",\"inLanguage\":\"en-GB\",\"@id\":\"http:\\\/\\\/ruuby.ee\\\/pood\\\/joulueri\\\/joulumeisterdused-lastele\\\/hello-hossy-puzzle-8-eri-komplekti\\\/#primaryimage\",\"url\":\"http:\\\/\\\/ruuby.ee\\\/wp-content\\\/uploads\\\/2025\\\/11\\\/Screenshot-2025-11-24-at-14.22.33.png\",\"contentUrl\":\"http:\\\/\\\/ruuby.ee\\\/wp-content\\\/uploads\\\/2025\\\/11\\\/Screenshot-2025-11-24-at-14.22.33.png\",\"width\":900,\"height\":1336},{\"@type\":\"BreadcrumbList\",\"@id\":\"http:\\\/\\\/ruuby.ee\\\/pood\\\/joulueri\\\/joulumeisterdused-lastele\\\/hello-hossy-puzzle-8-eri-komplekti\\\/#breadcrumb\",\"itemListElement\":[{\"@type\":\"ListItem\",\"position\":1,\"name\":\"Kdu\",\"item\":\"http:\\\/\\\/ruuby.ee\\\/en\\\/\"},{\"@type\":\"ListItem\",\"position\":2,\"name\":\"Pood\",\"item\":\"http:\\\/\\\/ruuby.ee\\\/en\\\/pood\\\/\"},{\"@type\":\"ListItem\",\"position\":3,\"name\":\"Hello Hossy PUZZLE, 8 eri komplekti\"}]},{\"@type\":\"WebSite\",\"@id\":\"http:\\\/\\\/ruuby.ee\\\/en\\\/#website\",\"url\":\"http:\\\/\\\/ruuby.ee\\\/en\\\/\",\"name\":\"RUUBY\",\"description\":\"Ruubys on \u00fchendatud elustiil ja disain\",\"publisher\":{\"@id\":\"http:\\\/\\\/ruuby.ee\\\/en\\\/#organization\"},\"alternateName\":\"Ruuby Disain\",\"potentialAction\":[{\"@type\":\"SearchAction\",\"target\":{\"@type\":\"EntryPoint\",\"urlTemplate\":\"http:\\\/\\\/ruuby.ee\\\/en\\\/?s={search_term_string}\"},\"query-input\":{\"@type\":\"PropertyValueSpecification\",\"valueRequired\":true,\"valueName\":\"search_term_string\"}}],\"inLanguage\":\"en-GB\"},{\"@type\":\"Organization\",\"@id\":\"http:\\\/\\\/ruuby.ee\\\/en\\\/#organization\",\"name\":\"Ruuby Disain O\u00dc\",\"alternateName\":\"Ruuby\",\"url\":\"http:\\\/\\\/ruuby.ee\\\/en\\\/\",\"logo\":{\"@type\":\"ImageObject\",\"inLanguage\":\"en-GB\",\"@id\":\"http:\\\/\\\/ruuby.ee\\\/en\\\/#\\\/schema\\\/logo\\\/image\\\/\",\"url\":\"http:\\\/\\\/ruuby.ee\\\/wp-content\\\/uploads\\\/2023\\\/06\\\/cropped-Black-White-Elegant-Circle-Signature-Fashion-Logo-12_large.png\",\"contentUrl\":\"http:\\\/\\\/ruuby.ee\\\/wp-content\\\/uploads\\\/2023\\\/06\\\/cropped-Black-White-Elegant-Circle-Signature-Fashion-Logo-12_large.png\",\"width\":1280,\"height\":747,\"caption\":\"Ruuby Disain O\u00dc\"},\"image\":{\"@id\":\"http:\\\/\\\/ruuby.ee\\\/en\\\/#\\\/schema\\\/logo\\\/image\\\/\"},\"sameAs\":[\"https:\\\/\\\/www.facebook.com\\\/ruubyconcept\",\"https:\\\/\\\/www.instagram.com\\\/ruuby_concept\\\/\"]}]}<\/script>\n<!-- \/ Yoast SEO plugin. -->","yoast_head_json":{"title":"Hello Hossy PUZZLE, 8 eri komplekti - RUUBY","robots":{"index":"index","follow":"follow","max-snippet":"max-snippet:-1","max-image-preview":"max-image-preview:large","max-video-preview":"max-video-preview:-1"},"canonical":"http:\/\/ruuby.ee\/en\/pood\/joulueri\/joulumeisterdused-lastele\/hello-hossy-puzzle-8-eri-komplekti\/","og_locale":"en_GB","og_type":"article","og_title":"Hello Hossy PUZZLE, 8 eri komplekti - RUUBY","og_description":"Eksklusiivne illustratsioon, raamatuformaadis pakend kogumiseks ja kaunistamiseks. Super kingiidee!","og_url":"http:\/\/ruuby.ee\/en\/pood\/joulueri\/joulumeisterdused-lastele\/hello-hossy-puzzle-8-eri-komplekti\/","og_site_name":"RUUBY","article_publisher":"https:\/\/www.facebook.com\/ruubyconcept","article_modified_time":"2026-04-07T22:28:19+00:00","og_image":[{"width":690,"height":1024,"url":"http:\/\/ruuby.ee\/wp-content\/uploads\/2025\/11\/Screenshot-2025-11-24-at-14.22.33-690x1024.png","type":"image\/png"}],"twitter_card":"summary_large_image","twitter_misc":{"Estimated reading time":"1 minute"},"schema":{"@context":"https:\/\/schema.org","@graph":[{"@type":["WebPage","ItemPage"],"@id":"http:\/\/ruuby.ee\/pood\/joulueri\/joulumeisterdused-lastele\/hello-hossy-puzzle-8-eri-komplekti\/","url":"http:\/\/ruuby.ee\/pood\/joulueri\/joulumeisterdused-lastele\/hello-hossy-puzzle-8-eri-komplekti\/","name":"Hello Hossy PUZZLE, 8 eri komplekti - RUUBY","isPartOf":{"@id":"http:\/\/ruuby.ee\/en\/#website"},"primaryImageOfPage":{"@id":"http:\/\/ruuby.ee\/pood\/joulueri\/joulumeisterdused-lastele\/hello-hossy-puzzle-8-eri-komplekti\/#primaryimage"},"image":{"@id":"http:\/\/ruuby.ee\/pood\/joulueri\/joulumeisterdused-lastele\/hello-hossy-puzzle-8-eri-komplekti\/#primaryimage"},"thumbnailUrl":"http:\/\/ruuby.ee\/wp-content\/uploads\/2025\/11\/Screenshot-2025-11-24-at-14.22.33.png","datePublished":"2025-11-24T12:14:19+00:00","dateModified":"2026-04-07T22:28:19+00:00","breadcrumb":{"@id":"http:\/\/ruuby.ee\/pood\/joulueri\/joulumeisterdused-lastele\/hello-hossy-puzzle-8-eri-komplekti\/#breadcrumb"},"inLanguage":"en-GB","potentialAction":[{"@type":"ReadAction","target":["http:\/\/ruuby.ee\/pood\/joulueri\/joulumeisterdused-lastele\/hello-hossy-puzzle-8-eri-komplekti\/"]}]},{"@type":"ImageObject","inLanguage":"en-GB","@id":"http:\/\/ruuby.ee\/pood\/joulueri\/joulumeisterdused-lastele\/hello-hossy-puzzle-8-eri-komplekti\/#primaryimage","url":"http:\/\/ruuby.ee\/wp-content\/uploads\/2025\/11\/Screenshot-2025-11-24-at-14.22.33.png","contentUrl":"http:\/\/ruuby.ee\/wp-content\/uploads\/2025\/11\/Screenshot-2025-11-24-at-14.22.33.png","width":900,"height":1336},{"@type":"BreadcrumbList","@id":"http:\/\/ruuby.ee\/pood\/joulueri\/joulumeisterdused-lastele\/hello-hossy-puzzle-8-eri-komplekti\/#breadcrumb","itemListElement":[{"@type":"ListItem","position":1,"name":"Kdu","item":"http:\/\/ruuby.ee\/en\/"},{"@type":"ListItem","position":2,"name":"Pood","item":"http:\/\/ruuby.ee\/en\/pood\/"},{"@type":"ListItem","position":3,"name":"Hello Hossy PUZZLE, 8 eri komplekti"}]},{"@type":"WebSite","@id":"http:\/\/ruuby.ee\/en\/#website","url":"http:\/\/ruuby.ee\/en\/","name":"RUUBY","description":"Ruubys on \u00fchendatud elustiil ja disain","publisher":{"@id":"http:\/\/ruuby.ee\/en\/#organization"},"alternateName":"Ruuby Disain","potentialAction":[{"@type":"SearchAction","target":{"@type":"EntryPoint","urlTemplate":"http:\/\/ruuby.ee\/en\/?s={search_term_string}"},"query-input":{"@type":"PropertyValueSpecification","valueRequired":true,"valueName":"search_term_string"}}],"inLanguage":"en-GB"},{"@type":"Organization","@id":"http:\/\/ruuby.ee\/en\/#organization","name":"Ruuby Disain O\u00dc","alternateName":"Ruuby","url":"http:\/\/ruuby.ee\/en\/","logo":{"@type":"ImageObject","inLanguage":"en-GB","@id":"http:\/\/ruuby.ee\/en\/#\/schema\/logo\/image\/","url":"http:\/\/ruuby.ee\/wp-content\/uploads\/2023\/06\/cropped-Black-White-Elegant-Circle-Signature-Fashion-Logo-12_large.png","contentUrl":"http:\/\/ruuby.ee\/wp-content\/uploads\/2023\/06\/cropped-Black-White-Elegant-Circle-Signature-Fashion-Logo-12_large.png","width":1280,"height":747,"caption":"Ruuby Disain O\u00dc"},"image":{"@id":"http:\/\/ruuby.ee\/en\/#\/schema\/logo\/image\/"},"sameAs":["https:\/\/www.facebook.com\/ruubyconcept","https:\/\/www.instagram.com\/ruuby_concept\/"]}]}},"jetpack_sharing_enabled":true,"_links":{"self":[{"href":"http:\/\/ruuby.ee\/en\/wp-json\/wp\/v2\/product\/1858023","targetHints":{"allow":["GET"]}}],"collection":[{"href":"http:\/\/ruuby.ee\/en\/wp-json\/wp\/v2\/product"}],"about":[{"href":"http:\/\/ruuby.ee\/en\/wp-json\/wp\/v2\/types\/product"}],"replies":[{"embeddable":true,"href":"http:\/\/ruuby.ee\/en\/wp-json\/wp\/v2\/comments?post=1858023"}],"wp:featuredmedia":[{"embeddable":true,"href":"http:\/\/ruuby.ee\/en\/wp-json\/wp\/v2\/media\/1858055"}],"wp:attachment":[{"href":"http:\/\/ruuby.ee\/en\/wp-json\/wp\/v2\/media?parent=1858023"}],"wp:term":[{"taxonomy":"product_brand","embeddable":true,"href":"http:\/\/ruuby.ee\/en\/wp-json\/wp\/v2\/product_brand?post=1858023"},{"taxonomy":"product_cat","embeddable":true,"href":"http:\/\/ruuby.ee\/en\/wp-json\/wp\/v2\/product_cat?post=1858023"},{"taxonomy":"product_tag","embeddable":true,"href":"http:\/\/ruuby.ee\/en\/wp-json\/wp\/v2\/product_tag?post=1858023"}],"curies":[{"name":"wp","href":"https:\/\/api.w.org\/{rel}","templated":true}]}}