{"id":1857988,"date":"2025-11-23T20:15:05","date_gmt":"2025-11-23T18:15:05","guid":{"rendered":"https:\/\/ruuby.ee\/pood\/maaratlemata\/miss-nella-kinkekomplekt-twinkle-box\/"},"modified":"2026-04-05T01:25:13","modified_gmt":"2026-04-04T22:25:13","slug":"miss-nella-kinkekomplekt-twinkle-box","status":"publish","type":"product","link":"http:\/\/ruuby.ee\/en\/pood\/joulueri\/joulumeisterdused-lastele\/miss-nella-kinkekomplekt-twinkle-box\/","title":{"rendered":"Miss Nella kinkekomplekt Twinkle Box"},"content":{"rendered":"<p>Miss Nella j\u00f5ulukarp \u201eTwinkle Box\u201c on ideaalne pidulik kingitus lastele, kes armastavad s\u00e4ra ja l\u00f5bu! See maagiline p\u00fchadekomplekt, mis on t\u00e4is s\u00e4delevaid, v\u00e4rvilisi ja m\u00e4ngulisi ilutoite, laseb pisikestel sel j\u00f5ulul s\u00e4rada ja end eriti eriliselt tunda. See on ideaalne j\u00f5ulupuu alla \u00fcllatusteks, t\u00e4is pidulikku r\u00f5\u00f5mu ja armsat meiki, mis muudab p\u00fchade m\u00e4nguaja r\u00f5\u00f5msaks ja maagiliseks\ud83c\udf6c<\/p>\n<p>Meie pidulik karp sisaldab:<\/p>\n<p>1 Astroglow kehas\u00e4demeid<br \/>\n1 parf\u00fc\u00fcmi<br \/>\n1 minikuure komplekti<br \/>\n1 huulte ja n\u00e4pun\u00e4idete duo komplekti<br \/>\n1 Macaron Magic silma- ja p\u00f5sepuna duo paletti<br \/>\n1 pintslite komplekti<br \/>\n1 peapaela<\/p>\n<p><strong>Kuidas kasutada:<\/strong><\/p>\n<ul>\n<li>K\u00fc\u00fcnelakk<\/li>\n<\/ul>\n<p>Kandke k\u00fc\u00fcnelakk k\u00fc\u00fcnte puhastamiseks ja laske sellel kuivada. Kui teie laps on muutusteks valmis, koorige see lihtsalt maha \u2013 k\u00fc\u00fcnelakieemaldajat pole vaja!<\/p>\n<ul>\n<li>P\u00f5sepuna ja lauv\u00e4rvid<\/li>\n<\/ul>\n<p>Kasutage kaasasolevat pintslikomplekti, et kanda p\u00f5sepuna p\u00f5skedele ja lauv\u00e4rvi silmalaugudele l\u00f5busa ja lapses\u00f5braliku meigi loomiseks.<\/p>\n<ul>\n<li>K\u00fc\u00fcnte ja aksessuaaride komplekt<\/li>\n<\/ul>\n<p>Ettevalmistage k\u00fc\u00fcned varvaste eraldajate ja k\u00fc\u00fcneviiliga ning kaunistage seej\u00e4rel kleepsude v\u00f5i ajutiste t\u00e4toveeringutega, et lisada l\u00f5busust!<\/p>","protected":false},"excerpt":{"rendered":"<p>See pidulikku l\u00f5bu ja s\u00e4ra t\u00e4is komplekt laseb lastel avastada oma loovust ja nautida m\u00e4ngulist hellitamist r\u00f5\u00f5msal ja maagilisel viisil. See on ideaalne v\u00e4ikestele k\u00e4tele ja suurele kujutlusv\u00f5imele, see toob ellu hooaja r\u00f5\u00f5mu ja muudab iga piduliku hetke eriti eriliseks.<\/p>\n<p><b>Peagi laos, soovi korral lisa teavitus!<\/b><\/p>","protected":false},"featured_media":1858007,"comment_status":"open","ping_status":"closed","template":"","meta":[],"product_brand":[],"product_cat":[654,954,491,953,657,656,655,22,344,667],"product_tag":[492,279,70],"class_list":{"0":"post-1857988","1":"product","2":"type-product","3":"status-publish","4":"has-post-thumbnail","6":"product_cat-huulelaige","7":"product_cat-joulu-kinkekomplektid","8":"product_cat-joulueri","9":"product_cat-joulumeisterdused-lastele","10":"product_cat-kinkekomplektid","11":"product_cat-kuunekleepsud","12":"product_cat-kuunelakk","13":"product_cat-lapsed","14":"product_cat-laste-kosmeetika","15":"product_cat-nagu","16":"product_tag-joulud","17":"product_tag-kinkekomplekt","18":"product_tag-lapsed","20":"first","21":"instock","22":"taxable","23":"shipping-taxable","24":"purchasable","25":"product-type-simple"},"yoast_head":"<!-- This site is optimized with the Yoast SEO plugin v27.2 - https:\/\/yoast.com\/product\/yoast-seo-wordpress\/ -->\n<title>Miss Nella kinkekomplekt Twinkle Box - RUUBY<\/title>\n<meta name=\"robots\" content=\"index, follow, max-snippet:-1, max-image-preview:large, max-video-preview:-1\" \/>\n<link rel=\"canonical\" href=\"https:\/\/ruuby.ee\/en\/pood\/joulueri\/joulumeisterdused-lastele\/miss-nella-kinkekomplekt-twinkle-box\/\" \/>\n<meta property=\"og:locale\" content=\"en_GB\" \/>\n<meta property=\"og:type\" content=\"article\" \/>\n<meta property=\"og:title\" content=\"Miss Nella kinkekomplekt Twinkle Box - RUUBY\" \/>\n<meta property=\"og:description\" content=\"See pidulikku l\u00f5bu ja s\u00e4ra t\u00e4is komplekt laseb lastel avastada oma loovust ja nautida m\u00e4ngulist hellitamist r\u00f5\u00f5msal ja maagilisel viisil. See on ideaalne v\u00e4ikestele k\u00e4tele ja suurele kujutlusv\u00f5imele, see toob ellu hooaja r\u00f5\u00f5mu ja muudab iga piduliku hetke eriti eriliseks.  Peagi laos, soovi korral lisa teavitus!\" \/>\n<meta property=\"og:url\" content=\"https:\/\/ruuby.ee\/en\/pood\/joulueri\/joulumeisterdused-lastele\/miss-nella-kinkekomplekt-twinkle-box\/\" \/>\n<meta property=\"og:site_name\" content=\"RUUBY\" \/>\n<meta property=\"article:publisher\" content=\"https:\/\/www.facebook.com\/ruubyconcept\" \/>\n<meta property=\"article:modified_time\" content=\"2026-04-04T22:25:13+00:00\" \/>\n<meta property=\"og:image\" content=\"https:\/\/ruuby.ee\/wp-content\/uploads\/2025\/11\/Screenshot-2025-11-23-at-20.32.58.png\" \/>\n\t<meta property=\"og:image:width\" content=\"1296\" \/>\n\t<meta property=\"og:image:height\" content=\"1248\" \/>\n\t<meta property=\"og:image:type\" content=\"image\/png\" \/>\n<meta name=\"twitter:card\" content=\"summary_large_image\" \/>\n<meta name=\"twitter:label1\" content=\"Estimated reading time\" \/>\n\t<meta name=\"twitter:data1\" content=\"2 minutes\" \/>\n<script type=\"application\/ld+json\" class=\"yoast-schema-graph\">{\"@context\":\"https:\/\/schema.org\",\"@graph\":[{\"@type\":[\"WebPage\",\"ItemPage\"],\"@id\":\"https:\/\/ruuby.ee\/pood\/joulueri\/joulumeisterdused-lastele\/miss-nella-kinkekomplekt-twinkle-box\/\",\"url\":\"https:\/\/ruuby.ee\/pood\/joulueri\/joulumeisterdused-lastele\/miss-nella-kinkekomplekt-twinkle-box\/\",\"name\":\"Miss Nella kinkekomplekt Twinkle Box - RUUBY\",\"isPartOf\":{\"@id\":\"http:\/\/ruuby.ee\/#website\"},\"primaryImageOfPage\":{\"@id\":\"https:\/\/ruuby.ee\/pood\/joulueri\/joulumeisterdused-lastele\/miss-nella-kinkekomplekt-twinkle-box\/#primaryimage\"},\"image\":{\"@id\":\"https:\/\/ruuby.ee\/pood\/joulueri\/joulumeisterdused-lastele\/miss-nella-kinkekomplekt-twinkle-box\/#primaryimage\"},\"thumbnailUrl\":\"http:\/\/ruuby.ee\/wp-content\/uploads\/2025\/11\/Screenshot-2025-11-23-at-20.32.58.png\",\"datePublished\":\"2025-11-23T18:15:05+00:00\",\"dateModified\":\"2026-04-04T22:25:13+00:00\",\"breadcrumb\":{\"@id\":\"https:\/\/ruuby.ee\/pood\/joulueri\/joulumeisterdused-lastele\/miss-nella-kinkekomplekt-twinkle-box\/#breadcrumb\"},\"inLanguage\":\"en-GB\",\"potentialAction\":[{\"@type\":\"ReadAction\",\"target\":[\"https:\/\/ruuby.ee\/pood\/joulueri\/joulumeisterdused-lastele\/miss-nella-kinkekomplekt-twinkle-box\/\"]}]},{\"@type\":\"ImageObject\",\"inLanguage\":\"en-GB\",\"@id\":\"https:\/\/ruuby.ee\/pood\/joulueri\/joulumeisterdused-lastele\/miss-nella-kinkekomplekt-twinkle-box\/#primaryimage\",\"url\":\"http:\/\/ruuby.ee\/wp-content\/uploads\/2025\/11\/Screenshot-2025-11-23-at-20.32.58.png\",\"contentUrl\":\"http:\/\/ruuby.ee\/wp-content\/uploads\/2025\/11\/Screenshot-2025-11-23-at-20.32.58.png\",\"width\":1296,\"height\":1248},{\"@type\":\"BreadcrumbList\",\"@id\":\"https:\/\/ruuby.ee\/pood\/joulueri\/joulumeisterdused-lastele\/miss-nella-kinkekomplekt-twinkle-box\/#breadcrumb\",\"itemListElement\":[{\"@type\":\"ListItem\",\"position\":1,\"name\":\"Kdu\",\"item\":\"http:\/\/ruuby.ee\/\"},{\"@type\":\"ListItem\",\"position\":2,\"name\":\"Pood\",\"item\":\"https:\/\/ruuby.ee\/en\/pood\/\"},{\"@type\":\"ListItem\",\"position\":3,\"name\":\"Miss Nella kinkekomplekt Twinkle Box\"}]},{\"@type\":\"WebSite\",\"@id\":\"http:\/\/ruuby.ee\/#website\",\"url\":\"http:\/\/ruuby.ee\/\",\"name\":\"RUUBY\",\"description\":\"Ruubys on \u00fchendatud elustiil ja disain\",\"publisher\":{\"@id\":\"http:\/\/ruuby.ee\/#organization\"},\"alternateName\":\"Ruuby Disain\",\"potentialAction\":[{\"@type\":\"SearchAction\",\"target\":{\"@type\":\"EntryPoint\",\"urlTemplate\":\"http:\/\/ruuby.ee\/?s={search_term_string}\"},\"query-input\":{\"@type\":\"PropertyValueSpecification\",\"valueRequired\":true,\"valueName\":\"search_term_string\"}}],\"inLanguage\":\"en-GB\"},{\"@type\":\"Organization\",\"@id\":\"http:\/\/ruuby.ee\/#organization\",\"name\":\"Ruuby Disain O\u00dc\",\"alternateName\":\"Ruuby\",\"url\":\"http:\/\/ruuby.ee\/\",\"logo\":{\"@type\":\"ImageObject\",\"inLanguage\":\"en-GB\",\"@id\":\"http:\/\/ruuby.ee\/#\/schema\/logo\/image\/\",\"url\":\"http:\/\/ruuby.ee\/wp-content\/uploads\/2023\/06\/cropped-Black-White-Elegant-Circle-Signature-Fashion-Logo-12_large.png\",\"contentUrl\":\"http:\/\/ruuby.ee\/wp-content\/uploads\/2023\/06\/cropped-Black-White-Elegant-Circle-Signature-Fashion-Logo-12_large.png\",\"width\":1280,\"height\":747,\"caption\":\"Ruuby Disain O\u00dc\"},\"image\":{\"@id\":\"http:\/\/ruuby.ee\/#\/schema\/logo\/image\/\"},\"sameAs\":[\"https:\/\/www.facebook.com\/ruubyconcept\",\"https:\/\/www.instagram.com\/ruuby_concept\/\"]}]}<\/script>\n<!-- \/ Yoast SEO plugin. -->","yoast_head_json":{"title":"Miss Nella kinkekomplekt Twinkle Box - RUUBY","robots":{"index":"index","follow":"follow","max-snippet":"max-snippet:-1","max-image-preview":"max-image-preview:large","max-video-preview":"max-video-preview:-1"},"canonical":"https:\/\/ruuby.ee\/en\/pood\/joulueri\/joulumeisterdused-lastele\/miss-nella-kinkekomplekt-twinkle-box\/","og_locale":"en_GB","og_type":"article","og_title":"Miss Nella kinkekomplekt Twinkle Box - RUUBY","og_description":"See pidulikku l\u00f5bu ja s\u00e4ra t\u00e4is komplekt laseb lastel avastada oma loovust ja nautida m\u00e4ngulist hellitamist r\u00f5\u00f5msal ja maagilisel viisil. See on ideaalne v\u00e4ikestele k\u00e4tele ja suurele kujutlusv\u00f5imele, see toob ellu hooaja r\u00f5\u00f5mu ja muudab iga piduliku hetke eriti eriliseks.  Peagi laos, soovi korral lisa teavitus!","og_url":"https:\/\/ruuby.ee\/en\/pood\/joulueri\/joulumeisterdused-lastele\/miss-nella-kinkekomplekt-twinkle-box\/","og_site_name":"RUUBY","article_publisher":"https:\/\/www.facebook.com\/ruubyconcept","article_modified_time":"2026-04-04T22:25:13+00:00","og_image":[{"width":1296,"height":1248,"url":"https:\/\/ruuby.ee\/wp-content\/uploads\/2025\/11\/Screenshot-2025-11-23-at-20.32.58.png","type":"image\/png"}],"twitter_card":"summary_large_image","twitter_misc":{"Estimated reading time":"2 minutes"},"schema":{"@context":"https:\/\/schema.org","@graph":[{"@type":["WebPage","ItemPage"],"@id":"https:\/\/ruuby.ee\/pood\/joulueri\/joulumeisterdused-lastele\/miss-nella-kinkekomplekt-twinkle-box\/","url":"https:\/\/ruuby.ee\/pood\/joulueri\/joulumeisterdused-lastele\/miss-nella-kinkekomplekt-twinkle-box\/","name":"Miss Nella kinkekomplekt Twinkle Box - RUUBY","isPartOf":{"@id":"http:\/\/ruuby.ee\/#website"},"primaryImageOfPage":{"@id":"https:\/\/ruuby.ee\/pood\/joulueri\/joulumeisterdused-lastele\/miss-nella-kinkekomplekt-twinkle-box\/#primaryimage"},"image":{"@id":"https:\/\/ruuby.ee\/pood\/joulueri\/joulumeisterdused-lastele\/miss-nella-kinkekomplekt-twinkle-box\/#primaryimage"},"thumbnailUrl":"http:\/\/ruuby.ee\/wp-content\/uploads\/2025\/11\/Screenshot-2025-11-23-at-20.32.58.png","datePublished":"2025-11-23T18:15:05+00:00","dateModified":"2026-04-04T22:25:13+00:00","breadcrumb":{"@id":"https:\/\/ruuby.ee\/pood\/joulueri\/joulumeisterdused-lastele\/miss-nella-kinkekomplekt-twinkle-box\/#breadcrumb"},"inLanguage":"en-GB","potentialAction":[{"@type":"ReadAction","target":["https:\/\/ruuby.ee\/pood\/joulueri\/joulumeisterdused-lastele\/miss-nella-kinkekomplekt-twinkle-box\/"]}]},{"@type":"ImageObject","inLanguage":"en-GB","@id":"https:\/\/ruuby.ee\/pood\/joulueri\/joulumeisterdused-lastele\/miss-nella-kinkekomplekt-twinkle-box\/#primaryimage","url":"http:\/\/ruuby.ee\/wp-content\/uploads\/2025\/11\/Screenshot-2025-11-23-at-20.32.58.png","contentUrl":"http:\/\/ruuby.ee\/wp-content\/uploads\/2025\/11\/Screenshot-2025-11-23-at-20.32.58.png","width":1296,"height":1248},{"@type":"BreadcrumbList","@id":"https:\/\/ruuby.ee\/pood\/joulueri\/joulumeisterdused-lastele\/miss-nella-kinkekomplekt-twinkle-box\/#breadcrumb","itemListElement":[{"@type":"ListItem","position":1,"name":"Kdu","item":"http:\/\/ruuby.ee\/"},{"@type":"ListItem","position":2,"name":"Pood","item":"https:\/\/ruuby.ee\/en\/pood\/"},{"@type":"ListItem","position":3,"name":"Miss Nella kinkekomplekt Twinkle Box"}]},{"@type":"WebSite","@id":"http:\/\/ruuby.ee\/#website","url":"http:\/\/ruuby.ee\/","name":"RUUBY","description":"Ruubys on \u00fchendatud elustiil ja disain","publisher":{"@id":"http:\/\/ruuby.ee\/#organization"},"alternateName":"Ruuby Disain","potentialAction":[{"@type":"SearchAction","target":{"@type":"EntryPoint","urlTemplate":"http:\/\/ruuby.ee\/?s={search_term_string}"},"query-input":{"@type":"PropertyValueSpecification","valueRequired":true,"valueName":"search_term_string"}}],"inLanguage":"en-GB"},{"@type":"Organization","@id":"http:\/\/ruuby.ee\/#organization","name":"Ruuby Disain O\u00dc","alternateName":"Ruuby","url":"http:\/\/ruuby.ee\/","logo":{"@type":"ImageObject","inLanguage":"en-GB","@id":"http:\/\/ruuby.ee\/#\/schema\/logo\/image\/","url":"http:\/\/ruuby.ee\/wp-content\/uploads\/2023\/06\/cropped-Black-White-Elegant-Circle-Signature-Fashion-Logo-12_large.png","contentUrl":"http:\/\/ruuby.ee\/wp-content\/uploads\/2023\/06\/cropped-Black-White-Elegant-Circle-Signature-Fashion-Logo-12_large.png","width":1280,"height":747,"caption":"Ruuby Disain O\u00dc"},"image":{"@id":"http:\/\/ruuby.ee\/#\/schema\/logo\/image\/"},"sameAs":["https:\/\/www.facebook.com\/ruubyconcept","https:\/\/www.instagram.com\/ruuby_concept\/"]}]}},"jetpack_sharing_enabled":true,"_links":{"self":[{"href":"http:\/\/ruuby.ee\/en\/wp-json\/wp\/v2\/product\/1857988","targetHints":{"allow":["GET"]}}],"collection":[{"href":"http:\/\/ruuby.ee\/en\/wp-json\/wp\/v2\/product"}],"about":[{"href":"http:\/\/ruuby.ee\/en\/wp-json\/wp\/v2\/types\/product"}],"replies":[{"embeddable":true,"href":"http:\/\/ruuby.ee\/en\/wp-json\/wp\/v2\/comments?post=1857988"}],"wp:featuredmedia":[{"embeddable":true,"href":"http:\/\/ruuby.ee\/en\/wp-json\/wp\/v2\/media\/1858007"}],"wp:attachment":[{"href":"http:\/\/ruuby.ee\/en\/wp-json\/wp\/v2\/media?parent=1857988"}],"wp:term":[{"taxonomy":"product_brand","embeddable":true,"href":"http:\/\/ruuby.ee\/en\/wp-json\/wp\/v2\/product_brand?post=1857988"},{"taxonomy":"product_cat","embeddable":true,"href":"http:\/\/ruuby.ee\/en\/wp-json\/wp\/v2\/product_cat?post=1857988"},{"taxonomy":"product_tag","embeddable":true,"href":"http:\/\/ruuby.ee\/en\/wp-json\/wp\/v2\/product_tag?post=1857988"}],"curies":[{"name":"wp","href":"https:\/\/api.w.org\/{rel}","templated":true}]}}