{"id":1857854,"date":"2025-11-20T21:00:35","date_gmt":"2025-11-20T19:00:35","guid":{"rendered":"https:\/\/ruuby.ee\/pood\/maaratlemata\/cooee-vaas-lee-black\/"},"modified":"2026-04-08T01:28:19","modified_gmt":"2026-04-07T22:28:19","slug":"cooee-vaas-lee-black","status":"publish","type":"product","link":"http:\/\/ruuby.ee\/en\/pood\/kodusisustus\/vaasid\/cooee-vaas-lee-black\/","title":{"rendered":"COOEE Vaas Lee, Black"},"content":{"rendered":"<p>Lee vaasi disainer Anders Pffefer Gjengedal on \u00fcles kasvanud purjekate ja mereeluga. Selle ainulaadse vaasi inspiratsiooniallikaks on purjeka spinnakerpuri, mis toob v\u00e4rske taganttuule tunde otse teie elutuppa. Vaasi disain kajastab spinnakeri voolavat liikumist ja kergust, luues visuaalse v\u00e4ljenduse energiast, mis tekib, kui tuul purje t\u00e4idab. Pehmete joonte ja \u00f5hulise vormiga vaas tekitab liikumistunde. Tuulealune, rahulik varjupaik, on ideaalne koht viibimiseks, kus \u00f5rn taganttuul annab nii kiiruse kui ka rahu.<\/p>\n<p>Asetage see vaas oma koju kunstiteosena, et luua d\u00fcnaamiline ja seikluslik \u00f5hkkond. Kogege oma elutoas taganttuult iga kord, kui lasete pilgul puhata sellel kaunil vaasil, mis on esmalt valmistatud puidust lihtsate t\u00f6\u00f6riistadega. Las see meenutab teile purjekaelu vabadust ja r\u00f5\u00f5mu.<\/p>\n<p>Kaal: 1115g<\/p>\n<p>M\u00f5\u00f5tmed: 18 cm<\/p>","protected":false},"excerpt":{"rendered":"<p>Lee vaasi disainer Anders Pffefer Gjengedal on \u00fcles kasvanud purjekate ja mereeluga. Selle ainulaadse vaasi inspiratsiooniallikaks on purjeka spinnakerpuri, mis toob v\u00e4rske taganttuule tunde otse teie elutuppa.<\/p>","protected":false},"featured_media":1857881,"comment_status":"open","ping_status":"closed","template":"","meta":[],"product_brand":[],"product_cat":[42,62],"product_tag":[499,364],"class_list":{"0":"post-1857854","1":"product","2":"type-product","3":"status-publish","4":"has-post-thumbnail","6":"product_cat-kodusisustus","7":"product_cat-vaasid","8":"product_tag-cooee-design","9":"product_tag-vaas","11":"first","12":"instock","13":"taxable","14":"shipping-taxable","15":"purchasable","16":"product-type-simple"},"yoast_head":"<!-- This site is optimized with the Yoast SEO plugin v27.3 - https:\/\/yoast.com\/product\/yoast-seo-wordpress\/ -->\n<title>COOEE Vaas Lee, Black - RUUBY<\/title>\n<meta name=\"robots\" content=\"index, follow, max-snippet:-1, max-image-preview:large, max-video-preview:-1\" \/>\n<link rel=\"canonical\" href=\"http:\/\/ruuby.ee\/en\/pood\/kodusisustus\/vaasid\/cooee-vaas-lee-black\/\" \/>\n<meta property=\"og:locale\" content=\"en_GB\" \/>\n<meta property=\"og:type\" content=\"article\" \/>\n<meta property=\"og:title\" content=\"COOEE Vaas Lee, Black - RUUBY\" \/>\n<meta property=\"og:description\" content=\"Lee vaasi disainer Anders Pffefer Gjengedal on \u00fcles kasvanud purjekate ja mereeluga. Selle ainulaadse vaasi inspiratsiooniallikaks on purjeka spinnakerpuri, mis toob v\u00e4rske taganttuule tunde otse teie elutuppa.\" \/>\n<meta property=\"og:url\" content=\"http:\/\/ruuby.ee\/en\/pood\/kodusisustus\/vaasid\/cooee-vaas-lee-black\/\" \/>\n<meta property=\"og:site_name\" content=\"RUUBY\" \/>\n<meta property=\"article:publisher\" content=\"https:\/\/www.facebook.com\/ruubyconcept\" \/>\n<meta property=\"article:modified_time\" content=\"2026-04-07T22:28:19+00:00\" \/>\n<meta property=\"og:image\" content=\"http:\/\/ruuby.ee\/wp-content\/uploads\/2025\/11\/Screenshot-2025-11-20-at-21.54.14.png\" \/>\n\t<meta property=\"og:image:width\" content=\"1054\" \/>\n\t<meta property=\"og:image:height\" content=\"994\" \/>\n\t<meta property=\"og:image:type\" content=\"image\/png\" \/>\n<meta name=\"twitter:card\" content=\"summary_large_image\" \/>\n<meta name=\"twitter:label1\" content=\"Estimated reading time\" \/>\n\t<meta name=\"twitter:data1\" content=\"1 minute\" \/>\n<script type=\"application\/ld+json\" class=\"yoast-schema-graph\">{\"@context\":\"https:\\\/\\\/schema.org\",\"@graph\":[{\"@type\":[\"WebPage\",\"ItemPage\"],\"@id\":\"http:\\\/\\\/ruuby.ee\\\/en\\\/pood\\\/kodusisustus\\\/vaasid\\\/cooee-vaas-lee-black\\\/\",\"url\":\"http:\\\/\\\/ruuby.ee\\\/en\\\/pood\\\/kodusisustus\\\/vaasid\\\/cooee-vaas-lee-black\\\/\",\"name\":\"COOEE Vaas Lee, Black - RUUBY\",\"isPartOf\":{\"@id\":\"http:\\\/\\\/ruuby.ee\\\/en\\\/#website\"},\"primaryImageOfPage\":{\"@id\":\"http:\\\/\\\/ruuby.ee\\\/en\\\/pood\\\/kodusisustus\\\/vaasid\\\/cooee-vaas-lee-black\\\/#primaryimage\"},\"image\":{\"@id\":\"http:\\\/\\\/ruuby.ee\\\/en\\\/pood\\\/kodusisustus\\\/vaasid\\\/cooee-vaas-lee-black\\\/#primaryimage\"},\"thumbnailUrl\":\"http:\\\/\\\/ruuby.ee\\\/wp-content\\\/uploads\\\/2025\\\/11\\\/Screenshot-2025-11-20-at-21.54.14.png\",\"datePublished\":\"2025-11-20T19:00:35+00:00\",\"dateModified\":\"2026-04-07T22:28:19+00:00\",\"breadcrumb\":{\"@id\":\"http:\\\/\\\/ruuby.ee\\\/en\\\/pood\\\/kodusisustus\\\/vaasid\\\/cooee-vaas-lee-black\\\/#breadcrumb\"},\"inLanguage\":\"en-GB\",\"potentialAction\":[{\"@type\":\"ReadAction\",\"target\":[\"http:\\\/\\\/ruuby.ee\\\/en\\\/pood\\\/kodusisustus\\\/vaasid\\\/cooee-vaas-lee-black\\\/\"]}]},{\"@type\":\"ImageObject\",\"inLanguage\":\"en-GB\",\"@id\":\"http:\\\/\\\/ruuby.ee\\\/en\\\/pood\\\/kodusisustus\\\/vaasid\\\/cooee-vaas-lee-black\\\/#primaryimage\",\"url\":\"http:\\\/\\\/ruuby.ee\\\/wp-content\\\/uploads\\\/2025\\\/11\\\/Screenshot-2025-11-20-at-21.54.14.png\",\"contentUrl\":\"http:\\\/\\\/ruuby.ee\\\/wp-content\\\/uploads\\\/2025\\\/11\\\/Screenshot-2025-11-20-at-21.54.14.png\",\"width\":1054,\"height\":994},{\"@type\":\"BreadcrumbList\",\"@id\":\"http:\\\/\\\/ruuby.ee\\\/en\\\/pood\\\/kodusisustus\\\/vaasid\\\/cooee-vaas-lee-black\\\/#breadcrumb\",\"itemListElement\":[{\"@type\":\"ListItem\",\"position\":1,\"name\":\"Kdu\",\"item\":\"http:\\\/\\\/ruuby.ee\\\/en\\\/\"},{\"@type\":\"ListItem\",\"position\":2,\"name\":\"Pood\",\"item\":\"http:\\\/\\\/ruuby.ee\\\/en\\\/pood\\\/\"},{\"@type\":\"ListItem\",\"position\":3,\"name\":\"COOEE Vaas Lee, Black\"}]},{\"@type\":\"WebSite\",\"@id\":\"http:\\\/\\\/ruuby.ee\\\/en\\\/#website\",\"url\":\"http:\\\/\\\/ruuby.ee\\\/en\\\/\",\"name\":\"RUUBY\",\"description\":\"Ruubys on \u00fchendatud elustiil ja disain\",\"publisher\":{\"@id\":\"http:\\\/\\\/ruuby.ee\\\/en\\\/#organization\"},\"alternateName\":\"Ruuby Disain\",\"potentialAction\":[{\"@type\":\"SearchAction\",\"target\":{\"@type\":\"EntryPoint\",\"urlTemplate\":\"http:\\\/\\\/ruuby.ee\\\/en\\\/?s={search_term_string}\"},\"query-input\":{\"@type\":\"PropertyValueSpecification\",\"valueRequired\":true,\"valueName\":\"search_term_string\"}}],\"inLanguage\":\"en-GB\"},{\"@type\":\"Organization\",\"@id\":\"http:\\\/\\\/ruuby.ee\\\/en\\\/#organization\",\"name\":\"Ruuby Disain O\u00dc\",\"alternateName\":\"Ruuby\",\"url\":\"http:\\\/\\\/ruuby.ee\\\/en\\\/\",\"logo\":{\"@type\":\"ImageObject\",\"inLanguage\":\"en-GB\",\"@id\":\"http:\\\/\\\/ruuby.ee\\\/en\\\/#\\\/schema\\\/logo\\\/image\\\/\",\"url\":\"http:\\\/\\\/ruuby.ee\\\/wp-content\\\/uploads\\\/2023\\\/06\\\/cropped-Black-White-Elegant-Circle-Signature-Fashion-Logo-12_large.png\",\"contentUrl\":\"http:\\\/\\\/ruuby.ee\\\/wp-content\\\/uploads\\\/2023\\\/06\\\/cropped-Black-White-Elegant-Circle-Signature-Fashion-Logo-12_large.png\",\"width\":1280,\"height\":747,\"caption\":\"Ruuby Disain O\u00dc\"},\"image\":{\"@id\":\"http:\\\/\\\/ruuby.ee\\\/en\\\/#\\\/schema\\\/logo\\\/image\\\/\"},\"sameAs\":[\"https:\\\/\\\/www.facebook.com\\\/ruubyconcept\",\"https:\\\/\\\/www.instagram.com\\\/ruuby_concept\\\/\"]}]}<\/script>\n<!-- \/ Yoast SEO plugin. -->","yoast_head_json":{"title":"COOEE Vaas Lee, Black - RUUBY","robots":{"index":"index","follow":"follow","max-snippet":"max-snippet:-1","max-image-preview":"max-image-preview:large","max-video-preview":"max-video-preview:-1"},"canonical":"http:\/\/ruuby.ee\/en\/pood\/kodusisustus\/vaasid\/cooee-vaas-lee-black\/","og_locale":"en_GB","og_type":"article","og_title":"COOEE Vaas Lee, Black - RUUBY","og_description":"Lee vaasi disainer Anders Pffefer Gjengedal on \u00fcles kasvanud purjekate ja mereeluga. Selle ainulaadse vaasi inspiratsiooniallikaks on purjeka spinnakerpuri, mis toob v\u00e4rske taganttuule tunde otse teie elutuppa.","og_url":"http:\/\/ruuby.ee\/en\/pood\/kodusisustus\/vaasid\/cooee-vaas-lee-black\/","og_site_name":"RUUBY","article_publisher":"https:\/\/www.facebook.com\/ruubyconcept","article_modified_time":"2026-04-07T22:28:19+00:00","og_image":[{"width":1054,"height":994,"url":"http:\/\/ruuby.ee\/wp-content\/uploads\/2025\/11\/Screenshot-2025-11-20-at-21.54.14.png","type":"image\/png"}],"twitter_card":"summary_large_image","twitter_misc":{"Estimated reading time":"1 minute"},"schema":{"@context":"https:\/\/schema.org","@graph":[{"@type":["WebPage","ItemPage"],"@id":"http:\/\/ruuby.ee\/en\/pood\/kodusisustus\/vaasid\/cooee-vaas-lee-black\/","url":"http:\/\/ruuby.ee\/en\/pood\/kodusisustus\/vaasid\/cooee-vaas-lee-black\/","name":"COOEE Vaas Lee, Black - RUUBY","isPartOf":{"@id":"http:\/\/ruuby.ee\/en\/#website"},"primaryImageOfPage":{"@id":"http:\/\/ruuby.ee\/en\/pood\/kodusisustus\/vaasid\/cooee-vaas-lee-black\/#primaryimage"},"image":{"@id":"http:\/\/ruuby.ee\/en\/pood\/kodusisustus\/vaasid\/cooee-vaas-lee-black\/#primaryimage"},"thumbnailUrl":"http:\/\/ruuby.ee\/wp-content\/uploads\/2025\/11\/Screenshot-2025-11-20-at-21.54.14.png","datePublished":"2025-11-20T19:00:35+00:00","dateModified":"2026-04-07T22:28:19+00:00","breadcrumb":{"@id":"http:\/\/ruuby.ee\/en\/pood\/kodusisustus\/vaasid\/cooee-vaas-lee-black\/#breadcrumb"},"inLanguage":"en-GB","potentialAction":[{"@type":"ReadAction","target":["http:\/\/ruuby.ee\/en\/pood\/kodusisustus\/vaasid\/cooee-vaas-lee-black\/"]}]},{"@type":"ImageObject","inLanguage":"en-GB","@id":"http:\/\/ruuby.ee\/en\/pood\/kodusisustus\/vaasid\/cooee-vaas-lee-black\/#primaryimage","url":"http:\/\/ruuby.ee\/wp-content\/uploads\/2025\/11\/Screenshot-2025-11-20-at-21.54.14.png","contentUrl":"http:\/\/ruuby.ee\/wp-content\/uploads\/2025\/11\/Screenshot-2025-11-20-at-21.54.14.png","width":1054,"height":994},{"@type":"BreadcrumbList","@id":"http:\/\/ruuby.ee\/en\/pood\/kodusisustus\/vaasid\/cooee-vaas-lee-black\/#breadcrumb","itemListElement":[{"@type":"ListItem","position":1,"name":"Kdu","item":"http:\/\/ruuby.ee\/en\/"},{"@type":"ListItem","position":2,"name":"Pood","item":"http:\/\/ruuby.ee\/en\/pood\/"},{"@type":"ListItem","position":3,"name":"COOEE Vaas Lee, Black"}]},{"@type":"WebSite","@id":"http:\/\/ruuby.ee\/en\/#website","url":"http:\/\/ruuby.ee\/en\/","name":"RUUBY","description":"Ruubys on \u00fchendatud elustiil ja disain","publisher":{"@id":"http:\/\/ruuby.ee\/en\/#organization"},"alternateName":"Ruuby Disain","potentialAction":[{"@type":"SearchAction","target":{"@type":"EntryPoint","urlTemplate":"http:\/\/ruuby.ee\/en\/?s={search_term_string}"},"query-input":{"@type":"PropertyValueSpecification","valueRequired":true,"valueName":"search_term_string"}}],"inLanguage":"en-GB"},{"@type":"Organization","@id":"http:\/\/ruuby.ee\/en\/#organization","name":"Ruuby Disain O\u00dc","alternateName":"Ruuby","url":"http:\/\/ruuby.ee\/en\/","logo":{"@type":"ImageObject","inLanguage":"en-GB","@id":"http:\/\/ruuby.ee\/en\/#\/schema\/logo\/image\/","url":"http:\/\/ruuby.ee\/wp-content\/uploads\/2023\/06\/cropped-Black-White-Elegant-Circle-Signature-Fashion-Logo-12_large.png","contentUrl":"http:\/\/ruuby.ee\/wp-content\/uploads\/2023\/06\/cropped-Black-White-Elegant-Circle-Signature-Fashion-Logo-12_large.png","width":1280,"height":747,"caption":"Ruuby Disain O\u00dc"},"image":{"@id":"http:\/\/ruuby.ee\/en\/#\/schema\/logo\/image\/"},"sameAs":["https:\/\/www.facebook.com\/ruubyconcept","https:\/\/www.instagram.com\/ruuby_concept\/"]}]}},"jetpack_sharing_enabled":true,"_links":{"self":[{"href":"http:\/\/ruuby.ee\/en\/wp-json\/wp\/v2\/product\/1857854","targetHints":{"allow":["GET"]}}],"collection":[{"href":"http:\/\/ruuby.ee\/en\/wp-json\/wp\/v2\/product"}],"about":[{"href":"http:\/\/ruuby.ee\/en\/wp-json\/wp\/v2\/types\/product"}],"replies":[{"embeddable":true,"href":"http:\/\/ruuby.ee\/en\/wp-json\/wp\/v2\/comments?post=1857854"}],"wp:featuredmedia":[{"embeddable":true,"href":"http:\/\/ruuby.ee\/en\/wp-json\/wp\/v2\/media\/1857881"}],"wp:attachment":[{"href":"http:\/\/ruuby.ee\/en\/wp-json\/wp\/v2\/media?parent=1857854"}],"wp:term":[{"taxonomy":"product_brand","embeddable":true,"href":"http:\/\/ruuby.ee\/en\/wp-json\/wp\/v2\/product_brand?post=1857854"},{"taxonomy":"product_cat","embeddable":true,"href":"http:\/\/ruuby.ee\/en\/wp-json\/wp\/v2\/product_cat?post=1857854"},{"taxonomy":"product_tag","embeddable":true,"href":"http:\/\/ruuby.ee\/en\/wp-json\/wp\/v2\/product_tag?post=1857854"}],"curies":[{"name":"wp","href":"https:\/\/api.w.org\/{rel}","templated":true}]}}