{"id":1857848,"date":"2025-11-20T21:00:07","date_gmt":"2025-11-20T19:00:07","guid":{"rendered":"https:\/\/ruuby.ee\/pood\/maaratlemata\/cooee-kuunlajalg-kover-23cm-sand\/"},"modified":"2026-04-08T01:28:19","modified_gmt":"2026-04-07T22:28:19","slug":"cooee-kuunlajalg-kover-23cm-sand","status":"publish","type":"product","link":"http:\/\/ruuby.ee\/en\/pood\/kodusisustus\/kuunlad\/kuunlajalad\/cooee-kuunlajalg-kover-23cm-sand\/","title":{"rendered":"COOEE K\u00fc\u00fcnlajalg k\u00f5ver 23cm, Sand"},"content":{"rendered":"<p>Cooee k\u00f5ver k\u00fc\u00fcnlajalg on m\u00e4nguline, kuid samas peen versioon nende klassikalisest metallist k\u00fc\u00fcnlajalast. K\u00f5ver kuju muudab k\u00fc\u00fcnlajala loomulikuks pilgup\u00fc\u00fcdjaks, mis lisab ruumile, kuhu see asetatakse, \u00fchtaegu nii draama kui ka rahu.<\/p>\n<p>Disain on ajatu, elegantne ja ideaalne s\u00f6\u00f6gilauale asetamiseks, kuna s\u00e4\u00e4stab ruumi ja asetab leegi k\u00f5rgele.<\/p>\n<p>Kaal: 22g<\/p>\n<p>M\u00f5\u00f5tmed: 8.5cm x 8.5cm x 23cm<\/p>","protected":false},"excerpt":{"rendered":"<p>Cooee k\u00f5ver k\u00fc\u00fcnlajalg on m\u00e4nguline, kuid samas peen versioon nende klassikalisest metallist k\u00fc\u00fcnlajalast. K\u00f5ver kuju muudab k\u00fc\u00fcnlajala loomulikuks pilgup\u00fc\u00fcdjaks, mis lisab ruumile, kuhu see asetatakse, \u00fchtaegu nii draama kui ka rahu.<\/p>","protected":false},"featured_media":1857868,"comment_status":"open","ping_status":"closed","template":"","meta":[],"product_brand":[],"product_cat":[42,54,741],"product_tag":[499,250],"class_list":{"0":"post-1857848","1":"product","2":"type-product","3":"status-publish","4":"has-post-thumbnail","6":"product_cat-kodusisustus","7":"product_cat-kuunlad","8":"product_cat-kuunlajalad","9":"product_tag-cooee-design","10":"product_tag-kuunlajalg","12":"first","13":"instock","14":"taxable","15":"shipping-taxable","16":"purchasable","17":"product-type-simple"},"yoast_head":"<!-- This site is optimized with the Yoast SEO plugin v27.3 - https:\/\/yoast.com\/product\/yoast-seo-wordpress\/ -->\n<title>COOEE K\u00fc\u00fcnlajalg k\u00f5ver 23cm, Sand - RUUBY<\/title>\n<meta name=\"robots\" content=\"index, follow, max-snippet:-1, max-image-preview:large, max-video-preview:-1\" \/>\n<link rel=\"canonical\" href=\"http:\/\/ruuby.ee\/en\/pood\/kodusisustus\/kuunlad\/kuunlajalad\/cooee-kuunlajalg-kover-23cm-sand\/\" \/>\n<meta property=\"og:locale\" content=\"en_GB\" \/>\n<meta property=\"og:type\" content=\"article\" \/>\n<meta property=\"og:title\" content=\"COOEE K\u00fc\u00fcnlajalg k\u00f5ver 23cm, Sand - RUUBY\" \/>\n<meta property=\"og:description\" content=\"Cooee k\u00f5ver k\u00fc\u00fcnlajalg on m\u00e4nguline, kuid samas peen versioon nende klassikalisest metallist k\u00fc\u00fcnlajalast. K\u00f5ver kuju muudab k\u00fc\u00fcnlajala loomulikuks pilgup\u00fc\u00fcdjaks, mis lisab ruumile, kuhu see asetatakse, \u00fchtaegu nii draama kui ka rahu.\" \/>\n<meta property=\"og:url\" content=\"http:\/\/ruuby.ee\/en\/pood\/kodusisustus\/kuunlad\/kuunlajalad\/cooee-kuunlajalg-kover-23cm-sand\/\" \/>\n<meta property=\"og:site_name\" content=\"RUUBY\" \/>\n<meta property=\"article:publisher\" content=\"https:\/\/www.facebook.com\/ruubyconcept\" \/>\n<meta property=\"article:modified_time\" content=\"2026-04-07T22:28:19+00:00\" \/>\n<meta property=\"og:image\" content=\"http:\/\/ruuby.ee\/wp-content\/uploads\/2025\/11\/Screenshot-2025-11-20-at-21.23.41.png\" \/>\n\t<meta property=\"og:image:width\" content=\"590\" \/>\n\t<meta property=\"og:image:height\" content=\"594\" \/>\n\t<meta property=\"og:image:type\" content=\"image\/png\" \/>\n<meta name=\"twitter:card\" content=\"summary_large_image\" \/>\n<meta name=\"twitter:label1\" content=\"Estimated reading time\" \/>\n\t<meta name=\"twitter:data1\" content=\"1 minute\" \/>\n<script type=\"application\/ld+json\" class=\"yoast-schema-graph\">{\"@context\":\"https:\\\/\\\/schema.org\",\"@graph\":[{\"@type\":[\"WebPage\",\"ItemPage\"],\"@id\":\"http:\\\/\\\/ruuby.ee\\\/en\\\/pood\\\/kodusisustus\\\/kuunlad\\\/kuunlajalad\\\/cooee-kuunlajalg-kover-23cm-sand\\\/\",\"url\":\"http:\\\/\\\/ruuby.ee\\\/en\\\/pood\\\/kodusisustus\\\/kuunlad\\\/kuunlajalad\\\/cooee-kuunlajalg-kover-23cm-sand\\\/\",\"name\":\"COOEE K\u00fc\u00fcnlajalg k\u00f5ver 23cm, Sand - RUUBY\",\"isPartOf\":{\"@id\":\"http:\\\/\\\/ruuby.ee\\\/en\\\/#website\"},\"primaryImageOfPage\":{\"@id\":\"http:\\\/\\\/ruuby.ee\\\/en\\\/pood\\\/kodusisustus\\\/kuunlad\\\/kuunlajalad\\\/cooee-kuunlajalg-kover-23cm-sand\\\/#primaryimage\"},\"image\":{\"@id\":\"http:\\\/\\\/ruuby.ee\\\/en\\\/pood\\\/kodusisustus\\\/kuunlad\\\/kuunlajalad\\\/cooee-kuunlajalg-kover-23cm-sand\\\/#primaryimage\"},\"thumbnailUrl\":\"http:\\\/\\\/ruuby.ee\\\/wp-content\\\/uploads\\\/2025\\\/11\\\/Screenshot-2025-11-20-at-21.23.41.png\",\"datePublished\":\"2025-11-20T19:00:07+00:00\",\"dateModified\":\"2026-04-07T22:28:19+00:00\",\"breadcrumb\":{\"@id\":\"http:\\\/\\\/ruuby.ee\\\/en\\\/pood\\\/kodusisustus\\\/kuunlad\\\/kuunlajalad\\\/cooee-kuunlajalg-kover-23cm-sand\\\/#breadcrumb\"},\"inLanguage\":\"en-GB\",\"potentialAction\":[{\"@type\":\"ReadAction\",\"target\":[\"http:\\\/\\\/ruuby.ee\\\/en\\\/pood\\\/kodusisustus\\\/kuunlad\\\/kuunlajalad\\\/cooee-kuunlajalg-kover-23cm-sand\\\/\"]}]},{\"@type\":\"ImageObject\",\"inLanguage\":\"en-GB\",\"@id\":\"http:\\\/\\\/ruuby.ee\\\/en\\\/pood\\\/kodusisustus\\\/kuunlad\\\/kuunlajalad\\\/cooee-kuunlajalg-kover-23cm-sand\\\/#primaryimage\",\"url\":\"http:\\\/\\\/ruuby.ee\\\/wp-content\\\/uploads\\\/2025\\\/11\\\/Screenshot-2025-11-20-at-21.23.41.png\",\"contentUrl\":\"http:\\\/\\\/ruuby.ee\\\/wp-content\\\/uploads\\\/2025\\\/11\\\/Screenshot-2025-11-20-at-21.23.41.png\",\"width\":590,\"height\":594},{\"@type\":\"BreadcrumbList\",\"@id\":\"http:\\\/\\\/ruuby.ee\\\/en\\\/pood\\\/kodusisustus\\\/kuunlad\\\/kuunlajalad\\\/cooee-kuunlajalg-kover-23cm-sand\\\/#breadcrumb\",\"itemListElement\":[{\"@type\":\"ListItem\",\"position\":1,\"name\":\"Kdu\",\"item\":\"http:\\\/\\\/ruuby.ee\\\/en\\\/\"},{\"@type\":\"ListItem\",\"position\":2,\"name\":\"Pood\",\"item\":\"http:\\\/\\\/ruuby.ee\\\/en\\\/pood\\\/\"},{\"@type\":\"ListItem\",\"position\":3,\"name\":\"COOEE K\u00fc\u00fcnlajalg k\u00f5ver 23cm, Sand\"}]},{\"@type\":\"WebSite\",\"@id\":\"http:\\\/\\\/ruuby.ee\\\/en\\\/#website\",\"url\":\"http:\\\/\\\/ruuby.ee\\\/en\\\/\",\"name\":\"RUUBY\",\"description\":\"Ruubys on \u00fchendatud elustiil ja disain\",\"publisher\":{\"@id\":\"http:\\\/\\\/ruuby.ee\\\/en\\\/#organization\"},\"alternateName\":\"Ruuby Disain\",\"potentialAction\":[{\"@type\":\"SearchAction\",\"target\":{\"@type\":\"EntryPoint\",\"urlTemplate\":\"http:\\\/\\\/ruuby.ee\\\/en\\\/?s={search_term_string}\"},\"query-input\":{\"@type\":\"PropertyValueSpecification\",\"valueRequired\":true,\"valueName\":\"search_term_string\"}}],\"inLanguage\":\"en-GB\"},{\"@type\":\"Organization\",\"@id\":\"http:\\\/\\\/ruuby.ee\\\/en\\\/#organization\",\"name\":\"Ruuby Disain O\u00dc\",\"alternateName\":\"Ruuby\",\"url\":\"http:\\\/\\\/ruuby.ee\\\/en\\\/\",\"logo\":{\"@type\":\"ImageObject\",\"inLanguage\":\"en-GB\",\"@id\":\"http:\\\/\\\/ruuby.ee\\\/en\\\/#\\\/schema\\\/logo\\\/image\\\/\",\"url\":\"http:\\\/\\\/ruuby.ee\\\/wp-content\\\/uploads\\\/2023\\\/06\\\/cropped-Black-White-Elegant-Circle-Signature-Fashion-Logo-12_large.png\",\"contentUrl\":\"http:\\\/\\\/ruuby.ee\\\/wp-content\\\/uploads\\\/2023\\\/06\\\/cropped-Black-White-Elegant-Circle-Signature-Fashion-Logo-12_large.png\",\"width\":1280,\"height\":747,\"caption\":\"Ruuby Disain O\u00dc\"},\"image\":{\"@id\":\"http:\\\/\\\/ruuby.ee\\\/en\\\/#\\\/schema\\\/logo\\\/image\\\/\"},\"sameAs\":[\"https:\\\/\\\/www.facebook.com\\\/ruubyconcept\",\"https:\\\/\\\/www.instagram.com\\\/ruuby_concept\\\/\"]}]}<\/script>\n<!-- \/ Yoast SEO plugin. -->","yoast_head_json":{"title":"COOEE K\u00fc\u00fcnlajalg k\u00f5ver 23cm, Sand - RUUBY","robots":{"index":"index","follow":"follow","max-snippet":"max-snippet:-1","max-image-preview":"max-image-preview:large","max-video-preview":"max-video-preview:-1"},"canonical":"http:\/\/ruuby.ee\/en\/pood\/kodusisustus\/kuunlad\/kuunlajalad\/cooee-kuunlajalg-kover-23cm-sand\/","og_locale":"en_GB","og_type":"article","og_title":"COOEE K\u00fc\u00fcnlajalg k\u00f5ver 23cm, Sand - RUUBY","og_description":"Cooee k\u00f5ver k\u00fc\u00fcnlajalg on m\u00e4nguline, kuid samas peen versioon nende klassikalisest metallist k\u00fc\u00fcnlajalast. K\u00f5ver kuju muudab k\u00fc\u00fcnlajala loomulikuks pilgup\u00fc\u00fcdjaks, mis lisab ruumile, kuhu see asetatakse, \u00fchtaegu nii draama kui ka rahu.","og_url":"http:\/\/ruuby.ee\/en\/pood\/kodusisustus\/kuunlad\/kuunlajalad\/cooee-kuunlajalg-kover-23cm-sand\/","og_site_name":"RUUBY","article_publisher":"https:\/\/www.facebook.com\/ruubyconcept","article_modified_time":"2026-04-07T22:28:19+00:00","og_image":[{"width":590,"height":594,"url":"http:\/\/ruuby.ee\/wp-content\/uploads\/2025\/11\/Screenshot-2025-11-20-at-21.23.41.png","type":"image\/png"}],"twitter_card":"summary_large_image","twitter_misc":{"Estimated reading time":"1 minute"},"schema":{"@context":"https:\/\/schema.org","@graph":[{"@type":["WebPage","ItemPage"],"@id":"http:\/\/ruuby.ee\/en\/pood\/kodusisustus\/kuunlad\/kuunlajalad\/cooee-kuunlajalg-kover-23cm-sand\/","url":"http:\/\/ruuby.ee\/en\/pood\/kodusisustus\/kuunlad\/kuunlajalad\/cooee-kuunlajalg-kover-23cm-sand\/","name":"COOEE K\u00fc\u00fcnlajalg k\u00f5ver 23cm, Sand - RUUBY","isPartOf":{"@id":"http:\/\/ruuby.ee\/en\/#website"},"primaryImageOfPage":{"@id":"http:\/\/ruuby.ee\/en\/pood\/kodusisustus\/kuunlad\/kuunlajalad\/cooee-kuunlajalg-kover-23cm-sand\/#primaryimage"},"image":{"@id":"http:\/\/ruuby.ee\/en\/pood\/kodusisustus\/kuunlad\/kuunlajalad\/cooee-kuunlajalg-kover-23cm-sand\/#primaryimage"},"thumbnailUrl":"http:\/\/ruuby.ee\/wp-content\/uploads\/2025\/11\/Screenshot-2025-11-20-at-21.23.41.png","datePublished":"2025-11-20T19:00:07+00:00","dateModified":"2026-04-07T22:28:19+00:00","breadcrumb":{"@id":"http:\/\/ruuby.ee\/en\/pood\/kodusisustus\/kuunlad\/kuunlajalad\/cooee-kuunlajalg-kover-23cm-sand\/#breadcrumb"},"inLanguage":"en-GB","potentialAction":[{"@type":"ReadAction","target":["http:\/\/ruuby.ee\/en\/pood\/kodusisustus\/kuunlad\/kuunlajalad\/cooee-kuunlajalg-kover-23cm-sand\/"]}]},{"@type":"ImageObject","inLanguage":"en-GB","@id":"http:\/\/ruuby.ee\/en\/pood\/kodusisustus\/kuunlad\/kuunlajalad\/cooee-kuunlajalg-kover-23cm-sand\/#primaryimage","url":"http:\/\/ruuby.ee\/wp-content\/uploads\/2025\/11\/Screenshot-2025-11-20-at-21.23.41.png","contentUrl":"http:\/\/ruuby.ee\/wp-content\/uploads\/2025\/11\/Screenshot-2025-11-20-at-21.23.41.png","width":590,"height":594},{"@type":"BreadcrumbList","@id":"http:\/\/ruuby.ee\/en\/pood\/kodusisustus\/kuunlad\/kuunlajalad\/cooee-kuunlajalg-kover-23cm-sand\/#breadcrumb","itemListElement":[{"@type":"ListItem","position":1,"name":"Kdu","item":"http:\/\/ruuby.ee\/en\/"},{"@type":"ListItem","position":2,"name":"Pood","item":"http:\/\/ruuby.ee\/en\/pood\/"},{"@type":"ListItem","position":3,"name":"COOEE K\u00fc\u00fcnlajalg k\u00f5ver 23cm, Sand"}]},{"@type":"WebSite","@id":"http:\/\/ruuby.ee\/en\/#website","url":"http:\/\/ruuby.ee\/en\/","name":"RUUBY","description":"Ruubys on \u00fchendatud elustiil ja disain","publisher":{"@id":"http:\/\/ruuby.ee\/en\/#organization"},"alternateName":"Ruuby Disain","potentialAction":[{"@type":"SearchAction","target":{"@type":"EntryPoint","urlTemplate":"http:\/\/ruuby.ee\/en\/?s={search_term_string}"},"query-input":{"@type":"PropertyValueSpecification","valueRequired":true,"valueName":"search_term_string"}}],"inLanguage":"en-GB"},{"@type":"Organization","@id":"http:\/\/ruuby.ee\/en\/#organization","name":"Ruuby Disain O\u00dc","alternateName":"Ruuby","url":"http:\/\/ruuby.ee\/en\/","logo":{"@type":"ImageObject","inLanguage":"en-GB","@id":"http:\/\/ruuby.ee\/en\/#\/schema\/logo\/image\/","url":"http:\/\/ruuby.ee\/wp-content\/uploads\/2023\/06\/cropped-Black-White-Elegant-Circle-Signature-Fashion-Logo-12_large.png","contentUrl":"http:\/\/ruuby.ee\/wp-content\/uploads\/2023\/06\/cropped-Black-White-Elegant-Circle-Signature-Fashion-Logo-12_large.png","width":1280,"height":747,"caption":"Ruuby Disain O\u00dc"},"image":{"@id":"http:\/\/ruuby.ee\/en\/#\/schema\/logo\/image\/"},"sameAs":["https:\/\/www.facebook.com\/ruubyconcept","https:\/\/www.instagram.com\/ruuby_concept\/"]}]}},"jetpack_sharing_enabled":true,"_links":{"self":[{"href":"http:\/\/ruuby.ee\/en\/wp-json\/wp\/v2\/product\/1857848","targetHints":{"allow":["GET"]}}],"collection":[{"href":"http:\/\/ruuby.ee\/en\/wp-json\/wp\/v2\/product"}],"about":[{"href":"http:\/\/ruuby.ee\/en\/wp-json\/wp\/v2\/types\/product"}],"replies":[{"embeddable":true,"href":"http:\/\/ruuby.ee\/en\/wp-json\/wp\/v2\/comments?post=1857848"}],"wp:featuredmedia":[{"embeddable":true,"href":"http:\/\/ruuby.ee\/en\/wp-json\/wp\/v2\/media\/1857868"}],"wp:attachment":[{"href":"http:\/\/ruuby.ee\/en\/wp-json\/wp\/v2\/media?parent=1857848"}],"wp:term":[{"taxonomy":"product_brand","embeddable":true,"href":"http:\/\/ruuby.ee\/en\/wp-json\/wp\/v2\/product_brand?post=1857848"},{"taxonomy":"product_cat","embeddable":true,"href":"http:\/\/ruuby.ee\/en\/wp-json\/wp\/v2\/product_cat?post=1857848"},{"taxonomy":"product_tag","embeddable":true,"href":"http:\/\/ruuby.ee\/en\/wp-json\/wp\/v2\/product_tag?post=1857848"}],"curies":[{"name":"wp","href":"https:\/\/api.w.org\/{rel}","templated":true}]}}