{"id":1857840,"date":"2025-11-20T20:59:38","date_gmt":"2025-11-20T18:59:38","guid":{"rendered":"https:\/\/ruuby.ee\/pood\/maaratlemata\/cooee-joulukaunistus-snowy-white\/"},"modified":"2026-04-04T01:24:48","modified_gmt":"2026-04-03T22:24:48","slug":"cooee-joulukaunistus-snowy-white","status":"publish","type":"product","link":"http:\/\/ruuby.ee\/en\/pood\/joulueri\/jouluehted\/cooee-joulukaunistus-snowy-white\/","title":{"rendered":"COOEE j\u00f5ulukaunistus Snowy, white"},"content":{"rendered":"<p>Stiilne j\u00f5ulupuu lauale, riiulil v\u00f5i aknalaual.<\/p>\n<p>Puu on k\u00e4sitsi valmistatud ja k\u00e4sitsi maalitud, mis muudab iga puu ainulaadseks. K\u00e4sitsi maalitud puul on matt, pehme pind, mis on saanud meie toodete tunnusjooneks.<\/p>\n<p>Kaal: 410 g<br \/>\nM\u00f5\u00f5tmed: 13,5 \u00d7 13,5 \u00d7 15 cm<\/p>","protected":false},"excerpt":{"rendered":"<p>Stiilne j\u00f5ulupuu lauale, riiulil v\u00f5i aknalaual. Puu on k\u00e4sitsi valmistatud ja k\u00e4sitsi maalitud, mis muudab iga puu ainulaadseks. K\u00e4sitsi maalitud puul on matt, pehme pind, mis on saanud meie toodete tunnusjooneks. Kaal: 410 g M\u00f5\u00f5tmed: 13,5 \u00d7 13,5 \u00d7 15 cm<\/p>","protected":false},"featured_media":1857857,"comment_status":"open","ping_status":"closed","template":"","meta":[],"product_brand":[],"product_cat":[58,949,491,42],"product_tag":[499,492,516,528],"class_list":{"0":"post-1857840","1":"product","2":"type-product","3":"status-publish","4":"has-post-thumbnail","6":"product_cat-dekoratsioon","7":"product_cat-jouluehted","8":"product_cat-joulueri","9":"product_cat-kodusisustus","10":"product_tag-cooee-design","11":"product_tag-joulud","12":"product_tag-joulukuusk","13":"product_tag-kuusk","15":"first","16":"instock","17":"taxable","18":"shipping-taxable","19":"purchasable","20":"product-type-simple"},"yoast_head":"<!-- This site is optimized with the Yoast SEO plugin v27.2 - https:\/\/yoast.com\/product\/yoast-seo-wordpress\/ -->\n<title>COOEE j\u00f5ulukaunistus Snowy, white - RUUBY<\/title>\n<meta name=\"robots\" content=\"index, follow, max-snippet:-1, max-image-preview:large, max-video-preview:-1\" \/>\n<link rel=\"canonical\" href=\"https:\/\/ruuby.ee\/en\/pood\/joulueri\/jouluehted\/cooee-joulukaunistus-snowy-white\/\" \/>\n<meta property=\"og:locale\" content=\"en_GB\" \/>\n<meta property=\"og:type\" content=\"article\" \/>\n<meta property=\"og:title\" content=\"COOEE j\u00f5ulukaunistus Snowy, white - RUUBY\" \/>\n<meta property=\"og:description\" content=\"Stiilne j\u00f5ulupuu lauale, riiulil v\u00f5i aknalaual. Puu on k\u00e4sitsi valmistatud ja k\u00e4sitsi maalitud, mis muudab iga puu ainulaadseks. K\u00e4sitsi maalitud puul on matt, pehme pind, mis on saanud meie toodete tunnusjooneks. Kaal: 410 g M\u00f5\u00f5tmed: 13,5 \u00d7 13,5 \u00d7 15 cm\" \/>\n<meta property=\"og:url\" content=\"https:\/\/ruuby.ee\/en\/pood\/joulueri\/jouluehted\/cooee-joulukaunistus-snowy-white\/\" \/>\n<meta property=\"og:site_name\" content=\"RUUBY\" \/>\n<meta property=\"article:publisher\" content=\"https:\/\/www.facebook.com\/ruubyconcept\" \/>\n<meta property=\"article:modified_time\" content=\"2026-04-03T22:24:48+00:00\" \/>\n<meta property=\"og:image\" content=\"https:\/\/ruuby.ee\/wp-content\/uploads\/2025\/11\/Screenshot-2025-11-20-at-21.01.47.png\" \/>\n\t<meta property=\"og:image:width\" content=\"1236\" \/>\n\t<meta property=\"og:image:height\" content=\"1226\" \/>\n\t<meta property=\"og:image:type\" content=\"image\/png\" \/>\n<meta name=\"twitter:card\" content=\"summary_large_image\" \/>\n<meta name=\"twitter:label1\" content=\"Estimated reading time\" \/>\n\t<meta name=\"twitter:data1\" content=\"1 minute\" \/>\n<script type=\"application\/ld+json\" class=\"yoast-schema-graph\">{\"@context\":\"https:\/\/schema.org\",\"@graph\":[{\"@type\":[\"WebPage\",\"ItemPage\"],\"@id\":\"https:\/\/ruuby.ee\/pood\/joulueri\/jouluehted\/cooee-joulukaunistus-snowy-white\/\",\"url\":\"https:\/\/ruuby.ee\/pood\/joulueri\/jouluehted\/cooee-joulukaunistus-snowy-white\/\",\"name\":\"COOEE j\u00f5ulukaunistus Snowy, white - RUUBY\",\"isPartOf\":{\"@id\":\"https:\/\/ruuby.ee\/en\/#website\"},\"primaryImageOfPage\":{\"@id\":\"https:\/\/ruuby.ee\/pood\/joulueri\/jouluehted\/cooee-joulukaunistus-snowy-white\/#primaryimage\"},\"image\":{\"@id\":\"https:\/\/ruuby.ee\/pood\/joulueri\/jouluehted\/cooee-joulukaunistus-snowy-white\/#primaryimage\"},\"thumbnailUrl\":\"http:\/\/ruuby.ee\/wp-content\/uploads\/2025\/11\/Screenshot-2025-11-20-at-21.01.47.png\",\"datePublished\":\"2025-11-20T18:59:38+00:00\",\"dateModified\":\"2026-04-03T22:24:48+00:00\",\"breadcrumb\":{\"@id\":\"https:\/\/ruuby.ee\/pood\/joulueri\/jouluehted\/cooee-joulukaunistus-snowy-white\/#breadcrumb\"},\"inLanguage\":\"en-GB\",\"potentialAction\":[{\"@type\":\"ReadAction\",\"target\":[\"https:\/\/ruuby.ee\/pood\/joulueri\/jouluehted\/cooee-joulukaunistus-snowy-white\/\"]}]},{\"@type\":\"ImageObject\",\"inLanguage\":\"en-GB\",\"@id\":\"https:\/\/ruuby.ee\/pood\/joulueri\/jouluehted\/cooee-joulukaunistus-snowy-white\/#primaryimage\",\"url\":\"http:\/\/ruuby.ee\/wp-content\/uploads\/2025\/11\/Screenshot-2025-11-20-at-21.01.47.png\",\"contentUrl\":\"http:\/\/ruuby.ee\/wp-content\/uploads\/2025\/11\/Screenshot-2025-11-20-at-21.01.47.png\",\"width\":1236,\"height\":1226},{\"@type\":\"BreadcrumbList\",\"@id\":\"https:\/\/ruuby.ee\/pood\/joulueri\/jouluehted\/cooee-joulukaunistus-snowy-white\/#breadcrumb\",\"itemListElement\":[{\"@type\":\"ListItem\",\"position\":1,\"name\":\"Kdu\",\"item\":\"https:\/\/ruuby.ee\/en\/\"},{\"@type\":\"ListItem\",\"position\":2,\"name\":\"Pood\",\"item\":\"https:\/\/ruuby.ee\/pood\/\"},{\"@type\":\"ListItem\",\"position\":3,\"name\":\"COOEE j\u00f5ulukaunistus Snowy, white\"}]},{\"@type\":\"WebSite\",\"@id\":\"https:\/\/ruuby.ee\/en\/#website\",\"url\":\"https:\/\/ruuby.ee\/en\/\",\"name\":\"RUUBY\",\"description\":\"Ruubys on \u00fchendatud elustiil ja disain\",\"publisher\":{\"@id\":\"https:\/\/ruuby.ee\/en\/#organization\"},\"alternateName\":\"Ruuby Disain\",\"potentialAction\":[{\"@type\":\"SearchAction\",\"target\":{\"@type\":\"EntryPoint\",\"urlTemplate\":\"https:\/\/ruuby.ee\/en\/?s={search_term_string}\"},\"query-input\":{\"@type\":\"PropertyValueSpecification\",\"valueRequired\":true,\"valueName\":\"search_term_string\"}}],\"inLanguage\":\"en-GB\"},{\"@type\":\"Organization\",\"@id\":\"https:\/\/ruuby.ee\/en\/#organization\",\"name\":\"Ruuby Disain O\u00dc\",\"alternateName\":\"Ruuby\",\"url\":\"https:\/\/ruuby.ee\/en\/\",\"logo\":{\"@type\":\"ImageObject\",\"inLanguage\":\"en-GB\",\"@id\":\"https:\/\/ruuby.ee\/en\/#\/schema\/logo\/image\/\",\"url\":\"http:\/\/ruuby.ee\/wp-content\/uploads\/2023\/06\/cropped-Black-White-Elegant-Circle-Signature-Fashion-Logo-12_large.png\",\"contentUrl\":\"http:\/\/ruuby.ee\/wp-content\/uploads\/2023\/06\/cropped-Black-White-Elegant-Circle-Signature-Fashion-Logo-12_large.png\",\"width\":1280,\"height\":747,\"caption\":\"Ruuby Disain O\u00dc\"},\"image\":{\"@id\":\"https:\/\/ruuby.ee\/en\/#\/schema\/logo\/image\/\"},\"sameAs\":[\"https:\/\/www.facebook.com\/ruubyconcept\",\"https:\/\/www.instagram.com\/ruuby_concept\/\"]}]}<\/script>\n<!-- \/ Yoast SEO plugin. -->","yoast_head_json":{"title":"COOEE j\u00f5ulukaunistus Snowy, white - RUUBY","robots":{"index":"index","follow":"follow","max-snippet":"max-snippet:-1","max-image-preview":"max-image-preview:large","max-video-preview":"max-video-preview:-1"},"canonical":"https:\/\/ruuby.ee\/en\/pood\/joulueri\/jouluehted\/cooee-joulukaunistus-snowy-white\/","og_locale":"en_GB","og_type":"article","og_title":"COOEE j\u00f5ulukaunistus Snowy, white - RUUBY","og_description":"Stiilne j\u00f5ulupuu lauale, riiulil v\u00f5i aknalaual. Puu on k\u00e4sitsi valmistatud ja k\u00e4sitsi maalitud, mis muudab iga puu ainulaadseks. K\u00e4sitsi maalitud puul on matt, pehme pind, mis on saanud meie toodete tunnusjooneks. Kaal: 410 g M\u00f5\u00f5tmed: 13,5 \u00d7 13,5 \u00d7 15 cm","og_url":"https:\/\/ruuby.ee\/en\/pood\/joulueri\/jouluehted\/cooee-joulukaunistus-snowy-white\/","og_site_name":"RUUBY","article_publisher":"https:\/\/www.facebook.com\/ruubyconcept","article_modified_time":"2026-04-03T22:24:48+00:00","og_image":[{"width":1236,"height":1226,"url":"https:\/\/ruuby.ee\/wp-content\/uploads\/2025\/11\/Screenshot-2025-11-20-at-21.01.47.png","type":"image\/png"}],"twitter_card":"summary_large_image","twitter_misc":{"Estimated reading time":"1 minute"},"schema":{"@context":"https:\/\/schema.org","@graph":[{"@type":["WebPage","ItemPage"],"@id":"https:\/\/ruuby.ee\/pood\/joulueri\/jouluehted\/cooee-joulukaunistus-snowy-white\/","url":"https:\/\/ruuby.ee\/pood\/joulueri\/jouluehted\/cooee-joulukaunistus-snowy-white\/","name":"COOEE j\u00f5ulukaunistus Snowy, white - RUUBY","isPartOf":{"@id":"https:\/\/ruuby.ee\/en\/#website"},"primaryImageOfPage":{"@id":"https:\/\/ruuby.ee\/pood\/joulueri\/jouluehted\/cooee-joulukaunistus-snowy-white\/#primaryimage"},"image":{"@id":"https:\/\/ruuby.ee\/pood\/joulueri\/jouluehted\/cooee-joulukaunistus-snowy-white\/#primaryimage"},"thumbnailUrl":"http:\/\/ruuby.ee\/wp-content\/uploads\/2025\/11\/Screenshot-2025-11-20-at-21.01.47.png","datePublished":"2025-11-20T18:59:38+00:00","dateModified":"2026-04-03T22:24:48+00:00","breadcrumb":{"@id":"https:\/\/ruuby.ee\/pood\/joulueri\/jouluehted\/cooee-joulukaunistus-snowy-white\/#breadcrumb"},"inLanguage":"en-GB","potentialAction":[{"@type":"ReadAction","target":["https:\/\/ruuby.ee\/pood\/joulueri\/jouluehted\/cooee-joulukaunistus-snowy-white\/"]}]},{"@type":"ImageObject","inLanguage":"en-GB","@id":"https:\/\/ruuby.ee\/pood\/joulueri\/jouluehted\/cooee-joulukaunistus-snowy-white\/#primaryimage","url":"http:\/\/ruuby.ee\/wp-content\/uploads\/2025\/11\/Screenshot-2025-11-20-at-21.01.47.png","contentUrl":"http:\/\/ruuby.ee\/wp-content\/uploads\/2025\/11\/Screenshot-2025-11-20-at-21.01.47.png","width":1236,"height":1226},{"@type":"BreadcrumbList","@id":"https:\/\/ruuby.ee\/pood\/joulueri\/jouluehted\/cooee-joulukaunistus-snowy-white\/#breadcrumb","itemListElement":[{"@type":"ListItem","position":1,"name":"Kdu","item":"https:\/\/ruuby.ee\/en\/"},{"@type":"ListItem","position":2,"name":"Pood","item":"https:\/\/ruuby.ee\/pood\/"},{"@type":"ListItem","position":3,"name":"COOEE j\u00f5ulukaunistus Snowy, white"}]},{"@type":"WebSite","@id":"https:\/\/ruuby.ee\/en\/#website","url":"https:\/\/ruuby.ee\/en\/","name":"RUUBY","description":"Ruubys on \u00fchendatud elustiil ja disain","publisher":{"@id":"https:\/\/ruuby.ee\/en\/#organization"},"alternateName":"Ruuby Disain","potentialAction":[{"@type":"SearchAction","target":{"@type":"EntryPoint","urlTemplate":"https:\/\/ruuby.ee\/en\/?s={search_term_string}"},"query-input":{"@type":"PropertyValueSpecification","valueRequired":true,"valueName":"search_term_string"}}],"inLanguage":"en-GB"},{"@type":"Organization","@id":"https:\/\/ruuby.ee\/en\/#organization","name":"Ruuby Disain O\u00dc","alternateName":"Ruuby","url":"https:\/\/ruuby.ee\/en\/","logo":{"@type":"ImageObject","inLanguage":"en-GB","@id":"https:\/\/ruuby.ee\/en\/#\/schema\/logo\/image\/","url":"http:\/\/ruuby.ee\/wp-content\/uploads\/2023\/06\/cropped-Black-White-Elegant-Circle-Signature-Fashion-Logo-12_large.png","contentUrl":"http:\/\/ruuby.ee\/wp-content\/uploads\/2023\/06\/cropped-Black-White-Elegant-Circle-Signature-Fashion-Logo-12_large.png","width":1280,"height":747,"caption":"Ruuby Disain O\u00dc"},"image":{"@id":"https:\/\/ruuby.ee\/en\/#\/schema\/logo\/image\/"},"sameAs":["https:\/\/www.facebook.com\/ruubyconcept","https:\/\/www.instagram.com\/ruuby_concept\/"]}]}},"jetpack_sharing_enabled":true,"_links":{"self":[{"href":"http:\/\/ruuby.ee\/en\/wp-json\/wp\/v2\/product\/1857840","targetHints":{"allow":["GET"]}}],"collection":[{"href":"http:\/\/ruuby.ee\/en\/wp-json\/wp\/v2\/product"}],"about":[{"href":"http:\/\/ruuby.ee\/en\/wp-json\/wp\/v2\/types\/product"}],"replies":[{"embeddable":true,"href":"http:\/\/ruuby.ee\/en\/wp-json\/wp\/v2\/comments?post=1857840"}],"wp:featuredmedia":[{"embeddable":true,"href":"http:\/\/ruuby.ee\/en\/wp-json\/wp\/v2\/media\/1857857"}],"wp:attachment":[{"href":"http:\/\/ruuby.ee\/en\/wp-json\/wp\/v2\/media?parent=1857840"}],"wp:term":[{"taxonomy":"product_brand","embeddable":true,"href":"http:\/\/ruuby.ee\/en\/wp-json\/wp\/v2\/product_brand?post=1857840"},{"taxonomy":"product_cat","embeddable":true,"href":"http:\/\/ruuby.ee\/en\/wp-json\/wp\/v2\/product_cat?post=1857840"},{"taxonomy":"product_tag","embeddable":true,"href":"http:\/\/ruuby.ee\/en\/wp-json\/wp\/v2\/product_tag?post=1857840"}],"curies":[{"name":"wp","href":"https:\/\/api.w.org\/{rel}","templated":true}]}}