{"id":1857756,"date":"2025-11-19T20:42:49","date_gmt":"2025-11-19T18:42:49","guid":{"rendered":"https:\/\/ruuby.ee\/pood\/maaratlemata\/ester-erik-lauakuunal-15cm-icy-lavender\/"},"modified":"2026-04-08T01:28:20","modified_gmt":"2026-04-07T22:28:20","slug":"ester-erik-lauakuunal-15cm-icy-lavender","status":"publish","type":"product","link":"http:\/\/ruuby.ee\/en\/pood\/joulueri\/joulukuunlad\/ester-erik-lauakuunal-15cm-icy-lavender\/","title":{"rendered":"ESTER &amp; ERIK lauak\u00fc\u00fcnal 15cm, Icy lavender"},"content":{"rendered":"<p>ester &amp; erik lauak\u00fc\u00fcnal on valmistatud 100% rafineeritud ja kvaliteetsest parafiinvahast. K\u00f5ik ester &amp; erik tahid on valmistatud parima kvaliteediga puuvillast ja hoolikalt lauak\u00fc\u00fcnla m\u00f5\u00f5tmeid silmas pidades.<\/p>\n<p>Lauak\u00fc\u00fcnlad valmistatakse k\u00fclmpressimise tehnikat kasutades: parafiin pressitakse kokku kahetonnise r\u00f5hu all. Tugeva surve tulemuseks on erakordselt kvaliteetne k\u00fc\u00fcnal, millel on v\u00f5rratu p\u00f5lemisaeg. Seet\u00f5ttu on k\u00fc\u00fcnla kustutamiseks eriti oluline kasutada k\u00fc\u00fcnlakustutit; see hoiab taht puutumatuna, s\u00e4ilitades samal ajal p\u00f5lemisaja.<\/p>","protected":false},"excerpt":{"rendered":"<p>ester &amp; erik lauak\u00fc\u00fcnal on valmistatud 100% rafineeritud ja kvaliteetsest parafiinvahast. K\u00f5ik ester &amp; erik tahid on valmistatud parima kvaliteediga puuvillast ja hoolikalt lauak\u00fc\u00fcnla m\u00f5\u00f5tmeid silmas pidades.<\/p>","protected":false},"featured_media":1857831,"comment_status":"open","ping_status":"closed","template":"","meta":[],"product_brand":[],"product_cat":[491,951,42,740,54],"product_tag":[251,231],"class_list":{"0":"post-1857756","1":"product","2":"type-product","3":"status-publish","4":"has-post-thumbnail","6":"product_cat-joulueri","7":"product_cat-joulukuunlad","8":"product_cat-kodusisustus","9":"product_cat-kuunlad-kuunlad","10":"product_cat-kuunlad","11":"product_tag-estererik","12":"product_tag-kuunlad","14":"first","15":"instock","16":"taxable","17":"shipping-taxable","18":"purchasable","19":"product-type-simple"},"yoast_head":"<!-- This site is optimized with the Yoast SEO plugin v27.3 - https:\/\/yoast.com\/product\/yoast-seo-wordpress\/ -->\n<title>ESTER &amp; ERIK lauak\u00fc\u00fcnal 15cm, Icy lavender - RUUBY<\/title>\n<meta name=\"robots\" content=\"index, follow, max-snippet:-1, max-image-preview:large, max-video-preview:-1\" \/>\n<link rel=\"canonical\" href=\"http:\/\/ruuby.ee\/en\/pood\/joulueri\/joulukuunlad\/ester-erik-lauakuunal-15cm-icy-lavender\/\" \/>\n<meta property=\"og:locale\" content=\"en_GB\" \/>\n<meta property=\"og:type\" content=\"article\" \/>\n<meta property=\"og:title\" content=\"ESTER &amp; ERIK lauak\u00fc\u00fcnal 15cm, Icy lavender - RUUBY\" \/>\n<meta property=\"og:description\" content=\"ester &amp; erik lauak\u00fc\u00fcnal on valmistatud 100% rafineeritud ja kvaliteetsest parafiinvahast. K\u00f5ik ester &amp; erik tahid on valmistatud parima kvaliteediga puuvillast ja hoolikalt lauak\u00fc\u00fcnla m\u00f5\u00f5tmeid silmas pidades.\" \/>\n<meta property=\"og:url\" content=\"http:\/\/ruuby.ee\/en\/pood\/joulueri\/joulukuunlad\/ester-erik-lauakuunal-15cm-icy-lavender\/\" \/>\n<meta property=\"og:site_name\" content=\"RUUBY\" \/>\n<meta property=\"article:publisher\" content=\"https:\/\/www.facebook.com\/ruubyconcept\" \/>\n<meta property=\"article:modified_time\" content=\"2026-04-07T22:28:20+00:00\" \/>\n<meta property=\"og:image\" content=\"http:\/\/ruuby.ee\/wp-content\/uploads\/2025\/11\/Screenshot-2025-11-19-at-22.05.00.png\" \/>\n\t<meta property=\"og:image:width\" content=\"642\" \/>\n\t<meta property=\"og:image:height\" content=\"716\" \/>\n\t<meta property=\"og:image:type\" content=\"image\/png\" \/>\n<meta name=\"twitter:card\" content=\"summary_large_image\" \/>\n<meta name=\"twitter:label1\" content=\"Estimated reading time\" \/>\n\t<meta name=\"twitter:data1\" content=\"1 minute\" \/>\n<script type=\"application\/ld+json\" class=\"yoast-schema-graph\">{\"@context\":\"https:\\\/\\\/schema.org\",\"@graph\":[{\"@type\":[\"WebPage\",\"ItemPage\"],\"@id\":\"http:\\\/\\\/ruuby.ee\\\/pood\\\/joulueri\\\/joulukuunlad\\\/ester-erik-lauakuunal-15cm-icy-lavender\\\/\",\"url\":\"http:\\\/\\\/ruuby.ee\\\/pood\\\/joulueri\\\/joulukuunlad\\\/ester-erik-lauakuunal-15cm-icy-lavender\\\/\",\"name\":\"ESTER &amp; ERIK lauak\u00fc\u00fcnal 15cm, Icy lavender - RUUBY\",\"isPartOf\":{\"@id\":\"https:\\\/\\\/ruuby.ee\\\/en\\\/#website\"},\"primaryImageOfPage\":{\"@id\":\"http:\\\/\\\/ruuby.ee\\\/pood\\\/joulueri\\\/joulukuunlad\\\/ester-erik-lauakuunal-15cm-icy-lavender\\\/#primaryimage\"},\"image\":{\"@id\":\"http:\\\/\\\/ruuby.ee\\\/pood\\\/joulueri\\\/joulukuunlad\\\/ester-erik-lauakuunal-15cm-icy-lavender\\\/#primaryimage\"},\"thumbnailUrl\":\"http:\\\/\\\/ruuby.ee\\\/wp-content\\\/uploads\\\/2025\\\/11\\\/Screenshot-2025-11-19-at-22.05.00.png\",\"datePublished\":\"2025-11-19T18:42:49+00:00\",\"dateModified\":\"2026-04-07T22:28:20+00:00\",\"breadcrumb\":{\"@id\":\"http:\\\/\\\/ruuby.ee\\\/pood\\\/joulueri\\\/joulukuunlad\\\/ester-erik-lauakuunal-15cm-icy-lavender\\\/#breadcrumb\"},\"inLanguage\":\"en-GB\",\"potentialAction\":[{\"@type\":\"ReadAction\",\"target\":[\"http:\\\/\\\/ruuby.ee\\\/pood\\\/joulueri\\\/joulukuunlad\\\/ester-erik-lauakuunal-15cm-icy-lavender\\\/\"]}]},{\"@type\":\"ImageObject\",\"inLanguage\":\"en-GB\",\"@id\":\"http:\\\/\\\/ruuby.ee\\\/pood\\\/joulueri\\\/joulukuunlad\\\/ester-erik-lauakuunal-15cm-icy-lavender\\\/#primaryimage\",\"url\":\"http:\\\/\\\/ruuby.ee\\\/wp-content\\\/uploads\\\/2025\\\/11\\\/Screenshot-2025-11-19-at-22.05.00.png\",\"contentUrl\":\"http:\\\/\\\/ruuby.ee\\\/wp-content\\\/uploads\\\/2025\\\/11\\\/Screenshot-2025-11-19-at-22.05.00.png\",\"width\":642,\"height\":716},{\"@type\":\"BreadcrumbList\",\"@id\":\"http:\\\/\\\/ruuby.ee\\\/pood\\\/joulueri\\\/joulukuunlad\\\/ester-erik-lauakuunal-15cm-icy-lavender\\\/#breadcrumb\",\"itemListElement\":[{\"@type\":\"ListItem\",\"position\":1,\"name\":\"Kdu\",\"item\":\"https:\\\/\\\/ruuby.ee\\\/en\\\/\"},{\"@type\":\"ListItem\",\"position\":2,\"name\":\"Pood\",\"item\":\"https:\\\/\\\/ruuby.ee\\\/en\\\/pood\\\/\"},{\"@type\":\"ListItem\",\"position\":3,\"name\":\"ESTER &amp; ERIK lauak\u00fc\u00fcnal 15cm, Icy lavender\"}]},{\"@type\":\"WebSite\",\"@id\":\"https:\\\/\\\/ruuby.ee\\\/en\\\/#website\",\"url\":\"https:\\\/\\\/ruuby.ee\\\/en\\\/\",\"name\":\"RUUBY\",\"description\":\"Ruubys on \u00fchendatud elustiil ja disain\",\"publisher\":{\"@id\":\"https:\\\/\\\/ruuby.ee\\\/en\\\/#organization\"},\"alternateName\":\"Ruuby Disain\",\"potentialAction\":[{\"@type\":\"SearchAction\",\"target\":{\"@type\":\"EntryPoint\",\"urlTemplate\":\"https:\\\/\\\/ruuby.ee\\\/en\\\/?s={search_term_string}\"},\"query-input\":{\"@type\":\"PropertyValueSpecification\",\"valueRequired\":true,\"valueName\":\"search_term_string\"}}],\"inLanguage\":\"en-GB\"},{\"@type\":\"Organization\",\"@id\":\"https:\\\/\\\/ruuby.ee\\\/en\\\/#organization\",\"name\":\"Ruuby Disain O\u00dc\",\"alternateName\":\"Ruuby\",\"url\":\"https:\\\/\\\/ruuby.ee\\\/en\\\/\",\"logo\":{\"@type\":\"ImageObject\",\"inLanguage\":\"en-GB\",\"@id\":\"https:\\\/\\\/ruuby.ee\\\/en\\\/#\\\/schema\\\/logo\\\/image\\\/\",\"url\":\"http:\\\/\\\/ruuby.ee\\\/wp-content\\\/uploads\\\/2023\\\/06\\\/cropped-Black-White-Elegant-Circle-Signature-Fashion-Logo-12_large.png\",\"contentUrl\":\"http:\\\/\\\/ruuby.ee\\\/wp-content\\\/uploads\\\/2023\\\/06\\\/cropped-Black-White-Elegant-Circle-Signature-Fashion-Logo-12_large.png\",\"width\":1280,\"height\":747,\"caption\":\"Ruuby Disain O\u00dc\"},\"image\":{\"@id\":\"https:\\\/\\\/ruuby.ee\\\/en\\\/#\\\/schema\\\/logo\\\/image\\\/\"},\"sameAs\":[\"https:\\\/\\\/www.facebook.com\\\/ruubyconcept\",\"https:\\\/\\\/www.instagram.com\\\/ruuby_concept\\\/\"]}]}<\/script>\n<!-- \/ Yoast SEO plugin. -->","yoast_head_json":{"title":"ESTER &amp; ERIK lauak\u00fc\u00fcnal 15cm, Icy lavender - RUUBY","robots":{"index":"index","follow":"follow","max-snippet":"max-snippet:-1","max-image-preview":"max-image-preview:large","max-video-preview":"max-video-preview:-1"},"canonical":"http:\/\/ruuby.ee\/en\/pood\/joulueri\/joulukuunlad\/ester-erik-lauakuunal-15cm-icy-lavender\/","og_locale":"en_GB","og_type":"article","og_title":"ESTER &amp; ERIK lauak\u00fc\u00fcnal 15cm, Icy lavender - RUUBY","og_description":"ester &amp; erik lauak\u00fc\u00fcnal on valmistatud 100% rafineeritud ja kvaliteetsest parafiinvahast. K\u00f5ik ester &amp; erik tahid on valmistatud parima kvaliteediga puuvillast ja hoolikalt lauak\u00fc\u00fcnla m\u00f5\u00f5tmeid silmas pidades.","og_url":"http:\/\/ruuby.ee\/en\/pood\/joulueri\/joulukuunlad\/ester-erik-lauakuunal-15cm-icy-lavender\/","og_site_name":"RUUBY","article_publisher":"https:\/\/www.facebook.com\/ruubyconcept","article_modified_time":"2026-04-07T22:28:20+00:00","og_image":[{"width":642,"height":716,"url":"http:\/\/ruuby.ee\/wp-content\/uploads\/2025\/11\/Screenshot-2025-11-19-at-22.05.00.png","type":"image\/png"}],"twitter_card":"summary_large_image","twitter_misc":{"Estimated reading time":"1 minute"},"schema":{"@context":"https:\/\/schema.org","@graph":[{"@type":["WebPage","ItemPage"],"@id":"http:\/\/ruuby.ee\/pood\/joulueri\/joulukuunlad\/ester-erik-lauakuunal-15cm-icy-lavender\/","url":"http:\/\/ruuby.ee\/pood\/joulueri\/joulukuunlad\/ester-erik-lauakuunal-15cm-icy-lavender\/","name":"ESTER &amp; ERIK lauak\u00fc\u00fcnal 15cm, Icy lavender - RUUBY","isPartOf":{"@id":"https:\/\/ruuby.ee\/en\/#website"},"primaryImageOfPage":{"@id":"http:\/\/ruuby.ee\/pood\/joulueri\/joulukuunlad\/ester-erik-lauakuunal-15cm-icy-lavender\/#primaryimage"},"image":{"@id":"http:\/\/ruuby.ee\/pood\/joulueri\/joulukuunlad\/ester-erik-lauakuunal-15cm-icy-lavender\/#primaryimage"},"thumbnailUrl":"http:\/\/ruuby.ee\/wp-content\/uploads\/2025\/11\/Screenshot-2025-11-19-at-22.05.00.png","datePublished":"2025-11-19T18:42:49+00:00","dateModified":"2026-04-07T22:28:20+00:00","breadcrumb":{"@id":"http:\/\/ruuby.ee\/pood\/joulueri\/joulukuunlad\/ester-erik-lauakuunal-15cm-icy-lavender\/#breadcrumb"},"inLanguage":"en-GB","potentialAction":[{"@type":"ReadAction","target":["http:\/\/ruuby.ee\/pood\/joulueri\/joulukuunlad\/ester-erik-lauakuunal-15cm-icy-lavender\/"]}]},{"@type":"ImageObject","inLanguage":"en-GB","@id":"http:\/\/ruuby.ee\/pood\/joulueri\/joulukuunlad\/ester-erik-lauakuunal-15cm-icy-lavender\/#primaryimage","url":"http:\/\/ruuby.ee\/wp-content\/uploads\/2025\/11\/Screenshot-2025-11-19-at-22.05.00.png","contentUrl":"http:\/\/ruuby.ee\/wp-content\/uploads\/2025\/11\/Screenshot-2025-11-19-at-22.05.00.png","width":642,"height":716},{"@type":"BreadcrumbList","@id":"http:\/\/ruuby.ee\/pood\/joulueri\/joulukuunlad\/ester-erik-lauakuunal-15cm-icy-lavender\/#breadcrumb","itemListElement":[{"@type":"ListItem","position":1,"name":"Kdu","item":"https:\/\/ruuby.ee\/en\/"},{"@type":"ListItem","position":2,"name":"Pood","item":"https:\/\/ruuby.ee\/en\/pood\/"},{"@type":"ListItem","position":3,"name":"ESTER &amp; ERIK lauak\u00fc\u00fcnal 15cm, Icy lavender"}]},{"@type":"WebSite","@id":"https:\/\/ruuby.ee\/en\/#website","url":"https:\/\/ruuby.ee\/en\/","name":"RUUBY","description":"Ruubys on \u00fchendatud elustiil ja disain","publisher":{"@id":"https:\/\/ruuby.ee\/en\/#organization"},"alternateName":"Ruuby Disain","potentialAction":[{"@type":"SearchAction","target":{"@type":"EntryPoint","urlTemplate":"https:\/\/ruuby.ee\/en\/?s={search_term_string}"},"query-input":{"@type":"PropertyValueSpecification","valueRequired":true,"valueName":"search_term_string"}}],"inLanguage":"en-GB"},{"@type":"Organization","@id":"https:\/\/ruuby.ee\/en\/#organization","name":"Ruuby Disain O\u00dc","alternateName":"Ruuby","url":"https:\/\/ruuby.ee\/en\/","logo":{"@type":"ImageObject","inLanguage":"en-GB","@id":"https:\/\/ruuby.ee\/en\/#\/schema\/logo\/image\/","url":"http:\/\/ruuby.ee\/wp-content\/uploads\/2023\/06\/cropped-Black-White-Elegant-Circle-Signature-Fashion-Logo-12_large.png","contentUrl":"http:\/\/ruuby.ee\/wp-content\/uploads\/2023\/06\/cropped-Black-White-Elegant-Circle-Signature-Fashion-Logo-12_large.png","width":1280,"height":747,"caption":"Ruuby Disain O\u00dc"},"image":{"@id":"https:\/\/ruuby.ee\/en\/#\/schema\/logo\/image\/"},"sameAs":["https:\/\/www.facebook.com\/ruubyconcept","https:\/\/www.instagram.com\/ruuby_concept\/"]}]}},"jetpack_sharing_enabled":true,"_links":{"self":[{"href":"http:\/\/ruuby.ee\/en\/wp-json\/wp\/v2\/product\/1857756","targetHints":{"allow":["GET"]}}],"collection":[{"href":"http:\/\/ruuby.ee\/en\/wp-json\/wp\/v2\/product"}],"about":[{"href":"http:\/\/ruuby.ee\/en\/wp-json\/wp\/v2\/types\/product"}],"replies":[{"embeddable":true,"href":"http:\/\/ruuby.ee\/en\/wp-json\/wp\/v2\/comments?post=1857756"}],"wp:featuredmedia":[{"embeddable":true,"href":"http:\/\/ruuby.ee\/en\/wp-json\/wp\/v2\/media\/1857831"}],"wp:attachment":[{"href":"http:\/\/ruuby.ee\/en\/wp-json\/wp\/v2\/media?parent=1857756"}],"wp:term":[{"taxonomy":"product_brand","embeddable":true,"href":"http:\/\/ruuby.ee\/en\/wp-json\/wp\/v2\/product_brand?post=1857756"},{"taxonomy":"product_cat","embeddable":true,"href":"http:\/\/ruuby.ee\/en\/wp-json\/wp\/v2\/product_cat?post=1857756"},{"taxonomy":"product_tag","embeddable":true,"href":"http:\/\/ruuby.ee\/en\/wp-json\/wp\/v2\/product_tag?post=1857756"}],"curies":[{"name":"wp","href":"https:\/\/api.w.org\/{rel}","templated":true}]}}