{"id":1857746,"date":"2025-11-19T20:41:56","date_gmt":"2025-11-19T18:41:56","guid":{"rendered":"https:\/\/ruuby.ee\/pood\/maaratlemata\/eeveve-silikoonist-taldrik-mocha-dark\/"},"modified":"2026-04-08T01:28:20","modified_gmt":"2026-04-07T22:28:20","slug":"eeveve-silikoonist-taldrik-mocha-dark","status":"publish","type":"product","link":"http:\/\/ruuby.ee\/en\/pood\/lapsed\/beebikaubad\/soogiaeg\/eeveve-silikoonist-taldrik-mocha-dark\/","title":{"rendered":"Eeveve silikoonist taldrik, Mocha Dark"},"content":{"rendered":"<p>Eeveve silikoonist lauan\u00f5ud uhkeldavad ajatu disainiga koos praktilise vimkaga! Silikoontaldrikud on spetsiaalselt disainitud madala servaga \u00fchel k\u00fcljel, mis v\u00f5imaldab leiba h\u00f5lpsalt \u00e4\u00e4rele asetada, samal ajal kui k\u00f5rgendatud serv vastask\u00fcljel aitab v\u00e4ltida toidu mahavalgumist. Ja kui s\u00f6\u00f6giaeg on m\u00f6\u00f6das, pista taldrik lihtsalt n\u00f5udepesumasinasse, et see vaevata puhastada.<\/p>\n<p>M\u00f5\u00f5dud:\u00a0\u00d8\u00a020 x 2.5 cm<\/p>","protected":false},"excerpt":{"rendered":"<div class=\"woocommerce-product-details__short-description\">\n<p>Silikoontaldrikud on spetsiaalselt disainitud madala servaga \u00fchel k\u00fcljel, mis v\u00f5imaldab leiba h\u00f5lpsalt \u00e4\u00e4rele asetada, samal ajal kui k\u00f5rgendatud serv vastask\u00fcljel aitab v\u00e4ltida toidu mahavalgumist.<\/p>\n<\/div>","protected":false},"featured_media":1857787,"comment_status":"open","ping_status":"closed","template":"","meta":[],"product_brand":[],"product_cat":[262,22,681],"product_tag":[1151,275],"class_list":{"0":"post-1857746","1":"product","2":"type-product","3":"status-publish","4":"has-post-thumbnail","6":"product_cat-beebikaubad","7":"product_cat-lapsed","8":"product_cat-soogiaeg","9":"product_tag-eeveve","10":"product_tag-soogitaldrik","12":"first","13":"instock","14":"taxable","15":"shipping-taxable","16":"purchasable","17":"product-type-simple"},"yoast_head":"<!-- This site is optimized with the Yoast SEO plugin v27.3 - https:\/\/yoast.com\/product\/yoast-seo-wordpress\/ -->\n<title>Eeveve silikoonist taldrik, Mocha Dark - RUUBY<\/title>\n<meta name=\"robots\" content=\"index, follow, max-snippet:-1, max-image-preview:large, max-video-preview:-1\" \/>\n<link rel=\"canonical\" href=\"http:\/\/ruuby.ee\/en\/pood\/lapsed\/beebikaubad\/soogiaeg\/eeveve-silikoonist-taldrik-mocha-dark\/\" \/>\n<meta property=\"og:locale\" content=\"en_GB\" \/>\n<meta property=\"og:type\" content=\"article\" \/>\n<meta property=\"og:title\" content=\"Eeveve silikoonist taldrik, Mocha Dark - RUUBY\" \/>\n<meta property=\"og:description\" content=\"Silikoontaldrikud on spetsiaalselt disainitud madala servaga \u00fchel k\u00fcljel, mis v\u00f5imaldab leiba h\u00f5lpsalt \u00e4\u00e4rele asetada, samal ajal kui k\u00f5rgendatud serv vastask\u00fcljel aitab v\u00e4ltida toidu mahavalgumist.\" \/>\n<meta property=\"og:url\" content=\"http:\/\/ruuby.ee\/en\/pood\/lapsed\/beebikaubad\/soogiaeg\/eeveve-silikoonist-taldrik-mocha-dark\/\" \/>\n<meta property=\"og:site_name\" content=\"RUUBY\" \/>\n<meta property=\"article:publisher\" content=\"https:\/\/www.facebook.com\/ruubyconcept\" \/>\n<meta property=\"article:modified_time\" content=\"2026-04-07T22:28:20+00:00\" \/>\n<meta property=\"og:image\" content=\"http:\/\/ruuby.ee\/wp-content\/uploads\/2025\/11\/Screenshot-2025-11-19-at-21.14.40.png\" \/>\n\t<meta property=\"og:image:width\" content=\"996\" \/>\n\t<meta property=\"og:image:height\" content=\"1074\" \/>\n\t<meta property=\"og:image:type\" content=\"image\/png\" \/>\n<meta name=\"twitter:card\" content=\"summary_large_image\" \/>\n<meta name=\"twitter:label1\" content=\"Estimated reading time\" \/>\n\t<meta name=\"twitter:data1\" content=\"1 minute\" \/>\n<script type=\"application\/ld+json\" class=\"yoast-schema-graph\">{\"@context\":\"https:\\\/\\\/schema.org\",\"@graph\":[{\"@type\":[\"WebPage\",\"ItemPage\"],\"@id\":\"http:\\\/\\\/ruuby.ee\\\/en\\\/pood\\\/lapsed\\\/beebikaubad\\\/soogiaeg\\\/eeveve-silikoonist-taldrik-mocha-dark\\\/\",\"url\":\"http:\\\/\\\/ruuby.ee\\\/en\\\/pood\\\/lapsed\\\/beebikaubad\\\/soogiaeg\\\/eeveve-silikoonist-taldrik-mocha-dark\\\/\",\"name\":\"Eeveve silikoonist taldrik, Mocha Dark - RUUBY\",\"isPartOf\":{\"@id\":\"https:\\\/\\\/ruuby.ee\\\/#website\"},\"primaryImageOfPage\":{\"@id\":\"http:\\\/\\\/ruuby.ee\\\/en\\\/pood\\\/lapsed\\\/beebikaubad\\\/soogiaeg\\\/eeveve-silikoonist-taldrik-mocha-dark\\\/#primaryimage\"},\"image\":{\"@id\":\"http:\\\/\\\/ruuby.ee\\\/en\\\/pood\\\/lapsed\\\/beebikaubad\\\/soogiaeg\\\/eeveve-silikoonist-taldrik-mocha-dark\\\/#primaryimage\"},\"thumbnailUrl\":\"http:\\\/\\\/ruuby.ee\\\/wp-content\\\/uploads\\\/2025\\\/11\\\/Screenshot-2025-11-19-at-21.14.40.png\",\"datePublished\":\"2025-11-19T18:41:56+00:00\",\"dateModified\":\"2026-04-07T22:28:20+00:00\",\"breadcrumb\":{\"@id\":\"http:\\\/\\\/ruuby.ee\\\/en\\\/pood\\\/lapsed\\\/beebikaubad\\\/soogiaeg\\\/eeveve-silikoonist-taldrik-mocha-dark\\\/#breadcrumb\"},\"inLanguage\":\"en-GB\",\"potentialAction\":[{\"@type\":\"ReadAction\",\"target\":[\"http:\\\/\\\/ruuby.ee\\\/en\\\/pood\\\/lapsed\\\/beebikaubad\\\/soogiaeg\\\/eeveve-silikoonist-taldrik-mocha-dark\\\/\"]}]},{\"@type\":\"ImageObject\",\"inLanguage\":\"en-GB\",\"@id\":\"http:\\\/\\\/ruuby.ee\\\/en\\\/pood\\\/lapsed\\\/beebikaubad\\\/soogiaeg\\\/eeveve-silikoonist-taldrik-mocha-dark\\\/#primaryimage\",\"url\":\"http:\\\/\\\/ruuby.ee\\\/wp-content\\\/uploads\\\/2025\\\/11\\\/Screenshot-2025-11-19-at-21.14.40.png\",\"contentUrl\":\"http:\\\/\\\/ruuby.ee\\\/wp-content\\\/uploads\\\/2025\\\/11\\\/Screenshot-2025-11-19-at-21.14.40.png\",\"width\":996,\"height\":1074},{\"@type\":\"BreadcrumbList\",\"@id\":\"http:\\\/\\\/ruuby.ee\\\/en\\\/pood\\\/lapsed\\\/beebikaubad\\\/soogiaeg\\\/eeveve-silikoonist-taldrik-mocha-dark\\\/#breadcrumb\",\"itemListElement\":[{\"@type\":\"ListItem\",\"position\":1,\"name\":\"Kdu\",\"item\":\"https:\\\/\\\/ruuby.ee\\\/\"},{\"@type\":\"ListItem\",\"position\":2,\"name\":\"Pood\",\"item\":\"https:\\\/\\\/ruuby.ee\\\/pood\\\/\"},{\"@type\":\"ListItem\",\"position\":3,\"name\":\"Eeveve silikoonist taldrik, Mocha Dark\"}]},{\"@type\":\"WebSite\",\"@id\":\"https:\\\/\\\/ruuby.ee\\\/#website\",\"url\":\"https:\\\/\\\/ruuby.ee\\\/\",\"name\":\"RUUBY\",\"description\":\"Ruubys on \u00fchendatud elustiil ja disain\",\"publisher\":{\"@id\":\"https:\\\/\\\/ruuby.ee\\\/#organization\"},\"alternateName\":\"Ruuby Disain\",\"potentialAction\":[{\"@type\":\"SearchAction\",\"target\":{\"@type\":\"EntryPoint\",\"urlTemplate\":\"https:\\\/\\\/ruuby.ee\\\/?s={search_term_string}\"},\"query-input\":{\"@type\":\"PropertyValueSpecification\",\"valueRequired\":true,\"valueName\":\"search_term_string\"}}],\"inLanguage\":\"en-GB\"},{\"@type\":\"Organization\",\"@id\":\"https:\\\/\\\/ruuby.ee\\\/#organization\",\"name\":\"Ruuby Disain O\u00dc\",\"alternateName\":\"Ruuby\",\"url\":\"https:\\\/\\\/ruuby.ee\\\/\",\"logo\":{\"@type\":\"ImageObject\",\"inLanguage\":\"en-GB\",\"@id\":\"https:\\\/\\\/ruuby.ee\\\/#\\\/schema\\\/logo\\\/image\\\/\",\"url\":\"http:\\\/\\\/ruuby.ee\\\/wp-content\\\/uploads\\\/2023\\\/06\\\/cropped-Black-White-Elegant-Circle-Signature-Fashion-Logo-12_large.png\",\"contentUrl\":\"http:\\\/\\\/ruuby.ee\\\/wp-content\\\/uploads\\\/2023\\\/06\\\/cropped-Black-White-Elegant-Circle-Signature-Fashion-Logo-12_large.png\",\"width\":1280,\"height\":747,\"caption\":\"Ruuby Disain O\u00dc\"},\"image\":{\"@id\":\"https:\\\/\\\/ruuby.ee\\\/#\\\/schema\\\/logo\\\/image\\\/\"},\"sameAs\":[\"https:\\\/\\\/www.facebook.com\\\/ruubyconcept\",\"https:\\\/\\\/www.instagram.com\\\/ruuby_concept\\\/\"]}]}<\/script>\n<!-- \/ Yoast SEO plugin. -->","yoast_head_json":{"title":"Eeveve silikoonist taldrik, Mocha Dark - RUUBY","robots":{"index":"index","follow":"follow","max-snippet":"max-snippet:-1","max-image-preview":"max-image-preview:large","max-video-preview":"max-video-preview:-1"},"canonical":"http:\/\/ruuby.ee\/en\/pood\/lapsed\/beebikaubad\/soogiaeg\/eeveve-silikoonist-taldrik-mocha-dark\/","og_locale":"en_GB","og_type":"article","og_title":"Eeveve silikoonist taldrik, Mocha Dark - RUUBY","og_description":"Silikoontaldrikud on spetsiaalselt disainitud madala servaga \u00fchel k\u00fcljel, mis v\u00f5imaldab leiba h\u00f5lpsalt \u00e4\u00e4rele asetada, samal ajal kui k\u00f5rgendatud serv vastask\u00fcljel aitab v\u00e4ltida toidu mahavalgumist.","og_url":"http:\/\/ruuby.ee\/en\/pood\/lapsed\/beebikaubad\/soogiaeg\/eeveve-silikoonist-taldrik-mocha-dark\/","og_site_name":"RUUBY","article_publisher":"https:\/\/www.facebook.com\/ruubyconcept","article_modified_time":"2026-04-07T22:28:20+00:00","og_image":[{"width":996,"height":1074,"url":"http:\/\/ruuby.ee\/wp-content\/uploads\/2025\/11\/Screenshot-2025-11-19-at-21.14.40.png","type":"image\/png"}],"twitter_card":"summary_large_image","twitter_misc":{"Estimated reading time":"1 minute"},"schema":{"@context":"https:\/\/schema.org","@graph":[{"@type":["WebPage","ItemPage"],"@id":"http:\/\/ruuby.ee\/en\/pood\/lapsed\/beebikaubad\/soogiaeg\/eeveve-silikoonist-taldrik-mocha-dark\/","url":"http:\/\/ruuby.ee\/en\/pood\/lapsed\/beebikaubad\/soogiaeg\/eeveve-silikoonist-taldrik-mocha-dark\/","name":"Eeveve silikoonist taldrik, Mocha Dark - RUUBY","isPartOf":{"@id":"https:\/\/ruuby.ee\/#website"},"primaryImageOfPage":{"@id":"http:\/\/ruuby.ee\/en\/pood\/lapsed\/beebikaubad\/soogiaeg\/eeveve-silikoonist-taldrik-mocha-dark\/#primaryimage"},"image":{"@id":"http:\/\/ruuby.ee\/en\/pood\/lapsed\/beebikaubad\/soogiaeg\/eeveve-silikoonist-taldrik-mocha-dark\/#primaryimage"},"thumbnailUrl":"http:\/\/ruuby.ee\/wp-content\/uploads\/2025\/11\/Screenshot-2025-11-19-at-21.14.40.png","datePublished":"2025-11-19T18:41:56+00:00","dateModified":"2026-04-07T22:28:20+00:00","breadcrumb":{"@id":"http:\/\/ruuby.ee\/en\/pood\/lapsed\/beebikaubad\/soogiaeg\/eeveve-silikoonist-taldrik-mocha-dark\/#breadcrumb"},"inLanguage":"en-GB","potentialAction":[{"@type":"ReadAction","target":["http:\/\/ruuby.ee\/en\/pood\/lapsed\/beebikaubad\/soogiaeg\/eeveve-silikoonist-taldrik-mocha-dark\/"]}]},{"@type":"ImageObject","inLanguage":"en-GB","@id":"http:\/\/ruuby.ee\/en\/pood\/lapsed\/beebikaubad\/soogiaeg\/eeveve-silikoonist-taldrik-mocha-dark\/#primaryimage","url":"http:\/\/ruuby.ee\/wp-content\/uploads\/2025\/11\/Screenshot-2025-11-19-at-21.14.40.png","contentUrl":"http:\/\/ruuby.ee\/wp-content\/uploads\/2025\/11\/Screenshot-2025-11-19-at-21.14.40.png","width":996,"height":1074},{"@type":"BreadcrumbList","@id":"http:\/\/ruuby.ee\/en\/pood\/lapsed\/beebikaubad\/soogiaeg\/eeveve-silikoonist-taldrik-mocha-dark\/#breadcrumb","itemListElement":[{"@type":"ListItem","position":1,"name":"Kdu","item":"https:\/\/ruuby.ee\/"},{"@type":"ListItem","position":2,"name":"Pood","item":"https:\/\/ruuby.ee\/pood\/"},{"@type":"ListItem","position":3,"name":"Eeveve silikoonist taldrik, Mocha Dark"}]},{"@type":"WebSite","@id":"https:\/\/ruuby.ee\/#website","url":"https:\/\/ruuby.ee\/","name":"RUUBY","description":"Ruubys on \u00fchendatud elustiil ja disain","publisher":{"@id":"https:\/\/ruuby.ee\/#organization"},"alternateName":"Ruuby Disain","potentialAction":[{"@type":"SearchAction","target":{"@type":"EntryPoint","urlTemplate":"https:\/\/ruuby.ee\/?s={search_term_string}"},"query-input":{"@type":"PropertyValueSpecification","valueRequired":true,"valueName":"search_term_string"}}],"inLanguage":"en-GB"},{"@type":"Organization","@id":"https:\/\/ruuby.ee\/#organization","name":"Ruuby Disain O\u00dc","alternateName":"Ruuby","url":"https:\/\/ruuby.ee\/","logo":{"@type":"ImageObject","inLanguage":"en-GB","@id":"https:\/\/ruuby.ee\/#\/schema\/logo\/image\/","url":"http:\/\/ruuby.ee\/wp-content\/uploads\/2023\/06\/cropped-Black-White-Elegant-Circle-Signature-Fashion-Logo-12_large.png","contentUrl":"http:\/\/ruuby.ee\/wp-content\/uploads\/2023\/06\/cropped-Black-White-Elegant-Circle-Signature-Fashion-Logo-12_large.png","width":1280,"height":747,"caption":"Ruuby Disain O\u00dc"},"image":{"@id":"https:\/\/ruuby.ee\/#\/schema\/logo\/image\/"},"sameAs":["https:\/\/www.facebook.com\/ruubyconcept","https:\/\/www.instagram.com\/ruuby_concept\/"]}]}},"jetpack_sharing_enabled":true,"_links":{"self":[{"href":"http:\/\/ruuby.ee\/en\/wp-json\/wp\/v2\/product\/1857746","targetHints":{"allow":["GET"]}}],"collection":[{"href":"http:\/\/ruuby.ee\/en\/wp-json\/wp\/v2\/product"}],"about":[{"href":"http:\/\/ruuby.ee\/en\/wp-json\/wp\/v2\/types\/product"}],"replies":[{"embeddable":true,"href":"http:\/\/ruuby.ee\/en\/wp-json\/wp\/v2\/comments?post=1857746"}],"wp:featuredmedia":[{"embeddable":true,"href":"http:\/\/ruuby.ee\/en\/wp-json\/wp\/v2\/media\/1857787"}],"wp:attachment":[{"href":"http:\/\/ruuby.ee\/en\/wp-json\/wp\/v2\/media?parent=1857746"}],"wp:term":[{"taxonomy":"product_brand","embeddable":true,"href":"http:\/\/ruuby.ee\/en\/wp-json\/wp\/v2\/product_brand?post=1857746"},{"taxonomy":"product_cat","embeddable":true,"href":"http:\/\/ruuby.ee\/en\/wp-json\/wp\/v2\/product_cat?post=1857746"},{"taxonomy":"product_tag","embeddable":true,"href":"http:\/\/ruuby.ee\/en\/wp-json\/wp\/v2\/product_tag?post=1857746"}],"curies":[{"name":"wp","href":"https:\/\/api.w.org\/{rel}","templated":true}]}}