{"id":1857696,"date":"2025-11-18T21:51:12","date_gmt":"2025-11-18T19:51:12","guid":{"rendered":"https:\/\/ruuby.ee\/pood\/maaratlemata\/timi-of-sweden-postkaart-angry-cat\/"},"modified":"2026-04-03T01:24:28","modified_gmt":"2026-04-02T22:24:28","slug":"timi-of-sweden-postkaart-angry-cat","status":"publish","type":"product","link":"http:\/\/ruuby.ee\/en\/pood\/aksessuaarid\/kaardid-sonumid\/timi-of-sweden-postkaart-angry-cat\/","title":{"rendered":"Timi of Sweden &#8211; Postkaart, Angry Cat"},"content":{"rendered":"<p>Timi of Sweden postkaardid on Rootsi disainikunsti ehe n\u00e4ide \u2013 minimalistlik, stiilne ja silmapaistvalt kaunis. Iga kaart on valmistatud kvaliteetsetest materjalidest, mis tagavad vastupidavuse ja elegantsi, mis paistab silma nii k\u00e4es kui kingituse pakendil.<\/p>\n<p>Need pole lihtsalt postkaardid \u2013 iga\u00fcks neist kannab edasi unikaalset s\u00f5numit ja kunstilist kujundust. Kas armastad k\u00e4sitsi joonistatud illustratsioone v\u00f5i s\u00fcdamlikke tsitaate? Sobib suurep\u00e4raselt nii s\u00fcnnip\u00e4evaks, j\u00f5uludeks kui igaks eriliseks hetkeks.<\/p>\n<p>Lisaks kaunile disainile on Timi of Sweden p\u00fchendunud j\u00e4tkusuutlikkusele. Kaardid on valmistatud vastutustundlikult hangitud materjalidest ja pakendatud keskkonnas\u00f5bralikult. Nii saad teha teadliku ja keskkonnahoidliku valiku.<\/p>\n<p><strong>Tellige n\u00fc\u00fcd ja lisage oma kingitusele t\u00f5eliselt personaalne ja stiilne l\u00f5ppviimistlus!<\/strong><\/p>","protected":false},"excerpt":{"rendered":"<p>Kas otsid midagi, mis lisaks kingitusele isikliku ja s\u00fcdantsoojendava puudutuse?<\/p>\n<p>Timi of Sweden postkaardid on just need v\u00e4ikesed meistriteosed, mis annavad iga kingituse juurde unustamatu viimase lihvi.<\/p>","protected":false},"featured_media":1858146,"comment_status":"open","ping_status":"closed","template":"","meta":[],"product_brand":[],"product_cat":[43,601],"product_tag":[906],"class_list":{"0":"post-1857696","1":"product","2":"type-product","3":"status-publish","4":"has-post-thumbnail","6":"product_cat-aksessuaarid","7":"product_cat-kaardid-sonumid","8":"product_tag-postkaart","10":"first","11":"instock","12":"taxable","13":"shipping-taxable","14":"purchasable","15":"product-type-simple"},"yoast_head":"<!-- This site is optimized with the Yoast SEO plugin v27.2 - https:\/\/yoast.com\/product\/yoast-seo-wordpress\/ -->\n<title>Timi of Sweden - Postkaart, Angry Cat - RUUBY<\/title>\n<meta name=\"robots\" content=\"index, follow, max-snippet:-1, max-image-preview:large, max-video-preview:-1\" \/>\n<link rel=\"canonical\" href=\"http:\/\/ruuby.ee\/en\/pood\/aksessuaarid\/kaardid-sonumid\/timi-of-sweden-postkaart-angry-cat\/\" \/>\n<meta property=\"og:locale\" content=\"en_GB\" \/>\n<meta property=\"og:type\" content=\"article\" \/>\n<meta property=\"og:title\" content=\"Timi of Sweden - Postkaart, Angry Cat - RUUBY\" \/>\n<meta property=\"og:description\" content=\"Kas otsid midagi, mis lisaks kingitusele isikliku ja s\u00fcdantsoojendava puudutuse?  Timi of Sweden postkaardid on just need v\u00e4ikesed meistriteosed, mis annavad iga kingituse juurde unustamatu viimase lihvi.\" \/>\n<meta property=\"og:url\" content=\"http:\/\/ruuby.ee\/en\/pood\/aksessuaarid\/kaardid-sonumid\/timi-of-sweden-postkaart-angry-cat\/\" \/>\n<meta property=\"og:site_name\" content=\"RUUBY\" \/>\n<meta property=\"article:publisher\" content=\"https:\/\/www.facebook.com\/ruubyconcept\" \/>\n<meta property=\"article:modified_time\" content=\"2026-04-02T22:24:28+00:00\" \/>\n<meta property=\"og:image\" content=\"http:\/\/ruuby.ee\/wp-content\/uploads\/2025\/11\/Screenshot-2025-11-26-at-22.17.00.png\" \/>\n\t<meta property=\"og:image:width\" content=\"664\" \/>\n\t<meta property=\"og:image:height\" content=\"724\" \/>\n\t<meta property=\"og:image:type\" content=\"image\/png\" \/>\n<meta name=\"twitter:card\" content=\"summary_large_image\" \/>\n<meta name=\"twitter:label1\" content=\"Estimated reading time\" \/>\n\t<meta name=\"twitter:data1\" content=\"1 minute\" \/>\n<script type=\"application\/ld+json\" class=\"yoast-schema-graph\">{\"@context\":\"https:\/\/schema.org\",\"@graph\":[{\"@type\":[\"WebPage\",\"ItemPage\"],\"@id\":\"http:\/\/ruuby.ee\/en\/pood\/aksessuaarid\/kaardid-sonumid\/timi-of-sweden-postkaart-angry-cat\/\",\"url\":\"http:\/\/ruuby.ee\/en\/pood\/aksessuaarid\/kaardid-sonumid\/timi-of-sweden-postkaart-angry-cat\/\",\"name\":\"Timi of Sweden - Postkaart, Angry Cat - RUUBY\",\"isPartOf\":{\"@id\":\"https:\/\/ruuby.ee\/en\/#website\"},\"primaryImageOfPage\":{\"@id\":\"http:\/\/ruuby.ee\/en\/pood\/aksessuaarid\/kaardid-sonumid\/timi-of-sweden-postkaart-angry-cat\/#primaryimage\"},\"image\":{\"@id\":\"http:\/\/ruuby.ee\/en\/pood\/aksessuaarid\/kaardid-sonumid\/timi-of-sweden-postkaart-angry-cat\/#primaryimage\"},\"thumbnailUrl\":\"http:\/\/ruuby.ee\/wp-content\/uploads\/2025\/11\/Screenshot-2025-11-26-at-22.17.00.png\",\"datePublished\":\"2025-11-18T19:51:12+00:00\",\"dateModified\":\"2026-04-02T22:24:28+00:00\",\"breadcrumb\":{\"@id\":\"http:\/\/ruuby.ee\/en\/pood\/aksessuaarid\/kaardid-sonumid\/timi-of-sweden-postkaart-angry-cat\/#breadcrumb\"},\"inLanguage\":\"en-GB\",\"potentialAction\":[{\"@type\":\"ReadAction\",\"target\":[\"http:\/\/ruuby.ee\/en\/pood\/aksessuaarid\/kaardid-sonumid\/timi-of-sweden-postkaart-angry-cat\/\"]}]},{\"@type\":\"ImageObject\",\"inLanguage\":\"en-GB\",\"@id\":\"http:\/\/ruuby.ee\/en\/pood\/aksessuaarid\/kaardid-sonumid\/timi-of-sweden-postkaart-angry-cat\/#primaryimage\",\"url\":\"http:\/\/ruuby.ee\/wp-content\/uploads\/2025\/11\/Screenshot-2025-11-26-at-22.17.00.png\",\"contentUrl\":\"http:\/\/ruuby.ee\/wp-content\/uploads\/2025\/11\/Screenshot-2025-11-26-at-22.17.00.png\",\"width\":664,\"height\":724},{\"@type\":\"BreadcrumbList\",\"@id\":\"http:\/\/ruuby.ee\/en\/pood\/aksessuaarid\/kaardid-sonumid\/timi-of-sweden-postkaart-angry-cat\/#breadcrumb\",\"itemListElement\":[{\"@type\":\"ListItem\",\"position\":1,\"name\":\"Kdu\",\"item\":\"https:\/\/ruuby.ee\/en\/\"},{\"@type\":\"ListItem\",\"position\":2,\"name\":\"Pood\",\"item\":\"https:\/\/ruuby.ee\/pood\/\"},{\"@type\":\"ListItem\",\"position\":3,\"name\":\"Timi of Sweden &#8211; Postkaart, Angry Cat\"}]},{\"@type\":\"WebSite\",\"@id\":\"https:\/\/ruuby.ee\/en\/#website\",\"url\":\"https:\/\/ruuby.ee\/en\/\",\"name\":\"RUUBY\",\"description\":\"Ruubys on \u00fchendatud elustiil ja disain\",\"publisher\":{\"@id\":\"https:\/\/ruuby.ee\/en\/#organization\"},\"alternateName\":\"Ruuby Disain\",\"potentialAction\":[{\"@type\":\"SearchAction\",\"target\":{\"@type\":\"EntryPoint\",\"urlTemplate\":\"https:\/\/ruuby.ee\/en\/?s={search_term_string}\"},\"query-input\":{\"@type\":\"PropertyValueSpecification\",\"valueRequired\":true,\"valueName\":\"search_term_string\"}}],\"inLanguage\":\"en-GB\"},{\"@type\":\"Organization\",\"@id\":\"https:\/\/ruuby.ee\/en\/#organization\",\"name\":\"Ruuby Disain O\u00dc\",\"alternateName\":\"Ruuby\",\"url\":\"https:\/\/ruuby.ee\/en\/\",\"logo\":{\"@type\":\"ImageObject\",\"inLanguage\":\"en-GB\",\"@id\":\"https:\/\/ruuby.ee\/en\/#\/schema\/logo\/image\/\",\"url\":\"http:\/\/ruuby.ee\/wp-content\/uploads\/2023\/06\/cropped-Black-White-Elegant-Circle-Signature-Fashion-Logo-12_large.png\",\"contentUrl\":\"http:\/\/ruuby.ee\/wp-content\/uploads\/2023\/06\/cropped-Black-White-Elegant-Circle-Signature-Fashion-Logo-12_large.png\",\"width\":1280,\"height\":747,\"caption\":\"Ruuby Disain O\u00dc\"},\"image\":{\"@id\":\"https:\/\/ruuby.ee\/en\/#\/schema\/logo\/image\/\"},\"sameAs\":[\"https:\/\/www.facebook.com\/ruubyconcept\",\"https:\/\/www.instagram.com\/ruuby_concept\/\"]}]}<\/script>\n<!-- \/ Yoast SEO plugin. -->","yoast_head_json":{"title":"Timi of Sweden - Postkaart, Angry Cat - RUUBY","robots":{"index":"index","follow":"follow","max-snippet":"max-snippet:-1","max-image-preview":"max-image-preview:large","max-video-preview":"max-video-preview:-1"},"canonical":"http:\/\/ruuby.ee\/en\/pood\/aksessuaarid\/kaardid-sonumid\/timi-of-sweden-postkaart-angry-cat\/","og_locale":"en_GB","og_type":"article","og_title":"Timi of Sweden - Postkaart, Angry Cat - RUUBY","og_description":"Kas otsid midagi, mis lisaks kingitusele isikliku ja s\u00fcdantsoojendava puudutuse?  Timi of Sweden postkaardid on just need v\u00e4ikesed meistriteosed, mis annavad iga kingituse juurde unustamatu viimase lihvi.","og_url":"http:\/\/ruuby.ee\/en\/pood\/aksessuaarid\/kaardid-sonumid\/timi-of-sweden-postkaart-angry-cat\/","og_site_name":"RUUBY","article_publisher":"https:\/\/www.facebook.com\/ruubyconcept","article_modified_time":"2026-04-02T22:24:28+00:00","og_image":[{"width":664,"height":724,"url":"http:\/\/ruuby.ee\/wp-content\/uploads\/2025\/11\/Screenshot-2025-11-26-at-22.17.00.png","type":"image\/png"}],"twitter_card":"summary_large_image","twitter_misc":{"Estimated reading time":"1 minute"},"schema":{"@context":"https:\/\/schema.org","@graph":[{"@type":["WebPage","ItemPage"],"@id":"http:\/\/ruuby.ee\/en\/pood\/aksessuaarid\/kaardid-sonumid\/timi-of-sweden-postkaart-angry-cat\/","url":"http:\/\/ruuby.ee\/en\/pood\/aksessuaarid\/kaardid-sonumid\/timi-of-sweden-postkaart-angry-cat\/","name":"Timi of Sweden - Postkaart, Angry Cat - RUUBY","isPartOf":{"@id":"https:\/\/ruuby.ee\/en\/#website"},"primaryImageOfPage":{"@id":"http:\/\/ruuby.ee\/en\/pood\/aksessuaarid\/kaardid-sonumid\/timi-of-sweden-postkaart-angry-cat\/#primaryimage"},"image":{"@id":"http:\/\/ruuby.ee\/en\/pood\/aksessuaarid\/kaardid-sonumid\/timi-of-sweden-postkaart-angry-cat\/#primaryimage"},"thumbnailUrl":"http:\/\/ruuby.ee\/wp-content\/uploads\/2025\/11\/Screenshot-2025-11-26-at-22.17.00.png","datePublished":"2025-11-18T19:51:12+00:00","dateModified":"2026-04-02T22:24:28+00:00","breadcrumb":{"@id":"http:\/\/ruuby.ee\/en\/pood\/aksessuaarid\/kaardid-sonumid\/timi-of-sweden-postkaart-angry-cat\/#breadcrumb"},"inLanguage":"en-GB","potentialAction":[{"@type":"ReadAction","target":["http:\/\/ruuby.ee\/en\/pood\/aksessuaarid\/kaardid-sonumid\/timi-of-sweden-postkaart-angry-cat\/"]}]},{"@type":"ImageObject","inLanguage":"en-GB","@id":"http:\/\/ruuby.ee\/en\/pood\/aksessuaarid\/kaardid-sonumid\/timi-of-sweden-postkaart-angry-cat\/#primaryimage","url":"http:\/\/ruuby.ee\/wp-content\/uploads\/2025\/11\/Screenshot-2025-11-26-at-22.17.00.png","contentUrl":"http:\/\/ruuby.ee\/wp-content\/uploads\/2025\/11\/Screenshot-2025-11-26-at-22.17.00.png","width":664,"height":724},{"@type":"BreadcrumbList","@id":"http:\/\/ruuby.ee\/en\/pood\/aksessuaarid\/kaardid-sonumid\/timi-of-sweden-postkaart-angry-cat\/#breadcrumb","itemListElement":[{"@type":"ListItem","position":1,"name":"Kdu","item":"https:\/\/ruuby.ee\/en\/"},{"@type":"ListItem","position":2,"name":"Pood","item":"https:\/\/ruuby.ee\/pood\/"},{"@type":"ListItem","position":3,"name":"Timi of Sweden &#8211; Postkaart, Angry Cat"}]},{"@type":"WebSite","@id":"https:\/\/ruuby.ee\/en\/#website","url":"https:\/\/ruuby.ee\/en\/","name":"RUUBY","description":"Ruubys on \u00fchendatud elustiil ja disain","publisher":{"@id":"https:\/\/ruuby.ee\/en\/#organization"},"alternateName":"Ruuby Disain","potentialAction":[{"@type":"SearchAction","target":{"@type":"EntryPoint","urlTemplate":"https:\/\/ruuby.ee\/en\/?s={search_term_string}"},"query-input":{"@type":"PropertyValueSpecification","valueRequired":true,"valueName":"search_term_string"}}],"inLanguage":"en-GB"},{"@type":"Organization","@id":"https:\/\/ruuby.ee\/en\/#organization","name":"Ruuby Disain O\u00dc","alternateName":"Ruuby","url":"https:\/\/ruuby.ee\/en\/","logo":{"@type":"ImageObject","inLanguage":"en-GB","@id":"https:\/\/ruuby.ee\/en\/#\/schema\/logo\/image\/","url":"http:\/\/ruuby.ee\/wp-content\/uploads\/2023\/06\/cropped-Black-White-Elegant-Circle-Signature-Fashion-Logo-12_large.png","contentUrl":"http:\/\/ruuby.ee\/wp-content\/uploads\/2023\/06\/cropped-Black-White-Elegant-Circle-Signature-Fashion-Logo-12_large.png","width":1280,"height":747,"caption":"Ruuby Disain O\u00dc"},"image":{"@id":"https:\/\/ruuby.ee\/en\/#\/schema\/logo\/image\/"},"sameAs":["https:\/\/www.facebook.com\/ruubyconcept","https:\/\/www.instagram.com\/ruuby_concept\/"]}]}},"jetpack_sharing_enabled":true,"_links":{"self":[{"href":"http:\/\/ruuby.ee\/en\/wp-json\/wp\/v2\/product\/1857696","targetHints":{"allow":["GET"]}}],"collection":[{"href":"http:\/\/ruuby.ee\/en\/wp-json\/wp\/v2\/product"}],"about":[{"href":"http:\/\/ruuby.ee\/en\/wp-json\/wp\/v2\/types\/product"}],"replies":[{"embeddable":true,"href":"http:\/\/ruuby.ee\/en\/wp-json\/wp\/v2\/comments?post=1857696"}],"wp:featuredmedia":[{"embeddable":true,"href":"http:\/\/ruuby.ee\/en\/wp-json\/wp\/v2\/media\/1858146"}],"wp:attachment":[{"href":"http:\/\/ruuby.ee\/en\/wp-json\/wp\/v2\/media?parent=1857696"}],"wp:term":[{"taxonomy":"product_brand","embeddable":true,"href":"http:\/\/ruuby.ee\/en\/wp-json\/wp\/v2\/product_brand?post=1857696"},{"taxonomy":"product_cat","embeddable":true,"href":"http:\/\/ruuby.ee\/en\/wp-json\/wp\/v2\/product_cat?post=1857696"},{"taxonomy":"product_tag","embeddable":true,"href":"http:\/\/ruuby.ee\/en\/wp-json\/wp\/v2\/product_tag?post=1857696"}],"curies":[{"name":"wp","href":"https:\/\/api.w.org\/{rel}","templated":true}]}}