{"id":1857604,"date":"2025-11-17T19:31:38","date_gmt":"2025-11-17T17:31:38","guid":{"rendered":"https:\/\/ruuby.ee\/pood\/maaratlemata\/omy-sametised-varvilehed-ho-ho-ho-2\/"},"modified":"2026-04-08T01:28:20","modified_gmt":"2026-04-07T22:28:20","slug":"omy-sametised-varvilehed-ho-ho-ho-2","status":"publish","type":"product","link":"http:\/\/ruuby.ee\/en\/pood\/joulueri\/joulumeisterdused-lastele\/omy-sametised-varvilehed-ho-ho-ho-2\/","title":{"rendered":"OMY Sametised v\u00e4rvilehed HO HO HO"},"content":{"rendered":"<p>Tere tulemast OMY Maisoni maagilisse j\u00f5ulumaailma! \u00d5ppige pehmete sametv\u00e4rvimislehtedega l\u00f5butsedes!<\/p>\n<p>J\u00f5ulupuud, piparkoogid, kingitused ja j\u00f5uluvana kelk ilmuvad kuuele sametisele v\u00e4rvilehele, et kaunistada maja v\u00f5i teie tuba enne suurt p\u00e4eva.<br \/>\nLihtne ja m\u00e4nguline samet aitab v\u00e4ikestel joonte sees v\u00e4rvida. See on ideaalne esimene v\u00e4rvimisharjutus, mis aitab arendada osavust ja loovust.<\/p>\n<p>\u00d5ppimine ei ole kunagi olnud nii l\u00f5bus ja nauditav! Meie pehmed sametv\u00e4rvimislehed pakuvad ideaalset platvormi v\u00e4ikestele kunstnikele, et avastada j\u00f5ulumaailma. Siin on m\u00f5ned p\u00f5hjused, miks need lehed on teie laste j\u00e4rgmine lemmik:<\/p>\n<p><strong>L\u00f5bu ja fantaasia \u00fchildus:<\/strong><\/p>\n<p>Kutsuge oma lapsed avastama j\u00f5ulu universumit, kus iga v\u00e4rvilise pildi taga peitub l\u00f5bus ja fantaasiarikas maailm.<\/p>\n<p><strong>6 Sametist V\u00e4rvimispilti<\/strong><\/p>\n<p>Pakkudes mitmekesisust ja loomingulisust, sisaldab komplekt 6 sametist v\u00e4rvimispilti, mis stimuleerivad laste kujutlusv\u00f5imet. Olgu see siis v\u00e4rviline p\u00e4ikeseloojang v\u00f5i l\u00f5busad loomad, igal lehel on midagi erilist.<\/p>\n<p><strong>Lihtne ja L\u00f5bus Samet<\/strong><\/p>\n<p>Meie sametised v\u00e4rvilehed muudavad v\u00e4rvimise lihtsaks ja l\u00f5busaks. V\u00e4rvimine k\u00e4ib kergelt ning sametine pind tagab, et laps saab nautida iga hetke ilma \u00fcle v\u00e4rvi minemata. See on ideaalne viis arendada nii osavust kui ka loovust!<\/p>\n<p><strong>Ideaalne osavuse ja loovuse arendamiseks<\/strong><\/p>\n<p>Oleme loonud need v\u00e4rvilehed, et toetada teie lapse arengut. V\u00e4rvimine mitte ainult ei arenda peenmotoorikat, vaid julgustab ka loovust ja enesev\u00e4ljendust. Laske lastel v\u00e4ljendada oma unistusi l\u00e4bi v\u00e4rvide!<\/p>\n<p>Tule ja liitu meiega OMY Maisoni perekonnas, kus l\u00f5bu ja \u00f5ppimine k\u00e4ivad k\u00e4sik\u00e4es. Meie sametised v\u00e4rvilehed on suurep\u00e4rane kingitus v\u00e4ikestele kunstnikele, tuues nende ellu rohkelt naeru, fantaasiat ja v\u00e4rvir\u00f5\u00f5mu.<\/p>\n<p>Komplekti kuulub 6 lehte.<br \/>\nM\u00f5\u00f5dud 22 x 24 cm<br \/>\nKoostis 100% sametise viimistlusega paber<\/p>","protected":false},"excerpt":{"rendered":"<p>Tere tulemast OMY Maisoni maagilisse j\u00f5ulumaailma! \u00d5ppige pehmete sametv\u00e4rvimislehtedega l\u00f5butsedes! J\u00f5ulupuud, piparkoogid, kingitused ja j\u00f5uluvana kelk ilmuvad kuuele sametisele v\u00e4rvilehele, et kaunistada maja v\u00f5i teie tuba enne suurt p\u00e4eva. Lihtne ja m\u00e4nguline samet aitab v\u00e4ikestel joonte sees v\u00e4rvida. See on ideaalne esimene v\u00e4rvimisharjutus, mis aitab arendada osavust ja loovust. \u00d5ppimine ei ole kunagi olnud nii [&hellip;]<\/p>\n","protected":false},"featured_media":1857650,"comment_status":"open","ping_status":"closed","template":"","meta":[],"product_brand":[],"product_cat":[491,953,22,67,678],"product_tag":[492,68],"class_list":{"0":"post-1857604","1":"product","2":"type-product","3":"status-publish","4":"has-post-thumbnail","6":"product_cat-joulueri","7":"product_cat-joulumeisterdused-lastele","8":"product_cat-lapsed","9":"product_cat-meisterdamine","10":"product_cat-sametised-varvilehed","11":"product_tag-joulud","12":"product_tag-omy","14":"first","15":"instock","16":"taxable","17":"shipping-taxable","18":"purchasable","19":"product-type-simple"},"yoast_head":"<!-- This site is optimized with the Yoast SEO plugin v27.3 - https:\/\/yoast.com\/product\/yoast-seo-wordpress\/ -->\n<title>OMY Sametised v\u00e4rvilehed HO HO HO - RUUBY<\/title>\n<meta name=\"robots\" content=\"index, follow, max-snippet:-1, max-image-preview:large, max-video-preview:-1\" \/>\n<link rel=\"canonical\" href=\"https:\/\/ruuby.ee\/en\/pood\/joulueri\/joulumeisterdused-lastele\/omy-sametised-varvilehed-ho-ho-ho-2\/\" \/>\n<meta property=\"og:locale\" content=\"en_GB\" \/>\n<meta property=\"og:type\" content=\"article\" \/>\n<meta property=\"og:title\" content=\"OMY Sametised v\u00e4rvilehed HO HO HO - RUUBY\" \/>\n<meta property=\"og:description\" content=\"Tere tulemast OMY Maisoni maagilisse j\u00f5ulumaailma! \u00d5ppige pehmete sametv\u00e4rvimislehtedega l\u00f5butsedes! J\u00f5ulupuud, piparkoogid, kingitused ja j\u00f5uluvana kelk ilmuvad kuuele sametisele v\u00e4rvilehele, et kaunistada maja v\u00f5i teie tuba enne suurt p\u00e4eva. Lihtne ja m\u00e4nguline samet aitab v\u00e4ikestel joonte sees v\u00e4rvida. See on ideaalne esimene v\u00e4rvimisharjutus, mis aitab arendada osavust ja loovust. \u00d5ppimine ei ole kunagi olnud nii [&hellip;]\" \/>\n<meta property=\"og:url\" content=\"https:\/\/ruuby.ee\/en\/pood\/joulueri\/joulumeisterdused-lastele\/omy-sametised-varvilehed-ho-ho-ho-2\/\" \/>\n<meta property=\"og:site_name\" content=\"RUUBY\" \/>\n<meta property=\"article:publisher\" content=\"https:\/\/www.facebook.com\/ruubyconcept\" \/>\n<meta property=\"article:modified_time\" content=\"2026-04-07T22:28:20+00:00\" \/>\n<meta property=\"og:image\" content=\"https:\/\/ruuby.ee\/wp-content\/uploads\/2025\/11\/Screenshot-2025-11-17-at-21.26.54.png\" \/>\n\t<meta property=\"og:image:width\" content=\"410\" \/>\n\t<meta property=\"og:image:height\" content=\"412\" \/>\n\t<meta property=\"og:image:type\" content=\"image\/png\" \/>\n<meta name=\"twitter:card\" content=\"summary_large_image\" \/>\n<meta name=\"twitter:label1\" content=\"Estimated reading time\" \/>\n\t<meta name=\"twitter:data1\" content=\"2 minutes\" \/>\n<script type=\"application\/ld+json\" class=\"yoast-schema-graph\">{\"@context\":\"https:\\\/\\\/schema.org\",\"@graph\":[{\"@type\":[\"WebPage\",\"ItemPage\"],\"@id\":\"https:\\\/\\\/ruuby.ee\\\/en\\\/pood\\\/joulueri\\\/joulumeisterdused-lastele\\\/omy-sametised-varvilehed-ho-ho-ho-2\\\/\",\"url\":\"https:\\\/\\\/ruuby.ee\\\/en\\\/pood\\\/joulueri\\\/joulumeisterdused-lastele\\\/omy-sametised-varvilehed-ho-ho-ho-2\\\/\",\"name\":\"OMY Sametised v\u00e4rvilehed HO HO HO - RUUBY\",\"isPartOf\":{\"@id\":\"http:\\\/\\\/ruuby.ee\\\/en\\\/#website\"},\"primaryImageOfPage\":{\"@id\":\"https:\\\/\\\/ruuby.ee\\\/en\\\/pood\\\/joulueri\\\/joulumeisterdused-lastele\\\/omy-sametised-varvilehed-ho-ho-ho-2\\\/#primaryimage\"},\"image\":{\"@id\":\"https:\\\/\\\/ruuby.ee\\\/en\\\/pood\\\/joulueri\\\/joulumeisterdused-lastele\\\/omy-sametised-varvilehed-ho-ho-ho-2\\\/#primaryimage\"},\"thumbnailUrl\":\"http:\\\/\\\/ruuby.ee\\\/wp-content\\\/uploads\\\/2025\\\/11\\\/Screenshot-2025-11-17-at-21.26.54.png\",\"datePublished\":\"2025-11-17T17:31:38+00:00\",\"dateModified\":\"2026-04-07T22:28:20+00:00\",\"breadcrumb\":{\"@id\":\"https:\\\/\\\/ruuby.ee\\\/en\\\/pood\\\/joulueri\\\/joulumeisterdused-lastele\\\/omy-sametised-varvilehed-ho-ho-ho-2\\\/#breadcrumb\"},\"inLanguage\":\"en-GB\",\"potentialAction\":[{\"@type\":\"ReadAction\",\"target\":[\"https:\\\/\\\/ruuby.ee\\\/en\\\/pood\\\/joulueri\\\/joulumeisterdused-lastele\\\/omy-sametised-varvilehed-ho-ho-ho-2\\\/\"]}]},{\"@type\":\"ImageObject\",\"inLanguage\":\"en-GB\",\"@id\":\"https:\\\/\\\/ruuby.ee\\\/en\\\/pood\\\/joulueri\\\/joulumeisterdused-lastele\\\/omy-sametised-varvilehed-ho-ho-ho-2\\\/#primaryimage\",\"url\":\"http:\\\/\\\/ruuby.ee\\\/wp-content\\\/uploads\\\/2025\\\/11\\\/Screenshot-2025-11-17-at-21.26.54.png\",\"contentUrl\":\"http:\\\/\\\/ruuby.ee\\\/wp-content\\\/uploads\\\/2025\\\/11\\\/Screenshot-2025-11-17-at-21.26.54.png\",\"width\":410,\"height\":412},{\"@type\":\"BreadcrumbList\",\"@id\":\"https:\\\/\\\/ruuby.ee\\\/en\\\/pood\\\/joulueri\\\/joulumeisterdused-lastele\\\/omy-sametised-varvilehed-ho-ho-ho-2\\\/#breadcrumb\",\"itemListElement\":[{\"@type\":\"ListItem\",\"position\":1,\"name\":\"Kdu\",\"item\":\"http:\\\/\\\/ruuby.ee\\\/en\\\/\"},{\"@type\":\"ListItem\",\"position\":2,\"name\":\"Pood\",\"item\":\"http:\\\/\\\/ruuby.ee\\\/en\\\/pood\\\/\"},{\"@type\":\"ListItem\",\"position\":3,\"name\":\"OMY Sametised v\u00e4rvilehed HO HO HO\"}]},{\"@type\":\"WebSite\",\"@id\":\"http:\\\/\\\/ruuby.ee\\\/en\\\/#website\",\"url\":\"http:\\\/\\\/ruuby.ee\\\/en\\\/\",\"name\":\"RUUBY\",\"description\":\"Ruubys on \u00fchendatud elustiil ja disain\",\"publisher\":{\"@id\":\"http:\\\/\\\/ruuby.ee\\\/en\\\/#organization\"},\"alternateName\":\"Ruuby Disain\",\"potentialAction\":[{\"@type\":\"SearchAction\",\"target\":{\"@type\":\"EntryPoint\",\"urlTemplate\":\"http:\\\/\\\/ruuby.ee\\\/en\\\/?s={search_term_string}\"},\"query-input\":{\"@type\":\"PropertyValueSpecification\",\"valueRequired\":true,\"valueName\":\"search_term_string\"}}],\"inLanguage\":\"en-GB\"},{\"@type\":\"Organization\",\"@id\":\"http:\\\/\\\/ruuby.ee\\\/en\\\/#organization\",\"name\":\"Ruuby Disain O\u00dc\",\"alternateName\":\"Ruuby\",\"url\":\"http:\\\/\\\/ruuby.ee\\\/en\\\/\",\"logo\":{\"@type\":\"ImageObject\",\"inLanguage\":\"en-GB\",\"@id\":\"http:\\\/\\\/ruuby.ee\\\/en\\\/#\\\/schema\\\/logo\\\/image\\\/\",\"url\":\"http:\\\/\\\/ruuby.ee\\\/wp-content\\\/uploads\\\/2023\\\/06\\\/cropped-Black-White-Elegant-Circle-Signature-Fashion-Logo-12_large.png\",\"contentUrl\":\"http:\\\/\\\/ruuby.ee\\\/wp-content\\\/uploads\\\/2023\\\/06\\\/cropped-Black-White-Elegant-Circle-Signature-Fashion-Logo-12_large.png\",\"width\":1280,\"height\":747,\"caption\":\"Ruuby Disain O\u00dc\"},\"image\":{\"@id\":\"http:\\\/\\\/ruuby.ee\\\/en\\\/#\\\/schema\\\/logo\\\/image\\\/\"},\"sameAs\":[\"https:\\\/\\\/www.facebook.com\\\/ruubyconcept\",\"https:\\\/\\\/www.instagram.com\\\/ruuby_concept\\\/\"]}]}<\/script>\n<!-- \/ Yoast SEO plugin. -->","yoast_head_json":{"title":"OMY Sametised v\u00e4rvilehed HO HO HO - RUUBY","robots":{"index":"index","follow":"follow","max-snippet":"max-snippet:-1","max-image-preview":"max-image-preview:large","max-video-preview":"max-video-preview:-1"},"canonical":"https:\/\/ruuby.ee\/en\/pood\/joulueri\/joulumeisterdused-lastele\/omy-sametised-varvilehed-ho-ho-ho-2\/","og_locale":"en_GB","og_type":"article","og_title":"OMY Sametised v\u00e4rvilehed HO HO HO - RUUBY","og_description":"Tere tulemast OMY Maisoni maagilisse j\u00f5ulumaailma! \u00d5ppige pehmete sametv\u00e4rvimislehtedega l\u00f5butsedes! J\u00f5ulupuud, piparkoogid, kingitused ja j\u00f5uluvana kelk ilmuvad kuuele sametisele v\u00e4rvilehele, et kaunistada maja v\u00f5i teie tuba enne suurt p\u00e4eva. Lihtne ja m\u00e4nguline samet aitab v\u00e4ikestel joonte sees v\u00e4rvida. See on ideaalne esimene v\u00e4rvimisharjutus, mis aitab arendada osavust ja loovust. \u00d5ppimine ei ole kunagi olnud nii [&hellip;]","og_url":"https:\/\/ruuby.ee\/en\/pood\/joulueri\/joulumeisterdused-lastele\/omy-sametised-varvilehed-ho-ho-ho-2\/","og_site_name":"RUUBY","article_publisher":"https:\/\/www.facebook.com\/ruubyconcept","article_modified_time":"2026-04-07T22:28:20+00:00","og_image":[{"width":410,"height":412,"url":"https:\/\/ruuby.ee\/wp-content\/uploads\/2025\/11\/Screenshot-2025-11-17-at-21.26.54.png","type":"image\/png"}],"twitter_card":"summary_large_image","twitter_misc":{"Estimated reading time":"2 minutes"},"schema":{"@context":"https:\/\/schema.org","@graph":[{"@type":["WebPage","ItemPage"],"@id":"https:\/\/ruuby.ee\/en\/pood\/joulueri\/joulumeisterdused-lastele\/omy-sametised-varvilehed-ho-ho-ho-2\/","url":"https:\/\/ruuby.ee\/en\/pood\/joulueri\/joulumeisterdused-lastele\/omy-sametised-varvilehed-ho-ho-ho-2\/","name":"OMY Sametised v\u00e4rvilehed HO HO HO - RUUBY","isPartOf":{"@id":"http:\/\/ruuby.ee\/en\/#website"},"primaryImageOfPage":{"@id":"https:\/\/ruuby.ee\/en\/pood\/joulueri\/joulumeisterdused-lastele\/omy-sametised-varvilehed-ho-ho-ho-2\/#primaryimage"},"image":{"@id":"https:\/\/ruuby.ee\/en\/pood\/joulueri\/joulumeisterdused-lastele\/omy-sametised-varvilehed-ho-ho-ho-2\/#primaryimage"},"thumbnailUrl":"http:\/\/ruuby.ee\/wp-content\/uploads\/2025\/11\/Screenshot-2025-11-17-at-21.26.54.png","datePublished":"2025-11-17T17:31:38+00:00","dateModified":"2026-04-07T22:28:20+00:00","breadcrumb":{"@id":"https:\/\/ruuby.ee\/en\/pood\/joulueri\/joulumeisterdused-lastele\/omy-sametised-varvilehed-ho-ho-ho-2\/#breadcrumb"},"inLanguage":"en-GB","potentialAction":[{"@type":"ReadAction","target":["https:\/\/ruuby.ee\/en\/pood\/joulueri\/joulumeisterdused-lastele\/omy-sametised-varvilehed-ho-ho-ho-2\/"]}]},{"@type":"ImageObject","inLanguage":"en-GB","@id":"https:\/\/ruuby.ee\/en\/pood\/joulueri\/joulumeisterdused-lastele\/omy-sametised-varvilehed-ho-ho-ho-2\/#primaryimage","url":"http:\/\/ruuby.ee\/wp-content\/uploads\/2025\/11\/Screenshot-2025-11-17-at-21.26.54.png","contentUrl":"http:\/\/ruuby.ee\/wp-content\/uploads\/2025\/11\/Screenshot-2025-11-17-at-21.26.54.png","width":410,"height":412},{"@type":"BreadcrumbList","@id":"https:\/\/ruuby.ee\/en\/pood\/joulueri\/joulumeisterdused-lastele\/omy-sametised-varvilehed-ho-ho-ho-2\/#breadcrumb","itemListElement":[{"@type":"ListItem","position":1,"name":"Kdu","item":"http:\/\/ruuby.ee\/en\/"},{"@type":"ListItem","position":2,"name":"Pood","item":"http:\/\/ruuby.ee\/en\/pood\/"},{"@type":"ListItem","position":3,"name":"OMY Sametised v\u00e4rvilehed HO HO HO"}]},{"@type":"WebSite","@id":"http:\/\/ruuby.ee\/en\/#website","url":"http:\/\/ruuby.ee\/en\/","name":"RUUBY","description":"Ruubys on \u00fchendatud elustiil ja disain","publisher":{"@id":"http:\/\/ruuby.ee\/en\/#organization"},"alternateName":"Ruuby Disain","potentialAction":[{"@type":"SearchAction","target":{"@type":"EntryPoint","urlTemplate":"http:\/\/ruuby.ee\/en\/?s={search_term_string}"},"query-input":{"@type":"PropertyValueSpecification","valueRequired":true,"valueName":"search_term_string"}}],"inLanguage":"en-GB"},{"@type":"Organization","@id":"http:\/\/ruuby.ee\/en\/#organization","name":"Ruuby Disain O\u00dc","alternateName":"Ruuby","url":"http:\/\/ruuby.ee\/en\/","logo":{"@type":"ImageObject","inLanguage":"en-GB","@id":"http:\/\/ruuby.ee\/en\/#\/schema\/logo\/image\/","url":"http:\/\/ruuby.ee\/wp-content\/uploads\/2023\/06\/cropped-Black-White-Elegant-Circle-Signature-Fashion-Logo-12_large.png","contentUrl":"http:\/\/ruuby.ee\/wp-content\/uploads\/2023\/06\/cropped-Black-White-Elegant-Circle-Signature-Fashion-Logo-12_large.png","width":1280,"height":747,"caption":"Ruuby Disain O\u00dc"},"image":{"@id":"http:\/\/ruuby.ee\/en\/#\/schema\/logo\/image\/"},"sameAs":["https:\/\/www.facebook.com\/ruubyconcept","https:\/\/www.instagram.com\/ruuby_concept\/"]}]}},"jetpack_sharing_enabled":true,"_links":{"self":[{"href":"http:\/\/ruuby.ee\/en\/wp-json\/wp\/v2\/product\/1857604","targetHints":{"allow":["GET"]}}],"collection":[{"href":"http:\/\/ruuby.ee\/en\/wp-json\/wp\/v2\/product"}],"about":[{"href":"http:\/\/ruuby.ee\/en\/wp-json\/wp\/v2\/types\/product"}],"replies":[{"embeddable":true,"href":"http:\/\/ruuby.ee\/en\/wp-json\/wp\/v2\/comments?post=1857604"}],"wp:featuredmedia":[{"embeddable":true,"href":"http:\/\/ruuby.ee\/en\/wp-json\/wp\/v2\/media\/1857650"}],"wp:attachment":[{"href":"http:\/\/ruuby.ee\/en\/wp-json\/wp\/v2\/media?parent=1857604"}],"wp:term":[{"taxonomy":"product_brand","embeddable":true,"href":"http:\/\/ruuby.ee\/en\/wp-json\/wp\/v2\/product_brand?post=1857604"},{"taxonomy":"product_cat","embeddable":true,"href":"http:\/\/ruuby.ee\/en\/wp-json\/wp\/v2\/product_cat?post=1857604"},{"taxonomy":"product_tag","embeddable":true,"href":"http:\/\/ruuby.ee\/en\/wp-json\/wp\/v2\/product_tag?post=1857604"}],"curies":[{"name":"wp","href":"https:\/\/api.w.org\/{rel}","templated":true}]}}