{"id":1857581,"date":"2025-11-17T18:21:07","date_gmt":"2025-11-17T16:21:07","guid":{"rendered":"https:\/\/ruuby.ee\/pood\/maaratlemata\/oyoy-mini-toby-tuukan\/"},"modified":"2026-04-08T01:28:21","modified_gmt":"2026-04-07T22:28:21","slug":"oyoy-mini-toby-tuukan","status":"publish","type":"product","link":"http:\/\/ruuby.ee\/en\/pood\/joulueri\/joulumeisterdused-lastele\/oyoy-mini-toby-tuukan\/","title":{"rendered":"OYOY Mini Toby tuukan"},"content":{"rendered":"<div class=\"tabItems_item active\" data-stockie-tab-content=\"description\">\n<div class=\"wrap\">\n<p>Las tuukan Toby saab teie lapse m\u00e4nguasjaperekonna kalliks liikmeks!<\/p>\n<p>Oma \u0161armi ja kallistava olemusega tuukan Toby on kohal, et kuulata, pakkuda lohutust ja osaleda lugematutel seiklustel. Kingi tuukan Tobyga armastust, kallistusi ja l\u00f5putuid naeratusi ning vaadake, kuidas teie lapse n\u00e4gu tema uut parimat s\u00f5pra n\u00e4hes r\u00f5\u00f5must s\u00e4rama l\u00f6\u00f6b.<\/p>\n<p>100% puuvill, sisu 100% taaskasutatud pol\u00fcester<\/p>\n<p>M\u00f5\u00f5tmed: K22 x P31 x L14 cm<\/p>\n<\/div>\n<\/div>\n<div class=\"tabItems_item\" data-stockie-tab-content=\"additional_information\">\n<div class=\"wrap\">\n<table class=\"shop_attributes\">\n<tbody>\n<tr class=\"\">\n<th>Br\u00e4nd<\/th>\n<td>OYOY Mini<\/td>\n<\/tr>\n<tr class=\"alt\">\n<th>Materjal<\/th>\n<td>Pol\u00fcester, Puuvill<\/td>\n<\/tr>\n<\/tbody>\n<\/table>\n<\/div>\n<\/div>","protected":false},"excerpt":{"rendered":"<p>Las tuukan Toby saab teie lapse m\u00e4nguasjaperekonna kalliks liikmeks!<\/p>\n<p>Oma \u0161armi ja kallistava olemusega Toby on kohal, et kuulata, pakkuda lohutust ja osaleda lugematutel seiklustel. Kingi tuukan Tobyga armastust, kallistusi ja l\u00f5putuid naeratusi ning vaadake, kuidas teie lapse n\u00e4gu tema uut parimat s\u00f5pra n\u00e4hes r\u00f5\u00f5must s\u00e4rama l\u00f6\u00f6b.<\/p>","protected":false},"featured_media":1857593,"comment_status":"open","ping_status":"closed","template":"","meta":[],"product_brand":[],"product_cat":[491,953,22,849],"product_tag":[70],"class_list":{"0":"post-1857581","1":"product","2":"type-product","3":"status-publish","4":"has-post-thumbnail","6":"product_cat-joulueri","7":"product_cat-joulumeisterdused-lastele","8":"product_cat-lapsed","9":"product_cat-pehmed-manguasjad","10":"product_tag-lapsed","12":"first","13":"instock","14":"taxable","15":"shipping-taxable","16":"purchasable","17":"product-type-simple"},"yoast_head":"<!-- This site is optimized with the Yoast SEO plugin v27.3 - https:\/\/yoast.com\/product\/yoast-seo-wordpress\/ -->\n<title>OYOY Mini Toby tuukan - RUUBY<\/title>\n<meta name=\"robots\" content=\"index, follow, max-snippet:-1, max-image-preview:large, max-video-preview:-1\" \/>\n<link rel=\"canonical\" href=\"http:\/\/ruuby.ee\/en\/pood\/joulueri\/joulumeisterdused-lastele\/oyoy-mini-toby-tuukan\/\" \/>\n<meta property=\"og:locale\" content=\"en_GB\" \/>\n<meta property=\"og:type\" content=\"article\" \/>\n<meta property=\"og:title\" content=\"OYOY Mini Toby tuukan - RUUBY\" \/>\n<meta property=\"og:description\" content=\"Las tuukan Toby saab teie lapse m\u00e4nguasjaperekonna kalliks liikmeks!  Oma \u0161armi ja kallistava olemusega Toby on kohal, et kuulata, pakkuda lohutust ja osaleda lugematutel seiklustel. Kingi tuukan Tobyga armastust, kallistusi ja l\u00f5putuid naeratusi ning vaadake, kuidas teie lapse n\u00e4gu tema uut parimat s\u00f5pra n\u00e4hes r\u00f5\u00f5must s\u00e4rama l\u00f6\u00f6b.\" \/>\n<meta property=\"og:url\" content=\"http:\/\/ruuby.ee\/en\/pood\/joulueri\/joulumeisterdused-lastele\/oyoy-mini-toby-tuukan\/\" \/>\n<meta property=\"og:site_name\" content=\"RUUBY\" \/>\n<meta property=\"article:publisher\" content=\"https:\/\/www.facebook.com\/ruubyconcept\" \/>\n<meta property=\"article:modified_time\" content=\"2026-04-07T22:28:21+00:00\" \/>\n<meta property=\"og:image\" content=\"http:\/\/ruuby.ee\/wp-content\/uploads\/2025\/11\/Screenshot-2025-11-17-at-18.31.55.png\" \/>\n\t<meta property=\"og:image:width\" content=\"708\" \/>\n\t<meta property=\"og:image:height\" content=\"648\" \/>\n\t<meta property=\"og:image:type\" content=\"image\/png\" \/>\n<meta name=\"twitter:card\" content=\"summary_large_image\" \/>\n<meta name=\"twitter:label1\" content=\"Estimated reading time\" \/>\n\t<meta name=\"twitter:data1\" content=\"1 minute\" \/>\n<script type=\"application\/ld+json\" class=\"yoast-schema-graph\">{\"@context\":\"https:\\\/\\\/schema.org\",\"@graph\":[{\"@type\":[\"WebPage\",\"ItemPage\"],\"@id\":\"http:\\\/\\\/ruuby.ee\\\/pood\\\/joulueri\\\/joulumeisterdused-lastele\\\/oyoy-mini-toby-tuukan\\\/\",\"url\":\"http:\\\/\\\/ruuby.ee\\\/pood\\\/joulueri\\\/joulumeisterdused-lastele\\\/oyoy-mini-toby-tuukan\\\/\",\"name\":\"OYOY Mini Toby tuukan - RUUBY\",\"isPartOf\":{\"@id\":\"http:\\\/\\\/ruuby.ee\\\/en\\\/#website\"},\"primaryImageOfPage\":{\"@id\":\"http:\\\/\\\/ruuby.ee\\\/pood\\\/joulueri\\\/joulumeisterdused-lastele\\\/oyoy-mini-toby-tuukan\\\/#primaryimage\"},\"image\":{\"@id\":\"http:\\\/\\\/ruuby.ee\\\/pood\\\/joulueri\\\/joulumeisterdused-lastele\\\/oyoy-mini-toby-tuukan\\\/#primaryimage\"},\"thumbnailUrl\":\"http:\\\/\\\/ruuby.ee\\\/wp-content\\\/uploads\\\/2025\\\/11\\\/Screenshot-2025-11-17-at-18.31.55.png\",\"datePublished\":\"2025-11-17T16:21:07+00:00\",\"dateModified\":\"2026-04-07T22:28:21+00:00\",\"breadcrumb\":{\"@id\":\"http:\\\/\\\/ruuby.ee\\\/pood\\\/joulueri\\\/joulumeisterdused-lastele\\\/oyoy-mini-toby-tuukan\\\/#breadcrumb\"},\"inLanguage\":\"en-GB\",\"potentialAction\":[{\"@type\":\"ReadAction\",\"target\":[\"http:\\\/\\\/ruuby.ee\\\/pood\\\/joulueri\\\/joulumeisterdused-lastele\\\/oyoy-mini-toby-tuukan\\\/\"]}]},{\"@type\":\"ImageObject\",\"inLanguage\":\"en-GB\",\"@id\":\"http:\\\/\\\/ruuby.ee\\\/pood\\\/joulueri\\\/joulumeisterdused-lastele\\\/oyoy-mini-toby-tuukan\\\/#primaryimage\",\"url\":\"http:\\\/\\\/ruuby.ee\\\/wp-content\\\/uploads\\\/2025\\\/11\\\/Screenshot-2025-11-17-at-18.31.55.png\",\"contentUrl\":\"http:\\\/\\\/ruuby.ee\\\/wp-content\\\/uploads\\\/2025\\\/11\\\/Screenshot-2025-11-17-at-18.31.55.png\",\"width\":708,\"height\":648},{\"@type\":\"BreadcrumbList\",\"@id\":\"http:\\\/\\\/ruuby.ee\\\/pood\\\/joulueri\\\/joulumeisterdused-lastele\\\/oyoy-mini-toby-tuukan\\\/#breadcrumb\",\"itemListElement\":[{\"@type\":\"ListItem\",\"position\":1,\"name\":\"Kdu\",\"item\":\"http:\\\/\\\/ruuby.ee\\\/en\\\/\"},{\"@type\":\"ListItem\",\"position\":2,\"name\":\"Pood\",\"item\":\"http:\\\/\\\/ruuby.ee\\\/en\\\/pood\\\/\"},{\"@type\":\"ListItem\",\"position\":3,\"name\":\"OYOY Mini Toby tuukan\"}]},{\"@type\":\"WebSite\",\"@id\":\"http:\\\/\\\/ruuby.ee\\\/en\\\/#website\",\"url\":\"http:\\\/\\\/ruuby.ee\\\/en\\\/\",\"name\":\"RUUBY\",\"description\":\"Ruubys on \u00fchendatud elustiil ja disain\",\"publisher\":{\"@id\":\"http:\\\/\\\/ruuby.ee\\\/en\\\/#organization\"},\"alternateName\":\"Ruuby Disain\",\"potentialAction\":[{\"@type\":\"SearchAction\",\"target\":{\"@type\":\"EntryPoint\",\"urlTemplate\":\"http:\\\/\\\/ruuby.ee\\\/en\\\/?s={search_term_string}\"},\"query-input\":{\"@type\":\"PropertyValueSpecification\",\"valueRequired\":true,\"valueName\":\"search_term_string\"}}],\"inLanguage\":\"en-GB\"},{\"@type\":\"Organization\",\"@id\":\"http:\\\/\\\/ruuby.ee\\\/en\\\/#organization\",\"name\":\"Ruuby Disain O\u00dc\",\"alternateName\":\"Ruuby\",\"url\":\"http:\\\/\\\/ruuby.ee\\\/en\\\/\",\"logo\":{\"@type\":\"ImageObject\",\"inLanguage\":\"en-GB\",\"@id\":\"http:\\\/\\\/ruuby.ee\\\/en\\\/#\\\/schema\\\/logo\\\/image\\\/\",\"url\":\"http:\\\/\\\/ruuby.ee\\\/wp-content\\\/uploads\\\/2023\\\/06\\\/cropped-Black-White-Elegant-Circle-Signature-Fashion-Logo-12_large.png\",\"contentUrl\":\"http:\\\/\\\/ruuby.ee\\\/wp-content\\\/uploads\\\/2023\\\/06\\\/cropped-Black-White-Elegant-Circle-Signature-Fashion-Logo-12_large.png\",\"width\":1280,\"height\":747,\"caption\":\"Ruuby Disain O\u00dc\"},\"image\":{\"@id\":\"http:\\\/\\\/ruuby.ee\\\/en\\\/#\\\/schema\\\/logo\\\/image\\\/\"},\"sameAs\":[\"https:\\\/\\\/www.facebook.com\\\/ruubyconcept\",\"https:\\\/\\\/www.instagram.com\\\/ruuby_concept\\\/\"]}]}<\/script>\n<!-- \/ Yoast SEO plugin. -->","yoast_head_json":{"title":"OYOY Mini Toby tuukan - RUUBY","robots":{"index":"index","follow":"follow","max-snippet":"max-snippet:-1","max-image-preview":"max-image-preview:large","max-video-preview":"max-video-preview:-1"},"canonical":"http:\/\/ruuby.ee\/en\/pood\/joulueri\/joulumeisterdused-lastele\/oyoy-mini-toby-tuukan\/","og_locale":"en_GB","og_type":"article","og_title":"OYOY Mini Toby tuukan - RUUBY","og_description":"Las tuukan Toby saab teie lapse m\u00e4nguasjaperekonna kalliks liikmeks!  Oma \u0161armi ja kallistava olemusega Toby on kohal, et kuulata, pakkuda lohutust ja osaleda lugematutel seiklustel. Kingi tuukan Tobyga armastust, kallistusi ja l\u00f5putuid naeratusi ning vaadake, kuidas teie lapse n\u00e4gu tema uut parimat s\u00f5pra n\u00e4hes r\u00f5\u00f5must s\u00e4rama l\u00f6\u00f6b.","og_url":"http:\/\/ruuby.ee\/en\/pood\/joulueri\/joulumeisterdused-lastele\/oyoy-mini-toby-tuukan\/","og_site_name":"RUUBY","article_publisher":"https:\/\/www.facebook.com\/ruubyconcept","article_modified_time":"2026-04-07T22:28:21+00:00","og_image":[{"width":708,"height":648,"url":"http:\/\/ruuby.ee\/wp-content\/uploads\/2025\/11\/Screenshot-2025-11-17-at-18.31.55.png","type":"image\/png"}],"twitter_card":"summary_large_image","twitter_misc":{"Estimated reading time":"1 minute"},"schema":{"@context":"https:\/\/schema.org","@graph":[{"@type":["WebPage","ItemPage"],"@id":"http:\/\/ruuby.ee\/pood\/joulueri\/joulumeisterdused-lastele\/oyoy-mini-toby-tuukan\/","url":"http:\/\/ruuby.ee\/pood\/joulueri\/joulumeisterdused-lastele\/oyoy-mini-toby-tuukan\/","name":"OYOY Mini Toby tuukan - RUUBY","isPartOf":{"@id":"http:\/\/ruuby.ee\/en\/#website"},"primaryImageOfPage":{"@id":"http:\/\/ruuby.ee\/pood\/joulueri\/joulumeisterdused-lastele\/oyoy-mini-toby-tuukan\/#primaryimage"},"image":{"@id":"http:\/\/ruuby.ee\/pood\/joulueri\/joulumeisterdused-lastele\/oyoy-mini-toby-tuukan\/#primaryimage"},"thumbnailUrl":"http:\/\/ruuby.ee\/wp-content\/uploads\/2025\/11\/Screenshot-2025-11-17-at-18.31.55.png","datePublished":"2025-11-17T16:21:07+00:00","dateModified":"2026-04-07T22:28:21+00:00","breadcrumb":{"@id":"http:\/\/ruuby.ee\/pood\/joulueri\/joulumeisterdused-lastele\/oyoy-mini-toby-tuukan\/#breadcrumb"},"inLanguage":"en-GB","potentialAction":[{"@type":"ReadAction","target":["http:\/\/ruuby.ee\/pood\/joulueri\/joulumeisterdused-lastele\/oyoy-mini-toby-tuukan\/"]}]},{"@type":"ImageObject","inLanguage":"en-GB","@id":"http:\/\/ruuby.ee\/pood\/joulueri\/joulumeisterdused-lastele\/oyoy-mini-toby-tuukan\/#primaryimage","url":"http:\/\/ruuby.ee\/wp-content\/uploads\/2025\/11\/Screenshot-2025-11-17-at-18.31.55.png","contentUrl":"http:\/\/ruuby.ee\/wp-content\/uploads\/2025\/11\/Screenshot-2025-11-17-at-18.31.55.png","width":708,"height":648},{"@type":"BreadcrumbList","@id":"http:\/\/ruuby.ee\/pood\/joulueri\/joulumeisterdused-lastele\/oyoy-mini-toby-tuukan\/#breadcrumb","itemListElement":[{"@type":"ListItem","position":1,"name":"Kdu","item":"http:\/\/ruuby.ee\/en\/"},{"@type":"ListItem","position":2,"name":"Pood","item":"http:\/\/ruuby.ee\/en\/pood\/"},{"@type":"ListItem","position":3,"name":"OYOY Mini Toby tuukan"}]},{"@type":"WebSite","@id":"http:\/\/ruuby.ee\/en\/#website","url":"http:\/\/ruuby.ee\/en\/","name":"RUUBY","description":"Ruubys on \u00fchendatud elustiil ja disain","publisher":{"@id":"http:\/\/ruuby.ee\/en\/#organization"},"alternateName":"Ruuby Disain","potentialAction":[{"@type":"SearchAction","target":{"@type":"EntryPoint","urlTemplate":"http:\/\/ruuby.ee\/en\/?s={search_term_string}"},"query-input":{"@type":"PropertyValueSpecification","valueRequired":true,"valueName":"search_term_string"}}],"inLanguage":"en-GB"},{"@type":"Organization","@id":"http:\/\/ruuby.ee\/en\/#organization","name":"Ruuby Disain O\u00dc","alternateName":"Ruuby","url":"http:\/\/ruuby.ee\/en\/","logo":{"@type":"ImageObject","inLanguage":"en-GB","@id":"http:\/\/ruuby.ee\/en\/#\/schema\/logo\/image\/","url":"http:\/\/ruuby.ee\/wp-content\/uploads\/2023\/06\/cropped-Black-White-Elegant-Circle-Signature-Fashion-Logo-12_large.png","contentUrl":"http:\/\/ruuby.ee\/wp-content\/uploads\/2023\/06\/cropped-Black-White-Elegant-Circle-Signature-Fashion-Logo-12_large.png","width":1280,"height":747,"caption":"Ruuby Disain O\u00dc"},"image":{"@id":"http:\/\/ruuby.ee\/en\/#\/schema\/logo\/image\/"},"sameAs":["https:\/\/www.facebook.com\/ruubyconcept","https:\/\/www.instagram.com\/ruuby_concept\/"]}]}},"jetpack_sharing_enabled":true,"_links":{"self":[{"href":"http:\/\/ruuby.ee\/en\/wp-json\/wp\/v2\/product\/1857581","targetHints":{"allow":["GET"]}}],"collection":[{"href":"http:\/\/ruuby.ee\/en\/wp-json\/wp\/v2\/product"}],"about":[{"href":"http:\/\/ruuby.ee\/en\/wp-json\/wp\/v2\/types\/product"}],"replies":[{"embeddable":true,"href":"http:\/\/ruuby.ee\/en\/wp-json\/wp\/v2\/comments?post=1857581"}],"wp:featuredmedia":[{"embeddable":true,"href":"http:\/\/ruuby.ee\/en\/wp-json\/wp\/v2\/media\/1857593"}],"wp:attachment":[{"href":"http:\/\/ruuby.ee\/en\/wp-json\/wp\/v2\/media?parent=1857581"}],"wp:term":[{"taxonomy":"product_brand","embeddable":true,"href":"http:\/\/ruuby.ee\/en\/wp-json\/wp\/v2\/product_brand?post=1857581"},{"taxonomy":"product_cat","embeddable":true,"href":"http:\/\/ruuby.ee\/en\/wp-json\/wp\/v2\/product_cat?post=1857581"},{"taxonomy":"product_tag","embeddable":true,"href":"http:\/\/ruuby.ee\/en\/wp-json\/wp\/v2\/product_tag?post=1857581"}],"curies":[{"name":"wp","href":"https:\/\/api.w.org\/{rel}","templated":true}]}}