{"id":1857578,"date":"2025-11-17T17:31:44","date_gmt":"2025-11-17T15:31:44","guid":{"rendered":"https:\/\/ruuby.ee\/pood\/maaratlemata\/nore-talvelohnade-kinkekomplekt\/"},"modified":"2026-04-08T01:28:21","modified_gmt":"2026-04-07T22:28:21","slug":"nore-talvelohnade-kinkekomplekt","status":"publish","type":"product","link":"http:\/\/ruuby.ee\/en\/pood\/joulueri\/joulu-kinkekomplektid\/nore-talvelohnade-kinkekomplekt\/","title":{"rendered":"NORE talvel\u00f5hnade kinkekomplekt"},"content":{"rendered":"<p class=\"cvGsUA direction-ltr align-justify para-style-body\"><span class=\"a_GcMg font-feature-liga-off font-feature-clig-off font-feature-calt-off text-decoration-none text-strikethrough-none\">Talvel\u00f5hnade komplekt sisaldab:<\/span><\/p>\n<p><strong><span class=\"a_GcMg font-feature-liga-off font-feature-clig-off font-feature-calt-off text-decoration-none text-strikethrough-none\">Ahju\u00f5un\u2022apelsin kookos-rapsivahast k\u00e4sit\u00f6\u00f6k\u00fc\u00fcnal (220g)<\/span><\/strong><span class=\"a_GcMg font-feature-liga-off font-feature-clig-off font-feature-calt-off text-decoration-none text-strikethrough-none\"> \u2013 H\u00f5rk ja mahlane aroom, mis toob esile talve\u00f5htu v\u00f5lu. L\u00f5hnakoosluses kohtuvad v\u00e4rske apelsin ja lahkelt kaneeline ahju\u00f5un.<\/span><\/p>\n<p><span class=\"a_GcMg font-feature-liga-off font-feature-clig-off font-feature-calt-off text-decoration-none text-strikethrough-none\"><strong>Talvine kuusemets k\u00e4sit\u00f6\u00f6na valminud kodul\u00f5hnastaja (100ml)<\/strong> \u2013 <\/span><span class=\"a_GcMg font-feature-liga-off font-feature-clig-off font-feature-calt-off text-decoration-none text-strikethrough-none\">Inspireeritud talvisest jalutusk\u00e4igust kuusemetsas, kui taevast langeb laia lund, kuusetippe katavad lumem\u00fctsid ja meeli k\u00f6idab v\u00e4rske kuusepuu aroom.<\/span><\/p>\n<p>&nbsp;<\/p>\n<p>Nore k\u00fc\u00fcnlad valmivad k\u00e4sit\u00f6\u00f6na k\u00f5rgekvaliteedilistest aroomi\u00f5lidest ning 100% taimsest kookos-rapsivahast, mis ei sisalda parafiini ega s\u00fcnteetilisi lisandeid. K\u00f5rge kookose sisaldus k\u00fc\u00fcnlavahas pikendab p\u00f5lemisaega ning tagab k\u00fc\u00fcnla puhta p\u00f5lemise. Nore kodul\u00f5hnastajad valmivad k\u00e4sit\u00f6\u00f6na looduss\u00f5bralikest baas\u00f5lidest ning k\u00f5rgekvaliteedilistest aroomi\u00f5lidest.<\/p>\n<p>K\u00fc\u00fcnla kasutamine: P\u00f5leta k\u00fc\u00fcnalt alati kogu pealispinna sulamiseni, see tagab k\u00fc\u00fcnla \u00fchtlase sulamise. K\u00fc\u00fcnla kustutamiseks vajuta taht sulavaha sisse v\u00f5i kasuta k\u00fc\u00fcnlakustutajat. \u00c4ra puhu leeki \u00e4ra, nii v\u00e4ldid tahma tekkimist ja sulavaha laiali puhumist. L\u00f5ika alati enne uut kasutuskorda taht 5mm pikkuseks, nii v\u00e4ldid k\u00fc\u00fcnla eba\u00fchtlast p\u00f5lemist, tahma tekkimist ja k\u00fc\u00fcnlaklaasi \u00fclekuumenemist. \u00c4ra p\u00f5leta k\u00fc\u00fcnalt j\u00e4rjest \u00fcle 3 tunni, et v\u00e4ltida klaasi \u00fclekuumenemist. \u00c4ra p\u00f5leta k\u00fc\u00fcnalt j\u00e4relvalveta ega kergelt s\u00fcttivate esemete l\u00e4hedal. Hoia k\u00fc\u00fcnalt lastele ja loomadele k\u00e4ttesaamatus kohas.<\/p>\n<p>Tunne enda k\u00fc\u00fcnlast r\u00f5\u00f5mu!<\/p>\n<p>&nbsp;<\/p>\n<p>&nbsp;<\/p>","protected":false},"excerpt":{"rendered":"<p class=\"product_title entry-title\"><span style=\"font-size: 16px;\">Nore talvekollektsioon on inspireeritud talvemaagiast, lumiste metsade vaikusest, aeglase eluviisi harmooniast ning erilistest hetkest, mida jagame koos oma l\u00e4hedastega.<\/span><\/p>","protected":false},"featured_media":1857579,"comment_status":"open","ping_status":"closed","template":"","meta":[],"product_brand":[],"product_cat":[954,491,42,740,54,44],"product_tag":[492,114],"class_list":{"0":"post-1857578","1":"product","2":"type-product","3":"status-publish","4":"has-post-thumbnail","6":"product_cat-joulu-kinkekomplektid","7":"product_cat-joulueri","8":"product_cat-kodusisustus","9":"product_cat-kuunlad-kuunlad","10":"product_cat-kuunlad","11":"product_cat-ruumilohnastajad","12":"product_tag-joulud","13":"product_tag-nore","15":"first","16":"instock","17":"taxable","18":"shipping-taxable","19":"purchasable","20":"product-type-simple"},"yoast_head":"<!-- This site is optimized with the Yoast SEO plugin v27.3 - https:\/\/yoast.com\/product\/yoast-seo-wordpress\/ -->\n<title>NORE talvel\u00f5hnade kinkekomplekt - RUUBY<\/title>\n<meta name=\"robots\" content=\"index, follow, max-snippet:-1, max-image-preview:large, max-video-preview:-1\" \/>\n<link rel=\"canonical\" href=\"http:\/\/ruuby.ee\/en\/pood\/joulueri\/joulu-kinkekomplektid\/nore-talvelohnade-kinkekomplekt\/\" \/>\n<meta property=\"og:locale\" content=\"en_GB\" \/>\n<meta property=\"og:type\" content=\"article\" \/>\n<meta property=\"og:title\" content=\"NORE talvel\u00f5hnade kinkekomplekt - RUUBY\" \/>\n<meta property=\"og:description\" content=\"Nore talvekollektsioon on inspireeritud talvemaagiast, lumiste metsade vaikusest, aeglase eluviisi harmooniast ning erilistest hetkest, mida jagame koos oma l\u00e4hedastega.\" \/>\n<meta property=\"og:url\" content=\"http:\/\/ruuby.ee\/en\/pood\/joulueri\/joulu-kinkekomplektid\/nore-talvelohnade-kinkekomplekt\/\" \/>\n<meta property=\"og:site_name\" content=\"RUUBY\" \/>\n<meta property=\"article:publisher\" content=\"https:\/\/www.facebook.com\/ruubyconcept\" \/>\n<meta property=\"article:modified_time\" content=\"2026-04-07T22:28:21+00:00\" \/>\n<meta property=\"og:image\" content=\"http:\/\/ruuby.ee\/wp-content\/uploads\/2025\/11\/IMG_3965.jpeg\" \/>\n\t<meta property=\"og:image:width\" content=\"1229\" \/>\n\t<meta property=\"og:image:height\" content=\"1536\" \/>\n\t<meta property=\"og:image:type\" content=\"image\/jpeg\" \/>\n<meta name=\"twitter:card\" content=\"summary_large_image\" \/>\n<meta name=\"twitter:label1\" content=\"Estimated reading time\" \/>\n\t<meta name=\"twitter:data1\" content=\"2 minutes\" \/>\n<script type=\"application\/ld+json\" class=\"yoast-schema-graph\">{\"@context\":\"https:\\\/\\\/schema.org\",\"@graph\":[{\"@type\":[\"WebPage\",\"ItemPage\"],\"@id\":\"http:\\\/\\\/ruuby.ee\\\/pood\\\/joulueri\\\/joulu-kinkekomplektid\\\/nore-talvelohnade-kinkekomplekt\\\/\",\"url\":\"http:\\\/\\\/ruuby.ee\\\/pood\\\/joulueri\\\/joulu-kinkekomplektid\\\/nore-talvelohnade-kinkekomplekt\\\/\",\"name\":\"NORE talvel\u00f5hnade kinkekomplekt - RUUBY\",\"isPartOf\":{\"@id\":\"http:\\\/\\\/ruuby.ee\\\/en\\\/#website\"},\"primaryImageOfPage\":{\"@id\":\"http:\\\/\\\/ruuby.ee\\\/pood\\\/joulueri\\\/joulu-kinkekomplektid\\\/nore-talvelohnade-kinkekomplekt\\\/#primaryimage\"},\"image\":{\"@id\":\"http:\\\/\\\/ruuby.ee\\\/pood\\\/joulueri\\\/joulu-kinkekomplektid\\\/nore-talvelohnade-kinkekomplekt\\\/#primaryimage\"},\"thumbnailUrl\":\"http:\\\/\\\/ruuby.ee\\\/wp-content\\\/uploads\\\/2025\\\/11\\\/IMG_3965.jpeg\",\"datePublished\":\"2025-11-17T15:31:44+00:00\",\"dateModified\":\"2026-04-07T22:28:21+00:00\",\"breadcrumb\":{\"@id\":\"http:\\\/\\\/ruuby.ee\\\/pood\\\/joulueri\\\/joulu-kinkekomplektid\\\/nore-talvelohnade-kinkekomplekt\\\/#breadcrumb\"},\"inLanguage\":\"en-GB\",\"potentialAction\":[{\"@type\":\"ReadAction\",\"target\":[\"http:\\\/\\\/ruuby.ee\\\/pood\\\/joulueri\\\/joulu-kinkekomplektid\\\/nore-talvelohnade-kinkekomplekt\\\/\"]}]},{\"@type\":\"ImageObject\",\"inLanguage\":\"en-GB\",\"@id\":\"http:\\\/\\\/ruuby.ee\\\/pood\\\/joulueri\\\/joulu-kinkekomplektid\\\/nore-talvelohnade-kinkekomplekt\\\/#primaryimage\",\"url\":\"http:\\\/\\\/ruuby.ee\\\/wp-content\\\/uploads\\\/2025\\\/11\\\/IMG_3965.jpeg\",\"contentUrl\":\"http:\\\/\\\/ruuby.ee\\\/wp-content\\\/uploads\\\/2025\\\/11\\\/IMG_3965.jpeg\",\"width\":1229,\"height\":1536},{\"@type\":\"BreadcrumbList\",\"@id\":\"http:\\\/\\\/ruuby.ee\\\/pood\\\/joulueri\\\/joulu-kinkekomplektid\\\/nore-talvelohnade-kinkekomplekt\\\/#breadcrumb\",\"itemListElement\":[{\"@type\":\"ListItem\",\"position\":1,\"name\":\"Kdu\",\"item\":\"http:\\\/\\\/ruuby.ee\\\/en\\\/\"},{\"@type\":\"ListItem\",\"position\":2,\"name\":\"Pood\",\"item\":\"http:\\\/\\\/ruuby.ee\\\/en\\\/pood\\\/\"},{\"@type\":\"ListItem\",\"position\":3,\"name\":\"NORE talvel\u00f5hnade kinkekomplekt\"}]},{\"@type\":\"WebSite\",\"@id\":\"http:\\\/\\\/ruuby.ee\\\/en\\\/#website\",\"url\":\"http:\\\/\\\/ruuby.ee\\\/en\\\/\",\"name\":\"RUUBY\",\"description\":\"Ruubys on \u00fchendatud elustiil ja disain\",\"publisher\":{\"@id\":\"http:\\\/\\\/ruuby.ee\\\/en\\\/#organization\"},\"alternateName\":\"Ruuby Disain\",\"potentialAction\":[{\"@type\":\"SearchAction\",\"target\":{\"@type\":\"EntryPoint\",\"urlTemplate\":\"http:\\\/\\\/ruuby.ee\\\/en\\\/?s={search_term_string}\"},\"query-input\":{\"@type\":\"PropertyValueSpecification\",\"valueRequired\":true,\"valueName\":\"search_term_string\"}}],\"inLanguage\":\"en-GB\"},{\"@type\":\"Organization\",\"@id\":\"http:\\\/\\\/ruuby.ee\\\/en\\\/#organization\",\"name\":\"Ruuby Disain O\u00dc\",\"alternateName\":\"Ruuby\",\"url\":\"http:\\\/\\\/ruuby.ee\\\/en\\\/\",\"logo\":{\"@type\":\"ImageObject\",\"inLanguage\":\"en-GB\",\"@id\":\"http:\\\/\\\/ruuby.ee\\\/en\\\/#\\\/schema\\\/logo\\\/image\\\/\",\"url\":\"http:\\\/\\\/ruuby.ee\\\/wp-content\\\/uploads\\\/2023\\\/06\\\/cropped-Black-White-Elegant-Circle-Signature-Fashion-Logo-12_large.png\",\"contentUrl\":\"http:\\\/\\\/ruuby.ee\\\/wp-content\\\/uploads\\\/2023\\\/06\\\/cropped-Black-White-Elegant-Circle-Signature-Fashion-Logo-12_large.png\",\"width\":1280,\"height\":747,\"caption\":\"Ruuby Disain O\u00dc\"},\"image\":{\"@id\":\"http:\\\/\\\/ruuby.ee\\\/en\\\/#\\\/schema\\\/logo\\\/image\\\/\"},\"sameAs\":[\"https:\\\/\\\/www.facebook.com\\\/ruubyconcept\",\"https:\\\/\\\/www.instagram.com\\\/ruuby_concept\\\/\"]}]}<\/script>\n<!-- \/ Yoast SEO plugin. -->","yoast_head_json":{"title":"NORE talvel\u00f5hnade kinkekomplekt - RUUBY","robots":{"index":"index","follow":"follow","max-snippet":"max-snippet:-1","max-image-preview":"max-image-preview:large","max-video-preview":"max-video-preview:-1"},"canonical":"http:\/\/ruuby.ee\/en\/pood\/joulueri\/joulu-kinkekomplektid\/nore-talvelohnade-kinkekomplekt\/","og_locale":"en_GB","og_type":"article","og_title":"NORE talvel\u00f5hnade kinkekomplekt - RUUBY","og_description":"Nore talvekollektsioon on inspireeritud talvemaagiast, lumiste metsade vaikusest, aeglase eluviisi harmooniast ning erilistest hetkest, mida jagame koos oma l\u00e4hedastega.","og_url":"http:\/\/ruuby.ee\/en\/pood\/joulueri\/joulu-kinkekomplektid\/nore-talvelohnade-kinkekomplekt\/","og_site_name":"RUUBY","article_publisher":"https:\/\/www.facebook.com\/ruubyconcept","article_modified_time":"2026-04-07T22:28:21+00:00","og_image":[{"width":1229,"height":1536,"url":"http:\/\/ruuby.ee\/wp-content\/uploads\/2025\/11\/IMG_3965.jpeg","type":"image\/jpeg"}],"twitter_card":"summary_large_image","twitter_misc":{"Estimated reading time":"2 minutes"},"schema":{"@context":"https:\/\/schema.org","@graph":[{"@type":["WebPage","ItemPage"],"@id":"http:\/\/ruuby.ee\/pood\/joulueri\/joulu-kinkekomplektid\/nore-talvelohnade-kinkekomplekt\/","url":"http:\/\/ruuby.ee\/pood\/joulueri\/joulu-kinkekomplektid\/nore-talvelohnade-kinkekomplekt\/","name":"NORE talvel\u00f5hnade kinkekomplekt - RUUBY","isPartOf":{"@id":"http:\/\/ruuby.ee\/en\/#website"},"primaryImageOfPage":{"@id":"http:\/\/ruuby.ee\/pood\/joulueri\/joulu-kinkekomplektid\/nore-talvelohnade-kinkekomplekt\/#primaryimage"},"image":{"@id":"http:\/\/ruuby.ee\/pood\/joulueri\/joulu-kinkekomplektid\/nore-talvelohnade-kinkekomplekt\/#primaryimage"},"thumbnailUrl":"http:\/\/ruuby.ee\/wp-content\/uploads\/2025\/11\/IMG_3965.jpeg","datePublished":"2025-11-17T15:31:44+00:00","dateModified":"2026-04-07T22:28:21+00:00","breadcrumb":{"@id":"http:\/\/ruuby.ee\/pood\/joulueri\/joulu-kinkekomplektid\/nore-talvelohnade-kinkekomplekt\/#breadcrumb"},"inLanguage":"en-GB","potentialAction":[{"@type":"ReadAction","target":["http:\/\/ruuby.ee\/pood\/joulueri\/joulu-kinkekomplektid\/nore-talvelohnade-kinkekomplekt\/"]}]},{"@type":"ImageObject","inLanguage":"en-GB","@id":"http:\/\/ruuby.ee\/pood\/joulueri\/joulu-kinkekomplektid\/nore-talvelohnade-kinkekomplekt\/#primaryimage","url":"http:\/\/ruuby.ee\/wp-content\/uploads\/2025\/11\/IMG_3965.jpeg","contentUrl":"http:\/\/ruuby.ee\/wp-content\/uploads\/2025\/11\/IMG_3965.jpeg","width":1229,"height":1536},{"@type":"BreadcrumbList","@id":"http:\/\/ruuby.ee\/pood\/joulueri\/joulu-kinkekomplektid\/nore-talvelohnade-kinkekomplekt\/#breadcrumb","itemListElement":[{"@type":"ListItem","position":1,"name":"Kdu","item":"http:\/\/ruuby.ee\/en\/"},{"@type":"ListItem","position":2,"name":"Pood","item":"http:\/\/ruuby.ee\/en\/pood\/"},{"@type":"ListItem","position":3,"name":"NORE talvel\u00f5hnade kinkekomplekt"}]},{"@type":"WebSite","@id":"http:\/\/ruuby.ee\/en\/#website","url":"http:\/\/ruuby.ee\/en\/","name":"RUUBY","description":"Ruubys on \u00fchendatud elustiil ja disain","publisher":{"@id":"http:\/\/ruuby.ee\/en\/#organization"},"alternateName":"Ruuby Disain","potentialAction":[{"@type":"SearchAction","target":{"@type":"EntryPoint","urlTemplate":"http:\/\/ruuby.ee\/en\/?s={search_term_string}"},"query-input":{"@type":"PropertyValueSpecification","valueRequired":true,"valueName":"search_term_string"}}],"inLanguage":"en-GB"},{"@type":"Organization","@id":"http:\/\/ruuby.ee\/en\/#organization","name":"Ruuby Disain O\u00dc","alternateName":"Ruuby","url":"http:\/\/ruuby.ee\/en\/","logo":{"@type":"ImageObject","inLanguage":"en-GB","@id":"http:\/\/ruuby.ee\/en\/#\/schema\/logo\/image\/","url":"http:\/\/ruuby.ee\/wp-content\/uploads\/2023\/06\/cropped-Black-White-Elegant-Circle-Signature-Fashion-Logo-12_large.png","contentUrl":"http:\/\/ruuby.ee\/wp-content\/uploads\/2023\/06\/cropped-Black-White-Elegant-Circle-Signature-Fashion-Logo-12_large.png","width":1280,"height":747,"caption":"Ruuby Disain O\u00dc"},"image":{"@id":"http:\/\/ruuby.ee\/en\/#\/schema\/logo\/image\/"},"sameAs":["https:\/\/www.facebook.com\/ruubyconcept","https:\/\/www.instagram.com\/ruuby_concept\/"]}]}},"jetpack_sharing_enabled":true,"_links":{"self":[{"href":"http:\/\/ruuby.ee\/en\/wp-json\/wp\/v2\/product\/1857578","targetHints":{"allow":["GET"]}}],"collection":[{"href":"http:\/\/ruuby.ee\/en\/wp-json\/wp\/v2\/product"}],"about":[{"href":"http:\/\/ruuby.ee\/en\/wp-json\/wp\/v2\/types\/product"}],"replies":[{"embeddable":true,"href":"http:\/\/ruuby.ee\/en\/wp-json\/wp\/v2\/comments?post=1857578"}],"wp:featuredmedia":[{"embeddable":true,"href":"http:\/\/ruuby.ee\/en\/wp-json\/wp\/v2\/media\/1857579"}],"wp:attachment":[{"href":"http:\/\/ruuby.ee\/en\/wp-json\/wp\/v2\/media?parent=1857578"}],"wp:term":[{"taxonomy":"product_brand","embeddable":true,"href":"http:\/\/ruuby.ee\/en\/wp-json\/wp\/v2\/product_brand?post=1857578"},{"taxonomy":"product_cat","embeddable":true,"href":"http:\/\/ruuby.ee\/en\/wp-json\/wp\/v2\/product_cat?post=1857578"},{"taxonomy":"product_tag","embeddable":true,"href":"http:\/\/ruuby.ee\/en\/wp-json\/wp\/v2\/product_tag?post=1857578"}],"curies":[{"name":"wp","href":"https:\/\/api.w.org\/{rel}","templated":true}]}}