{"id":1857239,"date":"2025-11-07T13:28:38","date_gmt":"2025-11-07T11:28:38","guid":{"rendered":"https:\/\/ruuby.ee\/?post_type=product&#038;p=1857239"},"modified":"2026-04-05T01:25:15","modified_gmt":"2026-04-04T22:25:15","slug":"happy-socks-kinkepakk-snow-globe-36-40-41-46","status":"publish","type":"product","link":"http:\/\/ruuby.ee\/en\/pood\/joulueri\/joulusokid\/happy-socks-kinkepakk-snow-globe-36-40-41-46\/","title":{"rendered":"HAPPY SOCKS \u2013 Kinkepakk Snow Globe 36-40\/41-46"},"content":{"rendered":"<p>Raputa p\u00fchadeaega meie 1-pakilise lumekuuliga sokkide kinkekomplektiga, millel on v\u00f5luv talvine disain, mis toob kindlasti naeratuse n\u00e4ole.<\/p>\n<p>Meie missioon on levitada v\u00e4rvi ja r\u00f5\u00f5mu igasse maailma nurka! See v\u00f5luv lumekuuliga sokk on peidus miniatuurses lumekuuliga, mida t\u00e4iendavad pisikesed lumehelbed ja pidulik atmosf\u00e4\u00e4r. See ainulaadne kinkekomplekt on ideaalne maiuspala k\u00f5igile teie toredatele inimestele, \u00fchendades endas kapriisi ja soojuse. Kingi hubast r\u00f5\u00f5mu selle armsa lumekuuliga sokiga.<\/p>\n<p>Ideaalne kingitus t\u00f6\u00f6kaaslastele v\u00f5i s\u00f5pradele p\u00fchade ajal.<\/p>\n<p>Tugevdatud kand ja varvas.<\/p>\n<p>Materjalid: 86% puuvill, 12% pol\u00fcamiid, 2% elastaan<\/p>","protected":false},"excerpt":{"rendered":"<p>Raputa p\u00fchadeaega meie 1-pakilise lumekuuliga sokkide kinkekomplektiga, millel on v\u00f5luv talvine disain, mis toob kindlasti naeratuse n\u00e4ole.<\/p>","protected":false},"featured_media":1857249,"comment_status":"open","ping_status":"closed","template":"","meta":[],"product_brand":[],"product_cat":[954,491,950,792],"product_tag":[492,794],"class_list":{"0":"post-1857239","1":"product","2":"type-product","3":"status-publish","4":"has-post-thumbnail","6":"product_cat-joulu-kinkekomplektid","7":"product_cat-joulueri","8":"product_cat-joulusokid","9":"product_cat-sokid","10":"product_tag-joulud","11":"product_tag-sokid","13":"first","14":"instock","15":"taxable","16":"shipping-taxable","17":"purchasable","18":"product-type-variable","19":"rtwpvs-product"},"yoast_head":"<!-- This site is optimized with the Yoast SEO plugin v27.2 - https:\/\/yoast.com\/product\/yoast-seo-wordpress\/ -->\n<title>HAPPY SOCKS \u2013 Kinkepakk Snow Globe 36-40\/41-46 - RUUBY<\/title>\n<meta name=\"robots\" content=\"index, follow, max-snippet:-1, max-image-preview:large, max-video-preview:-1\" \/>\n<link rel=\"canonical\" href=\"https:\/\/ruuby.ee\/en\/pood\/joulueri\/joulusokid\/happy-socks-kinkepakk-snow-globe-36-40-41-46\/\" \/>\n<meta property=\"og:locale\" content=\"en_GB\" \/>\n<meta property=\"og:type\" content=\"article\" \/>\n<meta property=\"og:title\" content=\"HAPPY SOCKS \u2013 Kinkepakk Snow Globe 36-40\/41-46 - RUUBY\" \/>\n<meta property=\"og:description\" content=\"Raputa p\u00fchadeaega meie 1-pakilise lumekuuliga sokkide kinkekomplektiga, millel on v\u00f5luv talvine disain, mis toob kindlasti naeratuse n\u00e4ole.\" \/>\n<meta property=\"og:url\" content=\"https:\/\/ruuby.ee\/en\/pood\/joulueri\/joulusokid\/happy-socks-kinkepakk-snow-globe-36-40-41-46\/\" \/>\n<meta property=\"og:site_name\" content=\"RUUBY\" \/>\n<meta property=\"article:publisher\" content=\"https:\/\/www.facebook.com\/ruubyconcept\" \/>\n<meta property=\"article:modified_time\" content=\"2026-04-04T22:25:15+00:00\" \/>\n<meta property=\"og:image\" content=\"https:\/\/ruuby.ee\/wp-content\/uploads\/2025\/11\/Screenshot-2025-11-07-at-14.04.15.png\" \/>\n\t<meta property=\"og:image:width\" content=\"1570\" \/>\n\t<meta property=\"og:image:height\" content=\"1130\" \/>\n\t<meta property=\"og:image:type\" content=\"image\/png\" \/>\n<meta name=\"twitter:card\" content=\"summary_large_image\" \/>\n<meta name=\"twitter:label1\" content=\"Estimated reading time\" \/>\n\t<meta name=\"twitter:data1\" content=\"1 minute\" \/>\n<script type=\"application\/ld+json\" class=\"yoast-schema-graph\">{\"@context\":\"https:\/\/schema.org\",\"@graph\":[{\"@type\":[\"WebPage\",\"ItemPage\"],\"@id\":\"https:\/\/ruuby.ee\/pood\/joulueri\/joulusokid\/happy-socks-kinkepakk-snow-globe-36-40-41-46\/\",\"url\":\"https:\/\/ruuby.ee\/pood\/joulueri\/joulusokid\/happy-socks-kinkepakk-snow-globe-36-40-41-46\/\",\"name\":\"HAPPY SOCKS \u2013 Kinkepakk Snow Globe 36-40\/41-46 - RUUBY\",\"isPartOf\":{\"@id\":\"http:\/\/ruuby.ee\/en\/#website\"},\"primaryImageOfPage\":{\"@id\":\"https:\/\/ruuby.ee\/pood\/joulueri\/joulusokid\/happy-socks-kinkepakk-snow-globe-36-40-41-46\/#primaryimage\"},\"image\":{\"@id\":\"https:\/\/ruuby.ee\/pood\/joulueri\/joulusokid\/happy-socks-kinkepakk-snow-globe-36-40-41-46\/#primaryimage\"},\"thumbnailUrl\":\"http:\/\/ruuby.ee\/wp-content\/uploads\/2025\/11\/Screenshot-2025-11-07-at-14.04.15.png\",\"datePublished\":\"2025-11-07T11:28:38+00:00\",\"dateModified\":\"2026-04-04T22:25:15+00:00\",\"breadcrumb\":{\"@id\":\"https:\/\/ruuby.ee\/pood\/joulueri\/joulusokid\/happy-socks-kinkepakk-snow-globe-36-40-41-46\/#breadcrumb\"},\"inLanguage\":\"en-GB\",\"potentialAction\":[{\"@type\":\"ReadAction\",\"target\":[\"https:\/\/ruuby.ee\/pood\/joulueri\/joulusokid\/happy-socks-kinkepakk-snow-globe-36-40-41-46\/\"]}]},{\"@type\":\"ImageObject\",\"inLanguage\":\"en-GB\",\"@id\":\"https:\/\/ruuby.ee\/pood\/joulueri\/joulusokid\/happy-socks-kinkepakk-snow-globe-36-40-41-46\/#primaryimage\",\"url\":\"http:\/\/ruuby.ee\/wp-content\/uploads\/2025\/11\/Screenshot-2025-11-07-at-14.04.15.png\",\"contentUrl\":\"http:\/\/ruuby.ee\/wp-content\/uploads\/2025\/11\/Screenshot-2025-11-07-at-14.04.15.png\",\"width\":1570,\"height\":1130},{\"@type\":\"BreadcrumbList\",\"@id\":\"https:\/\/ruuby.ee\/pood\/joulueri\/joulusokid\/happy-socks-kinkepakk-snow-globe-36-40-41-46\/#breadcrumb\",\"itemListElement\":[{\"@type\":\"ListItem\",\"position\":1,\"name\":\"Kdu\",\"item\":\"http:\/\/ruuby.ee\/en\/\"},{\"@type\":\"ListItem\",\"position\":2,\"name\":\"Pood\",\"item\":\"http:\/\/ruuby.ee\/en\/pood\/\"},{\"@type\":\"ListItem\",\"position\":3,\"name\":\"HAPPY SOCKS \u2013 Kinkepakk Snow Globe 36-40\/41-46\"}]},{\"@type\":\"WebSite\",\"@id\":\"http:\/\/ruuby.ee\/en\/#website\",\"url\":\"http:\/\/ruuby.ee\/en\/\",\"name\":\"RUUBY\",\"description\":\"Ruubys on \u00fchendatud elustiil ja disain\",\"publisher\":{\"@id\":\"http:\/\/ruuby.ee\/en\/#organization\"},\"alternateName\":\"Ruuby Disain\",\"potentialAction\":[{\"@type\":\"SearchAction\",\"target\":{\"@type\":\"EntryPoint\",\"urlTemplate\":\"http:\/\/ruuby.ee\/en\/?s={search_term_string}\"},\"query-input\":{\"@type\":\"PropertyValueSpecification\",\"valueRequired\":true,\"valueName\":\"search_term_string\"}}],\"inLanguage\":\"en-GB\"},{\"@type\":\"Organization\",\"@id\":\"http:\/\/ruuby.ee\/en\/#organization\",\"name\":\"Ruuby Disain O\u00dc\",\"alternateName\":\"Ruuby\",\"url\":\"http:\/\/ruuby.ee\/en\/\",\"logo\":{\"@type\":\"ImageObject\",\"inLanguage\":\"en-GB\",\"@id\":\"http:\/\/ruuby.ee\/en\/#\/schema\/logo\/image\/\",\"url\":\"http:\/\/ruuby.ee\/wp-content\/uploads\/2023\/06\/cropped-Black-White-Elegant-Circle-Signature-Fashion-Logo-12_large.png\",\"contentUrl\":\"http:\/\/ruuby.ee\/wp-content\/uploads\/2023\/06\/cropped-Black-White-Elegant-Circle-Signature-Fashion-Logo-12_large.png\",\"width\":1280,\"height\":747,\"caption\":\"Ruuby Disain O\u00dc\"},\"image\":{\"@id\":\"http:\/\/ruuby.ee\/en\/#\/schema\/logo\/image\/\"},\"sameAs\":[\"https:\/\/www.facebook.com\/ruubyconcept\",\"https:\/\/www.instagram.com\/ruuby_concept\/\"]}]}<\/script>\n<!-- \/ Yoast SEO plugin. -->","yoast_head_json":{"title":"HAPPY SOCKS \u2013 Kinkepakk Snow Globe 36-40\/41-46 - RUUBY","robots":{"index":"index","follow":"follow","max-snippet":"max-snippet:-1","max-image-preview":"max-image-preview:large","max-video-preview":"max-video-preview:-1"},"canonical":"https:\/\/ruuby.ee\/en\/pood\/joulueri\/joulusokid\/happy-socks-kinkepakk-snow-globe-36-40-41-46\/","og_locale":"en_GB","og_type":"article","og_title":"HAPPY SOCKS \u2013 Kinkepakk Snow Globe 36-40\/41-46 - RUUBY","og_description":"Raputa p\u00fchadeaega meie 1-pakilise lumekuuliga sokkide kinkekomplektiga, millel on v\u00f5luv talvine disain, mis toob kindlasti naeratuse n\u00e4ole.","og_url":"https:\/\/ruuby.ee\/en\/pood\/joulueri\/joulusokid\/happy-socks-kinkepakk-snow-globe-36-40-41-46\/","og_site_name":"RUUBY","article_publisher":"https:\/\/www.facebook.com\/ruubyconcept","article_modified_time":"2026-04-04T22:25:15+00:00","og_image":[{"width":1570,"height":1130,"url":"https:\/\/ruuby.ee\/wp-content\/uploads\/2025\/11\/Screenshot-2025-11-07-at-14.04.15.png","type":"image\/png"}],"twitter_card":"summary_large_image","twitter_misc":{"Estimated reading time":"1 minute"},"schema":{"@context":"https:\/\/schema.org","@graph":[{"@type":["WebPage","ItemPage"],"@id":"https:\/\/ruuby.ee\/pood\/joulueri\/joulusokid\/happy-socks-kinkepakk-snow-globe-36-40-41-46\/","url":"https:\/\/ruuby.ee\/pood\/joulueri\/joulusokid\/happy-socks-kinkepakk-snow-globe-36-40-41-46\/","name":"HAPPY SOCKS \u2013 Kinkepakk Snow Globe 36-40\/41-46 - RUUBY","isPartOf":{"@id":"http:\/\/ruuby.ee\/en\/#website"},"primaryImageOfPage":{"@id":"https:\/\/ruuby.ee\/pood\/joulueri\/joulusokid\/happy-socks-kinkepakk-snow-globe-36-40-41-46\/#primaryimage"},"image":{"@id":"https:\/\/ruuby.ee\/pood\/joulueri\/joulusokid\/happy-socks-kinkepakk-snow-globe-36-40-41-46\/#primaryimage"},"thumbnailUrl":"http:\/\/ruuby.ee\/wp-content\/uploads\/2025\/11\/Screenshot-2025-11-07-at-14.04.15.png","datePublished":"2025-11-07T11:28:38+00:00","dateModified":"2026-04-04T22:25:15+00:00","breadcrumb":{"@id":"https:\/\/ruuby.ee\/pood\/joulueri\/joulusokid\/happy-socks-kinkepakk-snow-globe-36-40-41-46\/#breadcrumb"},"inLanguage":"en-GB","potentialAction":[{"@type":"ReadAction","target":["https:\/\/ruuby.ee\/pood\/joulueri\/joulusokid\/happy-socks-kinkepakk-snow-globe-36-40-41-46\/"]}]},{"@type":"ImageObject","inLanguage":"en-GB","@id":"https:\/\/ruuby.ee\/pood\/joulueri\/joulusokid\/happy-socks-kinkepakk-snow-globe-36-40-41-46\/#primaryimage","url":"http:\/\/ruuby.ee\/wp-content\/uploads\/2025\/11\/Screenshot-2025-11-07-at-14.04.15.png","contentUrl":"http:\/\/ruuby.ee\/wp-content\/uploads\/2025\/11\/Screenshot-2025-11-07-at-14.04.15.png","width":1570,"height":1130},{"@type":"BreadcrumbList","@id":"https:\/\/ruuby.ee\/pood\/joulueri\/joulusokid\/happy-socks-kinkepakk-snow-globe-36-40-41-46\/#breadcrumb","itemListElement":[{"@type":"ListItem","position":1,"name":"Kdu","item":"http:\/\/ruuby.ee\/en\/"},{"@type":"ListItem","position":2,"name":"Pood","item":"http:\/\/ruuby.ee\/en\/pood\/"},{"@type":"ListItem","position":3,"name":"HAPPY SOCKS \u2013 Kinkepakk Snow Globe 36-40\/41-46"}]},{"@type":"WebSite","@id":"http:\/\/ruuby.ee\/en\/#website","url":"http:\/\/ruuby.ee\/en\/","name":"RUUBY","description":"Ruubys on \u00fchendatud elustiil ja disain","publisher":{"@id":"http:\/\/ruuby.ee\/en\/#organization"},"alternateName":"Ruuby Disain","potentialAction":[{"@type":"SearchAction","target":{"@type":"EntryPoint","urlTemplate":"http:\/\/ruuby.ee\/en\/?s={search_term_string}"},"query-input":{"@type":"PropertyValueSpecification","valueRequired":true,"valueName":"search_term_string"}}],"inLanguage":"en-GB"},{"@type":"Organization","@id":"http:\/\/ruuby.ee\/en\/#organization","name":"Ruuby Disain O\u00dc","alternateName":"Ruuby","url":"http:\/\/ruuby.ee\/en\/","logo":{"@type":"ImageObject","inLanguage":"en-GB","@id":"http:\/\/ruuby.ee\/en\/#\/schema\/logo\/image\/","url":"http:\/\/ruuby.ee\/wp-content\/uploads\/2023\/06\/cropped-Black-White-Elegant-Circle-Signature-Fashion-Logo-12_large.png","contentUrl":"http:\/\/ruuby.ee\/wp-content\/uploads\/2023\/06\/cropped-Black-White-Elegant-Circle-Signature-Fashion-Logo-12_large.png","width":1280,"height":747,"caption":"Ruuby Disain O\u00dc"},"image":{"@id":"http:\/\/ruuby.ee\/en\/#\/schema\/logo\/image\/"},"sameAs":["https:\/\/www.facebook.com\/ruubyconcept","https:\/\/www.instagram.com\/ruuby_concept\/"]}]}},"jetpack_sharing_enabled":true,"_links":{"self":[{"href":"http:\/\/ruuby.ee\/en\/wp-json\/wp\/v2\/product\/1857239","targetHints":{"allow":["GET"]}}],"collection":[{"href":"http:\/\/ruuby.ee\/en\/wp-json\/wp\/v2\/product"}],"about":[{"href":"http:\/\/ruuby.ee\/en\/wp-json\/wp\/v2\/types\/product"}],"replies":[{"embeddable":true,"href":"http:\/\/ruuby.ee\/en\/wp-json\/wp\/v2\/comments?post=1857239"}],"wp:featuredmedia":[{"embeddable":true,"href":"http:\/\/ruuby.ee\/en\/wp-json\/wp\/v2\/media\/1857249"}],"wp:attachment":[{"href":"http:\/\/ruuby.ee\/en\/wp-json\/wp\/v2\/media?parent=1857239"}],"wp:term":[{"taxonomy":"product_brand","embeddable":true,"href":"http:\/\/ruuby.ee\/en\/wp-json\/wp\/v2\/product_brand?post=1857239"},{"taxonomy":"product_cat","embeddable":true,"href":"http:\/\/ruuby.ee\/en\/wp-json\/wp\/v2\/product_cat?post=1857239"},{"taxonomy":"product_tag","embeddable":true,"href":"http:\/\/ruuby.ee\/en\/wp-json\/wp\/v2\/product_tag?post=1857239"}],"curies":[{"name":"wp","href":"https:\/\/api.w.org\/{rel}","templated":true}]}}