{"id":1857023,"date":"2025-10-28T21:16:30","date_gmt":"2025-10-28T19:16:30","guid":{"rendered":"https:\/\/ruuby.ee\/pood\/maaratlemata\/oyoy-living-toppu-pot-vaike-lillepott\/"},"modified":"2026-04-08T01:28:21","modified_gmt":"2026-04-07T22:28:21","slug":"oyoy-living-toppu-pot-vaike-lillepott","status":"publish","type":"product","link":"http:\/\/ruuby.ee\/en\/pood\/kodusisustus\/dekoratsioon\/oyoy-living-toppu-pot-vaike-lillepott\/","title":{"rendered":"OYOY LIVING Toppu Pot, v\u00e4ike lillepott"},"content":{"rendered":"<p>Toppu sarja iseloomustab ilus, graafiline ja stiilne disain.<\/p>\n<p>Kaunist mustjas hall potti saab kasutada lillepotina v\u00f5i ehete hoidmiseks vannitoas v\u00f5i isegi maiustuste jaoks sinu s\u00f6\u00f6gilaual. Toppu pott on k\u00e4sitsi valmistatud keraamikast.<\/p>\n<p>Puhastamiseks on soovitatav pesta veega ja p\u00fchkida kuiva lapiga.<\/p>\n<p>V\u00e4rv: hall\/must<\/p>\n<p>Materjal: 100% keraamika<\/p>\n<p>M\u00f5\u00f5dud: \u00d810 x K15 cm<\/p>\n<p>&nbsp;<\/p>\n<p><strong>OYOY Living Design<\/strong> on uhkelt Taanis loodud oskuslike disainerite poolt, ammutades inspiratsiooni kallitest m\u00e4lestustest ja rikkalikest Taani traditsioonidest. Iga ese peegeldab Skandinaavia lihtsuse olemust, pakkudes samas kodu soojust. OYOY kodu \u00f5hkkonnas \u00fchendavad meie disainid ajatu elegantsi moodsa funktsionaalsusega, luues kauneid ja l\u00e4bim\u00f5eldud esemeid igap\u00e4evaseks eluks.<\/p>","protected":false},"excerpt":{"rendered":"<p>Toppu sarja iseloomustab ilus, graafiline ja stiilne disain. Kaunist mustjas hall potti saab kasutada lillepotina v\u00f5i ehete hoidmiseks vannitoas v\u00f5i isegi maiustuste jaoks sinu s\u00f6\u00f6gilaual. Toppu pott on k\u00e4sitsi valmistatud keraamikast. Puhastamiseks on soovitatav pesta veega ja p\u00fchkida kuiva lapiga. V\u00e4rv: hall\/must Materjal: 100% keraamika M\u00f5\u00f5dud: \u00d810 x K15 cm &nbsp; OYOY Living Design on [&hellip;]<\/p>\n","protected":false},"featured_media":1857042,"comment_status":"open","ping_status":"closed","template":"","meta":[],"product_brand":[],"product_cat":[58,42,62],"product_tag":[1135,364],"class_list":{"0":"post-1857023","1":"product","2":"type-product","3":"status-publish","4":"has-post-thumbnail","6":"product_cat-dekoratsioon","7":"product_cat-kodusisustus","8":"product_cat-vaasid","9":"product_tag-oyoy","10":"product_tag-vaas","12":"first","13":"instock","14":"taxable","15":"shipping-taxable","16":"purchasable","17":"product-type-simple"},"yoast_head":"<!-- This site is optimized with the Yoast SEO plugin v27.3 - https:\/\/yoast.com\/product\/yoast-seo-wordpress\/ -->\n<title>OYOY LIVING Toppu Pot, v\u00e4ike lillepott - RUUBY<\/title>\n<meta name=\"robots\" content=\"index, follow, max-snippet:-1, max-image-preview:large, max-video-preview:-1\" \/>\n<link rel=\"canonical\" href=\"https:\/\/ruuby.ee\/en\/pood\/kodusisustus\/dekoratsioon\/oyoy-living-toppu-pot-vaike-lillepott\/\" \/>\n<meta property=\"og:locale\" content=\"en_GB\" \/>\n<meta property=\"og:type\" content=\"article\" \/>\n<meta property=\"og:title\" content=\"OYOY LIVING Toppu Pot, v\u00e4ike lillepott - RUUBY\" \/>\n<meta property=\"og:description\" content=\"Toppu sarja iseloomustab ilus, graafiline ja stiilne disain. Kaunist mustjas hall potti saab kasutada lillepotina v\u00f5i ehete hoidmiseks vannitoas v\u00f5i isegi maiustuste jaoks sinu s\u00f6\u00f6gilaual. Toppu pott on k\u00e4sitsi valmistatud keraamikast. Puhastamiseks on soovitatav pesta veega ja p\u00fchkida kuiva lapiga. V\u00e4rv: hall\/must Materjal: 100% keraamika M\u00f5\u00f5dud: \u00d810 x K15 cm &nbsp; OYOY Living Design on [&hellip;]\" \/>\n<meta property=\"og:url\" content=\"https:\/\/ruuby.ee\/en\/pood\/kodusisustus\/dekoratsioon\/oyoy-living-toppu-pot-vaike-lillepott\/\" \/>\n<meta property=\"og:site_name\" content=\"RUUBY\" \/>\n<meta property=\"article:publisher\" content=\"https:\/\/www.facebook.com\/ruubyconcept\" \/>\n<meta property=\"article:modified_time\" content=\"2026-04-07T22:28:21+00:00\" \/>\n<meta property=\"og:image\" content=\"https:\/\/ruuby.ee\/wp-content\/uploads\/2025\/10\/Screenshot-2025-10-28-at-21.33.27.png\" \/>\n\t<meta property=\"og:image:width\" content=\"770\" \/>\n\t<meta property=\"og:image:height\" content=\"772\" \/>\n\t<meta property=\"og:image:type\" content=\"image\/png\" \/>\n<meta name=\"twitter:card\" content=\"summary_large_image\" \/>\n<meta name=\"twitter:label1\" content=\"Estimated reading time\" \/>\n\t<meta name=\"twitter:data1\" content=\"1 minute\" \/>\n<script type=\"application\/ld+json\" class=\"yoast-schema-graph\">{\"@context\":\"https:\\\/\\\/schema.org\",\"@graph\":[{\"@type\":[\"WebPage\",\"ItemPage\"],\"@id\":\"https:\\\/\\\/ruuby.ee\\\/pood\\\/kodusisustus\\\/dekoratsioon\\\/oyoy-living-toppu-pot-vaike-lillepott\\\/\",\"url\":\"https:\\\/\\\/ruuby.ee\\\/pood\\\/kodusisustus\\\/dekoratsioon\\\/oyoy-living-toppu-pot-vaike-lillepott\\\/\",\"name\":\"OYOY LIVING Toppu Pot, v\u00e4ike lillepott - RUUBY\",\"isPartOf\":{\"@id\":\"http:\\\/\\\/ruuby.ee\\\/en\\\/#website\"},\"primaryImageOfPage\":{\"@id\":\"https:\\\/\\\/ruuby.ee\\\/pood\\\/kodusisustus\\\/dekoratsioon\\\/oyoy-living-toppu-pot-vaike-lillepott\\\/#primaryimage\"},\"image\":{\"@id\":\"https:\\\/\\\/ruuby.ee\\\/pood\\\/kodusisustus\\\/dekoratsioon\\\/oyoy-living-toppu-pot-vaike-lillepott\\\/#primaryimage\"},\"thumbnailUrl\":\"http:\\\/\\\/ruuby.ee\\\/wp-content\\\/uploads\\\/2025\\\/10\\\/Screenshot-2025-10-28-at-21.33.27.png\",\"datePublished\":\"2025-10-28T19:16:30+00:00\",\"dateModified\":\"2026-04-07T22:28:21+00:00\",\"breadcrumb\":{\"@id\":\"https:\\\/\\\/ruuby.ee\\\/pood\\\/kodusisustus\\\/dekoratsioon\\\/oyoy-living-toppu-pot-vaike-lillepott\\\/#breadcrumb\"},\"inLanguage\":\"en-GB\",\"potentialAction\":[{\"@type\":\"ReadAction\",\"target\":[\"https:\\\/\\\/ruuby.ee\\\/pood\\\/kodusisustus\\\/dekoratsioon\\\/oyoy-living-toppu-pot-vaike-lillepott\\\/\"]}]},{\"@type\":\"ImageObject\",\"inLanguage\":\"en-GB\",\"@id\":\"https:\\\/\\\/ruuby.ee\\\/pood\\\/kodusisustus\\\/dekoratsioon\\\/oyoy-living-toppu-pot-vaike-lillepott\\\/#primaryimage\",\"url\":\"http:\\\/\\\/ruuby.ee\\\/wp-content\\\/uploads\\\/2025\\\/10\\\/Screenshot-2025-10-28-at-21.33.27.png\",\"contentUrl\":\"http:\\\/\\\/ruuby.ee\\\/wp-content\\\/uploads\\\/2025\\\/10\\\/Screenshot-2025-10-28-at-21.33.27.png\",\"width\":770,\"height\":772},{\"@type\":\"BreadcrumbList\",\"@id\":\"https:\\\/\\\/ruuby.ee\\\/pood\\\/kodusisustus\\\/dekoratsioon\\\/oyoy-living-toppu-pot-vaike-lillepott\\\/#breadcrumb\",\"itemListElement\":[{\"@type\":\"ListItem\",\"position\":1,\"name\":\"Kdu\",\"item\":\"http:\\\/\\\/ruuby.ee\\\/en\\\/\"},{\"@type\":\"ListItem\",\"position\":2,\"name\":\"Pood\",\"item\":\"http:\\\/\\\/ruuby.ee\\\/en\\\/pood\\\/\"},{\"@type\":\"ListItem\",\"position\":3,\"name\":\"OYOY LIVING Toppu Pot, v\u00e4ike lillepott\"}]},{\"@type\":\"WebSite\",\"@id\":\"http:\\\/\\\/ruuby.ee\\\/en\\\/#website\",\"url\":\"http:\\\/\\\/ruuby.ee\\\/en\\\/\",\"name\":\"RUUBY\",\"description\":\"Ruubys on \u00fchendatud elustiil ja disain\",\"publisher\":{\"@id\":\"http:\\\/\\\/ruuby.ee\\\/en\\\/#organization\"},\"alternateName\":\"Ruuby Disain\",\"potentialAction\":[{\"@type\":\"SearchAction\",\"target\":{\"@type\":\"EntryPoint\",\"urlTemplate\":\"http:\\\/\\\/ruuby.ee\\\/en\\\/?s={search_term_string}\"},\"query-input\":{\"@type\":\"PropertyValueSpecification\",\"valueRequired\":true,\"valueName\":\"search_term_string\"}}],\"inLanguage\":\"en-GB\"},{\"@type\":\"Organization\",\"@id\":\"http:\\\/\\\/ruuby.ee\\\/en\\\/#organization\",\"name\":\"Ruuby Disain O\u00dc\",\"alternateName\":\"Ruuby\",\"url\":\"http:\\\/\\\/ruuby.ee\\\/en\\\/\",\"logo\":{\"@type\":\"ImageObject\",\"inLanguage\":\"en-GB\",\"@id\":\"http:\\\/\\\/ruuby.ee\\\/en\\\/#\\\/schema\\\/logo\\\/image\\\/\",\"url\":\"http:\\\/\\\/ruuby.ee\\\/wp-content\\\/uploads\\\/2023\\\/06\\\/cropped-Black-White-Elegant-Circle-Signature-Fashion-Logo-12_large.png\",\"contentUrl\":\"http:\\\/\\\/ruuby.ee\\\/wp-content\\\/uploads\\\/2023\\\/06\\\/cropped-Black-White-Elegant-Circle-Signature-Fashion-Logo-12_large.png\",\"width\":1280,\"height\":747,\"caption\":\"Ruuby Disain O\u00dc\"},\"image\":{\"@id\":\"http:\\\/\\\/ruuby.ee\\\/en\\\/#\\\/schema\\\/logo\\\/image\\\/\"},\"sameAs\":[\"https:\\\/\\\/www.facebook.com\\\/ruubyconcept\",\"https:\\\/\\\/www.instagram.com\\\/ruuby_concept\\\/\"]}]}<\/script>\n<!-- \/ Yoast SEO plugin. -->","yoast_head_json":{"title":"OYOY LIVING Toppu Pot, v\u00e4ike lillepott - RUUBY","robots":{"index":"index","follow":"follow","max-snippet":"max-snippet:-1","max-image-preview":"max-image-preview:large","max-video-preview":"max-video-preview:-1"},"canonical":"https:\/\/ruuby.ee\/en\/pood\/kodusisustus\/dekoratsioon\/oyoy-living-toppu-pot-vaike-lillepott\/","og_locale":"en_GB","og_type":"article","og_title":"OYOY LIVING Toppu Pot, v\u00e4ike lillepott - RUUBY","og_description":"Toppu sarja iseloomustab ilus, graafiline ja stiilne disain. Kaunist mustjas hall potti saab kasutada lillepotina v\u00f5i ehete hoidmiseks vannitoas v\u00f5i isegi maiustuste jaoks sinu s\u00f6\u00f6gilaual. Toppu pott on k\u00e4sitsi valmistatud keraamikast. Puhastamiseks on soovitatav pesta veega ja p\u00fchkida kuiva lapiga. V\u00e4rv: hall\/must Materjal: 100% keraamika M\u00f5\u00f5dud: \u00d810 x K15 cm &nbsp; OYOY Living Design on [&hellip;]","og_url":"https:\/\/ruuby.ee\/en\/pood\/kodusisustus\/dekoratsioon\/oyoy-living-toppu-pot-vaike-lillepott\/","og_site_name":"RUUBY","article_publisher":"https:\/\/www.facebook.com\/ruubyconcept","article_modified_time":"2026-04-07T22:28:21+00:00","og_image":[{"width":770,"height":772,"url":"https:\/\/ruuby.ee\/wp-content\/uploads\/2025\/10\/Screenshot-2025-10-28-at-21.33.27.png","type":"image\/png"}],"twitter_card":"summary_large_image","twitter_misc":{"Estimated reading time":"1 minute"},"schema":{"@context":"https:\/\/schema.org","@graph":[{"@type":["WebPage","ItemPage"],"@id":"https:\/\/ruuby.ee\/pood\/kodusisustus\/dekoratsioon\/oyoy-living-toppu-pot-vaike-lillepott\/","url":"https:\/\/ruuby.ee\/pood\/kodusisustus\/dekoratsioon\/oyoy-living-toppu-pot-vaike-lillepott\/","name":"OYOY LIVING Toppu Pot, v\u00e4ike lillepott - RUUBY","isPartOf":{"@id":"http:\/\/ruuby.ee\/en\/#website"},"primaryImageOfPage":{"@id":"https:\/\/ruuby.ee\/pood\/kodusisustus\/dekoratsioon\/oyoy-living-toppu-pot-vaike-lillepott\/#primaryimage"},"image":{"@id":"https:\/\/ruuby.ee\/pood\/kodusisustus\/dekoratsioon\/oyoy-living-toppu-pot-vaike-lillepott\/#primaryimage"},"thumbnailUrl":"http:\/\/ruuby.ee\/wp-content\/uploads\/2025\/10\/Screenshot-2025-10-28-at-21.33.27.png","datePublished":"2025-10-28T19:16:30+00:00","dateModified":"2026-04-07T22:28:21+00:00","breadcrumb":{"@id":"https:\/\/ruuby.ee\/pood\/kodusisustus\/dekoratsioon\/oyoy-living-toppu-pot-vaike-lillepott\/#breadcrumb"},"inLanguage":"en-GB","potentialAction":[{"@type":"ReadAction","target":["https:\/\/ruuby.ee\/pood\/kodusisustus\/dekoratsioon\/oyoy-living-toppu-pot-vaike-lillepott\/"]}]},{"@type":"ImageObject","inLanguage":"en-GB","@id":"https:\/\/ruuby.ee\/pood\/kodusisustus\/dekoratsioon\/oyoy-living-toppu-pot-vaike-lillepott\/#primaryimage","url":"http:\/\/ruuby.ee\/wp-content\/uploads\/2025\/10\/Screenshot-2025-10-28-at-21.33.27.png","contentUrl":"http:\/\/ruuby.ee\/wp-content\/uploads\/2025\/10\/Screenshot-2025-10-28-at-21.33.27.png","width":770,"height":772},{"@type":"BreadcrumbList","@id":"https:\/\/ruuby.ee\/pood\/kodusisustus\/dekoratsioon\/oyoy-living-toppu-pot-vaike-lillepott\/#breadcrumb","itemListElement":[{"@type":"ListItem","position":1,"name":"Kdu","item":"http:\/\/ruuby.ee\/en\/"},{"@type":"ListItem","position":2,"name":"Pood","item":"http:\/\/ruuby.ee\/en\/pood\/"},{"@type":"ListItem","position":3,"name":"OYOY LIVING Toppu Pot, v\u00e4ike lillepott"}]},{"@type":"WebSite","@id":"http:\/\/ruuby.ee\/en\/#website","url":"http:\/\/ruuby.ee\/en\/","name":"RUUBY","description":"Ruubys on \u00fchendatud elustiil ja disain","publisher":{"@id":"http:\/\/ruuby.ee\/en\/#organization"},"alternateName":"Ruuby Disain","potentialAction":[{"@type":"SearchAction","target":{"@type":"EntryPoint","urlTemplate":"http:\/\/ruuby.ee\/en\/?s={search_term_string}"},"query-input":{"@type":"PropertyValueSpecification","valueRequired":true,"valueName":"search_term_string"}}],"inLanguage":"en-GB"},{"@type":"Organization","@id":"http:\/\/ruuby.ee\/en\/#organization","name":"Ruuby Disain O\u00dc","alternateName":"Ruuby","url":"http:\/\/ruuby.ee\/en\/","logo":{"@type":"ImageObject","inLanguage":"en-GB","@id":"http:\/\/ruuby.ee\/en\/#\/schema\/logo\/image\/","url":"http:\/\/ruuby.ee\/wp-content\/uploads\/2023\/06\/cropped-Black-White-Elegant-Circle-Signature-Fashion-Logo-12_large.png","contentUrl":"http:\/\/ruuby.ee\/wp-content\/uploads\/2023\/06\/cropped-Black-White-Elegant-Circle-Signature-Fashion-Logo-12_large.png","width":1280,"height":747,"caption":"Ruuby Disain O\u00dc"},"image":{"@id":"http:\/\/ruuby.ee\/en\/#\/schema\/logo\/image\/"},"sameAs":["https:\/\/www.facebook.com\/ruubyconcept","https:\/\/www.instagram.com\/ruuby_concept\/"]}]}},"jetpack_sharing_enabled":true,"_links":{"self":[{"href":"http:\/\/ruuby.ee\/en\/wp-json\/wp\/v2\/product\/1857023","targetHints":{"allow":["GET"]}}],"collection":[{"href":"http:\/\/ruuby.ee\/en\/wp-json\/wp\/v2\/product"}],"about":[{"href":"http:\/\/ruuby.ee\/en\/wp-json\/wp\/v2\/types\/product"}],"replies":[{"embeddable":true,"href":"http:\/\/ruuby.ee\/en\/wp-json\/wp\/v2\/comments?post=1857023"}],"wp:featuredmedia":[{"embeddable":true,"href":"http:\/\/ruuby.ee\/en\/wp-json\/wp\/v2\/media\/1857042"}],"wp:attachment":[{"href":"http:\/\/ruuby.ee\/en\/wp-json\/wp\/v2\/media?parent=1857023"}],"wp:term":[{"taxonomy":"product_brand","embeddable":true,"href":"http:\/\/ruuby.ee\/en\/wp-json\/wp\/v2\/product_brand?post=1857023"},{"taxonomy":"product_cat","embeddable":true,"href":"http:\/\/ruuby.ee\/en\/wp-json\/wp\/v2\/product_cat?post=1857023"},{"taxonomy":"product_tag","embeddable":true,"href":"http:\/\/ruuby.ee\/en\/wp-json\/wp\/v2\/product_tag?post=1857023"}],"curies":[{"name":"wp","href":"https:\/\/api.w.org\/{rel}","templated":true}]}}