{"id":1856913,"date":"2025-10-22T09:15:35","date_gmt":"2025-10-22T06:15:35","guid":{"rendered":"https:\/\/ruuby.ee\/pood\/maaratlemata\/firefly-pehme-helkur-tassel-leopard\/"},"modified":"2026-04-08T01:28:21","modified_gmt":"2026-04-07T22:28:21","slug":"firefly-pehme-helkur-tassel-leopard","status":"publish","type":"product","link":"http:\/\/ruuby.ee\/en\/pood\/aksessuaarid\/helkurid\/firefly-pehme-helkur-tassel-leopard\/","title":{"rendered":"Firefly pehme helkur Tassel Leopard"},"content":{"rendered":"<p>Lisa oma lemmik kotile stiilne helkiv Leopardi pehme tutiga helkur.<br \/>\nSee elegantne kotikaunistus on valmistatud pehmest, nahasarnasest helkurmaterjalist ning tasakaalustab kaunilt stiili ja funktsionaalsust.<br \/>\nKotikotil on meie signatuurne Firefly logo ja dekoratiivsed k\u00e4sitsi \u00f5mblemised tagak\u00fcljel, et anda sellele elegantne v\u00e4limus.<\/p>\n<p><strong>Materjal:<\/strong> pehme helkurmaterjal ja metall.<br \/>\n<strong>Suurus:<\/strong> umbes 9,5 cm pikk<br \/>\n<strong>Kinnitus:<\/strong> Firefly logoga v\u00f5tmehoidja, metallist p\u00f6\u00f6rlev pannal, logoga ripats.<br \/>\nPakendatud stiilsesse paberkarpi \u2013 ideaalne kinkimiseks.<\/p>\n<p>NB! Helkur on oluline turvatarbed k\u00f5igile, kes veedavad aega \u00f5ues halva n\u00e4htavuse tingimustes.<\/p>\n<p>Helkur peegeldab vastutuleva s\u00f5iduki valgust ja muudab teid n\u00e4htavaks kuni 125 meetri (400 jala) kauguselt, v\u00f5rreldes vaid 30 meetri (100 jala) kaugusele ilma helkurita.<\/p>","protected":false},"excerpt":{"rendered":"<p>Lisa oma lemmik kotile stiilne helkiv Leopardi pehme tutiga helkur. See elegantne kotikaunistus on valmistatud pehmest, nahasarnasest helkurmaterjalist ning tasakaalustab kaunilt stiili ja funktsionaalsust. Kotikotil on meie signatuurne Firefly logo ja dekoratiivsed k\u00e4sitsi \u00f5mblemised tagak\u00fcljel, et anda sellele elegantne v\u00e4limus. Materjal: pehme helkurmaterjal ja metall. Suurus: umbes 9,5 cm pikk Kinnitus: Firefly logoga v\u00f5tmehoidja, metallist [&hellip;]<\/p>\n","protected":false},"featured_media":1856943,"comment_status":"open","ping_status":"closed","template":"","meta":[],"product_brand":[],"product_cat":[43,500],"product_tag":[1132,1131],"class_list":{"0":"post-1856913","1":"product","2":"type-product","3":"status-publish","4":"has-post-thumbnail","6":"product_cat-aksessuaarid","7":"product_cat-helkurid","8":"product_tag-firefly","9":"product_tag-helkur","11":"first","12":"instock","13":"taxable","14":"shipping-taxable","15":"purchasable","16":"product-type-simple"},"yoast_head":"<!-- This site is optimized with the Yoast SEO plugin v27.3 - https:\/\/yoast.com\/product\/yoast-seo-wordpress\/ -->\n<title>Firefly pehme helkur Tassel Leopard - RUUBY<\/title>\n<meta name=\"robots\" content=\"index, follow, max-snippet:-1, max-image-preview:large, max-video-preview:-1\" \/>\n<link rel=\"canonical\" href=\"http:\/\/ruuby.ee\/en\/pood\/aksessuaarid\/helkurid\/firefly-pehme-helkur-tassel-leopard\/\" \/>\n<meta property=\"og:locale\" content=\"en_GB\" \/>\n<meta property=\"og:type\" content=\"article\" \/>\n<meta property=\"og:title\" content=\"Firefly pehme helkur Tassel Leopard - RUUBY\" \/>\n<meta property=\"og:description\" content=\"Lisa oma lemmik kotile stiilne helkiv Leopardi pehme tutiga helkur. See elegantne kotikaunistus on valmistatud pehmest, nahasarnasest helkurmaterjalist ning tasakaalustab kaunilt stiili ja funktsionaalsust. Kotikotil on meie signatuurne Firefly logo ja dekoratiivsed k\u00e4sitsi \u00f5mblemised tagak\u00fcljel, et anda sellele elegantne v\u00e4limus. Materjal: pehme helkurmaterjal ja metall. Suurus: umbes 9,5 cm pikk Kinnitus: Firefly logoga v\u00f5tmehoidja, metallist [&hellip;]\" \/>\n<meta property=\"og:url\" content=\"http:\/\/ruuby.ee\/en\/pood\/aksessuaarid\/helkurid\/firefly-pehme-helkur-tassel-leopard\/\" \/>\n<meta property=\"og:site_name\" content=\"RUUBY\" \/>\n<meta property=\"article:publisher\" content=\"https:\/\/www.facebook.com\/ruubyconcept\" \/>\n<meta property=\"article:modified_time\" content=\"2026-04-07T22:28:21+00:00\" \/>\n<meta property=\"og:image\" content=\"http:\/\/ruuby.ee\/wp-content\/uploads\/2025\/10\/Screenshot-2025-10-22-at-09.39.52.png\" \/>\n\t<meta property=\"og:image:width\" content=\"840\" \/>\n\t<meta property=\"og:image:height\" content=\"870\" \/>\n\t<meta property=\"og:image:type\" content=\"image\/png\" \/>\n<meta name=\"twitter:card\" content=\"summary_large_image\" \/>\n<meta name=\"twitter:label1\" content=\"Estimated reading time\" \/>\n\t<meta name=\"twitter:data1\" content=\"1 minute\" \/>\n<script type=\"application\/ld+json\" class=\"yoast-schema-graph\">{\"@context\":\"https:\\\/\\\/schema.org\",\"@graph\":[{\"@type\":[\"WebPage\",\"ItemPage\"],\"@id\":\"http:\\\/\\\/ruuby.ee\\\/en\\\/pood\\\/aksessuaarid\\\/helkurid\\\/firefly-pehme-helkur-tassel-leopard\\\/\",\"url\":\"http:\\\/\\\/ruuby.ee\\\/en\\\/pood\\\/aksessuaarid\\\/helkurid\\\/firefly-pehme-helkur-tassel-leopard\\\/\",\"name\":\"Firefly pehme helkur Tassel Leopard - RUUBY\",\"isPartOf\":{\"@id\":\"http:\\\/\\\/ruuby.ee\\\/#website\"},\"primaryImageOfPage\":{\"@id\":\"http:\\\/\\\/ruuby.ee\\\/en\\\/pood\\\/aksessuaarid\\\/helkurid\\\/firefly-pehme-helkur-tassel-leopard\\\/#primaryimage\"},\"image\":{\"@id\":\"http:\\\/\\\/ruuby.ee\\\/en\\\/pood\\\/aksessuaarid\\\/helkurid\\\/firefly-pehme-helkur-tassel-leopard\\\/#primaryimage\"},\"thumbnailUrl\":\"http:\\\/\\\/ruuby.ee\\\/wp-content\\\/uploads\\\/2025\\\/10\\\/Screenshot-2025-10-22-at-09.39.52.png\",\"datePublished\":\"2025-10-22T06:15:35+00:00\",\"dateModified\":\"2026-04-07T22:28:21+00:00\",\"breadcrumb\":{\"@id\":\"http:\\\/\\\/ruuby.ee\\\/en\\\/pood\\\/aksessuaarid\\\/helkurid\\\/firefly-pehme-helkur-tassel-leopard\\\/#breadcrumb\"},\"inLanguage\":\"en-GB\",\"potentialAction\":[{\"@type\":\"ReadAction\",\"target\":[\"http:\\\/\\\/ruuby.ee\\\/en\\\/pood\\\/aksessuaarid\\\/helkurid\\\/firefly-pehme-helkur-tassel-leopard\\\/\"]}]},{\"@type\":\"ImageObject\",\"inLanguage\":\"en-GB\",\"@id\":\"http:\\\/\\\/ruuby.ee\\\/en\\\/pood\\\/aksessuaarid\\\/helkurid\\\/firefly-pehme-helkur-tassel-leopard\\\/#primaryimage\",\"url\":\"http:\\\/\\\/ruuby.ee\\\/wp-content\\\/uploads\\\/2025\\\/10\\\/Screenshot-2025-10-22-at-09.39.52.png\",\"contentUrl\":\"http:\\\/\\\/ruuby.ee\\\/wp-content\\\/uploads\\\/2025\\\/10\\\/Screenshot-2025-10-22-at-09.39.52.png\",\"width\":840,\"height\":870},{\"@type\":\"BreadcrumbList\",\"@id\":\"http:\\\/\\\/ruuby.ee\\\/en\\\/pood\\\/aksessuaarid\\\/helkurid\\\/firefly-pehme-helkur-tassel-leopard\\\/#breadcrumb\",\"itemListElement\":[{\"@type\":\"ListItem\",\"position\":1,\"name\":\"Kdu\",\"item\":\"http:\\\/\\\/ruuby.ee\\\/\"},{\"@type\":\"ListItem\",\"position\":2,\"name\":\"Pood\",\"item\":\"http:\\\/\\\/ruuby.ee\\\/pood\\\/\"},{\"@type\":\"ListItem\",\"position\":3,\"name\":\"Firefly pehme helkur Tassel Leopard\"}]},{\"@type\":\"WebSite\",\"@id\":\"http:\\\/\\\/ruuby.ee\\\/#website\",\"url\":\"http:\\\/\\\/ruuby.ee\\\/\",\"name\":\"RUUBY\",\"description\":\"Ruubys on \u00fchendatud elustiil ja disain\",\"publisher\":{\"@id\":\"http:\\\/\\\/ruuby.ee\\\/#organization\"},\"alternateName\":\"Ruuby Disain\",\"potentialAction\":[{\"@type\":\"SearchAction\",\"target\":{\"@type\":\"EntryPoint\",\"urlTemplate\":\"http:\\\/\\\/ruuby.ee\\\/?s={search_term_string}\"},\"query-input\":{\"@type\":\"PropertyValueSpecification\",\"valueRequired\":true,\"valueName\":\"search_term_string\"}}],\"inLanguage\":\"en-GB\"},{\"@type\":\"Organization\",\"@id\":\"http:\\\/\\\/ruuby.ee\\\/#organization\",\"name\":\"Ruuby Disain O\u00dc\",\"alternateName\":\"Ruuby\",\"url\":\"http:\\\/\\\/ruuby.ee\\\/\",\"logo\":{\"@type\":\"ImageObject\",\"inLanguage\":\"en-GB\",\"@id\":\"http:\\\/\\\/ruuby.ee\\\/#\\\/schema\\\/logo\\\/image\\\/\",\"url\":\"http:\\\/\\\/ruuby.ee\\\/wp-content\\\/uploads\\\/2023\\\/06\\\/cropped-Black-White-Elegant-Circle-Signature-Fashion-Logo-12_large.png\",\"contentUrl\":\"http:\\\/\\\/ruuby.ee\\\/wp-content\\\/uploads\\\/2023\\\/06\\\/cropped-Black-White-Elegant-Circle-Signature-Fashion-Logo-12_large.png\",\"width\":1280,\"height\":747,\"caption\":\"Ruuby Disain O\u00dc\"},\"image\":{\"@id\":\"http:\\\/\\\/ruuby.ee\\\/#\\\/schema\\\/logo\\\/image\\\/\"},\"sameAs\":[\"https:\\\/\\\/www.facebook.com\\\/ruubyconcept\",\"https:\\\/\\\/www.instagram.com\\\/ruuby_concept\\\/\"]}]}<\/script>\n<!-- \/ Yoast SEO plugin. -->","yoast_head_json":{"title":"Firefly pehme helkur Tassel Leopard - RUUBY","robots":{"index":"index","follow":"follow","max-snippet":"max-snippet:-1","max-image-preview":"max-image-preview:large","max-video-preview":"max-video-preview:-1"},"canonical":"http:\/\/ruuby.ee\/en\/pood\/aksessuaarid\/helkurid\/firefly-pehme-helkur-tassel-leopard\/","og_locale":"en_GB","og_type":"article","og_title":"Firefly pehme helkur Tassel Leopard - RUUBY","og_description":"Lisa oma lemmik kotile stiilne helkiv Leopardi pehme tutiga helkur. See elegantne kotikaunistus on valmistatud pehmest, nahasarnasest helkurmaterjalist ning tasakaalustab kaunilt stiili ja funktsionaalsust. Kotikotil on meie signatuurne Firefly logo ja dekoratiivsed k\u00e4sitsi \u00f5mblemised tagak\u00fcljel, et anda sellele elegantne v\u00e4limus. Materjal: pehme helkurmaterjal ja metall. Suurus: umbes 9,5 cm pikk Kinnitus: Firefly logoga v\u00f5tmehoidja, metallist [&hellip;]","og_url":"http:\/\/ruuby.ee\/en\/pood\/aksessuaarid\/helkurid\/firefly-pehme-helkur-tassel-leopard\/","og_site_name":"RUUBY","article_publisher":"https:\/\/www.facebook.com\/ruubyconcept","article_modified_time":"2026-04-07T22:28:21+00:00","og_image":[{"width":840,"height":870,"url":"http:\/\/ruuby.ee\/wp-content\/uploads\/2025\/10\/Screenshot-2025-10-22-at-09.39.52.png","type":"image\/png"}],"twitter_card":"summary_large_image","twitter_misc":{"Estimated reading time":"1 minute"},"schema":{"@context":"https:\/\/schema.org","@graph":[{"@type":["WebPage","ItemPage"],"@id":"http:\/\/ruuby.ee\/en\/pood\/aksessuaarid\/helkurid\/firefly-pehme-helkur-tassel-leopard\/","url":"http:\/\/ruuby.ee\/en\/pood\/aksessuaarid\/helkurid\/firefly-pehme-helkur-tassel-leopard\/","name":"Firefly pehme helkur Tassel Leopard - RUUBY","isPartOf":{"@id":"http:\/\/ruuby.ee\/#website"},"primaryImageOfPage":{"@id":"http:\/\/ruuby.ee\/en\/pood\/aksessuaarid\/helkurid\/firefly-pehme-helkur-tassel-leopard\/#primaryimage"},"image":{"@id":"http:\/\/ruuby.ee\/en\/pood\/aksessuaarid\/helkurid\/firefly-pehme-helkur-tassel-leopard\/#primaryimage"},"thumbnailUrl":"http:\/\/ruuby.ee\/wp-content\/uploads\/2025\/10\/Screenshot-2025-10-22-at-09.39.52.png","datePublished":"2025-10-22T06:15:35+00:00","dateModified":"2026-04-07T22:28:21+00:00","breadcrumb":{"@id":"http:\/\/ruuby.ee\/en\/pood\/aksessuaarid\/helkurid\/firefly-pehme-helkur-tassel-leopard\/#breadcrumb"},"inLanguage":"en-GB","potentialAction":[{"@type":"ReadAction","target":["http:\/\/ruuby.ee\/en\/pood\/aksessuaarid\/helkurid\/firefly-pehme-helkur-tassel-leopard\/"]}]},{"@type":"ImageObject","inLanguage":"en-GB","@id":"http:\/\/ruuby.ee\/en\/pood\/aksessuaarid\/helkurid\/firefly-pehme-helkur-tassel-leopard\/#primaryimage","url":"http:\/\/ruuby.ee\/wp-content\/uploads\/2025\/10\/Screenshot-2025-10-22-at-09.39.52.png","contentUrl":"http:\/\/ruuby.ee\/wp-content\/uploads\/2025\/10\/Screenshot-2025-10-22-at-09.39.52.png","width":840,"height":870},{"@type":"BreadcrumbList","@id":"http:\/\/ruuby.ee\/en\/pood\/aksessuaarid\/helkurid\/firefly-pehme-helkur-tassel-leopard\/#breadcrumb","itemListElement":[{"@type":"ListItem","position":1,"name":"Kdu","item":"http:\/\/ruuby.ee\/"},{"@type":"ListItem","position":2,"name":"Pood","item":"http:\/\/ruuby.ee\/pood\/"},{"@type":"ListItem","position":3,"name":"Firefly pehme helkur Tassel Leopard"}]},{"@type":"WebSite","@id":"http:\/\/ruuby.ee\/#website","url":"http:\/\/ruuby.ee\/","name":"RUUBY","description":"Ruubys on \u00fchendatud elustiil ja disain","publisher":{"@id":"http:\/\/ruuby.ee\/#organization"},"alternateName":"Ruuby Disain","potentialAction":[{"@type":"SearchAction","target":{"@type":"EntryPoint","urlTemplate":"http:\/\/ruuby.ee\/?s={search_term_string}"},"query-input":{"@type":"PropertyValueSpecification","valueRequired":true,"valueName":"search_term_string"}}],"inLanguage":"en-GB"},{"@type":"Organization","@id":"http:\/\/ruuby.ee\/#organization","name":"Ruuby Disain O\u00dc","alternateName":"Ruuby","url":"http:\/\/ruuby.ee\/","logo":{"@type":"ImageObject","inLanguage":"en-GB","@id":"http:\/\/ruuby.ee\/#\/schema\/logo\/image\/","url":"http:\/\/ruuby.ee\/wp-content\/uploads\/2023\/06\/cropped-Black-White-Elegant-Circle-Signature-Fashion-Logo-12_large.png","contentUrl":"http:\/\/ruuby.ee\/wp-content\/uploads\/2023\/06\/cropped-Black-White-Elegant-Circle-Signature-Fashion-Logo-12_large.png","width":1280,"height":747,"caption":"Ruuby Disain O\u00dc"},"image":{"@id":"http:\/\/ruuby.ee\/#\/schema\/logo\/image\/"},"sameAs":["https:\/\/www.facebook.com\/ruubyconcept","https:\/\/www.instagram.com\/ruuby_concept\/"]}]}},"jetpack_sharing_enabled":true,"_links":{"self":[{"href":"http:\/\/ruuby.ee\/en\/wp-json\/wp\/v2\/product\/1856913","targetHints":{"allow":["GET"]}}],"collection":[{"href":"http:\/\/ruuby.ee\/en\/wp-json\/wp\/v2\/product"}],"about":[{"href":"http:\/\/ruuby.ee\/en\/wp-json\/wp\/v2\/types\/product"}],"replies":[{"embeddable":true,"href":"http:\/\/ruuby.ee\/en\/wp-json\/wp\/v2\/comments?post=1856913"}],"wp:featuredmedia":[{"embeddable":true,"href":"http:\/\/ruuby.ee\/en\/wp-json\/wp\/v2\/media\/1856943"}],"wp:attachment":[{"href":"http:\/\/ruuby.ee\/en\/wp-json\/wp\/v2\/media?parent=1856913"}],"wp:term":[{"taxonomy":"product_brand","embeddable":true,"href":"http:\/\/ruuby.ee\/en\/wp-json\/wp\/v2\/product_brand?post=1856913"},{"taxonomy":"product_cat","embeddable":true,"href":"http:\/\/ruuby.ee\/en\/wp-json\/wp\/v2\/product_cat?post=1856913"},{"taxonomy":"product_tag","embeddable":true,"href":"http:\/\/ruuby.ee\/en\/wp-json\/wp\/v2\/product_tag?post=1856913"}],"curies":[{"name":"wp","href":"https:\/\/api.w.org\/{rel}","templated":true}]}}