{"id":1856910,"date":"2025-10-22T09:15:25","date_gmt":"2025-10-22T06:15:25","guid":{"rendered":"https:\/\/ruuby.ee\/pood\/maaratlemata\/firefly-crocodile-pehme-helkur\/"},"modified":"2026-04-08T01:28:21","modified_gmt":"2026-04-07T22:28:21","slug":"firefly-crocodile-pehme-helkur","status":"publish","type":"product","link":"http:\/\/ruuby.ee\/en\/pood\/aksessuaarid\/helkurid\/firefly-crocodile-pehme-helkur\/","title":{"rendered":"Firefly Crocodile pehme helkur"},"content":{"rendered":"<p>Lisa oma lemmikkotile v\u00f5i seljakotile m\u00e4ngulist peegeldust meie armsa krokodillikujulise pehme kujuga helkuriga.<\/p>\n<p>Pehmest, nahataolisest helkurmaterjalist valmistatud l\u00f5bus kotikaunistus tasakaalustab kaunilt stiili ja funktsionaalsust.<br \/>\nSee kinnitub teie koti k\u00fclge h\u00f5lpsalt reguleeritava vegan nahast rihmaga.<\/p>\n<p><strong>Materjal:<\/strong> Pehme helkurmaterjal.<br \/>\n<strong>Suurus:<\/strong> u. 8 cm<br \/>\n<strong>Kinnitus:<\/strong> Reguleeritav vegan nahast rihm.<br \/>\nPakendatud stiilsesse paber\u00fcmbrikusse \u2013 ideaalne kinkimiseks.<\/p>\n<p>NB! Helkur on oluline turvatarbed k\u00f5igile, kes veedavad aega \u00f5ues halva n\u00e4htavuse tingimustes.<\/p>\n<p>Helkur peegeldab vastutuleva s\u00f5iduki valgust ja muudab teid n\u00e4htavaks kuni 125 meetri (400 jala) kauguselt, v\u00f5rreldes vaid 30 meetri (100 jala) kaugusele ilma helkurita.<\/p>","protected":false},"excerpt":{"rendered":"<p>Lisa oma lemmikkotile v\u00f5i seljakotile m\u00e4ngulist peegeldust meie armsa krokodillikujulise pehme kujuga helkuriga. Pehmest, nahataolisest helkurmaterjalist valmistatud l\u00f5bus kotikaunistus tasakaalustab kaunilt stiili ja funktsionaalsust. See kinnitub teie koti k\u00fclge h\u00f5lpsalt reguleeritava vegan nahast rihmaga. Materjal: Pehme helkurmaterjal. Suurus: u. 8 cm Kinnitus: Reguleeritav vegan nahast rihm. Pakendatud stiilsesse paber\u00fcmbrikusse \u2013 ideaalne kinkimiseks. NB! Helkur on [&hellip;]<\/p>\n","protected":false},"featured_media":1856932,"comment_status":"open","ping_status":"closed","template":"","meta":[],"product_brand":[],"product_cat":[43,500],"product_tag":[1132,1131],"class_list":{"0":"post-1856910","1":"product","2":"type-product","3":"status-publish","4":"has-post-thumbnail","6":"product_cat-aksessuaarid","7":"product_cat-helkurid","8":"product_tag-firefly","9":"product_tag-helkur","11":"first","12":"outofstock","13":"taxable","14":"shipping-taxable","15":"purchasable","16":"product-type-simple"},"yoast_head":"<!-- This site is optimized with the Yoast SEO plugin v27.3 - https:\/\/yoast.com\/product\/yoast-seo-wordpress\/ -->\n<title>Firefly Crocodile pehme helkur - RUUBY<\/title>\n<meta name=\"robots\" content=\"index, follow, max-snippet:-1, max-image-preview:large, max-video-preview:-1\" \/>\n<link rel=\"canonical\" href=\"http:\/\/ruuby.ee\/en\/pood\/aksessuaarid\/helkurid\/firefly-crocodile-pehme-helkur\/\" \/>\n<meta property=\"og:locale\" content=\"en_GB\" \/>\n<meta property=\"og:type\" content=\"article\" \/>\n<meta property=\"og:title\" content=\"Firefly Crocodile pehme helkur - RUUBY\" \/>\n<meta property=\"og:description\" content=\"Lisa oma lemmikkotile v\u00f5i seljakotile m\u00e4ngulist peegeldust meie armsa krokodillikujulise pehme kujuga helkuriga. Pehmest, nahataolisest helkurmaterjalist valmistatud l\u00f5bus kotikaunistus tasakaalustab kaunilt stiili ja funktsionaalsust. See kinnitub teie koti k\u00fclge h\u00f5lpsalt reguleeritava vegan nahast rihmaga. Materjal: Pehme helkurmaterjal. Suurus: u. 8 cm Kinnitus: Reguleeritav vegan nahast rihm. Pakendatud stiilsesse paber\u00fcmbrikusse \u2013 ideaalne kinkimiseks. NB! Helkur on [&hellip;]\" \/>\n<meta property=\"og:url\" content=\"http:\/\/ruuby.ee\/en\/pood\/aksessuaarid\/helkurid\/firefly-crocodile-pehme-helkur\/\" \/>\n<meta property=\"og:site_name\" content=\"RUUBY\" \/>\n<meta property=\"article:publisher\" content=\"https:\/\/www.facebook.com\/ruubyconcept\" \/>\n<meta property=\"article:modified_time\" content=\"2026-04-07T22:28:21+00:00\" \/>\n<meta property=\"og:image\" content=\"http:\/\/ruuby.ee\/wp-content\/uploads\/2025\/10\/Screenshot-2025-10-22-at-09.32.03.png\" \/>\n\t<meta property=\"og:image:width\" content=\"848\" \/>\n\t<meta property=\"og:image:height\" content=\"854\" \/>\n\t<meta property=\"og:image:type\" content=\"image\/png\" \/>\n<meta name=\"twitter:card\" content=\"summary_large_image\" \/>\n<meta name=\"twitter:label1\" content=\"Estimated reading time\" \/>\n\t<meta name=\"twitter:data1\" content=\"1 minute\" \/>\n<script type=\"application\/ld+json\" class=\"yoast-schema-graph\">{\"@context\":\"https:\\\/\\\/schema.org\",\"@graph\":[{\"@type\":[\"WebPage\",\"ItemPage\"],\"@id\":\"http:\\\/\\\/ruuby.ee\\\/en\\\/pood\\\/aksessuaarid\\\/helkurid\\\/firefly-crocodile-pehme-helkur\\\/\",\"url\":\"http:\\\/\\\/ruuby.ee\\\/en\\\/pood\\\/aksessuaarid\\\/helkurid\\\/firefly-crocodile-pehme-helkur\\\/\",\"name\":\"Firefly Crocodile pehme helkur - RUUBY\",\"isPartOf\":{\"@id\":\"http:\\\/\\\/ruuby.ee\\\/#website\"},\"primaryImageOfPage\":{\"@id\":\"http:\\\/\\\/ruuby.ee\\\/en\\\/pood\\\/aksessuaarid\\\/helkurid\\\/firefly-crocodile-pehme-helkur\\\/#primaryimage\"},\"image\":{\"@id\":\"http:\\\/\\\/ruuby.ee\\\/en\\\/pood\\\/aksessuaarid\\\/helkurid\\\/firefly-crocodile-pehme-helkur\\\/#primaryimage\"},\"thumbnailUrl\":\"http:\\\/\\\/ruuby.ee\\\/wp-content\\\/uploads\\\/2025\\\/10\\\/Screenshot-2025-10-22-at-09.32.03.png\",\"datePublished\":\"2025-10-22T06:15:25+00:00\",\"dateModified\":\"2026-04-07T22:28:21+00:00\",\"breadcrumb\":{\"@id\":\"http:\\\/\\\/ruuby.ee\\\/en\\\/pood\\\/aksessuaarid\\\/helkurid\\\/firefly-crocodile-pehme-helkur\\\/#breadcrumb\"},\"inLanguage\":\"en-GB\",\"potentialAction\":[{\"@type\":\"ReadAction\",\"target\":[\"http:\\\/\\\/ruuby.ee\\\/en\\\/pood\\\/aksessuaarid\\\/helkurid\\\/firefly-crocodile-pehme-helkur\\\/\"]}]},{\"@type\":\"ImageObject\",\"inLanguage\":\"en-GB\",\"@id\":\"http:\\\/\\\/ruuby.ee\\\/en\\\/pood\\\/aksessuaarid\\\/helkurid\\\/firefly-crocodile-pehme-helkur\\\/#primaryimage\",\"url\":\"http:\\\/\\\/ruuby.ee\\\/wp-content\\\/uploads\\\/2025\\\/10\\\/Screenshot-2025-10-22-at-09.32.03.png\",\"contentUrl\":\"http:\\\/\\\/ruuby.ee\\\/wp-content\\\/uploads\\\/2025\\\/10\\\/Screenshot-2025-10-22-at-09.32.03.png\",\"width\":848,\"height\":854},{\"@type\":\"BreadcrumbList\",\"@id\":\"http:\\\/\\\/ruuby.ee\\\/en\\\/pood\\\/aksessuaarid\\\/helkurid\\\/firefly-crocodile-pehme-helkur\\\/#breadcrumb\",\"itemListElement\":[{\"@type\":\"ListItem\",\"position\":1,\"name\":\"Kdu\",\"item\":\"http:\\\/\\\/ruuby.ee\\\/\"},{\"@type\":\"ListItem\",\"position\":2,\"name\":\"Pood\",\"item\":\"http:\\\/\\\/ruuby.ee\\\/pood\\\/\"},{\"@type\":\"ListItem\",\"position\":3,\"name\":\"Firefly Crocodile pehme helkur\"}]},{\"@type\":\"WebSite\",\"@id\":\"http:\\\/\\\/ruuby.ee\\\/#website\",\"url\":\"http:\\\/\\\/ruuby.ee\\\/\",\"name\":\"RUUBY\",\"description\":\"Ruubys on \u00fchendatud elustiil ja disain\",\"publisher\":{\"@id\":\"http:\\\/\\\/ruuby.ee\\\/#organization\"},\"alternateName\":\"Ruuby Disain\",\"potentialAction\":[{\"@type\":\"SearchAction\",\"target\":{\"@type\":\"EntryPoint\",\"urlTemplate\":\"http:\\\/\\\/ruuby.ee\\\/?s={search_term_string}\"},\"query-input\":{\"@type\":\"PropertyValueSpecification\",\"valueRequired\":true,\"valueName\":\"search_term_string\"}}],\"inLanguage\":\"en-GB\"},{\"@type\":\"Organization\",\"@id\":\"http:\\\/\\\/ruuby.ee\\\/#organization\",\"name\":\"Ruuby Disain O\u00dc\",\"alternateName\":\"Ruuby\",\"url\":\"http:\\\/\\\/ruuby.ee\\\/\",\"logo\":{\"@type\":\"ImageObject\",\"inLanguage\":\"en-GB\",\"@id\":\"http:\\\/\\\/ruuby.ee\\\/#\\\/schema\\\/logo\\\/image\\\/\",\"url\":\"http:\\\/\\\/ruuby.ee\\\/wp-content\\\/uploads\\\/2023\\\/06\\\/cropped-Black-White-Elegant-Circle-Signature-Fashion-Logo-12_large.png\",\"contentUrl\":\"http:\\\/\\\/ruuby.ee\\\/wp-content\\\/uploads\\\/2023\\\/06\\\/cropped-Black-White-Elegant-Circle-Signature-Fashion-Logo-12_large.png\",\"width\":1280,\"height\":747,\"caption\":\"Ruuby Disain O\u00dc\"},\"image\":{\"@id\":\"http:\\\/\\\/ruuby.ee\\\/#\\\/schema\\\/logo\\\/image\\\/\"},\"sameAs\":[\"https:\\\/\\\/www.facebook.com\\\/ruubyconcept\",\"https:\\\/\\\/www.instagram.com\\\/ruuby_concept\\\/\"]}]}<\/script>\n<!-- \/ Yoast SEO plugin. -->","yoast_head_json":{"title":"Firefly Crocodile pehme helkur - RUUBY","robots":{"index":"index","follow":"follow","max-snippet":"max-snippet:-1","max-image-preview":"max-image-preview:large","max-video-preview":"max-video-preview:-1"},"canonical":"http:\/\/ruuby.ee\/en\/pood\/aksessuaarid\/helkurid\/firefly-crocodile-pehme-helkur\/","og_locale":"en_GB","og_type":"article","og_title":"Firefly Crocodile pehme helkur - RUUBY","og_description":"Lisa oma lemmikkotile v\u00f5i seljakotile m\u00e4ngulist peegeldust meie armsa krokodillikujulise pehme kujuga helkuriga. Pehmest, nahataolisest helkurmaterjalist valmistatud l\u00f5bus kotikaunistus tasakaalustab kaunilt stiili ja funktsionaalsust. See kinnitub teie koti k\u00fclge h\u00f5lpsalt reguleeritava vegan nahast rihmaga. Materjal: Pehme helkurmaterjal. Suurus: u. 8 cm Kinnitus: Reguleeritav vegan nahast rihm. Pakendatud stiilsesse paber\u00fcmbrikusse \u2013 ideaalne kinkimiseks. NB! Helkur on [&hellip;]","og_url":"http:\/\/ruuby.ee\/en\/pood\/aksessuaarid\/helkurid\/firefly-crocodile-pehme-helkur\/","og_site_name":"RUUBY","article_publisher":"https:\/\/www.facebook.com\/ruubyconcept","article_modified_time":"2026-04-07T22:28:21+00:00","og_image":[{"width":848,"height":854,"url":"http:\/\/ruuby.ee\/wp-content\/uploads\/2025\/10\/Screenshot-2025-10-22-at-09.32.03.png","type":"image\/png"}],"twitter_card":"summary_large_image","twitter_misc":{"Estimated reading time":"1 minute"},"schema":{"@context":"https:\/\/schema.org","@graph":[{"@type":["WebPage","ItemPage"],"@id":"http:\/\/ruuby.ee\/en\/pood\/aksessuaarid\/helkurid\/firefly-crocodile-pehme-helkur\/","url":"http:\/\/ruuby.ee\/en\/pood\/aksessuaarid\/helkurid\/firefly-crocodile-pehme-helkur\/","name":"Firefly Crocodile pehme helkur - RUUBY","isPartOf":{"@id":"http:\/\/ruuby.ee\/#website"},"primaryImageOfPage":{"@id":"http:\/\/ruuby.ee\/en\/pood\/aksessuaarid\/helkurid\/firefly-crocodile-pehme-helkur\/#primaryimage"},"image":{"@id":"http:\/\/ruuby.ee\/en\/pood\/aksessuaarid\/helkurid\/firefly-crocodile-pehme-helkur\/#primaryimage"},"thumbnailUrl":"http:\/\/ruuby.ee\/wp-content\/uploads\/2025\/10\/Screenshot-2025-10-22-at-09.32.03.png","datePublished":"2025-10-22T06:15:25+00:00","dateModified":"2026-04-07T22:28:21+00:00","breadcrumb":{"@id":"http:\/\/ruuby.ee\/en\/pood\/aksessuaarid\/helkurid\/firefly-crocodile-pehme-helkur\/#breadcrumb"},"inLanguage":"en-GB","potentialAction":[{"@type":"ReadAction","target":["http:\/\/ruuby.ee\/en\/pood\/aksessuaarid\/helkurid\/firefly-crocodile-pehme-helkur\/"]}]},{"@type":"ImageObject","inLanguage":"en-GB","@id":"http:\/\/ruuby.ee\/en\/pood\/aksessuaarid\/helkurid\/firefly-crocodile-pehme-helkur\/#primaryimage","url":"http:\/\/ruuby.ee\/wp-content\/uploads\/2025\/10\/Screenshot-2025-10-22-at-09.32.03.png","contentUrl":"http:\/\/ruuby.ee\/wp-content\/uploads\/2025\/10\/Screenshot-2025-10-22-at-09.32.03.png","width":848,"height":854},{"@type":"BreadcrumbList","@id":"http:\/\/ruuby.ee\/en\/pood\/aksessuaarid\/helkurid\/firefly-crocodile-pehme-helkur\/#breadcrumb","itemListElement":[{"@type":"ListItem","position":1,"name":"Kdu","item":"http:\/\/ruuby.ee\/"},{"@type":"ListItem","position":2,"name":"Pood","item":"http:\/\/ruuby.ee\/pood\/"},{"@type":"ListItem","position":3,"name":"Firefly Crocodile pehme helkur"}]},{"@type":"WebSite","@id":"http:\/\/ruuby.ee\/#website","url":"http:\/\/ruuby.ee\/","name":"RUUBY","description":"Ruubys on \u00fchendatud elustiil ja disain","publisher":{"@id":"http:\/\/ruuby.ee\/#organization"},"alternateName":"Ruuby Disain","potentialAction":[{"@type":"SearchAction","target":{"@type":"EntryPoint","urlTemplate":"http:\/\/ruuby.ee\/?s={search_term_string}"},"query-input":{"@type":"PropertyValueSpecification","valueRequired":true,"valueName":"search_term_string"}}],"inLanguage":"en-GB"},{"@type":"Organization","@id":"http:\/\/ruuby.ee\/#organization","name":"Ruuby Disain O\u00dc","alternateName":"Ruuby","url":"http:\/\/ruuby.ee\/","logo":{"@type":"ImageObject","inLanguage":"en-GB","@id":"http:\/\/ruuby.ee\/#\/schema\/logo\/image\/","url":"http:\/\/ruuby.ee\/wp-content\/uploads\/2023\/06\/cropped-Black-White-Elegant-Circle-Signature-Fashion-Logo-12_large.png","contentUrl":"http:\/\/ruuby.ee\/wp-content\/uploads\/2023\/06\/cropped-Black-White-Elegant-Circle-Signature-Fashion-Logo-12_large.png","width":1280,"height":747,"caption":"Ruuby Disain O\u00dc"},"image":{"@id":"http:\/\/ruuby.ee\/#\/schema\/logo\/image\/"},"sameAs":["https:\/\/www.facebook.com\/ruubyconcept","https:\/\/www.instagram.com\/ruuby_concept\/"]}]}},"jetpack_sharing_enabled":true,"_links":{"self":[{"href":"http:\/\/ruuby.ee\/en\/wp-json\/wp\/v2\/product\/1856910","targetHints":{"allow":["GET"]}}],"collection":[{"href":"http:\/\/ruuby.ee\/en\/wp-json\/wp\/v2\/product"}],"about":[{"href":"http:\/\/ruuby.ee\/en\/wp-json\/wp\/v2\/types\/product"}],"replies":[{"embeddable":true,"href":"http:\/\/ruuby.ee\/en\/wp-json\/wp\/v2\/comments?post=1856910"}],"wp:featuredmedia":[{"embeddable":true,"href":"http:\/\/ruuby.ee\/en\/wp-json\/wp\/v2\/media\/1856932"}],"wp:attachment":[{"href":"http:\/\/ruuby.ee\/en\/wp-json\/wp\/v2\/media?parent=1856910"}],"wp:term":[{"taxonomy":"product_brand","embeddable":true,"href":"http:\/\/ruuby.ee\/en\/wp-json\/wp\/v2\/product_brand?post=1856910"},{"taxonomy":"product_cat","embeddable":true,"href":"http:\/\/ruuby.ee\/en\/wp-json\/wp\/v2\/product_cat?post=1856910"},{"taxonomy":"product_tag","embeddable":true,"href":"http:\/\/ruuby.ee\/en\/wp-json\/wp\/v2\/product_tag?post=1856910"}],"curies":[{"name":"wp","href":"https:\/\/api.w.org\/{rel}","templated":true}]}}