{"id":1856761,"date":"2025-10-20T11:55:48","date_gmt":"2025-10-20T08:55:48","guid":{"rendered":"https:\/\/ruuby.ee\/pood\/maaratlemata\/oh-la-laqua-vaarikas-10-tk\/"},"modified":"2026-04-08T01:28:21","modified_gmt":"2026-04-07T22:28:21","slug":"oh-la-laqua-vaarikas-10-tk","status":"publish","type":"product","link":"http:\/\/ruuby.ee\/en\/pood\/gurmee\/maitseveeessents\/oh-la-laqua-vaarikas-10-tk\/","title":{"rendered":"OH LA LAQUA Vaarikas 10 tk"},"content":{"rendered":"<p>100% looduslik ja vegan maitseveeessents, mis toob igasse tilka vett puuviljade ja taimede v\u00e4rskuse. Ilma suhkru ja magusaineteta \u2013 lihtsalt puhas maitse ja looduslik energia. Ei mingit segamist \u2013 pigista otse veepudelisse ja naudi hetkega v\u00e4rskendust! Sobib mulliveele, j\u00e4\u00e4veele ja tavalisele kraaniveele.<\/p>\n<p>Vaarikas on kobarvili, sest iga \u00fcksik mari koosneb paljudest v\u00e4ga v\u00e4ikestest viljadest. J\u00e4rgmisel korral, kui vaarikat s\u00f6\u00f6te, saate neid \u00fcles lugeda. (Ja andke meile teada, mis teile meeldis.) Kuid meie vaarikavee segu puhul on k\u00f5ige olulisem fantastiline loomulik, kergelt hapukas maitse. Nagu v\u00e4rske suvine vaarikas metsa serval, hommikukaste k\u00e4es helkides. Valige vaarikas, kui soovite end v\u00e4rskendada metsiku ja pidurdamatu puuviljamaitsega.<\/p>\n<p><strong>MUUDA OMA VESI V\u00c4RSKENDAVAKS VAARIKAMAITSEGA JOOGIKS 3 SEKUNDIGA &#8211; ILMA SUHKRU JA KALORITETA.<\/strong><\/p>\n<p>\u00dcks OH LA LAQUA vaarikamaitselise joogi pakk sisaldab 10 k\u00e4ep\u00e4rast pulgapakki, millest iga\u00fcks sisaldab 6 ml Natural Waterfusioni. Lihtsalt lisa \u00fche pulgapaki sisu poole liitri mineraal- v\u00f5i kraaniveele, mis on gaseeritud v\u00f5i gaseerimata. Vedel kontsentraat lahustub otse vees, ilma et oleks vaja segada, loksutada v\u00f5i oodata. Ja sinu vaarikamaitseline vesi on valmis. 100% looduslik, ilma magusainete ja kaloriteta.<\/p>\n<p>Nii intensiivne kui soovid. See on vaba riik: otsusta ise, kui palju maitset soovid. Saad oma infundeeritud vee intensiivsust reguleerida, lisades pulgapaki sisu rohkem v\u00f5i v\u00e4hem kui 500 ml vette.<\/p>\n<p>OH LA LAQUA Natural Waterfusions on mitte ainult suhkru- ja magusainetevabad, vaid ka lisaainete ja s\u00e4ilitusaineteta.<\/p>\n<ul>\n<li><strong>Koostisosad:<\/strong> vesi, looduslik aroom, sidrunimahla kontsentraat.<\/li>\n<li><strong>Kasutusjuhis:<\/strong> lisa 1 tuub (ca 6 ml) 0,5 l vee sisse \u2013 raputa kergelt ja naudi!<\/li>\n<li><strong>Toitev\u00e4\u00e4rtus (100 ml valmistatud joogis):<\/strong> Energia &lt;1 kJ \/ &lt;1 kcal | Rasv 0 g | S\u00fcsivesikud 0 g | Suhkur 0 g | Valk 0 g | Sool 0 g.<\/li>\n<li><strong>Pakend:<\/strong> 10 tuubi karbis (kokku 60 ml) \u2013 mugav kaasas kanda.<\/li>\n<\/ul>\n<p><img fetchpriority=\"high\" decoding=\"async\" class=\"wp-image-1856769 aligncenter lazy loaded\" src=\"http:\/\/ruuby.ee\/wp-content\/uploads\/2025\/10\/Screenshot-2025-10-20-at-11.55.02-300x116.png\" sizes=\"(max-width: 753px) 100vw, 753px\" srcset=\"https:\/\/ruuby.ee\/wp-content\/uploads\/2025\/10\/Screenshot-2025-10-20-at-11.55.02-300x116.png 300w, https:\/\/ruuby.ee\/wp-content\/uploads\/2025\/10\/Screenshot-2025-10-20-at-11.55.02-1024x397.png 1024w, https:\/\/ruuby.ee\/wp-content\/uploads\/2025\/10\/Screenshot-2025-10-20-at-11.55.02-768x298.png 768w, https:\/\/ruuby.ee\/wp-content\/uploads\/2025\/10\/Screenshot-2025-10-20-at-11.55.02-1536x595.png 1536w, https:\/\/ruuby.ee\/wp-content\/uploads\/2025\/10\/Screenshot-2025-10-20-at-11.55.02-2048x794.png 2048w, https:\/\/ruuby.ee\/wp-content\/uploads\/2025\/10\/Screenshot-2025-10-20-at-11.55.02-18x7.png 18w, https:\/\/ruuby.ee\/wp-content\/uploads\/2025\/10\/Screenshot-2025-10-20-at-11.55.02-416x161.png 416w, https:\/\/ruuby.ee\/wp-content\/uploads\/2025\/10\/Screenshot-2025-10-20-at-11.55.02-64x25.png 64w\" alt=\"\" width=\"753\" height=\"291\" data-src=\"http:\/\/ruuby.ee\/wp-content\/uploads\/2025\/10\/Screenshot-2025-10-20-at-11.55.02-300x116.png\" data-srcset=\"https:\/\/ruuby.ee\/wp-content\/uploads\/2025\/10\/Screenshot-2025-10-20-at-11.55.02-300x116.png 300w, https:\/\/ruuby.ee\/wp-content\/uploads\/2025\/10\/Screenshot-2025-10-20-at-11.55.02-1024x397.png 1024w, https:\/\/ruuby.ee\/wp-content\/uploads\/2025\/10\/Screenshot-2025-10-20-at-11.55.02-768x298.png 768w, https:\/\/ruuby.ee\/wp-content\/uploads\/2025\/10\/Screenshot-2025-10-20-at-11.55.02-1536x595.png 1536w, https:\/\/ruuby.ee\/wp-content\/uploads\/2025\/10\/Screenshot-2025-10-20-at-11.55.02-2048x794.png 2048w, https:\/\/ruuby.ee\/wp-content\/uploads\/2025\/10\/Screenshot-2025-10-20-at-11.55.02-18x7.png 18w, https:\/\/ruuby.ee\/wp-content\/uploads\/2025\/10\/Screenshot-2025-10-20-at-11.55.02-416x161.png 416w, https:\/\/ruuby.ee\/wp-content\/uploads\/2025\/10\/Screenshot-2025-10-20-at-11.55.02-64x25.png 64w\" data-sizes=\"(max-width: 753px) 100vw, 753px\" data-was-processed=\"true\" \/><\/p>","protected":false},"excerpt":{"rendered":"<p>Avasta OH LA LAQUA p\u00f5nevad maitsed ja naudi tervislikku vaheldust igap\u00e4evas \u2013 sobib nii mulliga kui mullita, soojalt ja k\u00fclmalt. Sina otsustad! Sobib h\u00e4sti ka kokteilide ja mokteilide maitsestamiseks.<\/p>\n<p>&nbsp;<\/p>","protected":false},"featured_media":1856774,"comment_status":"open","ping_status":"closed","template":"","meta":[],"product_brand":[],"product_cat":[26,1128],"product_tag":[1129],"class_list":{"0":"post-1856761","1":"product","2":"type-product","3":"status-publish","4":"has-post-thumbnail","6":"product_cat-gurmee","7":"product_cat-maitseveeessents","8":"product_tag-maitsevesi","10":"first","11":"outofstock","12":"taxable","13":"shipping-taxable","14":"purchasable","15":"product-type-simple"},"yoast_head":"<!-- This site is optimized with the Yoast SEO plugin v27.3 - https:\/\/yoast.com\/product\/yoast-seo-wordpress\/ -->\n<title>OH LA LAQUA Vaarikas 10 tk - RUUBY<\/title>\n<meta name=\"robots\" content=\"index, follow, max-snippet:-1, max-image-preview:large, max-video-preview:-1\" \/>\n<link rel=\"canonical\" href=\"https:\/\/ruuby.ee\/en\/pood\/gurmee\/maitseveeessents\/oh-la-laqua-vaarikas-10-tk\/\" \/>\n<meta property=\"og:locale\" content=\"en_GB\" \/>\n<meta property=\"og:type\" content=\"article\" \/>\n<meta property=\"og:title\" content=\"OH LA LAQUA Vaarikas 10 tk - RUUBY\" \/>\n<meta property=\"og:description\" content=\"Avasta OH LA LAQUA p\u00f5nevad maitsed ja naudi tervislikku vaheldust igap\u00e4evas \u2013 sobib nii mulliga kui mullita, soojalt ja k\u00fclmalt. Sina otsustad! Sobib h\u00e4sti ka kokteilide ja mokteilide maitsestamiseks.  &nbsp;\" \/>\n<meta property=\"og:url\" content=\"https:\/\/ruuby.ee\/en\/pood\/gurmee\/maitseveeessents\/oh-la-laqua-vaarikas-10-tk\/\" \/>\n<meta property=\"og:site_name\" content=\"RUUBY\" \/>\n<meta property=\"article:publisher\" content=\"https:\/\/www.facebook.com\/ruubyconcept\" \/>\n<meta property=\"article:modified_time\" content=\"2026-04-07T22:28:21+00:00\" \/>\n<meta property=\"og:image\" content=\"https:\/\/ruuby.ee\/wp-content\/uploads\/2025\/10\/Screenshot-2025-10-20-at-12.23.44.png\" \/>\n\t<meta property=\"og:image:width\" content=\"668\" \/>\n\t<meta property=\"og:image:height\" content=\"854\" \/>\n\t<meta property=\"og:image:type\" content=\"image\/png\" \/>\n<meta name=\"twitter:card\" content=\"summary_large_image\" \/>\n<meta name=\"twitter:label1\" content=\"Estimated reading time\" \/>\n\t<meta name=\"twitter:data1\" content=\"2 minutes\" \/>\n<script type=\"application\/ld+json\" class=\"yoast-schema-graph\">{\"@context\":\"https:\\\/\\\/schema.org\",\"@graph\":[{\"@type\":[\"WebPage\",\"ItemPage\"],\"@id\":\"https:\\\/\\\/ruuby.ee\\\/en\\\/pood\\\/gurmee\\\/maitseveeessents\\\/oh-la-laqua-vaarikas-10-tk\\\/\",\"url\":\"https:\\\/\\\/ruuby.ee\\\/en\\\/pood\\\/gurmee\\\/maitseveeessents\\\/oh-la-laqua-vaarikas-10-tk\\\/\",\"name\":\"OH LA LAQUA Vaarikas 10 tk - RUUBY\",\"isPartOf\":{\"@id\":\"http:\\\/\\\/ruuby.ee\\\/en\\\/#website\"},\"primaryImageOfPage\":{\"@id\":\"https:\\\/\\\/ruuby.ee\\\/en\\\/pood\\\/gurmee\\\/maitseveeessents\\\/oh-la-laqua-vaarikas-10-tk\\\/#primaryimage\"},\"image\":{\"@id\":\"https:\\\/\\\/ruuby.ee\\\/en\\\/pood\\\/gurmee\\\/maitseveeessents\\\/oh-la-laqua-vaarikas-10-tk\\\/#primaryimage\"},\"thumbnailUrl\":\"http:\\\/\\\/ruuby.ee\\\/wp-content\\\/uploads\\\/2025\\\/10\\\/Screenshot-2025-10-20-at-12.23.44.png\",\"datePublished\":\"2025-10-20T08:55:48+00:00\",\"dateModified\":\"2026-04-07T22:28:21+00:00\",\"breadcrumb\":{\"@id\":\"https:\\\/\\\/ruuby.ee\\\/en\\\/pood\\\/gurmee\\\/maitseveeessents\\\/oh-la-laqua-vaarikas-10-tk\\\/#breadcrumb\"},\"inLanguage\":\"en-GB\",\"potentialAction\":[{\"@type\":\"ReadAction\",\"target\":[\"https:\\\/\\\/ruuby.ee\\\/en\\\/pood\\\/gurmee\\\/maitseveeessents\\\/oh-la-laqua-vaarikas-10-tk\\\/\"]}]},{\"@type\":\"ImageObject\",\"inLanguage\":\"en-GB\",\"@id\":\"https:\\\/\\\/ruuby.ee\\\/en\\\/pood\\\/gurmee\\\/maitseveeessents\\\/oh-la-laqua-vaarikas-10-tk\\\/#primaryimage\",\"url\":\"http:\\\/\\\/ruuby.ee\\\/wp-content\\\/uploads\\\/2025\\\/10\\\/Screenshot-2025-10-20-at-12.23.44.png\",\"contentUrl\":\"http:\\\/\\\/ruuby.ee\\\/wp-content\\\/uploads\\\/2025\\\/10\\\/Screenshot-2025-10-20-at-12.23.44.png\",\"width\":668,\"height\":854},{\"@type\":\"BreadcrumbList\",\"@id\":\"https:\\\/\\\/ruuby.ee\\\/en\\\/pood\\\/gurmee\\\/maitseveeessents\\\/oh-la-laqua-vaarikas-10-tk\\\/#breadcrumb\",\"itemListElement\":[{\"@type\":\"ListItem\",\"position\":1,\"name\":\"Kdu\",\"item\":\"http:\\\/\\\/ruuby.ee\\\/en\\\/\"},{\"@type\":\"ListItem\",\"position\":2,\"name\":\"Pood\",\"item\":\"http:\\\/\\\/ruuby.ee\\\/en\\\/pood\\\/\"},{\"@type\":\"ListItem\",\"position\":3,\"name\":\"OH LA LAQUA Vaarikas 10 tk\"}]},{\"@type\":\"WebSite\",\"@id\":\"http:\\\/\\\/ruuby.ee\\\/en\\\/#website\",\"url\":\"http:\\\/\\\/ruuby.ee\\\/en\\\/\",\"name\":\"RUUBY\",\"description\":\"Ruubys on \u00fchendatud elustiil ja disain\",\"publisher\":{\"@id\":\"http:\\\/\\\/ruuby.ee\\\/en\\\/#organization\"},\"alternateName\":\"Ruuby Disain\",\"potentialAction\":[{\"@type\":\"SearchAction\",\"target\":{\"@type\":\"EntryPoint\",\"urlTemplate\":\"http:\\\/\\\/ruuby.ee\\\/en\\\/?s={search_term_string}\"},\"query-input\":{\"@type\":\"PropertyValueSpecification\",\"valueRequired\":true,\"valueName\":\"search_term_string\"}}],\"inLanguage\":\"en-GB\"},{\"@type\":\"Organization\",\"@id\":\"http:\\\/\\\/ruuby.ee\\\/en\\\/#organization\",\"name\":\"Ruuby Disain O\u00dc\",\"alternateName\":\"Ruuby\",\"url\":\"http:\\\/\\\/ruuby.ee\\\/en\\\/\",\"logo\":{\"@type\":\"ImageObject\",\"inLanguage\":\"en-GB\",\"@id\":\"http:\\\/\\\/ruuby.ee\\\/en\\\/#\\\/schema\\\/logo\\\/image\\\/\",\"url\":\"http:\\\/\\\/ruuby.ee\\\/wp-content\\\/uploads\\\/2023\\\/06\\\/cropped-Black-White-Elegant-Circle-Signature-Fashion-Logo-12_large.png\",\"contentUrl\":\"http:\\\/\\\/ruuby.ee\\\/wp-content\\\/uploads\\\/2023\\\/06\\\/cropped-Black-White-Elegant-Circle-Signature-Fashion-Logo-12_large.png\",\"width\":1280,\"height\":747,\"caption\":\"Ruuby Disain O\u00dc\"},\"image\":{\"@id\":\"http:\\\/\\\/ruuby.ee\\\/en\\\/#\\\/schema\\\/logo\\\/image\\\/\"},\"sameAs\":[\"https:\\\/\\\/www.facebook.com\\\/ruubyconcept\",\"https:\\\/\\\/www.instagram.com\\\/ruuby_concept\\\/\"]}]}<\/script>\n<!-- \/ Yoast SEO plugin. -->","yoast_head_json":{"title":"OH LA LAQUA Vaarikas 10 tk - RUUBY","robots":{"index":"index","follow":"follow","max-snippet":"max-snippet:-1","max-image-preview":"max-image-preview:large","max-video-preview":"max-video-preview:-1"},"canonical":"https:\/\/ruuby.ee\/en\/pood\/gurmee\/maitseveeessents\/oh-la-laqua-vaarikas-10-tk\/","og_locale":"en_GB","og_type":"article","og_title":"OH LA LAQUA Vaarikas 10 tk - RUUBY","og_description":"Avasta OH LA LAQUA p\u00f5nevad maitsed ja naudi tervislikku vaheldust igap\u00e4evas \u2013 sobib nii mulliga kui mullita, soojalt ja k\u00fclmalt. Sina otsustad! Sobib h\u00e4sti ka kokteilide ja mokteilide maitsestamiseks.  &nbsp;","og_url":"https:\/\/ruuby.ee\/en\/pood\/gurmee\/maitseveeessents\/oh-la-laqua-vaarikas-10-tk\/","og_site_name":"RUUBY","article_publisher":"https:\/\/www.facebook.com\/ruubyconcept","article_modified_time":"2026-04-07T22:28:21+00:00","og_image":[{"width":668,"height":854,"url":"https:\/\/ruuby.ee\/wp-content\/uploads\/2025\/10\/Screenshot-2025-10-20-at-12.23.44.png","type":"image\/png"}],"twitter_card":"summary_large_image","twitter_misc":{"Estimated reading time":"2 minutes"},"schema":{"@context":"https:\/\/schema.org","@graph":[{"@type":["WebPage","ItemPage"],"@id":"https:\/\/ruuby.ee\/en\/pood\/gurmee\/maitseveeessents\/oh-la-laqua-vaarikas-10-tk\/","url":"https:\/\/ruuby.ee\/en\/pood\/gurmee\/maitseveeessents\/oh-la-laqua-vaarikas-10-tk\/","name":"OH LA LAQUA Vaarikas 10 tk - RUUBY","isPartOf":{"@id":"http:\/\/ruuby.ee\/en\/#website"},"primaryImageOfPage":{"@id":"https:\/\/ruuby.ee\/en\/pood\/gurmee\/maitseveeessents\/oh-la-laqua-vaarikas-10-tk\/#primaryimage"},"image":{"@id":"https:\/\/ruuby.ee\/en\/pood\/gurmee\/maitseveeessents\/oh-la-laqua-vaarikas-10-tk\/#primaryimage"},"thumbnailUrl":"http:\/\/ruuby.ee\/wp-content\/uploads\/2025\/10\/Screenshot-2025-10-20-at-12.23.44.png","datePublished":"2025-10-20T08:55:48+00:00","dateModified":"2026-04-07T22:28:21+00:00","breadcrumb":{"@id":"https:\/\/ruuby.ee\/en\/pood\/gurmee\/maitseveeessents\/oh-la-laqua-vaarikas-10-tk\/#breadcrumb"},"inLanguage":"en-GB","potentialAction":[{"@type":"ReadAction","target":["https:\/\/ruuby.ee\/en\/pood\/gurmee\/maitseveeessents\/oh-la-laqua-vaarikas-10-tk\/"]}]},{"@type":"ImageObject","inLanguage":"en-GB","@id":"https:\/\/ruuby.ee\/en\/pood\/gurmee\/maitseveeessents\/oh-la-laqua-vaarikas-10-tk\/#primaryimage","url":"http:\/\/ruuby.ee\/wp-content\/uploads\/2025\/10\/Screenshot-2025-10-20-at-12.23.44.png","contentUrl":"http:\/\/ruuby.ee\/wp-content\/uploads\/2025\/10\/Screenshot-2025-10-20-at-12.23.44.png","width":668,"height":854},{"@type":"BreadcrumbList","@id":"https:\/\/ruuby.ee\/en\/pood\/gurmee\/maitseveeessents\/oh-la-laqua-vaarikas-10-tk\/#breadcrumb","itemListElement":[{"@type":"ListItem","position":1,"name":"Kdu","item":"http:\/\/ruuby.ee\/en\/"},{"@type":"ListItem","position":2,"name":"Pood","item":"http:\/\/ruuby.ee\/en\/pood\/"},{"@type":"ListItem","position":3,"name":"OH LA LAQUA Vaarikas 10 tk"}]},{"@type":"WebSite","@id":"http:\/\/ruuby.ee\/en\/#website","url":"http:\/\/ruuby.ee\/en\/","name":"RUUBY","description":"Ruubys on \u00fchendatud elustiil ja disain","publisher":{"@id":"http:\/\/ruuby.ee\/en\/#organization"},"alternateName":"Ruuby Disain","potentialAction":[{"@type":"SearchAction","target":{"@type":"EntryPoint","urlTemplate":"http:\/\/ruuby.ee\/en\/?s={search_term_string}"},"query-input":{"@type":"PropertyValueSpecification","valueRequired":true,"valueName":"search_term_string"}}],"inLanguage":"en-GB"},{"@type":"Organization","@id":"http:\/\/ruuby.ee\/en\/#organization","name":"Ruuby Disain O\u00dc","alternateName":"Ruuby","url":"http:\/\/ruuby.ee\/en\/","logo":{"@type":"ImageObject","inLanguage":"en-GB","@id":"http:\/\/ruuby.ee\/en\/#\/schema\/logo\/image\/","url":"http:\/\/ruuby.ee\/wp-content\/uploads\/2023\/06\/cropped-Black-White-Elegant-Circle-Signature-Fashion-Logo-12_large.png","contentUrl":"http:\/\/ruuby.ee\/wp-content\/uploads\/2023\/06\/cropped-Black-White-Elegant-Circle-Signature-Fashion-Logo-12_large.png","width":1280,"height":747,"caption":"Ruuby Disain O\u00dc"},"image":{"@id":"http:\/\/ruuby.ee\/en\/#\/schema\/logo\/image\/"},"sameAs":["https:\/\/www.facebook.com\/ruubyconcept","https:\/\/www.instagram.com\/ruuby_concept\/"]}]}},"jetpack_sharing_enabled":true,"_links":{"self":[{"href":"http:\/\/ruuby.ee\/en\/wp-json\/wp\/v2\/product\/1856761","targetHints":{"allow":["GET"]}}],"collection":[{"href":"http:\/\/ruuby.ee\/en\/wp-json\/wp\/v2\/product"}],"about":[{"href":"http:\/\/ruuby.ee\/en\/wp-json\/wp\/v2\/types\/product"}],"replies":[{"embeddable":true,"href":"http:\/\/ruuby.ee\/en\/wp-json\/wp\/v2\/comments?post=1856761"}],"wp:featuredmedia":[{"embeddable":true,"href":"http:\/\/ruuby.ee\/en\/wp-json\/wp\/v2\/media\/1856774"}],"wp:attachment":[{"href":"http:\/\/ruuby.ee\/en\/wp-json\/wp\/v2\/media?parent=1856761"}],"wp:term":[{"taxonomy":"product_brand","embeddable":true,"href":"http:\/\/ruuby.ee\/en\/wp-json\/wp\/v2\/product_brand?post=1856761"},{"taxonomy":"product_cat","embeddable":true,"href":"http:\/\/ruuby.ee\/en\/wp-json\/wp\/v2\/product_cat?post=1856761"},{"taxonomy":"product_tag","embeddable":true,"href":"http:\/\/ruuby.ee\/en\/wp-json\/wp\/v2\/product_tag?post=1856761"}],"curies":[{"name":"wp","href":"https:\/\/api.w.org\/{rel}","templated":true}]}}