{"id":1856706,"date":"2025-10-16T14:53:02","date_gmt":"2025-10-16T11:53:02","guid":{"rendered":"https:\/\/ruuby.ee\/pood\/maaratlemata\/uyuni-lighting-led-kuunal-melted-smooth-pillar-h101-cm-nordic-white\/"},"modified":"2026-04-08T01:28:22","modified_gmt":"2026-04-07T22:28:22","slug":"uyuni-lighting-led-kuunal-melted-smooth-pillar-h101-cm-nordic-white","status":"publish","type":"product","link":"http:\/\/ruuby.ee\/en\/pood\/kodusisustus\/kuunlad\/led-kuunlad\/uyuni-lighting-led-kuunal-melted-smooth-pillar-h101-cm-nordic-white\/","title":{"rendered":"Uyuni Lighting &#8211; LED k\u00fc\u00fcnal, Melted Smooth Pillar H10,1 cm, Nordic White"},"content":{"rendered":"<p>Klassikaline sambak\u00fc\u00fcnal toob oma puhaste joonte ja sujuva, traditsioonilise siluetiga ajatu elegantsi igasse keskkonda. See on loodud pakkuma sooja ja kutsuvat kuma ning on mitmek\u00fclgne alus nii igap\u00e4evasteks hetkedeks kui ka erilisteks s\u00fcndmusteks.<\/p>\n<p>Uyuni k\u00fc\u00fcnlad on oma esteetikalt traditsioonilised, luksuslikud ja mehaaniliselt uuenduslikud. Signature Flicker\u2122 pole mitte ainult omataoline esimene, vaid pakub ka praktilisust, mis eristab neid teistest: kaugjuhtimispuldi funktsioon v\u00f5imaldab kasutajal iga k\u00fc\u00fcnalt eemalt sisse ja v\u00e4lja l\u00fclitada v\u00f5i vastavalt soovile h\u00e4mardada.<br \/>\nLisaks tehnoloogilisele mugavusele ei sula meie k\u00fc\u00fcnlad, ei aja kuuma vaha laiali ega l\u00f5pe tuulega, mis v\u00f5imaldab teil neid kasutada ainulaadsetes kohtades, kuhu traditsioonilised tahik\u00fc\u00fcnlad ei sobi.<\/p>\n<ul>\n<li>L\u00f5hnatu<\/li>\n<li>Suurused v\u00f5ivad varieeruda kuni 2 mm<\/li>\n<li>Otsese p\u00e4ikesevalguse ja k\u00fclma k\u00e4es viibimine kahjustab toodet<\/li>\n<li>Sisseehitatud 6-tunnine taimer<\/li>\n<li>Kasutada patareid 2x <a href=\"https:\/\/ruuby.ee\/en\/pood\/kodusisustus\/kuunlad\/led-kuunlad\/uyuni-lighting-patarei-c-15v-6700-mah-2tk-pakis\/\">C, 1,5V, 6700 mAh<\/a> (ei kuulu komplekti)<\/li>\n<li>Aku t\u00f6\u00f6iga ~1000 tundi<\/li>\n<li>Neitsiparafiinivahast<\/li>\n<\/ul>\n<p>M\u00f5\u00f5dud: 10,1&#215;10 cm<\/p>\n<p>Saab kasutada koos <a href=\"https:\/\/koopia.ruuby.ee\/pood\/kodusisustus\/kuunlad\/led-kuunlad\/uyuni-lighting-kaugjuhtimispult-must\/\">Uyuni kaugjuhtimispuldiga<\/a> (m\u00fc\u00fcakse eraldi): 4 taimeri valikud: 4, 6, 8 ja 10 tundi ja 3 dimmeri valikut. Kaugjuhtimispulti tuleb hoida v\u00e4rvilistele k\u00fc\u00fcnaldele l\u00e4hemal kui valgetele k\u00fc\u00fcnaldele, et neid juhtida.<\/p>","protected":false},"excerpt":{"rendered":"<p>Klassikaline sambak\u00fc\u00fcnal toob oma puhaste joonte ja sujuva, traditsioonilise siluetiga ajatu elegantsi igasse keskkonda. See on loodud pakkuma sooja ja kutsuvat kuma ning on mitmek\u00fclgne alus nii igap\u00e4evasteks hetkedeks kui ka erilisteks s\u00fcndmusteks. Uyuni k\u00fc\u00fcnlad on oma esteetikalt traditsioonilised, luksuslikud ja mehaaniliselt uuenduslikud. Signature Flicker\u2122 pole mitte ainult omataoline esimene, vaid pakub ka praktilisust, mis [&hellip;]<\/p>\n","protected":false},"featured_media":1856722,"comment_status":"open","ping_status":"closed","template":"","meta":[],"product_brand":[],"product_cat":[42,54,946],"product_tag":[947],"class_list":{"0":"post-1856706","1":"product","2":"type-product","3":"status-publish","4":"has-post-thumbnail","6":"product_cat-kodusisustus","7":"product_cat-kuunlad","8":"product_cat-led-kuunlad","9":"product_tag-uyuni","11":"first","12":"instock","13":"taxable","14":"shipping-taxable","15":"purchasable","16":"product-type-simple"},"yoast_head":"<!-- This site is optimized with the Yoast SEO plugin v27.3 - https:\/\/yoast.com\/product\/yoast-seo-wordpress\/ -->\n<title>Uyuni Lighting - LED k\u00fc\u00fcnal, Melted Smooth Pillar H10,1 cm, Nordic White - RUUBY<\/title>\n<meta name=\"robots\" content=\"index, follow, max-snippet:-1, max-image-preview:large, max-video-preview:-1\" \/>\n<link rel=\"canonical\" href=\"http:\/\/ruuby.ee\/en\/pood\/kodusisustus\/kuunlad\/led-kuunlad\/uyuni-lighting-led-kuunal-melted-smooth-pillar-h101-cm-nordic-white\/\" \/>\n<meta property=\"og:locale\" content=\"en_GB\" \/>\n<meta property=\"og:type\" content=\"article\" \/>\n<meta property=\"og:title\" content=\"Uyuni Lighting - LED k\u00fc\u00fcnal, Melted Smooth Pillar H10,1 cm, Nordic White - RUUBY\" \/>\n<meta property=\"og:description\" content=\"Klassikaline sambak\u00fc\u00fcnal toob oma puhaste joonte ja sujuva, traditsioonilise siluetiga ajatu elegantsi igasse keskkonda. See on loodud pakkuma sooja ja kutsuvat kuma ning on mitmek\u00fclgne alus nii igap\u00e4evasteks hetkedeks kui ka erilisteks s\u00fcndmusteks. Uyuni k\u00fc\u00fcnlad on oma esteetikalt traditsioonilised, luksuslikud ja mehaaniliselt uuenduslikud. Signature Flicker\u2122 pole mitte ainult omataoline esimene, vaid pakub ka praktilisust, mis [&hellip;]\" \/>\n<meta property=\"og:url\" content=\"http:\/\/ruuby.ee\/en\/pood\/kodusisustus\/kuunlad\/led-kuunlad\/uyuni-lighting-led-kuunal-melted-smooth-pillar-h101-cm-nordic-white\/\" \/>\n<meta property=\"og:site_name\" content=\"RUUBY\" \/>\n<meta property=\"article:publisher\" content=\"https:\/\/www.facebook.com\/ruubyconcept\" \/>\n<meta property=\"article:modified_time\" content=\"2026-04-07T22:28:22+00:00\" \/>\n<meta property=\"og:image\" content=\"http:\/\/ruuby.ee\/wp-content\/uploads\/2025\/10\/Screenshot-2025-10-16-at-15.13.57.png\" \/>\n\t<meta property=\"og:image:width\" content=\"1106\" \/>\n\t<meta property=\"og:image:height\" content=\"1074\" \/>\n\t<meta property=\"og:image:type\" content=\"image\/png\" \/>\n<meta name=\"twitter:card\" content=\"summary_large_image\" \/>\n<meta name=\"twitter:label1\" content=\"Estimated reading time\" \/>\n\t<meta name=\"twitter:data1\" content=\"2 minutes\" \/>\n<script type=\"application\/ld+json\" class=\"yoast-schema-graph\">{\"@context\":\"https:\\\/\\\/schema.org\",\"@graph\":[{\"@type\":[\"WebPage\",\"ItemPage\"],\"@id\":\"http:\\\/\\\/ruuby.ee\\\/en\\\/pood\\\/kodusisustus\\\/kuunlad\\\/led-kuunlad\\\/uyuni-lighting-led-kuunal-melted-smooth-pillar-h101-cm-nordic-white\\\/\",\"url\":\"http:\\\/\\\/ruuby.ee\\\/en\\\/pood\\\/kodusisustus\\\/kuunlad\\\/led-kuunlad\\\/uyuni-lighting-led-kuunal-melted-smooth-pillar-h101-cm-nordic-white\\\/\",\"name\":\"Uyuni Lighting - LED k\u00fc\u00fcnal, Melted Smooth Pillar H10,1 cm, Nordic White - RUUBY\",\"isPartOf\":{\"@id\":\"http:\\\/\\\/ruuby.ee\\\/en\\\/#website\"},\"primaryImageOfPage\":{\"@id\":\"http:\\\/\\\/ruuby.ee\\\/en\\\/pood\\\/kodusisustus\\\/kuunlad\\\/led-kuunlad\\\/uyuni-lighting-led-kuunal-melted-smooth-pillar-h101-cm-nordic-white\\\/#primaryimage\"},\"image\":{\"@id\":\"http:\\\/\\\/ruuby.ee\\\/en\\\/pood\\\/kodusisustus\\\/kuunlad\\\/led-kuunlad\\\/uyuni-lighting-led-kuunal-melted-smooth-pillar-h101-cm-nordic-white\\\/#primaryimage\"},\"thumbnailUrl\":\"http:\\\/\\\/ruuby.ee\\\/wp-content\\\/uploads\\\/2025\\\/10\\\/Screenshot-2025-10-16-at-15.13.57.png\",\"datePublished\":\"2025-10-16T11:53:02+00:00\",\"dateModified\":\"2026-04-07T22:28:22+00:00\",\"breadcrumb\":{\"@id\":\"http:\\\/\\\/ruuby.ee\\\/en\\\/pood\\\/kodusisustus\\\/kuunlad\\\/led-kuunlad\\\/uyuni-lighting-led-kuunal-melted-smooth-pillar-h101-cm-nordic-white\\\/#breadcrumb\"},\"inLanguage\":\"en-GB\",\"potentialAction\":[{\"@type\":\"ReadAction\",\"target\":[\"http:\\\/\\\/ruuby.ee\\\/en\\\/pood\\\/kodusisustus\\\/kuunlad\\\/led-kuunlad\\\/uyuni-lighting-led-kuunal-melted-smooth-pillar-h101-cm-nordic-white\\\/\"]}]},{\"@type\":\"ImageObject\",\"inLanguage\":\"en-GB\",\"@id\":\"http:\\\/\\\/ruuby.ee\\\/en\\\/pood\\\/kodusisustus\\\/kuunlad\\\/led-kuunlad\\\/uyuni-lighting-led-kuunal-melted-smooth-pillar-h101-cm-nordic-white\\\/#primaryimage\",\"url\":\"http:\\\/\\\/ruuby.ee\\\/wp-content\\\/uploads\\\/2025\\\/10\\\/Screenshot-2025-10-16-at-15.13.57.png\",\"contentUrl\":\"http:\\\/\\\/ruuby.ee\\\/wp-content\\\/uploads\\\/2025\\\/10\\\/Screenshot-2025-10-16-at-15.13.57.png\",\"width\":1106,\"height\":1074},{\"@type\":\"BreadcrumbList\",\"@id\":\"http:\\\/\\\/ruuby.ee\\\/en\\\/pood\\\/kodusisustus\\\/kuunlad\\\/led-kuunlad\\\/uyuni-lighting-led-kuunal-melted-smooth-pillar-h101-cm-nordic-white\\\/#breadcrumb\",\"itemListElement\":[{\"@type\":\"ListItem\",\"position\":1,\"name\":\"Kdu\",\"item\":\"http:\\\/\\\/ruuby.ee\\\/en\\\/\"},{\"@type\":\"ListItem\",\"position\":2,\"name\":\"Pood\",\"item\":\"http:\\\/\\\/ruuby.ee\\\/en\\\/pood\\\/\"},{\"@type\":\"ListItem\",\"position\":3,\"name\":\"Uyuni Lighting &#8211; LED k\u00fc\u00fcnal, Melted Smooth Pillar H10,1 cm, Nordic White\"}]},{\"@type\":\"WebSite\",\"@id\":\"http:\\\/\\\/ruuby.ee\\\/en\\\/#website\",\"url\":\"http:\\\/\\\/ruuby.ee\\\/en\\\/\",\"name\":\"RUUBY\",\"description\":\"Ruubys on \u00fchendatud elustiil ja disain\",\"publisher\":{\"@id\":\"http:\\\/\\\/ruuby.ee\\\/en\\\/#organization\"},\"alternateName\":\"Ruuby Disain\",\"potentialAction\":[{\"@type\":\"SearchAction\",\"target\":{\"@type\":\"EntryPoint\",\"urlTemplate\":\"http:\\\/\\\/ruuby.ee\\\/en\\\/?s={search_term_string}\"},\"query-input\":{\"@type\":\"PropertyValueSpecification\",\"valueRequired\":true,\"valueName\":\"search_term_string\"}}],\"inLanguage\":\"en-GB\"},{\"@type\":\"Organization\",\"@id\":\"http:\\\/\\\/ruuby.ee\\\/en\\\/#organization\",\"name\":\"Ruuby Disain O\u00dc\",\"alternateName\":\"Ruuby\",\"url\":\"http:\\\/\\\/ruuby.ee\\\/en\\\/\",\"logo\":{\"@type\":\"ImageObject\",\"inLanguage\":\"en-GB\",\"@id\":\"http:\\\/\\\/ruuby.ee\\\/en\\\/#\\\/schema\\\/logo\\\/image\\\/\",\"url\":\"http:\\\/\\\/ruuby.ee\\\/wp-content\\\/uploads\\\/2023\\\/06\\\/cropped-Black-White-Elegant-Circle-Signature-Fashion-Logo-12_large.png\",\"contentUrl\":\"http:\\\/\\\/ruuby.ee\\\/wp-content\\\/uploads\\\/2023\\\/06\\\/cropped-Black-White-Elegant-Circle-Signature-Fashion-Logo-12_large.png\",\"width\":1280,\"height\":747,\"caption\":\"Ruuby Disain O\u00dc\"},\"image\":{\"@id\":\"http:\\\/\\\/ruuby.ee\\\/en\\\/#\\\/schema\\\/logo\\\/image\\\/\"},\"sameAs\":[\"https:\\\/\\\/www.facebook.com\\\/ruubyconcept\",\"https:\\\/\\\/www.instagram.com\\\/ruuby_concept\\\/\"]}]}<\/script>\n<!-- \/ Yoast SEO plugin. -->","yoast_head_json":{"title":"Uyuni Lighting - LED k\u00fc\u00fcnal, Melted Smooth Pillar H10,1 cm, Nordic White - RUUBY","robots":{"index":"index","follow":"follow","max-snippet":"max-snippet:-1","max-image-preview":"max-image-preview:large","max-video-preview":"max-video-preview:-1"},"canonical":"http:\/\/ruuby.ee\/en\/pood\/kodusisustus\/kuunlad\/led-kuunlad\/uyuni-lighting-led-kuunal-melted-smooth-pillar-h101-cm-nordic-white\/","og_locale":"en_GB","og_type":"article","og_title":"Uyuni Lighting - LED k\u00fc\u00fcnal, Melted Smooth Pillar H10,1 cm, Nordic White - RUUBY","og_description":"Klassikaline sambak\u00fc\u00fcnal toob oma puhaste joonte ja sujuva, traditsioonilise siluetiga ajatu elegantsi igasse keskkonda. See on loodud pakkuma sooja ja kutsuvat kuma ning on mitmek\u00fclgne alus nii igap\u00e4evasteks hetkedeks kui ka erilisteks s\u00fcndmusteks. Uyuni k\u00fc\u00fcnlad on oma esteetikalt traditsioonilised, luksuslikud ja mehaaniliselt uuenduslikud. Signature Flicker\u2122 pole mitte ainult omataoline esimene, vaid pakub ka praktilisust, mis [&hellip;]","og_url":"http:\/\/ruuby.ee\/en\/pood\/kodusisustus\/kuunlad\/led-kuunlad\/uyuni-lighting-led-kuunal-melted-smooth-pillar-h101-cm-nordic-white\/","og_site_name":"RUUBY","article_publisher":"https:\/\/www.facebook.com\/ruubyconcept","article_modified_time":"2026-04-07T22:28:22+00:00","og_image":[{"width":1106,"height":1074,"url":"http:\/\/ruuby.ee\/wp-content\/uploads\/2025\/10\/Screenshot-2025-10-16-at-15.13.57.png","type":"image\/png"}],"twitter_card":"summary_large_image","twitter_misc":{"Estimated reading time":"2 minutes"},"schema":{"@context":"https:\/\/schema.org","@graph":[{"@type":["WebPage","ItemPage"],"@id":"http:\/\/ruuby.ee\/en\/pood\/kodusisustus\/kuunlad\/led-kuunlad\/uyuni-lighting-led-kuunal-melted-smooth-pillar-h101-cm-nordic-white\/","url":"http:\/\/ruuby.ee\/en\/pood\/kodusisustus\/kuunlad\/led-kuunlad\/uyuni-lighting-led-kuunal-melted-smooth-pillar-h101-cm-nordic-white\/","name":"Uyuni Lighting - LED k\u00fc\u00fcnal, Melted Smooth Pillar H10,1 cm, Nordic White - RUUBY","isPartOf":{"@id":"http:\/\/ruuby.ee\/en\/#website"},"primaryImageOfPage":{"@id":"http:\/\/ruuby.ee\/en\/pood\/kodusisustus\/kuunlad\/led-kuunlad\/uyuni-lighting-led-kuunal-melted-smooth-pillar-h101-cm-nordic-white\/#primaryimage"},"image":{"@id":"http:\/\/ruuby.ee\/en\/pood\/kodusisustus\/kuunlad\/led-kuunlad\/uyuni-lighting-led-kuunal-melted-smooth-pillar-h101-cm-nordic-white\/#primaryimage"},"thumbnailUrl":"http:\/\/ruuby.ee\/wp-content\/uploads\/2025\/10\/Screenshot-2025-10-16-at-15.13.57.png","datePublished":"2025-10-16T11:53:02+00:00","dateModified":"2026-04-07T22:28:22+00:00","breadcrumb":{"@id":"http:\/\/ruuby.ee\/en\/pood\/kodusisustus\/kuunlad\/led-kuunlad\/uyuni-lighting-led-kuunal-melted-smooth-pillar-h101-cm-nordic-white\/#breadcrumb"},"inLanguage":"en-GB","potentialAction":[{"@type":"ReadAction","target":["http:\/\/ruuby.ee\/en\/pood\/kodusisustus\/kuunlad\/led-kuunlad\/uyuni-lighting-led-kuunal-melted-smooth-pillar-h101-cm-nordic-white\/"]}]},{"@type":"ImageObject","inLanguage":"en-GB","@id":"http:\/\/ruuby.ee\/en\/pood\/kodusisustus\/kuunlad\/led-kuunlad\/uyuni-lighting-led-kuunal-melted-smooth-pillar-h101-cm-nordic-white\/#primaryimage","url":"http:\/\/ruuby.ee\/wp-content\/uploads\/2025\/10\/Screenshot-2025-10-16-at-15.13.57.png","contentUrl":"http:\/\/ruuby.ee\/wp-content\/uploads\/2025\/10\/Screenshot-2025-10-16-at-15.13.57.png","width":1106,"height":1074},{"@type":"BreadcrumbList","@id":"http:\/\/ruuby.ee\/en\/pood\/kodusisustus\/kuunlad\/led-kuunlad\/uyuni-lighting-led-kuunal-melted-smooth-pillar-h101-cm-nordic-white\/#breadcrumb","itemListElement":[{"@type":"ListItem","position":1,"name":"Kdu","item":"http:\/\/ruuby.ee\/en\/"},{"@type":"ListItem","position":2,"name":"Pood","item":"http:\/\/ruuby.ee\/en\/pood\/"},{"@type":"ListItem","position":3,"name":"Uyuni Lighting &#8211; LED k\u00fc\u00fcnal, Melted Smooth Pillar H10,1 cm, Nordic White"}]},{"@type":"WebSite","@id":"http:\/\/ruuby.ee\/en\/#website","url":"http:\/\/ruuby.ee\/en\/","name":"RUUBY","description":"Ruubys on \u00fchendatud elustiil ja disain","publisher":{"@id":"http:\/\/ruuby.ee\/en\/#organization"},"alternateName":"Ruuby Disain","potentialAction":[{"@type":"SearchAction","target":{"@type":"EntryPoint","urlTemplate":"http:\/\/ruuby.ee\/en\/?s={search_term_string}"},"query-input":{"@type":"PropertyValueSpecification","valueRequired":true,"valueName":"search_term_string"}}],"inLanguage":"en-GB"},{"@type":"Organization","@id":"http:\/\/ruuby.ee\/en\/#organization","name":"Ruuby Disain O\u00dc","alternateName":"Ruuby","url":"http:\/\/ruuby.ee\/en\/","logo":{"@type":"ImageObject","inLanguage":"en-GB","@id":"http:\/\/ruuby.ee\/en\/#\/schema\/logo\/image\/","url":"http:\/\/ruuby.ee\/wp-content\/uploads\/2023\/06\/cropped-Black-White-Elegant-Circle-Signature-Fashion-Logo-12_large.png","contentUrl":"http:\/\/ruuby.ee\/wp-content\/uploads\/2023\/06\/cropped-Black-White-Elegant-Circle-Signature-Fashion-Logo-12_large.png","width":1280,"height":747,"caption":"Ruuby Disain O\u00dc"},"image":{"@id":"http:\/\/ruuby.ee\/en\/#\/schema\/logo\/image\/"},"sameAs":["https:\/\/www.facebook.com\/ruubyconcept","https:\/\/www.instagram.com\/ruuby_concept\/"]}]}},"jetpack_sharing_enabled":true,"_links":{"self":[{"href":"http:\/\/ruuby.ee\/en\/wp-json\/wp\/v2\/product\/1856706","targetHints":{"allow":["GET"]}}],"collection":[{"href":"http:\/\/ruuby.ee\/en\/wp-json\/wp\/v2\/product"}],"about":[{"href":"http:\/\/ruuby.ee\/en\/wp-json\/wp\/v2\/types\/product"}],"replies":[{"embeddable":true,"href":"http:\/\/ruuby.ee\/en\/wp-json\/wp\/v2\/comments?post=1856706"}],"wp:featuredmedia":[{"embeddable":true,"href":"http:\/\/ruuby.ee\/en\/wp-json\/wp\/v2\/media\/1856722"}],"wp:attachment":[{"href":"http:\/\/ruuby.ee\/en\/wp-json\/wp\/v2\/media?parent=1856706"}],"wp:term":[{"taxonomy":"product_brand","embeddable":true,"href":"http:\/\/ruuby.ee\/en\/wp-json\/wp\/v2\/product_brand?post=1856706"},{"taxonomy":"product_cat","embeddable":true,"href":"http:\/\/ruuby.ee\/en\/wp-json\/wp\/v2\/product_cat?post=1856706"},{"taxonomy":"product_tag","embeddable":true,"href":"http:\/\/ruuby.ee\/en\/wp-json\/wp\/v2\/product_tag?post=1856706"}],"curies":[{"name":"wp","href":"https:\/\/api.w.org\/{rel}","templated":true}]}}