{"id":1856705,"date":"2025-10-16T14:52:58","date_gmt":"2025-10-16T11:52:58","guid":{"rendered":"https:\/\/ruuby.ee\/pood\/maaratlemata\/uyuni-lighting-led-joulukuusk-9x12cm-nordic-white\/"},"modified":"2026-04-04T01:24:50","modified_gmt":"2026-04-03T22:24:50","slug":"uyuni-lighting-led-joulukuusk-9x12cm-nordic-white","status":"publish","type":"product","link":"http:\/\/ruuby.ee\/en\/pood\/joulueri\/joulukuunlad\/uyuni-lighting-led-joulukuusk-9x12cm-nordic-white\/","title":{"rendered":"Uyuni Lighting \u2013 LED j\u00f5ulukuusk 9x12cm, Nordic white"},"content":{"rendered":"<p>Lisa oma kodule pidulik h\u00f5ng meie Uyuni Lightingu j\u00f5uluk\u00fc\u00fcnaldega. V\u00f5luv viide traditsioonidele, need LED-k\u00fc\u00fcnlad toovad teie p\u00fchadekaunistusse maagilise ja nostalgilise v\u00f5lu \u2013 ilma sulava vaha segaduseta, sobivad ideaalselt kaminasimsidele, lauakaunistusteks v\u00f5i kuuse alla. Uyuni Signature Flicker\u2122 leegitehnoloogiaga valmistatud k\u00fc\u00fcnlad pakuvad hubast k\u00fc\u00fcnlavalguse kuma ilma igasuguse puhastamiseta.<\/p>\n<p>Loo s\u00fcdamlik p\u00fchadetraditsioon v\u00f5i lase sel s\u00e4rada rahuliku meeldetuletusena j\u00f5ulumeeleolust.<\/p>\n<ul>\n<li>L\u00f5hnatu<\/li>\n<li>Suurused v\u00f5ivad varieeruda kuni 2 mm<\/li>\n<li>Otsese p\u00e4ikesevalguse ja k\u00fclma k\u00e4es viibimine kahjustab toodet<\/li>\n<li>Sisseehitatud 6-tunnine taimer<\/li>\n<li>Kasutada patareid <a href=\"https:\/\/koopia.ruuby.ee\/pood\/kodusisustus\/kuunlad\/led-kuunlad\/uyuni-lighting-patarei-cr2477-2tk-pakis\/\">CR2477 3V, 900mAh<\/a> (ei kuulu komplekti)<\/li>\n<li>Aku t\u00f6\u00f6iga ~400 tundi<\/li>\n<li>Neitsiparafiinivahast<\/li>\n<\/ul>\n<p>M\u00f5\u00f5dud: 9&#215;12 cm<\/p>\n<p>Saab kasutada koos <a href=\"https:\/\/koopia.ruuby.ee\/pood\/kodusisustus\/kuunlad\/led-kuunlad\/uyuni-lighting-kaugjuhtimispult-must\/\">Uyuni kaugjuhtimispuldiga<\/a> (m\u00fc\u00fcakse eraldi): 4 taimeri valikud: 4, 6, 8 ja 10 tundi ja 3 dimmeri valikut. Kaugjuhtimispulti tuleb hoida v\u00e4rvilistele k\u00fc\u00fcnaldele l\u00e4hemal kui valgetele k\u00fc\u00fcnaldele, et neid juhtida.<\/p>","protected":false},"excerpt":{"rendered":"<p>LED j\u00f5ulukuusk!<\/p>","protected":false},"featured_media":1856708,"comment_status":"open","ping_status":"closed","template":"","meta":[],"product_brand":[],"product_cat":[491,951,42,54,946],"product_tag":[516,947],"class_list":{"0":"post-1856705","1":"product","2":"type-product","3":"status-publish","4":"has-post-thumbnail","6":"product_cat-joulueri","7":"product_cat-joulukuunlad","8":"product_cat-kodusisustus","9":"product_cat-kuunlad","10":"product_cat-led-kuunlad","11":"product_tag-joulukuusk","12":"product_tag-uyuni","14":"first","15":"instock","16":"taxable","17":"shipping-taxable","18":"purchasable","19":"product-type-simple"},"yoast_head":"<!-- This site is optimized with the Yoast SEO plugin v27.2 - https:\/\/yoast.com\/product\/yoast-seo-wordpress\/ -->\n<title>Uyuni Lighting \u2013 LED j\u00f5ulukuusk 9x12cm, Nordic white - RUUBY<\/title>\n<meta name=\"robots\" content=\"index, follow, max-snippet:-1, max-image-preview:large, max-video-preview:-1\" \/>\n<link rel=\"canonical\" href=\"https:\/\/ruuby.ee\/en\/pood\/joulueri\/joulukuunlad\/uyuni-lighting-led-joulukuusk-9x12cm-nordic-white\/\" \/>\n<meta property=\"og:locale\" content=\"en_GB\" \/>\n<meta property=\"og:type\" content=\"article\" \/>\n<meta property=\"og:title\" content=\"Uyuni Lighting \u2013 LED j\u00f5ulukuusk 9x12cm, Nordic white - RUUBY\" \/>\n<meta property=\"og:description\" content=\"LED j\u00f5ulukuusk!\" \/>\n<meta property=\"og:url\" content=\"https:\/\/ruuby.ee\/en\/pood\/joulueri\/joulukuunlad\/uyuni-lighting-led-joulukuusk-9x12cm-nordic-white\/\" \/>\n<meta property=\"og:site_name\" content=\"RUUBY\" \/>\n<meta property=\"article:publisher\" content=\"https:\/\/www.facebook.com\/ruubyconcept\" \/>\n<meta property=\"article:modified_time\" content=\"2026-04-03T22:24:50+00:00\" \/>\n<meta property=\"og:image\" content=\"https:\/\/ruuby.ee\/wp-content\/uploads\/2025\/10\/Screenshot-2025-10-16-at-14.53.53-1024x542.png\" \/>\n\t<meta property=\"og:image:width\" content=\"1024\" \/>\n\t<meta property=\"og:image:height\" content=\"542\" \/>\n\t<meta property=\"og:image:type\" content=\"image\/png\" \/>\n<meta name=\"twitter:card\" content=\"summary_large_image\" \/>\n<meta name=\"twitter:label1\" content=\"Estimated reading time\" \/>\n\t<meta name=\"twitter:data1\" content=\"1 minute\" \/>\n<script type=\"application\/ld+json\" class=\"yoast-schema-graph\">{\"@context\":\"https:\/\/schema.org\",\"@graph\":[{\"@type\":[\"WebPage\",\"ItemPage\"],\"@id\":\"https:\/\/ruuby.ee\/pood\/joulueri\/joulukuunlad\/uyuni-lighting-led-joulukuusk-9x12cm-nordic-white\/\",\"url\":\"https:\/\/ruuby.ee\/pood\/joulueri\/joulukuunlad\/uyuni-lighting-led-joulukuusk-9x12cm-nordic-white\/\",\"name\":\"Uyuni Lighting \u2013 LED j\u00f5ulukuusk 9x12cm, Nordic white - RUUBY\",\"isPartOf\":{\"@id\":\"https:\/\/ruuby.ee\/en\/#website\"},\"primaryImageOfPage\":{\"@id\":\"https:\/\/ruuby.ee\/pood\/joulueri\/joulukuunlad\/uyuni-lighting-led-joulukuusk-9x12cm-nordic-white\/#primaryimage\"},\"image\":{\"@id\":\"https:\/\/ruuby.ee\/pood\/joulueri\/joulukuunlad\/uyuni-lighting-led-joulukuusk-9x12cm-nordic-white\/#primaryimage\"},\"thumbnailUrl\":\"http:\/\/ruuby.ee\/wp-content\/uploads\/2025\/10\/Screenshot-2025-10-16-at-14.53.53.png\",\"datePublished\":\"2025-10-16T11:52:58+00:00\",\"dateModified\":\"2026-04-03T22:24:50+00:00\",\"breadcrumb\":{\"@id\":\"https:\/\/ruuby.ee\/pood\/joulueri\/joulukuunlad\/uyuni-lighting-led-joulukuusk-9x12cm-nordic-white\/#breadcrumb\"},\"inLanguage\":\"en-GB\",\"potentialAction\":[{\"@type\":\"ReadAction\",\"target\":[\"https:\/\/ruuby.ee\/pood\/joulueri\/joulukuunlad\/uyuni-lighting-led-joulukuusk-9x12cm-nordic-white\/\"]}]},{\"@type\":\"ImageObject\",\"inLanguage\":\"en-GB\",\"@id\":\"https:\/\/ruuby.ee\/pood\/joulueri\/joulukuunlad\/uyuni-lighting-led-joulukuusk-9x12cm-nordic-white\/#primaryimage\",\"url\":\"http:\/\/ruuby.ee\/wp-content\/uploads\/2025\/10\/Screenshot-2025-10-16-at-14.53.53.png\",\"contentUrl\":\"http:\/\/ruuby.ee\/wp-content\/uploads\/2025\/10\/Screenshot-2025-10-16-at-14.53.53.png\",\"width\":2440,\"height\":1292},{\"@type\":\"BreadcrumbList\",\"@id\":\"https:\/\/ruuby.ee\/pood\/joulueri\/joulukuunlad\/uyuni-lighting-led-joulukuusk-9x12cm-nordic-white\/#breadcrumb\",\"itemListElement\":[{\"@type\":\"ListItem\",\"position\":1,\"name\":\"Kdu\",\"item\":\"https:\/\/ruuby.ee\/en\/\"},{\"@type\":\"ListItem\",\"position\":2,\"name\":\"Pood\",\"item\":\"https:\/\/ruuby.ee\/pood\/\"},{\"@type\":\"ListItem\",\"position\":3,\"name\":\"Uyuni Lighting \u2013 LED j\u00f5ulukuusk 9x12cm, Nordic white\"}]},{\"@type\":\"WebSite\",\"@id\":\"https:\/\/ruuby.ee\/en\/#website\",\"url\":\"https:\/\/ruuby.ee\/en\/\",\"name\":\"RUUBY\",\"description\":\"Ruubys on \u00fchendatud elustiil ja disain\",\"publisher\":{\"@id\":\"https:\/\/ruuby.ee\/en\/#organization\"},\"alternateName\":\"Ruuby Disain\",\"potentialAction\":[{\"@type\":\"SearchAction\",\"target\":{\"@type\":\"EntryPoint\",\"urlTemplate\":\"https:\/\/ruuby.ee\/en\/?s={search_term_string}\"},\"query-input\":{\"@type\":\"PropertyValueSpecification\",\"valueRequired\":true,\"valueName\":\"search_term_string\"}}],\"inLanguage\":\"en-GB\"},{\"@type\":\"Organization\",\"@id\":\"https:\/\/ruuby.ee\/en\/#organization\",\"name\":\"Ruuby Disain O\u00dc\",\"alternateName\":\"Ruuby\",\"url\":\"https:\/\/ruuby.ee\/en\/\",\"logo\":{\"@type\":\"ImageObject\",\"inLanguage\":\"en-GB\",\"@id\":\"https:\/\/ruuby.ee\/en\/#\/schema\/logo\/image\/\",\"url\":\"http:\/\/ruuby.ee\/wp-content\/uploads\/2023\/06\/cropped-Black-White-Elegant-Circle-Signature-Fashion-Logo-12_large.png\",\"contentUrl\":\"http:\/\/ruuby.ee\/wp-content\/uploads\/2023\/06\/cropped-Black-White-Elegant-Circle-Signature-Fashion-Logo-12_large.png\",\"width\":1280,\"height\":747,\"caption\":\"Ruuby Disain O\u00dc\"},\"image\":{\"@id\":\"https:\/\/ruuby.ee\/en\/#\/schema\/logo\/image\/\"},\"sameAs\":[\"https:\/\/www.facebook.com\/ruubyconcept\",\"https:\/\/www.instagram.com\/ruuby_concept\/\"]}]}<\/script>\n<!-- \/ Yoast SEO plugin. -->","yoast_head_json":{"title":"Uyuni Lighting \u2013 LED j\u00f5ulukuusk 9x12cm, Nordic white - RUUBY","robots":{"index":"index","follow":"follow","max-snippet":"max-snippet:-1","max-image-preview":"max-image-preview:large","max-video-preview":"max-video-preview:-1"},"canonical":"https:\/\/ruuby.ee\/en\/pood\/joulueri\/joulukuunlad\/uyuni-lighting-led-joulukuusk-9x12cm-nordic-white\/","og_locale":"en_GB","og_type":"article","og_title":"Uyuni Lighting \u2013 LED j\u00f5ulukuusk 9x12cm, Nordic white - RUUBY","og_description":"LED j\u00f5ulukuusk!","og_url":"https:\/\/ruuby.ee\/en\/pood\/joulueri\/joulukuunlad\/uyuni-lighting-led-joulukuusk-9x12cm-nordic-white\/","og_site_name":"RUUBY","article_publisher":"https:\/\/www.facebook.com\/ruubyconcept","article_modified_time":"2026-04-03T22:24:50+00:00","og_image":[{"width":1024,"height":542,"url":"https:\/\/ruuby.ee\/wp-content\/uploads\/2025\/10\/Screenshot-2025-10-16-at-14.53.53-1024x542.png","type":"image\/png"}],"twitter_card":"summary_large_image","twitter_misc":{"Estimated reading time":"1 minute"},"schema":{"@context":"https:\/\/schema.org","@graph":[{"@type":["WebPage","ItemPage"],"@id":"https:\/\/ruuby.ee\/pood\/joulueri\/joulukuunlad\/uyuni-lighting-led-joulukuusk-9x12cm-nordic-white\/","url":"https:\/\/ruuby.ee\/pood\/joulueri\/joulukuunlad\/uyuni-lighting-led-joulukuusk-9x12cm-nordic-white\/","name":"Uyuni Lighting \u2013 LED j\u00f5ulukuusk 9x12cm, Nordic white - RUUBY","isPartOf":{"@id":"https:\/\/ruuby.ee\/en\/#website"},"primaryImageOfPage":{"@id":"https:\/\/ruuby.ee\/pood\/joulueri\/joulukuunlad\/uyuni-lighting-led-joulukuusk-9x12cm-nordic-white\/#primaryimage"},"image":{"@id":"https:\/\/ruuby.ee\/pood\/joulueri\/joulukuunlad\/uyuni-lighting-led-joulukuusk-9x12cm-nordic-white\/#primaryimage"},"thumbnailUrl":"http:\/\/ruuby.ee\/wp-content\/uploads\/2025\/10\/Screenshot-2025-10-16-at-14.53.53.png","datePublished":"2025-10-16T11:52:58+00:00","dateModified":"2026-04-03T22:24:50+00:00","breadcrumb":{"@id":"https:\/\/ruuby.ee\/pood\/joulueri\/joulukuunlad\/uyuni-lighting-led-joulukuusk-9x12cm-nordic-white\/#breadcrumb"},"inLanguage":"en-GB","potentialAction":[{"@type":"ReadAction","target":["https:\/\/ruuby.ee\/pood\/joulueri\/joulukuunlad\/uyuni-lighting-led-joulukuusk-9x12cm-nordic-white\/"]}]},{"@type":"ImageObject","inLanguage":"en-GB","@id":"https:\/\/ruuby.ee\/pood\/joulueri\/joulukuunlad\/uyuni-lighting-led-joulukuusk-9x12cm-nordic-white\/#primaryimage","url":"http:\/\/ruuby.ee\/wp-content\/uploads\/2025\/10\/Screenshot-2025-10-16-at-14.53.53.png","contentUrl":"http:\/\/ruuby.ee\/wp-content\/uploads\/2025\/10\/Screenshot-2025-10-16-at-14.53.53.png","width":2440,"height":1292},{"@type":"BreadcrumbList","@id":"https:\/\/ruuby.ee\/pood\/joulueri\/joulukuunlad\/uyuni-lighting-led-joulukuusk-9x12cm-nordic-white\/#breadcrumb","itemListElement":[{"@type":"ListItem","position":1,"name":"Kdu","item":"https:\/\/ruuby.ee\/en\/"},{"@type":"ListItem","position":2,"name":"Pood","item":"https:\/\/ruuby.ee\/pood\/"},{"@type":"ListItem","position":3,"name":"Uyuni Lighting \u2013 LED j\u00f5ulukuusk 9x12cm, Nordic white"}]},{"@type":"WebSite","@id":"https:\/\/ruuby.ee\/en\/#website","url":"https:\/\/ruuby.ee\/en\/","name":"RUUBY","description":"Ruubys on \u00fchendatud elustiil ja disain","publisher":{"@id":"https:\/\/ruuby.ee\/en\/#organization"},"alternateName":"Ruuby Disain","potentialAction":[{"@type":"SearchAction","target":{"@type":"EntryPoint","urlTemplate":"https:\/\/ruuby.ee\/en\/?s={search_term_string}"},"query-input":{"@type":"PropertyValueSpecification","valueRequired":true,"valueName":"search_term_string"}}],"inLanguage":"en-GB"},{"@type":"Organization","@id":"https:\/\/ruuby.ee\/en\/#organization","name":"Ruuby Disain O\u00dc","alternateName":"Ruuby","url":"https:\/\/ruuby.ee\/en\/","logo":{"@type":"ImageObject","inLanguage":"en-GB","@id":"https:\/\/ruuby.ee\/en\/#\/schema\/logo\/image\/","url":"http:\/\/ruuby.ee\/wp-content\/uploads\/2023\/06\/cropped-Black-White-Elegant-Circle-Signature-Fashion-Logo-12_large.png","contentUrl":"http:\/\/ruuby.ee\/wp-content\/uploads\/2023\/06\/cropped-Black-White-Elegant-Circle-Signature-Fashion-Logo-12_large.png","width":1280,"height":747,"caption":"Ruuby Disain O\u00dc"},"image":{"@id":"https:\/\/ruuby.ee\/en\/#\/schema\/logo\/image\/"},"sameAs":["https:\/\/www.facebook.com\/ruubyconcept","https:\/\/www.instagram.com\/ruuby_concept\/"]}]}},"jetpack_sharing_enabled":true,"_links":{"self":[{"href":"http:\/\/ruuby.ee\/en\/wp-json\/wp\/v2\/product\/1856705","targetHints":{"allow":["GET"]}}],"collection":[{"href":"http:\/\/ruuby.ee\/en\/wp-json\/wp\/v2\/product"}],"about":[{"href":"http:\/\/ruuby.ee\/en\/wp-json\/wp\/v2\/types\/product"}],"replies":[{"embeddable":true,"href":"http:\/\/ruuby.ee\/en\/wp-json\/wp\/v2\/comments?post=1856705"}],"wp:featuredmedia":[{"embeddable":true,"href":"http:\/\/ruuby.ee\/en\/wp-json\/wp\/v2\/media\/1856708"}],"wp:attachment":[{"href":"http:\/\/ruuby.ee\/en\/wp-json\/wp\/v2\/media?parent=1856705"}],"wp:term":[{"taxonomy":"product_brand","embeddable":true,"href":"http:\/\/ruuby.ee\/en\/wp-json\/wp\/v2\/product_brand?post=1856705"},{"taxonomy":"product_cat","embeddable":true,"href":"http:\/\/ruuby.ee\/en\/wp-json\/wp\/v2\/product_cat?post=1856705"},{"taxonomy":"product_tag","embeddable":true,"href":"http:\/\/ruuby.ee\/en\/wp-json\/wp\/v2\/product_tag?post=1856705"}],"curies":[{"name":"wp","href":"https:\/\/api.w.org\/{rel}","templated":true}]}}