{"id":1856704,"date":"2025-10-16T14:52:54","date_gmt":"2025-10-16T11:52:54","guid":{"rendered":"https:\/\/ruuby.ee\/pood\/maaratlemata\/uyuni-lighting-led-ummargune-glitter-pall-7x7cm-nordic-white\/"},"modified":"2026-04-08T01:28:22","modified_gmt":"2026-04-07T22:28:22","slug":"uyuni-lighting-led-ummargune-glitter-pall-7x7cm-nordic-white","status":"publish","type":"product","link":"http:\/\/ruuby.ee\/en\/pood\/joulueri\/joulukuunlad\/uyuni-lighting-led-ummargune-glitter-pall-7x7cm-nordic-white\/","title":{"rendered":"Uyuni Lighting \u2013 LED \u00fcmmargune glitter pall 7x7cm, Nordic white"},"content":{"rendered":"<p>Naudi p\u00fchade v\u00f5luj\u00f5udu meie s\u00e4deleva \u00fcmmarguse k\u00fc\u00fcnlaga. \u00d5rna l\u00e4ike ja s\u00e4deleva viimistlusega k\u00fc\u00fcnal lisab igale keskkonnale pidulikku h\u00f5ngu. Kombineeri seda meie teiste j\u00f5uluk\u00fc\u00fcnaldega unustamatu kujunduse loomiseks.<\/p>\n<p>*Pange t\u00e4hele, et s\u00e4delev \u00fcmmargune k\u00fc\u00fcnal sisaldab v\u00e4ikeseid klaasit\u00fckke, mis v\u00f5ivad k\u00e4sitsemise ajal maha kukkuda. See on toote loomup\u00e4rane omadus ja seda ei saa v\u00e4ltida. Asetage lauale ja lihtalt nautige silmailu.<\/p>\n<ul>\n<li>L\u00f5hnatu<\/li>\n<li>Suurused v\u00f5ivad varieeruda kuni 2 mm<\/li>\n<li>Otsese p\u00e4ikesevalguse ja k\u00fclma k\u00e4es viibimine kahjustab toodet<\/li>\n<li>Sisseehitatud 6-tunnine taimer<\/li>\n<li>Kasutada patareid <a href=\"https:\/\/koopia.ruuby.ee\/pood\/kodusisustus\/kuunlad\/led-kuunlad\/uyuni-lighting-patarei-cr2477-2tk-pakis\/\">CR2477 3V, 900mAh<\/a> (ei kuulu komplekti)<\/li>\n<li>Aku t\u00f6\u00f6iga ~400 tundi<\/li>\n<li>Neitsiparafiinivahast<\/li>\n<\/ul>\n<p>M\u00f5\u00f5dud: 7\u00d77 cm<\/p>\n<p>Saab kasutada koos <a href=\"https:\/\/koopia.ruuby.ee\/pood\/kodusisustus\/kuunlad\/led-kuunlad\/uyuni-lighting-kaugjuhtimispult-must\/\">Uyuni kaugjuhtimispuldiga<\/a> (m\u00fc\u00fcakse eraldi): 4 taimeri valikud: 4, 6, 8 ja 10 tundi ja 3 dimmeri valikut. Kaugjuhtimispulti tuleb hoida v\u00e4rvilistele k\u00fc\u00fcnaldele l\u00e4hemal kui valgetele k\u00fc\u00fcnaldele, et neid juhtida.<\/p>","protected":false},"excerpt":{"rendered":"<p>Naudi p\u00fchade v\u00f5luj\u00f5udu meie s\u00e4deleva \u00fcmmarguse k\u00fc\u00fcnlaga.<\/p>","protected":false},"featured_media":1856715,"comment_status":"open","ping_status":"closed","template":"","meta":[],"product_brand":[],"product_cat":[491,951,42,54,946],"product_tag":[492,947],"class_list":{"0":"post-1856704","1":"product","2":"type-product","3":"status-publish","4":"has-post-thumbnail","6":"product_cat-joulueri","7":"product_cat-joulukuunlad","8":"product_cat-kodusisustus","9":"product_cat-kuunlad","10":"product_cat-led-kuunlad","11":"product_tag-joulud","12":"product_tag-uyuni","14":"first","15":"outofstock","16":"taxable","17":"shipping-taxable","18":"purchasable","19":"product-type-simple"},"yoast_head":"<!-- This site is optimized with the Yoast SEO plugin v27.3 - https:\/\/yoast.com\/product\/yoast-seo-wordpress\/ -->\n<title>Uyuni Lighting \u2013 LED \u00fcmmargune glitter pall 7x7cm, Nordic white - RUUBY<\/title>\n<meta name=\"robots\" content=\"index, follow, max-snippet:-1, max-image-preview:large, max-video-preview:-1\" \/>\n<link rel=\"canonical\" href=\"http:\/\/ruuby.ee\/en\/pood\/joulueri\/joulukuunlad\/uyuni-lighting-led-ummargune-glitter-pall-7x7cm-nordic-white\/\" \/>\n<meta property=\"og:locale\" content=\"en_GB\" \/>\n<meta property=\"og:type\" content=\"article\" \/>\n<meta property=\"og:title\" content=\"Uyuni Lighting \u2013 LED \u00fcmmargune glitter pall 7x7cm, Nordic white - RUUBY\" \/>\n<meta property=\"og:description\" content=\"Naudi p\u00fchade v\u00f5luj\u00f5udu meie s\u00e4deleva \u00fcmmarguse k\u00fc\u00fcnlaga.\" \/>\n<meta property=\"og:url\" content=\"http:\/\/ruuby.ee\/en\/pood\/joulueri\/joulukuunlad\/uyuni-lighting-led-ummargune-glitter-pall-7x7cm-nordic-white\/\" \/>\n<meta property=\"og:site_name\" content=\"RUUBY\" \/>\n<meta property=\"article:publisher\" content=\"https:\/\/www.facebook.com\/ruubyconcept\" \/>\n<meta property=\"article:modified_time\" content=\"2026-04-07T22:28:22+00:00\" \/>\n<meta property=\"og:image\" content=\"http:\/\/ruuby.ee\/wp-content\/uploads\/2025\/10\/Screenshot-2025-10-16-at-15.09.08.png\" \/>\n\t<meta property=\"og:image:width\" content=\"946\" \/>\n\t<meta property=\"og:image:height\" content=\"938\" \/>\n\t<meta property=\"og:image:type\" content=\"image\/png\" \/>\n<meta name=\"twitter:card\" content=\"summary_large_image\" \/>\n<meta name=\"twitter:label1\" content=\"Estimated reading time\" \/>\n\t<meta name=\"twitter:data1\" content=\"1 minute\" \/>\n<script type=\"application\/ld+json\" class=\"yoast-schema-graph\">{\"@context\":\"https:\\\/\\\/schema.org\",\"@graph\":[{\"@type\":[\"WebPage\",\"ItemPage\"],\"@id\":\"http:\\\/\\\/ruuby.ee\\\/pood\\\/joulueri\\\/joulukuunlad\\\/uyuni-lighting-led-ummargune-glitter-pall-7x7cm-nordic-white\\\/\",\"url\":\"http:\\\/\\\/ruuby.ee\\\/pood\\\/joulueri\\\/joulukuunlad\\\/uyuni-lighting-led-ummargune-glitter-pall-7x7cm-nordic-white\\\/\",\"name\":\"Uyuni Lighting \u2013 LED \u00fcmmargune glitter pall 7x7cm, Nordic white - RUUBY\",\"isPartOf\":{\"@id\":\"https:\\\/\\\/ruuby.ee\\\/en\\\/#website\"},\"primaryImageOfPage\":{\"@id\":\"http:\\\/\\\/ruuby.ee\\\/pood\\\/joulueri\\\/joulukuunlad\\\/uyuni-lighting-led-ummargune-glitter-pall-7x7cm-nordic-white\\\/#primaryimage\"},\"image\":{\"@id\":\"http:\\\/\\\/ruuby.ee\\\/pood\\\/joulueri\\\/joulukuunlad\\\/uyuni-lighting-led-ummargune-glitter-pall-7x7cm-nordic-white\\\/#primaryimage\"},\"thumbnailUrl\":\"http:\\\/\\\/ruuby.ee\\\/wp-content\\\/uploads\\\/2025\\\/10\\\/Screenshot-2025-10-16-at-15.09.08.png\",\"datePublished\":\"2025-10-16T11:52:54+00:00\",\"dateModified\":\"2026-04-07T22:28:22+00:00\",\"breadcrumb\":{\"@id\":\"http:\\\/\\\/ruuby.ee\\\/pood\\\/joulueri\\\/joulukuunlad\\\/uyuni-lighting-led-ummargune-glitter-pall-7x7cm-nordic-white\\\/#breadcrumb\"},\"inLanguage\":\"en-GB\",\"potentialAction\":[{\"@type\":\"ReadAction\",\"target\":[\"http:\\\/\\\/ruuby.ee\\\/pood\\\/joulueri\\\/joulukuunlad\\\/uyuni-lighting-led-ummargune-glitter-pall-7x7cm-nordic-white\\\/\"]}]},{\"@type\":\"ImageObject\",\"inLanguage\":\"en-GB\",\"@id\":\"http:\\\/\\\/ruuby.ee\\\/pood\\\/joulueri\\\/joulukuunlad\\\/uyuni-lighting-led-ummargune-glitter-pall-7x7cm-nordic-white\\\/#primaryimage\",\"url\":\"http:\\\/\\\/ruuby.ee\\\/wp-content\\\/uploads\\\/2025\\\/10\\\/Screenshot-2025-10-16-at-15.09.08.png\",\"contentUrl\":\"http:\\\/\\\/ruuby.ee\\\/wp-content\\\/uploads\\\/2025\\\/10\\\/Screenshot-2025-10-16-at-15.09.08.png\",\"width\":946,\"height\":938},{\"@type\":\"BreadcrumbList\",\"@id\":\"http:\\\/\\\/ruuby.ee\\\/pood\\\/joulueri\\\/joulukuunlad\\\/uyuni-lighting-led-ummargune-glitter-pall-7x7cm-nordic-white\\\/#breadcrumb\",\"itemListElement\":[{\"@type\":\"ListItem\",\"position\":1,\"name\":\"Kdu\",\"item\":\"https:\\\/\\\/ruuby.ee\\\/en\\\/\"},{\"@type\":\"ListItem\",\"position\":2,\"name\":\"Pood\",\"item\":\"https:\\\/\\\/ruuby.ee\\\/en\\\/pood\\\/\"},{\"@type\":\"ListItem\",\"position\":3,\"name\":\"Uyuni Lighting \u2013 LED \u00fcmmargune glitter pall 7x7cm, Nordic white\"}]},{\"@type\":\"WebSite\",\"@id\":\"https:\\\/\\\/ruuby.ee\\\/en\\\/#website\",\"url\":\"https:\\\/\\\/ruuby.ee\\\/en\\\/\",\"name\":\"RUUBY\",\"description\":\"Ruubys on \u00fchendatud elustiil ja disain\",\"publisher\":{\"@id\":\"https:\\\/\\\/ruuby.ee\\\/en\\\/#organization\"},\"alternateName\":\"Ruuby Disain\",\"potentialAction\":[{\"@type\":\"SearchAction\",\"target\":{\"@type\":\"EntryPoint\",\"urlTemplate\":\"https:\\\/\\\/ruuby.ee\\\/en\\\/?s={search_term_string}\"},\"query-input\":{\"@type\":\"PropertyValueSpecification\",\"valueRequired\":true,\"valueName\":\"search_term_string\"}}],\"inLanguage\":\"en-GB\"},{\"@type\":\"Organization\",\"@id\":\"https:\\\/\\\/ruuby.ee\\\/en\\\/#organization\",\"name\":\"Ruuby Disain O\u00dc\",\"alternateName\":\"Ruuby\",\"url\":\"https:\\\/\\\/ruuby.ee\\\/en\\\/\",\"logo\":{\"@type\":\"ImageObject\",\"inLanguage\":\"en-GB\",\"@id\":\"https:\\\/\\\/ruuby.ee\\\/en\\\/#\\\/schema\\\/logo\\\/image\\\/\",\"url\":\"http:\\\/\\\/ruuby.ee\\\/wp-content\\\/uploads\\\/2023\\\/06\\\/cropped-Black-White-Elegant-Circle-Signature-Fashion-Logo-12_large.png\",\"contentUrl\":\"http:\\\/\\\/ruuby.ee\\\/wp-content\\\/uploads\\\/2023\\\/06\\\/cropped-Black-White-Elegant-Circle-Signature-Fashion-Logo-12_large.png\",\"width\":1280,\"height\":747,\"caption\":\"Ruuby Disain O\u00dc\"},\"image\":{\"@id\":\"https:\\\/\\\/ruuby.ee\\\/en\\\/#\\\/schema\\\/logo\\\/image\\\/\"},\"sameAs\":[\"https:\\\/\\\/www.facebook.com\\\/ruubyconcept\",\"https:\\\/\\\/www.instagram.com\\\/ruuby_concept\\\/\"]}]}<\/script>\n<!-- \/ Yoast SEO plugin. -->","yoast_head_json":{"title":"Uyuni Lighting \u2013 LED \u00fcmmargune glitter pall 7x7cm, Nordic white - RUUBY","robots":{"index":"index","follow":"follow","max-snippet":"max-snippet:-1","max-image-preview":"max-image-preview:large","max-video-preview":"max-video-preview:-1"},"canonical":"http:\/\/ruuby.ee\/en\/pood\/joulueri\/joulukuunlad\/uyuni-lighting-led-ummargune-glitter-pall-7x7cm-nordic-white\/","og_locale":"en_GB","og_type":"article","og_title":"Uyuni Lighting \u2013 LED \u00fcmmargune glitter pall 7x7cm, Nordic white - RUUBY","og_description":"Naudi p\u00fchade v\u00f5luj\u00f5udu meie s\u00e4deleva \u00fcmmarguse k\u00fc\u00fcnlaga.","og_url":"http:\/\/ruuby.ee\/en\/pood\/joulueri\/joulukuunlad\/uyuni-lighting-led-ummargune-glitter-pall-7x7cm-nordic-white\/","og_site_name":"RUUBY","article_publisher":"https:\/\/www.facebook.com\/ruubyconcept","article_modified_time":"2026-04-07T22:28:22+00:00","og_image":[{"width":946,"height":938,"url":"http:\/\/ruuby.ee\/wp-content\/uploads\/2025\/10\/Screenshot-2025-10-16-at-15.09.08.png","type":"image\/png"}],"twitter_card":"summary_large_image","twitter_misc":{"Estimated reading time":"1 minute"},"schema":{"@context":"https:\/\/schema.org","@graph":[{"@type":["WebPage","ItemPage"],"@id":"http:\/\/ruuby.ee\/pood\/joulueri\/joulukuunlad\/uyuni-lighting-led-ummargune-glitter-pall-7x7cm-nordic-white\/","url":"http:\/\/ruuby.ee\/pood\/joulueri\/joulukuunlad\/uyuni-lighting-led-ummargune-glitter-pall-7x7cm-nordic-white\/","name":"Uyuni Lighting \u2013 LED \u00fcmmargune glitter pall 7x7cm, Nordic white - RUUBY","isPartOf":{"@id":"https:\/\/ruuby.ee\/en\/#website"},"primaryImageOfPage":{"@id":"http:\/\/ruuby.ee\/pood\/joulueri\/joulukuunlad\/uyuni-lighting-led-ummargune-glitter-pall-7x7cm-nordic-white\/#primaryimage"},"image":{"@id":"http:\/\/ruuby.ee\/pood\/joulueri\/joulukuunlad\/uyuni-lighting-led-ummargune-glitter-pall-7x7cm-nordic-white\/#primaryimage"},"thumbnailUrl":"http:\/\/ruuby.ee\/wp-content\/uploads\/2025\/10\/Screenshot-2025-10-16-at-15.09.08.png","datePublished":"2025-10-16T11:52:54+00:00","dateModified":"2026-04-07T22:28:22+00:00","breadcrumb":{"@id":"http:\/\/ruuby.ee\/pood\/joulueri\/joulukuunlad\/uyuni-lighting-led-ummargune-glitter-pall-7x7cm-nordic-white\/#breadcrumb"},"inLanguage":"en-GB","potentialAction":[{"@type":"ReadAction","target":["http:\/\/ruuby.ee\/pood\/joulueri\/joulukuunlad\/uyuni-lighting-led-ummargune-glitter-pall-7x7cm-nordic-white\/"]}]},{"@type":"ImageObject","inLanguage":"en-GB","@id":"http:\/\/ruuby.ee\/pood\/joulueri\/joulukuunlad\/uyuni-lighting-led-ummargune-glitter-pall-7x7cm-nordic-white\/#primaryimage","url":"http:\/\/ruuby.ee\/wp-content\/uploads\/2025\/10\/Screenshot-2025-10-16-at-15.09.08.png","contentUrl":"http:\/\/ruuby.ee\/wp-content\/uploads\/2025\/10\/Screenshot-2025-10-16-at-15.09.08.png","width":946,"height":938},{"@type":"BreadcrumbList","@id":"http:\/\/ruuby.ee\/pood\/joulueri\/joulukuunlad\/uyuni-lighting-led-ummargune-glitter-pall-7x7cm-nordic-white\/#breadcrumb","itemListElement":[{"@type":"ListItem","position":1,"name":"Kdu","item":"https:\/\/ruuby.ee\/en\/"},{"@type":"ListItem","position":2,"name":"Pood","item":"https:\/\/ruuby.ee\/en\/pood\/"},{"@type":"ListItem","position":3,"name":"Uyuni Lighting \u2013 LED \u00fcmmargune glitter pall 7x7cm, Nordic white"}]},{"@type":"WebSite","@id":"https:\/\/ruuby.ee\/en\/#website","url":"https:\/\/ruuby.ee\/en\/","name":"RUUBY","description":"Ruubys on \u00fchendatud elustiil ja disain","publisher":{"@id":"https:\/\/ruuby.ee\/en\/#organization"},"alternateName":"Ruuby Disain","potentialAction":[{"@type":"SearchAction","target":{"@type":"EntryPoint","urlTemplate":"https:\/\/ruuby.ee\/en\/?s={search_term_string}"},"query-input":{"@type":"PropertyValueSpecification","valueRequired":true,"valueName":"search_term_string"}}],"inLanguage":"en-GB"},{"@type":"Organization","@id":"https:\/\/ruuby.ee\/en\/#organization","name":"Ruuby Disain O\u00dc","alternateName":"Ruuby","url":"https:\/\/ruuby.ee\/en\/","logo":{"@type":"ImageObject","inLanguage":"en-GB","@id":"https:\/\/ruuby.ee\/en\/#\/schema\/logo\/image\/","url":"http:\/\/ruuby.ee\/wp-content\/uploads\/2023\/06\/cropped-Black-White-Elegant-Circle-Signature-Fashion-Logo-12_large.png","contentUrl":"http:\/\/ruuby.ee\/wp-content\/uploads\/2023\/06\/cropped-Black-White-Elegant-Circle-Signature-Fashion-Logo-12_large.png","width":1280,"height":747,"caption":"Ruuby Disain O\u00dc"},"image":{"@id":"https:\/\/ruuby.ee\/en\/#\/schema\/logo\/image\/"},"sameAs":["https:\/\/www.facebook.com\/ruubyconcept","https:\/\/www.instagram.com\/ruuby_concept\/"]}]}},"jetpack_sharing_enabled":true,"_links":{"self":[{"href":"http:\/\/ruuby.ee\/en\/wp-json\/wp\/v2\/product\/1856704","targetHints":{"allow":["GET"]}}],"collection":[{"href":"http:\/\/ruuby.ee\/en\/wp-json\/wp\/v2\/product"}],"about":[{"href":"http:\/\/ruuby.ee\/en\/wp-json\/wp\/v2\/types\/product"}],"replies":[{"embeddable":true,"href":"http:\/\/ruuby.ee\/en\/wp-json\/wp\/v2\/comments?post=1856704"}],"wp:featuredmedia":[{"embeddable":true,"href":"http:\/\/ruuby.ee\/en\/wp-json\/wp\/v2\/media\/1856715"}],"wp:attachment":[{"href":"http:\/\/ruuby.ee\/en\/wp-json\/wp\/v2\/media?parent=1856704"}],"wp:term":[{"taxonomy":"product_brand","embeddable":true,"href":"http:\/\/ruuby.ee\/en\/wp-json\/wp\/v2\/product_brand?post=1856704"},{"taxonomy":"product_cat","embeddable":true,"href":"http:\/\/ruuby.ee\/en\/wp-json\/wp\/v2\/product_cat?post=1856704"},{"taxonomy":"product_tag","embeddable":true,"href":"http:\/\/ruuby.ee\/en\/wp-json\/wp\/v2\/product_tag?post=1856704"}],"curies":[{"name":"wp","href":"https:\/\/api.w.org\/{rel}","templated":true}]}}