{"id":1856670,"date":"2025-10-16T09:05:22","date_gmt":"2025-10-16T06:05:22","guid":{"rendered":"https:\/\/ruuby.ee\/pood\/maaratlemata\/wouf-olakott-nuit-mini-bag\/"},"modified":"2026-04-04T01:24:50","modified_gmt":"2026-04-03T22:24:50","slug":"wouf-olakott-nuit-mini-bag","status":"publish","type":"product","link":"http:\/\/ruuby.ee\/en\/pood\/aksessuaarid\/kotid\/wouf-olakott-nuit-mini-bag\/","title":{"rendered":"WOUF \u00f5lakott, Nuit mini bag"},"content":{"rendered":"<p>Nuit minikott, mis on valmistatud 100% taaskasutatud kangast, on loodud selleks, et hoida teie telefoni ja muid olulisi asju l\u00e4ikiva viimistlusega k\u00e4ep\u00e4rast. Sellel on vetth\u00fclgav pind, kaks polsterdatud \u00fclemist k\u00e4epidet, eemaldatav ja reguleeritav \u00f5larihm, peamine lukuga sahtel ja sisemine tasku lihtsaks korraldamiseks.<\/p>\n<p>Suurus: 19 x 11 x 6 cm<br \/>\nEemaldatava ja reguleeritava \u00f5larihma pikkus: kuni 110 cm<\/p>\n<p>J\u00e4tkusuutlik materjal: 100% taaskasutatud pol\u00fcester.<\/p>\n<ul>\n<li>\u00d5larihm on valmistatud 100% taaskasutatud pol\u00fcestrist.<\/li>\n<li>Vetth\u00fclgav viimistlus.<\/li>\n<li>Nahkne silt.<\/li>\n<li>Isikup\u00e4rastatud Wouf alumiiniumist t\u00f5mblukuga.<\/li>\n<li>YKK t\u00f5mblukk k\u00fclgedel taaskasutatud pol\u00fcestrist.<\/li>\n<li>Tr\u00fckitud Oeko-Tex\u00ae sertifitseeritud tintidega.<\/li>\n<\/ul>\n<p>Hooldusjuhised: Pesta k\u00e4sitsi k\u00fclmas vees neutraalse seebiga.<\/p>\n<p>Valmistatud Hispaanias<\/p>","protected":false},"excerpt":{"rendered":"<p>Nuit minikott, mis on valmistatud 100% taaskasutatud kangast, on loodud selleks, et hoida teie telefoni ja muid olulisi asju l\u00e4ikiva viimistlusega k\u00e4ep\u00e4rast. Sellel on vetth\u00fclgav pind, kaks polsterdatud \u00fclemist k\u00e4epidet, eemaldatav ja reguleeritav \u00f5larihm, peamine lukuga sahtel ja sisemine tasku lihtsaks korraldamiseks. Suurus: 19 x 11 x 6 cm Eemaldatava ja reguleeritava \u00f5larihma pikkus: kuni [&hellip;]<\/p>\n","protected":false},"featured_media":1856699,"comment_status":"open","ping_status":"closed","template":"","meta":[],"product_brand":[],"product_cat":[43,672,33],"product_tag":[445,615],"class_list":{"0":"post-1856670","1":"product","2":"type-product","3":"status-publish","4":"has-post-thumbnail","6":"product_cat-aksessuaarid","7":"product_cat-kaekott","8":"product_cat-kotid","9":"product_tag-kotid","10":"product_tag-wouf","12":"first","13":"instock","14":"taxable","15":"shipping-taxable","16":"purchasable","17":"product-type-simple"},"yoast_head":"<!-- This site is optimized with the Yoast SEO plugin v27.2 - https:\/\/yoast.com\/product\/yoast-seo-wordpress\/ -->\n<title>WOUF \u00f5lakott, Nuit mini bag - RUUBY<\/title>\n<meta name=\"robots\" content=\"index, follow, max-snippet:-1, max-image-preview:large, max-video-preview:-1\" \/>\n<link rel=\"canonical\" href=\"http:\/\/ruuby.ee\/en\/pood\/aksessuaarid\/kotid\/wouf-olakott-nuit-mini-bag\/\" \/>\n<meta property=\"og:locale\" content=\"en_GB\" \/>\n<meta property=\"og:type\" content=\"article\" \/>\n<meta property=\"og:title\" content=\"WOUF \u00f5lakott, Nuit mini bag - RUUBY\" \/>\n<meta property=\"og:description\" content=\"Nuit minikott, mis on valmistatud 100% taaskasutatud kangast, on loodud selleks, et hoida teie telefoni ja muid olulisi asju l\u00e4ikiva viimistlusega k\u00e4ep\u00e4rast. Sellel on vetth\u00fclgav pind, kaks polsterdatud \u00fclemist k\u00e4epidet, eemaldatav ja reguleeritav \u00f5larihm, peamine lukuga sahtel ja sisemine tasku lihtsaks korraldamiseks. Suurus: 19 x 11 x 6 cm Eemaldatava ja reguleeritava \u00f5larihma pikkus: kuni [&hellip;]\" \/>\n<meta property=\"og:url\" content=\"http:\/\/ruuby.ee\/en\/pood\/aksessuaarid\/kotid\/wouf-olakott-nuit-mini-bag\/\" \/>\n<meta property=\"og:site_name\" content=\"RUUBY\" \/>\n<meta property=\"article:publisher\" content=\"https:\/\/www.facebook.com\/ruubyconcept\" \/>\n<meta property=\"article:modified_time\" content=\"2026-04-03T22:24:50+00:00\" \/>\n<meta property=\"og:image\" content=\"http:\/\/ruuby.ee\/wp-content\/uploads\/2025\/10\/Screenshot-2025-10-16-at-09.21.44.png\" \/>\n\t<meta property=\"og:image:width\" content=\"936\" \/>\n\t<meta property=\"og:image:height\" content=\"1170\" \/>\n\t<meta property=\"og:image:type\" content=\"image\/png\" \/>\n<meta name=\"twitter:card\" content=\"summary_large_image\" \/>\n<meta name=\"twitter:label1\" content=\"Estimated reading time\" \/>\n\t<meta name=\"twitter:data1\" content=\"1 minute\" \/>\n<script type=\"application\/ld+json\" class=\"yoast-schema-graph\">{\"@context\":\"https:\/\/schema.org\",\"@graph\":[{\"@type\":[\"WebPage\",\"ItemPage\"],\"@id\":\"http:\/\/ruuby.ee\/en\/pood\/aksessuaarid\/kotid\/wouf-olakott-nuit-mini-bag\/\",\"url\":\"http:\/\/ruuby.ee\/en\/pood\/aksessuaarid\/kotid\/wouf-olakott-nuit-mini-bag\/\",\"name\":\"WOUF \u00f5lakott, Nuit mini bag - RUUBY\",\"isPartOf\":{\"@id\":\"https:\/\/ruuby.ee\/en\/#website\"},\"primaryImageOfPage\":{\"@id\":\"http:\/\/ruuby.ee\/en\/pood\/aksessuaarid\/kotid\/wouf-olakott-nuit-mini-bag\/#primaryimage\"},\"image\":{\"@id\":\"http:\/\/ruuby.ee\/en\/pood\/aksessuaarid\/kotid\/wouf-olakott-nuit-mini-bag\/#primaryimage\"},\"thumbnailUrl\":\"http:\/\/ruuby.ee\/wp-content\/uploads\/2025\/10\/Screenshot-2025-10-16-at-09.21.44.png\",\"datePublished\":\"2025-10-16T06:05:22+00:00\",\"dateModified\":\"2026-04-03T22:24:50+00:00\",\"breadcrumb\":{\"@id\":\"http:\/\/ruuby.ee\/en\/pood\/aksessuaarid\/kotid\/wouf-olakott-nuit-mini-bag\/#breadcrumb\"},\"inLanguage\":\"en-GB\",\"potentialAction\":[{\"@type\":\"ReadAction\",\"target\":[\"http:\/\/ruuby.ee\/en\/pood\/aksessuaarid\/kotid\/wouf-olakott-nuit-mini-bag\/\"]}]},{\"@type\":\"ImageObject\",\"inLanguage\":\"en-GB\",\"@id\":\"http:\/\/ruuby.ee\/en\/pood\/aksessuaarid\/kotid\/wouf-olakott-nuit-mini-bag\/#primaryimage\",\"url\":\"http:\/\/ruuby.ee\/wp-content\/uploads\/2025\/10\/Screenshot-2025-10-16-at-09.21.44.png\",\"contentUrl\":\"http:\/\/ruuby.ee\/wp-content\/uploads\/2025\/10\/Screenshot-2025-10-16-at-09.21.44.png\",\"width\":936,\"height\":1170},{\"@type\":\"BreadcrumbList\",\"@id\":\"http:\/\/ruuby.ee\/en\/pood\/aksessuaarid\/kotid\/wouf-olakott-nuit-mini-bag\/#breadcrumb\",\"itemListElement\":[{\"@type\":\"ListItem\",\"position\":1,\"name\":\"Kdu\",\"item\":\"https:\/\/ruuby.ee\/en\/\"},{\"@type\":\"ListItem\",\"position\":2,\"name\":\"Pood\",\"item\":\"https:\/\/ruuby.ee\/pood\/\"},{\"@type\":\"ListItem\",\"position\":3,\"name\":\"WOUF \u00f5lakott, Nuit mini bag\"}]},{\"@type\":\"WebSite\",\"@id\":\"https:\/\/ruuby.ee\/en\/#website\",\"url\":\"https:\/\/ruuby.ee\/en\/\",\"name\":\"RUUBY\",\"description\":\"Ruubys on \u00fchendatud elustiil ja disain\",\"publisher\":{\"@id\":\"https:\/\/ruuby.ee\/en\/#organization\"},\"alternateName\":\"Ruuby Disain\",\"potentialAction\":[{\"@type\":\"SearchAction\",\"target\":{\"@type\":\"EntryPoint\",\"urlTemplate\":\"https:\/\/ruuby.ee\/en\/?s={search_term_string}\"},\"query-input\":{\"@type\":\"PropertyValueSpecification\",\"valueRequired\":true,\"valueName\":\"search_term_string\"}}],\"inLanguage\":\"en-GB\"},{\"@type\":\"Organization\",\"@id\":\"https:\/\/ruuby.ee\/en\/#organization\",\"name\":\"Ruuby Disain O\u00dc\",\"alternateName\":\"Ruuby\",\"url\":\"https:\/\/ruuby.ee\/en\/\",\"logo\":{\"@type\":\"ImageObject\",\"inLanguage\":\"en-GB\",\"@id\":\"https:\/\/ruuby.ee\/en\/#\/schema\/logo\/image\/\",\"url\":\"http:\/\/ruuby.ee\/wp-content\/uploads\/2023\/06\/cropped-Black-White-Elegant-Circle-Signature-Fashion-Logo-12_large.png\",\"contentUrl\":\"http:\/\/ruuby.ee\/wp-content\/uploads\/2023\/06\/cropped-Black-White-Elegant-Circle-Signature-Fashion-Logo-12_large.png\",\"width\":1280,\"height\":747,\"caption\":\"Ruuby Disain O\u00dc\"},\"image\":{\"@id\":\"https:\/\/ruuby.ee\/en\/#\/schema\/logo\/image\/\"},\"sameAs\":[\"https:\/\/www.facebook.com\/ruubyconcept\",\"https:\/\/www.instagram.com\/ruuby_concept\/\"]}]}<\/script>\n<!-- \/ Yoast SEO plugin. -->","yoast_head_json":{"title":"WOUF \u00f5lakott, Nuit mini bag - RUUBY","robots":{"index":"index","follow":"follow","max-snippet":"max-snippet:-1","max-image-preview":"max-image-preview:large","max-video-preview":"max-video-preview:-1"},"canonical":"http:\/\/ruuby.ee\/en\/pood\/aksessuaarid\/kotid\/wouf-olakott-nuit-mini-bag\/","og_locale":"en_GB","og_type":"article","og_title":"WOUF \u00f5lakott, Nuit mini bag - RUUBY","og_description":"Nuit minikott, mis on valmistatud 100% taaskasutatud kangast, on loodud selleks, et hoida teie telefoni ja muid olulisi asju l\u00e4ikiva viimistlusega k\u00e4ep\u00e4rast. Sellel on vetth\u00fclgav pind, kaks polsterdatud \u00fclemist k\u00e4epidet, eemaldatav ja reguleeritav \u00f5larihm, peamine lukuga sahtel ja sisemine tasku lihtsaks korraldamiseks. Suurus: 19 x 11 x 6 cm Eemaldatava ja reguleeritava \u00f5larihma pikkus: kuni [&hellip;]","og_url":"http:\/\/ruuby.ee\/en\/pood\/aksessuaarid\/kotid\/wouf-olakott-nuit-mini-bag\/","og_site_name":"RUUBY","article_publisher":"https:\/\/www.facebook.com\/ruubyconcept","article_modified_time":"2026-04-03T22:24:50+00:00","og_image":[{"width":936,"height":1170,"url":"http:\/\/ruuby.ee\/wp-content\/uploads\/2025\/10\/Screenshot-2025-10-16-at-09.21.44.png","type":"image\/png"}],"twitter_card":"summary_large_image","twitter_misc":{"Estimated reading time":"1 minute"},"schema":{"@context":"https:\/\/schema.org","@graph":[{"@type":["WebPage","ItemPage"],"@id":"http:\/\/ruuby.ee\/en\/pood\/aksessuaarid\/kotid\/wouf-olakott-nuit-mini-bag\/","url":"http:\/\/ruuby.ee\/en\/pood\/aksessuaarid\/kotid\/wouf-olakott-nuit-mini-bag\/","name":"WOUF \u00f5lakott, Nuit mini bag - RUUBY","isPartOf":{"@id":"https:\/\/ruuby.ee\/en\/#website"},"primaryImageOfPage":{"@id":"http:\/\/ruuby.ee\/en\/pood\/aksessuaarid\/kotid\/wouf-olakott-nuit-mini-bag\/#primaryimage"},"image":{"@id":"http:\/\/ruuby.ee\/en\/pood\/aksessuaarid\/kotid\/wouf-olakott-nuit-mini-bag\/#primaryimage"},"thumbnailUrl":"http:\/\/ruuby.ee\/wp-content\/uploads\/2025\/10\/Screenshot-2025-10-16-at-09.21.44.png","datePublished":"2025-10-16T06:05:22+00:00","dateModified":"2026-04-03T22:24:50+00:00","breadcrumb":{"@id":"http:\/\/ruuby.ee\/en\/pood\/aksessuaarid\/kotid\/wouf-olakott-nuit-mini-bag\/#breadcrumb"},"inLanguage":"en-GB","potentialAction":[{"@type":"ReadAction","target":["http:\/\/ruuby.ee\/en\/pood\/aksessuaarid\/kotid\/wouf-olakott-nuit-mini-bag\/"]}]},{"@type":"ImageObject","inLanguage":"en-GB","@id":"http:\/\/ruuby.ee\/en\/pood\/aksessuaarid\/kotid\/wouf-olakott-nuit-mini-bag\/#primaryimage","url":"http:\/\/ruuby.ee\/wp-content\/uploads\/2025\/10\/Screenshot-2025-10-16-at-09.21.44.png","contentUrl":"http:\/\/ruuby.ee\/wp-content\/uploads\/2025\/10\/Screenshot-2025-10-16-at-09.21.44.png","width":936,"height":1170},{"@type":"BreadcrumbList","@id":"http:\/\/ruuby.ee\/en\/pood\/aksessuaarid\/kotid\/wouf-olakott-nuit-mini-bag\/#breadcrumb","itemListElement":[{"@type":"ListItem","position":1,"name":"Kdu","item":"https:\/\/ruuby.ee\/en\/"},{"@type":"ListItem","position":2,"name":"Pood","item":"https:\/\/ruuby.ee\/pood\/"},{"@type":"ListItem","position":3,"name":"WOUF \u00f5lakott, Nuit mini bag"}]},{"@type":"WebSite","@id":"https:\/\/ruuby.ee\/en\/#website","url":"https:\/\/ruuby.ee\/en\/","name":"RUUBY","description":"Ruubys on \u00fchendatud elustiil ja disain","publisher":{"@id":"https:\/\/ruuby.ee\/en\/#organization"},"alternateName":"Ruuby Disain","potentialAction":[{"@type":"SearchAction","target":{"@type":"EntryPoint","urlTemplate":"https:\/\/ruuby.ee\/en\/?s={search_term_string}"},"query-input":{"@type":"PropertyValueSpecification","valueRequired":true,"valueName":"search_term_string"}}],"inLanguage":"en-GB"},{"@type":"Organization","@id":"https:\/\/ruuby.ee\/en\/#organization","name":"Ruuby Disain O\u00dc","alternateName":"Ruuby","url":"https:\/\/ruuby.ee\/en\/","logo":{"@type":"ImageObject","inLanguage":"en-GB","@id":"https:\/\/ruuby.ee\/en\/#\/schema\/logo\/image\/","url":"http:\/\/ruuby.ee\/wp-content\/uploads\/2023\/06\/cropped-Black-White-Elegant-Circle-Signature-Fashion-Logo-12_large.png","contentUrl":"http:\/\/ruuby.ee\/wp-content\/uploads\/2023\/06\/cropped-Black-White-Elegant-Circle-Signature-Fashion-Logo-12_large.png","width":1280,"height":747,"caption":"Ruuby Disain O\u00dc"},"image":{"@id":"https:\/\/ruuby.ee\/en\/#\/schema\/logo\/image\/"},"sameAs":["https:\/\/www.facebook.com\/ruubyconcept","https:\/\/www.instagram.com\/ruuby_concept\/"]}]}},"jetpack_sharing_enabled":true,"_links":{"self":[{"href":"http:\/\/ruuby.ee\/en\/wp-json\/wp\/v2\/product\/1856670","targetHints":{"allow":["GET"]}}],"collection":[{"href":"http:\/\/ruuby.ee\/en\/wp-json\/wp\/v2\/product"}],"about":[{"href":"http:\/\/ruuby.ee\/en\/wp-json\/wp\/v2\/types\/product"}],"replies":[{"embeddable":true,"href":"http:\/\/ruuby.ee\/en\/wp-json\/wp\/v2\/comments?post=1856670"}],"wp:featuredmedia":[{"embeddable":true,"href":"http:\/\/ruuby.ee\/en\/wp-json\/wp\/v2\/media\/1856699"}],"wp:attachment":[{"href":"http:\/\/ruuby.ee\/en\/wp-json\/wp\/v2\/media?parent=1856670"}],"wp:term":[{"taxonomy":"product_brand","embeddable":true,"href":"http:\/\/ruuby.ee\/en\/wp-json\/wp\/v2\/product_brand?post=1856670"},{"taxonomy":"product_cat","embeddable":true,"href":"http:\/\/ruuby.ee\/en\/wp-json\/wp\/v2\/product_cat?post=1856670"},{"taxonomy":"product_tag","embeddable":true,"href":"http:\/\/ruuby.ee\/en\/wp-json\/wp\/v2\/product_tag?post=1856670"}],"curies":[{"name":"wp","href":"https:\/\/api.w.org\/{rel}","templated":true}]}}