{"id":1856668,"date":"2025-10-16T09:05:15","date_gmt":"2025-10-16T06:05:15","guid":{"rendered":"https:\/\/ruuby.ee\/pood\/maaratlemata\/wouf-sall-purple-gang\/"},"modified":"2026-04-08T01:28:22","modified_gmt":"2026-04-07T22:28:22","slug":"wouf-sall-purple-gang","status":"publish","type":"product","link":"http:\/\/ruuby.ee\/en\/pood\/aksessuaarid\/mutsid-ja-sallid\/wouf-sall-purple-gang\/","title":{"rendered":"WOUF sall, Purple Gang"},"content":{"rendered":"<p>70% ulatuses taaskasutatud akr\u00fc\u00fclist valmistatud Wild Coral sall on pehme, soe ja s\u00e4rav \u2013 loodud selleks, et oma erksa v\u00f5luga ka k\u00f5ige k\u00fclmemaid p\u00e4evi helgemaks muuta.<\/p>\n<p>M\u00f5\u00f5tmed: 170 x 66 x 0,28 cm<\/p>\n<p>J\u00e4tkusuutlik koostis: 70% taaskasutatud akr\u00fc\u00fcl<\/p>\n<p>Hooldusjuhised: Pesta k\u00e4sitsi k\u00fclmas vees neutraalse seebiga.<\/p>","protected":false},"excerpt":{"rendered":"<p>70% ulatuses taaskasutatud akr\u00fc\u00fclist valmistatud Wild Coral sall on pehme, soe ja s\u00e4rav \u2013 loodud selleks, et oma erksa v\u00f5luga ka k\u00f5ige k\u00fclmemaid p\u00e4evi helgemaks muuta. M\u00f5\u00f5tmed: 170 x 66 x 0,28 cm J\u00e4tkusuutlik koostis: 70% taaskasutatud akr\u00fc\u00fcl Hooldusjuhised: Pesta k\u00e4sitsi k\u00fclmas vees neutraalse seebiga.<\/p>","protected":false},"featured_media":1856684,"comment_status":"open","ping_status":"closed","template":"","meta":[],"product_brand":[],"product_cat":[43,1113],"product_tag":[1114,615],"class_list":{"0":"post-1856668","1":"product","2":"type-product","3":"status-publish","4":"has-post-thumbnail","6":"product_cat-aksessuaarid","7":"product_cat-mutsid-ja-sallid","8":"product_tag-sall","9":"product_tag-wouf","11":"first","12":"outofstock","13":"taxable","14":"shipping-taxable","15":"purchasable","16":"product-type-simple"},"yoast_head":"<!-- This site is optimized with the Yoast SEO plugin v27.3 - https:\/\/yoast.com\/product\/yoast-seo-wordpress\/ -->\n<title>WOUF sall, Purple Gang - RUUBY<\/title>\n<meta name=\"robots\" content=\"index, follow, max-snippet:-1, max-image-preview:large, max-video-preview:-1\" \/>\n<link rel=\"canonical\" href=\"http:\/\/ruuby.ee\/en\/pood\/aksessuaarid\/mutsid-ja-sallid\/wouf-sall-purple-gang\/\" \/>\n<meta property=\"og:locale\" content=\"en_GB\" \/>\n<meta property=\"og:type\" content=\"article\" \/>\n<meta property=\"og:title\" content=\"WOUF sall, Purple Gang - RUUBY\" \/>\n<meta property=\"og:description\" content=\"70% ulatuses taaskasutatud akr\u00fc\u00fclist valmistatud Wild Coral sall on pehme, soe ja s\u00e4rav \u2013 loodud selleks, et oma erksa v\u00f5luga ka k\u00f5ige k\u00fclmemaid p\u00e4evi helgemaks muuta. M\u00f5\u00f5tmed: 170 x 66 x 0,28 cm J\u00e4tkusuutlik koostis: 70% taaskasutatud akr\u00fc\u00fcl Hooldusjuhised: Pesta k\u00e4sitsi k\u00fclmas vees neutraalse seebiga.\" \/>\n<meta property=\"og:url\" content=\"http:\/\/ruuby.ee\/en\/pood\/aksessuaarid\/mutsid-ja-sallid\/wouf-sall-purple-gang\/\" \/>\n<meta property=\"og:site_name\" content=\"RUUBY\" \/>\n<meta property=\"article:publisher\" content=\"https:\/\/www.facebook.com\/ruubyconcept\" \/>\n<meta property=\"article:modified_time\" content=\"2026-04-07T22:28:22+00:00\" \/>\n<meta property=\"og:image\" content=\"http:\/\/ruuby.ee\/wp-content\/uploads\/2025\/10\/Screenshot-2025-10-16-at-09.14.25.png\" \/>\n\t<meta property=\"og:image:width\" content=\"940\" \/>\n\t<meta property=\"og:image:height\" content=\"1170\" \/>\n\t<meta property=\"og:image:type\" content=\"image\/png\" \/>\n<meta name=\"twitter:card\" content=\"summary_large_image\" \/>\n<meta name=\"twitter:label1\" content=\"Estimated reading time\" \/>\n\t<meta name=\"twitter:data1\" content=\"1 minute\" \/>\n<script type=\"application\/ld+json\" class=\"yoast-schema-graph\">{\"@context\":\"https:\\\/\\\/schema.org\",\"@graph\":[{\"@type\":[\"WebPage\",\"ItemPage\"],\"@id\":\"http:\\\/\\\/ruuby.ee\\\/pood\\\/aksessuaarid\\\/mutsid-ja-sallid\\\/wouf-sall-purple-gang\\\/\",\"url\":\"http:\\\/\\\/ruuby.ee\\\/pood\\\/aksessuaarid\\\/mutsid-ja-sallid\\\/wouf-sall-purple-gang\\\/\",\"name\":\"WOUF sall, Purple Gang - RUUBY\",\"isPartOf\":{\"@id\":\"https:\\\/\\\/ruuby.ee\\\/en\\\/#website\"},\"primaryImageOfPage\":{\"@id\":\"http:\\\/\\\/ruuby.ee\\\/pood\\\/aksessuaarid\\\/mutsid-ja-sallid\\\/wouf-sall-purple-gang\\\/#primaryimage\"},\"image\":{\"@id\":\"http:\\\/\\\/ruuby.ee\\\/pood\\\/aksessuaarid\\\/mutsid-ja-sallid\\\/wouf-sall-purple-gang\\\/#primaryimage\"},\"thumbnailUrl\":\"http:\\\/\\\/ruuby.ee\\\/wp-content\\\/uploads\\\/2025\\\/10\\\/Screenshot-2025-10-16-at-09.14.25.png\",\"datePublished\":\"2025-10-16T06:05:15+00:00\",\"dateModified\":\"2026-04-07T22:28:22+00:00\",\"breadcrumb\":{\"@id\":\"http:\\\/\\\/ruuby.ee\\\/pood\\\/aksessuaarid\\\/mutsid-ja-sallid\\\/wouf-sall-purple-gang\\\/#breadcrumb\"},\"inLanguage\":\"en-GB\",\"potentialAction\":[{\"@type\":\"ReadAction\",\"target\":[\"http:\\\/\\\/ruuby.ee\\\/pood\\\/aksessuaarid\\\/mutsid-ja-sallid\\\/wouf-sall-purple-gang\\\/\"]}]},{\"@type\":\"ImageObject\",\"inLanguage\":\"en-GB\",\"@id\":\"http:\\\/\\\/ruuby.ee\\\/pood\\\/aksessuaarid\\\/mutsid-ja-sallid\\\/wouf-sall-purple-gang\\\/#primaryimage\",\"url\":\"http:\\\/\\\/ruuby.ee\\\/wp-content\\\/uploads\\\/2025\\\/10\\\/Screenshot-2025-10-16-at-09.14.25.png\",\"contentUrl\":\"http:\\\/\\\/ruuby.ee\\\/wp-content\\\/uploads\\\/2025\\\/10\\\/Screenshot-2025-10-16-at-09.14.25.png\",\"width\":940,\"height\":1170},{\"@type\":\"BreadcrumbList\",\"@id\":\"http:\\\/\\\/ruuby.ee\\\/pood\\\/aksessuaarid\\\/mutsid-ja-sallid\\\/wouf-sall-purple-gang\\\/#breadcrumb\",\"itemListElement\":[{\"@type\":\"ListItem\",\"position\":1,\"name\":\"Kdu\",\"item\":\"https:\\\/\\\/ruuby.ee\\\/en\\\/\"},{\"@type\":\"ListItem\",\"position\":2,\"name\":\"Pood\",\"item\":\"https:\\\/\\\/ruuby.ee\\\/en\\\/pood\\\/\"},{\"@type\":\"ListItem\",\"position\":3,\"name\":\"WOUF sall, Purple Gang\"}]},{\"@type\":\"WebSite\",\"@id\":\"https:\\\/\\\/ruuby.ee\\\/en\\\/#website\",\"url\":\"https:\\\/\\\/ruuby.ee\\\/en\\\/\",\"name\":\"RUUBY\",\"description\":\"Ruubys on \u00fchendatud elustiil ja disain\",\"publisher\":{\"@id\":\"https:\\\/\\\/ruuby.ee\\\/en\\\/#organization\"},\"alternateName\":\"Ruuby Disain\",\"potentialAction\":[{\"@type\":\"SearchAction\",\"target\":{\"@type\":\"EntryPoint\",\"urlTemplate\":\"https:\\\/\\\/ruuby.ee\\\/en\\\/?s={search_term_string}\"},\"query-input\":{\"@type\":\"PropertyValueSpecification\",\"valueRequired\":true,\"valueName\":\"search_term_string\"}}],\"inLanguage\":\"en-GB\"},{\"@type\":\"Organization\",\"@id\":\"https:\\\/\\\/ruuby.ee\\\/en\\\/#organization\",\"name\":\"Ruuby Disain O\u00dc\",\"alternateName\":\"Ruuby\",\"url\":\"https:\\\/\\\/ruuby.ee\\\/en\\\/\",\"logo\":{\"@type\":\"ImageObject\",\"inLanguage\":\"en-GB\",\"@id\":\"https:\\\/\\\/ruuby.ee\\\/en\\\/#\\\/schema\\\/logo\\\/image\\\/\",\"url\":\"http:\\\/\\\/ruuby.ee\\\/wp-content\\\/uploads\\\/2023\\\/06\\\/cropped-Black-White-Elegant-Circle-Signature-Fashion-Logo-12_large.png\",\"contentUrl\":\"http:\\\/\\\/ruuby.ee\\\/wp-content\\\/uploads\\\/2023\\\/06\\\/cropped-Black-White-Elegant-Circle-Signature-Fashion-Logo-12_large.png\",\"width\":1280,\"height\":747,\"caption\":\"Ruuby Disain O\u00dc\"},\"image\":{\"@id\":\"https:\\\/\\\/ruuby.ee\\\/en\\\/#\\\/schema\\\/logo\\\/image\\\/\"},\"sameAs\":[\"https:\\\/\\\/www.facebook.com\\\/ruubyconcept\",\"https:\\\/\\\/www.instagram.com\\\/ruuby_concept\\\/\"]}]}<\/script>\n<!-- \/ Yoast SEO plugin. -->","yoast_head_json":{"title":"WOUF sall, Purple Gang - RUUBY","robots":{"index":"index","follow":"follow","max-snippet":"max-snippet:-1","max-image-preview":"max-image-preview:large","max-video-preview":"max-video-preview:-1"},"canonical":"http:\/\/ruuby.ee\/en\/pood\/aksessuaarid\/mutsid-ja-sallid\/wouf-sall-purple-gang\/","og_locale":"en_GB","og_type":"article","og_title":"WOUF sall, Purple Gang - RUUBY","og_description":"70% ulatuses taaskasutatud akr\u00fc\u00fclist valmistatud Wild Coral sall on pehme, soe ja s\u00e4rav \u2013 loodud selleks, et oma erksa v\u00f5luga ka k\u00f5ige k\u00fclmemaid p\u00e4evi helgemaks muuta. M\u00f5\u00f5tmed: 170 x 66 x 0,28 cm J\u00e4tkusuutlik koostis: 70% taaskasutatud akr\u00fc\u00fcl Hooldusjuhised: Pesta k\u00e4sitsi k\u00fclmas vees neutraalse seebiga.","og_url":"http:\/\/ruuby.ee\/en\/pood\/aksessuaarid\/mutsid-ja-sallid\/wouf-sall-purple-gang\/","og_site_name":"RUUBY","article_publisher":"https:\/\/www.facebook.com\/ruubyconcept","article_modified_time":"2026-04-07T22:28:22+00:00","og_image":[{"width":940,"height":1170,"url":"http:\/\/ruuby.ee\/wp-content\/uploads\/2025\/10\/Screenshot-2025-10-16-at-09.14.25.png","type":"image\/png"}],"twitter_card":"summary_large_image","twitter_misc":{"Estimated reading time":"1 minute"},"schema":{"@context":"https:\/\/schema.org","@graph":[{"@type":["WebPage","ItemPage"],"@id":"http:\/\/ruuby.ee\/pood\/aksessuaarid\/mutsid-ja-sallid\/wouf-sall-purple-gang\/","url":"http:\/\/ruuby.ee\/pood\/aksessuaarid\/mutsid-ja-sallid\/wouf-sall-purple-gang\/","name":"WOUF sall, Purple Gang - RUUBY","isPartOf":{"@id":"https:\/\/ruuby.ee\/en\/#website"},"primaryImageOfPage":{"@id":"http:\/\/ruuby.ee\/pood\/aksessuaarid\/mutsid-ja-sallid\/wouf-sall-purple-gang\/#primaryimage"},"image":{"@id":"http:\/\/ruuby.ee\/pood\/aksessuaarid\/mutsid-ja-sallid\/wouf-sall-purple-gang\/#primaryimage"},"thumbnailUrl":"http:\/\/ruuby.ee\/wp-content\/uploads\/2025\/10\/Screenshot-2025-10-16-at-09.14.25.png","datePublished":"2025-10-16T06:05:15+00:00","dateModified":"2026-04-07T22:28:22+00:00","breadcrumb":{"@id":"http:\/\/ruuby.ee\/pood\/aksessuaarid\/mutsid-ja-sallid\/wouf-sall-purple-gang\/#breadcrumb"},"inLanguage":"en-GB","potentialAction":[{"@type":"ReadAction","target":["http:\/\/ruuby.ee\/pood\/aksessuaarid\/mutsid-ja-sallid\/wouf-sall-purple-gang\/"]}]},{"@type":"ImageObject","inLanguage":"en-GB","@id":"http:\/\/ruuby.ee\/pood\/aksessuaarid\/mutsid-ja-sallid\/wouf-sall-purple-gang\/#primaryimage","url":"http:\/\/ruuby.ee\/wp-content\/uploads\/2025\/10\/Screenshot-2025-10-16-at-09.14.25.png","contentUrl":"http:\/\/ruuby.ee\/wp-content\/uploads\/2025\/10\/Screenshot-2025-10-16-at-09.14.25.png","width":940,"height":1170},{"@type":"BreadcrumbList","@id":"http:\/\/ruuby.ee\/pood\/aksessuaarid\/mutsid-ja-sallid\/wouf-sall-purple-gang\/#breadcrumb","itemListElement":[{"@type":"ListItem","position":1,"name":"Kdu","item":"https:\/\/ruuby.ee\/en\/"},{"@type":"ListItem","position":2,"name":"Pood","item":"https:\/\/ruuby.ee\/en\/pood\/"},{"@type":"ListItem","position":3,"name":"WOUF sall, Purple Gang"}]},{"@type":"WebSite","@id":"https:\/\/ruuby.ee\/en\/#website","url":"https:\/\/ruuby.ee\/en\/","name":"RUUBY","description":"Ruubys on \u00fchendatud elustiil ja disain","publisher":{"@id":"https:\/\/ruuby.ee\/en\/#organization"},"alternateName":"Ruuby Disain","potentialAction":[{"@type":"SearchAction","target":{"@type":"EntryPoint","urlTemplate":"https:\/\/ruuby.ee\/en\/?s={search_term_string}"},"query-input":{"@type":"PropertyValueSpecification","valueRequired":true,"valueName":"search_term_string"}}],"inLanguage":"en-GB"},{"@type":"Organization","@id":"https:\/\/ruuby.ee\/en\/#organization","name":"Ruuby Disain O\u00dc","alternateName":"Ruuby","url":"https:\/\/ruuby.ee\/en\/","logo":{"@type":"ImageObject","inLanguage":"en-GB","@id":"https:\/\/ruuby.ee\/en\/#\/schema\/logo\/image\/","url":"http:\/\/ruuby.ee\/wp-content\/uploads\/2023\/06\/cropped-Black-White-Elegant-Circle-Signature-Fashion-Logo-12_large.png","contentUrl":"http:\/\/ruuby.ee\/wp-content\/uploads\/2023\/06\/cropped-Black-White-Elegant-Circle-Signature-Fashion-Logo-12_large.png","width":1280,"height":747,"caption":"Ruuby Disain O\u00dc"},"image":{"@id":"https:\/\/ruuby.ee\/en\/#\/schema\/logo\/image\/"},"sameAs":["https:\/\/www.facebook.com\/ruubyconcept","https:\/\/www.instagram.com\/ruuby_concept\/"]}]}},"jetpack_sharing_enabled":true,"_links":{"self":[{"href":"http:\/\/ruuby.ee\/en\/wp-json\/wp\/v2\/product\/1856668","targetHints":{"allow":["GET"]}}],"collection":[{"href":"http:\/\/ruuby.ee\/en\/wp-json\/wp\/v2\/product"}],"about":[{"href":"http:\/\/ruuby.ee\/en\/wp-json\/wp\/v2\/types\/product"}],"replies":[{"embeddable":true,"href":"http:\/\/ruuby.ee\/en\/wp-json\/wp\/v2\/comments?post=1856668"}],"wp:featuredmedia":[{"embeddable":true,"href":"http:\/\/ruuby.ee\/en\/wp-json\/wp\/v2\/media\/1856684"}],"wp:attachment":[{"href":"http:\/\/ruuby.ee\/en\/wp-json\/wp\/v2\/media?parent=1856668"}],"wp:term":[{"taxonomy":"product_brand","embeddable":true,"href":"http:\/\/ruuby.ee\/en\/wp-json\/wp\/v2\/product_brand?post=1856668"},{"taxonomy":"product_cat","embeddable":true,"href":"http:\/\/ruuby.ee\/en\/wp-json\/wp\/v2\/product_cat?post=1856668"},{"taxonomy":"product_tag","embeddable":true,"href":"http:\/\/ruuby.ee\/en\/wp-json\/wp\/v2\/product_tag?post=1856668"}],"curies":[{"name":"wp","href":"https:\/\/api.w.org\/{rel}","templated":true}]}}