{"id":1856206,"date":"2025-10-08T14:10:17","date_gmt":"2025-10-08T11:10:17","guid":{"rendered":"https:\/\/ruuby.ee\/pood\/maaratlemata\/eleven-people-joulu-ruumilohnastaja-vahaplaadid-5ne-kinkekomplekt\/"},"modified":"2026-04-08T01:28:22","modified_gmt":"2026-04-07T22:28:22","slug":"eleven-people-joulu-ruumilohnastaja-vahaplaadid-5ne-kinkekomplekt","status":"publish","type":"product","link":"http:\/\/ruuby.ee\/en\/pood\/joulueri\/jouluehted\/eleven-people-joulu-ruumilohnastaja-vahaplaadid-5ne-kinkekomplekt\/","title":{"rendered":"Eleven People ruumil\u00f5hnastaja vahaplaadid, 5ne kinkekomplekt"},"content":{"rendered":"<p>L\u00f5hna kooslus: \u00f5un, roos, seedripuu ja tammesammal.<\/p>\n<p>Haarav ja intensiivne. Lillelised ja v\u00e4rsked noodid, puised ja kergelt puuviljased. Tahke sojavaha v\u00f5i vahat\u00fcki \u00f5huv\u00e4rskendaja, k\u00e4sitsi valmistatud ja botaaniliste elementidega kaunistatud.<\/p>\n<p>Ideaalne igasse riidekappi, sahtlisse v\u00f5i kappi teie kodus. Teid tervitab uskumatu l\u00f5hn p\u00e4evast p\u00e4eva.<\/p>\n<p>Need on tuntud selle poolest, et s\u00e4ilitavad oma l\u00f5hna \u00fcle 6 kuu, isegi kuni aasta. Uus aksessuaar teie koju, mille t\u00e4nu mustale puuvillasele paelale saate paigutada v\u00f5i riputada kuhu iganes soovite.<\/p>\n<p>Suurused:<\/p>\n<p>V\u00e4ike: 6 \u00f8cm<br \/>\nPakendis 5 v\u00e4ikest<\/p>\n<p>Veganis\u00f5bralik. Ftalaadivaba.<\/p>\n<p><strong>Kuidas kasutada:<\/strong><\/p>\n<p>Eleven Peoples soovime jagada m\u00f5ningaid n\u00e4pun\u00e4iteid, mis aitavad teil oma tahketest l\u00f5hnavahadest maksimumi v\u00f5tta. \u2013 Asetage l\u00f5hnastatud garderoobivaha sahtlisse v\u00f5i riputage see t\u00e4nu puuvillasele paelale riidepuule v\u00f5i riidepuuvardale, et aroom t\u00f5husalt hajuks.<br \/>\n\u2013 Hoidke l\u00f5hnastatud garderoobivaha otsese p\u00e4ikesevalguse, radiaatorite ja muude soojusallikate eest kaitstult. Liigne kuumus v\u00f5ib l\u00f5hnastatud garderoobivaha sulatada.<\/p>\n<p>Soovitame hoida neid lastele ja lemmikloomadele k\u00e4ttesaamatus kohas ning eemal soojusallikatest.<\/p>","protected":false},"excerpt":{"rendered":"<p>Need vahaplaadid on loodud kappide ja sahtlite l\u00f5hnastamiseks. T\u00e4nu puuvillasele paelale saab seda riputada riidepuule, kapivardale v\u00f5i lihtsalt sahtlisse panna.<\/p>\n<p>See j\u00f5ulu eriv\u00e4ljaanne on suurep\u00e4rane viis, kuidas j\u00f5ulu l\u00f5hn tuppa tuua. Miks mitte riputada ka puu k\u00fclge ehteks ja samal ajal nautida talviseid l\u00f5hnu oma ruumis. Need on tuntud selle poolest, et s\u00e4ilitavad oma l\u00f5hna \u00fcle 6 kuu, isegi kuni aasta.<\/p>\n<p>Kinkekomplekt &#8211; mille sees 5 vahaplaati.<\/p>","protected":false},"featured_media":1856220,"comment_status":"open","ping_status":"closed","template":"","meta":[],"product_brand":[],"product_cat":[954,949,491,42,44],"product_tag":[492,279,421,241],"class_list":{"0":"post-1856206","1":"product","2":"type-product","3":"status-publish","4":"has-post-thumbnail","6":"product_cat-joulu-kinkekomplektid","7":"product_cat-jouluehted","8":"product_cat-joulueri","9":"product_cat-kodusisustus","10":"product_cat-ruumilohnastajad","11":"product_tag-joulud","12":"product_tag-kinkekomplekt","13":"product_tag-ruumilohnastaja","14":"product_tag-vahapala","16":"first","17":"instock","18":"taxable","19":"shipping-taxable","20":"purchasable","21":"product-type-simple"},"yoast_head":"<!-- This site is optimized with the Yoast SEO plugin v27.3 - https:\/\/yoast.com\/product\/yoast-seo-wordpress\/ -->\n<title>Eleven People ruumil\u00f5hnastaja vahaplaadid, 5ne kinkekomplekt - RUUBY<\/title>\n<meta name=\"robots\" content=\"index, follow, max-snippet:-1, max-image-preview:large, max-video-preview:-1\" \/>\n<link rel=\"canonical\" href=\"https:\/\/ruuby.ee\/en\/pood\/joulueri\/jouluehted\/eleven-people-joulu-ruumilohnastaja-vahaplaadid-5ne-kinkekomplekt\/\" \/>\n<meta property=\"og:locale\" content=\"en_GB\" \/>\n<meta property=\"og:type\" content=\"article\" \/>\n<meta property=\"og:title\" content=\"Eleven People ruumil\u00f5hnastaja vahaplaadid, 5ne kinkekomplekt - RUUBY\" \/>\n<meta property=\"og:description\" content=\"Need vahaplaadid on loodud kappide ja sahtlite l\u00f5hnastamiseks. T\u00e4nu puuvillasele paelale saab seda riputada riidepuule, kapivardale v\u00f5i lihtsalt sahtlisse panna.  See j\u00f5ulu eriv\u00e4ljaanne on suurep\u00e4rane viis, kuidas j\u00f5ulu l\u00f5hn tuppa tuua. Miks mitte riputada ka puu k\u00fclge ehteks ja samal ajal nautida talviseid l\u00f5hnu oma ruumis. Need on tuntud selle poolest, et s\u00e4ilitavad oma l\u00f5hna \u00fcle 6 kuu, isegi kuni aasta.  Kinkekomplekt - mille sees 5 vahaplaati.\" \/>\n<meta property=\"og:url\" content=\"https:\/\/ruuby.ee\/en\/pood\/joulueri\/jouluehted\/eleven-people-joulu-ruumilohnastaja-vahaplaadid-5ne-kinkekomplekt\/\" \/>\n<meta property=\"og:site_name\" content=\"RUUBY\" \/>\n<meta property=\"article:publisher\" content=\"https:\/\/www.facebook.com\/ruubyconcept\" \/>\n<meta property=\"article:modified_time\" content=\"2026-04-07T22:28:22+00:00\" \/>\n<meta property=\"og:image\" content=\"https:\/\/ruuby.ee\/wp-content\/uploads\/2025\/10\/Screenshot-2025-10-08-at-14.41.29.png\" \/>\n\t<meta property=\"og:image:width\" content=\"740\" \/>\n\t<meta property=\"og:image:height\" content=\"982\" \/>\n\t<meta property=\"og:image:type\" content=\"image\/png\" \/>\n<meta name=\"twitter:card\" content=\"summary_large_image\" \/>\n<meta name=\"twitter:label1\" content=\"Estimated reading time\" \/>\n\t<meta name=\"twitter:data1\" content=\"1 minute\" \/>\n<script type=\"application\/ld+json\" class=\"yoast-schema-graph\">{\"@context\":\"https:\\\/\\\/schema.org\",\"@graph\":[{\"@type\":[\"WebPage\",\"ItemPage\"],\"@id\":\"https:\\\/\\\/ruuby.ee\\\/pood\\\/joulueri\\\/jouluehted\\\/eleven-people-joulu-ruumilohnastaja-vahaplaadid-5ne-kinkekomplekt\\\/\",\"url\":\"https:\\\/\\\/ruuby.ee\\\/pood\\\/joulueri\\\/jouluehted\\\/eleven-people-joulu-ruumilohnastaja-vahaplaadid-5ne-kinkekomplekt\\\/\",\"name\":\"Eleven People ruumil\u00f5hnastaja vahaplaadid, 5ne kinkekomplekt - RUUBY\",\"isPartOf\":{\"@id\":\"http:\\\/\\\/ruuby.ee\\\/en\\\/#website\"},\"primaryImageOfPage\":{\"@id\":\"https:\\\/\\\/ruuby.ee\\\/pood\\\/joulueri\\\/jouluehted\\\/eleven-people-joulu-ruumilohnastaja-vahaplaadid-5ne-kinkekomplekt\\\/#primaryimage\"},\"image\":{\"@id\":\"https:\\\/\\\/ruuby.ee\\\/pood\\\/joulueri\\\/jouluehted\\\/eleven-people-joulu-ruumilohnastaja-vahaplaadid-5ne-kinkekomplekt\\\/#primaryimage\"},\"thumbnailUrl\":\"http:\\\/\\\/ruuby.ee\\\/wp-content\\\/uploads\\\/2025\\\/10\\\/Screenshot-2025-10-08-at-14.41.29.png\",\"datePublished\":\"2025-10-08T11:10:17+00:00\",\"dateModified\":\"2026-04-07T22:28:22+00:00\",\"breadcrumb\":{\"@id\":\"https:\\\/\\\/ruuby.ee\\\/pood\\\/joulueri\\\/jouluehted\\\/eleven-people-joulu-ruumilohnastaja-vahaplaadid-5ne-kinkekomplekt\\\/#breadcrumb\"},\"inLanguage\":\"en-GB\",\"potentialAction\":[{\"@type\":\"ReadAction\",\"target\":[\"https:\\\/\\\/ruuby.ee\\\/pood\\\/joulueri\\\/jouluehted\\\/eleven-people-joulu-ruumilohnastaja-vahaplaadid-5ne-kinkekomplekt\\\/\"]}]},{\"@type\":\"ImageObject\",\"inLanguage\":\"en-GB\",\"@id\":\"https:\\\/\\\/ruuby.ee\\\/pood\\\/joulueri\\\/jouluehted\\\/eleven-people-joulu-ruumilohnastaja-vahaplaadid-5ne-kinkekomplekt\\\/#primaryimage\",\"url\":\"http:\\\/\\\/ruuby.ee\\\/wp-content\\\/uploads\\\/2025\\\/10\\\/Screenshot-2025-10-08-at-14.41.29.png\",\"contentUrl\":\"http:\\\/\\\/ruuby.ee\\\/wp-content\\\/uploads\\\/2025\\\/10\\\/Screenshot-2025-10-08-at-14.41.29.png\",\"width\":740,\"height\":982},{\"@type\":\"BreadcrumbList\",\"@id\":\"https:\\\/\\\/ruuby.ee\\\/pood\\\/joulueri\\\/jouluehted\\\/eleven-people-joulu-ruumilohnastaja-vahaplaadid-5ne-kinkekomplekt\\\/#breadcrumb\",\"itemListElement\":[{\"@type\":\"ListItem\",\"position\":1,\"name\":\"Kdu\",\"item\":\"http:\\\/\\\/ruuby.ee\\\/en\\\/\"},{\"@type\":\"ListItem\",\"position\":2,\"name\":\"Pood\",\"item\":\"http:\\\/\\\/ruuby.ee\\\/en\\\/pood\\\/\"},{\"@type\":\"ListItem\",\"position\":3,\"name\":\"Eleven People ruumil\u00f5hnastaja vahaplaadid, 5ne kinkekomplekt\"}]},{\"@type\":\"WebSite\",\"@id\":\"http:\\\/\\\/ruuby.ee\\\/en\\\/#website\",\"url\":\"http:\\\/\\\/ruuby.ee\\\/en\\\/\",\"name\":\"RUUBY\",\"description\":\"Ruubys on \u00fchendatud elustiil ja disain\",\"publisher\":{\"@id\":\"http:\\\/\\\/ruuby.ee\\\/en\\\/#organization\"},\"alternateName\":\"Ruuby Disain\",\"potentialAction\":[{\"@type\":\"SearchAction\",\"target\":{\"@type\":\"EntryPoint\",\"urlTemplate\":\"http:\\\/\\\/ruuby.ee\\\/en\\\/?s={search_term_string}\"},\"query-input\":{\"@type\":\"PropertyValueSpecification\",\"valueRequired\":true,\"valueName\":\"search_term_string\"}}],\"inLanguage\":\"en-GB\"},{\"@type\":\"Organization\",\"@id\":\"http:\\\/\\\/ruuby.ee\\\/en\\\/#organization\",\"name\":\"Ruuby Disain O\u00dc\",\"alternateName\":\"Ruuby\",\"url\":\"http:\\\/\\\/ruuby.ee\\\/en\\\/\",\"logo\":{\"@type\":\"ImageObject\",\"inLanguage\":\"en-GB\",\"@id\":\"http:\\\/\\\/ruuby.ee\\\/en\\\/#\\\/schema\\\/logo\\\/image\\\/\",\"url\":\"http:\\\/\\\/ruuby.ee\\\/wp-content\\\/uploads\\\/2023\\\/06\\\/cropped-Black-White-Elegant-Circle-Signature-Fashion-Logo-12_large.png\",\"contentUrl\":\"http:\\\/\\\/ruuby.ee\\\/wp-content\\\/uploads\\\/2023\\\/06\\\/cropped-Black-White-Elegant-Circle-Signature-Fashion-Logo-12_large.png\",\"width\":1280,\"height\":747,\"caption\":\"Ruuby Disain O\u00dc\"},\"image\":{\"@id\":\"http:\\\/\\\/ruuby.ee\\\/en\\\/#\\\/schema\\\/logo\\\/image\\\/\"},\"sameAs\":[\"https:\\\/\\\/www.facebook.com\\\/ruubyconcept\",\"https:\\\/\\\/www.instagram.com\\\/ruuby_concept\\\/\"]}]}<\/script>\n<!-- \/ Yoast SEO plugin. -->","yoast_head_json":{"title":"Eleven People ruumil\u00f5hnastaja vahaplaadid, 5ne kinkekomplekt - RUUBY","robots":{"index":"index","follow":"follow","max-snippet":"max-snippet:-1","max-image-preview":"max-image-preview:large","max-video-preview":"max-video-preview:-1"},"canonical":"https:\/\/ruuby.ee\/en\/pood\/joulueri\/jouluehted\/eleven-people-joulu-ruumilohnastaja-vahaplaadid-5ne-kinkekomplekt\/","og_locale":"en_GB","og_type":"article","og_title":"Eleven People ruumil\u00f5hnastaja vahaplaadid, 5ne kinkekomplekt - RUUBY","og_description":"Need vahaplaadid on loodud kappide ja sahtlite l\u00f5hnastamiseks. T\u00e4nu puuvillasele paelale saab seda riputada riidepuule, kapivardale v\u00f5i lihtsalt sahtlisse panna.  See j\u00f5ulu eriv\u00e4ljaanne on suurep\u00e4rane viis, kuidas j\u00f5ulu l\u00f5hn tuppa tuua. Miks mitte riputada ka puu k\u00fclge ehteks ja samal ajal nautida talviseid l\u00f5hnu oma ruumis. Need on tuntud selle poolest, et s\u00e4ilitavad oma l\u00f5hna \u00fcle 6 kuu, isegi kuni aasta.  Kinkekomplekt - mille sees 5 vahaplaati.","og_url":"https:\/\/ruuby.ee\/en\/pood\/joulueri\/jouluehted\/eleven-people-joulu-ruumilohnastaja-vahaplaadid-5ne-kinkekomplekt\/","og_site_name":"RUUBY","article_publisher":"https:\/\/www.facebook.com\/ruubyconcept","article_modified_time":"2026-04-07T22:28:22+00:00","og_image":[{"width":740,"height":982,"url":"https:\/\/ruuby.ee\/wp-content\/uploads\/2025\/10\/Screenshot-2025-10-08-at-14.41.29.png","type":"image\/png"}],"twitter_card":"summary_large_image","twitter_misc":{"Estimated reading time":"1 minute"},"schema":{"@context":"https:\/\/schema.org","@graph":[{"@type":["WebPage","ItemPage"],"@id":"https:\/\/ruuby.ee\/pood\/joulueri\/jouluehted\/eleven-people-joulu-ruumilohnastaja-vahaplaadid-5ne-kinkekomplekt\/","url":"https:\/\/ruuby.ee\/pood\/joulueri\/jouluehted\/eleven-people-joulu-ruumilohnastaja-vahaplaadid-5ne-kinkekomplekt\/","name":"Eleven People ruumil\u00f5hnastaja vahaplaadid, 5ne kinkekomplekt - RUUBY","isPartOf":{"@id":"http:\/\/ruuby.ee\/en\/#website"},"primaryImageOfPage":{"@id":"https:\/\/ruuby.ee\/pood\/joulueri\/jouluehted\/eleven-people-joulu-ruumilohnastaja-vahaplaadid-5ne-kinkekomplekt\/#primaryimage"},"image":{"@id":"https:\/\/ruuby.ee\/pood\/joulueri\/jouluehted\/eleven-people-joulu-ruumilohnastaja-vahaplaadid-5ne-kinkekomplekt\/#primaryimage"},"thumbnailUrl":"http:\/\/ruuby.ee\/wp-content\/uploads\/2025\/10\/Screenshot-2025-10-08-at-14.41.29.png","datePublished":"2025-10-08T11:10:17+00:00","dateModified":"2026-04-07T22:28:22+00:00","breadcrumb":{"@id":"https:\/\/ruuby.ee\/pood\/joulueri\/jouluehted\/eleven-people-joulu-ruumilohnastaja-vahaplaadid-5ne-kinkekomplekt\/#breadcrumb"},"inLanguage":"en-GB","potentialAction":[{"@type":"ReadAction","target":["https:\/\/ruuby.ee\/pood\/joulueri\/jouluehted\/eleven-people-joulu-ruumilohnastaja-vahaplaadid-5ne-kinkekomplekt\/"]}]},{"@type":"ImageObject","inLanguage":"en-GB","@id":"https:\/\/ruuby.ee\/pood\/joulueri\/jouluehted\/eleven-people-joulu-ruumilohnastaja-vahaplaadid-5ne-kinkekomplekt\/#primaryimage","url":"http:\/\/ruuby.ee\/wp-content\/uploads\/2025\/10\/Screenshot-2025-10-08-at-14.41.29.png","contentUrl":"http:\/\/ruuby.ee\/wp-content\/uploads\/2025\/10\/Screenshot-2025-10-08-at-14.41.29.png","width":740,"height":982},{"@type":"BreadcrumbList","@id":"https:\/\/ruuby.ee\/pood\/joulueri\/jouluehted\/eleven-people-joulu-ruumilohnastaja-vahaplaadid-5ne-kinkekomplekt\/#breadcrumb","itemListElement":[{"@type":"ListItem","position":1,"name":"Kdu","item":"http:\/\/ruuby.ee\/en\/"},{"@type":"ListItem","position":2,"name":"Pood","item":"http:\/\/ruuby.ee\/en\/pood\/"},{"@type":"ListItem","position":3,"name":"Eleven People ruumil\u00f5hnastaja vahaplaadid, 5ne kinkekomplekt"}]},{"@type":"WebSite","@id":"http:\/\/ruuby.ee\/en\/#website","url":"http:\/\/ruuby.ee\/en\/","name":"RUUBY","description":"Ruubys on \u00fchendatud elustiil ja disain","publisher":{"@id":"http:\/\/ruuby.ee\/en\/#organization"},"alternateName":"Ruuby Disain","potentialAction":[{"@type":"SearchAction","target":{"@type":"EntryPoint","urlTemplate":"http:\/\/ruuby.ee\/en\/?s={search_term_string}"},"query-input":{"@type":"PropertyValueSpecification","valueRequired":true,"valueName":"search_term_string"}}],"inLanguage":"en-GB"},{"@type":"Organization","@id":"http:\/\/ruuby.ee\/en\/#organization","name":"Ruuby Disain O\u00dc","alternateName":"Ruuby","url":"http:\/\/ruuby.ee\/en\/","logo":{"@type":"ImageObject","inLanguage":"en-GB","@id":"http:\/\/ruuby.ee\/en\/#\/schema\/logo\/image\/","url":"http:\/\/ruuby.ee\/wp-content\/uploads\/2023\/06\/cropped-Black-White-Elegant-Circle-Signature-Fashion-Logo-12_large.png","contentUrl":"http:\/\/ruuby.ee\/wp-content\/uploads\/2023\/06\/cropped-Black-White-Elegant-Circle-Signature-Fashion-Logo-12_large.png","width":1280,"height":747,"caption":"Ruuby Disain O\u00dc"},"image":{"@id":"http:\/\/ruuby.ee\/en\/#\/schema\/logo\/image\/"},"sameAs":["https:\/\/www.facebook.com\/ruubyconcept","https:\/\/www.instagram.com\/ruuby_concept\/"]}]}},"jetpack_sharing_enabled":true,"_links":{"self":[{"href":"http:\/\/ruuby.ee\/en\/wp-json\/wp\/v2\/product\/1856206","targetHints":{"allow":["GET"]}}],"collection":[{"href":"http:\/\/ruuby.ee\/en\/wp-json\/wp\/v2\/product"}],"about":[{"href":"http:\/\/ruuby.ee\/en\/wp-json\/wp\/v2\/types\/product"}],"replies":[{"embeddable":true,"href":"http:\/\/ruuby.ee\/en\/wp-json\/wp\/v2\/comments?post=1856206"}],"wp:featuredmedia":[{"embeddable":true,"href":"http:\/\/ruuby.ee\/en\/wp-json\/wp\/v2\/media\/1856220"}],"wp:attachment":[{"href":"http:\/\/ruuby.ee\/en\/wp-json\/wp\/v2\/media?parent=1856206"}],"wp:term":[{"taxonomy":"product_brand","embeddable":true,"href":"http:\/\/ruuby.ee\/en\/wp-json\/wp\/v2\/product_brand?post=1856206"},{"taxonomy":"product_cat","embeddable":true,"href":"http:\/\/ruuby.ee\/en\/wp-json\/wp\/v2\/product_cat?post=1856206"},{"taxonomy":"product_tag","embeddable":true,"href":"http:\/\/ruuby.ee\/en\/wp-json\/wp\/v2\/product_tag?post=1856206"}],"curies":[{"name":"wp","href":"https:\/\/api.w.org\/{rel}","templated":true}]}}