{"id":1856204,"date":"2025-10-08T14:10:04","date_gmt":"2025-10-08T11:10:04","guid":{"rendered":"https:\/\/ruuby.ee\/pood\/maaratlemata\/eleven-people-lohnastatud-garderoobi-vahaplaat-04-genovy-rose-geranium-and-vetiver\/"},"modified":"2026-04-05T01:25:17","modified_gmt":"2026-04-04T22:25:17","slug":"eleven-people-lohnastatud-garderoobi-vahaplaat-04-genovy-rose-geranium-and-vetiver","status":"publish","type":"product","link":"http:\/\/ruuby.ee\/en\/pood\/joulueri\/joulu-kinkekomplektid\/eleven-people-lohnastatud-garderoobi-vahaplaat-04-genovy-rose-geranium-and-vetiver\/","title":{"rendered":"Eleven People l\u00f5hnastatud garderoobi vahaplaat, 04 GENOVY Rose, Geranium and Vetiver"},"content":{"rendered":"<p>Valmistame iga l\u00f5hnavaha \u00f5huv\u00e4rskendaja k\u00e4sitsi ja kaunistame selle botaaniliste elementidega meie stuudios, mis asub Barcias (Santa Eulalia de Oscos), otse biosf\u00e4\u00e4ri kaitseala s\u00fcdames. T\u00f6\u00f6tame taimse sojavaha ja botaaniliste \u00f5lidega, et luua meeldiv ja loomulik aroom. Need on loodud kappide ja sahtlite l\u00f5hnastamiseks. T\u00e4nu puuvillasele paelale saab seda riputada riidepuule, kapivardale v\u00f5i lihtsalt sahtlisse panna. Need on julmusevabad ja veganis\u00f5bralikud. Meie armastus aroomide maailma ja selle seose vastu emotsioonide ja m\u00e4lestustega ajendas meid looma 11 segu, mis on inspireeritud kohtadest, reisidest ja inimestest, kes annavad sellele projektile kuju ja t\u00e4henduse.<\/p>\n<p>Eleven Peoples r\u00e4\u00e4gime aroomide kaudu ja meil on endiselt palju lugusid r\u00e4\u00e4kida.<\/p>\n<p>V\u00e4ike tahke l\u00f5hnavaha: Toote suurus: 6 cm l\u00e4bim\u00f5\u00f5t Ligikaudne kaal: 60 g<\/p>\n<p><strong>Kuidas kasutada:<\/strong><\/p>\n<p>Eleven Peoples soovime jagada m\u00f5ningaid n\u00e4pun\u00e4iteid, mis aitavad teil oma tahketest l\u00f5hnavahadest maksimumi v\u00f5tta. \u2013 Asetage l\u00f5hnastatud garderoobivaha sahtlisse v\u00f5i riputage see t\u00e4nu puuvillasele paelale riidepuule v\u00f5i riidepuuvardale, et aroom t\u00f5husalt hajuks.<br \/>\n\u2013 Hoidke l\u00f5hnastatud garderoobivaha otsese p\u00e4ikesevalguse, radiaatorite ja muude soojusallikate eest kaitstult. Liigne kuumus v\u00f5ib l\u00f5hnastatud garderoobivaha sulatada.<\/p>\n<p>Soovitame hoida neid lastele ja lemmikloomadele k\u00e4ttesaamatus kohas ning eemal soojusallikatest.<\/p>\n<p><strong>L\u00f5hn:<\/strong> Roos, geraanium ja vetiver.<\/p>","protected":false},"excerpt":{"rendered":"<p>Need vahaplaadid on loodud kappide ja sahtlite l\u00f5hnastamiseks. T\u00e4nu puuvillasele paelale saab seda riputada riidepuule, kapivardale v\u00f5i lihtsalt sahtlisse panna.<\/p>\n<p>Need on tuntud selle poolest, et s\u00e4ilitavad oma l\u00f5hna \u00fcle 6 kuu, isegi kuni aasta.<\/p>\n<p>Kinkepakendis.<\/p>","protected":false},"featured_media":1856217,"comment_status":"open","ping_status":"closed","template":"","meta":[],"product_brand":[],"product_cat":[954,491,42,44],"product_tag":[492,279,421,241],"class_list":{"0":"post-1856204","1":"product","2":"type-product","3":"status-publish","4":"has-post-thumbnail","6":"product_cat-joulu-kinkekomplektid","7":"product_cat-joulueri","8":"product_cat-kodusisustus","9":"product_cat-ruumilohnastajad","10":"product_tag-joulud","11":"product_tag-kinkekomplekt","12":"product_tag-ruumilohnastaja","13":"product_tag-vahapala","15":"first","16":"outofstock","17":"taxable","18":"shipping-taxable","19":"purchasable","20":"product-type-simple"},"yoast_head":"<!-- This site is optimized with the Yoast SEO plugin v27.2 - https:\/\/yoast.com\/product\/yoast-seo-wordpress\/ -->\n<title>Eleven People l\u00f5hnastatud garderoobi vahaplaat, 04 GENOVY Rose, Geranium and Vetiver - RUUBY<\/title>\n<meta name=\"robots\" content=\"index, follow, max-snippet:-1, max-image-preview:large, max-video-preview:-1\" \/>\n<link rel=\"canonical\" href=\"https:\/\/ruuby.ee\/en\/pood\/joulueri\/joulu-kinkekomplektid\/eleven-people-lohnastatud-garderoobi-vahaplaat-04-genovy-rose-geranium-and-vetiver\/\" \/>\n<meta property=\"og:locale\" content=\"en_GB\" \/>\n<meta property=\"og:type\" content=\"article\" \/>\n<meta property=\"og:title\" content=\"Eleven People l\u00f5hnastatud garderoobi vahaplaat, 04 GENOVY Rose, Geranium and Vetiver - RUUBY\" \/>\n<meta property=\"og:description\" content=\"Need vahaplaadid on loodud kappide ja sahtlite l\u00f5hnastamiseks. T\u00e4nu puuvillasele paelale saab seda riputada riidepuule, kapivardale v\u00f5i lihtsalt sahtlisse panna.  Need on tuntud selle poolest, et s\u00e4ilitavad oma l\u00f5hna \u00fcle 6 kuu, isegi kuni aasta.  Kinkepakendis.\" \/>\n<meta property=\"og:url\" content=\"https:\/\/ruuby.ee\/en\/pood\/joulueri\/joulu-kinkekomplektid\/eleven-people-lohnastatud-garderoobi-vahaplaat-04-genovy-rose-geranium-and-vetiver\/\" \/>\n<meta property=\"og:site_name\" content=\"RUUBY\" \/>\n<meta property=\"article:publisher\" content=\"https:\/\/www.facebook.com\/ruubyconcept\" \/>\n<meta property=\"article:modified_time\" content=\"2026-04-04T22:25:17+00:00\" \/>\n<meta property=\"og:image\" content=\"https:\/\/ruuby.ee\/wp-content\/uploads\/2025\/10\/Screenshot-2025-10-08-at-14.37.02.png\" \/>\n\t<meta property=\"og:image:width\" content=\"1174\" \/>\n\t<meta property=\"og:image:height\" content=\"1152\" \/>\n\t<meta property=\"og:image:type\" content=\"image\/png\" \/>\n<meta name=\"twitter:card\" content=\"summary_large_image\" \/>\n<meta name=\"twitter:label1\" content=\"Estimated reading time\" \/>\n\t<meta name=\"twitter:data1\" content=\"2 minutes\" \/>\n<script type=\"application\/ld+json\" class=\"yoast-schema-graph\">{\"@context\":\"https:\/\/schema.org\",\"@graph\":[{\"@type\":[\"WebPage\",\"ItemPage\"],\"@id\":\"https:\/\/ruuby.ee\/pood\/joulueri\/joulu-kinkekomplektid\/eleven-people-lohnastatud-garderoobi-vahaplaat-04-genovy-rose-geranium-and-vetiver\/\",\"url\":\"https:\/\/ruuby.ee\/pood\/joulueri\/joulu-kinkekomplektid\/eleven-people-lohnastatud-garderoobi-vahaplaat-04-genovy-rose-geranium-and-vetiver\/\",\"name\":\"Eleven People l\u00f5hnastatud garderoobi vahaplaat, 04 GENOVY Rose, Geranium and Vetiver - RUUBY\",\"isPartOf\":{\"@id\":\"http:\/\/ruuby.ee\/#website\"},\"primaryImageOfPage\":{\"@id\":\"https:\/\/ruuby.ee\/pood\/joulueri\/joulu-kinkekomplektid\/eleven-people-lohnastatud-garderoobi-vahaplaat-04-genovy-rose-geranium-and-vetiver\/#primaryimage\"},\"image\":{\"@id\":\"https:\/\/ruuby.ee\/pood\/joulueri\/joulu-kinkekomplektid\/eleven-people-lohnastatud-garderoobi-vahaplaat-04-genovy-rose-geranium-and-vetiver\/#primaryimage\"},\"thumbnailUrl\":\"http:\/\/ruuby.ee\/wp-content\/uploads\/2025\/10\/Screenshot-2025-10-08-at-14.37.02.png\",\"datePublished\":\"2025-10-08T11:10:04+00:00\",\"dateModified\":\"2026-04-04T22:25:17+00:00\",\"breadcrumb\":{\"@id\":\"https:\/\/ruuby.ee\/pood\/joulueri\/joulu-kinkekomplektid\/eleven-people-lohnastatud-garderoobi-vahaplaat-04-genovy-rose-geranium-and-vetiver\/#breadcrumb\"},\"inLanguage\":\"en-GB\",\"potentialAction\":[{\"@type\":\"ReadAction\",\"target\":[\"https:\/\/ruuby.ee\/pood\/joulueri\/joulu-kinkekomplektid\/eleven-people-lohnastatud-garderoobi-vahaplaat-04-genovy-rose-geranium-and-vetiver\/\"]}]},{\"@type\":\"ImageObject\",\"inLanguage\":\"en-GB\",\"@id\":\"https:\/\/ruuby.ee\/pood\/joulueri\/joulu-kinkekomplektid\/eleven-people-lohnastatud-garderoobi-vahaplaat-04-genovy-rose-geranium-and-vetiver\/#primaryimage\",\"url\":\"http:\/\/ruuby.ee\/wp-content\/uploads\/2025\/10\/Screenshot-2025-10-08-at-14.37.02.png\",\"contentUrl\":\"http:\/\/ruuby.ee\/wp-content\/uploads\/2025\/10\/Screenshot-2025-10-08-at-14.37.02.png\",\"width\":1174,\"height\":1152},{\"@type\":\"BreadcrumbList\",\"@id\":\"https:\/\/ruuby.ee\/pood\/joulueri\/joulu-kinkekomplektid\/eleven-people-lohnastatud-garderoobi-vahaplaat-04-genovy-rose-geranium-and-vetiver\/#breadcrumb\",\"itemListElement\":[{\"@type\":\"ListItem\",\"position\":1,\"name\":\"Kdu\",\"item\":\"http:\/\/ruuby.ee\/\"},{\"@type\":\"ListItem\",\"position\":2,\"name\":\"Pood\",\"item\":\"https:\/\/ruuby.ee\/en\/pood\/\"},{\"@type\":\"ListItem\",\"position\":3,\"name\":\"Eleven People l\u00f5hnastatud garderoobi vahaplaat, 04 GENOVY Rose, Geranium and Vetiver\"}]},{\"@type\":\"WebSite\",\"@id\":\"http:\/\/ruuby.ee\/#website\",\"url\":\"http:\/\/ruuby.ee\/\",\"name\":\"RUUBY\",\"description\":\"Ruubys on \u00fchendatud elustiil ja disain\",\"publisher\":{\"@id\":\"http:\/\/ruuby.ee\/#organization\"},\"alternateName\":\"Ruuby Disain\",\"potentialAction\":[{\"@type\":\"SearchAction\",\"target\":{\"@type\":\"EntryPoint\",\"urlTemplate\":\"http:\/\/ruuby.ee\/?s={search_term_string}\"},\"query-input\":{\"@type\":\"PropertyValueSpecification\",\"valueRequired\":true,\"valueName\":\"search_term_string\"}}],\"inLanguage\":\"en-GB\"},{\"@type\":\"Organization\",\"@id\":\"http:\/\/ruuby.ee\/#organization\",\"name\":\"Ruuby Disain O\u00dc\",\"alternateName\":\"Ruuby\",\"url\":\"http:\/\/ruuby.ee\/\",\"logo\":{\"@type\":\"ImageObject\",\"inLanguage\":\"en-GB\",\"@id\":\"http:\/\/ruuby.ee\/#\/schema\/logo\/image\/\",\"url\":\"http:\/\/ruuby.ee\/wp-content\/uploads\/2023\/06\/cropped-Black-White-Elegant-Circle-Signature-Fashion-Logo-12_large.png\",\"contentUrl\":\"http:\/\/ruuby.ee\/wp-content\/uploads\/2023\/06\/cropped-Black-White-Elegant-Circle-Signature-Fashion-Logo-12_large.png\",\"width\":1280,\"height\":747,\"caption\":\"Ruuby Disain O\u00dc\"},\"image\":{\"@id\":\"http:\/\/ruuby.ee\/#\/schema\/logo\/image\/\"},\"sameAs\":[\"https:\/\/www.facebook.com\/ruubyconcept\",\"https:\/\/www.instagram.com\/ruuby_concept\/\"]}]}<\/script>\n<!-- \/ Yoast SEO plugin. -->","yoast_head_json":{"title":"Eleven People l\u00f5hnastatud garderoobi vahaplaat, 04 GENOVY Rose, Geranium and Vetiver - RUUBY","robots":{"index":"index","follow":"follow","max-snippet":"max-snippet:-1","max-image-preview":"max-image-preview:large","max-video-preview":"max-video-preview:-1"},"canonical":"https:\/\/ruuby.ee\/en\/pood\/joulueri\/joulu-kinkekomplektid\/eleven-people-lohnastatud-garderoobi-vahaplaat-04-genovy-rose-geranium-and-vetiver\/","og_locale":"en_GB","og_type":"article","og_title":"Eleven People l\u00f5hnastatud garderoobi vahaplaat, 04 GENOVY Rose, Geranium and Vetiver - RUUBY","og_description":"Need vahaplaadid on loodud kappide ja sahtlite l\u00f5hnastamiseks. T\u00e4nu puuvillasele paelale saab seda riputada riidepuule, kapivardale v\u00f5i lihtsalt sahtlisse panna.  Need on tuntud selle poolest, et s\u00e4ilitavad oma l\u00f5hna \u00fcle 6 kuu, isegi kuni aasta.  Kinkepakendis.","og_url":"https:\/\/ruuby.ee\/en\/pood\/joulueri\/joulu-kinkekomplektid\/eleven-people-lohnastatud-garderoobi-vahaplaat-04-genovy-rose-geranium-and-vetiver\/","og_site_name":"RUUBY","article_publisher":"https:\/\/www.facebook.com\/ruubyconcept","article_modified_time":"2026-04-04T22:25:17+00:00","og_image":[{"width":1174,"height":1152,"url":"https:\/\/ruuby.ee\/wp-content\/uploads\/2025\/10\/Screenshot-2025-10-08-at-14.37.02.png","type":"image\/png"}],"twitter_card":"summary_large_image","twitter_misc":{"Estimated reading time":"2 minutes"},"schema":{"@context":"https:\/\/schema.org","@graph":[{"@type":["WebPage","ItemPage"],"@id":"https:\/\/ruuby.ee\/pood\/joulueri\/joulu-kinkekomplektid\/eleven-people-lohnastatud-garderoobi-vahaplaat-04-genovy-rose-geranium-and-vetiver\/","url":"https:\/\/ruuby.ee\/pood\/joulueri\/joulu-kinkekomplektid\/eleven-people-lohnastatud-garderoobi-vahaplaat-04-genovy-rose-geranium-and-vetiver\/","name":"Eleven People l\u00f5hnastatud garderoobi vahaplaat, 04 GENOVY Rose, Geranium and Vetiver - RUUBY","isPartOf":{"@id":"http:\/\/ruuby.ee\/#website"},"primaryImageOfPage":{"@id":"https:\/\/ruuby.ee\/pood\/joulueri\/joulu-kinkekomplektid\/eleven-people-lohnastatud-garderoobi-vahaplaat-04-genovy-rose-geranium-and-vetiver\/#primaryimage"},"image":{"@id":"https:\/\/ruuby.ee\/pood\/joulueri\/joulu-kinkekomplektid\/eleven-people-lohnastatud-garderoobi-vahaplaat-04-genovy-rose-geranium-and-vetiver\/#primaryimage"},"thumbnailUrl":"http:\/\/ruuby.ee\/wp-content\/uploads\/2025\/10\/Screenshot-2025-10-08-at-14.37.02.png","datePublished":"2025-10-08T11:10:04+00:00","dateModified":"2026-04-04T22:25:17+00:00","breadcrumb":{"@id":"https:\/\/ruuby.ee\/pood\/joulueri\/joulu-kinkekomplektid\/eleven-people-lohnastatud-garderoobi-vahaplaat-04-genovy-rose-geranium-and-vetiver\/#breadcrumb"},"inLanguage":"en-GB","potentialAction":[{"@type":"ReadAction","target":["https:\/\/ruuby.ee\/pood\/joulueri\/joulu-kinkekomplektid\/eleven-people-lohnastatud-garderoobi-vahaplaat-04-genovy-rose-geranium-and-vetiver\/"]}]},{"@type":"ImageObject","inLanguage":"en-GB","@id":"https:\/\/ruuby.ee\/pood\/joulueri\/joulu-kinkekomplektid\/eleven-people-lohnastatud-garderoobi-vahaplaat-04-genovy-rose-geranium-and-vetiver\/#primaryimage","url":"http:\/\/ruuby.ee\/wp-content\/uploads\/2025\/10\/Screenshot-2025-10-08-at-14.37.02.png","contentUrl":"http:\/\/ruuby.ee\/wp-content\/uploads\/2025\/10\/Screenshot-2025-10-08-at-14.37.02.png","width":1174,"height":1152},{"@type":"BreadcrumbList","@id":"https:\/\/ruuby.ee\/pood\/joulueri\/joulu-kinkekomplektid\/eleven-people-lohnastatud-garderoobi-vahaplaat-04-genovy-rose-geranium-and-vetiver\/#breadcrumb","itemListElement":[{"@type":"ListItem","position":1,"name":"Kdu","item":"http:\/\/ruuby.ee\/"},{"@type":"ListItem","position":2,"name":"Pood","item":"https:\/\/ruuby.ee\/en\/pood\/"},{"@type":"ListItem","position":3,"name":"Eleven People l\u00f5hnastatud garderoobi vahaplaat, 04 GENOVY Rose, Geranium and Vetiver"}]},{"@type":"WebSite","@id":"http:\/\/ruuby.ee\/#website","url":"http:\/\/ruuby.ee\/","name":"RUUBY","description":"Ruubys on \u00fchendatud elustiil ja disain","publisher":{"@id":"http:\/\/ruuby.ee\/#organization"},"alternateName":"Ruuby Disain","potentialAction":[{"@type":"SearchAction","target":{"@type":"EntryPoint","urlTemplate":"http:\/\/ruuby.ee\/?s={search_term_string}"},"query-input":{"@type":"PropertyValueSpecification","valueRequired":true,"valueName":"search_term_string"}}],"inLanguage":"en-GB"},{"@type":"Organization","@id":"http:\/\/ruuby.ee\/#organization","name":"Ruuby Disain O\u00dc","alternateName":"Ruuby","url":"http:\/\/ruuby.ee\/","logo":{"@type":"ImageObject","inLanguage":"en-GB","@id":"http:\/\/ruuby.ee\/#\/schema\/logo\/image\/","url":"http:\/\/ruuby.ee\/wp-content\/uploads\/2023\/06\/cropped-Black-White-Elegant-Circle-Signature-Fashion-Logo-12_large.png","contentUrl":"http:\/\/ruuby.ee\/wp-content\/uploads\/2023\/06\/cropped-Black-White-Elegant-Circle-Signature-Fashion-Logo-12_large.png","width":1280,"height":747,"caption":"Ruuby Disain O\u00dc"},"image":{"@id":"http:\/\/ruuby.ee\/#\/schema\/logo\/image\/"},"sameAs":["https:\/\/www.facebook.com\/ruubyconcept","https:\/\/www.instagram.com\/ruuby_concept\/"]}]}},"jetpack_sharing_enabled":true,"_links":{"self":[{"href":"http:\/\/ruuby.ee\/en\/wp-json\/wp\/v2\/product\/1856204","targetHints":{"allow":["GET"]}}],"collection":[{"href":"http:\/\/ruuby.ee\/en\/wp-json\/wp\/v2\/product"}],"about":[{"href":"http:\/\/ruuby.ee\/en\/wp-json\/wp\/v2\/types\/product"}],"replies":[{"embeddable":true,"href":"http:\/\/ruuby.ee\/en\/wp-json\/wp\/v2\/comments?post=1856204"}],"wp:featuredmedia":[{"embeddable":true,"href":"http:\/\/ruuby.ee\/en\/wp-json\/wp\/v2\/media\/1856217"}],"wp:attachment":[{"href":"http:\/\/ruuby.ee\/en\/wp-json\/wp\/v2\/media?parent=1856204"}],"wp:term":[{"taxonomy":"product_brand","embeddable":true,"href":"http:\/\/ruuby.ee\/en\/wp-json\/wp\/v2\/product_brand?post=1856204"},{"taxonomy":"product_cat","embeddable":true,"href":"http:\/\/ruuby.ee\/en\/wp-json\/wp\/v2\/product_cat?post=1856204"},{"taxonomy":"product_tag","embeddable":true,"href":"http:\/\/ruuby.ee\/en\/wp-json\/wp\/v2\/product_tag?post=1856204"}],"curies":[{"name":"wp","href":"https:\/\/api.w.org\/{rel}","templated":true}]}}